{"id":10166,"date":"2023-12-09T22:15:05","date_gmt":"2023-12-09T20:15:05","guid":{"rendered":"https:\/\/web-staging.gren.com\/est\/?page_id=10166"},"modified":"2024-02-04T20:29:53","modified_gmt":"2024-02-04T18:29:53","slug":"soojussolm","status":"publish","type":"page","link":"https:\/\/gren.com\/ee\/soojussolm\/","title":{"rendered":"Soojuss\u00f5lm"},"content":{"rendered":"<style type=\"text\/css\">.page-hero{padding:140px 0 30px;position:relative}.page-hero-content{max-width:300px}.page-hero h4,.page-hero p{font-size:16px;font-weight:400;line-height:24px}.page-hero .date{margin-top:24px;color:#fff;font-size:20px}.page-hero-video-wrap{position:absolute;top:0;left:0;width:100%;height:100%;z-index:-1;overflow:hidden}.page-hero-video{width:100%;height:100%;object-fit:cover}@media(min-width: 576px){.page-hero-content{max-width:850px}}@media(min-width: 992px){.page-hero{padding:210px 0 64px}.page-hero h4,.page-hero p{font-size:24px;line-height:30px}}\n\n\/*# sourceMappingURL=block-page-hero.min.css.map*\/<\/style><section id=\"page-hero-block_d553c92d1b747f303a6062f561472afb\" class=\"block page-hero\" style=\"background: url(https:\/\/grenweb01.blob.core.windows.net\/gren-web-prod\/sites\/4\/2024\/01\/Gren-Still-04-V4-web-scaled-1.jpg) no-repeat center\/cover\">\n\t<div class=\"container\"  data-block-animate>\n\t\t\t\t\t<div class=\"page-hero-content text-wrap\"  data-animate-part>\n\t\t\t\t<h1><span style=\"color: #18213b\"> Soojuss\u00f5lm <\/span><\/h1>\n\n                \t\t\t<\/div>\n\t\t\t<\/div>\n<\/section>\n\n<style type=\"text\/css\">.zig-zag{padding:0;position:relative;overflow-y:hidden}.zig-zag.bg-dark-green,.zig-zag.bg-dark-red{color:#fff}.zig-zag.bg-light-green a{color:#fff}.zig-zag.bg-light-green a:after{background-color:#fff}.zig-zag.bg-light-green a:hover:after{background-color:#e8412c}.zig-zag .img-wrap,.zig-zag .text-wrap{width:100%;height:100%}.zig-zag .text-wrap{display:flex;padding:25px 16px 62px 24px;flex-direction:column;justify-content:space-between;align-items:flex-start;min-height:403px}.zig-zag .text-wrap .text{display:flex;flex-direction:column;align-items:flex-start;gap:48px}.zig-zag .text-wrap .text h2{margin:0;font-size:24px;line-height:28px;color:#9cbbba !important}.zig-zag .text-wrap .text h2.light-green{color:#9cbbba !important}.zig-zag .text-wrap .text h2.white{color:#fff !important}.zig-zag .text-wrap .text h2.black{color:#000 !important}.zig-zag .text-wrap p>a{font-weight:700;position:relative;transition:all ease-in-out .3s;margin-top:50px;display:inline-block}.zig-zag .text-wrap p>a:active{color:#9cbbba !important}.zig-zag .img-wrap{position:relative}.zig-zag .img-wrap img{object-fit:cover;object-position:center;width:100%;height:100%}.zig-zag .right-col{height:100%}.zig-zag .right-col p{opacity:.6;margin:12px 0 0}.zig-zag.reversed .row{justify-content:flex-end}@media(max-width: 767.98px){.zig-zag:not(.reversed) .right-col{order:1}.zig-zag:not(.reversed) .left-col{order:2}.zig-zag.reversed .left-col{order:2 !important}.zig-zag.reversed .right-col{order:1 !important}.zig-zag .img-wrap img{min-height:403px}.zig-zag .container{max-width:unset !important;padding:0}}@media(min-width: 768px){.zig-zag:not(.reversed) .left-col .text-wrap{padding-left:0 !important}.zig-zag.reversed .left-col{order:2}.zig-zag.reversed .right-col{order:1;right:unset;left:0}.zig-zag .text-wrap{padding:64px;gap:33px}.zig-zag .text-wrap .text{gap:33px}.zig-zag .text-wrap .text h2{font-size:36px;line-height:38px}.zig-zag .right-col{position:absolute;right:0}}@media(min-width: 992px){.zig-zag .row{gap:0}.zig-zag .text-wrap{padding:64px;max-width:500px}.zig-zag .text-wrap p>a{margin-top:0}.zig-zag .text-wrap p>a:hover{color:#e8412c}}\n\n\/*# sourceMappingURL=block-zig-zag.min.css.map*\/<\/style><section id=\"zig-zag-block_11a2c655c1ce4fbc9a1d5c4127b2d3e9\" class=\"block zig-zag bg-white\">\n    <div class=\"container\" data-block-animate>\n        <div class=\"row g-0\">\n            <div class=\"col-12 col-md-6 left-col\" data-animate-part>\n                <div class=\"text-wrap\"><div class=\"text\"><h3 class=\"black\">Mis on soojuss\u00f5lm?<\/h2><div><p>Kaugk\u00fctteteenuse tarbijaks saamise \u00fcheks eelduseks on soojuss\u00f5lme paigaldamine hoonesse. Kaasaegne automaatjuhtimisega <strong>soojuss\u00f5lm on seade \u00f6konoomseks hoone k\u00fctmiseks<\/strong> ning ventilatsiooni, sooja tarbevee ja muude k\u00fcttes\u00fcsteemide soojuskandja parameetrite reguleerimiseks. Hoone suurusest ja vajadustest l\u00e4htuvalt, on vajalik paigaldada vastavatele parameetritele sobiv soojuss\u00f5lm.<br \/>\n<strong>Soojuss\u00f5lm eraldab soojusvahetite abil tarbimiskoha sises\u00fcsteemid kaugk\u00fcttev\u00f5rgust, tagades:<\/strong><\/p>\n<p>\u2022 tarbijaseadmete ohutu kasutamise;<br \/>\n\u2022 avariiliste v\u00f5rgukatkestuste korral hoone k\u00fcttes\u00fcsteemi mittet\u00fchjenemise;<br \/>\n\u2022 kaugk\u00fcttes\u00fcsteemi kaudu \u00f5hu sattumise k\u00fcttes\u00fcsteemi;<br \/>\n\u2022 k\u00fcttes\u00fcsteemide t\u00e4psema reguleerimise.<\/p>\n<\/div><\/div>                                                    <\/div>            <\/div><!--\/.col-->\n            <div class=\"col-12 col-md-6 right-col\" data-animate-part>\n                <div class=\"img-wrap\"><img data-lazy-src=\"https:\/\/grenweb01.blob.core.windows.net\/gren-web-prod\/sites\/4\/2024\/01\/aida-5-soojussolm-2048x1155-1.jpeg\" alt=\"\"  \/><\/div>            <\/div><!--\/.col-->\n        <\/div>\n    <\/div>\n<\/section>\n\n<style type=\"text\/css\">.full-width-written-content p>a{font-weight:700}\n\n\/*# sourceMappingURL=block-full-width-written-content.min.css.map*\/<\/style><section id=\"full-width-written-content-block_0a822a775740354f8dd5f7bed762d16d\" class=\"block full-width-written-content\">\n\t<div class=\"container\" data-block-animate>\n\t\t<div class=\"text-wrap\" data-animate-part><div>\n<div class=\" rich-text\">\n<h3>Investeering kaasaegsesse soojuss\u00f5lme annab v\u00f5imaluse:<\/h3>\n<ul>\n<li>juhtida k\u00fcttes\u00fcsteeme vastavalt tarbija soovidele;<\/li>\n<li>s\u00e4\u00e4sta energiat;<\/li>\n<li>juhtida tarbijaseadmeid s\u00f5ltumata asukohast.<\/li>\n<\/ul>\n<p><strong>Kaugk\u00fcttesse l\u00fclitatud hoone soojuss\u00f5lme koosseisu kuuluvad (n\u00e4iteks):<\/strong><\/p>\n<ul>\n<li>k\u00fcttevee soojusvaheti;<\/li>\n<li>soojusvaheti sooja tarbevee tootmiseks;<\/li>\n<li>k\u00fcttevee ringluspump;<\/li>\n<li>sooja vee ringluspump;<\/li>\n<li>k\u00fcttevee regulaator koos vee, v\u00e4lis\u00f5hu temperatuurianduritega ning kellaga;<\/li>\n<li>sooja vee regulaator;<\/li>\n<li>sulgarmatuur;<\/li>\n<li>tagasil\u00f6\u00f6giklapid;<\/li>\n<li>sooja vee m\u00f5\u00f5tja sooja tarbeveega soojuss\u00f5lmes.<\/li>\n<\/ul>\n<\/div>\n<\/div>\n<\/div>\t<\/div>\n<\/section>","protected":false},"excerpt":{"rendered":"","protected":false},"author":10,"featured_media":0,"parent":0,"menu_order":0,"comment_status":"closed","ping_status":"closed","template":"","meta":{"_acf_changed":false,"footnotes":""},"class_list":["post-10166","page","type-page","status-publish","hentry"],"acf":[],"yoast_head":"<!-- This site is optimized with the Yoast SEO plugin v26.8 - https:\/\/yoast.com\/product\/yoast-seo-wordpress\/ -->\n<title>Soojuss\u00f5lm - Gren Eesti<\/title>\n<meta name=\"description\" content=\"Kaasaegne automaatjuhtimisega soojuss\u00f5lm on seade \u00f6konoomseks hoone k\u00fctmiseks ning ventilatsiooni, sooja tarbevee ja muude k\u00fcttes\u00fcsteemide soojuskandja parameetrite reguleerimiseks.\" \/>\n<meta name=\"robots\" content=\"index, follow, max-snippet:-1, max-image-preview:large, max-video-preview:-1\" \/>\n<link rel=\"canonical\" href=\"https:\/\/gren.com\/ee\/soojussolm\/\" \/>\n<meta property=\"og:locale\" content=\"en_US\" \/>\n<meta property=\"og:type\" content=\"article\" \/>\n<meta property=\"og:title\" content=\"Soojuss\u00f5lm - Gren Eesti\" \/>\n<meta property=\"og:description\" content=\"Kaasaegne automaatjuhtimisega soojuss\u00f5lm on seade \u00f6konoomseks hoone k\u00fctmiseks ning ventilatsiooni, sooja tarbevee ja muude k\u00fcttes\u00fcsteemide soojuskandja parameetrite reguleerimiseks.\" \/>\n<meta property=\"og:url\" content=\"https:\/\/gren.com\/ee\/soojussolm\/\" \/>\n<meta property=\"og:site_name\" content=\"Gren Eesti\" \/>\n<meta property=\"article:modified_time\" content=\"2024-02-04T18:29:53+00:00\" \/>\n<meta name=\"twitter:card\" content=\"summary_large_image\" \/>\n<meta name=\"twitter:label1\" content=\"Est. reading time\" \/>\n\t<meta name=\"twitter:data1\" content=\"1 minute\" \/>\n<script type=\"application\/ld+json\" class=\"yoast-schema-graph\">{\"@context\":\"https:\/\/schema.org\",\"@graph\":[{\"@type\":\"WebPage\",\"@id\":\"https:\/\/gren.com\/ee\/soojussolm\/\",\"url\":\"https:\/\/gren.com\/ee\/soojussolm\/\",\"name\":\"Soojuss\u00f5lm - Gren Eesti\",\"isPartOf\":{\"@id\":\"https:\/\/gren.com\/ee\/#website\"},\"datePublished\":\"2023-12-09T20:15:05+00:00\",\"dateModified\":\"2024-02-04T18:29:53+00:00\",\"description\":\"Kaasaegne automaatjuhtimisega soojuss\u00f5lm on seade \u00f6konoomseks hoone k\u00fctmiseks ning ventilatsiooni, sooja tarbevee ja muude k\u00fcttes\u00fcsteemide soojuskandja parameetrite reguleerimiseks.\",\"breadcrumb\":{\"@id\":\"https:\/\/gren.com\/ee\/soojussolm\/#breadcrumb\"},\"inLanguage\":\"en-US\",\"potentialAction\":[{\"@type\":\"ReadAction\",\"target\":[\"https:\/\/gren.com\/ee\/soojussolm\/\"]}]},{\"@type\":\"BreadcrumbList\",\"@id\":\"https:\/\/gren.com\/ee\/soojussolm\/#breadcrumb\",\"itemListElement\":[{\"@type\":\"ListItem\",\"position\":1,\"name\":\"Home\",\"item\":\"https:\/\/gren.com\/ee\/\"},{\"@type\":\"ListItem\",\"position\":2,\"name\":\"Soojuss\u00f5lm\"}]},{\"@type\":\"WebSite\",\"@id\":\"https:\/\/gren.com\/ee\/#website\",\"url\":\"https:\/\/gren.com\/ee\/\",\"name\":\"Gren Eesti\",\"description\":\"Me oleme rohelise energia ettev\u00f5te\",\"potentialAction\":[{\"@type\":\"SearchAction\",\"target\":{\"@type\":\"EntryPoint\",\"urlTemplate\":\"https:\/\/gren.com\/ee\/?s={search_term_string}\"},\"query-input\":{\"@type\":\"PropertyValueSpecification\",\"valueRequired\":true,\"valueName\":\"search_term_string\"}}],\"inLanguage\":\"en-US\"}]}<\/script>\n<!-- \/ Yoast SEO plugin. -->","yoast_head_json":{"title":"Soojuss\u00f5lm - Gren Eesti","description":"Kaasaegne automaatjuhtimisega soojuss\u00f5lm on seade \u00f6konoomseks hoone k\u00fctmiseks ning ventilatsiooni, sooja tarbevee ja muude k\u00fcttes\u00fcsteemide soojuskandja parameetrite reguleerimiseks.","robots":{"index":"index","follow":"follow","max-snippet":"max-snippet:-1","max-image-preview":"max-image-preview:large","max-video-preview":"max-video-preview:-1"},"canonical":"https:\/\/gren.com\/ee\/soojussolm\/","og_locale":"en_US","og_type":"article","og_title":"Soojuss\u00f5lm - Gren Eesti","og_description":"Kaasaegne automaatjuhtimisega soojuss\u00f5lm on seade \u00f6konoomseks hoone k\u00fctmiseks ning ventilatsiooni, sooja tarbevee ja muude k\u00fcttes\u00fcsteemide soojuskandja parameetrite reguleerimiseks.","og_url":"https:\/\/gren.com\/ee\/soojussolm\/","og_site_name":"Gren Eesti","article_modified_time":"2024-02-04T18:29:53+00:00","twitter_card":"summary_large_image","twitter_misc":{"Est. reading time":"1 minute"},"schema":{"@context":"https:\/\/schema.org","@graph":[{"@type":"WebPage","@id":"https:\/\/gren.com\/ee\/soojussolm\/","url":"https:\/\/gren.com\/ee\/soojussolm\/","name":"Soojuss\u00f5lm - Gren Eesti","isPartOf":{"@id":"https:\/\/gren.com\/ee\/#website"},"datePublished":"2023-12-09T20:15:05+00:00","dateModified":"2024-02-04T18:29:53+00:00","description":"Kaasaegne automaatjuhtimisega soojuss\u00f5lm on seade \u00f6konoomseks hoone k\u00fctmiseks ning ventilatsiooni, sooja tarbevee ja muude k\u00fcttes\u00fcsteemide soojuskandja parameetrite reguleerimiseks.","breadcrumb":{"@id":"https:\/\/gren.com\/ee\/soojussolm\/#breadcrumb"},"inLanguage":"en-US","potentialAction":[{"@type":"ReadAction","target":["https:\/\/gren.com\/ee\/soojussolm\/"]}]},{"@type":"BreadcrumbList","@id":"https:\/\/gren.com\/ee\/soojussolm\/#breadcrumb","itemListElement":[{"@type":"ListItem","position":1,"name":"Home","item":"https:\/\/gren.com\/ee\/"},{"@type":"ListItem","position":2,"name":"Soojuss\u00f5lm"}]},{"@type":"WebSite","@id":"https:\/\/gren.com\/ee\/#website","url":"https:\/\/gren.com\/ee\/","name":"Gren Eesti","description":"Me oleme rohelise energia ettev\u00f5te","potentialAction":[{"@type":"SearchAction","target":{"@type":"EntryPoint","urlTemplate":"https:\/\/gren.com\/ee\/?s={search_term_string}"},"query-input":{"@type":"PropertyValueSpecification","valueRequired":true,"valueName":"search_term_string"}}],"inLanguage":"en-US"}]}},"_links":{"self":[{"href":"https:\/\/gren.com\/ee\/wp-json\/wp\/v2\/pages\/10166","targetHints":{"allow":["GET"]}}],"collection":[{"href":"https:\/\/gren.com\/ee\/wp-json\/wp\/v2\/pages"}],"about":[{"href":"https:\/\/gren.com\/ee\/wp-json\/wp\/v2\/types\/page"}],"author":[{"embeddable":true,"href":"https:\/\/gren.com\/ee\/wp-json\/wp\/v2\/users\/10"}],"replies":[{"embeddable":true,"href":"https:\/\/gren.com\/ee\/wp-json\/wp\/v2\/comments?post=10166"}],"version-history":[{"count":36,"href":"https:\/\/gren.com\/ee\/wp-json\/wp\/v2\/pages\/10166\/revisions"}],"predecessor-version":[{"id":12631,"href":"https:\/\/gren.com\/ee\/wp-json\/wp\/v2\/pages\/10166\/revisions\/12631"}],"wp:attachment":[{"href":"https:\/\/gren.com\/ee\/wp-json\/wp\/v2\/media?parent=10166"}],"curies":[{"name":"wp","href":"https:\/\/api.w.org\/{rel}","templated":true}]}}