{"id":10186,"date":"2023-12-10T17:57:31","date_gmt":"2023-12-10T15:57:31","guid":{"rendered":"https:\/\/web-staging.gren.com\/est\/?page_id=10186"},"modified":"2024-01-09T14:36:04","modified_gmt":"2024-01-09T12:36:04","slug":"kaugjahutusteenus-ariklientidele","status":"publish","type":"page","link":"https:\/\/gren.com\/ee\/kaugjahutusteenus-ariklientidele\/","title":{"rendered":"Kaugjahutusteenus \u00e4riklientidele"},"content":{"rendered":"<style type=\"text\/css\">.page-hero{padding:140px 0 30px;position:relative}.page-hero-content{max-width:300px}.page-hero h4,.page-hero p{font-size:16px;font-weight:400;line-height:24px}.page-hero .date{margin-top:24px;color:#fff;font-size:20px}.page-hero-video-wrap{position:absolute;top:0;left:0;width:100%;height:100%;z-index:-1;overflow:hidden}.page-hero-video{width:100%;height:100%;object-fit:cover}@media(min-width: 576px){.page-hero-content{max-width:850px}}@media(min-width: 992px){.page-hero{padding:210px 0 64px}.page-hero h4,.page-hero p{font-size:24px;line-height:30px}}\n\n\/*# sourceMappingURL=block-page-hero.min.css.map*\/<\/style><section id=\"page-hero-block_8e3fbac7954eb1621696e5135a3c4ba7\" class=\"block page-hero\" style=\"background: url(https:\/\/grenweb01.blob.core.windows.net\/gren-web-prod\/sites\/4\/2024\/01\/Gren-Still-07-16-9-scaled-1.jpg) no-repeat center\/cover\">\n\t<div class=\"container\"  data-block-animate>\n\t\t\t\t\t<div class=\"page-hero-content text-wrap\"  data-animate-part>\n\t\t\t\t<h1 class=\"page-title\" style=\"text-align: left\"><span style=\"color: #ffffff\"> Kaugjahutus <\/span><\/h1>\n\n                \t\t\t<\/div>\n\t\t\t<\/div>\n<\/section>\n\n<style type=\"text\/css\">.full-width-written-content p>a{font-weight:700}\n\n\/*# sourceMappingURL=block-full-width-written-content.min.css.map*\/<\/style><section id=\"full-width-written-content-block_b9ce239ec438c17132af9579b62bca08\" class=\"block full-width-written-content\">\n\t<div class=\"container\" data-block-animate>\n\t\t<div class=\"text-wrap\" data-animate-part><h3>Mugav ja tasakaalus sisekliima<\/h3>\n<div class=\" rich-text\">\n<p>Kaugjahutus on t\u00f5husalt ja keskkonnas\u00f5bralikult toodetud\u00a0<strong>jahutus hoonete jahutamiseks ja sisekliima tasakaalustamiseks ning hoidmiseks<\/strong>. See on t\u00f5hus, puhas ja mugav jahutusviis avalikele ning \u00e4rihoonetele tiheasustusega piirkondades.\u00a0<strong>Pakume\u00a0kaugjahutusteenust Tartus kesklinna ja L\u00f5unakeskuse piirkonnas ning P\u00e4rnu kesklinnas.<\/strong><\/p>\n<p>Meie Tartu kaugjahutuss\u00fcsteeme on tunnustatud\u00a0<a href=\"https:\/\/epha.ee\/tohus-energia\/\" target=\"_blank\" rel=\"noopener\">t\u00f5husa kaugjahutuse<\/a> m\u00e4rgisega.<\/p>\n<\/div>\n<\/div>\t<\/div>\n<\/section>\n\n<style type=\"text\/css\">.two-column-content{position:relative;padding:48px 0 0;overflow-y:hidden}.two-column-content.bg-dark-green,.two-column-content.bg-dark-red{color:#fff}.two-column-content .img-wrap,.two-column-content .text-wrap{width:100%}.two-column-content .block-background-image img{position:absolute;width:100%;height:100%;object-position:center;object-fit:cover;top:0;left:0}.two-column-content .container{position:relative}.two-column-content .text-wrap{padding:0 16px}.two-column-content .text-wrap ul li{font-size:16px}.two-column-content .text-wrap p>a{font-weight:700;position:relative;transition:all ease-in-out .3s;margin-top:50px;display:inline-block}.two-column-content .text-wrap p>a:active{color:#9cbbba !important}.two-column-content .text-inner{padding:24px 16px;border-radius:4px}.two-column-content .text-inner .btn{display:inline-block}.two-column-content .img-wrap{position:relative;height:100%}.two-column-content .img-wrap img{object-fit:contain;object-position:top;width:100%;height:100%}.two-column-content .with-image .right-col p{opacity:.6;margin:12px 0 0}.two-column-content .right-col img{width:100%}@media(max-width: 767.98px){.two-column-content .container{padding:0}.two-column-content .text-wrap{margin:24px 0}.two-column-content .with-image .right-col{order:1}.two-column-content .with-image .left-col{order:2}.two-column-content.reversed .left-col{order:2 !important}.two-column-content.reversed .right-col{order:1 !important}}@media(min-width: 768px){.two-column-content{padding:32px 0}.two-column-content .img-wrap img{max-height:500px}.two-column-content .only-text .left-col .text-wrap{padding-right:28px !important}.two-column-content .only-text .right-col .text-wrap{padding-left:28px}.two-column-content:not(.reversed) .left-col .text-wrap{padding-right:64px}.two-column-content.reversed .left-col{order:2 !important}.two-column-content.reversed .left-col .text-wrap{padding-left:64px}.two-column-content.reversed .right-col{order:1 !important}}@media(min-width: 992px){.two-column-content .row.with-image .right-col{order:unset}.two-column-content .row.with-image .left-col{order:unset}.two-column-content .text-wrap{justify-self:start}.two-column-content .text-wrap p>a{margin-top:0}.two-column-content .text-wrap p>a:hover{color:#e8412c}.two-column-content.align-middle .col-6{display:flex;align-items:center}.two-column-content.align-bottom .col-6{display:flex;align-items:end}}\n\n\/*# sourceMappingURL=block-two-column-content.min.css.map*\/<\/style><section id=\"two-column-content-block_68c4a03dc5bdebfbe5a816f1a676c9cd\" class=\"block two-column-content bg-white\" data-menu-target>\n        <div class=\"container\" data-block-animate>\n        <div class=\"row g-0 only-text\">\n            <div class=\"col-12 col-md-6 left-col\" data-animate-part>\n                <div class=\"text-wrap\"><div class=\"text-inner\" style=\"\"><h3>Kuidas t\u00f6\u00f6tab kaugjahutus?<\/h3>\n<div class=\" rich-text\">\n<ul>\n<li>Meie kaugjahutuspiirkondaes on jahutuse allikaks:\n<ol>\n<li>Vabajahutusallikas \u2013\u00a0 j\u00f5evesi (Tartus ja P\u00e4rnus)<\/li>\n<li>Jahutusseadmed elektril (Tartus ja P\u00e4rnus \u2013 jahutusjaamadel on omatarbeks paigaldatud p\u00e4ikesepaneelid.<\/li>\n<\/ol>\n<\/li>\n<li>Toodetud jahutuse suuname jahutusv\u00f5rku, kus jahutuse kandjaks on k\u00fclm vesi, mis omakorda j\u00f5uab tarbija hoone jahutuss\u00f5lmeni.<\/li>\n<li>Jahutusvesi voolab l\u00e4bi jahutuss\u00f5lme ning -vaheti ja edastab jahutuse hoone ventilatsioonis\u00fcsteemidesse, mille kaudu puhutakse vastavalt soovidele jahedat \u00f5hku, et tagada ruumides stabiilne sisekliima.<\/li>\n<\/ul>\n<\/div>\n<\/div><\/div>\n            <\/div><!--\/.col-->\n            <div class=\"col-12 col-md-6 right-col\" data-animate-part>\n                <div class=\"text-wrap\"><div class=\"text-inner\" style=\"\"><p>&nbsp;<\/p>\n<p>&nbsp;<\/p>\n<ul>\n<li>Hoone jahutuss\u00f5lmes soojenenud vesi suunatakse tagasi jahutusjaama, kus see uuesti jahutatakse.<\/li>\n<\/ul>\n<p>Meie jahutusjaamad kasutavad jahutuse tootmiseks nii traditsioonilisi t\u00f6\u00f6stuslikke jahutusseadmeid kui ka k\u00fclma looduslikku vett. Erinevate lahenduste paindlik kombineerimine erinevatel aastaaegadel v\u00f5imaldab optimeerida k\u00fclmamasinate t\u00f6\u00f6re\u017eiime ja v\u00f5imsust ning tagab stabiilse varustuskindluse kliendile.<\/p>\n<\/div><\/div>            <\/div><!--\/.col-->\n        <\/div>\n    <\/div>\n<\/section>\n\n<section id=\"full-width-written-content-block_9763d112dd134d94ed24878f6bcf9ddd\" class=\"block full-width-written-content\">\n\t<div class=\"container\" data-block-animate>\n\t\t<div class=\"text-wrap\" data-animate-part><section class=\"bg-warmWhite \">\n<div class=\"component-vertical-spacing component-horizontal-spacing headline-spacing undefined\">\n<div class=\"grid\">\n<h3 class=\"col-12_sm-8\">Kaugjahutuse eelised<\/h3>\n<p>&nbsp;<\/p>\n<\/div>\n<\/div>\n<\/section>\n<ul>\n<li>v\u00e4iksem ruumivajadus, jahutusseadmed on kompaktsed;<\/li>\n<li>v\u00e4iksem elektri v\u00f5imsuse vajadus (v\u00e4iksemad elektrikulud ja peakaitse);<\/li>\n<li>v\u00e4iksem seadmete hooldusvajadus;<\/li>\n<li>jahutusv\u00f5imsuse tagamine reaalsele vajadusele;<\/li>\n<li>puudub m\u00fcra ja vibratsioon;<\/li>\n<li>ohutu, k\u00fclmaaine leke hoones on v\u00e4listatud;<\/li>\n<li>paraneb kohalik keskkond \u2013 puudub m\u00fcra ja vibratsioon, v\u00e4listatud on jahutusainete leke hoones;<\/li>\n<li>v\u00f5rreldes tavaliste lokaalsete jahutusseadmete s\u00fcsteemiga v\u00e4heneb tunduvalt CO2 emissioon.<\/li>\n<\/ul>\n<\/div>\t<\/div>\n<\/section>\n\n<section id=\"two-column-content-block_0103c4e682d3edc2579f287044a786e2\" class=\"block two-column-content bg-light-green\" data-menu-target>\n        <div class=\"container\" data-block-animate>\n        <div class=\"row g-0 with-image\">\n            <div class=\"col-12 col-md-6 left-col\" data-animate-part>\n                <div class=\"text-wrap\"><div class=\"text-inner\" style=\"\"><div>\n<h3>Kaugjahutuse j\u00e4tkusuutlikkus ja m\u00f5ju v\u00f5rreldes lokaalsete lahendustega<\/h3>\n<\/div>\n<\/div><\/div>\n            <\/div><!--\/.col-->\n            <div class=\"col-12 col-md-6 right-col\" data-animate-part>\n                            <\/div><!--\/.col-->\n        <\/div>\n    <\/div>\n<\/section>\n\n<style type=\"text\/css\">.block.statistics{color:#fff;overflow:hidden}.block.statistics .listing-wrap{position:relative;display:flex;flex-wrap:wrap;justify-content:space-between;max-width:900px;margin:0 auto;height:160px}@media(min-width: 768px){.block.statistics .listing-wrap{height:auto;gap:48px 16px}}.block.statistics .listing-wrap .listing-col{position:absolute;width:100%;height:100%}@media(min-width: 768px){.block.statistics .listing-wrap .listing-col{position:relative;width:calc(50% - 8px);height:auto}}.block.statistics .listing-wrap .listing-col .col-wrap{width:100%;display:flex;align-items:center}@media(min-width: 768px){.block.statistics .listing-wrap .listing-col .col-wrap{max-width:305px;margin:0 auto;display:flex}}.block.statistics .statistics-card{opacity:0;width:100%}@media(min-width: 768px){.block.statistics .statistics-card{opacity:1}}.block.statistics .statistics-card h2{font-size:64px;font-weight:700;line-height:68px;white-space:nowrap}@media(min-width: 768px){.block.statistics .statistics-card h2{font-size:48px;font-weight:700;line-height:50px}}.block.statistics .statistics-card img{height:56px;width:auto}.block.statistics .statistics-card .card-top,.block.statistics .statistics-card .card-name,.block.statistics .statistics-card .card-border-wrap{width:60%}@media(min-width: 768px){.block.statistics .statistics-card .card-top,.block.statistics .statistics-card .card-name,.block.statistics .statistics-card .card-border-wrap{width:100%}}.block.statistics .statistics-card .card-top{text-align:right}@media(min-width: 768px){.block.statistics .statistics-card .card-top{display:flex;justify-content:space-between;align-items:baseline;overflow:hidden}}.block.statistics .statistics-card .card-top img{display:none}@media(min-width: 768px){.block.statistics .statistics-card .card-top img{display:block}}.block.statistics .statistics-card .card-border-wrap .card-border{width:calc(100% + 32px);height:5px;background:#e8412c;margin-top:5px;transform:translateX(-32px)}@media(min-width: 768px){.block.statistics .statistics-card .card-border-wrap .card-border{width:100%;transform:translateX(0);margin-top:12px}}.block.statistics .statistics-card .card-name{position:relative;margin-top:12px;font-size:32px;line-height:36px;font-weight:400;text-align:right}@media(min-width: 768px){.block.statistics .statistics-card .card-name{text-align:left;font-size:24px;line-height:30px;margin-top:8px}}.block.statistics .statistics-card .card-name img{position:absolute;right:-20px;bottom:0;transform:translate(100%, 10%)}@media(min-width: 768px){.block.statistics .statistics-card .card-name img{display:none}}\n\n\/*# sourceMappingURL=block-statistics.min.css.map*\/<\/style>\n<section id=\"statistics-block_36e6cf6ca40a8ea01a1a1392eaa9d7c6\" class=\"block statistics bg-light-green\">\n\t<div class=\"container\">\n        <div class=\"statistics-slider listing-wrap\">\n                            <div class=\"listing-col\">\n                    <div class=\"col-wrap\">\n                        <div class=\"statistics-card\" data-speed=\"2\">\n                            <div class=\"card-top\">\n                                                                <h2>70%<\/h2>\n                            <\/div>\n                            <div class=\"card-border-wrap\">\n                                <div class=\"card-border\"><\/div>\n                            <\/div>\n                            <div class=\"card-name\">\n                                v\u00e4heneb elektri vajadus                                                            <\/div>\n                        <\/div>\n                    <\/div>\n                <\/div>\n                            <div class=\"listing-col\">\n                    <div class=\"col-wrap\">\n                        <div class=\"statistics-card\" data-speed=\"2\">\n                            <div class=\"card-top\">\n                                                                <h2>70%<\/h2>\n                            <\/div>\n                            <div class=\"card-border-wrap\">\n                                <div class=\"card-border\"><\/div>\n                            <\/div>\n                            <div class=\"card-name\">\n                                v\u00e4heneb primaarenergia kasutamine                                                            <\/div>\n                        <\/div>\n                    <\/div>\n                <\/div>\n                            <div class=\"listing-col\">\n                    <div class=\"col-wrap\">\n                        <div class=\"statistics-card\" data-speed=\"2\">\n                            <div class=\"card-top\">\n                                                                <h2>70%<\/h2>\n                            <\/div>\n                            <div class=\"card-border-wrap\">\n                                <div class=\"card-border\"><\/div>\n                            <\/div>\n                            <div class=\"card-name\">\n                                v\u00e4henevad CO2 emissioonid                                                            <\/div>\n                        <\/div>\n                    <\/div>\n                <\/div>\n                    <\/div>\n\t<\/div>\n<\/section>\n\n\n<style type=\"text\/css\">.zig-zag{padding:0;position:relative;overflow-y:hidden}.zig-zag.bg-dark-green,.zig-zag.bg-dark-red{color:#fff}.zig-zag.bg-light-green a{color:#fff}.zig-zag.bg-light-green a:after{background-color:#fff}.zig-zag.bg-light-green a:hover:after{background-color:#e8412c}.zig-zag .img-wrap,.zig-zag .text-wrap{width:100%;height:100%}.zig-zag .text-wrap{display:flex;padding:25px 16px 62px 24px;flex-direction:column;justify-content:space-between;align-items:flex-start;min-height:403px}.zig-zag .text-wrap .text{display:flex;flex-direction:column;align-items:flex-start;gap:48px}.zig-zag .text-wrap .text h2{margin:0;font-size:24px;line-height:28px;color:#9cbbba !important}.zig-zag .text-wrap .text h2.light-green{color:#9cbbba !important}.zig-zag .text-wrap .text h2.white{color:#fff !important}.zig-zag .text-wrap .text h2.black{color:#000 !important}.zig-zag .text-wrap p>a{font-weight:700;position:relative;transition:all ease-in-out .3s;margin-top:50px;display:inline-block}.zig-zag .text-wrap p>a:active{color:#9cbbba !important}.zig-zag .img-wrap{position:relative}.zig-zag .img-wrap img{object-fit:cover;object-position:center;width:100%;height:100%}.zig-zag .right-col{height:100%}.zig-zag .right-col p{opacity:.6;margin:12px 0 0}.zig-zag.reversed .row{justify-content:flex-end}@media(max-width: 767.98px){.zig-zag:not(.reversed) .right-col{order:1}.zig-zag:not(.reversed) .left-col{order:2}.zig-zag.reversed .left-col{order:2 !important}.zig-zag.reversed .right-col{order:1 !important}.zig-zag .img-wrap img{min-height:403px}.zig-zag .container{max-width:unset !important;padding:0}}@media(min-width: 768px){.zig-zag:not(.reversed) .left-col .text-wrap{padding-left:0 !important}.zig-zag.reversed .left-col{order:2}.zig-zag.reversed .right-col{order:1;right:unset;left:0}.zig-zag .text-wrap{padding:64px;gap:33px}.zig-zag .text-wrap .text{gap:33px}.zig-zag .text-wrap .text h2{font-size:36px;line-height:38px}.zig-zag .right-col{position:absolute;right:0}}@media(min-width: 992px){.zig-zag .row{gap:0}.zig-zag .text-wrap{padding:64px;max-width:500px}.zig-zag .text-wrap p>a{margin-top:0}.zig-zag .text-wrap p>a:hover{color:#e8412c}}\n\n\/*# sourceMappingURL=block-zig-zag.min.css.map*\/<\/style><section id=\"zig-zag-block_76d1c795043c1937be97d6501ca3a75c\" class=\"block zig-zag bg-white\">\n    <div class=\"container\" data-block-animate>\n        <div class=\"row g-0\">\n            <div class=\"col-12 col-md-6 left-col\" data-animate-part>\n                <div class=\"text-wrap\"><div class=\"text\"><h3 class=\"black\">Liitumine<\/h2><div><h2><a href=\"https:\/\/gren.com\/est\/kaugjahutusega-liitumine-tartus\/\" target=\"_blank\" rel=\"noopener\">Tartus<\/a><\/h2>\n<\/div><\/div>                                                    <\/div>            <\/div><!--\/.col-->\n            <div class=\"col-12 col-md-6 right-col\" data-animate-part>\n                <div class=\"img-wrap\"><img data-lazy-src=\"https:\/\/grenweb01.blob.core.windows.net\/gren-web-production\/2021\/06\/tartu.jpg\" alt=\"\"  \/><\/div>            <\/div><!--\/.col-->\n        <\/div>\n    <\/div>\n<\/section>\n\n<section id=\"zig-zag-block_93d92f86988347d74c0877a896229ed1\" class=\"block zig-zag bg-white reversed\">\n    <div class=\"container\" data-block-animate>\n        <div class=\"row g-0\">\n            <div class=\"col-12 col-md-6 left-col\" data-animate-part>\n                <div class=\"text-wrap\"><div class=\"text\"><h3 class=\"black\">Liitumine<\/h2><div><h2><a href=\"https:\/\/gren.com\/est\/kaugjahutusega-liitumine-parnus\/\" target=\"_blank\" rel=\"noopener\">P\u00e4rnus<\/a><\/h2>\n<\/div><\/div>                                                    <\/div>            <\/div><!--\/.col-->\n            <div class=\"col-12 col-md-6 right-col\" data-animate-part>\n                <div class=\"img-wrap\"><img data-lazy-src=\"https:\/\/grenweb01.blob.core.windows.net\/gren-web-production\/2021\/06\/parnu.jpg\" alt=\"\"  \/><\/div>            <\/div><!--\/.col-->\n        <\/div>\n    <\/div>\n<\/section>","protected":false},"excerpt":{"rendered":"","protected":false},"author":10,"featured_media":0,"parent":0,"menu_order":0,"comment_status":"closed","ping_status":"closed","template":"","meta":{"_acf_changed":false,"footnotes":""},"class_list":["post-10186","page","type-page","status-publish","hentry"],"acf":[],"yoast_head":"<!-- This site is optimized with the Yoast SEO plugin v26.8 - https:\/\/yoast.com\/product\/yoast-seo-wordpress\/ -->\n<title>Kaugjahutusteenus \u00e4riklientidele - Gren Eesti<\/title>\n<meta name=\"robots\" content=\"index, follow, max-snippet:-1, max-image-preview:large, max-video-preview:-1\" \/>\n<link rel=\"canonical\" href=\"https:\/\/gren.com\/ee\/kaugjahutusteenus-ariklientidele\/\" \/>\n<meta property=\"og:locale\" content=\"en_US\" \/>\n<meta property=\"og:type\" content=\"article\" \/>\n<meta property=\"og:title\" content=\"Kaugjahutusteenus \u00e4riklientidele - Gren Eesti\" \/>\n<meta property=\"og:url\" content=\"https:\/\/gren.com\/ee\/kaugjahutusteenus-ariklientidele\/\" \/>\n<meta property=\"og:site_name\" content=\"Gren Eesti\" \/>\n<meta property=\"article:modified_time\" content=\"2024-01-09T12:36:04+00:00\" \/>\n<meta name=\"twitter:card\" content=\"summary_large_image\" \/>\n<meta name=\"twitter:label1\" content=\"Est. reading time\" \/>\n\t<meta name=\"twitter:data1\" content=\"2 minutes\" \/>\n<script type=\"application\/ld+json\" class=\"yoast-schema-graph\">{\"@context\":\"https:\/\/schema.org\",\"@graph\":[{\"@type\":\"WebPage\",\"@id\":\"https:\/\/gren.com\/ee\/kaugjahutusteenus-ariklientidele\/\",\"url\":\"https:\/\/gren.com\/ee\/kaugjahutusteenus-ariklientidele\/\",\"name\":\"Kaugjahutusteenus \u00e4riklientidele - Gren Eesti\",\"isPartOf\":{\"@id\":\"https:\/\/gren.com\/ee\/#website\"},\"datePublished\":\"2023-12-10T15:57:31+00:00\",\"dateModified\":\"2024-01-09T12:36:04+00:00\",\"breadcrumb\":{\"@id\":\"https:\/\/gren.com\/ee\/kaugjahutusteenus-ariklientidele\/#breadcrumb\"},\"inLanguage\":\"en-US\",\"potentialAction\":[{\"@type\":\"ReadAction\",\"target\":[\"https:\/\/gren.com\/ee\/kaugjahutusteenus-ariklientidele\/\"]}]},{\"@type\":\"BreadcrumbList\",\"@id\":\"https:\/\/gren.com\/ee\/kaugjahutusteenus-ariklientidele\/#breadcrumb\",\"itemListElement\":[{\"@type\":\"ListItem\",\"position\":1,\"name\":\"Home\",\"item\":\"https:\/\/gren.com\/ee\/\"},{\"@type\":\"ListItem\",\"position\":2,\"name\":\"Kaugjahutusteenus \u00e4riklientidele\"}]},{\"@type\":\"WebSite\",\"@id\":\"https:\/\/gren.com\/ee\/#website\",\"url\":\"https:\/\/gren.com\/ee\/\",\"name\":\"Gren Eesti\",\"description\":\"Me oleme rohelise energia ettev\u00f5te\",\"potentialAction\":[{\"@type\":\"SearchAction\",\"target\":{\"@type\":\"EntryPoint\",\"urlTemplate\":\"https:\/\/gren.com\/ee\/?s={search_term_string}\"},\"query-input\":{\"@type\":\"PropertyValueSpecification\",\"valueRequired\":true,\"valueName\":\"search_term_string\"}}],\"inLanguage\":\"en-US\"}]}<\/script>\n<!-- \/ Yoast SEO plugin. -->","yoast_head_json":{"title":"Kaugjahutusteenus \u00e4riklientidele - Gren Eesti","robots":{"index":"index","follow":"follow","max-snippet":"max-snippet:-1","max-image-preview":"max-image-preview:large","max-video-preview":"max-video-preview:-1"},"canonical":"https:\/\/gren.com\/ee\/kaugjahutusteenus-ariklientidele\/","og_locale":"en_US","og_type":"article","og_title":"Kaugjahutusteenus \u00e4riklientidele - Gren Eesti","og_url":"https:\/\/gren.com\/ee\/kaugjahutusteenus-ariklientidele\/","og_site_name":"Gren Eesti","article_modified_time":"2024-01-09T12:36:04+00:00","twitter_card":"summary_large_image","twitter_misc":{"Est. reading time":"2 minutes"},"schema":{"@context":"https:\/\/schema.org","@graph":[{"@type":"WebPage","@id":"https:\/\/gren.com\/ee\/kaugjahutusteenus-ariklientidele\/","url":"https:\/\/gren.com\/ee\/kaugjahutusteenus-ariklientidele\/","name":"Kaugjahutusteenus \u00e4riklientidele - Gren Eesti","isPartOf":{"@id":"https:\/\/gren.com\/ee\/#website"},"datePublished":"2023-12-10T15:57:31+00:00","dateModified":"2024-01-09T12:36:04+00:00","breadcrumb":{"@id":"https:\/\/gren.com\/ee\/kaugjahutusteenus-ariklientidele\/#breadcrumb"},"inLanguage":"en-US","potentialAction":[{"@type":"ReadAction","target":["https:\/\/gren.com\/ee\/kaugjahutusteenus-ariklientidele\/"]}]},{"@type":"BreadcrumbList","@id":"https:\/\/gren.com\/ee\/kaugjahutusteenus-ariklientidele\/#breadcrumb","itemListElement":[{"@type":"ListItem","position":1,"name":"Home","item":"https:\/\/gren.com\/ee\/"},{"@type":"ListItem","position":2,"name":"Kaugjahutusteenus \u00e4riklientidele"}]},{"@type":"WebSite","@id":"https:\/\/gren.com\/ee\/#website","url":"https:\/\/gren.com\/ee\/","name":"Gren Eesti","description":"Me oleme rohelise energia ettev\u00f5te","potentialAction":[{"@type":"SearchAction","target":{"@type":"EntryPoint","urlTemplate":"https:\/\/gren.com\/ee\/?s={search_term_string}"},"query-input":{"@type":"PropertyValueSpecification","valueRequired":true,"valueName":"search_term_string"}}],"inLanguage":"en-US"}]}},"_links":{"self":[{"href":"https:\/\/gren.com\/ee\/wp-json\/wp\/v2\/pages\/10186","targetHints":{"allow":["GET"]}}],"collection":[{"href":"https:\/\/gren.com\/ee\/wp-json\/wp\/v2\/pages"}],"about":[{"href":"https:\/\/gren.com\/ee\/wp-json\/wp\/v2\/types\/page"}],"author":[{"embeddable":true,"href":"https:\/\/gren.com\/ee\/wp-json\/wp\/v2\/users\/10"}],"replies":[{"embeddable":true,"href":"https:\/\/gren.com\/ee\/wp-json\/wp\/v2\/comments?post=10186"}],"version-history":[{"count":30,"href":"https:\/\/gren.com\/ee\/wp-json\/wp\/v2\/pages\/10186\/revisions"}],"predecessor-version":[{"id":10993,"href":"https:\/\/gren.com\/ee\/wp-json\/wp\/v2\/pages\/10186\/revisions\/10993"}],"wp:attachment":[{"href":"https:\/\/gren.com\/ee\/wp-json\/wp\/v2\/media?parent=10186"}],"curies":[{"name":"wp","href":"https:\/\/api.w.org\/{rel}","templated":true}]}}