{"id":10212,"date":"2023-12-10T18:16:38","date_gmt":"2023-12-10T16:16:38","guid":{"rendered":"https:\/\/web-staging.gren.com\/est\/?page_id=10212"},"modified":"2024-01-18T14:26:00","modified_gmt":"2024-01-18T12:26:00","slug":"kaugjahutusega-liitumine-tartus","status":"publish","type":"page","link":"https:\/\/gren.com\/ee\/kaugjahutusega-liitumine-tartus\/","title":{"rendered":"Kaugjahutusega liitumine Tartus"},"content":{"rendered":"<style type=\"text\/css\">.page-hero{padding:140px 0 30px;position:relative}.page-hero-content{max-width:300px}.page-hero h4,.page-hero p{font-size:16px;font-weight:400;line-height:24px}.page-hero .date{margin-top:24px;color:#fff;font-size:20px}.page-hero-video-wrap{position:absolute;top:0;left:0;width:100%;height:100%;z-index:-1;overflow:hidden}.page-hero-video{width:100%;height:100%;object-fit:cover}@media(min-width: 576px){.page-hero-content{max-width:850px}}@media(min-width: 992px){.page-hero{padding:210px 0 64px}.page-hero h4,.page-hero p{font-size:24px;line-height:30px}}\n\n\/*# sourceMappingURL=block-page-hero.min.css.map*\/<\/style><section id=\"page-hero-block_f76fb93327dc0fc523c306dc647d5aeb\" class=\"block page-hero\" style=\"background: url(https:\/\/grenweb01.blob.core.windows.net\/gren-web-prod\/sites\/4\/2023\/12\/dc_tartu_gren_6_pptx-e1645432178663.png) no-repeat center\/cover\">\n\t<div class=\"container\"  data-block-animate>\n\t\t\t\t\t<div class=\"page-hero-content text-wrap\"  data-animate-part>\n\t\t\t\t<h1 class=\"page-title\" style=\"text-align: left\"><span style=\"color: #ffffff\">Kaugjahutusega liitumine Tartus<br \/>\n<\/span><\/h1>\n\n                \t\t\t<\/div>\n\t\t\t<\/div>\n<\/section>\n\n<style type=\"text\/css\">.full-width-written-content p>a{font-weight:700}\n\n\/*# sourceMappingURL=block-full-width-written-content.min.css.map*\/<\/style><section id=\"full-width-written-content-block_8da70980e553be238b5ac13ed866e33f\" class=\"block full-width-written-content\">\n\t<div class=\"container\" data-block-animate>\n\t\t<div class=\"text-wrap\" data-animate-part><section class=\"bg-warmWhite \">\n<div class=\"component-vertical-spacing component-horizontal-spacing\">\n<div>\n<div class=\" rich-text\">\n<div>\n<div class=\" rich-text\">\n<h4>Kui soovid liituda kaugjahutusteenusega Tartus, ole hea t\u00e4ida all olev liitumisvorm ja saada see meile. Pakume kaugjahutusteenust Tartus kesklinna ja L\u00f5unakeskuse piirkonnas.<\/h4>\n<\/div>\n<\/div>\n<\/div>\n<\/div>\n<\/div>\n<\/section>\n<section class=\"bg-deepBlue \">\n<div class=\"formComponent__StyledDiv-sc-1ts8shn-0 SlgQm component-vertical-spacing component-horizontal-spacing\">\n<div class=\"grid-center\">\n<div class=\"col-12\"><\/div>\n<\/div>\n<\/div>\n<\/section>\n<\/div>\t<\/div>\n<\/section>\n\n\n\n<section id=\"full-width-written-content-block_764fa9fd306003a40f36e0409908767e\" class=\"block full-width-written-content\">\n\t<div class=\"container\" data-block-animate>\n\t\t<div class=\"text-wrap\" data-animate-part><h2>Liitumisprotsess<\/h2>\n<ol>\n<li>Liitumishuvi jagamine koos hoone andmetega meie m\u00fc\u00fcgitiimiga.<\/li>\n<li>Liitumishuvi andmete t\u00e4psustamine koost\u00f6\u00f6s meie m\u00fc\u00fcgitiimiga.<\/li>\n<li>V\u00f5rgu planeerimine ja liitumishinna arvutamine.<\/li>\n<li>Liitumispakkumise tegemine.<\/li>\n<li>Liitumispakkumise vastuv\u00f5tmisel liitumislepingu s\u00f5lmimine.<\/li>\n<li>V\u00f5rgu projekteerimine vastavalt liitumislepingule.<\/li>\n<li>V\u00f5rgu ehitamine vastavalt lepingus kokkulepitud t\u00e4htajale.<\/li>\n<li>Jahutuss\u00f5lme paigaldamine.<\/li>\n<li>M\u00fc\u00fcgilepingu s\u00f5lmimine ja hoone \u00fchendamine kaugjahutusteenusega.<\/li>\n<\/ol>\n<\/div>\t<\/div>\n<\/section>\n\n<style type=\"text\/css\">.accordion-contacts .listing-wrap{margin-top:32px;display:flex;flex-wrap:wrap;gap:16px}.accordion-contacts .listing-wrap .listing-col{width:100%}@media(min-width: 768px){.accordion-contacts .listing-wrap .listing-col{width:calc(50% - 8px)}}.accordion-contacts .accordion-contact-item button{position:relative;width:100%;padding:24px 48px 24px 24px;background:#d7e4e3;font-size:24px;font-weight:700;line-height:30px;border-radius:8px;border:none;text-align:left}.accordion-contacts .accordion-contact-item button span{margin-right:24px}.accordion-contacts .accordion-contact-item button svg{position:absolute;top:28px;right:24px;width:12px;height:24px;transition:transform .15s}.accordion-contacts .accordion-contact-item button svg path{transition:stroke .3s}@media(min-width: 992px){.accordion-contacts .accordion-contact-item button:hover:hover svg path{stroke:#18213b}}.accordion-contacts .accordion-contact-item .accordion-content{transition:height .35s ease-in-out;overflow:hidden;display:none}.accordion-contacts .accordion-contact-item.is-open button svg{transform:rotate(90deg)}.accordion-contacts .accordion-contact-item.is-open button svg path{stroke:#18213b}.accordion-contacts .accordion-contact-item.is-open .accordion-content{display:block}.accordion-contacts .accordion-contact-card{padding:24px 16px}.accordion-contacts .accordion-contact-card:not(:first-child){border-bottom:1px solid #9cbbba}.accordion-contacts .accordion-contact-card:nth-child(2){border-top:1px solid #9cbbba}.accordion-contacts .accordion-contact-card h4{font-size:24px;line-height:30px}.accordion-contacts .accordion-contact-card a{display:block;font-weight:700;color:#18213b}@media(min-width: 992px){.accordion-contacts .accordion-contact-card a:hover{color:#e8412c}}.accordion-contacts .accordion-contact-card a:first-of-type{margin-top:24px}.accordion-contacts .accordion-contact-card p{margin-top:24px}.accordion-contacts .accordion-contact-card .col-image{width:150px;height:180px;margin-left:16px;overflow:hidden;border-radius:8px}.accordion-contacts .accordion-contact-card .col-image img{object-fit:cover;object-position:center;width:100%;height:100%}\n\n\/*# sourceMappingURL=block-accordion-contacts.min.css.map*\/<\/style><section id=\"accordion-contacts-block_4f348a75b9ddde7eb4619df98e0e414c\" class=\"block accordion-contacts\">\n\t<div class=\"container\" data-block-animate>\n        <div class=\"text-wrap\" data-animate-part>\n            <h3><\/h3>\n        <\/div>\n                    <div class=\"listing-wrap\">\n                                    <div class=\"listing-col\" data-animate-part>\n                        <div class=\"accordion-contact-item\">\n                            <div class=\"accordion-header\">\n                                <button type=\"button\">\n                                    <span>K\u00fcsimuste korral v\u00f5ta \u00fchendust meie m\u00fc\u00fcgispetsialistiga:<\/span>\n                                    <svg width=\"16\" height=\"28\" viewBox=\"0 0 16 28\" fill=\"none\" xmlns=\"http:\/\/www.w3.org\/2000\/svg\">\n                                        <path d=\"M1.49609 2L14.0002 14L1.49609 26\" stroke=\"white\" stroke-width=\"3\" stroke-linecap=\"round\" stroke-linejoin=\"round\"\/>\n                                    <\/svg>\n                                <\/button>\n                            <\/div>\n                            <div class=\"accordion-content\">\n                                <div class=\"accordion-body\">\n                                    \n                                                                                    <div class=\"accordion-contact-card\">\n                                                <div class=\"row flex-nowrap g-0 position-relative\">\n                                                    <div class=\"col\">\n                                                        <h4>J\u00fcri Moltsar<\/h4>\n                                                                                                                                                                                                                                    <a href=\"tel:+372 5400 4803\">\n                                                                +372 5400 4803                                                            <\/a>\n                                                                                                                                                                            <a href=\"mailto:juri.moltsar@gren.com\">\n                                                                juri.moltsar@gren.com                                                            <\/a>\n                                                                                                            <\/div>\n                                                                                                    <\/div>\n\n                                            <\/div>\n                                                                            \n                                <\/div>\n                            <\/div>\n                        <\/div>\n                    <\/div>\n                            <\/div>\n        \t<\/div>\n<\/section>\n","protected":false},"excerpt":{"rendered":"","protected":false},"author":10,"featured_media":0,"parent":0,"menu_order":0,"comment_status":"closed","ping_status":"closed","template":"","meta":{"_acf_changed":false,"footnotes":""},"class_list":["post-10212","page","type-page","status-publish","hentry"],"acf":[],"yoast_head":"<!-- This site is optimized with the Yoast SEO plugin v26.8 - https:\/\/yoast.com\/product\/yoast-seo-wordpress\/ -->\n<title>Kaugjahutusega liitumine Tartus - Gren Eesti<\/title>\n<meta name=\"robots\" content=\"index, follow, max-snippet:-1, max-image-preview:large, max-video-preview:-1\" \/>\n<link rel=\"canonical\" href=\"https:\/\/gren.com\/ee\/kaugjahutusega-liitumine-tartus\/\" \/>\n<meta property=\"og:locale\" content=\"en_US\" \/>\n<meta property=\"og:type\" content=\"article\" \/>\n<meta property=\"og:title\" content=\"Kaugjahutusega liitumine Tartus - Gren Eesti\" \/>\n<meta property=\"og:url\" content=\"https:\/\/gren.com\/ee\/kaugjahutusega-liitumine-tartus\/\" \/>\n<meta property=\"og:site_name\" content=\"Gren Eesti\" \/>\n<meta property=\"article:modified_time\" content=\"2024-01-18T12:26:00+00:00\" \/>\n<meta name=\"twitter:card\" content=\"summary_large_image\" \/>\n<meta name=\"twitter:label1\" content=\"Est. reading time\" \/>\n\t<meta name=\"twitter:data1\" content=\"1 minute\" \/>\n<script type=\"application\/ld+json\" class=\"yoast-schema-graph\">{\"@context\":\"https:\/\/schema.org\",\"@graph\":[{\"@type\":\"WebPage\",\"@id\":\"https:\/\/gren.com\/ee\/kaugjahutusega-liitumine-tartus\/\",\"url\":\"https:\/\/gren.com\/ee\/kaugjahutusega-liitumine-tartus\/\",\"name\":\"Kaugjahutusega liitumine Tartus - Gren Eesti\",\"isPartOf\":{\"@id\":\"https:\/\/gren.com\/ee\/#website\"},\"datePublished\":\"2023-12-10T16:16:38+00:00\",\"dateModified\":\"2024-01-18T12:26:00+00:00\",\"breadcrumb\":{\"@id\":\"https:\/\/gren.com\/ee\/kaugjahutusega-liitumine-tartus\/#breadcrumb\"},\"inLanguage\":\"en-US\",\"potentialAction\":[{\"@type\":\"ReadAction\",\"target\":[\"https:\/\/gren.com\/ee\/kaugjahutusega-liitumine-tartus\/\"]}]},{\"@type\":\"BreadcrumbList\",\"@id\":\"https:\/\/gren.com\/ee\/kaugjahutusega-liitumine-tartus\/#breadcrumb\",\"itemListElement\":[{\"@type\":\"ListItem\",\"position\":1,\"name\":\"Home\",\"item\":\"https:\/\/gren.com\/ee\/\"},{\"@type\":\"ListItem\",\"position\":2,\"name\":\"Kaugjahutusega liitumine Tartus\"}]},{\"@type\":\"WebSite\",\"@id\":\"https:\/\/gren.com\/ee\/#website\",\"url\":\"https:\/\/gren.com\/ee\/\",\"name\":\"Gren Eesti\",\"description\":\"Me oleme rohelise energia ettev\u00f5te\",\"potentialAction\":[{\"@type\":\"SearchAction\",\"target\":{\"@type\":\"EntryPoint\",\"urlTemplate\":\"https:\/\/gren.com\/ee\/?s={search_term_string}\"},\"query-input\":{\"@type\":\"PropertyValueSpecification\",\"valueRequired\":true,\"valueName\":\"search_term_string\"}}],\"inLanguage\":\"en-US\"}]}<\/script>\n<!-- \/ Yoast SEO plugin. -->","yoast_head_json":{"title":"Kaugjahutusega liitumine Tartus - Gren Eesti","robots":{"index":"index","follow":"follow","max-snippet":"max-snippet:-1","max-image-preview":"max-image-preview:large","max-video-preview":"max-video-preview:-1"},"canonical":"https:\/\/gren.com\/ee\/kaugjahutusega-liitumine-tartus\/","og_locale":"en_US","og_type":"article","og_title":"Kaugjahutusega liitumine Tartus - Gren Eesti","og_url":"https:\/\/gren.com\/ee\/kaugjahutusega-liitumine-tartus\/","og_site_name":"Gren Eesti","article_modified_time":"2024-01-18T12:26:00+00:00","twitter_card":"summary_large_image","twitter_misc":{"Est. reading time":"1 minute"},"schema":{"@context":"https:\/\/schema.org","@graph":[{"@type":"WebPage","@id":"https:\/\/gren.com\/ee\/kaugjahutusega-liitumine-tartus\/","url":"https:\/\/gren.com\/ee\/kaugjahutusega-liitumine-tartus\/","name":"Kaugjahutusega liitumine Tartus - Gren Eesti","isPartOf":{"@id":"https:\/\/gren.com\/ee\/#website"},"datePublished":"2023-12-10T16:16:38+00:00","dateModified":"2024-01-18T12:26:00+00:00","breadcrumb":{"@id":"https:\/\/gren.com\/ee\/kaugjahutusega-liitumine-tartus\/#breadcrumb"},"inLanguage":"en-US","potentialAction":[{"@type":"ReadAction","target":["https:\/\/gren.com\/ee\/kaugjahutusega-liitumine-tartus\/"]}]},{"@type":"BreadcrumbList","@id":"https:\/\/gren.com\/ee\/kaugjahutusega-liitumine-tartus\/#breadcrumb","itemListElement":[{"@type":"ListItem","position":1,"name":"Home","item":"https:\/\/gren.com\/ee\/"},{"@type":"ListItem","position":2,"name":"Kaugjahutusega liitumine Tartus"}]},{"@type":"WebSite","@id":"https:\/\/gren.com\/ee\/#website","url":"https:\/\/gren.com\/ee\/","name":"Gren Eesti","description":"Me oleme rohelise energia ettev\u00f5te","potentialAction":[{"@type":"SearchAction","target":{"@type":"EntryPoint","urlTemplate":"https:\/\/gren.com\/ee\/?s={search_term_string}"},"query-input":{"@type":"PropertyValueSpecification","valueRequired":true,"valueName":"search_term_string"}}],"inLanguage":"en-US"}]}},"_links":{"self":[{"href":"https:\/\/gren.com\/ee\/wp-json\/wp\/v2\/pages\/10212","targetHints":{"allow":["GET"]}}],"collection":[{"href":"https:\/\/gren.com\/ee\/wp-json\/wp\/v2\/pages"}],"about":[{"href":"https:\/\/gren.com\/ee\/wp-json\/wp\/v2\/types\/page"}],"author":[{"embeddable":true,"href":"https:\/\/gren.com\/ee\/wp-json\/wp\/v2\/users\/10"}],"replies":[{"embeddable":true,"href":"https:\/\/gren.com\/ee\/wp-json\/wp\/v2\/comments?post=10212"}],"version-history":[{"count":12,"href":"https:\/\/gren.com\/ee\/wp-json\/wp\/v2\/pages\/10212\/revisions"}],"predecessor-version":[{"id":11575,"href":"https:\/\/gren.com\/ee\/wp-json\/wp\/v2\/pages\/10212\/revisions\/11575"}],"wp:attachment":[{"href":"https:\/\/gren.com\/ee\/wp-json\/wp\/v2\/media?parent=10212"}],"curies":[{"name":"wp","href":"https:\/\/api.w.org\/{rel}","templated":true}]}}