{"id":10241,"date":"2023-12-10T20:18:11","date_gmt":"2023-12-10T18:18:11","guid":{"rendered":"https:\/\/web-staging.gren.com\/est\/?page_id=10241"},"modified":"2025-07-24T10:33:14","modified_gmt":"2025-07-24T07:33:14","slug":"elektri-vorguteenus-tartus","status":"publish","type":"page","link":"https:\/\/gren.com\/ee\/elektri-vorguteenus-tartus\/","title":{"rendered":"Elektri v\u00f5rguteenus Tartus"},"content":{"rendered":"<style type=\"text\/css\">.page-hero{padding:140px 0 30px;position:relative}.page-hero-content{max-width:300px}.page-hero h4,.page-hero p{font-size:16px;font-weight:400;line-height:24px}.page-hero .date{margin-top:24px;color:#fff;font-size:20px}.page-hero-video-wrap{position:absolute;top:0;left:0;width:100%;height:100%;z-index:-1;overflow:hidden}.page-hero-video{width:100%;height:100%;object-fit:cover}@media(min-width: 576px){.page-hero-content{max-width:850px}}@media(min-width: 992px){.page-hero{padding:210px 0 64px}.page-hero h4,.page-hero p{font-size:24px;line-height:30px}}\n\n\/*# sourceMappingURL=block-page-hero.min.css.map*\/<\/style><section id=\"page-hero-block_e3daf77a99b4ab286d02bb6c1725a8eb\" class=\"block page-hero\" style=\"background: url(https:\/\/grenweb01.blob.core.windows.net\/gren-web-prod\/sites\/4\/2024\/01\/Gren-Still-01-16-9-V2-scaled-1.jpg) no-repeat center\/cover\">\n\t<div class=\"container\"  data-block-animate>\n\t\t\t\t\t<div class=\"page-hero-content text-wrap\"  data-animate-part>\n\t\t\t\t<section class=\"bg-warmWhite \">\n<div class=\"component-vertical-spacing component-horizontal-spacing headline-spacing undefined\">\n<div class=\"grid\">\n<div class=\"col-12_sm-8\">\n<h1 class=\"h1 burntOrange headline\">Elektri v\u00f5rguteenus Tartus<\/h1>\n<\/div>\n<\/div>\n<\/div>\n<\/section>\n\n                \t\t\t<\/div>\n\t\t\t<\/div>\n<\/section>\n\n<style type=\"text\/css\">.full-width-written-content p>a{font-weight:700}\n\n\/*# sourceMappingURL=block-full-width-written-content.min.css.map*\/<\/style><section id=\"full-width-written-content-block_842ea337f5624cfecae33b73e16a9676\" class=\"block full-width-written-content\">\n\t<div class=\"container\" data-block-animate>\n\t\t<div class=\"text-wrap\" data-animate-part><div class=\" rich-text\">\n<div>\n<div class=\" rich-text\">\n<h4>Pakume elektri v\u00f5rguteenust Tartu elektrijaama l\u00e4hi\u00fcmbruses asuvatele klientidele.<\/h4>\n<p>&nbsp;<\/p>\n<p><a class=\"button btn-secondary-outline\" href=\"https:\/\/grenweb01.blob.core.windows.net\/gren-web-prod\/2022\/08\/gren-tartu_uldteenuse-tuuptingimused.pdf\" target=\"_blank\" rel=\"noopener\">Tutvu \u00fcldteenuste t\u00fc\u00fcptingimustega<\/a><\/p>\n<\/div>\n<\/div>\n<\/div>\n<\/div>\t<\/div>\n<\/section>","protected":false},"excerpt":{"rendered":"","protected":false},"author":10,"featured_media":0,"parent":0,"menu_order":0,"comment_status":"closed","ping_status":"closed","template":"","meta":{"_acf_changed":false,"footnotes":""},"class_list":["post-10241","page","type-page","status-publish","hentry"],"acf":[],"yoast_head":"<!-- This site is optimized with the Yoast SEO plugin v26.8 - https:\/\/yoast.com\/product\/yoast-seo-wordpress\/ -->\n<title>Elektri v\u00f5rguteenus Tartus - Gren Eesti<\/title>\n<meta name=\"description\" content=\"Pakume elektri v\u00f5rguteenust Tartu elektrijaama l\u00e4hi\u00fcmbruses asuvatele klientidele.\" \/>\n<meta name=\"robots\" content=\"index, follow, max-snippet:-1, max-image-preview:large, max-video-preview:-1\" \/>\n<link rel=\"canonical\" href=\"https:\/\/gren.com\/ee\/elektri-vorguteenus-tartus\/\" \/>\n<meta property=\"og:locale\" content=\"en_US\" \/>\n<meta property=\"og:type\" content=\"article\" \/>\n<meta property=\"og:title\" content=\"Elektri v\u00f5rguteenus Tartus - Gren Eesti\" \/>\n<meta property=\"og:description\" content=\"Pakume elektri v\u00f5rguteenust Tartu elektrijaama l\u00e4hi\u00fcmbruses asuvatele klientidele.\" \/>\n<meta property=\"og:url\" content=\"https:\/\/gren.com\/ee\/elektri-vorguteenus-tartus\/\" \/>\n<meta property=\"og:site_name\" content=\"Gren Eesti\" \/>\n<meta property=\"article:modified_time\" content=\"2025-07-24T07:33:14+00:00\" \/>\n<meta name=\"twitter:card\" content=\"summary_large_image\" \/>\n<meta name=\"twitter:label1\" content=\"Est. reading time\" \/>\n\t<meta name=\"twitter:data1\" content=\"1 minute\" \/>\n<script type=\"application\/ld+json\" class=\"yoast-schema-graph\">{\"@context\":\"https:\/\/schema.org\",\"@graph\":[{\"@type\":\"WebPage\",\"@id\":\"https:\/\/gren.com\/ee\/elektri-vorguteenus-tartus\/\",\"url\":\"https:\/\/gren.com\/ee\/elektri-vorguteenus-tartus\/\",\"name\":\"Elektri v\u00f5rguteenus Tartus - Gren Eesti\",\"isPartOf\":{\"@id\":\"https:\/\/gren.com\/ee\/#website\"},\"datePublished\":\"2023-12-10T18:18:11+00:00\",\"dateModified\":\"2025-07-24T07:33:14+00:00\",\"description\":\"Pakume elektri v\u00f5rguteenust Tartu elektrijaama l\u00e4hi\u00fcmbruses asuvatele klientidele.\",\"breadcrumb\":{\"@id\":\"https:\/\/gren.com\/ee\/elektri-vorguteenus-tartus\/#breadcrumb\"},\"inLanguage\":\"en-US\",\"potentialAction\":[{\"@type\":\"ReadAction\",\"target\":[\"https:\/\/gren.com\/ee\/elektri-vorguteenus-tartus\/\"]}]},{\"@type\":\"BreadcrumbList\",\"@id\":\"https:\/\/gren.com\/ee\/elektri-vorguteenus-tartus\/#breadcrumb\",\"itemListElement\":[{\"@type\":\"ListItem\",\"position\":1,\"name\":\"Home\",\"item\":\"https:\/\/gren.com\/ee\/\"},{\"@type\":\"ListItem\",\"position\":2,\"name\":\"Elektri v\u00f5rguteenus Tartus\"}]},{\"@type\":\"WebSite\",\"@id\":\"https:\/\/gren.com\/ee\/#website\",\"url\":\"https:\/\/gren.com\/ee\/\",\"name\":\"Gren Eesti\",\"description\":\"Me oleme rohelise energia ettev\u00f5te\",\"potentialAction\":[{\"@type\":\"SearchAction\",\"target\":{\"@type\":\"EntryPoint\",\"urlTemplate\":\"https:\/\/gren.com\/ee\/?s={search_term_string}\"},\"query-input\":{\"@type\":\"PropertyValueSpecification\",\"valueRequired\":true,\"valueName\":\"search_term_string\"}}],\"inLanguage\":\"en-US\"}]}<\/script>\n<!-- \/ Yoast SEO plugin. -->","yoast_head_json":{"title":"Elektri v\u00f5rguteenus Tartus - Gren Eesti","description":"Pakume elektri v\u00f5rguteenust Tartu elektrijaama l\u00e4hi\u00fcmbruses asuvatele klientidele.","robots":{"index":"index","follow":"follow","max-snippet":"max-snippet:-1","max-image-preview":"max-image-preview:large","max-video-preview":"max-video-preview:-1"},"canonical":"https:\/\/gren.com\/ee\/elektri-vorguteenus-tartus\/","og_locale":"en_US","og_type":"article","og_title":"Elektri v\u00f5rguteenus Tartus - Gren Eesti","og_description":"Pakume elektri v\u00f5rguteenust Tartu elektrijaama l\u00e4hi\u00fcmbruses asuvatele klientidele.","og_url":"https:\/\/gren.com\/ee\/elektri-vorguteenus-tartus\/","og_site_name":"Gren Eesti","article_modified_time":"2025-07-24T07:33:14+00:00","twitter_card":"summary_large_image","twitter_misc":{"Est. reading time":"1 minute"},"schema":{"@context":"https:\/\/schema.org","@graph":[{"@type":"WebPage","@id":"https:\/\/gren.com\/ee\/elektri-vorguteenus-tartus\/","url":"https:\/\/gren.com\/ee\/elektri-vorguteenus-tartus\/","name":"Elektri v\u00f5rguteenus Tartus - Gren Eesti","isPartOf":{"@id":"https:\/\/gren.com\/ee\/#website"},"datePublished":"2023-12-10T18:18:11+00:00","dateModified":"2025-07-24T07:33:14+00:00","description":"Pakume elektri v\u00f5rguteenust Tartu elektrijaama l\u00e4hi\u00fcmbruses asuvatele klientidele.","breadcrumb":{"@id":"https:\/\/gren.com\/ee\/elektri-vorguteenus-tartus\/#breadcrumb"},"inLanguage":"en-US","potentialAction":[{"@type":"ReadAction","target":["https:\/\/gren.com\/ee\/elektri-vorguteenus-tartus\/"]}]},{"@type":"BreadcrumbList","@id":"https:\/\/gren.com\/ee\/elektri-vorguteenus-tartus\/#breadcrumb","itemListElement":[{"@type":"ListItem","position":1,"name":"Home","item":"https:\/\/gren.com\/ee\/"},{"@type":"ListItem","position":2,"name":"Elektri v\u00f5rguteenus Tartus"}]},{"@type":"WebSite","@id":"https:\/\/gren.com\/ee\/#website","url":"https:\/\/gren.com\/ee\/","name":"Gren Eesti","description":"Me oleme rohelise energia ettev\u00f5te","potentialAction":[{"@type":"SearchAction","target":{"@type":"EntryPoint","urlTemplate":"https:\/\/gren.com\/ee\/?s={search_term_string}"},"query-input":{"@type":"PropertyValueSpecification","valueRequired":true,"valueName":"search_term_string"}}],"inLanguage":"en-US"}]}},"_links":{"self":[{"href":"https:\/\/gren.com\/ee\/wp-json\/wp\/v2\/pages\/10241","targetHints":{"allow":["GET"]}}],"collection":[{"href":"https:\/\/gren.com\/ee\/wp-json\/wp\/v2\/pages"}],"about":[{"href":"https:\/\/gren.com\/ee\/wp-json\/wp\/v2\/types\/page"}],"author":[{"embeddable":true,"href":"https:\/\/gren.com\/ee\/wp-json\/wp\/v2\/users\/10"}],"replies":[{"embeddable":true,"href":"https:\/\/gren.com\/ee\/wp-json\/wp\/v2\/comments?post=10241"}],"version-history":[{"count":20,"href":"https:\/\/gren.com\/ee\/wp-json\/wp\/v2\/pages\/10241\/revisions"}],"predecessor-version":[{"id":16433,"href":"https:\/\/gren.com\/ee\/wp-json\/wp\/v2\/pages\/10241\/revisions\/16433"}],"wp:attachment":[{"href":"https:\/\/gren.com\/ee\/wp-json\/wp\/v2\/media?parent=10241"}],"curies":[{"name":"wp","href":"https:\/\/api.w.org\/{rel}","templated":true}]}}