{"id":10266,"date":"2023-12-10T20:29:00","date_gmt":"2023-12-10T18:29:00","guid":{"rendered":"https:\/\/web-staging.gren.com\/est\/?page_id=10266"},"modified":"2026-02-06T15:24:12","modified_gmt":"2026-02-06T13:24:12","slug":"maagaasi-vorguteenus-parnus","status":"publish","type":"page","link":"https:\/\/gren.com\/ee\/maagaasi-vorguteenus-parnus\/","title":{"rendered":"Maagaasi v\u00f5rguteenus P\u00e4rnus"},"content":{"rendered":"<style type=\"text\/css\">.page-hero{padding:140px 0 30px;position:relative}.page-hero-content{max-width:300px}.page-hero h4,.page-hero p{font-size:16px;font-weight:400;line-height:24px}.page-hero .date{margin-top:24px;color:#fff;font-size:20px}.page-hero-video-wrap{position:absolute;top:0;left:0;width:100%;height:100%;z-index:-1;overflow:hidden}.page-hero-video{width:100%;height:100%;object-fit:cover}@media(min-width: 576px){.page-hero-content{max-width:850px}}@media(min-width: 992px){.page-hero{padding:210px 0 64px}.page-hero h4,.page-hero p{font-size:24px;line-height:30px}}\n\n\/*# sourceMappingURL=block-page-hero.min.css.map*\/<\/style><section id=\"page-hero-block_5d1c088c3f7dadbbcd9411f1a879f1f4\" class=\"block page-hero\" style=\"background: url(https:\/\/grenweb01.blob.core.windows.net\/gren-web-prod\/sites\/4\/2024\/01\/Gren-Still-03-16-9-V2-scaled-1.jpg) no-repeat center\/cover\">\n\t<div class=\"container\"  data-block-animate>\n\t\t\t\t\t<div class=\"page-hero-content text-wrap\"  data-animate-part>\n\t\t\t\t<h1>Maagaasi v\u00f5rguteenus P\u00e4rnus<\/h1>\n\n                \t\t\t<\/div>\n\t\t\t<\/div>\n<\/section>\n\n<style type=\"text\/css\">.full-width-written-content p>a{font-weight:700}\n\n\/*# sourceMappingURL=block-full-width-written-content.min.css.map*\/<\/style><section id=\"full-width-written-content-block_f76772a31d8a62648c8c8de91d16d002\" class=\"block full-width-written-content\">\n\t<div class=\"container\" data-block-animate>\n\t\t<div class=\"text-wrap\" data-animate-part><div>\n<div class=\" rich-text\">\n<h4>Osutame maagaasi v\u00f5rguteenust R\u00e4\u00e4ma v\u00f5rgupiirkonnas P\u00e4rnus.<\/h4>\n<p>Tutvu maagaasi m\u00fc\u00fcgi ja v\u00f5rguteenuse t\u00fc\u00fcptingimustega:<\/p>\n<p><a class=\"btn-secondary-outline button btn-secondary\" href=\"https:\/\/grenweb01.blob.core.windows.net\/gren-web-prod\/2021\/09\/gaasi_vorguteenuse_lepingu_tuuptingimused_09_2021.pdf\" target=\"_blank\" rel=\"noopener\"><strong>Loe l\u00e4hemalt siit\u00a0<\/strong><\/a><\/p>\n<p>&nbsp;<\/p>\n<p>Tutvu Gren Eesti AS maagaasiv\u00f5rguga liitumistasu arvestamise metoodikaga<\/p>\n<p><a class=\"button btn-secondary btn-secondary-outline\" href=\"https:\/\/grenweb01.blob.core.windows.net\/gren-web-prod\/sites\/4\/2024\/02\/Gren-Eesti-AS-maagaasivorguga-liitumise-tasu-arvestamise-metoodika.pdf\" target=\"_blank\" rel=\"noopener\"><strong>Loe l\u00e4hemalt siit\u00a0<\/strong><\/a><\/p>\n<\/div>\n<\/div>\n<\/div>\t<\/div>\n<\/section>\n\n<style type=\"text\/css\">.accordion-contacts .listing-wrap{margin-top:32px;display:flex;flex-wrap:wrap;gap:16px}.accordion-contacts .listing-wrap .listing-col{width:100%}@media(min-width: 768px){.accordion-contacts .listing-wrap .listing-col{width:calc(50% - 8px)}}.accordion-contacts .accordion-contact-item button{position:relative;width:100%;padding:24px 48px 24px 24px;background:#d7e4e3;font-size:24px;font-weight:700;line-height:30px;border-radius:8px;border:none;text-align:left}.accordion-contacts .accordion-contact-item button span{margin-right:24px}.accordion-contacts .accordion-contact-item button svg{position:absolute;top:28px;right:24px;width:12px;height:24px;transition:transform .15s}.accordion-contacts .accordion-contact-item button svg path{transition:stroke .3s}@media(min-width: 992px){.accordion-contacts .accordion-contact-item button:hover:hover svg path{stroke:#18213b}}.accordion-contacts .accordion-contact-item .accordion-content{transition:height .35s ease-in-out;overflow:hidden;display:none}.accordion-contacts .accordion-contact-item.is-open button svg{transform:rotate(90deg)}.accordion-contacts .accordion-contact-item.is-open button svg path{stroke:#18213b}.accordion-contacts .accordion-contact-item.is-open .accordion-content{display:block}.accordion-contacts .accordion-contact-card{padding:24px 16px}.accordion-contacts .accordion-contact-card:not(:first-child){border-bottom:1px solid #9cbbba}.accordion-contacts .accordion-contact-card:nth-child(2){border-top:1px solid #9cbbba}.accordion-contacts .accordion-contact-card h4{font-size:24px;line-height:30px}.accordion-contacts .accordion-contact-card a{display:block;font-weight:700;color:#18213b}@media(min-width: 992px){.accordion-contacts .accordion-contact-card a:hover{color:#e8412c}}.accordion-contacts .accordion-contact-card a:first-of-type{margin-top:24px}.accordion-contacts .accordion-contact-card p{margin-top:24px}.accordion-contacts .accordion-contact-card .col-image{width:150px;height:180px;margin-left:16px;overflow:hidden;border-radius:8px}.accordion-contacts .accordion-contact-card .col-image img{object-fit:cover;object-position:center;width:100%;height:100%}\n\n\/*# sourceMappingURL=block-accordion-contacts.min.css.map*\/<\/style><section id=\"accordion-contacts-block_e9a81475fcae041f2fc958a960206ce4\" class=\"block accordion-contacts\">\n\t<div class=\"container\" data-block-animate>\n        <div class=\"text-wrap\" data-animate-part>\n            <h3><\/h3>\n        <\/div>\n                    <div class=\"listing-wrap\">\n                                    <div class=\"listing-col\" data-animate-part>\n                        <div class=\"accordion-contact-item\">\n                            <div class=\"accordion-header\">\n                                <button type=\"button\">\n                                    <span>Liitumishuvi korral v\u00f5tke \u00fchendust:<\/span>\n                                    <svg width=\"16\" height=\"28\" viewBox=\"0 0 16 28\" fill=\"none\" xmlns=\"http:\/\/www.w3.org\/2000\/svg\">\n                                        <path d=\"M1.49609 2L14.0002 14L1.49609 26\" stroke=\"white\" stroke-width=\"3\" stroke-linecap=\"round\" stroke-linejoin=\"round\"\/>\n                                    <\/svg>\n                                <\/button>\n                            <\/div>\n                            <div class=\"accordion-content\">\n                                <div class=\"accordion-body\">\n                                    \n                                                                                    <div class=\"accordion-contact-card\">\n                                                <div class=\"row flex-nowrap g-0 position-relative\">\n                                                    <div class=\"col\">\n                                                        <h4>Hillar Nuut <\/h4>\n                                                                                                                                                                                                                                    <a href=\"tel:+372 564 0022\">\n                                                                +372 564 0022                                                            <\/a>\n                                                                                                                                                                            <a href=\"mailto:hillar.nuut@gren.com\">\n                                                                hillar.nuut@gren.com                                                            <\/a>\n                                                                                                            <\/div>\n                                                                                                    <\/div>\n\n                                            <\/div>\n                                                                            \n                                <\/div>\n                            <\/div>\n                        <\/div>\n                    <\/div>\n                            <\/div>\n        \t<\/div>\n<\/section>\n\n\n<style type=\"text\/css\">.table .text-wrap{margin-bottom:32px}.table .text-wrap h3{color:#18213b}.table table{width:100%;border-collapse:collapse;table-layout:fixed}.table table thead tr{background:rgba(156,187,186,.4)}.table table thead tr th{font-weight:normal}.table table thead tr th:first-child{border-top-left-radius:8px}.table table thead tr th:last-child{border-top-right-radius:8px}.table table tbody tr{border-bottom:1px solid rgba(156,187,186,.4)}.table table tbody tr td:first-child{font-weight:bold}.table table td,.table table th{padding:24px 12px;text-align:left}.table .table-content{margin-top:32px}\n\n\/*# sourceMappingURL=block-table.min.css.map*\/<\/style><section id=\"table-block_5da8ba3bf0a86a56371fb5a245e3998b\" class=\"block table\">\n    <div class=\"container\" data-block-animate>\n                    <div class=\"text-wrap\" data-animate-part>\n                <h3>Maagaasi kvaliteet<\/h3>\n            <\/div>\n                <div class=\"table-wrapper\" data-animate-part>\n            <table><thead><tr><th>Periood<\/th><th>Gaasi tegelik keskmine k\u00fcttev\u00e4\u00e4rtus arvestuskuus kWh\/m3\n<\/th><\/tr><\/thead><tbody><tr><td>2026 jaanuar<\/td><td>10,663<\/td><\/tr><tr><td>2025 detsember<\/td><td>10,698<\/td><\/tr><tr><td>2025 november<\/td><td>10,744<\/td><\/tr><tr><td>2025 oktoober<\/td><td>10,56<\/td><\/tr><tr><td>2025 september<\/td><td>10,595<\/td><\/tr><tr><td>2025 august<\/td><td>10,666<\/td><\/tr><tr><td>2025 juuli<\/td><td>10,773<\/td><\/tr><tr><td>2025 juuni<\/td><td>10,618<\/td><\/tr><tr><td>2025 mai<\/td><td>10,933<\/td><\/tr><tr><td>2025 aprill<\/td><td>10,849<\/td><\/tr><tr><td>2025 m\u00e4rts<\/td><td>10,735<\/td><\/tr><tr><td>2025 veebruar<\/td><td>10,738<\/td><\/tr><tr><td>2025 jaanuar<\/td><td>10,781<\/td><\/tr><tr><td>2024 detsember<\/td><td>10,794<\/td><\/tr><tr><td>2024 november<\/td><td>10,82<\/td><\/tr><tr><td>2024 oktoober<\/td><td>10,93<\/td><\/tr><tr><td>2024 september<\/td><td>10,802<\/td><\/tr><tr><td>2024 august<\/td><td>10,802<\/td><\/tr><tr><td>2024 juuli<\/td><td>10,722<\/td><\/tr><tr><td>2024 juuni<\/td><td>10,844 <\/td><\/tr><tr><td>2024 mai<\/td><td>10,92<\/td><\/tr><tr><td>2024 aprill<\/td><td>10,904<\/td><\/tr><tr><td>2024 m\u00e4rts<\/td><td>10,74<\/td><\/tr><tr><td>2024 veebruar <\/td><td>10,72<\/td><\/tr><tr><td>2024 jaanuar\n<\/td><td>10,662<\/td><\/tr><tr><td>2023 detsember\n<\/td><td>10,634\n<\/td><\/tr><tr><td>2023 oktoober\n<\/td><td>10,569<\/td><\/tr><tr><td>2023 september\n<\/td><td>10,563<\/td><\/tr><tr><td>2023 august\n<\/td><td>10,798<\/td><\/tr><tr><td>2023 juuli\n<\/td><td>10,996<\/td><\/tr><tr><td>2023 juuni\n<\/td><td>10,862<\/td><\/tr><tr><td>2023 mai\n<\/td><td>10,819<\/td><\/tr><tr><td>2023 aprill\n<\/td><td>10,598<\/td><\/tr><tr><td>2023 m\u00e4rts\n<\/td><td>10,7<\/td><\/tr><tr><td>2023 veebruar\n<\/td><td>10,57<\/td><\/tr><tr><td>2023 jaanuar\n<\/td><td>10,75<\/td><\/tr><tr><td>2022 detsember\n<\/td><td>10,59<\/td><\/tr><tr><td>2022 november\n<\/td><td>10,68<\/td><\/tr><tr><td>2022 oktoober\n<\/td><td>10,7<\/td><\/tr><tr><td>2022 september\n<\/td><td>10,65<\/td><\/tr><tr><td>2022 august\n<\/td><td>10,66<\/td><\/tr><tr><td>2022 juuli\n<\/td><td>10,66<\/td><\/tr><tr><td>2022 juuni\n<\/td><td>10,57<\/td><\/tr><tr><td>2022 mai\n<\/td><td>10,49<\/td><\/tr><tr><td>2022 aprill\n<\/td><td>10,54<\/td><\/tr><tr><td>2022 veebruar\n<\/td><td>10,47<\/td><\/tr><\/tbody><\/table>        <\/div>\n        <div class=\"table-content\" data-animate-part>\n            <p><\/p>\n        <\/div>\n    <\/div>\n<\/section>\n","protected":false},"excerpt":{"rendered":"","protected":false},"author":10,"featured_media":0,"parent":0,"menu_order":0,"comment_status":"closed","ping_status":"closed","template":"","meta":{"_acf_changed":false,"footnotes":""},"class_list":["post-10266","page","type-page","status-publish","hentry"],"acf":[],"yoast_head":"<!-- This site is optimized with the Yoast SEO plugin v26.8 - https:\/\/yoast.com\/product\/yoast-seo-wordpress\/ -->\n<title>Maagaasi v\u00f5rguteenus P\u00e4rnus - Gren Eesti<\/title>\n<meta name=\"description\" content=\"Osutame maagaasi v\u00f5rguteenust R\u00e4\u00e4ma v\u00f5rgupiirkonnas P\u00e4rnus.\" \/>\n<meta name=\"robots\" content=\"index, follow, max-snippet:-1, max-image-preview:large, max-video-preview:-1\" \/>\n<link rel=\"canonical\" href=\"https:\/\/gren.com\/ee\/maagaasi-vorguteenus-parnus\/\" \/>\n<meta property=\"og:locale\" content=\"en_US\" \/>\n<meta property=\"og:type\" content=\"article\" \/>\n<meta property=\"og:title\" content=\"Maagaasi v\u00f5rguteenus P\u00e4rnus - Gren Eesti\" \/>\n<meta property=\"og:description\" content=\"Osutame maagaasi v\u00f5rguteenust R\u00e4\u00e4ma v\u00f5rgupiirkonnas P\u00e4rnus.\" \/>\n<meta property=\"og:url\" content=\"https:\/\/gren.com\/ee\/maagaasi-vorguteenus-parnus\/\" \/>\n<meta property=\"og:site_name\" content=\"Gren Eesti\" \/>\n<meta property=\"article:modified_time\" content=\"2026-02-06T13:24:12+00:00\" \/>\n<meta name=\"twitter:card\" content=\"summary_large_image\" \/>\n<meta name=\"twitter:label1\" content=\"Est. reading time\" \/>\n\t<meta name=\"twitter:data1\" content=\"1 minute\" \/>\n<script type=\"application\/ld+json\" class=\"yoast-schema-graph\">{\"@context\":\"https:\/\/schema.org\",\"@graph\":[{\"@type\":\"WebPage\",\"@id\":\"https:\/\/gren.com\/ee\/maagaasi-vorguteenus-parnus\/\",\"url\":\"https:\/\/gren.com\/ee\/maagaasi-vorguteenus-parnus\/\",\"name\":\"Maagaasi v\u00f5rguteenus P\u00e4rnus - Gren Eesti\",\"isPartOf\":{\"@id\":\"https:\/\/gren.com\/ee\/#website\"},\"datePublished\":\"2023-12-10T18:29:00+00:00\",\"dateModified\":\"2026-02-06T13:24:12+00:00\",\"description\":\"Osutame maagaasi v\u00f5rguteenust R\u00e4\u00e4ma v\u00f5rgupiirkonnas P\u00e4rnus.\",\"breadcrumb\":{\"@id\":\"https:\/\/gren.com\/ee\/maagaasi-vorguteenus-parnus\/#breadcrumb\"},\"inLanguage\":\"en-US\",\"potentialAction\":[{\"@type\":\"ReadAction\",\"target\":[\"https:\/\/gren.com\/ee\/maagaasi-vorguteenus-parnus\/\"]}]},{\"@type\":\"BreadcrumbList\",\"@id\":\"https:\/\/gren.com\/ee\/maagaasi-vorguteenus-parnus\/#breadcrumb\",\"itemListElement\":[{\"@type\":\"ListItem\",\"position\":1,\"name\":\"Home\",\"item\":\"https:\/\/gren.com\/ee\/\"},{\"@type\":\"ListItem\",\"position\":2,\"name\":\"Maagaasi v\u00f5rguteenus P\u00e4rnus\"}]},{\"@type\":\"WebSite\",\"@id\":\"https:\/\/gren.com\/ee\/#website\",\"url\":\"https:\/\/gren.com\/ee\/\",\"name\":\"Gren Eesti\",\"description\":\"Me oleme rohelise energia ettev\u00f5te\",\"potentialAction\":[{\"@type\":\"SearchAction\",\"target\":{\"@type\":\"EntryPoint\",\"urlTemplate\":\"https:\/\/gren.com\/ee\/?s={search_term_string}\"},\"query-input\":{\"@type\":\"PropertyValueSpecification\",\"valueRequired\":true,\"valueName\":\"search_term_string\"}}],\"inLanguage\":\"en-US\"}]}<\/script>\n<!-- \/ Yoast SEO plugin. -->","yoast_head_json":{"title":"Maagaasi v\u00f5rguteenus P\u00e4rnus - Gren Eesti","description":"Osutame maagaasi v\u00f5rguteenust R\u00e4\u00e4ma v\u00f5rgupiirkonnas P\u00e4rnus.","robots":{"index":"index","follow":"follow","max-snippet":"max-snippet:-1","max-image-preview":"max-image-preview:large","max-video-preview":"max-video-preview:-1"},"canonical":"https:\/\/gren.com\/ee\/maagaasi-vorguteenus-parnus\/","og_locale":"en_US","og_type":"article","og_title":"Maagaasi v\u00f5rguteenus P\u00e4rnus - Gren Eesti","og_description":"Osutame maagaasi v\u00f5rguteenust R\u00e4\u00e4ma v\u00f5rgupiirkonnas P\u00e4rnus.","og_url":"https:\/\/gren.com\/ee\/maagaasi-vorguteenus-parnus\/","og_site_name":"Gren Eesti","article_modified_time":"2026-02-06T13:24:12+00:00","twitter_card":"summary_large_image","twitter_misc":{"Est. reading time":"1 minute"},"schema":{"@context":"https:\/\/schema.org","@graph":[{"@type":"WebPage","@id":"https:\/\/gren.com\/ee\/maagaasi-vorguteenus-parnus\/","url":"https:\/\/gren.com\/ee\/maagaasi-vorguteenus-parnus\/","name":"Maagaasi v\u00f5rguteenus P\u00e4rnus - Gren Eesti","isPartOf":{"@id":"https:\/\/gren.com\/ee\/#website"},"datePublished":"2023-12-10T18:29:00+00:00","dateModified":"2026-02-06T13:24:12+00:00","description":"Osutame maagaasi v\u00f5rguteenust R\u00e4\u00e4ma v\u00f5rgupiirkonnas P\u00e4rnus.","breadcrumb":{"@id":"https:\/\/gren.com\/ee\/maagaasi-vorguteenus-parnus\/#breadcrumb"},"inLanguage":"en-US","potentialAction":[{"@type":"ReadAction","target":["https:\/\/gren.com\/ee\/maagaasi-vorguteenus-parnus\/"]}]},{"@type":"BreadcrumbList","@id":"https:\/\/gren.com\/ee\/maagaasi-vorguteenus-parnus\/#breadcrumb","itemListElement":[{"@type":"ListItem","position":1,"name":"Home","item":"https:\/\/gren.com\/ee\/"},{"@type":"ListItem","position":2,"name":"Maagaasi v\u00f5rguteenus P\u00e4rnus"}]},{"@type":"WebSite","@id":"https:\/\/gren.com\/ee\/#website","url":"https:\/\/gren.com\/ee\/","name":"Gren Eesti","description":"Me oleme rohelise energia ettev\u00f5te","potentialAction":[{"@type":"SearchAction","target":{"@type":"EntryPoint","urlTemplate":"https:\/\/gren.com\/ee\/?s={search_term_string}"},"query-input":{"@type":"PropertyValueSpecification","valueRequired":true,"valueName":"search_term_string"}}],"inLanguage":"en-US"}]}},"_links":{"self":[{"href":"https:\/\/gren.com\/ee\/wp-json\/wp\/v2\/pages\/10266","targetHints":{"allow":["GET"]}}],"collection":[{"href":"https:\/\/gren.com\/ee\/wp-json\/wp\/v2\/pages"}],"about":[{"href":"https:\/\/gren.com\/ee\/wp-json\/wp\/v2\/types\/page"}],"author":[{"embeddable":true,"href":"https:\/\/gren.com\/ee\/wp-json\/wp\/v2\/users\/10"}],"replies":[{"embeddable":true,"href":"https:\/\/gren.com\/ee\/wp-json\/wp\/v2\/comments?post=10266"}],"version-history":[{"count":66,"href":"https:\/\/gren.com\/ee\/wp-json\/wp\/v2\/pages\/10266\/revisions"}],"predecessor-version":[{"id":17042,"href":"https:\/\/gren.com\/ee\/wp-json\/wp\/v2\/pages\/10266\/revisions\/17042"}],"wp:attachment":[{"href":"https:\/\/gren.com\/ee\/wp-json\/wp\/v2\/media?parent=10266"}],"curies":[{"name":"wp","href":"https:\/\/api.w.org\/{rel}","templated":true}]}}