{"id":10289,"date":"2023-12-10T20:46:53","date_gmt":"2023-12-10T18:46:53","guid":{"rendered":"https:\/\/web-staging.gren.com\/est\/?page_id=10289"},"modified":"2024-02-04T20:35:04","modified_gmt":"2024-02-04T18:35:04","slug":"energia-saastmine","status":"publish","type":"page","link":"https:\/\/gren.com\/ee\/energia-saastmine\/","title":{"rendered":"Energia s\u00e4\u00e4stmine"},"content":{"rendered":"<style type=\"text\/css\">.page-hero{padding:140px 0 30px;position:relative}.page-hero-content{max-width:300px}.page-hero h4,.page-hero p{font-size:16px;font-weight:400;line-height:24px}.page-hero .date{margin-top:24px;color:#fff;font-size:20px}.page-hero-video-wrap{position:absolute;top:0;left:0;width:100%;height:100%;z-index:-1;overflow:hidden}.page-hero-video{width:100%;height:100%;object-fit:cover}@media(min-width: 576px){.page-hero-content{max-width:850px}}@media(min-width: 992px){.page-hero{padding:210px 0 64px}.page-hero h4,.page-hero p{font-size:24px;line-height:30px}}\n\n\/*# sourceMappingURL=block-page-hero.min.css.map*\/<\/style><section id=\"page-hero-block_503c118a91f20e1ac317aba84983c1eb\" class=\"block page-hero\" style=\"background: url(https:\/\/grenweb01.blob.core.windows.net\/gren-web-prod\/sites\/4\/2023\/02\/radiator_16_9-scaled-3.jpg) no-repeat center\/cover\">\n\t<div class=\"container\"  data-block-animate>\n\t\t\t\t\t<div class=\"page-hero-content text-wrap\"  data-animate-part>\n\t\t\t\t<h1>Energia s\u00e4\u00e4stmine<\/h1>\n\n                \t\t\t<\/div>\n\t\t\t<\/div>\n<\/section>\n\n<style type=\"text\/css\">.full-width-written-content p>a{font-weight:700}\n\n\/*# sourceMappingURL=block-full-width-written-content.min.css.map*\/<\/style><section id=\"full-width-written-content-block_949ca91f441ccd4f7d0cb32a7b1a6993\" class=\"block full-width-written-content\">\n\t<div class=\"container\" data-block-animate>\n\t\t<div class=\"text-wrap\" data-animate-part><h2>Soojusenergia kokkuhoid<\/h2>\n<div class=\" rich-text\">\n<p>Soojuse hind s\u00f5ltub p\u00f5hiliselt kasutatavatest k\u00fctustest ning tootmise efektiivsusest. Eestis on kaugk\u00fctte hind reguleeritud Konkurentsiameti poolt. Hind on fikseeritud ning arve suurus s\u00f5ltub hoone tarbimisvajadusest. N\u00e4iteks, mida soojustamata maja, seda suurem on soojuskulu. Mida aga saab ette v\u00f5tta, et soojuse kulud oleksid v\u00e4iksemad?<\/p>\n<h5>Kuidas v\u00e4hendada hoone soojuskadusid?<\/h5>\n<ol>\n<li>Hoone \u00fcldise renoveerimise ja soojustamisega.<\/li>\n<li>Hoone soojusseadmete- ja s\u00fcsteemide kaasajastamisega \u2013 automaatse soojuss\u00f5lme paigaldamise ja hoone k\u00fcttes\u00fcsteemi h\u00e4\u00e4lestamise ning tasakaalustamisega. Kaasaegne soojuss\u00f5lm v\u00f5imaldab reguleerida hoone sisetemperatuuri vastavalt majaelanike soovidele, alandada v\u00f5i t\u00f5sta temperatuuri nii \u00f6\u00f6p\u00e4eva- kui n\u00e4dalaringselt ning v\u00e4ltida \u00fclek\u00fctmist. Tasakaalustamine tagab soojuse \u00fchtlase jaotumise majas. Elu muutub mugavamaks, sest soojus hakkab j\u00f5udma ka radiaatoritesse, mis on aastaid leiged olnud.<\/li>\n<\/ol>\n<\/div>\n<\/div>\t<\/div>\n<\/section>\n\n<style type=\"text\/css\">.accordion-faq .text-wrap{margin-bottom:32px}.accordion-faq .accordion-faq-item{border-bottom:1px solid #9cbbba}.accordion-faq .accordion-faq-item:not(:first-child){margin-top:32px}.accordion-faq .accordion-faq-item button{position:relative;width:100%;padding:0 32px 24px 8px;font-size:16px;line-height:24px;font-weight:700;background:rgba(0,0,0,0);border:none;text-align:left;color:#18213b}.accordion-faq .accordion-faq-item button span{margin-right:24px}.accordion-faq .accordion-faq-item button svg{position:absolute;top:4px;right:8px;width:12px;height:24px;transition:transform .15s}.accordion-faq .accordion-faq-item button svg path{transition:stroke .3s;stroke:#18213b}.accordion-faq .accordion-faq-item .accordion-content{transition:height .35s ease-in-out;overflow:hidden;display:none}.accordion-faq .accordion-faq-item .accordion-content .accordion-body{padding:0 0 24px;margin-top:-24px}.accordion-faq .accordion-faq-item .accordion-content .accordion-body h1,.accordion-faq .accordion-faq-item .accordion-content .accordion-body h2,.accordion-faq .accordion-faq-item .accordion-content .accordion-body h3,.accordion-faq .accordion-faq-item .accordion-content .accordion-body h4,.accordion-faq .accordion-faq-item .accordion-content .accordion-body h5,.accordion-faq .accordion-faq-item .accordion-content .accordion-body p,.accordion-faq .accordion-faq-item .accordion-content .accordion-body ul,.accordion-faq .accordion-faq-item .accordion-content .accordion-body ol,.accordion-faq .accordion-faq-item .accordion-content .accordion-body .btn-read-more{margin-top:24px}.accordion-faq .accordion-faq-item .accordion-content .accordion-body ul,.accordion-faq .accordion-faq-item .accordion-content .accordion-body ol{padding-left:24px}.accordion-faq .accordion-faq-item .accordion-content .accordion-body ul li,.accordion-faq .accordion-faq-item .accordion-content .accordion-body ol li{padding-left:8px}.accordion-faq .accordion-faq-item .accordion-content .accordion-body ul li:not(:first-child),.accordion-faq .accordion-faq-item .accordion-content .accordion-body ol li:not(:first-child){margin-top:4px}.accordion-faq .accordion-faq-item .accordion-content .accordion-body ul{list-style-type:disc}.accordion-faq .accordion-faq-item .accordion-content .accordion-body ol{list-style-type:decimal}.accordion-faq .accordion-faq-item.is-open button svg{transform:rotate(90deg)}.accordion-faq .accordion-faq-item.is-open button svg path{stroke:#18213b}.accordion-faq .accordion-faq-item.is-open .accordion-content{display:block}\n\n\/*# sourceMappingURL=block-accordion-faq.min.css.map*\/<\/style><section id=\"accordion-faq-block_08b68458a7203a484d4785071b76f552\" class=\"block accordion-faq\">\n\t<div class=\"container\"  data-block-animate>\n                    <div class=\"text-wrap\" data-animate-part>\n                <h3>Lihtsad energias\u00e4\u00e4stunipid<\/h3>\n            <\/div>\n        \n                    <div class=\"listing-wrap\">\n                                <div class=\"accordion-faq-item\" data-animate-part>\n                        <div class=\"accordion-header\">\n                            <button type=\"button\">\n                                <span>1. \u00c4ra kata radiaatoreid kinni<\/span>\n                                <svg width=\"16\" height=\"28\" viewBox=\"0 0 16 28\" fill=\"none\" xmlns=\"http:\/\/www.w3.org\/2000\/svg\">\n                                    <path d=\"M1.49609 2L14.0002 14L1.49609 26\" stroke=\"white\" stroke-width=\"3\" stroke-linecap=\"round\" stroke-linejoin=\"round\"\/>\n                                <\/svg>\n                            <\/button>\n                        <\/div>\n                        <div class=\"accordion-content\">\n                            <div class=\"accordion-body\">\n                                <p>Seo kardinad kinni nii, et need ei kata k\u00fcttekeha. Samuti tuleks liigutada radiaatori eest \u00e4ra suuremad m\u00f6\u00f6bliesemed, et need ei takistaks sooja \u00f5huvoolu. T\u00e4nu sellele on \u00f5hu liikumine \u00fchtlasem ning soe \u00f5hk ei t\u00f5use otse lae alla.<\/p>\n                                                            <\/div>\n                        <\/div>\n                    <\/div>\n                                    <div class=\"accordion-faq-item\" data-animate-part>\n                        <div class=\"accordion-header\">\n                            <button type=\"button\">\n                                <span>2. Kata p\u00f5randad<\/span>\n                                <svg width=\"16\" height=\"28\" viewBox=\"0 0 16 28\" fill=\"none\" xmlns=\"http:\/\/www.w3.org\/2000\/svg\">\n                                    <path d=\"M1.49609 2L14.0002 14L1.49609 26\" stroke=\"white\" stroke-width=\"3\" stroke-linecap=\"round\" stroke-linejoin=\"round\"\/>\n                                <\/svg>\n                            <\/button>\n                        <\/div>\n                        <div class=\"accordion-content\">\n                            <div class=\"accordion-body\">\n                                <p>Vaipu kasutatakse kodudes p\u00f5hjusega \u2013 katmata p\u00f5randad v\u00f5ivad moodustada kuni 10% \u00fcldisest soojakaost. Aseta vaip sinna, kus tihedamini liigud v\u00f5i istud. Vaip takistab k\u00fclma \u00f5hu liikumist tuppa ning tundub jalale soojemana kui katmata puit- v\u00f5i kivip\u00f5rand.<\/p>\n                                                            <\/div>\n                        <\/div>\n                    <\/div>\n                                    <div class=\"accordion-faq-item\" data-animate-part>\n                        <div class=\"accordion-header\">\n                            <button type=\"button\">\n                                <span>3. Tekita toas \u00f5huringlus<\/span>\n                                <svg width=\"16\" height=\"28\" viewBox=\"0 0 16 28\" fill=\"none\" xmlns=\"http:\/\/www.w3.org\/2000\/svg\">\n                                    <path d=\"M1.49609 2L14.0002 14L1.49609 26\" stroke=\"white\" stroke-width=\"3\" stroke-linecap=\"round\" stroke-linejoin=\"round\"\/>\n                                <\/svg>\n                            <\/button>\n                        <\/div>\n                        <div class=\"accordion-content\">\n                            <div class=\"accordion-body\">\n                                <p>Soe \u00f5hk liigub toas \u00fclespoole, seega v\u00f5ib k\u00f5rgetes ruumides kogu k\u00f6etud \u00f5hk lae alla koguneda. Sellises olukorras oleks kaval tekitada \u00f5huringlus, mis \u00fchtlustab ruumi temperatuuri erinevatel k\u00f5rgustel. Kasuta selleks ventilaatorit, mis annab nii oma olemuse kui ka tegevusega toale uue hingamise.<\/p>\n                                                            <\/div>\n                        <\/div>\n                    <\/div>\n                                    <div class=\"accordion-faq-item\" data-animate-part>\n                        <div class=\"accordion-header\">\n                            <button type=\"button\">\n                                <span>4. \u00c4ra lase sooja v\u00e4lja<\/span>\n                                <svg width=\"16\" height=\"28\" viewBox=\"0 0 16 28\" fill=\"none\" xmlns=\"http:\/\/www.w3.org\/2000\/svg\">\n                                    <path d=\"M1.49609 2L14.0002 14L1.49609 26\" stroke=\"white\" stroke-width=\"3\" stroke-linecap=\"round\" stroke-linejoin=\"round\"\/>\n                                <\/svg>\n                            <\/button>\n                        <\/div>\n                        <div class=\"accordion-content\">\n                            <div class=\"accordion-body\">\n                                <p>Akende tihendamine aitab soojust hoida. Kui ukse- ja aknatihendid k\u00fclmale vastu ei pea, vooderda oma kodu tuuletakistajaga asetades see ukse ette v\u00f5i aknalauale. Lihtne ja odav lahendus on poroloontihend v\u00f5i ise valmistada tuuletakistaja \u2013 vali selleks sobiv kangas ja t\u00e4itematerjaliks n\u00e4iteks riis, vatiin v\u00f5i tatar.<\/p>\n                                                            <\/div>\n                        <\/div>\n                    <\/div>\n                            <\/div>\n        \n\t<\/div>\n<\/section>\n","protected":false},"excerpt":{"rendered":"","protected":false},"author":10,"featured_media":0,"parent":0,"menu_order":0,"comment_status":"closed","ping_status":"closed","template":"","meta":{"_acf_changed":false,"footnotes":""},"class_list":["post-10289","page","type-page","status-publish","hentry"],"acf":[],"yoast_head":"<!-- This site is optimized with the Yoast SEO plugin v26.8 - https:\/\/yoast.com\/product\/yoast-seo-wordpress\/ -->\n<title>Energia s\u00e4\u00e4stmine - Gren Eesti<\/title>\n<meta name=\"description\" content=\"Mida aga saab ette v\u00f5tta, et soojuse kulud oleksid v\u00e4iksemad? Kuidas v\u00e4hendada hoone soojuskadusid?\" \/>\n<meta name=\"robots\" content=\"index, follow, max-snippet:-1, max-image-preview:large, max-video-preview:-1\" \/>\n<link rel=\"canonical\" href=\"https:\/\/gren.com\/ee\/energia-saastmine\/\" \/>\n<meta property=\"og:locale\" content=\"en_US\" \/>\n<meta property=\"og:type\" content=\"article\" \/>\n<meta property=\"og:title\" content=\"Energia s\u00e4\u00e4stmine - Gren Eesti\" \/>\n<meta property=\"og:description\" content=\"Mida aga saab ette v\u00f5tta, et soojuse kulud oleksid v\u00e4iksemad? Kuidas v\u00e4hendada hoone soojuskadusid?\" \/>\n<meta property=\"og:url\" content=\"https:\/\/gren.com\/ee\/energia-saastmine\/\" \/>\n<meta property=\"og:site_name\" content=\"Gren Eesti\" \/>\n<meta property=\"article:modified_time\" content=\"2024-02-04T18:35:04+00:00\" \/>\n<meta name=\"twitter:card\" content=\"summary_large_image\" \/>\n<meta name=\"twitter:label1\" content=\"Est. reading time\" \/>\n\t<meta name=\"twitter:data1\" content=\"2 minutes\" \/>\n<script type=\"application\/ld+json\" class=\"yoast-schema-graph\">{\"@context\":\"https:\/\/schema.org\",\"@graph\":[{\"@type\":\"WebPage\",\"@id\":\"https:\/\/gren.com\/ee\/energia-saastmine\/\",\"url\":\"https:\/\/gren.com\/ee\/energia-saastmine\/\",\"name\":\"Energia s\u00e4\u00e4stmine - Gren Eesti\",\"isPartOf\":{\"@id\":\"https:\/\/gren.com\/ee\/#website\"},\"datePublished\":\"2023-12-10T18:46:53+00:00\",\"dateModified\":\"2024-02-04T18:35:04+00:00\",\"description\":\"Mida aga saab ette v\u00f5tta, et soojuse kulud oleksid v\u00e4iksemad? Kuidas v\u00e4hendada hoone soojuskadusid?\",\"breadcrumb\":{\"@id\":\"https:\/\/gren.com\/ee\/energia-saastmine\/#breadcrumb\"},\"inLanguage\":\"en-US\",\"potentialAction\":[{\"@type\":\"ReadAction\",\"target\":[\"https:\/\/gren.com\/ee\/energia-saastmine\/\"]}]},{\"@type\":\"BreadcrumbList\",\"@id\":\"https:\/\/gren.com\/ee\/energia-saastmine\/#breadcrumb\",\"itemListElement\":[{\"@type\":\"ListItem\",\"position\":1,\"name\":\"Home\",\"item\":\"https:\/\/gren.com\/ee\/\"},{\"@type\":\"ListItem\",\"position\":2,\"name\":\"Energia s\u00e4\u00e4stmine\"}]},{\"@type\":\"WebSite\",\"@id\":\"https:\/\/gren.com\/ee\/#website\",\"url\":\"https:\/\/gren.com\/ee\/\",\"name\":\"Gren Eesti\",\"description\":\"Me oleme rohelise energia ettev\u00f5te\",\"potentialAction\":[{\"@type\":\"SearchAction\",\"target\":{\"@type\":\"EntryPoint\",\"urlTemplate\":\"https:\/\/gren.com\/ee\/?s={search_term_string}\"},\"query-input\":{\"@type\":\"PropertyValueSpecification\",\"valueRequired\":true,\"valueName\":\"search_term_string\"}}],\"inLanguage\":\"en-US\"}]}<\/script>\n<!-- \/ Yoast SEO plugin. -->","yoast_head_json":{"title":"Energia s\u00e4\u00e4stmine - Gren Eesti","description":"Mida aga saab ette v\u00f5tta, et soojuse kulud oleksid v\u00e4iksemad? Kuidas v\u00e4hendada hoone soojuskadusid?","robots":{"index":"index","follow":"follow","max-snippet":"max-snippet:-1","max-image-preview":"max-image-preview:large","max-video-preview":"max-video-preview:-1"},"canonical":"https:\/\/gren.com\/ee\/energia-saastmine\/","og_locale":"en_US","og_type":"article","og_title":"Energia s\u00e4\u00e4stmine - Gren Eesti","og_description":"Mida aga saab ette v\u00f5tta, et soojuse kulud oleksid v\u00e4iksemad? Kuidas v\u00e4hendada hoone soojuskadusid?","og_url":"https:\/\/gren.com\/ee\/energia-saastmine\/","og_site_name":"Gren Eesti","article_modified_time":"2024-02-04T18:35:04+00:00","twitter_card":"summary_large_image","twitter_misc":{"Est. reading time":"2 minutes"},"schema":{"@context":"https:\/\/schema.org","@graph":[{"@type":"WebPage","@id":"https:\/\/gren.com\/ee\/energia-saastmine\/","url":"https:\/\/gren.com\/ee\/energia-saastmine\/","name":"Energia s\u00e4\u00e4stmine - Gren Eesti","isPartOf":{"@id":"https:\/\/gren.com\/ee\/#website"},"datePublished":"2023-12-10T18:46:53+00:00","dateModified":"2024-02-04T18:35:04+00:00","description":"Mida aga saab ette v\u00f5tta, et soojuse kulud oleksid v\u00e4iksemad? Kuidas v\u00e4hendada hoone soojuskadusid?","breadcrumb":{"@id":"https:\/\/gren.com\/ee\/energia-saastmine\/#breadcrumb"},"inLanguage":"en-US","potentialAction":[{"@type":"ReadAction","target":["https:\/\/gren.com\/ee\/energia-saastmine\/"]}]},{"@type":"BreadcrumbList","@id":"https:\/\/gren.com\/ee\/energia-saastmine\/#breadcrumb","itemListElement":[{"@type":"ListItem","position":1,"name":"Home","item":"https:\/\/gren.com\/ee\/"},{"@type":"ListItem","position":2,"name":"Energia s\u00e4\u00e4stmine"}]},{"@type":"WebSite","@id":"https:\/\/gren.com\/ee\/#website","url":"https:\/\/gren.com\/ee\/","name":"Gren Eesti","description":"Me oleme rohelise energia ettev\u00f5te","potentialAction":[{"@type":"SearchAction","target":{"@type":"EntryPoint","urlTemplate":"https:\/\/gren.com\/ee\/?s={search_term_string}"},"query-input":{"@type":"PropertyValueSpecification","valueRequired":true,"valueName":"search_term_string"}}],"inLanguage":"en-US"}]}},"_links":{"self":[{"href":"https:\/\/gren.com\/ee\/wp-json\/wp\/v2\/pages\/10289","targetHints":{"allow":["GET"]}}],"collection":[{"href":"https:\/\/gren.com\/ee\/wp-json\/wp\/v2\/pages"}],"about":[{"href":"https:\/\/gren.com\/ee\/wp-json\/wp\/v2\/types\/page"}],"author":[{"embeddable":true,"href":"https:\/\/gren.com\/ee\/wp-json\/wp\/v2\/users\/10"}],"replies":[{"embeddable":true,"href":"https:\/\/gren.com\/ee\/wp-json\/wp\/v2\/comments?post=10289"}],"version-history":[{"count":7,"href":"https:\/\/gren.com\/ee\/wp-json\/wp\/v2\/pages\/10289\/revisions"}],"predecessor-version":[{"id":12634,"href":"https:\/\/gren.com\/ee\/wp-json\/wp\/v2\/pages\/10289\/revisions\/12634"}],"wp:attachment":[{"href":"https:\/\/gren.com\/ee\/wp-json\/wp\/v2\/media?parent=10289"}],"curies":[{"name":"wp","href":"https:\/\/api.w.org\/{rel}","templated":true}]}}