{"id":10295,"date":"2023-12-10T21:38:09","date_gmt":"2023-12-10T19:38:09","guid":{"rendered":"https:\/\/web-staging.gren.com\/est\/?page_id=10295"},"modified":"2025-11-27T15:31:04","modified_gmt":"2025-11-27T13:31:04","slug":"kliendile","status":"publish","type":"page","link":"https:\/\/gren.com\/ee\/kliendile\/","title":{"rendered":"Kliendile"},"content":{"rendered":"<style type=\"text\/css\">.page-hero{padding:140px 0 30px;position:relative}.page-hero-content{max-width:300px}.page-hero h4,.page-hero p{font-size:16px;font-weight:400;line-height:24px}.page-hero .date{margin-top:24px;color:#fff;font-size:20px}.page-hero-video-wrap{position:absolute;top:0;left:0;width:100%;height:100%;z-index:-1;overflow:hidden}.page-hero-video{width:100%;height:100%;object-fit:cover}@media(min-width: 576px){.page-hero-content{max-width:850px}}@media(min-width: 992px){.page-hero{padding:210px 0 64px}.page-hero h4,.page-hero p{font-size:24px;line-height:30px}}\n\n\/*# sourceMappingURL=block-page-hero.min.css.map*\/<\/style><section id=\"page-hero-block_e135ca06c0743683e42e482705198225\" class=\"block page-hero\" style=\"background: url(https:\/\/grenweb01.blob.core.windows.net\/gren-web-prod\/sites\/4\/2024\/01\/Office-Tallinn-3.jpeg) no-repeat center\/cover\">\n\t<div class=\"container\"  data-block-animate>\n\t\t\t\t\t<div class=\"page-hero-content text-wrap\"  data-animate-part>\n\t\t\t\t<h1><span style=\"color: #ffffff\">Abiks kliendile<\/span><\/h1>\n\n                \t\t\t<\/div>\n\t\t\t<\/div>\n<\/section>\n\n<style type=\"text\/css\">.block.anchors .btn-wrap{display:flex;flex-wrap:wrap;gap:16px}\n\n\/*# sourceMappingURL=block-anchors.min.css.map*\/<\/style><section id=\"anchors-block_e346b21d7100328af7610a7402c3e510\" class=\"block anchors\">\n\t<div class=\"container\" data-block-animate>\n                    <div class=\"btn-wrap\" data-animate-part>\n                                    <a href=\"https:\/\/gren.com\/ee\/kliendile\/#Tartu\" type=\"button\" class=\"btn btn-secondary btn-anchor\">\n                        Gren Tartus                    <\/a>\n                                    <a href=\"https:\/\/gren.com\/ee\/kliendile\/#Parnu\" type=\"button\" class=\"btn btn-secondary btn-anchor\">\n                        Gren P\u00e4rnus                    <\/a>\n                                    <a href=\"https:\/\/gren.com\/ee\/kliendile\/#Viru\" type=\"button\" class=\"btn btn-secondary btn-anchor\">\n                        Gren Kohtla-J\u00e4rvel-J\u00f5hvis                    <\/a>\n                                    <a href=\"https:\/\/gren.com\/ee\/kliendile\/#Viljandi\" type=\"button\" class=\"btn btn-secondary btn-anchor\">\n                        Gren Viljandis                    <\/a>\n                            <\/div>\n        \t<\/div>\n<\/section>\n\n\n<style type=\"text\/css\">.services-intro{margin-bottom:48px}.services-listing{display:flex;gap:16px;flex-wrap:wrap;transition:all ease-in-out .3s}.services-button{border-radius:8px;padding:30px 30px 30px 45px;position:relative;overflow:hidden;display:flex;flex-wrap:wrap;align-items:center;height:100%;align-self:flex-start;cursor:pointer;width:100%;transition:all ease-in-out .3s}.services-button-top{display:flex;justify-content:space-between;gap:12px;align-items:center;min-height:60px;width:100%;z-index:2;position:relative}.services-button-bottom{transition:all ease-in-out .3s;width:100%;display:flex;visibility:hidden;opacity:0;height:0;flex-wrap:wrap;z-index:2;justify-content:flex-end;color:#fff}.services-button-bottom p{transition:all ease-in-out .3s;width:100%;font-weight:400;margin-bottom:16px;visibility:hidden;transform:translateY(30px);opacity:0}.services-button-bottom .btn{transition:all ease-in-out .3s;opacity:0;visibility:hidden;transform:translateY(30px)}.services-button.active{transition:all ease-in-out .3s}.services-button.active .services-button-bottom{transition:all ease-in-out .3s;padding-top:30px;visibility:visible;height:auto;opacity:1}.services-button.active .services-button-bottom p{transition:all ease-in-out .45s;transition-delay:.15s;transform:translateY(0);visibility:visible;opacity:1}.services-button.active .services-button-bottom .btn{transition:all ease-in-out .45s;transition-delay:.15s;transform:translateY(0);visibility:visible;opacity:1}.services-button.active button{transition:all ease-in-out .3s;transform:rotate(90deg)}.services-button::before{display:block;width:16px;height:100%;content:\"\";position:absolute;left:0;top:0;z-index:1;transition:all ease-in-out .3s}.services-button.bg-blue::before{background-color:#18213b}.services-button.bg-green::before{background-color:#0a2e1e}.services-button.bg-red::before{background-color:#540f1a}.services-button.bg-teal::before{background-color:#9cbbba}.services-button.bg-orange::before{background-color:#e8412c}.services-button h4{margin-bottom:0;font-size:24px;line-height:30px;color:#fff;max-width:210px}.services-button button{transition:all ease-in-out .3s;background:none;border:none;outline:none;width:45px;height:45px}@media(min-width: 992px){.services{padding:96px 0}.services-intro{max-width:300px}.services-listing{gap:32px 24px}.services-button{width:calc(50% - 12px)}.services-button:hover:not(.active) svg path{stroke:#e8412c}.services-button:hover:not(.active)::before{width:100%}}\n\n\/*# sourceMappingURL=block-services.min.css.map*\/<\/style><section id=\"services-block_4f5d5e5bb5e4504976ce13d68f50de9c\" class=\"block services bg-light-grey\" data-accordion-block>\n\t<div class=\"container\" data-block-animate>\n\t\t<div class=\"row\">\n\t\t\t<div class=\"col-12 col-lg-4\" data-animate-part>\n\t\t\t\t<div class=\"services-intro text-wrap\">\n\t\t\t\t\t<h4>Siit leiate klientidele k\u00f5ige olulisema teabe.<\/h4>\n\t\t\t\t<\/div>\n\t\t\t<\/div>\n\t\t\t<div class=\"col-12 col-lg-8\" data-animate-part>\n\t\t\t\t<div class=\"services-listing\">\n\t\t\t\t\t<div class=\"services-button bg-red\" data-lazy-style=\"background: url(https:\/\/grenweb01.blob.core.windows.net\/gren-web-prod\/sites\/4\/2024\/01\/Gren-Still-10-web-scaled-1.jpg) no-repeat center\/cover\"><div class=\"services-button-top\"><h4>Katkestused<\/h4><button aria-label=\"Katkestused\"><svg xmlns=\"http:\/\/www.w3.org\/2000\/svg\" width=\"20\" height=\"37\" viewBox=\"0 0 20 37\" fill=\"none\"><path d=\"M1 1L18.5 18.5L1 36\" stroke=\"white\" stroke-width=\"2\"\/><\/svg><\/button><\/div><div class=\"services-button-bottom\"><a class=\"btn btn-secondary\" href=\"https:\/\/gren.com\/ee\/katkestusteated\/\" title=\"Katkestusteated\">Katkestusteated<\/a><\/div><\/div><div class=\"services-button bg-blue\" data-lazy-style=\"background: url(https:\/\/grenweb01.blob.core.windows.net\/gren-web-prod\/sites\/4\/2023\/12\/button-bg-2.png) no-repeat center\/cover\"><div class=\"services-button-top\"><h4>KKK<\/h4><button aria-label=\"KKK\"><svg xmlns=\"http:\/\/www.w3.org\/2000\/svg\" width=\"20\" height=\"37\" viewBox=\"0 0 20 37\" fill=\"none\"><path d=\"M1 1L18.5 18.5L1 36\" stroke=\"white\" stroke-width=\"2\"\/><\/svg><\/button><\/div><div class=\"services-button-bottom\"><a class=\"btn btn-secondary\" href=\"https:\/\/gren.com\/ee\/kkk\/\" title=\"KKK\">KKK<\/a><\/div><\/div>\t\t\t\t<\/div>\n\t\t\t<\/div>\n\t\t<\/div>\n\t<\/div>\n<\/section>\n\n<style type=\"text\/css\">.full-width-written-content p>a{font-weight:700}\n\n\/*# sourceMappingURL=block-full-width-written-content.min.css.map*\/<\/style><section id=\"Tartu\" class=\"block full-width-written-content\">\n\t<div class=\"container\" data-block-animate>\n\t\t<div class=\"text-wrap\" data-animate-part><h3>Pakume Tartus klientidele kaugk\u00fctte- ja -jahutusteenust ning t\u00f6\u00f6stuslikke energialahendusi.<\/h3>\n<p>Meie kaugk\u00fctte- ja jahutus\u00fcsteem on Tartu linna energias\u00fcsteemi alustala. Me toodame soojust, elektrit ja jahutust, kasutades kohalikke taastuvk\u00fctuseid ja kaasaegseid tootmisseadmeid.<\/p>\n<p>Meie klientideks on korterelamud, eramud, \u00e4rid, t\u00f6\u00f6stused, riiklikud ja kohaliku omavalitsuse asutused \u2013 koolid, lasteaiad, kontorid \u2013 ja paljud teised.<\/p>\n<\/div>\t<\/div>\n<\/section>\n\n<style type=\"text\/css\">.zig-zag{padding:0;position:relative;overflow-y:hidden}.zig-zag.bg-dark-green,.zig-zag.bg-dark-red{color:#fff}.zig-zag.bg-light-green a{color:#fff}.zig-zag.bg-light-green a:after{background-color:#fff}.zig-zag.bg-light-green a:hover:after{background-color:#e8412c}.zig-zag .img-wrap,.zig-zag .text-wrap{width:100%;height:100%}.zig-zag .text-wrap{display:flex;padding:25px 16px 62px 24px;flex-direction:column;justify-content:space-between;align-items:flex-start;min-height:403px}.zig-zag .text-wrap .text{display:flex;flex-direction:column;align-items:flex-start;gap:48px}.zig-zag .text-wrap .text h2{margin:0;font-size:24px;line-height:28px;color:#9cbbba !important}.zig-zag .text-wrap .text h2.light-green{color:#9cbbba !important}.zig-zag .text-wrap .text h2.white{color:#fff !important}.zig-zag .text-wrap .text h2.black{color:#000 !important}.zig-zag .text-wrap p>a{font-weight:700;position:relative;transition:all ease-in-out .3s;margin-top:50px;display:inline-block}.zig-zag .text-wrap p>a:active{color:#9cbbba !important}.zig-zag .img-wrap{position:relative}.zig-zag .img-wrap img{object-fit:cover;object-position:center;width:100%;height:100%}.zig-zag .right-col{height:100%}.zig-zag .right-col p{opacity:.6;margin:12px 0 0}.zig-zag.reversed .row{justify-content:flex-end}@media(max-width: 767.98px){.zig-zag:not(.reversed) .right-col{order:1}.zig-zag:not(.reversed) .left-col{order:2}.zig-zag.reversed .left-col{order:2 !important}.zig-zag.reversed .right-col{order:1 !important}.zig-zag .img-wrap img{min-height:403px}.zig-zag .container{max-width:unset !important;padding:0}}@media(min-width: 768px){.zig-zag:not(.reversed) .left-col .text-wrap{padding-left:0 !important}.zig-zag.reversed .left-col{order:2}.zig-zag.reversed .right-col{order:1;right:unset;left:0}.zig-zag .text-wrap{padding:64px;gap:33px}.zig-zag .text-wrap .text{gap:33px}.zig-zag .text-wrap .text h2{font-size:36px;line-height:38px}.zig-zag .right-col{position:absolute;right:0}}@media(min-width: 992px){.zig-zag .row{gap:0}.zig-zag .text-wrap{padding:64px;max-width:500px}.zig-zag .text-wrap p>a{margin-top:0}.zig-zag .text-wrap p>a:hover{color:#e8412c}}\n\n\/*# sourceMappingURL=block-zig-zag.min.css.map*\/<\/style><section id=\"zig-zag-block_8309acb6cc8d732f8e6dd624e5f8110a\" class=\"block zig-zag bg-primary\">\n    <div class=\"container\" data-block-animate>\n        <div class=\"row g-0\">\n            <div class=\"col-12 col-md-6 left-col\" data-animate-part>\n                <div class=\"text-wrap\"><div class=\"text\"><h3 class=\"white\">Tartu koostootmisjaam<\/h2><div><p>2009. aastal valminud Tartu elektrijaam on energiat\u00f5hus koostootmisjaam, kus \u00fche protsessi k\u00e4igus toodetakse nii elektrit kui ka soojust. Elekter suunatakse elektriv\u00f5rku ja m\u00fc\u00fcakse NordPool b\u00f6rsile, soojus suunatakse Tartu kaugk\u00fcttev\u00f5rku, varustades ligi 2 000 klienti ja 72 000 l\u00f5pptarbijat. Talvisel ajal aitavad tagada varustuskindlust tipukatlamajad.<\/p>\n<\/div><\/div>                                                    <\/div>            <\/div><!--\/.col-->\n            <div class=\"col-12 col-md-6 right-col\" data-animate-part>\n                <div class=\"img-wrap\"><img data-lazy-src=\"https:\/\/grenweb01.blob.core.windows.net\/gren-web-prod\/sites\/4\/2023\/12\/chp_tartu_gren_2_pptx-e1645432134209-1.png\" alt=\"Tartu CHP\"  \/><\/div>            <\/div><!--\/.col-->\n        <\/div>\n    <\/div>\n<\/section>\n\n<section id=\"zig-zag-block_223a328b96452cc1cdb9405a2dee6033\" class=\"block zig-zag bg-light-grey reversed\">\n    <div class=\"container\" data-block-animate>\n        <div class=\"row g-0\">\n            <div class=\"col-12 col-md-6 left-col\" data-animate-part>\n                <div class=\"text-wrap\"><div class=\"text\"><h3 class=\"black\">Tartu Kesklinna jahutusjaam<\/h2><div><p>Tartu Kesklinna jahutusjaam toodab k\u00fclma ning varustab jahutust vajavaid suurhooneid sh ostukeskuseid, raamatukogu, kontorihooneid. Jaam avati 2016. aastal ning on esimene jahutusjaam Baltikumis. Loodusliku jahutusallikana kasutab jaam jahutuse tootmiseks k\u00fclma Emaj\u00f5e vett.<\/p>\n<\/div><\/div>                                                    <\/div>            <\/div><!--\/.col-->\n            <div class=\"col-12 col-md-6 right-col\" data-animate-part>\n                <div class=\"img-wrap\"><img data-lazy-src=\"https:\/\/grenweb01.blob.core.windows.net\/gren-web-prod\/sites\/4\/2023\/12\/dc_tartu_gren_6_pptx-e1645432178663.png\" alt=\"\"  \/><\/div>            <\/div><!--\/.col-->\n        <\/div>\n    <\/div>\n<\/section>\n\n<section id=\"zig-zag-block_e0d68b84ade32705c8411127b75dd00b\" class=\"block zig-zag bg-primary\">\n    <div class=\"container\" data-block-animate>\n        <div class=\"row g-0\">\n            <div class=\"col-12 col-md-6 left-col\" data-animate-part>\n                <div class=\"text-wrap\"><div class=\"text\"><h3 class=\"white\">Aardla katlamaja\/jahutusjaam<\/h2><div><p>Aardla katlamaja hoonesse rajati 2017. aastal ka jahutusjaam, mis kasutab veetorne ja t\u00f6\u00f6stuslikke jahutuseadmeid jahutuse tootmiseks. Jahutusjaama esialgne v\u00f5imsus on arvestatud hetke p\u00f5hikliendi L\u00f5una-Eesti suurima kaubandus- ja vabaajakeskuse \u2013 L\u00f5unakeskuse ja selle l\u00e4hikonna hoonete vajadusi arvestades.<\/p>\n<\/div><\/div>                                                    <\/div>            <\/div><!--\/.col-->\n            <div class=\"col-12 col-md-6 right-col\" data-animate-part>\n                <div class=\"img-wrap\"><img data-lazy-src=\"https:\/\/grenweb01.blob.core.windows.net\/gren-web-production\/2021\/06\/aardlakulmajaam.jpg\" alt=\"\"  \/><\/div>            <\/div><!--\/.col-->\n        <\/div>\n    <\/div>\n<\/section>\n\n<section id=\"Parnu\" class=\"block full-width-written-content\">\n\t<div class=\"container\" data-block-animate>\n\t\t<div class=\"text-wrap\" data-animate-part><h3>Pakume P\u00e4rnus klientidele kaugk\u00fctte- ja -jahutusteenust ning t\u00f6\u00f6stuslikke energialahendusi.<\/h3>\n<p>Meie kaugk\u00fctte- ja jahutus\u00fcsteem on P\u00e4rnu linna energias\u00fcsteemi alustala. Me toodame soojust, elektrit ja jahutust, kasutades kohalikke taastuvk\u00fctuseid ja kaasaegseid tootmisseadmeid.<\/p>\n<p>Meie klientideks on korterelamud, eramud, \u00e4rid, t\u00f6\u00f6stused, riiklikud ja kohaliku omavalitsuse asutused \u2013 koolid, lasteaiad, kontorid \u2013 ja paljud teised.<\/p>\n<\/div>\t<\/div>\n<\/section>\n\n<section id=\"zig-zag-block_21ff5e9e01772c90b82d4161a10f0294\" class=\"block zig-zag bg-primary\">\n    <div class=\"container\" data-block-animate>\n        <div class=\"row g-0\">\n            <div class=\"col-12 col-md-6 left-col\" data-animate-part>\n                <div class=\"text-wrap\"><div class=\"text\"><h3 class=\"white\">P\u00e4rnu koostootmisjaam<\/h2><div><div>\n<div class=\" rich-text\">\n<p>2011. aastal valmis P\u00e4rnu koostootmisjaam, kus elektri ja soojuse tootmiseks kasutame kohalikku p\u00e4ritoluga k\u00fctust \u2013 peamiselt hakkpuitu, mis on toodetud v\u00e4hev\u00e4\u00e4rtuslikest metsaj\u00e4\u00e4tmetest. Elektri suuname elektriv\u00f5rku ja m\u00fc\u00fcme NordPool b\u00f6rsile, soojusega varustame P\u00e4rnu linnas ligi 900 klienti ja 19 000 l\u00f5pptarbijat. Talvisel ajal aitavad tagada varustuskindlust tipukatlamajad.<\/p>\n<\/div>\n<\/div>\n<\/div><\/div>                                                    <\/div>            <\/div><!--\/.col-->\n            <div class=\"col-12 col-md-6 right-col\" data-animate-part>\n                <div class=\"img-wrap\"><img data-lazy-src=\"https:\/\/grenweb01.blob.core.windows.net\/gren-web-prod\/sites\/4\/2024\/01\/dji_0116-hdr-2048x1151-1.jpeg\" alt=\"\"  \/><\/div>            <\/div><!--\/.col-->\n        <\/div>\n    <\/div>\n<\/section>\n\n<section id=\"zig-zag-block_47c2fe9ddf6beda240a2caa57150d05c\" class=\"block zig-zag bg-light-grey reversed\">\n    <div class=\"container\" data-block-animate>\n        <div class=\"row g-0\">\n            <div class=\"col-12 col-md-6 left-col\" data-animate-part>\n                <div class=\"text-wrap\"><div class=\"text\"><h3 class=\"black\">P\u00e4rnu jahutusjaam<\/h2><div><div class=\" rich-text\"><main class=\" page\" role=\"main\"><\/p>\n<section class=\"bg-warmWhite \">\n<div class=\"component-vertical-spacing component-horizontal-spacing\">\n<div>\n<div class=\" rich-text\">\n<p>P\u00e4rnu jahutusjaam valmis 2019. aastal.\u00a0 Jahutuse tootmiseks kasutame nii traditsioonilisi t\u00f6\u00f6stuslikke seadmeid kui P\u00e4rnu j\u00f5e k\u00fclma vett loodusliku jahutusallikana. Pakume jahutust P\u00e4rnu kesklinna hoonetele \u2013 ostukeskustele, kontoritele.<\/p>\n<\/div>\n<\/div>\n<\/div>\n<\/section>\n<p><\/main><\/p>\n<footer class=\"footerView__StyledFooter-ht2ce2-0 kufuIF c-footer bg-deepBlue\">\n<div class=\"component-vertical-spacing component-horizontal-spacing c-footer__container\"><\/div>\n<\/footer>\n<\/div>\n<\/div><\/div>                                                    <\/div>            <\/div><!--\/.col-->\n            <div class=\"col-12 col-md-6 right-col\" data-animate-part>\n                <div class=\"img-wrap\"><img data-lazy-src=\"https:\/\/grenweb01.blob.core.windows.net\/gren-web-prod\/sites\/4\/2022\/02\/dc_parnu_gren_3_pptx-e1645432155476-1.png\" alt=\"DC-Parnu\"  \/><\/div>            <\/div><!--\/.col-->\n        <\/div>\n    <\/div>\n<\/section>\n\n<section id=\"Viljandi\" class=\"block full-width-written-content\">\n\t<div class=\"container\" data-block-animate>\n\t\t<div class=\"text-wrap\" data-animate-part><h3>Pakume Viljandis ja J\u00e4mejalal klientidele kaugk\u00fctteteenust ning t\u00f6\u00f6stuslikke energialahendusi.<\/h3>\n<p>Viljandis toodame soojust ja elektrit 97 protsendi ulatuses kohalikust biok\u00fctusest, mis tagab kaugk\u00fctte ligikaudu 571 kliendile Viljandis ja J\u00e4mejalal. Pakume ka ehitusteenust ning oleme avatud koost\u00f6\u00f6ks kohalike t\u00f6\u00f6stusklientidega. Gren pakub Viljandis M\u00e4nnim\u00e4el ka elektri v\u00f5rguteenust.<\/p>\n<p>Meie klientideks on korterelamud, eramud, \u00e4rid, t\u00f6\u00f6stused, riiklikud ja kohaliku omavalitsuse asutused \u2013 koolid, lasteaiad, kontorid \u2013 ja paljud teised.<\/p>\n<\/div>\t<\/div>\n<\/section>\n\n<section id=\"Viru\" class=\"block full-width-written-content\">\n\t<div class=\"container\" data-block-animate>\n\t\t<div class=\"text-wrap\" data-animate-part><h3>Me tegeleme soojusenergia edastamise ja m\u00fc\u00fcgiga \u00a0Kohtla-J\u00e4rve linna Ahtme, J\u00e4rve ja Sompa linnaosa, J\u00f5hvi linna ja valla ning Tammiku asula ja J\u00f5hvi k\u00fcla \u00fchendatud v\u00f5rgupiirkonnas ning varustame soojusega \u00fcle 30 000 tarbijat.<\/h3>\n<p>Meie klientideks on korterelamud, eramud, \u00e4rid, t\u00f6\u00f6stused, riiklikud ja kohaliku omavalitsuse asutused \u2013 koolid, lasteaiad, kontorid \u2013 ja paljud teised.<\/p>\n<p>Soojusv\u00f5rgu kaudu klientidele j\u00f5udev soojus saadakse Viru Keemia Grupi t\u00f6\u00f6stusprotsesside heitsoojusena. Heitsoojuse k\u00fctteks kasutamine on t\u00e4nastes muutuvates oludes \u00fclioluline \u2013 heitsoojus on usaldusv\u00e4\u00e4rne kohalik energiaallikas, mis v\u00e4hendab primaark\u00fctuste tarbimist, s\u00f5ltuvust importk\u00fctustest ning \u00f6koloogilist jalaj\u00e4lge.<\/p>\n<p>Lisaks pakume piirkonnas t\u00f6\u00f6stuslikke energialahendusi.<\/p>\n<\/div>\t<\/div>\n<\/section>","protected":false},"excerpt":{"rendered":"","protected":false},"author":10,"featured_media":0,"parent":0,"menu_order":0,"comment_status":"closed","ping_status":"closed","template":"","meta":{"_acf_changed":false,"footnotes":""},"class_list":["post-10295","page","type-page","status-publish","hentry"],"acf":[],"yoast_head":"<!-- This site is optimized with the Yoast SEO plugin v26.8 - https:\/\/yoast.com\/product\/yoast-seo-wordpress\/ -->\n<title>Kliendile - Gren Eesti<\/title>\n<meta name=\"description\" content=\"Siit leiate klientidele k\u00f5ige olulisema teabe.\" \/>\n<meta name=\"robots\" content=\"index, follow, max-snippet:-1, max-image-preview:large, max-video-preview:-1\" \/>\n<link rel=\"canonical\" href=\"https:\/\/gren.com\/ee\/kliendile\/\" \/>\n<meta property=\"og:locale\" content=\"en_US\" \/>\n<meta property=\"og:type\" content=\"article\" \/>\n<meta property=\"og:title\" content=\"Kliendile - Gren Eesti\" \/>\n<meta property=\"og:description\" content=\"Siit leiate klientidele k\u00f5ige olulisema teabe.\" \/>\n<meta property=\"og:url\" content=\"https:\/\/gren.com\/ee\/kliendile\/\" \/>\n<meta property=\"og:site_name\" content=\"Gren Eesti\" \/>\n<meta property=\"article:modified_time\" content=\"2025-11-27T13:31:04+00:00\" \/>\n<meta name=\"twitter:card\" content=\"summary_large_image\" \/>\n<meta name=\"twitter:label1\" content=\"Est. reading time\" \/>\n\t<meta name=\"twitter:data1\" content=\"4 minutes\" \/>\n<script type=\"application\/ld+json\" class=\"yoast-schema-graph\">{\"@context\":\"https:\/\/schema.org\",\"@graph\":[{\"@type\":\"WebPage\",\"@id\":\"https:\/\/gren.com\/ee\/kliendile\/\",\"url\":\"https:\/\/gren.com\/ee\/kliendile\/\",\"name\":\"Kliendile - Gren Eesti\",\"isPartOf\":{\"@id\":\"https:\/\/gren.com\/ee\/#website\"},\"datePublished\":\"2023-12-10T19:38:09+00:00\",\"dateModified\":\"2025-11-27T13:31:04+00:00\",\"description\":\"Siit leiate klientidele k\u00f5ige olulisema teabe.\",\"breadcrumb\":{\"@id\":\"https:\/\/gren.com\/ee\/kliendile\/#breadcrumb\"},\"inLanguage\":\"en-US\",\"potentialAction\":[{\"@type\":\"ReadAction\",\"target\":[\"https:\/\/gren.com\/ee\/kliendile\/\"]}]},{\"@type\":\"BreadcrumbList\",\"@id\":\"https:\/\/gren.com\/ee\/kliendile\/#breadcrumb\",\"itemListElement\":[{\"@type\":\"ListItem\",\"position\":1,\"name\":\"Home\",\"item\":\"https:\/\/gren.com\/ee\/\"},{\"@type\":\"ListItem\",\"position\":2,\"name\":\"Kliendile\"}]},{\"@type\":\"WebSite\",\"@id\":\"https:\/\/gren.com\/ee\/#website\",\"url\":\"https:\/\/gren.com\/ee\/\",\"name\":\"Gren Eesti\",\"description\":\"Me oleme rohelise energia ettev\u00f5te\",\"potentialAction\":[{\"@type\":\"SearchAction\",\"target\":{\"@type\":\"EntryPoint\",\"urlTemplate\":\"https:\/\/gren.com\/ee\/?s={search_term_string}\"},\"query-input\":{\"@type\":\"PropertyValueSpecification\",\"valueRequired\":true,\"valueName\":\"search_term_string\"}}],\"inLanguage\":\"en-US\"}]}<\/script>\n<!-- \/ Yoast SEO plugin. -->","yoast_head_json":{"title":"Kliendile - Gren Eesti","description":"Siit leiate klientidele k\u00f5ige olulisema teabe.","robots":{"index":"index","follow":"follow","max-snippet":"max-snippet:-1","max-image-preview":"max-image-preview:large","max-video-preview":"max-video-preview:-1"},"canonical":"https:\/\/gren.com\/ee\/kliendile\/","og_locale":"en_US","og_type":"article","og_title":"Kliendile - Gren Eesti","og_description":"Siit leiate klientidele k\u00f5ige olulisema teabe.","og_url":"https:\/\/gren.com\/ee\/kliendile\/","og_site_name":"Gren Eesti","article_modified_time":"2025-11-27T13:31:04+00:00","twitter_card":"summary_large_image","twitter_misc":{"Est. reading time":"4 minutes"},"schema":{"@context":"https:\/\/schema.org","@graph":[{"@type":"WebPage","@id":"https:\/\/gren.com\/ee\/kliendile\/","url":"https:\/\/gren.com\/ee\/kliendile\/","name":"Kliendile - Gren Eesti","isPartOf":{"@id":"https:\/\/gren.com\/ee\/#website"},"datePublished":"2023-12-10T19:38:09+00:00","dateModified":"2025-11-27T13:31:04+00:00","description":"Siit leiate klientidele k\u00f5ige olulisema teabe.","breadcrumb":{"@id":"https:\/\/gren.com\/ee\/kliendile\/#breadcrumb"},"inLanguage":"en-US","potentialAction":[{"@type":"ReadAction","target":["https:\/\/gren.com\/ee\/kliendile\/"]}]},{"@type":"BreadcrumbList","@id":"https:\/\/gren.com\/ee\/kliendile\/#breadcrumb","itemListElement":[{"@type":"ListItem","position":1,"name":"Home","item":"https:\/\/gren.com\/ee\/"},{"@type":"ListItem","position":2,"name":"Kliendile"}]},{"@type":"WebSite","@id":"https:\/\/gren.com\/ee\/#website","url":"https:\/\/gren.com\/ee\/","name":"Gren Eesti","description":"Me oleme rohelise energia ettev\u00f5te","potentialAction":[{"@type":"SearchAction","target":{"@type":"EntryPoint","urlTemplate":"https:\/\/gren.com\/ee\/?s={search_term_string}"},"query-input":{"@type":"PropertyValueSpecification","valueRequired":true,"valueName":"search_term_string"}}],"inLanguage":"en-US"}]}},"_links":{"self":[{"href":"https:\/\/gren.com\/ee\/wp-json\/wp\/v2\/pages\/10295","targetHints":{"allow":["GET"]}}],"collection":[{"href":"https:\/\/gren.com\/ee\/wp-json\/wp\/v2\/pages"}],"about":[{"href":"https:\/\/gren.com\/ee\/wp-json\/wp\/v2\/types\/page"}],"author":[{"embeddable":true,"href":"https:\/\/gren.com\/ee\/wp-json\/wp\/v2\/users\/10"}],"replies":[{"embeddable":true,"href":"https:\/\/gren.com\/ee\/wp-json\/wp\/v2\/comments?post=10295"}],"version-history":[{"count":51,"href":"https:\/\/gren.com\/ee\/wp-json\/wp\/v2\/pages\/10295\/revisions"}],"predecessor-version":[{"id":16966,"href":"https:\/\/gren.com\/ee\/wp-json\/wp\/v2\/pages\/10295\/revisions\/16966"}],"wp:attachment":[{"href":"https:\/\/gren.com\/ee\/wp-json\/wp\/v2\/media?parent=10295"}],"curies":[{"name":"wp","href":"https:\/\/api.w.org\/{rel}","templated":true}]}}