{"id":10381,"date":"2023-12-11T19:42:03","date_gmt":"2023-12-11T17:42:03","guid":{"rendered":"https:\/\/web-staging.gren.com\/est\/?page_id=10381"},"modified":"2025-11-27T15:13:35","modified_gmt":"2025-11-27T13:13:35","slug":"gren-parnus","status":"publish","type":"page","link":"https:\/\/gren.com\/ee\/gren-parnus\/","title":{"rendered":"Gren P\u00e4rnus"},"content":{"rendered":"<style type=\"text\/css\">.page-hero{padding:140px 0 30px;position:relative}.page-hero-content{max-width:300px}.page-hero h4,.page-hero p{font-size:16px;font-weight:400;line-height:24px}.page-hero .date{margin-top:24px;color:#fff;font-size:20px}.page-hero-video-wrap{position:absolute;top:0;left:0;width:100%;height:100%;z-index:-1;overflow:hidden}.page-hero-video{width:100%;height:100%;object-fit:cover}@media(min-width: 576px){.page-hero-content{max-width:850px}}@media(min-width: 992px){.page-hero{padding:210px 0 64px}.page-hero h4,.page-hero p{font-size:24px;line-height:30px}}\n\n\/*# sourceMappingURL=block-page-hero.min.css.map*\/<\/style><section id=\"page-hero-block_5ffc6e54042b55cb03edd77e504e9e65\" class=\"block page-hero\" style=\"background: url(https:\/\/grenweb01.blob.core.windows.net\/gren-web-production\/2021\/06\/parnu.jpg) no-repeat center\/cover\">\n\t<div class=\"container\"  data-block-animate>\n\t\t\t\t\t<div class=\"page-hero-content text-wrap\"  data-animate-part>\n\t\t\t\t<h1><span style=\"color: #ffffff\"> Gren P\u00e4rnus <\/span><\/h1>\n\n                \t\t\t<\/div>\n\t\t\t<\/div>\n<\/section>\n\n<style type=\"text\/css\">.full-width-written-content p>a{font-weight:700}\n\n\/*# sourceMappingURL=block-full-width-written-content.min.css.map*\/<\/style><section id=\"full-width-written-content-block_ed6428ce07a8a17f25286a5d68718dfc\" class=\"block full-width-written-content\">\n\t<div class=\"container\" data-block-animate>\n\t\t<div class=\"text-wrap\" data-animate-part><h4>Pakume P\u00e4rnus klientidele kaugk\u00fctte- ja -jahutusteenust ning t\u00f6\u00f6stuslikke energialahendusi.<\/h4>\n<p>Meie kaugk\u00fctte- ja jahutus\u00fcsteem on P\u00e4rnu linna energias\u00fcsteemi alustala. Me toodame soojust, elektrit ja jahutust, kasutades kohalikke taastuvk\u00fctuseid ja kaasaegseid tootmisseadmeid.<\/p>\n<p>Meie klientideks on korterelamud, eramud, \u00e4rid, t\u00f6\u00f6stused, riiklikud ja kohaliku omavalitsuse asutused \u2013 koolid, lasteaiad, kontorid \u2013 ja paljud teised.<\/p>\n<p>Gren Eesti juhtimiss\u00fcsteem vastab ISO 9001, ISO 14001, ISO 45001 juhtimiss\u00fcsteemi standardite n\u00f5uetele. Gren Eesti integreeritud juhtimiss\u00fcsteemi k\u00e4sitlusala on soojuse ja jahutuse tootmine, jaotamine ja m\u00fc\u00fck, maagaasi jaotamine ja m\u00fc\u00fck ning elektrienergia tootmine ja m\u00fc\u00fck.<\/p>\n<\/div>\t<\/div>\n<\/section>\n\n<style type=\"text\/css\">.zig-zag{padding:0;position:relative;overflow-y:hidden}.zig-zag.bg-dark-green,.zig-zag.bg-dark-red{color:#fff}.zig-zag.bg-light-green a{color:#fff}.zig-zag.bg-light-green a:after{background-color:#fff}.zig-zag.bg-light-green a:hover:after{background-color:#e8412c}.zig-zag .img-wrap,.zig-zag .text-wrap{width:100%;height:100%}.zig-zag .text-wrap{display:flex;padding:25px 16px 62px 24px;flex-direction:column;justify-content:space-between;align-items:flex-start;min-height:403px}.zig-zag .text-wrap .text{display:flex;flex-direction:column;align-items:flex-start;gap:48px}.zig-zag .text-wrap .text h2{margin:0;font-size:24px;line-height:28px;color:#9cbbba !important}.zig-zag .text-wrap .text h2.light-green{color:#9cbbba !important}.zig-zag .text-wrap .text h2.white{color:#fff !important}.zig-zag .text-wrap .text h2.black{color:#000 !important}.zig-zag .text-wrap p>a{font-weight:700;position:relative;transition:all ease-in-out .3s;margin-top:50px;display:inline-block}.zig-zag .text-wrap p>a:active{color:#9cbbba !important}.zig-zag .img-wrap{position:relative}.zig-zag .img-wrap img{object-fit:cover;object-position:center;width:100%;height:100%}.zig-zag .right-col{height:100%}.zig-zag .right-col p{opacity:.6;margin:12px 0 0}.zig-zag.reversed .row{justify-content:flex-end}@media(max-width: 767.98px){.zig-zag:not(.reversed) .right-col{order:1}.zig-zag:not(.reversed) .left-col{order:2}.zig-zag.reversed .left-col{order:2 !important}.zig-zag.reversed .right-col{order:1 !important}.zig-zag .img-wrap img{min-height:403px}.zig-zag .container{max-width:unset !important;padding:0}}@media(min-width: 768px){.zig-zag:not(.reversed) .left-col .text-wrap{padding-left:0 !important}.zig-zag.reversed .left-col{order:2}.zig-zag.reversed .right-col{order:1;right:unset;left:0}.zig-zag .text-wrap{padding:64px;gap:33px}.zig-zag .text-wrap .text{gap:33px}.zig-zag .text-wrap .text h2{font-size:36px;line-height:38px}.zig-zag .right-col{position:absolute;right:0}}@media(min-width: 992px){.zig-zag .row{gap:0}.zig-zag .text-wrap{padding:64px;max-width:500px}.zig-zag .text-wrap p>a{margin-top:0}.zig-zag .text-wrap p>a:hover{color:#e8412c}}\n\n\/*# sourceMappingURL=block-zig-zag.min.css.map*\/<\/style><section id=\"zig-zag-block_2bbb2287e544d51d8ee79280510274e9\" class=\"block zig-zag bg-primary\">\n    <div class=\"container\" data-block-animate>\n        <div class=\"row g-0\">\n            <div class=\"col-12 col-md-6 left-col\" data-animate-part>\n                <div class=\"text-wrap\"><div class=\"text\"><h3 class=\"white\">P\u00e4rnu koostootmisjaam<\/h2><div><div>\n<div class=\" rich-text\">\n<p>2011. aastal valmis P\u00e4rnu koostootmisjaam, kus elektri ja soojuse tootmiseks kasutame kohalikku p\u00e4ritoluga k\u00fctust \u2013 peamiselt hakkpuitu, mis on toodetud v\u00e4hev\u00e4\u00e4rtuslikest metsaj\u00e4\u00e4tmetest. Elektri suuname elektriv\u00f5rku ja m\u00fc\u00fcme NordPool b\u00f6rsile, soojusega varustame P\u00e4rnu linnas ligi 900 klienti ja 19 000 l\u00f5pptarbijat. Talvisel ajal aitavad tagada varustuskindlust tipukatlamajad.<\/p>\n<\/div>\n<\/div>\n<\/div><\/div>                                                    <\/div>            <\/div><!--\/.col-->\n            <div class=\"col-12 col-md-6 right-col\" data-animate-part>\n                <div class=\"img-wrap\"><img data-lazy-src=\"https:\/\/grenweb01.blob.core.windows.net\/gren-web-prod\/sites\/4\/2024\/01\/dji_0116-hdr-2048x1151-1.jpeg\" alt=\"\"  \/><\/div>            <\/div><!--\/.col-->\n        <\/div>\n    <\/div>\n<\/section>\n\n<section id=\"zig-zag-block_940f0f849425ef6fea3987caa48367e0\" class=\"block zig-zag bg-light-grey reversed\">\n    <div class=\"container\" data-block-animate>\n        <div class=\"row g-0\">\n            <div class=\"col-12 col-md-6 left-col\" data-animate-part>\n                <div class=\"text-wrap\"><div class=\"text\"><h3 class=\"black\">P\u00e4rnu jahutusjaam<\/h2><div><div class=\" rich-text\"><main class=\" page\" role=\"main\"><\/p>\n<section class=\"bg-warmWhite \">\n<div class=\"component-vertical-spacing component-horizontal-spacing\">\n<div>\n<div class=\" rich-text\">\n<p>P\u00e4rnu jahutusjaam valmis 2019. aastal.\u00a0 Jahutuse tootmiseks kasutame nii traditsioonilisi t\u00f6\u00f6stuslikke seadmeid kui P\u00e4rnu j\u00f5e k\u00fclma vett loodusliku jahutusallikana. Pakume jahutust P\u00e4rnu kesklinna hoonetele \u2013 ostukeskustele, kontoritele.<\/p>\n<\/div>\n<\/div>\n<\/div>\n<\/section>\n<p><\/main><\/p>\n<footer class=\"footerView__StyledFooter-ht2ce2-0 kufuIF c-footer bg-deepBlue\">\n<div class=\"component-vertical-spacing component-horizontal-spacing c-footer__container\"><\/div>\n<\/footer>\n<\/div>\n<\/div><\/div>                                                    <\/div>            <\/div><!--\/.col-->\n            <div class=\"col-12 col-md-6 right-col\" data-animate-part>\n                <div class=\"img-wrap\"><img data-lazy-src=\"https:\/\/grenweb01.blob.core.windows.net\/gren-web-prod\/sites\/4\/2022\/02\/dc_parnu_gren_3_pptx-e1645432155476-1.png\" alt=\"DC-Parnu\"  \/><\/div>            <\/div><!--\/.col-->\n        <\/div>\n    <\/div>\n<\/section>","protected":false},"excerpt":{"rendered":"","protected":false},"author":10,"featured_media":0,"parent":0,"menu_order":0,"comment_status":"closed","ping_status":"closed","template":"","meta":{"_acf_changed":false,"footnotes":""},"class_list":["post-10381","page","type-page","status-publish","hentry"],"acf":[],"yoast_head":"<!-- This site is optimized with the Yoast SEO plugin v26.8 - https:\/\/yoast.com\/product\/yoast-seo-wordpress\/ -->\n<title>Gren P\u00e4rnus - Gren Eesti<\/title>\n<meta name=\"robots\" content=\"index, follow, max-snippet:-1, max-image-preview:large, max-video-preview:-1\" \/>\n<link rel=\"canonical\" href=\"https:\/\/gren.com\/ee\/gren-parnus\/\" \/>\n<meta property=\"og:locale\" content=\"en_US\" \/>\n<meta property=\"og:type\" content=\"article\" \/>\n<meta property=\"og:title\" content=\"Gren P\u00e4rnus - Gren Eesti\" \/>\n<meta property=\"og:url\" content=\"https:\/\/gren.com\/ee\/gren-parnus\/\" \/>\n<meta property=\"og:site_name\" content=\"Gren Eesti\" \/>\n<meta property=\"article:modified_time\" content=\"2025-11-27T13:13:35+00:00\" \/>\n<meta name=\"twitter:card\" content=\"summary_large_image\" \/>\n<meta name=\"twitter:label1\" content=\"Est. reading time\" \/>\n\t<meta name=\"twitter:data1\" content=\"2 minutes\" \/>\n<script type=\"application\/ld+json\" class=\"yoast-schema-graph\">{\"@context\":\"https:\/\/schema.org\",\"@graph\":[{\"@type\":\"WebPage\",\"@id\":\"https:\/\/gren.com\/ee\/gren-parnus\/\",\"url\":\"https:\/\/gren.com\/ee\/gren-parnus\/\",\"name\":\"Gren P\u00e4rnus - Gren Eesti\",\"isPartOf\":{\"@id\":\"https:\/\/gren.com\/ee\/#website\"},\"datePublished\":\"2023-12-11T17:42:03+00:00\",\"dateModified\":\"2025-11-27T13:13:35+00:00\",\"breadcrumb\":{\"@id\":\"https:\/\/gren.com\/ee\/gren-parnus\/#breadcrumb\"},\"inLanguage\":\"en-US\",\"potentialAction\":[{\"@type\":\"ReadAction\",\"target\":[\"https:\/\/gren.com\/ee\/gren-parnus\/\"]}]},{\"@type\":\"BreadcrumbList\",\"@id\":\"https:\/\/gren.com\/ee\/gren-parnus\/#breadcrumb\",\"itemListElement\":[{\"@type\":\"ListItem\",\"position\":1,\"name\":\"Home\",\"item\":\"https:\/\/gren.com\/ee\/\"},{\"@type\":\"ListItem\",\"position\":2,\"name\":\"Gren P\u00e4rnus\"}]},{\"@type\":\"WebSite\",\"@id\":\"https:\/\/gren.com\/ee\/#website\",\"url\":\"https:\/\/gren.com\/ee\/\",\"name\":\"Gren Eesti\",\"description\":\"Me oleme rohelise energia ettev\u00f5te\",\"potentialAction\":[{\"@type\":\"SearchAction\",\"target\":{\"@type\":\"EntryPoint\",\"urlTemplate\":\"https:\/\/gren.com\/ee\/?s={search_term_string}\"},\"query-input\":{\"@type\":\"PropertyValueSpecification\",\"valueRequired\":true,\"valueName\":\"search_term_string\"}}],\"inLanguage\":\"en-US\"}]}<\/script>\n<!-- \/ Yoast SEO plugin. -->","yoast_head_json":{"title":"Gren P\u00e4rnus - Gren Eesti","robots":{"index":"index","follow":"follow","max-snippet":"max-snippet:-1","max-image-preview":"max-image-preview:large","max-video-preview":"max-video-preview:-1"},"canonical":"https:\/\/gren.com\/ee\/gren-parnus\/","og_locale":"en_US","og_type":"article","og_title":"Gren P\u00e4rnus - Gren Eesti","og_url":"https:\/\/gren.com\/ee\/gren-parnus\/","og_site_name":"Gren Eesti","article_modified_time":"2025-11-27T13:13:35+00:00","twitter_card":"summary_large_image","twitter_misc":{"Est. reading time":"2 minutes"},"schema":{"@context":"https:\/\/schema.org","@graph":[{"@type":"WebPage","@id":"https:\/\/gren.com\/ee\/gren-parnus\/","url":"https:\/\/gren.com\/ee\/gren-parnus\/","name":"Gren P\u00e4rnus - Gren Eesti","isPartOf":{"@id":"https:\/\/gren.com\/ee\/#website"},"datePublished":"2023-12-11T17:42:03+00:00","dateModified":"2025-11-27T13:13:35+00:00","breadcrumb":{"@id":"https:\/\/gren.com\/ee\/gren-parnus\/#breadcrumb"},"inLanguage":"en-US","potentialAction":[{"@type":"ReadAction","target":["https:\/\/gren.com\/ee\/gren-parnus\/"]}]},{"@type":"BreadcrumbList","@id":"https:\/\/gren.com\/ee\/gren-parnus\/#breadcrumb","itemListElement":[{"@type":"ListItem","position":1,"name":"Home","item":"https:\/\/gren.com\/ee\/"},{"@type":"ListItem","position":2,"name":"Gren P\u00e4rnus"}]},{"@type":"WebSite","@id":"https:\/\/gren.com\/ee\/#website","url":"https:\/\/gren.com\/ee\/","name":"Gren Eesti","description":"Me oleme rohelise energia ettev\u00f5te","potentialAction":[{"@type":"SearchAction","target":{"@type":"EntryPoint","urlTemplate":"https:\/\/gren.com\/ee\/?s={search_term_string}"},"query-input":{"@type":"PropertyValueSpecification","valueRequired":true,"valueName":"search_term_string"}}],"inLanguage":"en-US"}]}},"_links":{"self":[{"href":"https:\/\/gren.com\/ee\/wp-json\/wp\/v2\/pages\/10381","targetHints":{"allow":["GET"]}}],"collection":[{"href":"https:\/\/gren.com\/ee\/wp-json\/wp\/v2\/pages"}],"about":[{"href":"https:\/\/gren.com\/ee\/wp-json\/wp\/v2\/types\/page"}],"author":[{"embeddable":true,"href":"https:\/\/gren.com\/ee\/wp-json\/wp\/v2\/users\/10"}],"replies":[{"embeddable":true,"href":"https:\/\/gren.com\/ee\/wp-json\/wp\/v2\/comments?post=10381"}],"version-history":[{"count":9,"href":"https:\/\/gren.com\/ee\/wp-json\/wp\/v2\/pages\/10381\/revisions"}],"predecessor-version":[{"id":16963,"href":"https:\/\/gren.com\/ee\/wp-json\/wp\/v2\/pages\/10381\/revisions\/16963"}],"wp:attachment":[{"href":"https:\/\/gren.com\/ee\/wp-json\/wp\/v2\/media?parent=10381"}],"curies":[{"name":"wp","href":"https:\/\/api.w.org\/{rel}","templated":true}]}}