{"id":10386,"date":"2023-12-11T19:48:53","date_gmt":"2023-12-11T17:48:53","guid":{"rendered":"https:\/\/web-staging.gren.com\/est\/?page_id=10386"},"modified":"2024-01-09T14:54:11","modified_gmt":"2024-01-09T12:54:11","slug":"gren-kohtla-jarve-johvi-piirkonnas","status":"publish","type":"page","link":"https:\/\/gren.com\/ee\/gren-kohtla-jarve-johvi-piirkonnas\/","title":{"rendered":"Gren Kohtla-J\u00e4rve-J\u00f5hvi piirkonnas"},"content":{"rendered":"<style type=\"text\/css\">.page-hero{padding:140px 0 30px;position:relative}.page-hero-content{max-width:300px}.page-hero h4,.page-hero p{font-size:16px;font-weight:400;line-height:24px}.page-hero .date{margin-top:24px;color:#fff;font-size:20px}.page-hero-video-wrap{position:absolute;top:0;left:0;width:100%;height:100%;z-index:-1;overflow:hidden}.page-hero-video{width:100%;height:100%;object-fit:cover}@media(min-width: 576px){.page-hero-content{max-width:850px}}@media(min-width: 992px){.page-hero{padding:210px 0 64px}.page-hero h4,.page-hero p{font-size:24px;line-height:30px}}\n\n\/*# sourceMappingURL=block-page-hero.min.css.map*\/<\/style><section id=\"page-hero-block_6270d36884b7732be0856e8618fe34cc\" class=\"block page-hero\" style=\"background: url(https:\/\/grenweb01.blob.core.windows.net\/gren-web-prod\/sites\/4\/2024\/01\/Gren-Still-02-16-9-V2-scaled-1.jpg) no-repeat center\/cover\">\n\t<div class=\"container\"  data-block-animate>\n\t\t\t\t\t<div class=\"page-hero-content text-wrap\"  data-animate-part>\n\t\t\t\t<section class=\"bg-warmWhite \">\n<div class=\"component-vertical-spacing component-horizontal-spacing headline-spacing undefined\">\n<div class=\"grid\">\n<div class=\"col-12_sm-8\">\n<h2 class=\"h1 burntOrange headline\">Gren Kohtla-J\u00e4rve-J\u00f5hvi piirkonnas<\/h2>\n<\/div>\n<\/div>\n<\/div>\n<\/section>\n\n                \t\t\t<\/div>\n\t\t\t<\/div>\n<\/section>\n\n<style type=\"text\/css\">.full-width-written-content p>a{font-weight:700}\n\n\/*# sourceMappingURL=block-full-width-written-content.min.css.map*\/<\/style><section id=\"full-width-written-content-block_fe991e8bdad583fc791d363e09a786a7\" class=\"block full-width-written-content\">\n\t<div class=\"container\" data-block-animate>\n\t\t<div class=\"text-wrap\" data-animate-part><h4>Me tegeleme soojusenergia edastamise ja m\u00fc\u00fcgiga \u00a0Kohtla-J\u00e4rve linna Ahtme, J\u00e4rve ja Sompa linnaosa, J\u00f5hvi linna ja valla ning Tammiku asula ja J\u00f5hvi k\u00fcla \u00fchendatud v\u00f5rgupiirkonnas ning varustame soojusega \u00fcle 30 000 tarbijat.<\/h4>\n<p>Meie klientideks on korterelamud, eramud, \u00e4rid, t\u00f6\u00f6stused, riiklikud ja kohaliku omavalitsuse asutused \u2013 koolid, lasteaiad, kontorid \u2013 ja paljud teised.<\/p>\n<p>Soojusv\u00f5rgu kaudu klientidele j\u00f5udev soojus saadakse Viru Keemia Grupi t\u00f6\u00f6stusprotsesside heitsoojusena. Heitsoojuse k\u00fctteks kasutamine on t\u00e4nastes muutuvates oludes \u00fclioluline \u2013 heitsoojus on usaldusv\u00e4\u00e4rne kohalik energiaallikas, mis v\u00e4hendab primaark\u00fctuste tarbimist, s\u00f5ltuvust importk\u00fctustest ning \u00f6koloogilist jalaj\u00e4lge.<\/p>\n<p>Lisaks pakume piirkonnas t\u00f6\u00f6stuslikke energialahendusi.<\/p>\n<p>Gren Viru \u00a0juhtimiss\u00fcsteem vastab ISO 9001, ISO 14001, ISO 45001 juhtimiss\u00fcsteemi standardite n\u00f5uetele.<\/p>\n<p><img decoding=\"async\" src=\"https:\/\/grenweb01.blob.core.windows.net\/gren-web-prod\/2022\/12\/dnv_ee_iso_9001_iso_14001_iso_45001_col_medium.png\" \/><\/p>\n<div>\n<div class=\" rich-text\">\n<p><a href=\"https:\/\/gren.com\/est\/gren-viru-juhtpohimotetest\/\" target=\"_blank\" rel=\"noopener\">Loe l\u00e4hemalt Gren Viru juhtp\u00f5him\u00f5tetest<\/a><\/p>\n<\/div>\n<\/div>\n<\/div>\t<\/div>\n<\/section>","protected":false},"excerpt":{"rendered":"","protected":false},"author":10,"featured_media":0,"parent":0,"menu_order":0,"comment_status":"closed","ping_status":"closed","template":"","meta":{"_acf_changed":false,"footnotes":""},"class_list":["post-10386","page","type-page","status-publish","hentry"],"acf":[],"yoast_head":"<!-- This site is optimized with the Yoast SEO plugin v26.8 - https:\/\/yoast.com\/product\/yoast-seo-wordpress\/ -->\n<title>Gren Kohtla-J\u00e4rve-J\u00f5hvi piirkonnas - Gren Eesti<\/title>\n<meta name=\"robots\" content=\"index, follow, max-snippet:-1, max-image-preview:large, max-video-preview:-1\" \/>\n<link rel=\"canonical\" href=\"https:\/\/gren.com\/ee\/gren-kohtla-jarve-johvi-piirkonnas\/\" \/>\n<meta property=\"og:locale\" content=\"en_US\" \/>\n<meta property=\"og:type\" content=\"article\" \/>\n<meta property=\"og:title\" content=\"Gren Kohtla-J\u00e4rve-J\u00f5hvi piirkonnas - Gren Eesti\" \/>\n<meta property=\"og:url\" content=\"https:\/\/gren.com\/ee\/gren-kohtla-jarve-johvi-piirkonnas\/\" \/>\n<meta property=\"og:site_name\" content=\"Gren Eesti\" \/>\n<meta property=\"article:modified_time\" content=\"2024-01-09T12:54:11+00:00\" \/>\n<meta name=\"twitter:card\" content=\"summary_large_image\" \/>\n<meta name=\"twitter:label1\" content=\"Est. reading time\" \/>\n\t<meta name=\"twitter:data1\" content=\"1 minute\" \/>\n<script type=\"application\/ld+json\" class=\"yoast-schema-graph\">{\"@context\":\"https:\/\/schema.org\",\"@graph\":[{\"@type\":\"WebPage\",\"@id\":\"https:\/\/gren.com\/ee\/gren-kohtla-jarve-johvi-piirkonnas\/\",\"url\":\"https:\/\/gren.com\/ee\/gren-kohtla-jarve-johvi-piirkonnas\/\",\"name\":\"Gren Kohtla-J\u00e4rve-J\u00f5hvi piirkonnas - Gren Eesti\",\"isPartOf\":{\"@id\":\"https:\/\/gren.com\/ee\/#website\"},\"datePublished\":\"2023-12-11T17:48:53+00:00\",\"dateModified\":\"2024-01-09T12:54:11+00:00\",\"breadcrumb\":{\"@id\":\"https:\/\/gren.com\/ee\/gren-kohtla-jarve-johvi-piirkonnas\/#breadcrumb\"},\"inLanguage\":\"en-US\",\"potentialAction\":[{\"@type\":\"ReadAction\",\"target\":[\"https:\/\/gren.com\/ee\/gren-kohtla-jarve-johvi-piirkonnas\/\"]}]},{\"@type\":\"BreadcrumbList\",\"@id\":\"https:\/\/gren.com\/ee\/gren-kohtla-jarve-johvi-piirkonnas\/#breadcrumb\",\"itemListElement\":[{\"@type\":\"ListItem\",\"position\":1,\"name\":\"Home\",\"item\":\"https:\/\/gren.com\/ee\/\"},{\"@type\":\"ListItem\",\"position\":2,\"name\":\"Gren Kohtla-J\u00e4rve-J\u00f5hvi piirkonnas\"}]},{\"@type\":\"WebSite\",\"@id\":\"https:\/\/gren.com\/ee\/#website\",\"url\":\"https:\/\/gren.com\/ee\/\",\"name\":\"Gren Eesti\",\"description\":\"Me oleme rohelise energia ettev\u00f5te\",\"potentialAction\":[{\"@type\":\"SearchAction\",\"target\":{\"@type\":\"EntryPoint\",\"urlTemplate\":\"https:\/\/gren.com\/ee\/?s={search_term_string}\"},\"query-input\":{\"@type\":\"PropertyValueSpecification\",\"valueRequired\":true,\"valueName\":\"search_term_string\"}}],\"inLanguage\":\"en-US\"}]}<\/script>\n<!-- \/ Yoast SEO plugin. -->","yoast_head_json":{"title":"Gren Kohtla-J\u00e4rve-J\u00f5hvi piirkonnas - Gren Eesti","robots":{"index":"index","follow":"follow","max-snippet":"max-snippet:-1","max-image-preview":"max-image-preview:large","max-video-preview":"max-video-preview:-1"},"canonical":"https:\/\/gren.com\/ee\/gren-kohtla-jarve-johvi-piirkonnas\/","og_locale":"en_US","og_type":"article","og_title":"Gren Kohtla-J\u00e4rve-J\u00f5hvi piirkonnas - Gren Eesti","og_url":"https:\/\/gren.com\/ee\/gren-kohtla-jarve-johvi-piirkonnas\/","og_site_name":"Gren Eesti","article_modified_time":"2024-01-09T12:54:11+00:00","twitter_card":"summary_large_image","twitter_misc":{"Est. reading time":"1 minute"},"schema":{"@context":"https:\/\/schema.org","@graph":[{"@type":"WebPage","@id":"https:\/\/gren.com\/ee\/gren-kohtla-jarve-johvi-piirkonnas\/","url":"https:\/\/gren.com\/ee\/gren-kohtla-jarve-johvi-piirkonnas\/","name":"Gren Kohtla-J\u00e4rve-J\u00f5hvi piirkonnas - Gren Eesti","isPartOf":{"@id":"https:\/\/gren.com\/ee\/#website"},"datePublished":"2023-12-11T17:48:53+00:00","dateModified":"2024-01-09T12:54:11+00:00","breadcrumb":{"@id":"https:\/\/gren.com\/ee\/gren-kohtla-jarve-johvi-piirkonnas\/#breadcrumb"},"inLanguage":"en-US","potentialAction":[{"@type":"ReadAction","target":["https:\/\/gren.com\/ee\/gren-kohtla-jarve-johvi-piirkonnas\/"]}]},{"@type":"BreadcrumbList","@id":"https:\/\/gren.com\/ee\/gren-kohtla-jarve-johvi-piirkonnas\/#breadcrumb","itemListElement":[{"@type":"ListItem","position":1,"name":"Home","item":"https:\/\/gren.com\/ee\/"},{"@type":"ListItem","position":2,"name":"Gren Kohtla-J\u00e4rve-J\u00f5hvi piirkonnas"}]},{"@type":"WebSite","@id":"https:\/\/gren.com\/ee\/#website","url":"https:\/\/gren.com\/ee\/","name":"Gren Eesti","description":"Me oleme rohelise energia ettev\u00f5te","potentialAction":[{"@type":"SearchAction","target":{"@type":"EntryPoint","urlTemplate":"https:\/\/gren.com\/ee\/?s={search_term_string}"},"query-input":{"@type":"PropertyValueSpecification","valueRequired":true,"valueName":"search_term_string"}}],"inLanguage":"en-US"}]}},"_links":{"self":[{"href":"https:\/\/gren.com\/ee\/wp-json\/wp\/v2\/pages\/10386","targetHints":{"allow":["GET"]}}],"collection":[{"href":"https:\/\/gren.com\/ee\/wp-json\/wp\/v2\/pages"}],"about":[{"href":"https:\/\/gren.com\/ee\/wp-json\/wp\/v2\/types\/page"}],"author":[{"embeddable":true,"href":"https:\/\/gren.com\/ee\/wp-json\/wp\/v2\/users\/10"}],"replies":[{"embeddable":true,"href":"https:\/\/gren.com\/ee\/wp-json\/wp\/v2\/comments?post=10386"}],"version-history":[{"count":6,"href":"https:\/\/gren.com\/ee\/wp-json\/wp\/v2\/pages\/10386\/revisions"}],"predecessor-version":[{"id":11016,"href":"https:\/\/gren.com\/ee\/wp-json\/wp\/v2\/pages\/10386\/revisions\/11016"}],"wp:attachment":[{"href":"https:\/\/gren.com\/ee\/wp-json\/wp\/v2\/media?parent=10386"}],"curies":[{"name":"wp","href":"https:\/\/api.w.org\/{rel}","templated":true}]}}