{"id":10387,"date":"2023-12-11T19:47:31","date_gmt":"2023-12-11T17:47:31","guid":{"rendered":"https:\/\/web-staging.gren.com\/est\/?page_id=10387"},"modified":"2024-10-10T09:40:40","modified_gmt":"2024-10-10T06:40:40","slug":"gren-viru-juhtpohimotetest","status":"publish","type":"page","link":"https:\/\/gren.com\/ee\/gren-viru-juhtpohimotetest\/","title":{"rendered":"Gren Viru juhtp\u00f5him\u00f5tetest"},"content":{"rendered":"<style type=\"text\/css\">.page-hero{padding:140px 0 30px;position:relative}.page-hero-content{max-width:300px}.page-hero h4,.page-hero p{font-size:16px;font-weight:400;line-height:24px}.page-hero .date{margin-top:24px;color:#fff;font-size:20px}.page-hero-video-wrap{position:absolute;top:0;left:0;width:100%;height:100%;z-index:-1;overflow:hidden}.page-hero-video{width:100%;height:100%;object-fit:cover}@media(min-width: 576px){.page-hero-content{max-width:850px}}@media(min-width: 992px){.page-hero{padding:210px 0 64px}.page-hero h4,.page-hero p{font-size:24px;line-height:30px}}\n\n\/*# sourceMappingURL=block-page-hero.min.css.map*\/<\/style><section id=\"page-hero-block_b5ab30597dc93a006f1990ca465acdf9\" class=\"block page-hero\" style=\"background: url(https:\/\/grenweb01.blob.core.windows.net\/gren-web-prod\/sites\/4\/2024\/01\/hero-bg-1.jpg) no-repeat center\/cover\">\n\t<div class=\"container\"  data-block-animate>\n\t\t\t\t\t<div class=\"page-hero-content text-wrap\"  data-animate-part>\n\t\t\t\t<h1><span style=\"color: #ffffff\"> Gren Viru juhtp\u00f5him\u00f5tetest <\/span><\/h1>\n\n                \t\t\t<\/div>\n\t\t\t<\/div>\n<\/section>\n\n<style type=\"text\/css\">.full-width-written-content p>a{font-weight:700}\n\n\/*# sourceMappingURL=block-full-width-written-content.min.css.map*\/<\/style><section id=\"full-width-written-content-block_e8cdd5b1c79acd4fa8ec7e2407b23102\" class=\"block full-width-written-content\">\n\t<div class=\"container\" data-block-animate>\n\t\t<div class=\"text-wrap\" data-animate-part><div>\n<div class=\" rich-text\">\n<p><strong>Gren Viru kvaliteedi, keskkonna, t\u00f6\u00f6tervishoiu ja t\u00f6\u00f6ohutuse juhtp\u00f5him\u00f5tted:<\/strong><\/p>\n<ul>\n<li>pakkuda klientidele esmaklassilisi, keskkonnas\u00f5bralikke ja ohutuid tooteid ning teenuseid kogu toote ja teenuse eluea jooksul;<\/li>\n<li>pakume energialahendusi ning tagame oma klientidele energia, mis panustab kestliku arengu eesm\u00e4rkide saavutamisse;<\/li>\n<li>olla kvaliteedi, keskkonna, t\u00f6\u00f6tervishoiu ja t\u00f6\u00f6ohutuse valdkonnas Eesti ettev\u00f5tete hulgas esimeste seas;<\/li>\n<li>tegutseda vastutustundlikult \u00fchiskonna liikmena ja loodusvarade kasutamisel. Meie tegevused j\u00f5ustavad inimesi, ettev\u00f5tteid ja omavalitsusi ning me hoolime tulevastest p\u00f5lvkondadest.<\/li>\n<\/ul>\n<p><strong>Kvaliteedi, keskkonna, t\u00f6\u00f6tervishoiu ja t\u00f6\u00f6ohutuse juhtp\u00f5him\u00f5tete saavutamiseks l\u00e4htume oma tegevuses j\u00e4rgmisest:<\/strong><\/p>\n<ul>\n<li>tegutseme vastavuses kehtivate seaduste ja normide n\u00f5uetega ning j\u00e4lgime pidevalt seadusandluses tehtud muudatusi;<\/li>\n<li>oleme teadlikud oma \u00e4ritegevusest tulenevatest tervise- ja keskkonnariskidest ning p\u00fc\u00fcame viia need miinimumini;<\/li>\n<li>loome oma t\u00f6\u00f6tajatele ning t\u00f6\u00f6v\u00f5tjatele ohutu ja tervisliku t\u00f6\u00f6keskkonna ja kasutame selliseid t\u00f6\u00f6meetodeid, et t\u00f6\u00f6\u00f5nnetused oleksid v\u00e4lditud. Kaasame ohutu t\u00f6\u00f6keskkonna loomisesse ning hoidmisesse k\u00f5ik t\u00f6\u00f6tajad ning esitame t\u00f6\u00f6v\u00f5tjatele sama k\u00f5rged n\u00f5udmised ja tingimused nagu iseendale;<\/li>\n<li>kindlustame t\u00f6\u00f6tajatele ja t\u00f6\u00f6v\u00f5tjatele vajaliku koolituse sellel tasemel, et t\u00f6id tehes toimiks k\u00f5ik ohutult;<\/li>\n<li>hindame eelnevalt k\u00f5ikide uute investeeringute (sh uute tootmisseadmete ehitamine, varade ostmine ja parendamine, uute k\u00e4itus- ja hoolduslepingute s\u00f5lmimine) keskkonna, t\u00f6\u00f6tervishoiu ja t\u00f6\u00f6ohutuse aspekte ning arvestame neid \u00e4riotsuste tegemise protsessis;<\/li>\n<li>t\u00e4iustame j\u00e4tkuvalt oma kvaliteedi, keskkonna, t\u00f6\u00f6tervishoiu ja t\u00f6\u00f6ohutuse alast tegevust, juurutame vastavat juhtimiss\u00fcsteemi ja t\u00e4iustame seda pidevalt, parendamaks tulemuslikkust;<\/li>\n<li>teeme koost\u00f6\u00f6d ametkondadega, teiste organisatsioonidega ja oluliste huvipooltega, kaitsmaks loodusressursse ja keskkonda;<\/li>\n<li>suhtleme kvaliteedi, keskkonna, t\u00f6\u00f6tervishoiu ja t\u00f6\u00f6ohutuse teemadel avatult, ausalt ja selgelt oma t\u00f6\u00f6tajate, klientide, t\u00f6\u00f6v\u00f5tjate, valitsusasutuste, kohalike omavalitsuste, kogukondade ja koost\u00f6\u00f6partneritega;<\/li>\n<li>rakendame oma tegevuses uusi tehnoloogilisi lahendusi, materjale, toorainet (sh. k\u00fctust), tootmisprotsesse ja t\u00f6\u00f6meetodeid, mis aitavad s\u00e4\u00e4sta loodusressursse ning v\u00f5imaldavad toota ja jaotada energiat efektiivselt.<\/li>\n<\/ul>\n<\/div>\n<\/div>\n<\/div>\t<\/div>\n<\/section>","protected":false},"excerpt":{"rendered":"","protected":false},"author":10,"featured_media":0,"parent":0,"menu_order":0,"comment_status":"closed","ping_status":"closed","template":"","meta":{"_acf_changed":false,"footnotes":""},"class_list":["post-10387","page","type-page","status-publish","hentry"],"acf":[],"yoast_head":"<!-- This site is optimized with the Yoast SEO plugin v26.8 - https:\/\/yoast.com\/product\/yoast-seo-wordpress\/ -->\n<title>Gren Viru juhtp\u00f5him\u00f5tetest - Gren Eesti<\/title>\n<meta name=\"robots\" content=\"index, follow, max-snippet:-1, max-image-preview:large, max-video-preview:-1\" \/>\n<link rel=\"canonical\" href=\"https:\/\/gren.com\/ee\/gren-viru-juhtpohimotetest\/\" \/>\n<meta property=\"og:locale\" content=\"en_US\" \/>\n<meta property=\"og:type\" content=\"article\" \/>\n<meta property=\"og:title\" content=\"Gren Viru juhtp\u00f5him\u00f5tetest - Gren Eesti\" \/>\n<meta property=\"og:url\" content=\"https:\/\/gren.com\/ee\/gren-viru-juhtpohimotetest\/\" \/>\n<meta property=\"og:site_name\" content=\"Gren Eesti\" \/>\n<meta property=\"article:modified_time\" content=\"2024-10-10T06:40:40+00:00\" \/>\n<meta name=\"twitter:card\" content=\"summary_large_image\" \/>\n<meta name=\"twitter:label1\" content=\"Est. reading time\" \/>\n\t<meta name=\"twitter:data1\" content=\"2 minutes\" \/>\n<script type=\"application\/ld+json\" class=\"yoast-schema-graph\">{\"@context\":\"https:\/\/schema.org\",\"@graph\":[{\"@type\":\"WebPage\",\"@id\":\"https:\/\/gren.com\/ee\/gren-viru-juhtpohimotetest\/\",\"url\":\"https:\/\/gren.com\/ee\/gren-viru-juhtpohimotetest\/\",\"name\":\"Gren Viru juhtp\u00f5him\u00f5tetest - Gren Eesti\",\"isPartOf\":{\"@id\":\"https:\/\/gren.com\/ee\/#website\"},\"datePublished\":\"2023-12-11T17:47:31+00:00\",\"dateModified\":\"2024-10-10T06:40:40+00:00\",\"breadcrumb\":{\"@id\":\"https:\/\/gren.com\/ee\/gren-viru-juhtpohimotetest\/#breadcrumb\"},\"inLanguage\":\"en-US\",\"potentialAction\":[{\"@type\":\"ReadAction\",\"target\":[\"https:\/\/gren.com\/ee\/gren-viru-juhtpohimotetest\/\"]}]},{\"@type\":\"BreadcrumbList\",\"@id\":\"https:\/\/gren.com\/ee\/gren-viru-juhtpohimotetest\/#breadcrumb\",\"itemListElement\":[{\"@type\":\"ListItem\",\"position\":1,\"name\":\"Home\",\"item\":\"https:\/\/gren.com\/ee\/\"},{\"@type\":\"ListItem\",\"position\":2,\"name\":\"Gren Viru juhtp\u00f5him\u00f5tetest\"}]},{\"@type\":\"WebSite\",\"@id\":\"https:\/\/gren.com\/ee\/#website\",\"url\":\"https:\/\/gren.com\/ee\/\",\"name\":\"Gren Eesti\",\"description\":\"Me oleme rohelise energia ettev\u00f5te\",\"potentialAction\":[{\"@type\":\"SearchAction\",\"target\":{\"@type\":\"EntryPoint\",\"urlTemplate\":\"https:\/\/gren.com\/ee\/?s={search_term_string}\"},\"query-input\":{\"@type\":\"PropertyValueSpecification\",\"valueRequired\":true,\"valueName\":\"search_term_string\"}}],\"inLanguage\":\"en-US\"}]}<\/script>\n<!-- \/ Yoast SEO plugin. -->","yoast_head_json":{"title":"Gren Viru juhtp\u00f5him\u00f5tetest - Gren Eesti","robots":{"index":"index","follow":"follow","max-snippet":"max-snippet:-1","max-image-preview":"max-image-preview:large","max-video-preview":"max-video-preview:-1"},"canonical":"https:\/\/gren.com\/ee\/gren-viru-juhtpohimotetest\/","og_locale":"en_US","og_type":"article","og_title":"Gren Viru juhtp\u00f5him\u00f5tetest - Gren Eesti","og_url":"https:\/\/gren.com\/ee\/gren-viru-juhtpohimotetest\/","og_site_name":"Gren Eesti","article_modified_time":"2024-10-10T06:40:40+00:00","twitter_card":"summary_large_image","twitter_misc":{"Est. reading time":"2 minutes"},"schema":{"@context":"https:\/\/schema.org","@graph":[{"@type":"WebPage","@id":"https:\/\/gren.com\/ee\/gren-viru-juhtpohimotetest\/","url":"https:\/\/gren.com\/ee\/gren-viru-juhtpohimotetest\/","name":"Gren Viru juhtp\u00f5him\u00f5tetest - Gren Eesti","isPartOf":{"@id":"https:\/\/gren.com\/ee\/#website"},"datePublished":"2023-12-11T17:47:31+00:00","dateModified":"2024-10-10T06:40:40+00:00","breadcrumb":{"@id":"https:\/\/gren.com\/ee\/gren-viru-juhtpohimotetest\/#breadcrumb"},"inLanguage":"en-US","potentialAction":[{"@type":"ReadAction","target":["https:\/\/gren.com\/ee\/gren-viru-juhtpohimotetest\/"]}]},{"@type":"BreadcrumbList","@id":"https:\/\/gren.com\/ee\/gren-viru-juhtpohimotetest\/#breadcrumb","itemListElement":[{"@type":"ListItem","position":1,"name":"Home","item":"https:\/\/gren.com\/ee\/"},{"@type":"ListItem","position":2,"name":"Gren Viru juhtp\u00f5him\u00f5tetest"}]},{"@type":"WebSite","@id":"https:\/\/gren.com\/ee\/#website","url":"https:\/\/gren.com\/ee\/","name":"Gren Eesti","description":"Me oleme rohelise energia ettev\u00f5te","potentialAction":[{"@type":"SearchAction","target":{"@type":"EntryPoint","urlTemplate":"https:\/\/gren.com\/ee\/?s={search_term_string}"},"query-input":{"@type":"PropertyValueSpecification","valueRequired":true,"valueName":"search_term_string"}}],"inLanguage":"en-US"}]}},"_links":{"self":[{"href":"https:\/\/gren.com\/ee\/wp-json\/wp\/v2\/pages\/10387","targetHints":{"allow":["GET"]}}],"collection":[{"href":"https:\/\/gren.com\/ee\/wp-json\/wp\/v2\/pages"}],"about":[{"href":"https:\/\/gren.com\/ee\/wp-json\/wp\/v2\/types\/page"}],"author":[{"embeddable":true,"href":"https:\/\/gren.com\/ee\/wp-json\/wp\/v2\/users\/10"}],"replies":[{"embeddable":true,"href":"https:\/\/gren.com\/ee\/wp-json\/wp\/v2\/comments?post=10387"}],"version-history":[{"count":8,"href":"https:\/\/gren.com\/ee\/wp-json\/wp\/v2\/pages\/10387\/revisions"}],"predecessor-version":[{"id":14423,"href":"https:\/\/gren.com\/ee\/wp-json\/wp\/v2\/pages\/10387\/revisions\/14423"}],"wp:attachment":[{"href":"https:\/\/gren.com\/ee\/wp-json\/wp\/v2\/media?parent=10387"}],"curies":[{"name":"wp","href":"https:\/\/api.w.org\/{rel}","templated":true}]}}