{"id":11109,"date":"2024-01-17T14:36:33","date_gmt":"2024-01-17T12:36:33","guid":{"rendered":"https:\/\/web-staging.gren.com\/est\/?page_id=11109"},"modified":"2026-04-07T09:31:51","modified_gmt":"2026-04-07T06:31:51","slug":"meist","status":"publish","type":"page","link":"https:\/\/gren.com\/ee\/meist\/","title":{"rendered":"Meist"},"content":{"rendered":"<style type=\"text\/css\">.page-hero{padding:140px 0 30px;position:relative}.page-hero-content{max-width:300px}.page-hero h4,.page-hero p{font-size:16px;font-weight:400;line-height:24px}.page-hero .date{margin-top:24px;color:#fff;font-size:20px}.page-hero-video-wrap{position:absolute;top:0;left:0;width:100%;height:100%;z-index:-1;overflow:hidden}.page-hero-video{width:100%;height:100%;object-fit:cover}@media(min-width: 576px){.page-hero-content{max-width:850px}}@media(min-width: 992px){.page-hero{padding:210px 0 64px}.page-hero h4,.page-hero p{font-size:24px;line-height:30px}}\n\n\/*# sourceMappingURL=block-page-hero.min.css.map*\/<\/style><section id=\"page-hero-block_9ea30d360678309e67dc5fc7253b8fc8\" class=\"block page-hero\" style=\"background: url(https:\/\/grenweb01.blob.core.windows.net\/gren-web-prod\/sites\/4\/2024\/01\/Office-Tallinn-4.jpeg) no-repeat center\/cover\">\n\t<div class=\"container\"  data-block-animate>\n\t\t\t\t\t<div class=\"page-hero-content text-wrap\"  data-animate-part>\n\t\t\t\t<h1><span style=\"color: #ffffff\">Meist<\/span><\/h1>\n\n                \t\t\t<\/div>\n\t\t\t<\/div>\n<\/section>\n\n<style type=\"text\/css\">.full-width-written-content p>a{font-weight:700}\n\n\/*# sourceMappingURL=block-full-width-written-content.min.css.map*\/<\/style><section id=\"full-width-written-content-block_381a7119b88bb108589d9e5ec1a9462d\" class=\"block full-width-written-content\">\n\t<div class=\"container\" data-block-animate>\n\t\t<div class=\"text-wrap\" data-animate-part><h3><strong>Ambitsioonika energiaettev\u00f5ttena arendame ja pakume j\u00e4tkusuutlikke energialahendusi <\/strong><\/h3>\n<p>Me oleme Gren &#8211; energiaettev\u00f5te P\u00f5hja-Euroopas. Klientide ja kogukondade igap\u00e4evaste vajaduste rahuldamiseks t\u00f6\u00f6tame v\u00e4lja ja arendame j\u00e4tkusuutlikke projekte, mis \u00a0ulatuvad keskkonda s\u00e4\u00e4stvast kaugk\u00fcttest ja -jahutusest kuni taastuvenergial baseeruvate t\u00f6\u00f6stusettev\u00f5tete energialahendusteni. Meie ambitsioon on olla parim t\u00f6\u00f6stuslike energiateenuste pakkuja ja esimene valik piirkonna energiaprojektide elluviimises.<\/p>\n<p>Investeerime julgelt olemasolevasse \u00e4ritegevusse ning otsime aktiivselt senisest \u00e4ritegevusest kaugemale ulatuvaid projekte. Greni investeeringutega loome v\u00e4\u00e4rtust \u00fchiskonnale ja ettev\u00f5tetele l\u00e4bi s\u00fcsinikuheitmete ja fossiilk\u00fctuste kasutamise v\u00e4hendamise ning energiajulgeoleku t\u00f5stmise. Panustame edumeelse \u00e4riplatvormi arendamisse, et kasvada v\u00e4ljapoole p\u00f5hilisi koduturge. Oleme keskendunud parimate energialahenduste pakkumisele ning j\u00e4tkusuutliku energia tootmisele, mis p\u00f5hineb kohalikel taastuvatel energiaallikatel, j\u00e4\u00e4tmetel ja t\u00f6\u00f6stusprotsesside heitsoojusel.<\/p>\n<p>Ettev\u00f5te tegutseb Eestis, Soomes, Rootsis, L\u00e4tis, Leedus ja \u00dchendkuningriigis. Meil on ambitsioonikad kasvuplaanid oma \u00e4ritegevuse laiendamiseks.<\/p>\n<\/div>\t<\/div>\n<\/section>\n\n<style type=\"text\/css\">.block.statistics{color:#fff;overflow:hidden}.block.statistics .listing-wrap{position:relative;display:flex;flex-wrap:wrap;justify-content:space-between;max-width:900px;margin:0 auto;height:160px}@media(min-width: 768px){.block.statistics .listing-wrap{height:auto;gap:48px 16px}}.block.statistics .listing-wrap .listing-col{position:absolute;width:100%;height:100%}@media(min-width: 768px){.block.statistics .listing-wrap .listing-col{position:relative;width:calc(50% - 8px);height:auto}}.block.statistics .listing-wrap .listing-col .col-wrap{width:100%;display:flex;align-items:center}@media(min-width: 768px){.block.statistics .listing-wrap .listing-col .col-wrap{max-width:305px;margin:0 auto;display:flex}}.block.statistics .statistics-card{opacity:0;width:100%}@media(min-width: 768px){.block.statistics .statistics-card{opacity:1}}.block.statistics .statistics-card h2{font-size:64px;font-weight:700;line-height:68px;white-space:nowrap}@media(min-width: 768px){.block.statistics .statistics-card h2{font-size:48px;font-weight:700;line-height:50px}}.block.statistics .statistics-card img{height:56px;width:auto}.block.statistics .statistics-card .card-top,.block.statistics .statistics-card .card-name,.block.statistics .statistics-card .card-border-wrap{width:60%}@media(min-width: 768px){.block.statistics .statistics-card .card-top,.block.statistics .statistics-card .card-name,.block.statistics .statistics-card .card-border-wrap{width:100%}}.block.statistics .statistics-card .card-top{text-align:right}@media(min-width: 768px){.block.statistics .statistics-card .card-top{display:flex;justify-content:space-between;align-items:baseline;overflow:hidden}}.block.statistics .statistics-card .card-top img{display:none}@media(min-width: 768px){.block.statistics .statistics-card .card-top img{display:block}}.block.statistics .statistics-card .card-border-wrap .card-border{width:calc(100% + 32px);height:5px;background:#e8412c;margin-top:5px;transform:translateX(-32px)}@media(min-width: 768px){.block.statistics .statistics-card .card-border-wrap .card-border{width:100%;transform:translateX(0);margin-top:12px}}.block.statistics .statistics-card .card-name{position:relative;margin-top:12px;font-size:32px;line-height:36px;font-weight:400;text-align:right}@media(min-width: 768px){.block.statistics .statistics-card .card-name{text-align:left;font-size:24px;line-height:30px;margin-top:8px}}.block.statistics .statistics-card .card-name img{position:absolute;right:-20px;bottom:0;transform:translate(100%, 10%)}@media(min-width: 768px){.block.statistics .statistics-card .card-name img{display:none}}\n\n\/*# sourceMappingURL=block-statistics.min.css.map*\/<\/style>\n<section id=\"statistics-block_6a9b139e5b3fda466b19a05596fa3e04\" class=\"block statistics bg-primary\">\n\t<div class=\"container\">\n        <div class=\"statistics-slider listing-wrap\">\n                            <div class=\"listing-col\">\n                    <div class=\"col-wrap\">\n                        <div class=\"statistics-card\" data-speed=\"2\">\n                            <div class=\"card-top\">\n                                                                    <img decoding=\"async\" src=\"https:\/\/grenweb01.blob.core.windows.net\/gren-web-prod\/2023\/11\/Layer_1-1.svg\" alt=\"\" height=\"56\" width=\"77\" loading=\"lazy\">\n                                                                <h2>~260 EURm<\/h2>\n                            <\/div>\n                            <div class=\"card-border-wrap\">\n                                <div class=\"card-border\"><\/div>\n                            <\/div>\n                            <div class=\"card-name\">\n                                Tulu (2025)                                                                    <img decoding=\"async\" src=\"https:\/\/grenweb01.blob.core.windows.net\/gren-web-prod\/2023\/11\/Layer_1-1.svg\" class=\"mobile-icon\" alt=\"\" height=\"56\" width=\"77\" loading=\"lazy\">\n                                                            <\/div>\n                        <\/div>\n                    <\/div>\n                <\/div>\n                            <div class=\"listing-col\">\n                    <div class=\"col-wrap\">\n                        <div class=\"statistics-card\" data-speed=\"2\">\n                            <div class=\"card-top\">\n                                                                    <img decoding=\"async\" src=\"https:\/\/grenweb01.blob.core.windows.net\/gren-web-prod\/2023\/11\/Asset-28-1.svg\" alt=\"Icon of workforce\" height=\"56\" width=\"77\" loading=\"lazy\">\n                                                                <h2>3 TWh<\/h2>\n                            <\/div>\n                            <div class=\"card-border-wrap\">\n                                <div class=\"card-border\"><\/div>\n                            <\/div>\n                            <div class=\"card-name\">\n                                Energia m\u00fc\u00fcki                                                                    <img decoding=\"async\" src=\"https:\/\/grenweb01.blob.core.windows.net\/gren-web-prod\/2023\/11\/Asset-28-1.svg\" class=\"mobile-icon\" alt=\"Icon of workforce\" height=\"56\" width=\"77\" loading=\"lazy\">\n                                                            <\/div>\n                        <\/div>\n                    <\/div>\n                <\/div>\n                            <div class=\"listing-col\">\n                    <div class=\"col-wrap\">\n                        <div class=\"statistics-card\" data-speed=\"2\">\n                            <div class=\"card-top\">\n                                                                    <img decoding=\"async\" src=\"https:\/\/grenweb01.blob.core.windows.net\/gren-web-prod\/sites\/4\/2023\/12\/Asset-26-1.svg\" alt=\"Icon of customer care\" height=\"56\" width=\"77\" loading=\"lazy\">\n                                                                <h2>&gt;36,500<\/h2>\n                            <\/div>\n                            <div class=\"card-border-wrap\">\n                                <div class=\"card-border\"><\/div>\n                            <\/div>\n                            <div class=\"card-name\">\n                                Klienti                                                                    <img decoding=\"async\" src=\"https:\/\/grenweb01.blob.core.windows.net\/gren-web-prod\/sites\/4\/2023\/12\/Asset-26-1.svg\" class=\"mobile-icon\" alt=\"Icon of customer care\" height=\"56\" width=\"77\" loading=\"lazy\">\n                                                            <\/div>\n                        <\/div>\n                    <\/div>\n                <\/div>\n                            <div class=\"listing-col\">\n                    <div class=\"col-wrap\">\n                        <div class=\"statistics-card\" data-speed=\"2\">\n                            <div class=\"card-top\">\n                                                                    <img decoding=\"async\" src=\"https:\/\/grenweb01.blob.core.windows.net\/gren-web-prod\/sites\/4\/2023\/12\/Layer_1-2.svg\" alt=\"\" height=\"56\" width=\"77\" loading=\"lazy\">\n                                                                <h2>500+<\/h2>\n                            <\/div>\n                            <div class=\"card-border-wrap\">\n                                <div class=\"card-border\"><\/div>\n                            <\/div>\n                            <div class=\"card-name\">\n                                T\u00f6\u00f6tajaid                                                                    <img decoding=\"async\" src=\"https:\/\/grenweb01.blob.core.windows.net\/gren-web-prod\/sites\/4\/2023\/12\/Layer_1-2.svg\" class=\"mobile-icon\" alt=\"\" height=\"56\" width=\"77\" loading=\"lazy\">\n                                                            <\/div>\n                        <\/div>\n                    <\/div>\n                <\/div>\n                    <\/div>\n\t<\/div>\n<\/section>\n\n\n<section id=\"full-width-written-content-block_c333fc1e658dab1b1b58264facf83801\" class=\"block full-width-written-content\">\n\t<div class=\"container\" data-block-animate>\n\t\t<div class=\"text-wrap\" data-animate-part><h3>Gren kuulub Partners Grupile<\/h3>\n<p>Gren kuulub Partners Grupile, mis on \u00fcks suurimaid erakapitali investoreid. Partners Group on globaalne turgudele investeeriv ettev\u00f5te. Alates 1996. aastast on ettev\u00f5te \u00fcle kogu maailma investeerinud erakapitali, kinnisvarasse, v\u00f5lakirjadesse ja infrastruktuuri 221 miljardit USA dollarit. Partners Group otsib v\u00f5imalusi tulu teenimiseks, j\u00e4lgides valdkondlikke kasvutrende ning muutes atraktiivsed ettev\u00f5tted ja varad turuliidriteks. P\u00fchendunud ja vastutustundliku investorina on ettev\u00f5tte eesm\u00e4rk luua j\u00e4tkusuutlikku tulu, millel on p\u00fcsiv ja positiivne m\u00f5ju k\u00f5ikidele sidusr\u00fchmadele. Partners Groupi piirkondlikud peakontorid asuvad Baar-Zugis (\u0160veitsis), Denveris (USA-s) ja Singapuris. Aastast 2006 on ettev\u00f5te noteeritud \u0160veitsi b\u00f6rsil SIX (s\u00fcmbol: PGHN).<\/p>\n<\/div>\t<\/div>\n<\/section>\n\n<style type=\"text\/css\">.zig-zag{padding:0;position:relative;overflow-y:hidden}.zig-zag.bg-dark-green,.zig-zag.bg-dark-red{color:#fff}.zig-zag.bg-light-green a{color:#fff}.zig-zag.bg-light-green a:after{background-color:#fff}.zig-zag.bg-light-green a:hover:after{background-color:#e8412c}.zig-zag .img-wrap,.zig-zag .text-wrap{width:100%;height:100%}.zig-zag .text-wrap{display:flex;padding:25px 16px 62px 24px;flex-direction:column;justify-content:space-between;align-items:flex-start;min-height:403px}.zig-zag .text-wrap .text{display:flex;flex-direction:column;align-items:flex-start;gap:48px}.zig-zag .text-wrap .text h2{margin:0;font-size:24px;line-height:28px;color:#9cbbba !important}.zig-zag .text-wrap .text h2.light-green{color:#9cbbba !important}.zig-zag .text-wrap .text h2.white{color:#fff !important}.zig-zag .text-wrap .text h2.black{color:#000 !important}.zig-zag .text-wrap p>a{font-weight:700;position:relative;transition:all ease-in-out .3s;margin-top:50px;display:inline-block}.zig-zag .text-wrap p>a:active{color:#9cbbba !important}.zig-zag .img-wrap{position:relative}.zig-zag .img-wrap img{object-fit:cover;object-position:center;width:100%;height:100%}.zig-zag .right-col{height:100%}.zig-zag .right-col p{opacity:.6;margin:12px 0 0}.zig-zag.reversed .row{justify-content:flex-end}@media(max-width: 767.98px){.zig-zag:not(.reversed) .right-col{order:1}.zig-zag:not(.reversed) .left-col{order:2}.zig-zag.reversed .left-col{order:2 !important}.zig-zag.reversed .right-col{order:1 !important}.zig-zag .img-wrap img{min-height:403px}.zig-zag .container{max-width:unset !important;padding:0}}@media(min-width: 768px){.zig-zag:not(.reversed) .left-col .text-wrap{padding-left:0 !important}.zig-zag.reversed .left-col{order:2}.zig-zag.reversed .right-col{order:1;right:unset;left:0}.zig-zag .text-wrap{padding:64px;gap:33px}.zig-zag .text-wrap .text{gap:33px}.zig-zag .text-wrap .text h2{font-size:36px;line-height:38px}.zig-zag .right-col{position:absolute;right:0}}@media(min-width: 992px){.zig-zag .row{gap:0}.zig-zag .text-wrap{padding:64px;max-width:500px}.zig-zag .text-wrap p>a{margin-top:0}.zig-zag .text-wrap p>a:hover{color:#e8412c}}\n\n\/*# sourceMappingURL=block-zig-zag.min.css.map*\/<\/style><section id=\"zig-zag-block_f2ccc882daf4a032818aa010f0f30145\" class=\"block zig-zag bg-white reversed\">\n    <div class=\"container\" data-block-animate>\n        <div class=\"row g-0\">\n            <div class=\"col-12 col-md-6 left-col\" data-animate-part>\n                <div class=\"text-wrap\"><div class=\"text\"><h3 class=\"black\">Greni kliendibaas on j\u00f5udsalt kasvanud<\/h2><div><p>Meie kliendibaas on kasvanud t\u00e4nu kaugk\u00fctte- ja jahutuslahendustega liitujatele ning energiaettev\u00f5tete omandamisele Baltikumis ja Suurbritannias.<\/p>\n<p>&nbsp;<\/p>\n<p>&nbsp;<\/p>\n<\/div><\/div>                                                    <\/div>            <\/div><!--\/.col-->\n            <div class=\"col-12 col-md-6 right-col\" data-animate-part>\n                <div class=\"img-wrap\"><img data-lazy-src=\"https:\/\/grenweb01.blob.core.windows.net\/gren-web-prod\/sites\/4\/2024\/01\/Gren_logo_RGB.png\" alt=\"\"  \/><\/div>            <\/div><!--\/.col-->\n        <\/div>\n    <\/div>\n<\/section>\n\n<style type=\"text\/css\">.two-column-content{position:relative;padding:48px 0 0;overflow-y:hidden}.two-column-content.bg-dark-green,.two-column-content.bg-dark-red{color:#fff}.two-column-content .img-wrap,.two-column-content .text-wrap{width:100%}.two-column-content .block-background-image img{position:absolute;width:100%;height:100%;object-position:center;object-fit:cover;top:0;left:0}.two-column-content .container{position:relative}.two-column-content .text-wrap{padding:0 16px}.two-column-content .text-wrap ul li{font-size:16px}.two-column-content .text-wrap p>a{font-weight:700;position:relative;transition:all ease-in-out .3s;margin-top:50px;display:inline-block}.two-column-content .text-wrap p>a:active{color:#9cbbba !important}.two-column-content .text-inner{padding:24px 16px;border-radius:4px}.two-column-content .text-inner .btn{display:inline-block}.two-column-content .img-wrap{position:relative;height:100%}.two-column-content .img-wrap img{object-fit:contain;object-position:top;width:100%;height:100%}.two-column-content .with-image .right-col p{opacity:.6;margin:12px 0 0}.two-column-content .right-col img{width:100%}@media(max-width: 767.98px){.two-column-content .container{padding:0}.two-column-content .text-wrap{margin:24px 0}.two-column-content .with-image .right-col{order:1}.two-column-content .with-image .left-col{order:2}.two-column-content.reversed .left-col{order:2 !important}.two-column-content.reversed .right-col{order:1 !important}}@media(min-width: 768px){.two-column-content{padding:32px 0}.two-column-content .img-wrap img{max-height:500px}.two-column-content .only-text .left-col .text-wrap{padding-right:28px !important}.two-column-content .only-text .right-col .text-wrap{padding-left:28px}.two-column-content:not(.reversed) .left-col .text-wrap{padding-right:64px}.two-column-content.reversed .left-col{order:2 !important}.two-column-content.reversed .left-col .text-wrap{padding-left:64px}.two-column-content.reversed .right-col{order:1 !important}}@media(min-width: 992px){.two-column-content .row.with-image .right-col{order:unset}.two-column-content .row.with-image .left-col{order:unset}.two-column-content .text-wrap{justify-self:start}.two-column-content .text-wrap p>a{margin-top:0}.two-column-content .text-wrap p>a:hover{color:#e8412c}.two-column-content.align-middle .col-6{display:flex;align-items:center}.two-column-content.align-bottom .col-6{display:flex;align-items:end}}\n\n\/*# sourceMappingURL=block-two-column-content.min.css.map*\/<\/style><section id=\"two-column-content-block_07ddbaf1e05af48e3f365a03776040d8\" class=\"block two-column-content bg-light-green\" data-menu-target>\n        <div class=\"container\" data-block-animate>\n        <div class=\"row g-0 with-image\">\n            <div class=\"col-12 col-md-6 left-col\" data-animate-part>\n                <div class=\"text-wrap\"><div class=\"text-inner\" style=\"\"><h3>Eleport arendab elektris\u00f5idukite laadimisv\u00f5rgustikku<\/h3>\n<p>Eleport on Eesti ettev\u00f5te, mis arendab Euroopas elektris\u00f5idukite laadimisv\u00f5rgustikku, aidates kaasa s\u00e4\u00e4stvamale transpordile \u00fcleminekut. Eleport on \u00fcks kiiremini kasvavaid tegijaid elektromobiilsuse turul, pakkudes energiat ELi poolt sertifitseeritud taastuvatest energiaallikatest. Gren otsustas 2024. aasta m\u00e4rtsis tugevdada oma osalust ettev\u00f5ttes.<\/p>\n<p>www.eleport.com<\/p>\n<\/div><\/div>\n            <\/div><!--\/.col-->\n            <div class=\"col-12 col-md-6 right-col\" data-animate-part>\n                <div class=\"img-wrap\"><img loading=\"lazy\" decoding=\"async\" width=\"1024\" height=\"300\" src=\"https:\/\/grenweb01.blob.core.windows.net\/gren-web-prod\/sites\/4\/2024\/05\/Eleport-logo-black-1024x300-1.png\" class=\"attachment-large size-large\" alt=\"\" srcset=\"https:\/\/grenweb01.blob.core.windows.net\/gren-web-prod\/sites\/4\/2024\/05\/Eleport-logo-black-1024x300-1.png 1024w, https:\/\/grenweb01.blob.core.windows.net\/gren-web-prod\/sites\/4\/2024\/05\/Eleport-logo-black-1024x300-1-300x88.png 300w, https:\/\/grenweb01.blob.core.windows.net\/gren-web-prod\/sites\/4\/2024\/05\/Eleport-logo-black-1024x300-1-768x225.png 768w\" sizes=\"auto, (max-width: 1024px) 100vw, 1024px\" \/><\/div>            <\/div><!--\/.col-->\n        <\/div>\n    <\/div>\n<\/section>","protected":false},"excerpt":{"rendered":"","protected":false},"author":6,"featured_media":0,"parent":0,"menu_order":0,"comment_status":"closed","ping_status":"closed","template":"","meta":{"_acf_changed":false,"footnotes":""},"class_list":["post-11109","page","type-page","status-publish","hentry"],"acf":[],"yoast_head":"<!-- This site is optimized with the Yoast SEO plugin v26.8 - https:\/\/yoast.com\/product\/yoast-seo-wordpress\/ -->\n<title>Meist - Gren Eesti<\/title>\n<meta name=\"description\" content=\"Gren on P\u00f5hja-Euroopa energiaettev\u00f5te. Me t\u00f6\u00f6tame v\u00e4lja ja arendame roheenergia projekte, mis \u00a0ulatuvad keskkonda s\u00e4\u00e4stvast kaugk\u00fcttest ja -jahutusest kuni taastuvenergial baseeruvate t\u00f6\u00f6stusettev\u00f5tete energialahendusteni rahuldada klientide ja kogukondade igap\u00e4evaseid vajadusi.\" \/>\n<meta name=\"robots\" content=\"index, follow, max-snippet:-1, max-image-preview:large, max-video-preview:-1\" \/>\n<link rel=\"canonical\" href=\"https:\/\/gren.com\/ee\/meist\/\" \/>\n<meta property=\"og:locale\" content=\"en_US\" \/>\n<meta property=\"og:type\" content=\"article\" \/>\n<meta property=\"og:title\" content=\"Meist - Gren Eesti\" \/>\n<meta property=\"og:description\" content=\"Gren on P\u00f5hja-Euroopa energiaettev\u00f5te. Me t\u00f6\u00f6tame v\u00e4lja ja arendame roheenergia projekte, mis \u00a0ulatuvad keskkonda s\u00e4\u00e4stvast kaugk\u00fcttest ja -jahutusest kuni taastuvenergial baseeruvate t\u00f6\u00f6stusettev\u00f5tete energialahendusteni rahuldada klientide ja kogukondade igap\u00e4evaseid vajadusi.\" \/>\n<meta property=\"og:url\" content=\"https:\/\/gren.com\/ee\/meist\/\" \/>\n<meta property=\"og:site_name\" content=\"Gren Eesti\" \/>\n<meta property=\"article:modified_time\" content=\"2026-04-07T06:31:51+00:00\" \/>\n<meta name=\"twitter:card\" content=\"summary_large_image\" \/>\n<meta name=\"twitter:label1\" content=\"Est. reading time\" \/>\n\t<meta name=\"twitter:data1\" content=\"3 minutes\" \/>\n<script type=\"application\/ld+json\" class=\"yoast-schema-graph\">{\"@context\":\"https:\/\/schema.org\",\"@graph\":[{\"@type\":\"WebPage\",\"@id\":\"https:\/\/gren.com\/ee\/meist\/\",\"url\":\"https:\/\/gren.com\/ee\/meist\/\",\"name\":\"Meist - Gren Eesti\",\"isPartOf\":{\"@id\":\"https:\/\/gren.com\/ee\/#website\"},\"datePublished\":\"2024-01-17T12:36:33+00:00\",\"dateModified\":\"2026-04-07T06:31:51+00:00\",\"description\":\"Gren on P\u00f5hja-Euroopa energiaettev\u00f5te. Me t\u00f6\u00f6tame v\u00e4lja ja arendame roheenergia projekte, mis \u00a0ulatuvad keskkonda s\u00e4\u00e4stvast kaugk\u00fcttest ja -jahutusest kuni taastuvenergial baseeruvate t\u00f6\u00f6stusettev\u00f5tete energialahendusteni rahuldada klientide ja kogukondade igap\u00e4evaseid vajadusi.\",\"breadcrumb\":{\"@id\":\"https:\/\/gren.com\/ee\/meist\/#breadcrumb\"},\"inLanguage\":\"en-US\",\"potentialAction\":[{\"@type\":\"ReadAction\",\"target\":[\"https:\/\/gren.com\/ee\/meist\/\"]}]},{\"@type\":\"BreadcrumbList\",\"@id\":\"https:\/\/gren.com\/ee\/meist\/#breadcrumb\",\"itemListElement\":[{\"@type\":\"ListItem\",\"position\":1,\"name\":\"Home\",\"item\":\"https:\/\/gren.com\/ee\/\"},{\"@type\":\"ListItem\",\"position\":2,\"name\":\"Meist\"}]},{\"@type\":\"WebSite\",\"@id\":\"https:\/\/gren.com\/ee\/#website\",\"url\":\"https:\/\/gren.com\/ee\/\",\"name\":\"Gren Eesti\",\"description\":\"Me oleme rohelise energia ettev\u00f5te\",\"potentialAction\":[{\"@type\":\"SearchAction\",\"target\":{\"@type\":\"EntryPoint\",\"urlTemplate\":\"https:\/\/gren.com\/ee\/?s={search_term_string}\"},\"query-input\":{\"@type\":\"PropertyValueSpecification\",\"valueRequired\":true,\"valueName\":\"search_term_string\"}}],\"inLanguage\":\"en-US\"}]}<\/script>\n<!-- \/ Yoast SEO plugin. -->","yoast_head_json":{"title":"Meist - Gren Eesti","description":"Gren on P\u00f5hja-Euroopa energiaettev\u00f5te. Me t\u00f6\u00f6tame v\u00e4lja ja arendame roheenergia projekte, mis \u00a0ulatuvad keskkonda s\u00e4\u00e4stvast kaugk\u00fcttest ja -jahutusest kuni taastuvenergial baseeruvate t\u00f6\u00f6stusettev\u00f5tete energialahendusteni rahuldada klientide ja kogukondade igap\u00e4evaseid vajadusi.","robots":{"index":"index","follow":"follow","max-snippet":"max-snippet:-1","max-image-preview":"max-image-preview:large","max-video-preview":"max-video-preview:-1"},"canonical":"https:\/\/gren.com\/ee\/meist\/","og_locale":"en_US","og_type":"article","og_title":"Meist - Gren Eesti","og_description":"Gren on P\u00f5hja-Euroopa energiaettev\u00f5te. Me t\u00f6\u00f6tame v\u00e4lja ja arendame roheenergia projekte, mis \u00a0ulatuvad keskkonda s\u00e4\u00e4stvast kaugk\u00fcttest ja -jahutusest kuni taastuvenergial baseeruvate t\u00f6\u00f6stusettev\u00f5tete energialahendusteni rahuldada klientide ja kogukondade igap\u00e4evaseid vajadusi.","og_url":"https:\/\/gren.com\/ee\/meist\/","og_site_name":"Gren Eesti","article_modified_time":"2026-04-07T06:31:51+00:00","twitter_card":"summary_large_image","twitter_misc":{"Est. reading time":"3 minutes"},"schema":{"@context":"https:\/\/schema.org","@graph":[{"@type":"WebPage","@id":"https:\/\/gren.com\/ee\/meist\/","url":"https:\/\/gren.com\/ee\/meist\/","name":"Meist - Gren Eesti","isPartOf":{"@id":"https:\/\/gren.com\/ee\/#website"},"datePublished":"2024-01-17T12:36:33+00:00","dateModified":"2026-04-07T06:31:51+00:00","description":"Gren on P\u00f5hja-Euroopa energiaettev\u00f5te. Me t\u00f6\u00f6tame v\u00e4lja ja arendame roheenergia projekte, mis \u00a0ulatuvad keskkonda s\u00e4\u00e4stvast kaugk\u00fcttest ja -jahutusest kuni taastuvenergial baseeruvate t\u00f6\u00f6stusettev\u00f5tete energialahendusteni rahuldada klientide ja kogukondade igap\u00e4evaseid vajadusi.","breadcrumb":{"@id":"https:\/\/gren.com\/ee\/meist\/#breadcrumb"},"inLanguage":"en-US","potentialAction":[{"@type":"ReadAction","target":["https:\/\/gren.com\/ee\/meist\/"]}]},{"@type":"BreadcrumbList","@id":"https:\/\/gren.com\/ee\/meist\/#breadcrumb","itemListElement":[{"@type":"ListItem","position":1,"name":"Home","item":"https:\/\/gren.com\/ee\/"},{"@type":"ListItem","position":2,"name":"Meist"}]},{"@type":"WebSite","@id":"https:\/\/gren.com\/ee\/#website","url":"https:\/\/gren.com\/ee\/","name":"Gren Eesti","description":"Me oleme rohelise energia ettev\u00f5te","potentialAction":[{"@type":"SearchAction","target":{"@type":"EntryPoint","urlTemplate":"https:\/\/gren.com\/ee\/?s={search_term_string}"},"query-input":{"@type":"PropertyValueSpecification","valueRequired":true,"valueName":"search_term_string"}}],"inLanguage":"en-US"}]}},"_links":{"self":[{"href":"https:\/\/gren.com\/ee\/wp-json\/wp\/v2\/pages\/11109","targetHints":{"allow":["GET"]}}],"collection":[{"href":"https:\/\/gren.com\/ee\/wp-json\/wp\/v2\/pages"}],"about":[{"href":"https:\/\/gren.com\/ee\/wp-json\/wp\/v2\/types\/page"}],"author":[{"embeddable":true,"href":"https:\/\/gren.com\/ee\/wp-json\/wp\/v2\/users\/6"}],"replies":[{"embeddable":true,"href":"https:\/\/gren.com\/ee\/wp-json\/wp\/v2\/comments?post=11109"}],"version-history":[{"count":76,"href":"https:\/\/gren.com\/ee\/wp-json\/wp\/v2\/pages\/11109\/revisions"}],"predecessor-version":[{"id":17125,"href":"https:\/\/gren.com\/ee\/wp-json\/wp\/v2\/pages\/11109\/revisions\/17125"}],"wp:attachment":[{"href":"https:\/\/gren.com\/ee\/wp-json\/wp\/v2\/media?parent=11109"}],"curies":[{"name":"wp","href":"https:\/\/api.w.org\/{rel}","templated":true}]}}