{"id":11346,"date":"2024-01-17T18:14:54","date_gmt":"2024-01-17T16:14:54","guid":{"rendered":"https:\/\/web-staging.gren.com\/est\/?page_id=11346"},"modified":"2024-10-28T13:12:39","modified_gmt":"2024-10-28T11:12:39","slug":"teenused-ja-liitumine","status":"publish","type":"page","link":"https:\/\/gren.com\/ee\/teenused-ja-liitumine\/","title":{"rendered":"Teenused ja liitumine"},"content":{"rendered":"<style type=\"text\/css\">.page-hero{padding:140px 0 30px;position:relative}.page-hero-content{max-width:300px}.page-hero h4,.page-hero p{font-size:16px;font-weight:400;line-height:24px}.page-hero .date{margin-top:24px;color:#fff;font-size:20px}.page-hero-video-wrap{position:absolute;top:0;left:0;width:100%;height:100%;z-index:-1;overflow:hidden}.page-hero-video{width:100%;height:100%;object-fit:cover}@media(min-width: 576px){.page-hero-content{max-width:850px}}@media(min-width: 992px){.page-hero{padding:210px 0 64px}.page-hero h4,.page-hero p{font-size:24px;line-height:30px}}\n\n\/*# sourceMappingURL=block-page-hero.min.css.map*\/<\/style><section id=\"page-hero-block_891709e99d6291883692e5a4eaa6f248\" class=\"block page-hero\" style=\"background: url(https:\/\/grenweb01.blob.core.windows.net\/gren-web-prod\/sites\/4\/2024\/01\/Office-Tallinn-3.jpeg) no-repeat center\/cover\">\n\t<div class=\"container\"  data-block-animate>\n\t\t\t\t\t<div class=\"page-hero-content text-wrap\"  data-animate-part>\n\t\t\t\t<h1><span style=\"color: #ffffff\">Teenused ja liitumine<\/span><\/h1>\n<p><span style=\"color: #ffffff\">Meie klientideks on eramajad, kortermajad, b\u00fcroohooned, kaubanduspinnad, meditsiini- ja \u00f5ppehooned ning erinevad t\u00f6\u00f6stused. K\u00f5ik meie teenused on keskkonnas\u00f5bralikud, t\u00f6\u00f6kindlad ja soodsad.<\/span><\/p>\n\n                \t\t\t<\/div>\n\t\t\t<\/div>\n<\/section>\n\n<style type=\"text\/css\">.services-intro{margin-bottom:48px}.services-listing{display:flex;gap:16px;flex-wrap:wrap;transition:all ease-in-out .3s}.services-button{border-radius:8px;padding:30px 30px 30px 45px;position:relative;overflow:hidden;display:flex;flex-wrap:wrap;align-items:center;height:100%;align-self:flex-start;cursor:pointer;width:100%;transition:all ease-in-out .3s}.services-button-top{display:flex;justify-content:space-between;gap:12px;align-items:center;min-height:60px;width:100%;z-index:2;position:relative}.services-button-bottom{transition:all ease-in-out .3s;width:100%;display:flex;visibility:hidden;opacity:0;height:0;flex-wrap:wrap;z-index:2;justify-content:flex-end;color:#fff}.services-button-bottom p{transition:all ease-in-out .3s;width:100%;font-weight:400;margin-bottom:16px;visibility:hidden;transform:translateY(30px);opacity:0}.services-button-bottom .btn{transition:all ease-in-out .3s;opacity:0;visibility:hidden;transform:translateY(30px)}.services-button.active{transition:all ease-in-out .3s}.services-button.active .services-button-bottom{transition:all ease-in-out .3s;padding-top:30px;visibility:visible;height:auto;opacity:1}.services-button.active .services-button-bottom p{transition:all ease-in-out .45s;transition-delay:.15s;transform:translateY(0);visibility:visible;opacity:1}.services-button.active .services-button-bottom .btn{transition:all ease-in-out .45s;transition-delay:.15s;transform:translateY(0);visibility:visible;opacity:1}.services-button.active button{transition:all ease-in-out .3s;transform:rotate(90deg)}.services-button::before{display:block;width:16px;height:100%;content:\"\";position:absolute;left:0;top:0;z-index:1;transition:all ease-in-out .3s}.services-button.bg-blue::before{background-color:#18213b}.services-button.bg-green::before{background-color:#0a2e1e}.services-button.bg-red::before{background-color:#540f1a}.services-button.bg-teal::before{background-color:#9cbbba}.services-button.bg-orange::before{background-color:#e8412c}.services-button h4{margin-bottom:0;font-size:24px;line-height:30px;color:#fff;max-width:210px}.services-button button{transition:all ease-in-out .3s;background:none;border:none;outline:none;width:45px;height:45px}@media(min-width: 992px){.services{padding:96px 0}.services-intro{max-width:300px}.services-listing{gap:32px 24px}.services-button{width:calc(50% - 12px)}.services-button:hover:not(.active) svg path{stroke:#e8412c}.services-button:hover:not(.active)::before{width:100%}}\n\n\/*# sourceMappingURL=block-services.min.css.map*\/<\/style><section id=\"services-block_f315cc2a0f30fd8976e3c3676d836123\" class=\"block services bg-white\" data-accordion-block>\n\t<div class=\"container\" data-block-animate>\n\t\t<div class=\"row\">\n\t\t\t<div class=\"col-12 col-lg-4\" data-animate-part>\n\t\t\t\t<div class=\"services-intro text-wrap\">\n\t\t\t\t\t<h3><strong>Mugavused, mitte mured<\/strong><\/h3>\n<p>Pakume kaasaegseid, professionaalseid kaugk\u00fctte- ja jahutusteenuseid \u2013 toodame energiat ja k\u00e4itame neid jaotavaid v\u00f5rke. Samuti aitame t\u00f6\u00f6stuskliente ja partnereid just neile m\u00f5eldud t\u00f6\u00f6stuslike energiateenustega.<\/p>\n\t\t\t\t<\/div>\n\t\t\t<\/div>\n\t\t\t<div class=\"col-12 col-lg-8\" data-animate-part>\n\t\t\t\t<div class=\"services-listing\">\n\t\t\t\t\t<div class=\"services-button bg-blue\" data-lazy-style=\"background: url(https:\/\/grenweb01.blob.core.windows.net\/gren-web-prod\/sites\/4\/2024\/09\/image-66d99e0cb5138.jpg) no-repeat center\/cover\"><div class=\"services-button-top\"><h4>T\u00f6\u00f6stuslikud energialahendused<\/h4><button aria-label=\"T\u00f6\u00f6stuslikud energialahendused\"><svg xmlns=\"http:\/\/www.w3.org\/2000\/svg\" width=\"20\" height=\"37\" viewBox=\"0 0 20 37\" fill=\"none\"><path d=\"M1 1L18.5 18.5L1 36\" stroke=\"white\" stroke-width=\"2\"\/><\/svg><\/button><\/div><div class=\"services-button-bottom\"><p>Meie kliendid vajavad personaliseeritud lahendusi, mis tagavad varustuskindluse, efektiivseima tehnoloogilise lahenduse ja konkurentsiv\u00f5imelise hinna. Pakume oma t\u00f6\u00f6stusklientidele nende \u00e4rile kohandatud kvaliteetset ja professionaalset teenustevalikut.<\/p><a class=\"btn btn-secondary\" href=\"https:\/\/gren.com\/ee\/toostuslikud-energiateenused\/\" title=\"T\u00f6\u00f6stuslikud energiateenused\">T\u00f6\u00f6stuslikud energiateenused<\/a><\/div><\/div><div class=\"services-button bg-red\" data-lazy-style=\"background: url(https:\/\/grenweb01.blob.core.windows.net\/gren-web-prod\/sites\/4\/2024\/09\/image-66d987953c147.jpg) no-repeat center\/cover\"><div class=\"services-button-top\"><h4>Kaugk\u00fctteteenused<\/h4><button aria-label=\"Kaugk\u00fctteteenused\"><svg xmlns=\"http:\/\/www.w3.org\/2000\/svg\" width=\"20\" height=\"37\" viewBox=\"0 0 20 37\" fill=\"none\"><path d=\"M1 1L18.5 18.5L1 36\" stroke=\"white\" stroke-width=\"2\"\/><\/svg><\/button><\/div><div class=\"services-button-bottom\"><p>Kaugk\u00fcte on k\u00f5ige ohutum ja keskkonnas\u00f5bralikum k\u00fcttelahendus, sest k\u00fctuste t\u00f5hus kasutamine v\u00e4hendab peenosakeste ja tolmu heitkoguseid ning seel\u00e4bi paraneb \u00f5hukvaliteet linnades m\u00e4rkimisv\u00e4\u00e4rselt.<\/p><a class=\"btn btn-secondary\" href=\"https:\/\/gren.com\/ee\/kaugkute\/\" title=\"Kaugk\u00fctteteenused\">Kaugk\u00fctteteenused<\/a><\/div><\/div><div class=\"services-button bg-teal\" data-lazy-style=\"background: url(https:\/\/grenweb01.blob.core.windows.net\/gren-web-prod\/sites\/4\/2024\/09\/image-66d987b1167f5.jpg) no-repeat center\/cover\"><div class=\"services-button-top\"><h4>Kaugjahutusteenused<\/h4><button aria-label=\"Kaugjahutusteenused\"><svg xmlns=\"http:\/\/www.w3.org\/2000\/svg\" width=\"20\" height=\"37\" viewBox=\"0 0 20 37\" fill=\"none\"><path d=\"M1 1L18.5 18.5L1 36\" stroke=\"white\" stroke-width=\"2\"\/><\/svg><\/button><\/div><div class=\"services-button-bottom\"><p>Kaugjahutus on ideaalne ja t\u00f5hus lahendus ruumides hea sisekliima loomiseks ja hoidmiseks. Lisaks elektrilistele jahutitele kasutame j\u00f5evett loodusliku jahutusvedelikuna \u2013 jahutatud vesi juhitakse kliendi jahutuss\u00fcsteemi ja see ringleb l\u00e4bi tema hoone.<\/p><a class=\"btn btn-secondary\" href=\"https:\/\/gren.com\/ee\/kaugjahutus\/\" title=\"Kaugjahutusteenused\">Kaugjahutusteenused<\/a><\/div><\/div><div class=\"services-button bg-green\" data-lazy-style=\"background: url(https:\/\/grenweb01.blob.core.windows.net\/gren-web-prod\/sites\/4\/2024\/09\/image-66d987e6f394c.jpg) no-repeat center\/cover\"><div class=\"services-button-top\"><h4>Meie portfell<\/h4><button aria-label=\"Meie portfell\"><svg xmlns=\"http:\/\/www.w3.org\/2000\/svg\" width=\"20\" height=\"37\" viewBox=\"0 0 20 37\" fill=\"none\"><path d=\"M1 1L18.5 18.5L1 36\" stroke=\"white\" stroke-width=\"2\"\/><\/svg><\/button><\/div><div class=\"services-button-bottom\"><p>Greni energiatootmine ja kaugenergia ettev\u00f5tted asuvad Eestis, L\u00e4tis, Leedus ja \u00dchendkuningriigis.<\/p><a class=\"btn btn-secondary\" href=\"https:\/\/gren.com\/ee\/portfoolio\/\" title=\"Energia tootmine\">Energia tootmine<\/a><\/div><\/div>\t\t\t\t<\/div>\n\t\t\t<\/div>\n\t\t<\/div>\n\t<\/div>\n<\/section>\n\n<style type=\"text\/css\">.latest-news{padding:48px 0;background-color:#fff}.latest-news .listing-wrap{display:flex;flex-wrap:wrap;gap:16px}.latest-news .listing-wrap .btn{display:block;width:100%;text-align:center}.latest-news .text-wrap{margin-bottom:24px}.latest-news .text-wrap h2,.latest-news .text-wrap h3{font-size:36px;line-height:42px}.latest-news .text-wrap .btn{display:none}@media(max-width: 767.98px){.latest-news .post-pill:nth-child(n+5){display:none}.latest-news .text-wrap h2>*,.latest-news .text-wrap h3>*{display:inline-block;margin-right:10px}.latest-news .text-wrap p{display:none}}@media(min-width: 768px){.latest-news .post-pill{width:calc(50% - 8px)}.latest-news .listing-wrap .btn{display:none}}@media(min-width: 992px){.latest-news{background-color:#f8f8f8}.latest-news .text-wrap .btn{display:block;min-width:180px}}\n\n\/*# sourceMappingURL=block-latest-news.min.css.map*\/<\/style><section id=\"latest-news-block_52e158f68ed6999e123407fb9b1dec12\" class=\"block latest-news\">\n\t<div class=\"container\" data-block-animate>\n\t\t<div class=\"row align-items-start\">\n\t\t\t<div class=\"col-12 col-lg-4 text-wrap\" data-animate-part>\n\t\t\t<h3><strong>V\u00e4rsked uudised ja artiklid<\/strong><\/h3>\n<p>Loome tuleviku energiat kaugk\u00fcttest ja kaugjahutusest kuni t\u00f6\u00f6stuslike energialahendusteni.<\/p>\n\t\t\t\t<div class=\"buttons-container buttons-container-left\">\n\t\t\t\t\t<a class=\"btn btn-secondary-outline\" href=\"https:\/\/gren.com\/ee\/uudised\/\" title=\"K\u00f5ik uudised\">K\u00f5ik uudised<\/a>\n\t\t\t\t<\/div>\n\t\t\t\t\n\t\t\t\t\t\t<\/div>\n\n\t\t\t\n\t\t\t<div class=\"col-12 col-lg-8 listing-wrap\" data-animate-part>\n\t\t\t\t<a class=\"post-pill\" href=\"https:\/\/gren.com\/ee\/uudised\/algab-iga-aastane-kliendirahulolu-uuring-2\/\" title=\"Algab iga-aastane kliendirahulolu uuring\" data-lazy-style=\"background-image: url('')\">\n    <div class=\"post-pill-text\">\n        <p class=\"post-pill-date\">\n            13.04.26        <\/p>\n        <h5 class=\"post-pill-title\">\n            Algab iga-aastane kliendirahulolu uuring        <\/h5>\n    <\/div>\n    <svg xmlns=\"http:\/\/www.w3.org\/2000\/svg\" width=\"18\" height=\"33\" viewBox=\"0 0 18 33\" fill=\"none\">\n        <path d=\"M1.66666 1.5L15.6667 16.5L1.66666 31.5\" stroke=\"white\" stroke-width=\"3\" stroke-linecap=\"round\" stroke-linejoin=\"round\"\/>\n    <\/svg>\n<\/a><a class=\"post-pill\" href=\"https:\/\/gren.com\/ee\/uudised\/urmo-heinam-on-nimetatud-gren-baltikumi-tegevjuhiks\/\" title=\"Urmo Heinam on nimetatud Gren Baltikumi tegevjuhiks\" data-lazy-style=\"background-image: url('')\">\n    <div class=\"post-pill-text\">\n        <p class=\"post-pill-date\">\n            25.03.26        <\/p>\n        <h5 class=\"post-pill-title\">\n            Urmo Heinam on nimetatud Gren Baltikumi tegevjuhiks        <\/h5>\n    <\/div>\n    <svg xmlns=\"http:\/\/www.w3.org\/2000\/svg\" width=\"18\" height=\"33\" viewBox=\"0 0 18 33\" fill=\"none\">\n        <path d=\"M1.66666 1.5L15.6667 16.5L1.66666 31.5\" stroke=\"white\" stroke-width=\"3\" stroke-linecap=\"round\" stroke-linejoin=\"round\"\/>\n    <\/svg>\n<\/a><a class=\"post-pill\" href=\"https:\/\/gren.com\/ee\/uudised\/koostoos-taltechi-arengufondiga-toetame-tudengeid-stipendiumiga\/\" title=\"Greni tulevikuenergia stipendiumi kevadine konkurss on avatud\" data-lazy-style=\"background-image: url('')\">\n    <div class=\"post-pill-text\">\n        <p class=\"post-pill-date\">\n            06.03.26        <\/p>\n        <h5 class=\"post-pill-title\">\n            Greni tulevikuenergia stipendiumi kevadine konkurss on avatud        <\/h5>\n    <\/div>\n    <svg xmlns=\"http:\/\/www.w3.org\/2000\/svg\" width=\"18\" height=\"33\" viewBox=\"0 0 18 33\" fill=\"none\">\n        <path d=\"M1.66666 1.5L15.6667 16.5L1.66666 31.5\" stroke=\"white\" stroke-width=\"3\" stroke-linecap=\"round\" stroke-linejoin=\"round\"\/>\n    <\/svg>\n<\/a><a class=\"post-pill\" href=\"https:\/\/gren.com\/ee\/uudised\/greni-tulevikuenergia-stipendiumi-palvis-raino-maide\/\" title=\"Greni tulevikuenergia stipendiumi p\u00e4lvis Raino Maide\" data-lazy-style=\"background-image: url('https:\/\/grenweb01.blob.core.windows.net\/gren-web-prod\/sites\/4\/2024\/01\/hero-bg-1.jpg')\">\n    <div class=\"post-pill-text\">\n        <p class=\"post-pill-date\">\n            12.12.25        <\/p>\n        <h5 class=\"post-pill-title\">\n            Greni tulevikuenergia stipendiumi p\u00e4lvis Raino Maide        <\/h5>\n    <\/div>\n    <svg xmlns=\"http:\/\/www.w3.org\/2000\/svg\" width=\"18\" height=\"33\" viewBox=\"0 0 18 33\" fill=\"none\">\n        <path d=\"M1.66666 1.5L15.6667 16.5L1.66666 31.5\" stroke=\"white\" stroke-width=\"3\" stroke-linecap=\"round\" stroke-linejoin=\"round\"\/>\n    <\/svg>\n<\/a><a class=\"post-pill\" href=\"https:\/\/gren.com\/ee\/uudised\/gren-langetab-tartus-ja-viljandis-soojuse-hinda\/\" title=\"Gren langetab Tartus ja Viljandis soojuse hinda\" data-lazy-style=\"background-image: url('https:\/\/grenweb01.blob.core.windows.net\/gren-web-prod\/sites\/4\/2024\/01\/hero-bg-1.jpg')\">\n    <div class=\"post-pill-text\">\n        <p class=\"post-pill-date\">\n            26.11.25        <\/p>\n        <h5 class=\"post-pill-title\">\n            Gren langetab Tartus ja Viljandis soojuse hinda        <\/h5>\n    <\/div>\n    <svg xmlns=\"http:\/\/www.w3.org\/2000\/svg\" width=\"18\" height=\"33\" viewBox=\"0 0 18 33\" fill=\"none\">\n        <path d=\"M1.66666 1.5L15.6667 16.5L1.66666 31.5\" stroke=\"white\" stroke-width=\"3\" stroke-linecap=\"round\" stroke-linejoin=\"round\"\/>\n    <\/svg>\n<\/a><a class=\"post-pill\" href=\"https:\/\/gren.com\/ee\/uudised\/gren-ehitab-eestisse-elektrivorgu-tookindluse-tagamiseks-kaks-uut-elektrijaama\/\" title=\"Gren ehitab Eestisse elektriv\u00f5rgu t\u00f6\u00f6kindluse tagamiseks kaks uut elektrijaama\" data-lazy-style=\"background-image: url('https:\/\/grenweb01.blob.core.windows.net\/gren-web-prod\/sites\/4\/2025\/11\/AdobeStock_222573616-scaled.jpeg')\">\n    <div class=\"post-pill-text\">\n        <p class=\"post-pill-date\">\n            17.11.25        <\/p>\n        <h5 class=\"post-pill-title\">\n            Gren ehitab Eestisse elektriv\u00f5rgu t\u00f6\u00f6kindluse tagamiseks kaks uut elektrijaama        <\/h5>\n    <\/div>\n    <svg xmlns=\"http:\/\/www.w3.org\/2000\/svg\" width=\"18\" height=\"33\" viewBox=\"0 0 18 33\" fill=\"none\">\n        <path d=\"M1.66666 1.5L15.6667 16.5L1.66666 31.5\" stroke=\"white\" stroke-width=\"3\" stroke-linecap=\"round\" stroke-linejoin=\"round\"\/>\n    <\/svg>\n<\/a><a class=\"post-pill\" href=\"https:\/\/gren.com\/ee\/uudised\/greni-kliendirahulolu-eestis-tousis-rekordtasemele\/\" title=\"Greni kliendirahulolu Eestis t\u00f5usis rekordtasemele\" data-lazy-style=\"background-image: url('https:\/\/grenweb01.blob.core.windows.net\/gren-web-prod\/sites\/4\/2024\/09\/Group-63.jpg')\">\n    <div class=\"post-pill-text\">\n        <p class=\"post-pill-date\">\n            16.10.25        <\/p>\n        <h5 class=\"post-pill-title\">\n            Greni kliendirahulolu Eestis t\u00f5usis rekordtasemele        <\/h5>\n    <\/div>\n    <svg xmlns=\"http:\/\/www.w3.org\/2000\/svg\" width=\"18\" height=\"33\" viewBox=\"0 0 18 33\" fill=\"none\">\n        <path d=\"M1.66666 1.5L15.6667 16.5L1.66666 31.5\" stroke=\"white\" stroke-width=\"3\" stroke-linecap=\"round\" stroke-linejoin=\"round\"\/>\n    <\/svg>\n<\/a><a class=\"post-pill\" href=\"https:\/\/gren.com\/ee\/uudised\/greni-tulevikuenergia-stipendium-sugis-2025\/\" title=\"Greni tulevikuenergia stipendium s\u00fcgis 2025\" data-lazy-style=\"background-image: url('https:\/\/grenweb01.blob.core.windows.net\/gren-web-prod\/sites\/4\/2025\/05\/Gren-Glasgow-2025_ESG-scaled.jpg')\">\n    <div class=\"post-pill-text\">\n        <p class=\"post-pill-date\">\n            26.09.25        <\/p>\n        <h5 class=\"post-pill-title\">\n            Greni tulevikuenergia stipendium s\u00fcgis 2025        <\/h5>\n    <\/div>\n    <svg xmlns=\"http:\/\/www.w3.org\/2000\/svg\" width=\"18\" height=\"33\" viewBox=\"0 0 18 33\" fill=\"none\">\n        <path d=\"M1.66666 1.5L15.6667 16.5L1.66666 31.5\" stroke=\"white\" stroke-width=\"3\" stroke-linecap=\"round\" stroke-linejoin=\"round\"\/>\n    <\/svg>\n<\/a>\t\t\t<\/div>\n\t\t\t\t\t<\/div>\n\t\t\t<\/div>\n<\/section>\n\n\n\n\n","protected":false},"excerpt":{"rendered":"","protected":false},"author":6,"featured_media":0,"parent":0,"menu_order":0,"comment_status":"closed","ping_status":"closed","template":"","meta":{"_acf_changed":false,"footnotes":""},"class_list":["post-11346","page","type-page","status-publish","hentry"],"acf":[],"yoast_head":"<!-- This site is optimized with the Yoast SEO plugin v26.8 - https:\/\/yoast.com\/product\/yoast-seo-wordpress\/ -->\n<title>Teenused ja liitumine - Gren Eesti<\/title>\n<meta name=\"description\" content=\"Pakume oma klientidele energiateenuseid. Meie klientideks on eramajad, kortermajad, b\u00fcroohooned, kaubanduspinnad, meditsiini- ja \u00f5ppehooned ning erinevad t\u00f6\u00f6stused. K\u00f5ik Meie teenused on keskkonnas\u00f5bralikud, t\u00f6\u00f6kindlad ja soodsad, v\u00f5imaldades meie klientidele mugavat ja muretut teenust l\u00e4bi erinevate aastaaegade.\" \/>\n<meta name=\"robots\" content=\"index, follow, max-snippet:-1, max-image-preview:large, max-video-preview:-1\" \/>\n<link rel=\"canonical\" href=\"https:\/\/gren.com\/ee\/teenused-ja-liitumine\/\" \/>\n<meta property=\"og:locale\" content=\"en_US\" \/>\n<meta property=\"og:type\" content=\"article\" \/>\n<meta property=\"og:title\" content=\"Teenused ja liitumine - Gren Eesti\" \/>\n<meta property=\"og:description\" content=\"Pakume oma klientidele energiateenuseid. Meie klientideks on eramajad, kortermajad, b\u00fcroohooned, kaubanduspinnad, meditsiini- ja \u00f5ppehooned ning erinevad t\u00f6\u00f6stused. K\u00f5ik Meie teenused on keskkonnas\u00f5bralikud, t\u00f6\u00f6kindlad ja soodsad, v\u00f5imaldades meie klientidele mugavat ja muretut teenust l\u00e4bi erinevate aastaaegade.\" \/>\n<meta property=\"og:url\" content=\"https:\/\/gren.com\/ee\/teenused-ja-liitumine\/\" \/>\n<meta property=\"og:site_name\" content=\"Gren Eesti\" \/>\n<meta property=\"article:modified_time\" content=\"2024-10-28T11:12:39+00:00\" \/>\n<meta name=\"twitter:card\" content=\"summary_large_image\" \/>\n<meta name=\"twitter:label1\" content=\"Est. reading time\" \/>\n\t<meta name=\"twitter:data1\" content=\"1 minute\" \/>\n<script type=\"application\/ld+json\" class=\"yoast-schema-graph\">{\"@context\":\"https:\/\/schema.org\",\"@graph\":[{\"@type\":\"WebPage\",\"@id\":\"https:\/\/gren.com\/ee\/teenused-ja-liitumine\/\",\"url\":\"https:\/\/gren.com\/ee\/teenused-ja-liitumine\/\",\"name\":\"Teenused ja liitumine - Gren Eesti\",\"isPartOf\":{\"@id\":\"https:\/\/gren.com\/ee\/#website\"},\"datePublished\":\"2024-01-17T16:14:54+00:00\",\"dateModified\":\"2024-10-28T11:12:39+00:00\",\"description\":\"Pakume oma klientidele energiateenuseid. Meie klientideks on eramajad, kortermajad, b\u00fcroohooned, kaubanduspinnad, meditsiini- ja \u00f5ppehooned ning erinevad t\u00f6\u00f6stused. K\u00f5ik Meie teenused on keskkonnas\u00f5bralikud, t\u00f6\u00f6kindlad ja soodsad, v\u00f5imaldades meie klientidele mugavat ja muretut teenust l\u00e4bi erinevate aastaaegade.\",\"breadcrumb\":{\"@id\":\"https:\/\/gren.com\/ee\/teenused-ja-liitumine\/#breadcrumb\"},\"inLanguage\":\"en-US\",\"potentialAction\":[{\"@type\":\"ReadAction\",\"target\":[\"https:\/\/gren.com\/ee\/teenused-ja-liitumine\/\"]}]},{\"@type\":\"BreadcrumbList\",\"@id\":\"https:\/\/gren.com\/ee\/teenused-ja-liitumine\/#breadcrumb\",\"itemListElement\":[{\"@type\":\"ListItem\",\"position\":1,\"name\":\"Home\",\"item\":\"https:\/\/gren.com\/ee\/\"},{\"@type\":\"ListItem\",\"position\":2,\"name\":\"Teenused ja liitumine\"}]},{\"@type\":\"WebSite\",\"@id\":\"https:\/\/gren.com\/ee\/#website\",\"url\":\"https:\/\/gren.com\/ee\/\",\"name\":\"Gren Eesti\",\"description\":\"Me oleme rohelise energia ettev\u00f5te\",\"potentialAction\":[{\"@type\":\"SearchAction\",\"target\":{\"@type\":\"EntryPoint\",\"urlTemplate\":\"https:\/\/gren.com\/ee\/?s={search_term_string}\"},\"query-input\":{\"@type\":\"PropertyValueSpecification\",\"valueRequired\":true,\"valueName\":\"search_term_string\"}}],\"inLanguage\":\"en-US\"}]}<\/script>\n<!-- \/ Yoast SEO plugin. -->","yoast_head_json":{"title":"Teenused ja liitumine - Gren Eesti","description":"Pakume oma klientidele energiateenuseid. Meie klientideks on eramajad, kortermajad, b\u00fcroohooned, kaubanduspinnad, meditsiini- ja \u00f5ppehooned ning erinevad t\u00f6\u00f6stused. K\u00f5ik Meie teenused on keskkonnas\u00f5bralikud, t\u00f6\u00f6kindlad ja soodsad, v\u00f5imaldades meie klientidele mugavat ja muretut teenust l\u00e4bi erinevate aastaaegade.","robots":{"index":"index","follow":"follow","max-snippet":"max-snippet:-1","max-image-preview":"max-image-preview:large","max-video-preview":"max-video-preview:-1"},"canonical":"https:\/\/gren.com\/ee\/teenused-ja-liitumine\/","og_locale":"en_US","og_type":"article","og_title":"Teenused ja liitumine - Gren Eesti","og_description":"Pakume oma klientidele energiateenuseid. Meie klientideks on eramajad, kortermajad, b\u00fcroohooned, kaubanduspinnad, meditsiini- ja \u00f5ppehooned ning erinevad t\u00f6\u00f6stused. K\u00f5ik Meie teenused on keskkonnas\u00f5bralikud, t\u00f6\u00f6kindlad ja soodsad, v\u00f5imaldades meie klientidele mugavat ja muretut teenust l\u00e4bi erinevate aastaaegade.","og_url":"https:\/\/gren.com\/ee\/teenused-ja-liitumine\/","og_site_name":"Gren Eesti","article_modified_time":"2024-10-28T11:12:39+00:00","twitter_card":"summary_large_image","twitter_misc":{"Est. reading time":"1 minute"},"schema":{"@context":"https:\/\/schema.org","@graph":[{"@type":"WebPage","@id":"https:\/\/gren.com\/ee\/teenused-ja-liitumine\/","url":"https:\/\/gren.com\/ee\/teenused-ja-liitumine\/","name":"Teenused ja liitumine - Gren Eesti","isPartOf":{"@id":"https:\/\/gren.com\/ee\/#website"},"datePublished":"2024-01-17T16:14:54+00:00","dateModified":"2024-10-28T11:12:39+00:00","description":"Pakume oma klientidele energiateenuseid. Meie klientideks on eramajad, kortermajad, b\u00fcroohooned, kaubanduspinnad, meditsiini- ja \u00f5ppehooned ning erinevad t\u00f6\u00f6stused. K\u00f5ik Meie teenused on keskkonnas\u00f5bralikud, t\u00f6\u00f6kindlad ja soodsad, v\u00f5imaldades meie klientidele mugavat ja muretut teenust l\u00e4bi erinevate aastaaegade.","breadcrumb":{"@id":"https:\/\/gren.com\/ee\/teenused-ja-liitumine\/#breadcrumb"},"inLanguage":"en-US","potentialAction":[{"@type":"ReadAction","target":["https:\/\/gren.com\/ee\/teenused-ja-liitumine\/"]}]},{"@type":"BreadcrumbList","@id":"https:\/\/gren.com\/ee\/teenused-ja-liitumine\/#breadcrumb","itemListElement":[{"@type":"ListItem","position":1,"name":"Home","item":"https:\/\/gren.com\/ee\/"},{"@type":"ListItem","position":2,"name":"Teenused ja liitumine"}]},{"@type":"WebSite","@id":"https:\/\/gren.com\/ee\/#website","url":"https:\/\/gren.com\/ee\/","name":"Gren Eesti","description":"Me oleme rohelise energia ettev\u00f5te","potentialAction":[{"@type":"SearchAction","target":{"@type":"EntryPoint","urlTemplate":"https:\/\/gren.com\/ee\/?s={search_term_string}"},"query-input":{"@type":"PropertyValueSpecification","valueRequired":true,"valueName":"search_term_string"}}],"inLanguage":"en-US"}]}},"_links":{"self":[{"href":"https:\/\/gren.com\/ee\/wp-json\/wp\/v2\/pages\/11346","targetHints":{"allow":["GET"]}}],"collection":[{"href":"https:\/\/gren.com\/ee\/wp-json\/wp\/v2\/pages"}],"about":[{"href":"https:\/\/gren.com\/ee\/wp-json\/wp\/v2\/types\/page"}],"author":[{"embeddable":true,"href":"https:\/\/gren.com\/ee\/wp-json\/wp\/v2\/users\/6"}],"replies":[{"embeddable":true,"href":"https:\/\/gren.com\/ee\/wp-json\/wp\/v2\/comments?post=11346"}],"version-history":[{"count":48,"href":"https:\/\/gren.com\/ee\/wp-json\/wp\/v2\/pages\/11346\/revisions"}],"predecessor-version":[{"id":14737,"href":"https:\/\/gren.com\/ee\/wp-json\/wp\/v2\/pages\/11346\/revisions\/14737"}],"wp:attachment":[{"href":"https:\/\/gren.com\/ee\/wp-json\/wp\/v2\/media?parent=11346"}],"curies":[{"name":"wp","href":"https:\/\/api.w.org\/{rel}","templated":true}]}}