{"id":11379,"date":"2024-01-17T18:50:12","date_gmt":"2024-01-17T16:50:12","guid":{"rendered":"https:\/\/web-staging.gren.com\/est\/?page_id=11379"},"modified":"2024-03-27T09:43:48","modified_gmt":"2024-03-27T07:43:48","slug":"jaatmetest-energiaks-leedus","status":"publish","type":"page","link":"https:\/\/gren.com\/ee\/jaatmetest-energiaks-leedus\/","title":{"rendered":"J\u00e4\u00e4tmed energiaks"},"content":{"rendered":"<style type=\"text\/css\">.page-hero{padding:140px 0 30px;position:relative}.page-hero-content{max-width:300px}.page-hero h4,.page-hero p{font-size:16px;font-weight:400;line-height:24px}.page-hero .date{margin-top:24px;color:#fff;font-size:20px}.page-hero-video-wrap{position:absolute;top:0;left:0;width:100%;height:100%;z-index:-1;overflow:hidden}.page-hero-video{width:100%;height:100%;object-fit:cover}@media(min-width: 576px){.page-hero-content{max-width:850px}}@media(min-width: 992px){.page-hero{padding:210px 0 64px}.page-hero h4,.page-hero p{font-size:24px;line-height:30px}}\n\n\/*# sourceMappingURL=block-page-hero.min.css.map*\/<\/style><section id=\"page-hero-block_a79201fe876f2fdd9bef4ad8e545a008\" class=\"block page-hero\" style=\"background: url(https:\/\/grenweb01.blob.core.windows.net\/gren-web-prod\/2023\/07\/chp_klaipeda_11-scaled-1.jpg) no-repeat center\/cover\">\n\t<div class=\"container\"  data-block-animate>\n\t\t\t\t\t<div class=\"page-hero-content text-wrap\"  data-animate-part>\n\t\t\t\t<h1><span style=\"color: #ffffff\">J\u00e4\u00e4tmed energiaks<\/span><\/h1>\n\n                \t\t\t<\/div>\n\t\t\t<\/div>\n<\/section>\n\n<style type=\"text\/css\">.full-width-written-content p>a{font-weight:700}\n\n\/*# sourceMappingURL=block-full-width-written-content.min.css.map*\/<\/style><section id=\"full-width-written-content-block_61f3d4182973e2741adcd3128609bc88\" class=\"block full-width-written-content\">\n\t<div class=\"container\" data-block-animate>\n\t\t<div class=\"text-wrap\" data-animate-part><h2><strong>Waste-to-Energy \u2013 s\u00e4\u00e4stev k\u00fcttelahendus<\/strong><\/h2>\n<p>J\u00e4\u00e4tmete kasutamine ehk <em>Waste-to-Energy<\/em> on kaasaegne, puhas ja efektiivne energia tootmise meetod, mis v\u00e4hendab ladestatava pr\u00fcgi kogust. Meie soojuse ja elektri koostootmisjaamad Leedus on t\u00f5husa j\u00e4\u00e4tmek\u00e4itluse poolest energiat\u00f6\u00f6stustele eeskujuks &#8211; Kaunases ja Klaipedas varustame linna kaugk\u00fctet soojusenergiaga, mis on toodetud olme- ja t\u00f6\u00f6stusj\u00e4\u00e4tmetest.<\/p>\n<\/div>\t<\/div>\n<\/section>\n\n<style type=\"text\/css\">.accordion-topics .listing-wrap{display:flex;flex-wrap:wrap;gap:16px}.accordion-topics .listing-wrap .listing-col{width:100%}@media(min-width: 576px){.accordion-topics .listing-wrap .listing-col{width:calc(50% - 8px)}}.accordion-topics .topic-category{padding:16px 24px;border-radius:8px;background:#9cbbba;color:#fff}.accordion-topics .topic-category.bg-dark-green{background:#0a2e1e}.accordion-topics .topic-category.bg-dark-blue{background:#18213b}.accordion-topics .topic-category.bg-dark-red{background:#540f1a}.accordion-topics .topic-category h3{margin-top:16px}.accordion-topics .topic-category img{width:auto;height:56px}.accordion-topics .accordion-topics-item{margin-top:32px;border-bottom:1px solid #9cbbba}.accordion-topics .accordion-topics-item button{position:relative;width:100%;padding:0 48px 24px 24px;font-size:24px;line-height:30px;background:rgba(0,0,0,0);border:none;text-align:left;color:#18213b}.accordion-topics .accordion-topics-item button span{margin-right:24px}.accordion-topics .accordion-topics-item button svg{position:absolute;top:4px;right:24px;width:12px;height:24px;transition:transform .15s}.accordion-topics .accordion-topics-item button svg path{transition:stroke .3s;stroke:#18213b}.accordion-topics .accordion-topics-item .accordion-content{transition:height .35s ease-in-out;overflow:hidden;display:none}.accordion-topics .accordion-topics-item .accordion-content .accordion-body{padding:0 24px 24px;margin-top:-24px}.accordion-topics .accordion-topics-item .accordion-content .accordion-body h1,.accordion-topics .accordion-topics-item .accordion-content .accordion-body h2,.accordion-topics .accordion-topics-item .accordion-content .accordion-body h3,.accordion-topics .accordion-topics-item .accordion-content .accordion-body h4,.accordion-topics .accordion-topics-item .accordion-content .accordion-body h5,.accordion-topics .accordion-topics-item .accordion-content .accordion-body p,.accordion-topics .accordion-topics-item .accordion-content .accordion-body ul,.accordion-topics .accordion-topics-item .accordion-content .accordion-body ol,.accordion-topics .accordion-topics-item .accordion-content .accordion-body .btn-read-more{margin-top:24px}.accordion-topics .accordion-topics-item .accordion-content .accordion-body ul,.accordion-topics .accordion-topics-item .accordion-content .accordion-body ol{padding-left:24px}.accordion-topics .accordion-topics-item .accordion-content .accordion-body ul li,.accordion-topics .accordion-topics-item .accordion-content .accordion-body ol li{padding-left:8px}.accordion-topics .accordion-topics-item .accordion-content .accordion-body ul{list-style-type:disc}.accordion-topics .accordion-topics-item .accordion-content .accordion-body ol{list-style-type:decimal}.accordion-topics .accordion-topics-item.is-open button svg{transform:rotate(90deg)}.accordion-topics .accordion-topics-item.is-open button svg path{stroke:#18213b}.accordion-topics .accordion-topics-item.is-open .accordion-content{display:block}\n\n\/*# sourceMappingURL=block-accordion-topics.min.css.map*\/<\/style><section id=\"accordion-topics-block_1fb32f8e70d4f1833cbbac7390deaf56\" class=\"block accordion-topics\">\n\t<div class=\"container\" data-block-animate>\n                    <div class=\"listing-wrap\">\n                                    <div class=\"listing-col\" data-animate-part>\n\n                        <div class=\"topic-category text-wrap bg-light-green\">\n                                                        <h3>J\u00e4\u00e4tmetest energia tootmine aitab leevendada kliimamuutusi<\/h3>\n                        <\/div>\n\n                                                    \n\n                                <div class=\"accordion-topics-item\">\n                                    <div class=\"accordion-header\">\n                                        <button type=\"button\">\n                                            <span>P\u00f5letamise protsessi k\u00e4igus muudetakse j\u00e4\u00e4tmed tuhaks, gaasiks ja soojuseks. Euroopas p\u00f5letatakse ligikaudu 26% k\u00f5igist olmej\u00e4\u00e4tmetest.<\/span>\n                                            <svg width=\"16\" height=\"28\" viewBox=\"0 0 16 28\" fill=\"none\" xmlns=\"http:\/\/www.w3.org\/2000\/svg\">\n                                                <path d=\"M1.49609 2L14.0002 14L1.49609 26\" stroke=\"white\" stroke-width=\"3\" stroke-linecap=\"round\" stroke-linejoin=\"round\"\/>\n                                            <\/svg>\n                                        <\/button>\n                                    <\/div>\n                                    <div class=\"accordion-content\">\n                                        <div class=\"accordion-body\">\n                                            <p>J\u00e4\u00e4tmete p\u00f5letamise \u00fcks peamisi eeliseid on j\u00e4\u00e4tmete mahu v\u00e4hendamine. Erinevalt pr\u00fcgilatesse ladestamisest, kus j\u00e4\u00e4tmed kogunevad ja nende alune maapind j\u00e4rjest suureneb, v\u00e4hendab p\u00f5letamine j\u00e4\u00e4tmemassi kuni 90%. Lisaks saab j\u00e4\u00e4tmete p\u00f5letamisel toota soojus-ja elektrienergiat. P\u00f5lemisprotsessis vabanevat soojusenergiat saab kasutada elektrienergia tootmiseks.<\/p>\n<p>Kaasaegsed j\u00e4\u00e4tmep\u00f5letusrajatised on varustatud tehnoloogiaga, mis kontrollivad ja minimeerivad keskkonnam\u00f5jusid. Heitgaaside kontrollis\u00fcsteemid nagu pesurid ja filtrid p\u00fc\u00fcavad saasteained kinni ja tagavad, et atmosf\u00e4\u00e4ri satuks v\u00f5imalikult v\u00e4he kahjulikke aineid. Lisaks v\u00f5imaldavad energia taaskasutamise s\u00fcsteemid p\u00f5lemisel saadud soojuse kasutamist, suurendades energia tootmise t\u00f5husust ja j\u00e4tkusuutlikkust.<\/p>\n<p>J\u00e4\u00e4tmep\u00f5letus- ja kaugk\u00fcttes\u00fcsteemid kujutavad endast uuenduslikku ja j\u00e4tkusuutlikku l\u00e4henemist linna energiavajaduste rahuldamisele ja j\u00e4\u00e4tmek\u00e4itlusele.<\/p>\n<p>J\u00e4\u00e4tmep\u00f5letusrajatiste \u00fchendamine kaugk\u00fcttes\u00fcsteemidega suurendab j\u00e4\u00e4tmete energiaks muundamise protsessi energiat\u00f5husust, kuna eralduv soojus kasutatakse \u00e4ra, mitte ei paisata atmosf\u00e4\u00e4ri. Teiseks pakub see klientidele j\u00e4tkusuutlikku soojusenergiat, v\u00e4hendades s\u00f5ltuvust traditsioonilistest fossiilk\u00fctustest.<\/p>\n<p>Selline s\u00fcmbiootiline suhe j\u00e4\u00e4tmete p\u00f5letamise ja kaugk\u00fctte vahel on n\u00e4ide ringmajanduslikust l\u00e4henemisviisist, kus j\u00e4\u00e4tmeid mitte ainult ei k\u00f5rvaldata, vaid nad muudetakse v\u00e4\u00e4rtuslikuks ressursiks.<\/p>\n                                                                                    <\/div>\n                                    <\/div>\n                                <\/div>\n\n\n                                                    \n                    <\/div>\n                                    <div class=\"listing-col\" data-animate-part>\n\n                        <div class=\"topic-category text-wrap bg-light-green\">\n                                                        <h3>Hoolitseme pr\u00fcgi eest, mida ei taaskasutata<\/h3>\n                        <\/div>\n\n                                                    \n\n                                <div class=\"accordion-topics-item\">\n                                    <div class=\"accordion-header\">\n                                        <button type=\"button\">\n                                            <span>Waste-to-Energy hoolitseb pr\u00fcgi eest, mida ei saa taaskasutada. See t\u00e4hendab vastutuse v\u00f5tmist teiste poolt toodetud j\u00e4\u00e4tmete eest.<\/span>\n                                            <svg width=\"16\" height=\"28\" viewBox=\"0 0 16 28\" fill=\"none\" xmlns=\"http:\/\/www.w3.org\/2000\/svg\">\n                                                <path d=\"M1.49609 2L14.0002 14L1.49609 26\" stroke=\"white\" stroke-width=\"3\" stroke-linecap=\"round\" stroke-linejoin=\"round\"\/>\n                                            <\/svg>\n                                        <\/button>\n                                    <\/div>\n                                    <div class=\"accordion-content\">\n                                        <div class=\"accordion-body\">\n                                            <p>J\u00e4\u00e4tmek\u00e4itlusjaamad toimivad sorteerimise ja ringlussev\u00f5tu k\u00e4igus tekkivate j\u00e4\u00e4kide t\u00f6\u00f6tlemisel usaldusv\u00e4\u00e4rsete j\u00e4\u00e4tmek\u00e4itlejatena. J\u00e4\u00e4tmeenergia muundamine t\u00e4iendab materjalide taaskasutamist.<\/p>\n<p>J\u00e4\u00e4tmeenergia kasutamine on t\u00e4nap\u00e4eval sama vajalik kui vanasti. Varem p\u00f5letati j\u00e4\u00e4tmeid nakkushaiguste vastu v\u00f5itlemiseks.<\/p>\n<p>Lisaks kasutavad j\u00e4\u00e4tmeenergia rajatised j\u00e4\u00e4tmetes sisalduvat energiat elektri, k\u00fctte ja jahutuse tootmiseks.<\/p>\n                                                                                    <\/div>\n                                    <\/div>\n                                <\/div>\n\n\n                                                    \n                    <\/div>\n                            <\/div>\n        \t<\/div>\n<\/section>\n\n\n<style type=\"text\/css\">.zig-zag{padding:0;position:relative;overflow-y:hidden}.zig-zag.bg-dark-green,.zig-zag.bg-dark-red{color:#fff}.zig-zag.bg-light-green a{color:#fff}.zig-zag.bg-light-green a:after{background-color:#fff}.zig-zag.bg-light-green a:hover:after{background-color:#e8412c}.zig-zag .img-wrap,.zig-zag .text-wrap{width:100%;height:100%}.zig-zag .text-wrap{display:flex;padding:25px 16px 62px 24px;flex-direction:column;justify-content:space-between;align-items:flex-start;min-height:403px}.zig-zag .text-wrap .text{display:flex;flex-direction:column;align-items:flex-start;gap:48px}.zig-zag .text-wrap .text h2{margin:0;font-size:24px;line-height:28px;color:#9cbbba !important}.zig-zag .text-wrap .text h2.light-green{color:#9cbbba !important}.zig-zag .text-wrap .text h2.white{color:#fff !important}.zig-zag .text-wrap .text h2.black{color:#000 !important}.zig-zag .text-wrap p>a{font-weight:700;position:relative;transition:all ease-in-out .3s;margin-top:50px;display:inline-block}.zig-zag .text-wrap p>a:active{color:#9cbbba !important}.zig-zag .img-wrap{position:relative}.zig-zag .img-wrap img{object-fit:cover;object-position:center;width:100%;height:100%}.zig-zag .right-col{height:100%}.zig-zag .right-col p{opacity:.6;margin:12px 0 0}.zig-zag.reversed .row{justify-content:flex-end}@media(max-width: 767.98px){.zig-zag:not(.reversed) .right-col{order:1}.zig-zag:not(.reversed) .left-col{order:2}.zig-zag.reversed .left-col{order:2 !important}.zig-zag.reversed .right-col{order:1 !important}.zig-zag .img-wrap img{min-height:403px}.zig-zag .container{max-width:unset !important;padding:0}}@media(min-width: 768px){.zig-zag:not(.reversed) .left-col .text-wrap{padding-left:0 !important}.zig-zag.reversed .left-col{order:2}.zig-zag.reversed .right-col{order:1;right:unset;left:0}.zig-zag .text-wrap{padding:64px;gap:33px}.zig-zag .text-wrap .text{gap:33px}.zig-zag .text-wrap .text h2{font-size:36px;line-height:38px}.zig-zag .right-col{position:absolute;right:0}}@media(min-width: 992px){.zig-zag .row{gap:0}.zig-zag .text-wrap{padding:64px;max-width:500px}.zig-zag .text-wrap p>a{margin-top:0}.zig-zag .text-wrap p>a:hover{color:#e8412c}}\n\n\/*# sourceMappingURL=block-zig-zag.min.css.map*\/<\/style><section id=\"zig-zag-block_bdd9780ac359baa61d3a99deaa685209\" class=\"block zig-zag bg-light-green\">\n    <div class=\"container\" data-block-animate>\n        <div class=\"row g-0\">\n            <div class=\"col-12 col-md-6 left-col\" data-animate-part>\n                <div class=\"text-wrap\"><div class=\"text\"><h3 class=\"white\">Virtuaaltuur<\/h2><div><p>Tere tulemast meie j\u00e4\u00e4tmeenergia virtuaalreisile Klaipeda elektrijaama.<\/p>\n<\/div><\/div>                                                            <div class=\"buttons-container buttons-container-left\">\n                                    <a class=\"btn btn-underline-dark\" href=\"https:\/\/virtualtour.gren.com\/et\/\"\n                                       title=\"Virtuaalne ringreis j\u00e4\u00e4tmest energia tootmise jaama\"\n                                        target=\"_blank\">\n                                        Virtuaalne ringreis j\u00e4\u00e4tmest energia tootmise jaama                                    <\/a>\n                                <\/div>\n                                                    <\/div>            <\/div><!--\/.col-->\n            <div class=\"col-12 col-md-6 right-col\" data-animate-part>\n                <div class=\"img-wrap\"><img data-lazy-src=\"https:\/\/grenweb01.blob.core.windows.net\/gren-web-prod\/2023\/05\/gren-klaipeda-1024x683-646710337dfc3.jpg\" alt=\"\"  \/><\/div>            <\/div><!--\/.col-->\n        <\/div>\n    <\/div>\n<\/section>","protected":false},"excerpt":{"rendered":"","protected":false},"author":6,"featured_media":0,"parent":0,"menu_order":0,"comment_status":"closed","ping_status":"closed","template":"","meta":{"_acf_changed":false,"footnotes":""},"class_list":["post-11379","page","type-page","status-publish","hentry"],"acf":[],"yoast_head":"<!-- This site is optimized with the Yoast SEO plugin v26.8 - https:\/\/yoast.com\/product\/yoast-seo-wordpress\/ -->\n<title>J\u00e4\u00e4tmed energiaks - Gren Eesti<\/title>\n<meta name=\"description\" content=\"Waste-to-Energy ehk j\u00e4\u00e4tmete muutmine energiaks on kaasaegne, puhas ja efektiivne energia tootmise meetod, mis v\u00e4hendab ladestatava pr\u00fcgi kogust.\" \/>\n<meta name=\"robots\" content=\"index, follow, max-snippet:-1, max-image-preview:large, max-video-preview:-1\" \/>\n<link rel=\"canonical\" href=\"https:\/\/gren.com\/ee\/jaatmetest-energiaks-leedus\/\" \/>\n<meta property=\"og:locale\" content=\"en_US\" \/>\n<meta property=\"og:type\" content=\"article\" \/>\n<meta property=\"og:title\" content=\"J\u00e4\u00e4tmed energiaks - Gren Eesti\" \/>\n<meta property=\"og:description\" content=\"Waste-to-Energy ehk j\u00e4\u00e4tmete muutmine energiaks on kaasaegne, puhas ja efektiivne energia tootmise meetod, mis v\u00e4hendab ladestatava pr\u00fcgi kogust.\" \/>\n<meta property=\"og:url\" content=\"https:\/\/gren.com\/ee\/jaatmetest-energiaks-leedus\/\" \/>\n<meta property=\"og:site_name\" content=\"Gren Eesti\" \/>\n<meta property=\"article:modified_time\" content=\"2024-03-27T07:43:48+00:00\" \/>\n<meta name=\"twitter:card\" content=\"summary_large_image\" \/>\n<meta name=\"twitter:label1\" content=\"Est. reading time\" \/>\n\t<meta name=\"twitter:data1\" content=\"2 minutes\" \/>\n<script type=\"application\/ld+json\" class=\"yoast-schema-graph\">{\"@context\":\"https:\/\/schema.org\",\"@graph\":[{\"@type\":\"WebPage\",\"@id\":\"https:\/\/gren.com\/ee\/jaatmetest-energiaks-leedus\/\",\"url\":\"https:\/\/gren.com\/ee\/jaatmetest-energiaks-leedus\/\",\"name\":\"J\u00e4\u00e4tmed energiaks - Gren Eesti\",\"isPartOf\":{\"@id\":\"https:\/\/gren.com\/ee\/#website\"},\"datePublished\":\"2024-01-17T16:50:12+00:00\",\"dateModified\":\"2024-03-27T07:43:48+00:00\",\"description\":\"Waste-to-Energy ehk j\u00e4\u00e4tmete muutmine energiaks on kaasaegne, puhas ja efektiivne energia tootmise meetod, mis v\u00e4hendab ladestatava pr\u00fcgi kogust.\",\"breadcrumb\":{\"@id\":\"https:\/\/gren.com\/ee\/jaatmetest-energiaks-leedus\/#breadcrumb\"},\"inLanguage\":\"en-US\",\"potentialAction\":[{\"@type\":\"ReadAction\",\"target\":[\"https:\/\/gren.com\/ee\/jaatmetest-energiaks-leedus\/\"]}]},{\"@type\":\"BreadcrumbList\",\"@id\":\"https:\/\/gren.com\/ee\/jaatmetest-energiaks-leedus\/#breadcrumb\",\"itemListElement\":[{\"@type\":\"ListItem\",\"position\":1,\"name\":\"Home\",\"item\":\"https:\/\/gren.com\/ee\/\"},{\"@type\":\"ListItem\",\"position\":2,\"name\":\"J\u00e4\u00e4tmed energiaks\"}]},{\"@type\":\"WebSite\",\"@id\":\"https:\/\/gren.com\/ee\/#website\",\"url\":\"https:\/\/gren.com\/ee\/\",\"name\":\"Gren Eesti\",\"description\":\"Me oleme rohelise energia ettev\u00f5te\",\"potentialAction\":[{\"@type\":\"SearchAction\",\"target\":{\"@type\":\"EntryPoint\",\"urlTemplate\":\"https:\/\/gren.com\/ee\/?s={search_term_string}\"},\"query-input\":{\"@type\":\"PropertyValueSpecification\",\"valueRequired\":true,\"valueName\":\"search_term_string\"}}],\"inLanguage\":\"en-US\"}]}<\/script>\n<!-- \/ Yoast SEO plugin. -->","yoast_head_json":{"title":"J\u00e4\u00e4tmed energiaks - Gren Eesti","description":"Waste-to-Energy ehk j\u00e4\u00e4tmete muutmine energiaks on kaasaegne, puhas ja efektiivne energia tootmise meetod, mis v\u00e4hendab ladestatava pr\u00fcgi kogust.","robots":{"index":"index","follow":"follow","max-snippet":"max-snippet:-1","max-image-preview":"max-image-preview:large","max-video-preview":"max-video-preview:-1"},"canonical":"https:\/\/gren.com\/ee\/jaatmetest-energiaks-leedus\/","og_locale":"en_US","og_type":"article","og_title":"J\u00e4\u00e4tmed energiaks - Gren Eesti","og_description":"Waste-to-Energy ehk j\u00e4\u00e4tmete muutmine energiaks on kaasaegne, puhas ja efektiivne energia tootmise meetod, mis v\u00e4hendab ladestatava pr\u00fcgi kogust.","og_url":"https:\/\/gren.com\/ee\/jaatmetest-energiaks-leedus\/","og_site_name":"Gren Eesti","article_modified_time":"2024-03-27T07:43:48+00:00","twitter_card":"summary_large_image","twitter_misc":{"Est. reading time":"2 minutes"},"schema":{"@context":"https:\/\/schema.org","@graph":[{"@type":"WebPage","@id":"https:\/\/gren.com\/ee\/jaatmetest-energiaks-leedus\/","url":"https:\/\/gren.com\/ee\/jaatmetest-energiaks-leedus\/","name":"J\u00e4\u00e4tmed energiaks - Gren Eesti","isPartOf":{"@id":"https:\/\/gren.com\/ee\/#website"},"datePublished":"2024-01-17T16:50:12+00:00","dateModified":"2024-03-27T07:43:48+00:00","description":"Waste-to-Energy ehk j\u00e4\u00e4tmete muutmine energiaks on kaasaegne, puhas ja efektiivne energia tootmise meetod, mis v\u00e4hendab ladestatava pr\u00fcgi kogust.","breadcrumb":{"@id":"https:\/\/gren.com\/ee\/jaatmetest-energiaks-leedus\/#breadcrumb"},"inLanguage":"en-US","potentialAction":[{"@type":"ReadAction","target":["https:\/\/gren.com\/ee\/jaatmetest-energiaks-leedus\/"]}]},{"@type":"BreadcrumbList","@id":"https:\/\/gren.com\/ee\/jaatmetest-energiaks-leedus\/#breadcrumb","itemListElement":[{"@type":"ListItem","position":1,"name":"Home","item":"https:\/\/gren.com\/ee\/"},{"@type":"ListItem","position":2,"name":"J\u00e4\u00e4tmed energiaks"}]},{"@type":"WebSite","@id":"https:\/\/gren.com\/ee\/#website","url":"https:\/\/gren.com\/ee\/","name":"Gren Eesti","description":"Me oleme rohelise energia ettev\u00f5te","potentialAction":[{"@type":"SearchAction","target":{"@type":"EntryPoint","urlTemplate":"https:\/\/gren.com\/ee\/?s={search_term_string}"},"query-input":{"@type":"PropertyValueSpecification","valueRequired":true,"valueName":"search_term_string"}}],"inLanguage":"en-US"}]}},"_links":{"self":[{"href":"https:\/\/gren.com\/ee\/wp-json\/wp\/v2\/pages\/11379","targetHints":{"allow":["GET"]}}],"collection":[{"href":"https:\/\/gren.com\/ee\/wp-json\/wp\/v2\/pages"}],"about":[{"href":"https:\/\/gren.com\/ee\/wp-json\/wp\/v2\/types\/page"}],"author":[{"embeddable":true,"href":"https:\/\/gren.com\/ee\/wp-json\/wp\/v2\/users\/6"}],"replies":[{"embeddable":true,"href":"https:\/\/gren.com\/ee\/wp-json\/wp\/v2\/comments?post=11379"}],"version-history":[{"count":45,"href":"https:\/\/gren.com\/ee\/wp-json\/wp\/v2\/pages\/11379\/revisions"}],"predecessor-version":[{"id":13251,"href":"https:\/\/gren.com\/ee\/wp-json\/wp\/v2\/pages\/11379\/revisions\/13251"}],"wp:attachment":[{"href":"https:\/\/gren.com\/ee\/wp-json\/wp\/v2\/media?parent=11379"}],"curies":[{"name":"wp","href":"https:\/\/api.w.org\/{rel}","templated":true}]}}