{"id":12443,"date":"2024-02-02T19:50:18","date_gmt":"2024-02-02T17:50:18","guid":{"rendered":"https:\/\/web-staging.gren.com\/ee\/?page_id=12443"},"modified":"2024-10-14T13:54:14","modified_gmt":"2024-10-14T10:54:14","slug":"soojussolme-hooldusteenused-parnus","status":"publish","type":"page","link":"https:\/\/gren.com\/ee\/soojussolme-hooldusteenused-parnus\/","title":{"rendered":"Soojuss\u00f5lme hooldusteenused P\u00e4rnus"},"content":{"rendered":"<style type=\"text\/css\">.page-hero{padding:140px 0 30px;position:relative}.page-hero-content{max-width:300px}.page-hero h4,.page-hero p{font-size:16px;font-weight:400;line-height:24px}.page-hero .date{margin-top:24px;color:#fff;font-size:20px}.page-hero-video-wrap{position:absolute;top:0;left:0;width:100%;height:100%;z-index:-1;overflow:hidden}.page-hero-video{width:100%;height:100%;object-fit:cover}@media(min-width: 576px){.page-hero-content{max-width:850px}}@media(min-width: 992px){.page-hero{padding:210px 0 64px}.page-hero h4,.page-hero p{font-size:24px;line-height:30px}}\n\n\/*# sourceMappingURL=block-page-hero.min.css.map*\/<\/style><section id=\"page-hero-block_d0b619736dc6dc8bae3154ba96a5b928\" class=\"block page-hero\" style=\"background: url(https:\/\/grenweb01.blob.core.windows.net\/gren-web-prod\/2023\/06\/heat_equipment-scaled-1.jpeg) no-repeat center\/cover\">\n\t<div class=\"container\"  data-block-animate>\n\t\t\t\t\t<div class=\"page-hero-content text-wrap\"  data-animate-part>\n\t\t\t\t<h1><span style=\"color: #18213b\">Soojuss\u00f5lme hooldusteenused P\u00e4rnus<\/span><\/h1>\n\n                \t\t\t<\/div>\n\t\t\t<\/div>\n<\/section>\n\n<style type=\"text\/css\">.full-width-written-content p>a{font-weight:700}\n\n\/*# sourceMappingURL=block-full-width-written-content.min.css.map*\/<\/style><section id=\"full-width-written-content-block_62191e34a826cc42f0019c3f9effe978\" class=\"block full-width-written-content\">\n\t<div class=\"container\" data-block-animate>\n\t\t<div class=\"text-wrap\" data-animate-part><h3>Me pakume soojuss\u00f5lme hooldusteenuseid P\u00e4rnus<\/h3>\n<ul>\n<li>perioodiline \u00fclevaatus;<\/li>\n<li>k\u00fctteseadmete \u00fclevaatus soojuss\u00f5lme piires;<\/li>\n<li>sooja tarbevee s\u00fcsteemi seadmete \u00fclevaatus soojuss\u00f5lme piires;<\/li>\n<li>soojuss\u00f5lme juhtimisautomaatika ja -seadmete \u00fclevaatus;<\/li>\n<li>t\u00f5rgete ja rikete fikseerimine ja remont;<\/li>\n<li>hooldusremondi t\u00f6\u00f6d;<\/li>\n<li>perioodiline hooldus;<\/li>\n<li>juhtimisautomaatika ja -seadmete seadistus, remont ja vahetus;<\/li>\n<li>soojusvahetite keemiline pesu.<\/li>\n<\/ul>\n<p>Hinnapakkumise esitamine eeldab tarbimiskoha soojuss\u00f5lme eelnevat \u00fclevaatust.<\/p>\n<p>Hoolduslepingu s\u00f5lmimisega seotud k\u00fcsimuste ning t\u00e4iendava informatsiooni saamiseks p\u00f6\u00f6rdu meie klienditeeninduse poole.<\/p>\n<p><a href=\"https:\/\/gren.com\/ee\/hinnakiri\/?swcfpc=1\" rel=\"noopener\">Vaata l\u00e4hemalt hinnakirja<\/a><\/p>\n<\/div>\t<\/div>\n<\/section>\n\n<style type=\"text\/css\">.accordion-contacts .listing-wrap{margin-top:32px;display:flex;flex-wrap:wrap;gap:16px}.accordion-contacts .listing-wrap .listing-col{width:100%}@media(min-width: 768px){.accordion-contacts .listing-wrap .listing-col{width:calc(50% - 8px)}}.accordion-contacts .accordion-contact-item button{position:relative;width:100%;padding:24px 48px 24px 24px;background:#d7e4e3;font-size:24px;font-weight:700;line-height:30px;border-radius:8px;border:none;text-align:left}.accordion-contacts .accordion-contact-item button span{margin-right:24px}.accordion-contacts .accordion-contact-item button svg{position:absolute;top:28px;right:24px;width:12px;height:24px;transition:transform .15s}.accordion-contacts .accordion-contact-item button svg path{transition:stroke .3s}@media(min-width: 992px){.accordion-contacts .accordion-contact-item button:hover:hover svg path{stroke:#18213b}}.accordion-contacts .accordion-contact-item .accordion-content{transition:height .35s ease-in-out;overflow:hidden;display:none}.accordion-contacts .accordion-contact-item.is-open button svg{transform:rotate(90deg)}.accordion-contacts .accordion-contact-item.is-open button svg path{stroke:#18213b}.accordion-contacts .accordion-contact-item.is-open .accordion-content{display:block}.accordion-contacts .accordion-contact-card{padding:24px 16px}.accordion-contacts .accordion-contact-card:not(:first-child){border-bottom:1px solid #9cbbba}.accordion-contacts .accordion-contact-card:nth-child(2){border-top:1px solid #9cbbba}.accordion-contacts .accordion-contact-card h4{font-size:24px;line-height:30px}.accordion-contacts .accordion-contact-card a{display:block;font-weight:700;color:#18213b}@media(min-width: 992px){.accordion-contacts .accordion-contact-card a:hover{color:#e8412c}}.accordion-contacts .accordion-contact-card a:first-of-type{margin-top:24px}.accordion-contacts .accordion-contact-card p{margin-top:24px}.accordion-contacts .accordion-contact-card .col-image{width:150px;height:180px;margin-left:16px;overflow:hidden;border-radius:8px}.accordion-contacts .accordion-contact-card .col-image img{object-fit:cover;object-position:center;width:100%;height:100%}\n\n\/*# sourceMappingURL=block-accordion-contacts.min.css.map*\/<\/style><section id=\"accordion-contacts-block_85218c5fae25e47f3475c980ff146552\" class=\"block accordion-contacts\">\n\t<div class=\"container\" data-block-animate>\n        <div class=\"text-wrap\" data-animate-part>\n            <h3>Kontaktid P\u00e4rnus<\/h3>\n        <\/div>\n                    <div class=\"listing-wrap\">\n                                    <div class=\"listing-col\" data-animate-part>\n                        <div class=\"accordion-contact-item\">\n                            <div class=\"accordion-header\">\n                                <button type=\"button\">\n                                    <span>Soojuss\u00f5lme hooldusteenused P\u00e4rnus<\/span>\n                                    <svg width=\"16\" height=\"28\" viewBox=\"0 0 16 28\" fill=\"none\" xmlns=\"http:\/\/www.w3.org\/2000\/svg\">\n                                        <path d=\"M1.49609 2L14.0002 14L1.49609 26\" stroke=\"white\" stroke-width=\"3\" stroke-linecap=\"round\" stroke-linejoin=\"round\"\/>\n                                    <\/svg>\n                                <\/button>\n                            <\/div>\n                            <div class=\"accordion-content\">\n                                <div class=\"accordion-body\">\n                                    \n                                                                                    <div class=\"accordion-contact-card\">\n                                                <div class=\"row flex-nowrap g-0 position-relative\">\n                                                    <div class=\"col\">\n                                                        <h4>Hillar Nuut<\/h4>\n                                                                                                                                                                            <p>M\u00fc\u00fcgijuht<\/p>\n                                                                                                                                                                                                                                    <a href=\"mailto:hillar.nuut@gren.com\">\n                                                                hillar.nuut@gren.com                                                            <\/a>\n                                                                                                            <\/div>\n                                                                                                    <\/div>\n\n                                            <\/div>\n                                                                            \n                                <\/div>\n                            <\/div>\n                        <\/div>\n                    <\/div>\n                            <\/div>\n        \t<\/div>\n<\/section>\n","protected":false},"excerpt":{"rendered":"","protected":false},"author":6,"featured_media":0,"parent":0,"menu_order":0,"comment_status":"closed","ping_status":"closed","template":"","meta":{"_acf_changed":false,"footnotes":""},"class_list":["post-12443","page","type-page","status-publish","hentry"],"acf":[],"yoast_head":"<!-- This site is optimized with the Yoast SEO plugin v26.8 - https:\/\/yoast.com\/product\/yoast-seo-wordpress\/ -->\n<title>Soojuss\u00f5lme hooldusteenused P\u00e4rnus - Gren Eesti<\/title>\n<meta name=\"description\" content=\"Soojuss\u00f5lme hooldusteenused P\u00e4rnus. Hoolduslepingu s\u00f5lmimisega seotud k\u00fcsimuste ning t\u00e4iendava informatsiooni saamiseks p\u00f6\u00f6rdu meie klienditeeninduse poole.\" \/>\n<meta name=\"robots\" content=\"index, follow, max-snippet:-1, max-image-preview:large, max-video-preview:-1\" \/>\n<link rel=\"canonical\" href=\"https:\/\/gren.com\/ee\/soojussolme-hooldusteenused-parnus\/\" \/>\n<meta property=\"og:locale\" content=\"en_US\" \/>\n<meta property=\"og:type\" content=\"article\" \/>\n<meta property=\"og:title\" content=\"Soojuss\u00f5lme hooldusteenused P\u00e4rnus - Gren Eesti\" \/>\n<meta property=\"og:description\" content=\"Soojuss\u00f5lme hooldusteenused P\u00e4rnus. Hoolduslepingu s\u00f5lmimisega seotud k\u00fcsimuste ning t\u00e4iendava informatsiooni saamiseks p\u00f6\u00f6rdu meie klienditeeninduse poole.\" \/>\n<meta property=\"og:url\" content=\"https:\/\/gren.com\/ee\/soojussolme-hooldusteenused-parnus\/\" \/>\n<meta property=\"og:site_name\" content=\"Gren Eesti\" \/>\n<meta property=\"article:modified_time\" content=\"2024-10-14T10:54:14+00:00\" \/>\n<meta name=\"twitter:card\" content=\"summary_large_image\" \/>\n<meta name=\"twitter:label1\" content=\"Est. reading time\" \/>\n\t<meta name=\"twitter:data1\" content=\"1 minute\" \/>\n<script type=\"application\/ld+json\" class=\"yoast-schema-graph\">{\"@context\":\"https:\/\/schema.org\",\"@graph\":[{\"@type\":\"WebPage\",\"@id\":\"https:\/\/gren.com\/ee\/soojussolme-hooldusteenused-parnus\/\",\"url\":\"https:\/\/gren.com\/ee\/soojussolme-hooldusteenused-parnus\/\",\"name\":\"Soojuss\u00f5lme hooldusteenused P\u00e4rnus - Gren Eesti\",\"isPartOf\":{\"@id\":\"https:\/\/gren.com\/ee\/#website\"},\"datePublished\":\"2024-02-02T17:50:18+00:00\",\"dateModified\":\"2024-10-14T10:54:14+00:00\",\"description\":\"Soojuss\u00f5lme hooldusteenused P\u00e4rnus. Hoolduslepingu s\u00f5lmimisega seotud k\u00fcsimuste ning t\u00e4iendava informatsiooni saamiseks p\u00f6\u00f6rdu meie klienditeeninduse poole.\",\"breadcrumb\":{\"@id\":\"https:\/\/gren.com\/ee\/soojussolme-hooldusteenused-parnus\/#breadcrumb\"},\"inLanguage\":\"en-US\",\"potentialAction\":[{\"@type\":\"ReadAction\",\"target\":[\"https:\/\/gren.com\/ee\/soojussolme-hooldusteenused-parnus\/\"]}]},{\"@type\":\"BreadcrumbList\",\"@id\":\"https:\/\/gren.com\/ee\/soojussolme-hooldusteenused-parnus\/#breadcrumb\",\"itemListElement\":[{\"@type\":\"ListItem\",\"position\":1,\"name\":\"Home\",\"item\":\"https:\/\/gren.com\/ee\/\"},{\"@type\":\"ListItem\",\"position\":2,\"name\":\"Soojuss\u00f5lme hooldusteenused P\u00e4rnus\"}]},{\"@type\":\"WebSite\",\"@id\":\"https:\/\/gren.com\/ee\/#website\",\"url\":\"https:\/\/gren.com\/ee\/\",\"name\":\"Gren Eesti\",\"description\":\"Me oleme rohelise energia ettev\u00f5te\",\"potentialAction\":[{\"@type\":\"SearchAction\",\"target\":{\"@type\":\"EntryPoint\",\"urlTemplate\":\"https:\/\/gren.com\/ee\/?s={search_term_string}\"},\"query-input\":{\"@type\":\"PropertyValueSpecification\",\"valueRequired\":true,\"valueName\":\"search_term_string\"}}],\"inLanguage\":\"en-US\"}]}<\/script>\n<!-- \/ Yoast SEO plugin. -->","yoast_head_json":{"title":"Soojuss\u00f5lme hooldusteenused P\u00e4rnus - Gren Eesti","description":"Soojuss\u00f5lme hooldusteenused P\u00e4rnus. Hoolduslepingu s\u00f5lmimisega seotud k\u00fcsimuste ning t\u00e4iendava informatsiooni saamiseks p\u00f6\u00f6rdu meie klienditeeninduse poole.","robots":{"index":"index","follow":"follow","max-snippet":"max-snippet:-1","max-image-preview":"max-image-preview:large","max-video-preview":"max-video-preview:-1"},"canonical":"https:\/\/gren.com\/ee\/soojussolme-hooldusteenused-parnus\/","og_locale":"en_US","og_type":"article","og_title":"Soojuss\u00f5lme hooldusteenused P\u00e4rnus - Gren Eesti","og_description":"Soojuss\u00f5lme hooldusteenused P\u00e4rnus. Hoolduslepingu s\u00f5lmimisega seotud k\u00fcsimuste ning t\u00e4iendava informatsiooni saamiseks p\u00f6\u00f6rdu meie klienditeeninduse poole.","og_url":"https:\/\/gren.com\/ee\/soojussolme-hooldusteenused-parnus\/","og_site_name":"Gren Eesti","article_modified_time":"2024-10-14T10:54:14+00:00","twitter_card":"summary_large_image","twitter_misc":{"Est. reading time":"1 minute"},"schema":{"@context":"https:\/\/schema.org","@graph":[{"@type":"WebPage","@id":"https:\/\/gren.com\/ee\/soojussolme-hooldusteenused-parnus\/","url":"https:\/\/gren.com\/ee\/soojussolme-hooldusteenused-parnus\/","name":"Soojuss\u00f5lme hooldusteenused P\u00e4rnus - Gren Eesti","isPartOf":{"@id":"https:\/\/gren.com\/ee\/#website"},"datePublished":"2024-02-02T17:50:18+00:00","dateModified":"2024-10-14T10:54:14+00:00","description":"Soojuss\u00f5lme hooldusteenused P\u00e4rnus. Hoolduslepingu s\u00f5lmimisega seotud k\u00fcsimuste ning t\u00e4iendava informatsiooni saamiseks p\u00f6\u00f6rdu meie klienditeeninduse poole.","breadcrumb":{"@id":"https:\/\/gren.com\/ee\/soojussolme-hooldusteenused-parnus\/#breadcrumb"},"inLanguage":"en-US","potentialAction":[{"@type":"ReadAction","target":["https:\/\/gren.com\/ee\/soojussolme-hooldusteenused-parnus\/"]}]},{"@type":"BreadcrumbList","@id":"https:\/\/gren.com\/ee\/soojussolme-hooldusteenused-parnus\/#breadcrumb","itemListElement":[{"@type":"ListItem","position":1,"name":"Home","item":"https:\/\/gren.com\/ee\/"},{"@type":"ListItem","position":2,"name":"Soojuss\u00f5lme hooldusteenused P\u00e4rnus"}]},{"@type":"WebSite","@id":"https:\/\/gren.com\/ee\/#website","url":"https:\/\/gren.com\/ee\/","name":"Gren Eesti","description":"Me oleme rohelise energia ettev\u00f5te","potentialAction":[{"@type":"SearchAction","target":{"@type":"EntryPoint","urlTemplate":"https:\/\/gren.com\/ee\/?s={search_term_string}"},"query-input":{"@type":"PropertyValueSpecification","valueRequired":true,"valueName":"search_term_string"}}],"inLanguage":"en-US"}]}},"_links":{"self":[{"href":"https:\/\/gren.com\/ee\/wp-json\/wp\/v2\/pages\/12443","targetHints":{"allow":["GET"]}}],"collection":[{"href":"https:\/\/gren.com\/ee\/wp-json\/wp\/v2\/pages"}],"about":[{"href":"https:\/\/gren.com\/ee\/wp-json\/wp\/v2\/types\/page"}],"author":[{"embeddable":true,"href":"https:\/\/gren.com\/ee\/wp-json\/wp\/v2\/users\/6"}],"replies":[{"embeddable":true,"href":"https:\/\/gren.com\/ee\/wp-json\/wp\/v2\/comments?post=12443"}],"version-history":[{"count":26,"href":"https:\/\/gren.com\/ee\/wp-json\/wp\/v2\/pages\/12443\/revisions"}],"predecessor-version":[{"id":14444,"href":"https:\/\/gren.com\/ee\/wp-json\/wp\/v2\/pages\/12443\/revisions\/14444"}],"wp:attachment":[{"href":"https:\/\/gren.com\/ee\/wp-json\/wp\/v2\/media?parent=12443"}],"curies":[{"name":"wp","href":"https:\/\/api.w.org\/{rel}","templated":true}]}}