{"id":12921,"date":"2024-02-14T14:25:02","date_gmt":"2024-02-14T12:25:02","guid":{"rendered":"https:\/\/gren.com\/ee\/?page_id=12921"},"modified":"2026-04-01T14:25:10","modified_gmt":"2026-04-01T11:25:10","slug":"valistemperatuurid-viru","status":"publish","type":"page","link":"https:\/\/gren.com\/ee\/valistemperatuurid-viru\/","title":{"rendered":"V\u00e4listemperatuurid Viru"},"content":{"rendered":"<style type=\"text\/css\">.page-hero{padding:140px 0 30px;position:relative}.page-hero-content{max-width:300px}.page-hero h4,.page-hero p{font-size:16px;font-weight:400;line-height:24px}.page-hero .date{margin-top:24px;color:#fff;font-size:20px}.page-hero-video-wrap{position:absolute;top:0;left:0;width:100%;height:100%;z-index:-1;overflow:hidden}.page-hero-video{width:100%;height:100%;object-fit:cover}@media(min-width: 576px){.page-hero-content{max-width:850px}}@media(min-width: 992px){.page-hero{padding:210px 0 64px}.page-hero h4,.page-hero p{font-size:24px;line-height:30px}}\n\n\/*# sourceMappingURL=block-page-hero.min.css.map*\/<\/style><section id=\"page-hero-block_03d945f0b8b490b369dac5260565e140\" class=\"block page-hero\" style=\"background: url(https:\/\/grenweb01.blob.core.windows.net\/gren-web-prod\/sites\/4\/2024\/01\/Gren-Still-09-16-9-scaled-1.jpg) no-repeat center\/cover\">\n\t<div class=\"container\"  data-block-animate>\n\t\t\t\t\t<div class=\"page-hero-content text-wrap\"  data-animate-part>\n\t\t\t\t<h1><span style=\"color: #ffffff\">V\u00e4listemperatuurid Kohtla-J\u00e4rvel-J\u00f5hvis<\/span><\/h1>\n\n                \t\t\t<\/div>\n\t\t\t<\/div>\n<\/section>\n\n<style type=\"text\/css\">.table .text-wrap{margin-bottom:32px}.table .text-wrap h3{color:#18213b}.table table{width:100%;border-collapse:collapse;table-layout:fixed}.table table thead tr{background:rgba(156,187,186,.4)}.table table thead tr th{font-weight:normal}.table table thead tr th:first-child{border-top-left-radius:8px}.table table thead tr th:last-child{border-top-right-radius:8px}.table table tbody tr{border-bottom:1px solid rgba(156,187,186,.4)}.table table tbody tr td:first-child{font-weight:bold}.table table td,.table table th{padding:24px 12px;text-align:left}.table .table-content{margin-top:32px}\n\n\/*# sourceMappingURL=block-table.min.css.map*\/<\/style><section id=\"table-block_52ce2e6732e338d3fa013604ed89a9cb\" class=\"block table\">\n    <div class=\"container\" data-block-animate>\n                <div class=\"table-wrapper\" data-animate-part>\n            <table><thead><tr><th><\/th><th>I<\/th><th>II<\/th><th>III<\/th><th>IV<\/th><th>V<\/th><th>VI<\/th><th>VII<\/th><th>VIII<\/th><th>IX<\/th><th>X<\/th><th>XI<\/th><th>XII<\/th><\/tr><\/thead><tbody><tr><td>2026<\/td><td>-9,4<\/td><td>-9,3<\/td><td>3,8<\/td><td><\/td><td><\/td><td><\/td><td><\/td><td><\/td><td><\/td><td><\/td><td><\/td><td><\/td><\/tr><tr><td>2025<\/td><td>-0,7<\/td><td>-4,4<\/td><td>2,4<\/td><td>5,7<\/td><td>9,1<\/td><td>13,7<\/td><td>19,8<\/td><td>15,2<\/td><td>13,8<\/td><td>6,3<\/td><td>2,8<\/td><td>1,1<\/td><\/tr><tr><td>2024<\/td><td>-8,4<\/td><td>-3,2<\/td><td>1,6<\/td><td>5,1<\/td><td>13,1<\/td><td>16,6<\/td><td>18,7<\/td><td>17,1<\/td><td>15,3<\/td><td>7,5<\/td><td>3,1<\/td><td>0,1<\/td><\/tr><tr><td>2023\n<\/td><td>-2,8<\/td><td>-3,1<\/td><td>-0,7<\/td><td>5,9<\/td><td>10,3<\/td><td>16,0<\/td><td>16,1<\/td><td>18,0<\/td><td>14,6<\/td><td>4,7<\/td><td>-0,3<\/td><td>-4,5<\/td><\/tr><tr><td>2022<\/td><td>-3,2<\/td><td>-1,7<\/td><td>-1,2<\/td><td>2,7<\/td><td>9,5<\/td><td>16,3<\/td><td>17,3<\/td><td>18,8<\/td><td>9,1<\/td><td>7,3<\/td><td>1,2<\/td><td>-4,3<\/td><\/tr><tr><td>2021<\/td><td>-4,4<\/td><td>-8,1<\/td><td>-1,0<\/td><td>4,1<\/td><td>10,2<\/td><td>18,9<\/td><td>21,0<\/td><td>15,3<\/td><td>9,8<\/td><td>7,3<\/td><td>2,1<\/td><td>-6,2<\/td><\/tr><tr><td>2020<\/td><td>1,4<\/td><td>0,1<\/td><td>1,2<\/td><td>3,5<\/td><td>8,3<\/td><td>16,9<\/td><td>15,5<\/td><td>15,7<\/td><td>12,8<\/td><td>8,3<\/td><td>3,5<\/td><td>-1,1<\/td><\/tr><tr><td>2019<\/td><td>-6,4<\/td><td>-0,7<\/td><td>-0,1<\/td><td>6,2<\/td><td>10,1<\/td><td>17,3<\/td><td>15,6<\/td><td>15,3<\/td><td>11,2<\/td><td>5,8<\/td><td>1,4<\/td><td>1,1<\/td><\/tr><tr><td>2018<\/td><td>-2,8<\/td><td>-8,2<\/td><td>-4,4<\/td><td>5,3<\/td><td>13,8<\/td><td>14,8<\/td><td>19,6<\/td><td>17,9<\/td><td>13,3<\/td><td>6,5<\/td><td>2,0<\/td><td>-3,1<\/td><\/tr><tr><td>2017<\/td><td>-3,5<\/td><td>-3,5<\/td><td>0,7<\/td><td>1,9<\/td><td>8,7<\/td><td>12,7<\/td><td>14,9<\/td><td>15,7<\/td><td>11,5<\/td><td>4,6<\/td><td>1,7<\/td><td>-0,1<\/td><\/tr><tr><td>2016<\/td><td>-10,7<\/td><td>-0,5<\/td><td>-0,7<\/td><td>5,0<\/td><td>12,9<\/td><td>15,4<\/td><td>17,1<\/td><td>15,4<\/td><td>12,1<\/td><td>4,0<\/td><td>-1,5<\/td><td>-0,5<\/td><\/tr><tr><td>2015<\/td><td>-2,6<\/td><td>-1,3<\/td><td>2,0<\/td><td>4,9<\/td><td>9,9<\/td><td>13,8<\/td><td>15,5<\/td><td>15,9<\/td><td>12,3<\/td><td>4,8<\/td><td>3,3<\/td><td>1,9<\/td><\/tr><tr><td>2014<\/td><td>-7,6<\/td><td>-0,9<\/td><td>1,4<\/td><td>5,2<\/td><td>11,3<\/td><td>12,7<\/td><td>19,4<\/td><td>16,8<\/td><td>11,8<\/td><td>4,9<\/td><td>0,5<\/td><td>-1,8<\/td><\/tr><tr><td>2013<\/td><td>-6,4<\/td><td>-3,6<\/td><td>-7,9<\/td><td>2,7<\/td><td>13,4<\/td><td>17,7<\/td><td>17,3<\/td><td>16,4<\/td><td>11,1<\/td><td>6,5<\/td><td>3,6<\/td><td>0,7<\/td><\/tr><tr><td>2012<\/td><td>-5,6<\/td><td>-11,1<\/td><td>-1,3<\/td><td>4,1<\/td><td>11,1<\/td><td>12,9<\/td><td>17,7<\/td><td>14,6<\/td><td>11,8<\/td><td>5,5<\/td><td>2,3<\/td><td>-7,8<\/td><\/tr><tr><td>2011<\/td><td>-5,1<\/td><td>-11,9<\/td><td>-2,3<\/td><td>4,9<\/td><td>10,4<\/td><td>16,8<\/td><td>20,3<\/td><td>16,0<\/td><td>12,2<\/td><td>4,9<\/td><td>3,8<\/td><td>1,2<\/td><\/tr><tr><td>2010<\/td><td>-12,8<\/td><td>-8,9<\/td><td>-2,9<\/td><td>5,0<\/td><td>12,1<\/td><td>13,9<\/td><td>22,3<\/td><td>17,9<\/td><td>11,2<\/td><td>3,9<\/td><td>0,1<\/td><td>-8,3<\/td><\/tr><tr><td>2009<\/td><td>-3,0<\/td><td>-5,5<\/td><td>-1,7<\/td><td>4,4<\/td><td>10,6<\/td><td>13,5<\/td><td>16,6<\/td><td>15,2<\/td><td>12,5<\/td><td>4,1<\/td><td>1,6<\/td><td>-5,6<\/td><\/tr><tr><td>2008<\/td><td>-1,7<\/td><td>0,1<\/td><td>-0,6<\/td><td>6,1<\/td><td>9,5<\/td><td>13,8<\/td><td>15,9<\/td><td>15,0<\/td><td>9,8<\/td><td>7,7<\/td><td>2,1<\/td><td>-0,9<\/td><\/tr><tr><td>2007<\/td><td>-2,2<\/td><td>-10,6<\/td><td>3,2<\/td><td>4,8<\/td><td>11,3<\/td><td>15,1<\/td><td>16,9<\/td><td>17,5<\/td><td>10,8<\/td><td>6,7<\/td><td>-0,6<\/td><td>0,6<\/td><\/tr><tr><td>2006<\/td><td>-6,1<\/td><td>-9,1<\/td><td>-6,4<\/td><td>4,9<\/td><td>10,2<\/td><td>15,4<\/td><td>18,2<\/td><td>17,1<\/td><td>13,5<\/td><td>7,8<\/td><td>1,7<\/td><td>3,0<\/td><\/tr><tr><td>2005<\/td><td>-2,1<\/td><td>-7,5<\/td><td>-7,0<\/td><td>3,9<\/td><td>10,2<\/td><td>13,7<\/td><td>18,1<\/td><td>16,2<\/td><td>12,3<\/td><td>7,1<\/td><td>2,7<\/td><td>-3,4<\/td><\/tr><tr><td>2004<\/td><td>-7,9<\/td><td>-5,1<\/td><td>-1,2<\/td><td>5,0<\/td><td>10,0<\/td><td>12,7<\/td><td>16,3<\/td><td>16,5<\/td><td>11,9<\/td><td>5,7<\/td><td>-0,2<\/td><td>-0,9<\/td><\/tr><tr><td>2003<\/td><td>-9,4<\/td><td>-6,4<\/td><td>-2,3<\/td><td>2,2<\/td><td>10,6<\/td><td>12,5<\/td><td>19,4<\/td><td>15,3<\/td><td>11,1<\/td><td>3,9<\/td><td>2,2<\/td><td>-0,1<\/td><\/tr><tr><td>2002<\/td><td>-3,3<\/td><td>-0,9<\/td><td>0,5<\/td><td>5,5<\/td><td>11,5<\/td><td>15,3<\/td><td>18,7<\/td><td>17,8<\/td><td>10,8<\/td><td>0,7<\/td><td>-2,2<\/td><td>-9,3<\/td><\/tr><tr><td>2001<\/td><td>-2,3<\/td><td>-6,4<\/td><td>-4,0<\/td><td>6,4<\/td><td>9,2<\/td><td>13,5<\/td><td>20,1<\/td><td>15,5<\/td><td>11,6<\/td><td>7,4<\/td><td>-0,8<\/td><td>-8,3<\/td><\/tr><tr><td>2000<\/td><td>-3,4<\/td><td>-2,3<\/td><td>-1,4<\/td><td>7,2<\/td><td>9,9<\/td><td>13,7<\/td><td>16,1<\/td><td>14,5<\/td><td>9,3<\/td><td>7,9<\/td><td>2,9<\/td><td>-0,1<\/td><\/tr><tr><td>1999<\/td><td>-5,5<\/td><td>-7,8<\/td><td>-1,3<\/td><td>6,8<\/td><td>7,0<\/td><td>18,1<\/td><td>18,6<\/td><td>14,7<\/td><td>12<\/td><td>6,4<\/td><td>0,6<\/td><td>-1,8<\/td><\/tr><\/tbody><\/table>        <\/div>\n        <div class=\"table-content\" data-animate-part>\n            <p><\/p>\n        <\/div>\n    <\/div>\n<\/section>\n","protected":false},"excerpt":{"rendered":"","protected":false},"author":10,"featured_media":0,"parent":0,"menu_order":0,"comment_status":"closed","ping_status":"closed","template":"","meta":{"_acf_changed":false,"footnotes":""},"class_list":["post-12921","page","type-page","status-publish","hentry"],"acf":[],"yoast_head":"<!-- This site is optimized with the Yoast SEO plugin v26.8 - https:\/\/yoast.com\/product\/yoast-seo-wordpress\/ -->\n<title>V\u00e4listemperatuurid Viru - Gren Eesti<\/title>\n<meta name=\"robots\" content=\"index, follow, max-snippet:-1, max-image-preview:large, max-video-preview:-1\" \/>\n<link rel=\"canonical\" href=\"https:\/\/gren.com\/ee\/valistemperatuurid-viru\/\" \/>\n<meta property=\"og:locale\" content=\"en_US\" \/>\n<meta property=\"og:type\" content=\"article\" \/>\n<meta property=\"og:title\" content=\"V\u00e4listemperatuurid Viru - Gren Eesti\" \/>\n<meta property=\"og:url\" content=\"https:\/\/gren.com\/ee\/valistemperatuurid-viru\/\" \/>\n<meta property=\"og:site_name\" content=\"Gren Eesti\" \/>\n<meta property=\"article:modified_time\" content=\"2026-04-01T11:25:10+00:00\" \/>\n<meta name=\"twitter:card\" content=\"summary_large_image\" \/>\n<meta name=\"twitter:label1\" content=\"Est. reading time\" \/>\n\t<meta name=\"twitter:data1\" content=\"1 minute\" \/>\n<script type=\"application\/ld+json\" class=\"yoast-schema-graph\">{\"@context\":\"https:\/\/schema.org\",\"@graph\":[{\"@type\":\"WebPage\",\"@id\":\"https:\/\/gren.com\/ee\/valistemperatuurid-viru\/\",\"url\":\"https:\/\/gren.com\/ee\/valistemperatuurid-viru\/\",\"name\":\"V\u00e4listemperatuurid Viru - Gren Eesti\",\"isPartOf\":{\"@id\":\"https:\/\/gren.com\/ee\/#website\"},\"datePublished\":\"2024-02-14T12:25:02+00:00\",\"dateModified\":\"2026-04-01T11:25:10+00:00\",\"breadcrumb\":{\"@id\":\"https:\/\/gren.com\/ee\/valistemperatuurid-viru\/#breadcrumb\"},\"inLanguage\":\"en-US\",\"potentialAction\":[{\"@type\":\"ReadAction\",\"target\":[\"https:\/\/gren.com\/ee\/valistemperatuurid-viru\/\"]}]},{\"@type\":\"BreadcrumbList\",\"@id\":\"https:\/\/gren.com\/ee\/valistemperatuurid-viru\/#breadcrumb\",\"itemListElement\":[{\"@type\":\"ListItem\",\"position\":1,\"name\":\"Home\",\"item\":\"https:\/\/gren.com\/ee\/\"},{\"@type\":\"ListItem\",\"position\":2,\"name\":\"V\u00e4listemperatuurid Viru\"}]},{\"@type\":\"WebSite\",\"@id\":\"https:\/\/gren.com\/ee\/#website\",\"url\":\"https:\/\/gren.com\/ee\/\",\"name\":\"Gren Eesti\",\"description\":\"Me oleme rohelise energia ettev\u00f5te\",\"potentialAction\":[{\"@type\":\"SearchAction\",\"target\":{\"@type\":\"EntryPoint\",\"urlTemplate\":\"https:\/\/gren.com\/ee\/?s={search_term_string}\"},\"query-input\":{\"@type\":\"PropertyValueSpecification\",\"valueRequired\":true,\"valueName\":\"search_term_string\"}}],\"inLanguage\":\"en-US\"}]}<\/script>\n<!-- \/ Yoast SEO plugin. -->","yoast_head_json":{"title":"V\u00e4listemperatuurid Viru - Gren Eesti","robots":{"index":"index","follow":"follow","max-snippet":"max-snippet:-1","max-image-preview":"max-image-preview:large","max-video-preview":"max-video-preview:-1"},"canonical":"https:\/\/gren.com\/ee\/valistemperatuurid-viru\/","og_locale":"en_US","og_type":"article","og_title":"V\u00e4listemperatuurid Viru - Gren Eesti","og_url":"https:\/\/gren.com\/ee\/valistemperatuurid-viru\/","og_site_name":"Gren Eesti","article_modified_time":"2026-04-01T11:25:10+00:00","twitter_card":"summary_large_image","twitter_misc":{"Est. reading time":"1 minute"},"schema":{"@context":"https:\/\/schema.org","@graph":[{"@type":"WebPage","@id":"https:\/\/gren.com\/ee\/valistemperatuurid-viru\/","url":"https:\/\/gren.com\/ee\/valistemperatuurid-viru\/","name":"V\u00e4listemperatuurid Viru - Gren Eesti","isPartOf":{"@id":"https:\/\/gren.com\/ee\/#website"},"datePublished":"2024-02-14T12:25:02+00:00","dateModified":"2026-04-01T11:25:10+00:00","breadcrumb":{"@id":"https:\/\/gren.com\/ee\/valistemperatuurid-viru\/#breadcrumb"},"inLanguage":"en-US","potentialAction":[{"@type":"ReadAction","target":["https:\/\/gren.com\/ee\/valistemperatuurid-viru\/"]}]},{"@type":"BreadcrumbList","@id":"https:\/\/gren.com\/ee\/valistemperatuurid-viru\/#breadcrumb","itemListElement":[{"@type":"ListItem","position":1,"name":"Home","item":"https:\/\/gren.com\/ee\/"},{"@type":"ListItem","position":2,"name":"V\u00e4listemperatuurid Viru"}]},{"@type":"WebSite","@id":"https:\/\/gren.com\/ee\/#website","url":"https:\/\/gren.com\/ee\/","name":"Gren Eesti","description":"Me oleme rohelise energia ettev\u00f5te","potentialAction":[{"@type":"SearchAction","target":{"@type":"EntryPoint","urlTemplate":"https:\/\/gren.com\/ee\/?s={search_term_string}"},"query-input":{"@type":"PropertyValueSpecification","valueRequired":true,"valueName":"search_term_string"}}],"inLanguage":"en-US"}]}},"_links":{"self":[{"href":"https:\/\/gren.com\/ee\/wp-json\/wp\/v2\/pages\/12921","targetHints":{"allow":["GET"]}}],"collection":[{"href":"https:\/\/gren.com\/ee\/wp-json\/wp\/v2\/pages"}],"about":[{"href":"https:\/\/gren.com\/ee\/wp-json\/wp\/v2\/types\/page"}],"author":[{"embeddable":true,"href":"https:\/\/gren.com\/ee\/wp-json\/wp\/v2\/users\/10"}],"replies":[{"embeddable":true,"href":"https:\/\/gren.com\/ee\/wp-json\/wp\/v2\/comments?post=12921"}],"version-history":[{"count":57,"href":"https:\/\/gren.com\/ee\/wp-json\/wp\/v2\/pages\/12921\/revisions"}],"predecessor-version":[{"id":17119,"href":"https:\/\/gren.com\/ee\/wp-json\/wp\/v2\/pages\/12921\/revisions\/17119"}],"wp:attachment":[{"href":"https:\/\/gren.com\/ee\/wp-json\/wp\/v2\/media?parent=12921"}],"curies":[{"name":"wp","href":"https:\/\/api.w.org\/{rel}","templated":true}]}}