{"id":13275,"date":"2024-04-05T15:34:59","date_gmt":"2024-04-05T12:34:59","guid":{"rendered":"https:\/\/gren.com\/ee\/?page_id=13275"},"modified":"2025-11-26T13:12:43","modified_gmt":"2025-11-26T11:12:43","slug":"kaugkutte-hinnad-aastate-loikes","status":"publish","type":"page","link":"https:\/\/gren.com\/ee\/kliendile\/kaugkutte-hinnad-aastate-loikes\/","title":{"rendered":"Kaugk\u00fctte hinnad aastate l\u00f5ikes"},"content":{"rendered":"<style type=\"text\/css\">.page-hero{padding:140px 0 30px;position:relative}.page-hero-content{max-width:300px}.page-hero h4,.page-hero p{font-size:16px;font-weight:400;line-height:24px}.page-hero .date{margin-top:24px;color:#fff;font-size:20px}.page-hero-video-wrap{position:absolute;top:0;left:0;width:100%;height:100%;z-index:-1;overflow:hidden}.page-hero-video{width:100%;height:100%;object-fit:cover}@media(min-width: 576px){.page-hero-content{max-width:850px}}@media(min-width: 992px){.page-hero{padding:210px 0 64px}.page-hero h4,.page-hero p{font-size:24px;line-height:30px}}\n\n\/*# sourceMappingURL=block-page-hero.min.css.map*\/<\/style><section id=\"page-hero-block_6816030fd9f830bbe5dadefb032a7788\" class=\"block page-hero\" style=\"background: url(https:\/\/grenweb01.blob.core.windows.net\/gren-web-prod\/sites\/4\/2022\/11\/radiator_16_9-scaled-1.jpg) no-repeat center\/cover\">\n\t<div class=\"container\"  data-block-animate>\n\t\t\t\t\t<div class=\"page-hero-content text-wrap\"  data-animate-part>\n\t\t\t\t<h1>Kaugk\u00fctte hinnad aastate l\u00f5ikes<\/h1>\n\n                \t\t\t<\/div>\n\t\t\t<\/div>\n<\/section>\n\n<style type=\"text\/css\">.block.anchors .btn-wrap{display:flex;flex-wrap:wrap;gap:16px}\n\n\/*# sourceMappingURL=block-anchors.min.css.map*\/<\/style><section id=\"anchors-block_dd28848b07cd65c8fc912bb72d473265\" class=\"block anchors\">\n\t<div class=\"container\" data-block-animate>\n                    <div class=\"btn-wrap\" data-animate-part>\n                                    <a href=\"https:\/\/gren.com\/ee\/kliendile\/kaugkutte-hinnad-aastate-loikes\/#J\u00f5hvis\/Kohtla-J\u00e4rvel\" type=\"button\" class=\"btn btn-secondary btn-anchor\">\n                        J\u00f5hvis\/Kohtla-J\u00e4rvel                    <\/a>\n                                    <a href=\"https:\/\/gren.com\/ee\/kliendile\/kaugkutte-hinnad-aastate-loikes\/#Tartus\" type=\"button\" class=\"btn btn-secondary btn-anchor\">\n                        Tartus                    <\/a>\n                                    <a href=\"https:\/\/gren.com\/ee\/kliendile\/kaugkutte-hinnad-aastate-loikes\/#P\u00e4rnus\" type=\"button\" class=\"btn btn-secondary btn-anchor\">\n                        P\u00e4rnus                    <\/a>\n                                    <a href=\"https:\/\/gren.com\/ee\/kliendile\/kaugkutte-hinnad-aastate-loikes\/#Viljandihinnad\" type=\"button\" class=\"btn btn-secondary btn-anchor\">\n                        Viljandis                    <\/a>\n                            <\/div>\n        \t<\/div>\n<\/section>\n\n\n<style type=\"text\/css\">.full-width-written-content p>a{font-weight:700}\n\n\/*# sourceMappingURL=block-full-width-written-content.min.css.map*\/<\/style><section id=\"full-width-written-content-block_fb99dce148e547b6e7f3bd5287c3747b\" class=\"block full-width-written-content\">\n\t<div class=\"container\" data-block-animate>\n\t\t<div class=\"text-wrap\" data-animate-part><blockquote>\n<h3>Siit lehelt leiad meie pakutud kaugk\u00fctte hindade muutused aastate l\u00f5ikes. Tabelis oleme v\u00e4lja toonud need kuud ja aastad, millal hind on muutunud.<\/h3>\n<\/blockquote>\n<\/div>\t<\/div>\n<\/section>\n\n<style type=\"text\/css\">.table .text-wrap{margin-bottom:32px}.table .text-wrap h3{color:#18213b}.table table{width:100%;border-collapse:collapse;table-layout:fixed}.table table thead tr{background:rgba(156,187,186,.4)}.table table thead tr th{font-weight:normal}.table table thead tr th:first-child{border-top-left-radius:8px}.table table thead tr th:last-child{border-top-right-radius:8px}.table table tbody tr{border-bottom:1px solid rgba(156,187,186,.4)}.table table tbody tr td:first-child{font-weight:bold}.table table td,.table table th{padding:24px 12px;text-align:left}.table .table-content{margin-top:32px}\n\n\/*# sourceMappingURL=block-table.min.css.map*\/<\/style><section id=\"J\u00f5hvis\/Kohtla-J\u00e4rvel\" class=\"block table\">\n    <div class=\"container\" data-block-animate>\n                    <div class=\"text-wrap\" data-animate-part>\n                <h3>Kaugk\u00fctte hindade muutused J\u00f5hvis\/Kohtla-J\u00e4rvel<\/h3>\n            <\/div>\n                <div class=\"table-wrapper\" data-animate-part>\n            <table><thead><tr><th>Hinnamuutuse toimumise aeg<\/th><th>EUR \/ MWh + km<\/th><\/tr><\/thead><tbody><tr><td>Aprill 2011 <\/td><td>39,46 \u20ac\/MWh + km <\/td><\/tr><tr><td>Oktoober 2011 <\/td><td>43,69 \u20ac\/MWh + km<\/td><\/tr><tr><td>August 2012<\/td><td>47,26 \u20ac\/MWh + km <\/td><\/tr><tr><td>Jaanuar 2013<\/td><td>55,52 \u20ac\/MWh + km <\/td><\/tr><tr><td>Juuni 2013<\/td><td>55,22 \u20ac\/MWh + km <\/td><\/tr><tr><td>November 2018<\/td><td>52,66 \u20ac\/MWh + km<\/td><\/tr><tr><td>September 2022<\/td><td>53,54 \u20ac\/MWh + km <\/td><\/tr><tr><td>Jaanuar 2023<\/td><td>61,71 \u20ac\/MWh + km <\/td><\/tr><tr><td>November 2023<\/td><td>62,78 \u20ac\/MWh + km<\/td><\/tr><\/tbody><\/table>        <\/div>\n        <div class=\"table-content\" data-animate-part>\n            <p><\/p>\n        <\/div>\n    <\/div>\n<\/section>\n\n\n<section id=\"Tartus\" class=\"block table\">\n    <div class=\"container\" data-block-animate>\n                    <div class=\"text-wrap\" data-animate-part>\n                <h3>Kaugk\u00fctte hindade muutused Tartus<\/h3>\n            <\/div>\n                <div class=\"table-wrapper\" data-animate-part>\n            <table><thead><tr><th>Hinnamuutuse toimumise aeg<\/th><th>EUR \/ MWh + km<\/th><\/tr><\/thead><tbody><tr><td>Jaanuar 2014<\/td><td>53,35 + km<\/td><\/tr><tr><td>Jaanuar 2016<\/td><td>51,05 + km<\/td><\/tr><tr><td>Jaanuar 2017<\/td><td>49,80 + km<\/td><\/tr><tr><td>Jaanuar 2018<\/td><td>48,90 + km<\/td><\/tr><tr><td>Jaanuar 2019<\/td><td>48,50 + km<\/td><\/tr><tr><td>Jaanuar 2022<\/td><td>53,35 + km<\/td><\/tr><tr><td>November 2022<\/td><td>78,31 + km<\/td><\/tr><tr><td>Jaanuar 2023<\/td><td>85,80 + km<\/td><\/tr><tr><td>Juuni 2023<\/td><td>76,50 + km<\/td><\/tr><tr><td>November 2023<\/td><td>72,60 + km<\/td><\/tr><tr><td>Veebruar 2024<\/td><td>58,97 + km<\/td><\/tr><tr><td>Mai 2025*<\/td><td>64,69 + km<\/td><\/tr><tr><td>Detsember 2025<\/td><td>62,41 + km<\/td><\/tr><\/tbody><\/table>        <\/div>\n        <div class=\"table-content\" data-animate-part>\n            <p>*hinnamuutus 11.05.2025<\/p>\n        <\/div>\n    <\/div>\n<\/section>\n\n\n<section id=\"P\u00e4rnus\" class=\"block table\">\n    <div class=\"container\" data-block-animate>\n                    <div class=\"text-wrap\" data-animate-part>\n                <h3>Kaugk\u00fctte hindade muutused P\u00e4rnus<\/h3>\n            <\/div>\n                <div class=\"table-wrapper\" data-animate-part>\n            <table><thead><tr><th>Hinnamuutuse toimumise aeg<\/th><th>EUR \/ MWh + km<\/th><\/tr><\/thead><tbody><tr><td>Jaanuar 2014<\/td><td>53,29 + km<\/td><\/tr><tr><td>Jaanuar 2017<\/td><td>50,65 + km<\/td><\/tr><tr><td>Jaanuar 2022<\/td><td>53,29 + km<\/td><\/tr><tr><td>November 2022*<\/td><td>86,57 + km<\/td><\/tr><tr><td>Jaanuar 2023<\/td><td>95,38 + km<\/td><\/tr><tr><td>Juuni 2023<\/td><td>89,68 + km<\/td><\/tr><tr><td>November 2023<\/td><td>85,15 + km<\/td><\/tr><tr><td>September 2024<\/td><td>74,55 + km<\/td><\/tr><tr><td>M\u00e4rts 2025<\/td><td>68,76 + km<\/td><\/tr><\/tbody><\/table>        <\/div>\n        <div class=\"table-content\" data-animate-part>\n            <p>* hind muutus 25.11.2022<\/p>\n        <\/div>\n    <\/div>\n<\/section>\n\n\n<section id=\"Viljandihinnad\" class=\"block table\">\n    <div class=\"container\" data-block-animate>\n                    <div class=\"text-wrap\" data-animate-part>\n                <h3>Kaugk\u00fctte hindade muutused Viljandis<\/h3>\n            <\/div>\n                <div class=\"table-wrapper\" data-animate-part>\n            <table><thead><tr><th>Hinnamuutuse toimumise aeg<\/th><th>EUR \/ MWh + km<\/th><\/tr><\/thead><tbody><tr><td>September 2023<\/td><td>67,05 + km<\/td><\/tr><tr><td>Detsember 2023<\/td><td>68,04 + km<\/td><\/tr><tr><td>Jaanuar 2024*<\/td><td>68,46 + km<\/td><\/tr><tr><td>Aprill 2024<\/td><td>66,23 + km<\/td><\/tr><tr><td>Mai 2024<\/td><td>74,42 + km<\/td><\/tr><tr><td>Juuli 2024<\/td><td>73,40 + km<\/td><\/tr><tr><td>August 2024<\/td><td>73,80 + km<\/td><\/tr><tr><td>Jaanuar 2025<\/td><td>74,42 + km<\/td><\/tr><tr><td>Detsember 2025<\/td><td>72,94 + km<\/td><\/tr><\/tbody><\/table>        <\/div>\n        <div class=\"table-content\" data-animate-part>\n            <p>* hind muutus 06.01.2024<\/p>\n        <\/div>\n    <\/div>\n<\/section>\n","protected":false},"excerpt":{"rendered":"","protected":false},"author":22,"featured_media":0,"parent":10295,"menu_order":4,"comment_status":"closed","ping_status":"closed","template":"","meta":{"_acf_changed":false,"footnotes":""},"class_list":["post-13275","page","type-page","status-publish","hentry"],"acf":[],"yoast_head":"<!-- This site is optimized with the Yoast SEO plugin v26.8 - https:\/\/yoast.com\/product\/yoast-seo-wordpress\/ -->\n<title>Kaugk\u00fctte hinnad aastate l\u00f5ikes - Gren Eesti<\/title>\n<meta name=\"robots\" content=\"index, follow, max-snippet:-1, max-image-preview:large, max-video-preview:-1\" \/>\n<link rel=\"canonical\" href=\"https:\/\/gren.com\/ee\/kliendile\/kaugkutte-hinnad-aastate-loikes\/\" \/>\n<meta property=\"og:locale\" content=\"en_US\" \/>\n<meta property=\"og:type\" content=\"article\" \/>\n<meta property=\"og:title\" content=\"Kaugk\u00fctte hinnad aastate l\u00f5ikes - Gren Eesti\" \/>\n<meta property=\"og:url\" content=\"https:\/\/gren.com\/ee\/kliendile\/kaugkutte-hinnad-aastate-loikes\/\" \/>\n<meta property=\"og:site_name\" content=\"Gren Eesti\" \/>\n<meta property=\"article:modified_time\" content=\"2025-11-26T11:12:43+00:00\" \/>\n<meta name=\"twitter:card\" content=\"summary_large_image\" \/>\n<meta name=\"twitter:label1\" content=\"Est. reading time\" \/>\n\t<meta name=\"twitter:data1\" content=\"1 minute\" \/>\n<script type=\"application\/ld+json\" class=\"yoast-schema-graph\">{\"@context\":\"https:\/\/schema.org\",\"@graph\":[{\"@type\":\"WebPage\",\"@id\":\"https:\/\/gren.com\/ee\/kliendile\/kaugkutte-hinnad-aastate-loikes\/\",\"url\":\"https:\/\/gren.com\/ee\/kliendile\/kaugkutte-hinnad-aastate-loikes\/\",\"name\":\"Kaugk\u00fctte hinnad aastate l\u00f5ikes - Gren Eesti\",\"isPartOf\":{\"@id\":\"https:\/\/gren.com\/ee\/#website\"},\"datePublished\":\"2024-04-05T12:34:59+00:00\",\"dateModified\":\"2025-11-26T11:12:43+00:00\",\"breadcrumb\":{\"@id\":\"https:\/\/gren.com\/ee\/kliendile\/kaugkutte-hinnad-aastate-loikes\/#breadcrumb\"},\"inLanguage\":\"en-US\",\"potentialAction\":[{\"@type\":\"ReadAction\",\"target\":[\"https:\/\/gren.com\/ee\/kliendile\/kaugkutte-hinnad-aastate-loikes\/\"]}]},{\"@type\":\"BreadcrumbList\",\"@id\":\"https:\/\/gren.com\/ee\/kliendile\/kaugkutte-hinnad-aastate-loikes\/#breadcrumb\",\"itemListElement\":[{\"@type\":\"ListItem\",\"position\":1,\"name\":\"Home\",\"item\":\"https:\/\/gren.com\/ee\/\"},{\"@type\":\"ListItem\",\"position\":2,\"name\":\"Kliendile\",\"item\":\"https:\/\/gren.com\/ee\/kliendile\/\"},{\"@type\":\"ListItem\",\"position\":3,\"name\":\"Kaugk\u00fctte hinnad aastate l\u00f5ikes\"}]},{\"@type\":\"WebSite\",\"@id\":\"https:\/\/gren.com\/ee\/#website\",\"url\":\"https:\/\/gren.com\/ee\/\",\"name\":\"Gren Eesti\",\"description\":\"Me oleme rohelise energia ettev\u00f5te\",\"potentialAction\":[{\"@type\":\"SearchAction\",\"target\":{\"@type\":\"EntryPoint\",\"urlTemplate\":\"https:\/\/gren.com\/ee\/?s={search_term_string}\"},\"query-input\":{\"@type\":\"PropertyValueSpecification\",\"valueRequired\":true,\"valueName\":\"search_term_string\"}}],\"inLanguage\":\"en-US\"}]}<\/script>\n<!-- \/ Yoast SEO plugin. -->","yoast_head_json":{"title":"Kaugk\u00fctte hinnad aastate l\u00f5ikes - Gren Eesti","robots":{"index":"index","follow":"follow","max-snippet":"max-snippet:-1","max-image-preview":"max-image-preview:large","max-video-preview":"max-video-preview:-1"},"canonical":"https:\/\/gren.com\/ee\/kliendile\/kaugkutte-hinnad-aastate-loikes\/","og_locale":"en_US","og_type":"article","og_title":"Kaugk\u00fctte hinnad aastate l\u00f5ikes - Gren Eesti","og_url":"https:\/\/gren.com\/ee\/kliendile\/kaugkutte-hinnad-aastate-loikes\/","og_site_name":"Gren Eesti","article_modified_time":"2025-11-26T11:12:43+00:00","twitter_card":"summary_large_image","twitter_misc":{"Est. reading time":"1 minute"},"schema":{"@context":"https:\/\/schema.org","@graph":[{"@type":"WebPage","@id":"https:\/\/gren.com\/ee\/kliendile\/kaugkutte-hinnad-aastate-loikes\/","url":"https:\/\/gren.com\/ee\/kliendile\/kaugkutte-hinnad-aastate-loikes\/","name":"Kaugk\u00fctte hinnad aastate l\u00f5ikes - Gren Eesti","isPartOf":{"@id":"https:\/\/gren.com\/ee\/#website"},"datePublished":"2024-04-05T12:34:59+00:00","dateModified":"2025-11-26T11:12:43+00:00","breadcrumb":{"@id":"https:\/\/gren.com\/ee\/kliendile\/kaugkutte-hinnad-aastate-loikes\/#breadcrumb"},"inLanguage":"en-US","potentialAction":[{"@type":"ReadAction","target":["https:\/\/gren.com\/ee\/kliendile\/kaugkutte-hinnad-aastate-loikes\/"]}]},{"@type":"BreadcrumbList","@id":"https:\/\/gren.com\/ee\/kliendile\/kaugkutte-hinnad-aastate-loikes\/#breadcrumb","itemListElement":[{"@type":"ListItem","position":1,"name":"Home","item":"https:\/\/gren.com\/ee\/"},{"@type":"ListItem","position":2,"name":"Kliendile","item":"https:\/\/gren.com\/ee\/kliendile\/"},{"@type":"ListItem","position":3,"name":"Kaugk\u00fctte hinnad aastate l\u00f5ikes"}]},{"@type":"WebSite","@id":"https:\/\/gren.com\/ee\/#website","url":"https:\/\/gren.com\/ee\/","name":"Gren Eesti","description":"Me oleme rohelise energia ettev\u00f5te","potentialAction":[{"@type":"SearchAction","target":{"@type":"EntryPoint","urlTemplate":"https:\/\/gren.com\/ee\/?s={search_term_string}"},"query-input":{"@type":"PropertyValueSpecification","valueRequired":true,"valueName":"search_term_string"}}],"inLanguage":"en-US"}]}},"_links":{"self":[{"href":"https:\/\/gren.com\/ee\/wp-json\/wp\/v2\/pages\/13275","targetHints":{"allow":["GET"]}}],"collection":[{"href":"https:\/\/gren.com\/ee\/wp-json\/wp\/v2\/pages"}],"about":[{"href":"https:\/\/gren.com\/ee\/wp-json\/wp\/v2\/types\/page"}],"author":[{"embeddable":true,"href":"https:\/\/gren.com\/ee\/wp-json\/wp\/v2\/users\/22"}],"replies":[{"embeddable":true,"href":"https:\/\/gren.com\/ee\/wp-json\/wp\/v2\/comments?post=13275"}],"version-history":[{"count":64,"href":"https:\/\/gren.com\/ee\/wp-json\/wp\/v2\/pages\/13275\/revisions"}],"predecessor-version":[{"id":16961,"href":"https:\/\/gren.com\/ee\/wp-json\/wp\/v2\/pages\/13275\/revisions\/16961"}],"up":[{"embeddable":true,"href":"https:\/\/gren.com\/ee\/wp-json\/wp\/v2\/pages\/10295"}],"wp:attachment":[{"href":"https:\/\/gren.com\/ee\/wp-json\/wp\/v2\/media?parent=13275"}],"curies":[{"name":"wp","href":"https:\/\/api.w.org\/{rel}","templated":true}]}}