{"id":13410,"date":"2024-04-18T11:54:35","date_gmt":"2024-04-18T08:54:35","guid":{"rendered":"https:\/\/gren.com\/ee\/?page_id=13410"},"modified":"2025-04-29T11:04:22","modified_gmt":"2025-04-29T08:04:22","slug":"biokutus","status":"publish","type":"page","link":"https:\/\/gren.com\/ee\/biokutus\/","title":{"rendered":"S\u00e4\u00e4stlik biok\u00fctus"},"content":{"rendered":"<style type=\"text\/css\">.page-hero{padding:140px 0 30px;position:relative}.page-hero-content{max-width:300px}.page-hero h4,.page-hero p{font-size:16px;font-weight:400;line-height:24px}.page-hero .date{margin-top:24px;color:#fff;font-size:20px}.page-hero-video-wrap{position:absolute;top:0;left:0;width:100%;height:100%;z-index:-1;overflow:hidden}.page-hero-video{width:100%;height:100%;object-fit:cover}@media(min-width: 576px){.page-hero-content{max-width:850px}}@media(min-width: 992px){.page-hero{padding:210px 0 64px}.page-hero h4,.page-hero p{font-size:24px;line-height:30px}}\n\n\/*# sourceMappingURL=block-page-hero.min.css.map*\/<\/style><section id=\"page-hero-block_328313aaa51cf9d6cb5019dda8af1bf8\" class=\"block page-hero\" style=\"background: url(https:\/\/grenweb01.blob.core.windows.net\/gren-web-prod\/sites\/4\/2024\/01\/Gren-Still-02-16-9-V2-scaled-1.jpg) no-repeat center\/cover\">\n\t<div class=\"container\"  data-block-animate>\n\t\t\t\t\t<div class=\"page-hero-content text-wrap\"  data-animate-part>\n\t\t\t\t<h1>S\u00e4\u00e4stlik biok\u00fctus<\/h1>\n\n                \t\t\t<\/div>\n\t\t\t<\/div>\n<\/section>\n\n<style type=\"text\/css\">.full-width-written-content p>a{font-weight:700}\n\n\/*# sourceMappingURL=block-full-width-written-content.min.css.map*\/<\/style><section id=\"full-width-written-content-block_0053d0f3d25f2e755cdf028cd8ed38f7\" class=\"block full-width-written-content\">\n\t<div class=\"container\" data-block-animate>\n\t\t<div class=\"text-wrap\" data-animate-part><p>Gren kasutab Euroopa Liidu Taastuvenergia direktiivis m\u00e4\u00e4ratletud s\u00e4\u00e4stlikkuse kriteeriumitele vastavat eestimaist biomassk\u00fctust. Energiat toodetakse hakkpuidust, mille muul moel v\u00e4\u00e4rindamine ei ole v\u00f5imalik v\u00f5i m\u00f5istlik. Grenil on olemas info kasutatava materjali tarneahela ning p\u00e4ritolu kohta.<\/p>\n<p>Grenile on v\u00e4ljastatud PEFC tarneahela sertifikaat nr NCS-PEFC-COC-001028, mis on s\u00f5ltumatu t\u00f5endus keskkonnas\u00e4\u00e4stlikkuse p\u00f5him\u00f5tetest kinnipidamisest. Tarneahela sertifitseerimiseks on ettev\u00f5te rakendanud kontrollis\u00fcsteemi, mis tagab kasutatava materjali tarneahela ning p\u00e4ritolu info l\u00e4bipaistvuse ja j\u00e4lgitavuse. K\u00f5ik k\u00fctuse tarnijad omavad FSC v\u00f5i PEFC sertifikaati ning jagavad Greni tarnija k\u00e4itumiskoodeksis toodud p\u00f5him\u00f5tteid.<\/p>\n<p>L\u00e4htuvalt Energiamajanduse korralduse seadusest avaldab Gren teabe v\u00e4hemalt 20 MW nimisoojusv\u00f5imsusega biomassk\u00fctusel t\u00f6\u00f6tavates k\u00e4itistes kasutatud k\u00fctuse p\u00e4ritolu, k\u00fctuse l\u00e4hteaine ning sellest toodetud energiakoguse kohta. Asjakohane teave eelneva aasta koht avaldatakse hiljemalt 1. maiks.<\/p>\n<\/div>\t<\/div>\n<\/section>\n\n<section id=\"full-width-written-content-block_385b6125b1b7c898a7d534044fafb92a\" class=\"block full-width-written-content\">\n\t<div class=\"container\" data-block-animate>\n\t\t<div class=\"text-wrap\" data-animate-part><h3>P\u00e4rnu koostootmisjaamas kasutati 2024. aastal kohaliku p\u00e4ritoluga biomassi 179 956 tonni, millest toodeti:<\/h3>\n<\/div>\t<\/div>\n<\/section>\n\n<style type=\"text\/css\">.block.statistics{color:#fff;overflow:hidden}.block.statistics .listing-wrap{position:relative;display:flex;flex-wrap:wrap;justify-content:space-between;max-width:900px;margin:0 auto;height:160px}@media(min-width: 768px){.block.statistics .listing-wrap{height:auto;gap:48px 16px}}.block.statistics .listing-wrap .listing-col{position:absolute;width:100%;height:100%}@media(min-width: 768px){.block.statistics .listing-wrap .listing-col{position:relative;width:calc(50% - 8px);height:auto}}.block.statistics .listing-wrap .listing-col .col-wrap{width:100%;display:flex;align-items:center}@media(min-width: 768px){.block.statistics .listing-wrap .listing-col .col-wrap{max-width:305px;margin:0 auto;display:flex}}.block.statistics .statistics-card{opacity:0;width:100%}@media(min-width: 768px){.block.statistics .statistics-card{opacity:1}}.block.statistics .statistics-card h2{font-size:64px;font-weight:700;line-height:68px;white-space:nowrap}@media(min-width: 768px){.block.statistics .statistics-card h2{font-size:48px;font-weight:700;line-height:50px}}.block.statistics .statistics-card img{height:56px;width:auto}.block.statistics .statistics-card .card-top,.block.statistics .statistics-card .card-name,.block.statistics .statistics-card .card-border-wrap{width:60%}@media(min-width: 768px){.block.statistics .statistics-card .card-top,.block.statistics .statistics-card .card-name,.block.statistics .statistics-card .card-border-wrap{width:100%}}.block.statistics .statistics-card .card-top{text-align:right}@media(min-width: 768px){.block.statistics .statistics-card .card-top{display:flex;justify-content:space-between;align-items:baseline;overflow:hidden}}.block.statistics .statistics-card .card-top img{display:none}@media(min-width: 768px){.block.statistics .statistics-card .card-top img{display:block}}.block.statistics .statistics-card .card-border-wrap .card-border{width:calc(100% + 32px);height:5px;background:#e8412c;margin-top:5px;transform:translateX(-32px)}@media(min-width: 768px){.block.statistics .statistics-card .card-border-wrap .card-border{width:100%;transform:translateX(0);margin-top:12px}}.block.statistics .statistics-card .card-name{position:relative;margin-top:12px;font-size:32px;line-height:36px;font-weight:400;text-align:right}@media(min-width: 768px){.block.statistics .statistics-card .card-name{text-align:left;font-size:24px;line-height:30px;margin-top:8px}}.block.statistics .statistics-card .card-name img{position:absolute;right:-20px;bottom:0;transform:translate(100%, 10%)}@media(min-width: 768px){.block.statistics .statistics-card .card-name img{display:none}}\n\n\/*# sourceMappingURL=block-statistics.min.css.map*\/<\/style>\n<section id=\"statistics-block_d2418de7d91916ff991d30105884c8ee\" class=\"block statistics bg-light-green\">\n\t<div class=\"container\">\n        <div class=\"statistics-slider listing-wrap\">\n                            <div class=\"listing-col\">\n                    <div class=\"col-wrap\">\n                        <div class=\"statistics-card\" data-speed=\"60\">\n                            <div class=\"card-top\">\n                                                                <h2>139 163 MWh<\/h2>\n                            <\/div>\n                            <div class=\"card-border-wrap\">\n                                <div class=\"card-border\"><\/div>\n                            <\/div>\n                            <div class=\"card-name\">\n                                elektrit                                                            <\/div>\n                        <\/div>\n                    <\/div>\n                <\/div>\n                            <div class=\"listing-col\">\n                    <div class=\"col-wrap\">\n                        <div class=\"statistics-card\" data-speed=\"60\">\n                            <div class=\"card-top\">\n                                                                <h2>464 308 MWh<\/h2>\n                            <\/div>\n                            <div class=\"card-border-wrap\">\n                                <div class=\"card-border\"><\/div>\n                            <\/div>\n                            <div class=\"card-name\">\n                                soojusenergiat                                                            <\/div>\n                        <\/div>\n                    <\/div>\n                <\/div>\n                    <\/div>\n\t<\/div>\n<\/section>\n\n\n<section id=\"full-width-written-content-block_228ebb5b36de6643f33a6dec11572665\" class=\"block full-width-written-content\">\n\t<div class=\"container\" data-block-animate>\n\t\t<div class=\"text-wrap\" data-animate-part><h3>P\u00e4rnu Suur-J\u00f5e katlamajas kasutati 2024. aastal kohaliku p\u00e4ritoluga biomassi 2942 tonni, millest toodeti:<\/h3>\n<\/div>\t<\/div>\n<\/section>\n\n\n<section id=\"statistics-block_f42572a9d2bea518c79020d999de9e2a\" class=\"block statistics bg-light-green\">\n\t<div class=\"container\">\n        <div class=\"statistics-slider listing-wrap\">\n                            <div class=\"listing-col\">\n                    <div class=\"col-wrap\">\n                        <div class=\"statistics-card\" data-speed=\"60\">\n                            <div class=\"card-top\">\n                                                                <h2>7 614 MWh<\/h2>\n                            <\/div>\n                            <div class=\"card-border-wrap\">\n                                <div class=\"card-border\"><\/div>\n                            <\/div>\n                            <div class=\"card-name\">\n                                soojusenergiat                                                            <\/div>\n                        <\/div>\n                    <\/div>\n                <\/div>\n                    <\/div>\n\t<\/div>\n<\/section>\n\n\n<section id=\"full-width-written-content-block_6e9f6f5842b3d058fc3e806bc066cb19\" class=\"block full-width-written-content\">\n\t<div class=\"container\" data-block-animate>\n\t\t<div class=\"text-wrap\" data-animate-part><h3>Tartu koostootmisjaamas kasutati 2024. aastal kohaliku p\u00e4ritoluga biomassi kokku 239 994 tonni, millest toodeti:<\/h3>\n<\/div>\t<\/div>\n<\/section>\n\n\n<section id=\"statistics-block_9db647c7446b5fe3ec1bcb87893fab56\" class=\"block statistics bg-light-green\">\n\t<div class=\"container\">\n        <div class=\"statistics-slider listing-wrap\">\n                            <div class=\"listing-col\">\n                    <div class=\"col-wrap\">\n                        <div class=\"statistics-card\" data-speed=\"60\">\n                            <div class=\"card-top\">\n                                                                <h2>148 269 MWh<\/h2>\n                            <\/div>\n                            <div class=\"card-border-wrap\">\n                                <div class=\"card-border\"><\/div>\n                            <\/div>\n                            <div class=\"card-name\">\n                                elektrit                                                            <\/div>\n                        <\/div>\n                    <\/div>\n                <\/div>\n                            <div class=\"listing-col\">\n                    <div class=\"col-wrap\">\n                        <div class=\"statistics-card\" data-speed=\"60\">\n                            <div class=\"card-top\">\n                                                                <h2>538 704 MWh<\/h2>\n                            <\/div>\n                            <div class=\"card-border-wrap\">\n                                <div class=\"card-border\"><\/div>\n                            <\/div>\n                            <div class=\"card-name\">\n                                soojusenergiat                                                            <\/div>\n                        <\/div>\n                    <\/div>\n                <\/div>\n                    <\/div>\n\t<\/div>\n<\/section>\n\n\n<section id=\"full-width-written-content-block_454a0571ff2e6b56b386ee2550375efb\" class=\"block full-width-written-content\">\n\t<div class=\"container\" data-block-animate>\n\t\t<div class=\"text-wrap\" data-animate-part><h3>Viljandi M\u00e4nnim\u00e4e katlamajas kasutati 2024. aastal biomassi kokku 14 361 tonni, millest kohalikku p\u00e4ritolu materjali osakaal moodustas 99%. Biomassist toodeti:<\/h3>\n<\/div>\t<\/div>\n<\/section>\n\n\n<section id=\"statistics-block_eb0f9935404994df271d01b1db81c7cc\" class=\"block statistics bg-light-green\">\n\t<div class=\"container\">\n        <div class=\"statistics-slider listing-wrap\">\n                            <div class=\"listing-col\">\n                    <div class=\"col-wrap\">\n                        <div class=\"statistics-card\" data-speed=\"60\">\n                            <div class=\"card-top\">\n                                                                <h2>34\u202f687 MWh<\/h2>\n                            <\/div>\n                            <div class=\"card-border-wrap\">\n                                <div class=\"card-border\"><\/div>\n                            <\/div>\n                            <div class=\"card-name\">\n                                soojusenergiat                                                            <\/div>\n                        <\/div>\n                    <\/div>\n                <\/div>\n                    <\/div>\n\t<\/div>\n<\/section>\n","protected":false},"excerpt":{"rendered":"","protected":false},"author":22,"featured_media":10938,"parent":0,"menu_order":0,"comment_status":"closed","ping_status":"closed","template":"","meta":{"_acf_changed":false,"footnotes":""},"class_list":["post-13410","page","type-page","status-publish","has-post-thumbnail","hentry"],"acf":[],"yoast_head":"<!-- This site is optimized with the Yoast SEO plugin v26.8 - https:\/\/yoast.com\/product\/yoast-seo-wordpress\/ -->\n<title>S\u00e4\u00e4stlik biok\u00fctus - Gren Eesti<\/title>\n<meta name=\"robots\" content=\"index, follow, max-snippet:-1, max-image-preview:large, max-video-preview:-1\" \/>\n<link rel=\"canonical\" href=\"https:\/\/gren.com\/ee\/biokutus\/\" \/>\n<meta property=\"og:locale\" content=\"en_US\" \/>\n<meta property=\"og:type\" content=\"article\" \/>\n<meta property=\"og:title\" content=\"S\u00e4\u00e4stlik biok\u00fctus - Gren Eesti\" \/>\n<meta property=\"og:url\" content=\"https:\/\/gren.com\/ee\/biokutus\/\" \/>\n<meta property=\"og:site_name\" content=\"Gren Eesti\" \/>\n<meta property=\"article:modified_time\" content=\"2025-04-29T08:04:22+00:00\" \/>\n<meta property=\"og:image\" content=\"https:\/\/grenweb01.blob.core.windows.net\/gren-web-prod\/sites\/4\/2024\/01\/Gren-Still-02-16-9-V2-scaled-1.jpg\" \/>\n\t<meta property=\"og:image:width\" content=\"2560\" \/>\n\t<meta property=\"og:image:height\" content=\"1440\" \/>\n\t<meta property=\"og:image:type\" content=\"image\/jpeg\" \/>\n<meta name=\"twitter:card\" content=\"summary_large_image\" \/>\n<meta name=\"twitter:label1\" content=\"Est. reading time\" \/>\n\t<meta name=\"twitter:data1\" content=\"2 minutes\" \/>\n<script type=\"application\/ld+json\" class=\"yoast-schema-graph\">{\"@context\":\"https:\/\/schema.org\",\"@graph\":[{\"@type\":\"WebPage\",\"@id\":\"https:\/\/gren.com\/ee\/biokutus\/\",\"url\":\"https:\/\/gren.com\/ee\/biokutus\/\",\"name\":\"S\u00e4\u00e4stlik biok\u00fctus - Gren Eesti\",\"isPartOf\":{\"@id\":\"https:\/\/gren.com\/ee\/#website\"},\"primaryImageOfPage\":{\"@id\":\"https:\/\/gren.com\/ee\/biokutus\/#primaryimage\"},\"image\":{\"@id\":\"https:\/\/gren.com\/ee\/biokutus\/#primaryimage\"},\"thumbnailUrl\":\"https:\/\/grenweb01.blob.core.windows.net\/gren-web-prod\/sites\/4\/2024\/01\/Gren-Still-02-16-9-V2-scaled-1.jpg\",\"datePublished\":\"2024-04-18T08:54:35+00:00\",\"dateModified\":\"2025-04-29T08:04:22+00:00\",\"breadcrumb\":{\"@id\":\"https:\/\/gren.com\/ee\/biokutus\/#breadcrumb\"},\"inLanguage\":\"en-US\",\"potentialAction\":[{\"@type\":\"ReadAction\",\"target\":[\"https:\/\/gren.com\/ee\/biokutus\/\"]}]},{\"@type\":\"ImageObject\",\"inLanguage\":\"en-US\",\"@id\":\"https:\/\/gren.com\/ee\/biokutus\/#primaryimage\",\"url\":\"https:\/\/grenweb01.blob.core.windows.net\/gren-web-prod\/sites\/4\/2024\/01\/Gren-Still-02-16-9-V2-scaled-1.jpg\",\"contentUrl\":\"https:\/\/grenweb01.blob.core.windows.net\/gren-web-prod\/sites\/4\/2024\/01\/Gren-Still-02-16-9-V2-scaled-1.jpg\",\"width\":2560,\"height\":1440},{\"@type\":\"BreadcrumbList\",\"@id\":\"https:\/\/gren.com\/ee\/biokutus\/#breadcrumb\",\"itemListElement\":[{\"@type\":\"ListItem\",\"position\":1,\"name\":\"Home\",\"item\":\"https:\/\/gren.com\/ee\/\"},{\"@type\":\"ListItem\",\"position\":2,\"name\":\"S\u00e4\u00e4stlik biok\u00fctus\"}]},{\"@type\":\"WebSite\",\"@id\":\"https:\/\/gren.com\/ee\/#website\",\"url\":\"https:\/\/gren.com\/ee\/\",\"name\":\"Gren Eesti\",\"description\":\"Me oleme rohelise energia ettev\u00f5te\",\"potentialAction\":[{\"@type\":\"SearchAction\",\"target\":{\"@type\":\"EntryPoint\",\"urlTemplate\":\"https:\/\/gren.com\/ee\/?s={search_term_string}\"},\"query-input\":{\"@type\":\"PropertyValueSpecification\",\"valueRequired\":true,\"valueName\":\"search_term_string\"}}],\"inLanguage\":\"en-US\"}]}<\/script>\n<!-- \/ Yoast SEO plugin. -->","yoast_head_json":{"title":"S\u00e4\u00e4stlik biok\u00fctus - Gren Eesti","robots":{"index":"index","follow":"follow","max-snippet":"max-snippet:-1","max-image-preview":"max-image-preview:large","max-video-preview":"max-video-preview:-1"},"canonical":"https:\/\/gren.com\/ee\/biokutus\/","og_locale":"en_US","og_type":"article","og_title":"S\u00e4\u00e4stlik biok\u00fctus - Gren Eesti","og_url":"https:\/\/gren.com\/ee\/biokutus\/","og_site_name":"Gren Eesti","article_modified_time":"2025-04-29T08:04:22+00:00","og_image":[{"width":2560,"height":1440,"url":"https:\/\/grenweb01.blob.core.windows.net\/gren-web-prod\/sites\/4\/2024\/01\/Gren-Still-02-16-9-V2-scaled-1.jpg","type":"image\/jpeg"}],"twitter_card":"summary_large_image","twitter_misc":{"Est. reading time":"2 minutes"},"schema":{"@context":"https:\/\/schema.org","@graph":[{"@type":"WebPage","@id":"https:\/\/gren.com\/ee\/biokutus\/","url":"https:\/\/gren.com\/ee\/biokutus\/","name":"S\u00e4\u00e4stlik biok\u00fctus - Gren Eesti","isPartOf":{"@id":"https:\/\/gren.com\/ee\/#website"},"primaryImageOfPage":{"@id":"https:\/\/gren.com\/ee\/biokutus\/#primaryimage"},"image":{"@id":"https:\/\/gren.com\/ee\/biokutus\/#primaryimage"},"thumbnailUrl":"https:\/\/grenweb01.blob.core.windows.net\/gren-web-prod\/sites\/4\/2024\/01\/Gren-Still-02-16-9-V2-scaled-1.jpg","datePublished":"2024-04-18T08:54:35+00:00","dateModified":"2025-04-29T08:04:22+00:00","breadcrumb":{"@id":"https:\/\/gren.com\/ee\/biokutus\/#breadcrumb"},"inLanguage":"en-US","potentialAction":[{"@type":"ReadAction","target":["https:\/\/gren.com\/ee\/biokutus\/"]}]},{"@type":"ImageObject","inLanguage":"en-US","@id":"https:\/\/gren.com\/ee\/biokutus\/#primaryimage","url":"https:\/\/grenweb01.blob.core.windows.net\/gren-web-prod\/sites\/4\/2024\/01\/Gren-Still-02-16-9-V2-scaled-1.jpg","contentUrl":"https:\/\/grenweb01.blob.core.windows.net\/gren-web-prod\/sites\/4\/2024\/01\/Gren-Still-02-16-9-V2-scaled-1.jpg","width":2560,"height":1440},{"@type":"BreadcrumbList","@id":"https:\/\/gren.com\/ee\/biokutus\/#breadcrumb","itemListElement":[{"@type":"ListItem","position":1,"name":"Home","item":"https:\/\/gren.com\/ee\/"},{"@type":"ListItem","position":2,"name":"S\u00e4\u00e4stlik biok\u00fctus"}]},{"@type":"WebSite","@id":"https:\/\/gren.com\/ee\/#website","url":"https:\/\/gren.com\/ee\/","name":"Gren Eesti","description":"Me oleme rohelise energia ettev\u00f5te","potentialAction":[{"@type":"SearchAction","target":{"@type":"EntryPoint","urlTemplate":"https:\/\/gren.com\/ee\/?s={search_term_string}"},"query-input":{"@type":"PropertyValueSpecification","valueRequired":true,"valueName":"search_term_string"}}],"inLanguage":"en-US"}]}},"_links":{"self":[{"href":"https:\/\/gren.com\/ee\/wp-json\/wp\/v2\/pages\/13410","targetHints":{"allow":["GET"]}}],"collection":[{"href":"https:\/\/gren.com\/ee\/wp-json\/wp\/v2\/pages"}],"about":[{"href":"https:\/\/gren.com\/ee\/wp-json\/wp\/v2\/types\/page"}],"author":[{"embeddable":true,"href":"https:\/\/gren.com\/ee\/wp-json\/wp\/v2\/users\/22"}],"replies":[{"embeddable":true,"href":"https:\/\/gren.com\/ee\/wp-json\/wp\/v2\/comments?post=13410"}],"version-history":[{"count":37,"href":"https:\/\/gren.com\/ee\/wp-json\/wp\/v2\/pages\/13410\/revisions"}],"predecessor-version":[{"id":15915,"href":"https:\/\/gren.com\/ee\/wp-json\/wp\/v2\/pages\/13410\/revisions\/15915"}],"wp:featuredmedia":[{"embeddable":true,"href":"https:\/\/gren.com\/ee\/wp-json\/wp\/v2\/media\/10938"}],"wp:attachment":[{"href":"https:\/\/gren.com\/ee\/wp-json\/wp\/v2\/media?parent=13410"}],"curies":[{"name":"wp","href":"https:\/\/api.w.org\/{rel}","templated":true}]}}