{"id":13684,"date":"2024-06-11T09:45:15","date_gmt":"2024-06-11T06:45:15","guid":{"rendered":"https:\/\/gren.com\/ee\/?page_id=13684"},"modified":"2026-02-18T12:12:48","modified_gmt":"2026-02-18T10:12:48","slug":"sponsorlus-ja-heategevus","status":"publish","type":"page","link":"https:\/\/gren.com\/ee\/esg\/sponsorlus-ja-heategevus\/","title":{"rendered":"Sponsorlus ja heategevus"},"content":{"rendered":"<style type=\"text\/css\">.page-hero{padding:140px 0 30px;position:relative}.page-hero-content{max-width:300px}.page-hero h4,.page-hero p{font-size:16px;font-weight:400;line-height:24px}.page-hero .date{margin-top:24px;color:#fff;font-size:20px}.page-hero-video-wrap{position:absolute;top:0;left:0;width:100%;height:100%;z-index:-1;overflow:hidden}.page-hero-video{width:100%;height:100%;object-fit:cover}@media(min-width: 576px){.page-hero-content{max-width:850px}}@media(min-width: 992px){.page-hero{padding:210px 0 64px}.page-hero h4,.page-hero p{font-size:24px;line-height:30px}}\n\n\/*# sourceMappingURL=block-page-hero.min.css.map*\/<\/style><section id=\"page-hero-block_f9a8f2d6234aa480c88c7ffebf723dd6\" class=\"block page-hero\" >\n\t<div class=\"container\"  data-block-animate>\n\t\t\t\t\t<div class=\"page-hero-content text-wrap\"  data-animate-part>\n\t\t\t\t<h1>Sponsorlus ja heategevus<\/h1>\n\n                \t\t\t<\/div>\n\t\t\t<\/div>\n<\/section>\n\n<style type=\"text\/css\">.full-width-written-content p>a{font-weight:700}\n\n\/*# sourceMappingURL=block-full-width-written-content.min.css.map*\/<\/style><section id=\"full-width-written-content-block_6c060ad6e3f1551578995db5ab443ee3\" class=\"block full-width-written-content\">\n\t<div class=\"container\" data-block-animate>\n\t\t<div class=\"text-wrap\" data-animate-part><p>T\u00e4name huvi eest teha meiega koost\u00f6\u00f6d. Hetkel me uusi sponsorlus- ja heategevuslepinguid ei s\u00f5lmi.<\/p>\n<\/div>\t<\/div>\n<\/section>\n\n<style type=\"text\/css\">.two-column-content{position:relative;padding:48px 0 0;overflow-y:hidden}.two-column-content.bg-dark-green,.two-column-content.bg-dark-red{color:#fff}.two-column-content .img-wrap,.two-column-content .text-wrap{width:100%}.two-column-content .block-background-image img{position:absolute;width:100%;height:100%;object-position:center;object-fit:cover;top:0;left:0}.two-column-content .container{position:relative}.two-column-content .text-wrap{padding:0 16px}.two-column-content .text-wrap ul li{font-size:16px}.two-column-content .text-wrap p>a{font-weight:700;position:relative;transition:all ease-in-out .3s;margin-top:50px;display:inline-block}.two-column-content .text-wrap p>a:active{color:#9cbbba !important}.two-column-content .text-inner{padding:24px 16px;border-radius:4px}.two-column-content .text-inner .btn{display:inline-block}.two-column-content .img-wrap{position:relative;height:100%}.two-column-content .img-wrap img{object-fit:contain;object-position:top;width:100%;height:100%}.two-column-content .with-image .right-col p{opacity:.6;margin:12px 0 0}.two-column-content .right-col img{width:100%}@media(max-width: 767.98px){.two-column-content .container{padding:0}.two-column-content .text-wrap{margin:24px 0}.two-column-content .with-image .right-col{order:1}.two-column-content .with-image .left-col{order:2}.two-column-content.reversed .left-col{order:2 !important}.two-column-content.reversed .right-col{order:1 !important}}@media(min-width: 768px){.two-column-content{padding:32px 0}.two-column-content .img-wrap img{max-height:500px}.two-column-content .only-text .left-col .text-wrap{padding-right:28px !important}.two-column-content .only-text .right-col .text-wrap{padding-left:28px}.two-column-content:not(.reversed) .left-col .text-wrap{padding-right:64px}.two-column-content.reversed .left-col{order:2 !important}.two-column-content.reversed .left-col .text-wrap{padding-left:64px}.two-column-content.reversed .right-col{order:1 !important}}@media(min-width: 992px){.two-column-content .row.with-image .right-col{order:unset}.two-column-content .row.with-image .left-col{order:unset}.two-column-content .text-wrap{justify-self:start}.two-column-content .text-wrap p>a{margin-top:0}.two-column-content .text-wrap p>a:hover{color:#e8412c}.two-column-content.align-middle .col-6{display:flex;align-items:center}.two-column-content.align-bottom .col-6{display:flex;align-items:end}}\n\n\/*# sourceMappingURL=block-two-column-content.min.css.map*\/<\/style><section id=\"two-column-content-block_12139331a090fc491f15d580c27409e7\" class=\"block two-column-content bg-white reversed\" data-menu-target>\n        <div class=\"container\" data-block-animate>\n        <div class=\"row g-0 with-image\">\n            <div class=\"col-12 col-md-6 left-col\" data-animate-part>\n                <div class=\"text-wrap\"><div class=\"text-inner\" style=\"\"><blockquote>\n<h2>Gren toetab P\u00e4rnu V\u00f5rkpalliklubi<\/h2>\n<\/blockquote>\n<\/div><\/div>\n            <\/div><!--\/.col-->\n            <div class=\"col-12 col-md-6 right-col\" data-animate-part>\n                <div class=\"img-wrap\"><img loading=\"lazy\" decoding=\"async\" width=\"1024\" height=\"345\" src=\"https:\/\/grenweb01.blob.core.windows.net\/gren-web-prod\/sites\/4\/2024\/06\/Parnu-VP-1024x345.png\" class=\"attachment-large size-large\" alt=\"\" srcset=\"https:\/\/grenweb01.blob.core.windows.net\/gren-web-prod\/sites\/4\/2024\/06\/Parnu-VP-1024x345.png 1024w, https:\/\/grenweb01.blob.core.windows.net\/gren-web-prod\/sites\/4\/2024\/06\/Parnu-VP-300x101.png 300w, https:\/\/grenweb01.blob.core.windows.net\/gren-web-prod\/sites\/4\/2024\/06\/Parnu-VP-768x259.png 768w, https:\/\/grenweb01.blob.core.windows.net\/gren-web-prod\/sites\/4\/2024\/06\/Parnu-VP-1536x517.png 1536w, https:\/\/grenweb01.blob.core.windows.net\/gren-web-prod\/sites\/4\/2024\/06\/Parnu-VP-2048x690.png 2048w\" sizes=\"auto, (max-width: 1024px) 100vw, 1024px\" \/><\/div>            <\/div><!--\/.col-->\n        <\/div>\n    <\/div>\n<\/section>\n\n<section id=\"two-column-content-block_b0b4d15e11c2ef46de35276cd44739f7\" class=\"block two-column-content bg-white reversed\" data-menu-target>\n        <div class=\"container\" data-block-animate>\n        <div class=\"row g-0 with-image\">\n            <div class=\"col-12 col-md-6 left-col\" data-animate-part>\n                <div class=\"text-wrap\"><div class=\"text-inner\" style=\"\"><blockquote>\n<h2>Gren toetab Tartu v\u00f5rkpalliklubi<\/h2>\n<\/blockquote>\n<\/div><\/div>\n            <\/div><!--\/.col-->\n            <div class=\"col-12 col-md-6 right-col\" data-animate-part>\n                <div class=\"img-wrap\"><img loading=\"lazy\" decoding=\"async\" width=\"1024\" height=\"345\" src=\"https:\/\/grenweb01.blob.core.windows.net\/gren-web-prod\/sites\/4\/2024\/06\/Tartu-vorkpalliklubi-1024x345.png\" class=\"attachment-large size-large\" alt=\"\" srcset=\"https:\/\/grenweb01.blob.core.windows.net\/gren-web-prod\/sites\/4\/2024\/06\/Tartu-vorkpalliklubi-1024x345.png 1024w, https:\/\/grenweb01.blob.core.windows.net\/gren-web-prod\/sites\/4\/2024\/06\/Tartu-vorkpalliklubi-300x101.png 300w, https:\/\/grenweb01.blob.core.windows.net\/gren-web-prod\/sites\/4\/2024\/06\/Tartu-vorkpalliklubi-768x259.png 768w, https:\/\/grenweb01.blob.core.windows.net\/gren-web-prod\/sites\/4\/2024\/06\/Tartu-vorkpalliklubi-1536x517.png 1536w, https:\/\/grenweb01.blob.core.windows.net\/gren-web-prod\/sites\/4\/2024\/06\/Tartu-vorkpalliklubi-2048x690.png 2048w\" sizes=\"auto, (max-width: 1024px) 100vw, 1024px\" \/><\/div>            <\/div><!--\/.col-->\n        <\/div>\n    <\/div>\n<\/section>\n\n<section id=\"two-column-content-block_b3092f109a2bd79411e3b560c3d039d4\" class=\"block two-column-content bg-white reversed\" data-menu-target>\n        <div class=\"container\" data-block-animate>\n        <div class=\"row g-0 with-image\">\n            <div class=\"col-12 col-md-6 left-col\" data-animate-part>\n                <div class=\"text-wrap\"><div class=\"text-inner\" style=\"\"><blockquote>\n<h2>Gren oli Euroopa kultuuripealinna Tartu 2024 vabatahtlike valdkonna partner<\/h2>\n<\/blockquote>\n<\/div><\/div>\n            <\/div><!--\/.col-->\n            <div class=\"col-12 col-md-6 right-col\" data-animate-part>\n                <div class=\"img-wrap\"><img loading=\"lazy\" decoding=\"async\" width=\"1024\" height=\"345\" src=\"https:\/\/grenweb01.blob.core.windows.net\/gren-web-prod\/sites\/4\/2024\/06\/Tartu-2024-Pohilogo-Horisontaalne-EST-taisliide-all-Must-1024x345.png\" class=\"attachment-large size-large\" alt=\"\" srcset=\"https:\/\/grenweb01.blob.core.windows.net\/gren-web-prod\/sites\/4\/2024\/06\/Tartu-2024-Pohilogo-Horisontaalne-EST-taisliide-all-Must-1024x345.png 1024w, https:\/\/grenweb01.blob.core.windows.net\/gren-web-prod\/sites\/4\/2024\/06\/Tartu-2024-Pohilogo-Horisontaalne-EST-taisliide-all-Must-300x101.png 300w, https:\/\/grenweb01.blob.core.windows.net\/gren-web-prod\/sites\/4\/2024\/06\/Tartu-2024-Pohilogo-Horisontaalne-EST-taisliide-all-Must-768x259.png 768w, https:\/\/grenweb01.blob.core.windows.net\/gren-web-prod\/sites\/4\/2024\/06\/Tartu-2024-Pohilogo-Horisontaalne-EST-taisliide-all-Must-1536x517.png 1536w, https:\/\/grenweb01.blob.core.windows.net\/gren-web-prod\/sites\/4\/2024\/06\/Tartu-2024-Pohilogo-Horisontaalne-EST-taisliide-all-Must-2048x690.png 2048w\" sizes=\"auto, (max-width: 1024px) 100vw, 1024px\" \/><\/div>            <\/div><!--\/.col-->\n        <\/div>\n    <\/div>\n<\/section>","protected":false},"excerpt":{"rendered":"","protected":false},"author":22,"featured_media":0,"parent":11534,"menu_order":2,"comment_status":"closed","ping_status":"closed","template":"","meta":{"_acf_changed":false,"footnotes":""},"class_list":["post-13684","page","type-page","status-publish","hentry"],"acf":[],"yoast_head":"<!-- This site is optimized with the Yoast SEO plugin v26.8 - https:\/\/yoast.com\/product\/yoast-seo-wordpress\/ -->\n<title>Sponsorlus ja heategevus - Gren Eesti<\/title>\n<meta name=\"robots\" content=\"index, follow, max-snippet:-1, max-image-preview:large, max-video-preview:-1\" \/>\n<link rel=\"canonical\" href=\"https:\/\/gren.com\/ee\/esg\/sponsorlus-ja-heategevus\/\" \/>\n<meta property=\"og:locale\" content=\"en_US\" \/>\n<meta property=\"og:type\" content=\"article\" \/>\n<meta property=\"og:title\" content=\"Sponsorlus ja heategevus - Gren Eesti\" \/>\n<meta property=\"og:url\" content=\"https:\/\/gren.com\/ee\/esg\/sponsorlus-ja-heategevus\/\" \/>\n<meta property=\"og:site_name\" content=\"Gren Eesti\" \/>\n<meta property=\"article:modified_time\" content=\"2026-02-18T10:12:48+00:00\" \/>\n<meta name=\"twitter:card\" content=\"summary_large_image\" \/>\n<meta name=\"twitter:label1\" content=\"Est. reading time\" \/>\n\t<meta name=\"twitter:data1\" content=\"1 minute\" \/>\n<script type=\"application\/ld+json\" class=\"yoast-schema-graph\">{\"@context\":\"https:\/\/schema.org\",\"@graph\":[{\"@type\":\"WebPage\",\"@id\":\"https:\/\/gren.com\/ee\/esg\/sponsorlus-ja-heategevus\/\",\"url\":\"https:\/\/gren.com\/ee\/esg\/sponsorlus-ja-heategevus\/\",\"name\":\"Sponsorlus ja heategevus - Gren Eesti\",\"isPartOf\":{\"@id\":\"https:\/\/gren.com\/ee\/#website\"},\"datePublished\":\"2024-06-11T06:45:15+00:00\",\"dateModified\":\"2026-02-18T10:12:48+00:00\",\"breadcrumb\":{\"@id\":\"https:\/\/gren.com\/ee\/esg\/sponsorlus-ja-heategevus\/#breadcrumb\"},\"inLanguage\":\"en-US\",\"potentialAction\":[{\"@type\":\"ReadAction\",\"target\":[\"https:\/\/gren.com\/ee\/esg\/sponsorlus-ja-heategevus\/\"]}]},{\"@type\":\"BreadcrumbList\",\"@id\":\"https:\/\/gren.com\/ee\/esg\/sponsorlus-ja-heategevus\/#breadcrumb\",\"itemListElement\":[{\"@type\":\"ListItem\",\"position\":1,\"name\":\"Home\",\"item\":\"https:\/\/gren.com\/ee\/\"},{\"@type\":\"ListItem\",\"position\":2,\"name\":\"ESG\",\"item\":\"https:\/\/gren.com\/ee\/esg\/\"},{\"@type\":\"ListItem\",\"position\":3,\"name\":\"Sponsorlus ja heategevus\"}]},{\"@type\":\"WebSite\",\"@id\":\"https:\/\/gren.com\/ee\/#website\",\"url\":\"https:\/\/gren.com\/ee\/\",\"name\":\"Gren Eesti\",\"description\":\"Me oleme rohelise energia ettev\u00f5te\",\"potentialAction\":[{\"@type\":\"SearchAction\",\"target\":{\"@type\":\"EntryPoint\",\"urlTemplate\":\"https:\/\/gren.com\/ee\/?s={search_term_string}\"},\"query-input\":{\"@type\":\"PropertyValueSpecification\",\"valueRequired\":true,\"valueName\":\"search_term_string\"}}],\"inLanguage\":\"en-US\"}]}<\/script>\n<!-- \/ Yoast SEO plugin. -->","yoast_head_json":{"title":"Sponsorlus ja heategevus - Gren Eesti","robots":{"index":"index","follow":"follow","max-snippet":"max-snippet:-1","max-image-preview":"max-image-preview:large","max-video-preview":"max-video-preview:-1"},"canonical":"https:\/\/gren.com\/ee\/esg\/sponsorlus-ja-heategevus\/","og_locale":"en_US","og_type":"article","og_title":"Sponsorlus ja heategevus - Gren Eesti","og_url":"https:\/\/gren.com\/ee\/esg\/sponsorlus-ja-heategevus\/","og_site_name":"Gren Eesti","article_modified_time":"2026-02-18T10:12:48+00:00","twitter_card":"summary_large_image","twitter_misc":{"Est. reading time":"1 minute"},"schema":{"@context":"https:\/\/schema.org","@graph":[{"@type":"WebPage","@id":"https:\/\/gren.com\/ee\/esg\/sponsorlus-ja-heategevus\/","url":"https:\/\/gren.com\/ee\/esg\/sponsorlus-ja-heategevus\/","name":"Sponsorlus ja heategevus - Gren Eesti","isPartOf":{"@id":"https:\/\/gren.com\/ee\/#website"},"datePublished":"2024-06-11T06:45:15+00:00","dateModified":"2026-02-18T10:12:48+00:00","breadcrumb":{"@id":"https:\/\/gren.com\/ee\/esg\/sponsorlus-ja-heategevus\/#breadcrumb"},"inLanguage":"en-US","potentialAction":[{"@type":"ReadAction","target":["https:\/\/gren.com\/ee\/esg\/sponsorlus-ja-heategevus\/"]}]},{"@type":"BreadcrumbList","@id":"https:\/\/gren.com\/ee\/esg\/sponsorlus-ja-heategevus\/#breadcrumb","itemListElement":[{"@type":"ListItem","position":1,"name":"Home","item":"https:\/\/gren.com\/ee\/"},{"@type":"ListItem","position":2,"name":"ESG","item":"https:\/\/gren.com\/ee\/esg\/"},{"@type":"ListItem","position":3,"name":"Sponsorlus ja heategevus"}]},{"@type":"WebSite","@id":"https:\/\/gren.com\/ee\/#website","url":"https:\/\/gren.com\/ee\/","name":"Gren Eesti","description":"Me oleme rohelise energia ettev\u00f5te","potentialAction":[{"@type":"SearchAction","target":{"@type":"EntryPoint","urlTemplate":"https:\/\/gren.com\/ee\/?s={search_term_string}"},"query-input":{"@type":"PropertyValueSpecification","valueRequired":true,"valueName":"search_term_string"}}],"inLanguage":"en-US"}]}},"_links":{"self":[{"href":"https:\/\/gren.com\/ee\/wp-json\/wp\/v2\/pages\/13684","targetHints":{"allow":["GET"]}}],"collection":[{"href":"https:\/\/gren.com\/ee\/wp-json\/wp\/v2\/pages"}],"about":[{"href":"https:\/\/gren.com\/ee\/wp-json\/wp\/v2\/types\/page"}],"author":[{"embeddable":true,"href":"https:\/\/gren.com\/ee\/wp-json\/wp\/v2\/users\/22"}],"replies":[{"embeddable":true,"href":"https:\/\/gren.com\/ee\/wp-json\/wp\/v2\/comments?post=13684"}],"version-history":[{"count":48,"href":"https:\/\/gren.com\/ee\/wp-json\/wp\/v2\/pages\/13684\/revisions"}],"predecessor-version":[{"id":17051,"href":"https:\/\/gren.com\/ee\/wp-json\/wp\/v2\/pages\/13684\/revisions\/17051"}],"up":[{"embeddable":true,"href":"https:\/\/gren.com\/ee\/wp-json\/wp\/v2\/pages\/11534"}],"wp:attachment":[{"href":"https:\/\/gren.com\/ee\/wp-json\/wp\/v2\/media?parent=13684"}],"curies":[{"name":"wp","href":"https:\/\/api.w.org\/{rel}","templated":true}]}}