{"id":14583,"date":"2024-10-18T21:32:53","date_gmt":"2024-10-18T18:32:53","guid":{"rendered":"https:\/\/gren.com\/ee\/?page_id=14583"},"modified":"2025-11-24T12:52:34","modified_gmt":"2025-11-24T10:52:34","slug":"juhtpohimotted","status":"publish","type":"page","link":"https:\/\/gren.com\/ee\/juhtpohimotted\/","title":{"rendered":"Juhtp\u00f5him\u00f5tted"},"content":{"rendered":"<style type=\"text\/css\">.page-hero{padding:140px 0 30px;position:relative}.page-hero-content{max-width:300px}.page-hero h4,.page-hero p{font-size:16px;font-weight:400;line-height:24px}.page-hero .date{margin-top:24px;color:#fff;font-size:20px}.page-hero-video-wrap{position:absolute;top:0;left:0;width:100%;height:100%;z-index:-1;overflow:hidden}.page-hero-video{width:100%;height:100%;object-fit:cover}@media(min-width: 576px){.page-hero-content{max-width:850px}}@media(min-width: 992px){.page-hero{padding:210px 0 64px}.page-hero h4,.page-hero p{font-size:24px;line-height:30px}}\n\n\/*# sourceMappingURL=block-page-hero.min.css.map*\/<\/style><section id=\"page-hero-block_0e03fb024c1c4a2d8ee305ac82ff7b33\" class=\"block page-hero\" style=\"background: url(https:\/\/grenweb01.blob.core.windows.net\/gren-web-prod\/sites\/4\/2024\/01\/Gren-Still-02-16-9-V2-scaled-1.jpg) no-repeat center\/cover\">\n\t<div class=\"container\"  data-block-animate>\n\t\t\t\t\t<div class=\"page-hero-content text-wrap\"  data-animate-part>\n\t\t\t\t<h1>Juhtp\u00f5him\u00f5tted<\/h1>\n\n                \t\t\t<\/div>\n\t\t\t<\/div>\n<\/section>\n\n<style type=\"text\/css\">.two-column-content{position:relative;padding:48px 0 0;overflow-y:hidden}.two-column-content.bg-dark-green,.two-column-content.bg-dark-red{color:#fff}.two-column-content .img-wrap,.two-column-content .text-wrap{width:100%}.two-column-content .block-background-image img{position:absolute;width:100%;height:100%;object-position:center;object-fit:cover;top:0;left:0}.two-column-content .container{position:relative}.two-column-content .text-wrap{padding:0 16px}.two-column-content .text-wrap ul li{font-size:16px}.two-column-content .text-wrap p>a{font-weight:700;position:relative;transition:all ease-in-out .3s;margin-top:50px;display:inline-block}.two-column-content .text-wrap p>a:active{color:#9cbbba !important}.two-column-content .text-inner{padding:24px 16px;border-radius:4px}.two-column-content .text-inner .btn{display:inline-block}.two-column-content .img-wrap{position:relative;height:100%}.two-column-content .img-wrap img{object-fit:contain;object-position:top;width:100%;height:100%}.two-column-content .with-image .right-col p{opacity:.6;margin:12px 0 0}.two-column-content .right-col img{width:100%}@media(max-width: 767.98px){.two-column-content .container{padding:0}.two-column-content .text-wrap{margin:24px 0}.two-column-content .with-image .right-col{order:1}.two-column-content .with-image .left-col{order:2}.two-column-content.reversed .left-col{order:2 !important}.two-column-content.reversed .right-col{order:1 !important}}@media(min-width: 768px){.two-column-content{padding:32px 0}.two-column-content .img-wrap img{max-height:500px}.two-column-content .only-text .left-col .text-wrap{padding-right:28px !important}.two-column-content .only-text .right-col .text-wrap{padding-left:28px}.two-column-content:not(.reversed) .left-col .text-wrap{padding-right:64px}.two-column-content.reversed .left-col{order:2 !important}.two-column-content.reversed .left-col .text-wrap{padding-left:64px}.two-column-content.reversed .right-col{order:1 !important}}@media(min-width: 992px){.two-column-content .row.with-image .right-col{order:unset}.two-column-content .row.with-image .left-col{order:unset}.two-column-content .text-wrap{justify-self:start}.two-column-content .text-wrap p>a{margin-top:0}.two-column-content .text-wrap p>a:hover{color:#e8412c}.two-column-content.align-middle .col-6{display:flex;align-items:center}.two-column-content.align-bottom .col-6{display:flex;align-items:end}}\n\n\/*# sourceMappingURL=block-two-column-content.min.css.map*\/<\/style><section id=\"two-column-content-block_d6b92eef2ba57fd69a57ab51e6aaa04a\" class=\"block two-column-content bg-white\" data-menu-target>\n        <div class=\"container\" data-block-animate>\n        <div class=\"row g-0 with-image\">\n            <div class=\"col-12 col-md-6 left-col\" data-animate-part>\n                <div class=\"text-wrap\"><div class=\"text-inner\" style=\"\"><p>Gren Eesti AS, Gren Tartu AS, Gren Viru AS ja Gren Viljandi AS l\u00e4htuvad \u00fchtsetest kvaliteedi, keskkonnakaitse, t\u00f6\u00f6tervishoiu ja t\u00f6\u00f6ohutuse juhtp\u00f5him\u00f5tetest, mis tuginevad ISO 9001, ISO 14001 ja ISO 45001 standarditele.<\/p>\n<\/div><\/div>\n            <\/div><!--\/.col-->\n            <div class=\"col-12 col-md-6 right-col\" data-animate-part>\n                            <\/div><!--\/.col-->\n        <\/div>\n    <\/div>\n<\/section>\n\n<style type=\"text\/css\">.accordion-topics .listing-wrap{display:flex;flex-wrap:wrap;gap:16px}.accordion-topics .listing-wrap .listing-col{width:100%}@media(min-width: 576px){.accordion-topics .listing-wrap .listing-col{width:calc(50% - 8px)}}.accordion-topics .topic-category{padding:16px 24px;border-radius:8px;background:#9cbbba;color:#fff}.accordion-topics .topic-category.bg-dark-green{background:#0a2e1e}.accordion-topics .topic-category.bg-dark-blue{background:#18213b}.accordion-topics .topic-category.bg-dark-red{background:#540f1a}.accordion-topics .topic-category h3{margin-top:16px}.accordion-topics .topic-category img{width:auto;height:56px}.accordion-topics .accordion-topics-item{margin-top:32px;border-bottom:1px solid #9cbbba}.accordion-topics .accordion-topics-item button{position:relative;width:100%;padding:0 48px 24px 24px;font-size:24px;line-height:30px;background:rgba(0,0,0,0);border:none;text-align:left;color:#18213b}.accordion-topics .accordion-topics-item button span{margin-right:24px}.accordion-topics .accordion-topics-item button svg{position:absolute;top:4px;right:24px;width:12px;height:24px;transition:transform .15s}.accordion-topics .accordion-topics-item button svg path{transition:stroke .3s;stroke:#18213b}.accordion-topics .accordion-topics-item .accordion-content{transition:height .35s ease-in-out;overflow:hidden;display:none}.accordion-topics .accordion-topics-item .accordion-content .accordion-body{padding:0 24px 24px;margin-top:-24px}.accordion-topics .accordion-topics-item .accordion-content .accordion-body h1,.accordion-topics .accordion-topics-item .accordion-content .accordion-body h2,.accordion-topics .accordion-topics-item .accordion-content .accordion-body h3,.accordion-topics .accordion-topics-item .accordion-content .accordion-body h4,.accordion-topics .accordion-topics-item .accordion-content .accordion-body h5,.accordion-topics .accordion-topics-item .accordion-content .accordion-body p,.accordion-topics .accordion-topics-item .accordion-content .accordion-body ul,.accordion-topics .accordion-topics-item .accordion-content .accordion-body ol,.accordion-topics .accordion-topics-item .accordion-content .accordion-body .btn-read-more{margin-top:24px}.accordion-topics .accordion-topics-item .accordion-content .accordion-body ul,.accordion-topics .accordion-topics-item .accordion-content .accordion-body ol{padding-left:24px}.accordion-topics .accordion-topics-item .accordion-content .accordion-body ul li,.accordion-topics .accordion-topics-item .accordion-content .accordion-body ol li{padding-left:8px}.accordion-topics .accordion-topics-item .accordion-content .accordion-body ul{list-style-type:disc}.accordion-topics .accordion-topics-item .accordion-content .accordion-body ol{list-style-type:decimal}.accordion-topics .accordion-topics-item.is-open button svg{transform:rotate(90deg)}.accordion-topics .accordion-topics-item.is-open button svg path{stroke:#18213b}.accordion-topics .accordion-topics-item.is-open .accordion-content{display:block}\n\n\/*# sourceMappingURL=block-accordion-topics.min.css.map*\/<\/style><section id=\"accordion-topics-block_66e504fe5f26016fd6ac3aa22f4c9e1f\" class=\"block accordion-topics\">\n\t<div class=\"container\" data-block-animate>\n                    <div class=\"listing-wrap\">\n                                    <div class=\"listing-col\" data-animate-part>\n\n                        <div class=\"topic-category text-wrap bg-dark-blue\">\n                                                        <h3>Meie kvaliteedi, keskkonna, t\u00f6\u00f6tervishoiu ja t\u00f6\u00f6ohutuse juhtp\u00f5him\u00f5tted<\/h3>\n                        <\/div>\n\n                                                    \n\n                                <div class=\"accordion-topics-item\">\n                                    <div class=\"accordion-header\">\n                                        <button type=\"button\">\n                                            <span>Loe edasi<\/span>\n                                            <svg width=\"16\" height=\"28\" viewBox=\"0 0 16 28\" fill=\"none\" xmlns=\"http:\/\/www.w3.org\/2000\/svg\">\n                                                <path d=\"M1.49609 2L14.0002 14L1.49609 26\" stroke=\"white\" stroke-width=\"3\" stroke-linecap=\"round\" stroke-linejoin=\"round\"\/>\n                                            <\/svg>\n                                        <\/button>\n                                    <\/div>\n                                    <div class=\"accordion-content\">\n                                        <div class=\"accordion-body\">\n                                            <ul>\n<li>Pakume klientidele esmaklassilisi, keskkonnas\u00f5bralikke ja ohutuid tooteid ning teenuseid kogu toote ja teenuse eluea jooksul;<\/li>\n<li>Pakume energialahendusi ning tagame oma klientidele energia, mis panustab kestliku arengu eesm\u00e4rkide saavutamisse;<\/li>\n<li>Oleme kvaliteedi, keskkonna, t\u00f6\u00f6tervishoiu ja t\u00f6\u00f6ohutuse valdkonnas Eesti ettev\u00f5tete hulgas esimeste seas;<\/li>\n<li>Tegutseme vastutustundlikult \u00fchiskonna liikmena ja loodusvarade kasutamisel. Meie tegevused j\u00f5ustavad inimesi, ettev\u00f5tteid ja omavalitsusi ning me hoolime tulevastest p\u00f5lvkondadest.<\/li>\n<\/ul>\n                                                                                    <\/div>\n                                    <\/div>\n                                <\/div>\n\n\n                                                    \n                    <\/div>\n                                    <div class=\"listing-col\" data-animate-part>\n\n                        <div class=\"topic-category text-wrap bg-dark-blue\">\n                                                        <h3>Tegevused kvaliteedi, keskkonna, t\u00f6\u00f6tervishoiu ja t\u00f6\u00f6ohutuse juhtp\u00f5him\u00f5tete saavutamiseks <\/h3>\n                        <\/div>\n\n                                                    \n\n                                <div class=\"accordion-topics-item\">\n                                    <div class=\"accordion-header\">\n                                        <button type=\"button\">\n                                            <span>Loe edasi<\/span>\n                                            <svg width=\"16\" height=\"28\" viewBox=\"0 0 16 28\" fill=\"none\" xmlns=\"http:\/\/www.w3.org\/2000\/svg\">\n                                                <path d=\"M1.49609 2L14.0002 14L1.49609 26\" stroke=\"white\" stroke-width=\"3\" stroke-linecap=\"round\" stroke-linejoin=\"round\"\/>\n                                            <\/svg>\n                                        <\/button>\n                                    <\/div>\n                                    <div class=\"accordion-content\">\n                                        <div class=\"accordion-body\">\n                                            <ul>\n<li>Tegutseme vastavuses kehtivate seaduste ja normide n\u00f5uetega ning j\u00e4lgime pidevalt seadusandluses tehtud muudatusi;<\/li>\n<li>Oleme teadlikud oma \u00e4ritegevusest tulenevatest tervise- ja keskkonnariskidest ning p\u00fc\u00fcame viia need miinimumini;<\/li>\n<li>Loome oma t\u00f6\u00f6tajatele ning t\u00f6\u00f6v\u00f5tjatele ohutu ja tervisliku t\u00f6\u00f6keskkonna ja kasutame selliseid t\u00f6\u00f6meetodeid, et t\u00f6\u00f6\u00f5nnetused oleksid v\u00e4lditud. Kaasame ohutu t\u00f6\u00f6keskkonna loomisesse ning hoidmisesse k\u00f5ik t\u00f6\u00f6tajad ning esitame t\u00f6\u00f6v\u00f5tjatele sama k\u00f5rged n\u00f5udmised ja tingimused nagu iseendale;<\/li>\n<li>Kindlustame t\u00f6\u00f6tajatele ja t\u00f6\u00f6v\u00f5tjatele vajaliku koolituse sellel tasemel, et t\u00f6id tehes toimiks k\u00f5ik ohutult;<\/li>\n<li>Hindame eelnevalt k\u00f5ikide uute investeeringute (s.h uute tootmisseadmete ehitamine, varade ostmine ja parendamine, uute k\u00e4itus- ja hoolduslepingute s\u00f5lmimine) keskkonna, t\u00f6\u00f6tervishoiu ja t\u00f6\u00f6ohutuse aspekte ning arvestame neid \u00e4riotsuste tegemise protsessis;<\/li>\n<li>T\u00e4iustame j\u00e4tkuvalt oma kvaliteedi, keskkonna, t\u00f6\u00f6tervishoiu ja t\u00f6\u00f6ohutuse alast tegevust, juurutame vastavat juhtimiss\u00fcsteemi ja t\u00e4iustame seda pidevalt, parendamaks tulemuslikkust;<\/li>\n<li>Teeme koost\u00f6\u00f6d ametkondadega, teiste organisatsioonidega ja oluliste huvipooltega, kaitsmaks loodusressursse ja keskkonda;<\/li>\n<li>Suhtleme kvaliteedi, keskkonna, t\u00f6\u00f6tervishoiu ja t\u00f6\u00f6ohutuse teemadel avatult, ausalt ja selgelt oma t\u00f6\u00f6tajate, klientide, t\u00f6\u00f6v\u00f5tjate, valitsusasutuste, kohalike omavalitsuste, kogukondade ja koost\u00f6\u00f6partneritega;<\/li>\n<li>Rakendame oma tegevuses uusi tehnoloogilisi lahendusi, materjale, toorainet (sh. k\u00fctust), tootmisprotsesse ja t\u00f6\u00f6meetodeid, mis aitavad s\u00e4\u00e4sta loodusressursse ning v\u00f5imaldavad toota ja jaotada energiat efektiivselt.<\/li>\n<\/ul>\n                                                                                    <\/div>\n                                    <\/div>\n                                <\/div>\n\n\n                                                    \n                    <\/div>\n                            <\/div>\n        \t<\/div>\n<\/section>\n","protected":false},"excerpt":{"rendered":"","protected":false},"author":22,"featured_media":0,"parent":0,"menu_order":0,"comment_status":"closed","ping_status":"closed","template":"","meta":{"_acf_changed":false,"footnotes":""},"class_list":["post-14583","page","type-page","status-publish","hentry"],"acf":[],"yoast_head":"<!-- This site is optimized with the Yoast SEO plugin v26.8 - https:\/\/yoast.com\/product\/yoast-seo-wordpress\/ -->\n<title>Juhtp\u00f5him\u00f5tted - Gren Eesti<\/title>\n<meta name=\"robots\" content=\"index, follow, max-snippet:-1, max-image-preview:large, max-video-preview:-1\" \/>\n<link rel=\"canonical\" href=\"https:\/\/gren.com\/ee\/juhtpohimotted\/\" \/>\n<meta property=\"og:locale\" content=\"en_US\" \/>\n<meta property=\"og:type\" content=\"article\" \/>\n<meta property=\"og:title\" content=\"Juhtp\u00f5him\u00f5tted - Gren Eesti\" \/>\n<meta property=\"og:url\" content=\"https:\/\/gren.com\/ee\/juhtpohimotted\/\" \/>\n<meta property=\"og:site_name\" content=\"Gren Eesti\" \/>\n<meta property=\"article:modified_time\" content=\"2025-11-24T10:52:34+00:00\" \/>\n<meta name=\"twitter:card\" content=\"summary_large_image\" \/>\n<meta name=\"twitter:label1\" content=\"Est. reading time\" \/>\n\t<meta name=\"twitter:data1\" content=\"2 minutes\" \/>\n<script type=\"application\/ld+json\" class=\"yoast-schema-graph\">{\"@context\":\"https:\/\/schema.org\",\"@graph\":[{\"@type\":\"WebPage\",\"@id\":\"https:\/\/gren.com\/ee\/juhtpohimotted\/\",\"url\":\"https:\/\/gren.com\/ee\/juhtpohimotted\/\",\"name\":\"Juhtp\u00f5him\u00f5tted - Gren Eesti\",\"isPartOf\":{\"@id\":\"https:\/\/gren.com\/ee\/#website\"},\"datePublished\":\"2024-10-18T18:32:53+00:00\",\"dateModified\":\"2025-11-24T10:52:34+00:00\",\"breadcrumb\":{\"@id\":\"https:\/\/gren.com\/ee\/juhtpohimotted\/#breadcrumb\"},\"inLanguage\":\"en-US\",\"potentialAction\":[{\"@type\":\"ReadAction\",\"target\":[\"https:\/\/gren.com\/ee\/juhtpohimotted\/\"]}]},{\"@type\":\"BreadcrumbList\",\"@id\":\"https:\/\/gren.com\/ee\/juhtpohimotted\/#breadcrumb\",\"itemListElement\":[{\"@type\":\"ListItem\",\"position\":1,\"name\":\"Home\",\"item\":\"https:\/\/gren.com\/ee\/\"},{\"@type\":\"ListItem\",\"position\":2,\"name\":\"Juhtp\u00f5him\u00f5tted\"}]},{\"@type\":\"WebSite\",\"@id\":\"https:\/\/gren.com\/ee\/#website\",\"url\":\"https:\/\/gren.com\/ee\/\",\"name\":\"Gren Eesti\",\"description\":\"Me oleme rohelise energia ettev\u00f5te\",\"potentialAction\":[{\"@type\":\"SearchAction\",\"target\":{\"@type\":\"EntryPoint\",\"urlTemplate\":\"https:\/\/gren.com\/ee\/?s={search_term_string}\"},\"query-input\":{\"@type\":\"PropertyValueSpecification\",\"valueRequired\":true,\"valueName\":\"search_term_string\"}}],\"inLanguage\":\"en-US\"}]}<\/script>\n<!-- \/ Yoast SEO plugin. -->","yoast_head_json":{"title":"Juhtp\u00f5him\u00f5tted - Gren Eesti","robots":{"index":"index","follow":"follow","max-snippet":"max-snippet:-1","max-image-preview":"max-image-preview:large","max-video-preview":"max-video-preview:-1"},"canonical":"https:\/\/gren.com\/ee\/juhtpohimotted\/","og_locale":"en_US","og_type":"article","og_title":"Juhtp\u00f5him\u00f5tted - Gren Eesti","og_url":"https:\/\/gren.com\/ee\/juhtpohimotted\/","og_site_name":"Gren Eesti","article_modified_time":"2025-11-24T10:52:34+00:00","twitter_card":"summary_large_image","twitter_misc":{"Est. reading time":"2 minutes"},"schema":{"@context":"https:\/\/schema.org","@graph":[{"@type":"WebPage","@id":"https:\/\/gren.com\/ee\/juhtpohimotted\/","url":"https:\/\/gren.com\/ee\/juhtpohimotted\/","name":"Juhtp\u00f5him\u00f5tted - Gren Eesti","isPartOf":{"@id":"https:\/\/gren.com\/ee\/#website"},"datePublished":"2024-10-18T18:32:53+00:00","dateModified":"2025-11-24T10:52:34+00:00","breadcrumb":{"@id":"https:\/\/gren.com\/ee\/juhtpohimotted\/#breadcrumb"},"inLanguage":"en-US","potentialAction":[{"@type":"ReadAction","target":["https:\/\/gren.com\/ee\/juhtpohimotted\/"]}]},{"@type":"BreadcrumbList","@id":"https:\/\/gren.com\/ee\/juhtpohimotted\/#breadcrumb","itemListElement":[{"@type":"ListItem","position":1,"name":"Home","item":"https:\/\/gren.com\/ee\/"},{"@type":"ListItem","position":2,"name":"Juhtp\u00f5him\u00f5tted"}]},{"@type":"WebSite","@id":"https:\/\/gren.com\/ee\/#website","url":"https:\/\/gren.com\/ee\/","name":"Gren Eesti","description":"Me oleme rohelise energia ettev\u00f5te","potentialAction":[{"@type":"SearchAction","target":{"@type":"EntryPoint","urlTemplate":"https:\/\/gren.com\/ee\/?s={search_term_string}"},"query-input":{"@type":"PropertyValueSpecification","valueRequired":true,"valueName":"search_term_string"}}],"inLanguage":"en-US"}]}},"_links":{"self":[{"href":"https:\/\/gren.com\/ee\/wp-json\/wp\/v2\/pages\/14583","targetHints":{"allow":["GET"]}}],"collection":[{"href":"https:\/\/gren.com\/ee\/wp-json\/wp\/v2\/pages"}],"about":[{"href":"https:\/\/gren.com\/ee\/wp-json\/wp\/v2\/types\/page"}],"author":[{"embeddable":true,"href":"https:\/\/gren.com\/ee\/wp-json\/wp\/v2\/users\/22"}],"replies":[{"embeddable":true,"href":"https:\/\/gren.com\/ee\/wp-json\/wp\/v2\/comments?post=14583"}],"version-history":[{"count":58,"href":"https:\/\/gren.com\/ee\/wp-json\/wp\/v2\/pages\/14583\/revisions"}],"predecessor-version":[{"id":16956,"href":"https:\/\/gren.com\/ee\/wp-json\/wp\/v2\/pages\/14583\/revisions\/16956"}],"wp:attachment":[{"href":"https:\/\/gren.com\/ee\/wp-json\/wp\/v2\/media?parent=14583"}],"curies":[{"name":"wp","href":"https:\/\/api.w.org\/{rel}","templated":true}]}}