{"id":14633,"date":"2024-10-18T21:39:20","date_gmt":"2024-10-18T18:39:20","guid":{"rendered":"https:\/\/gren.com\/ee\/?page_id=14633"},"modified":"2024-10-18T21:39:21","modified_gmt":"2024-10-18T18:39:21","slug":"gren-viljandi-juhtpohimotted","status":"publish","type":"page","link":"https:\/\/gren.com\/ee\/juhtpohimotted\/gren-viljandi-juhtpohimotted\/","title":{"rendered":"Gren Viljandi juhtp\u00f5him\u00f5tted"},"content":{"rendered":"<style type=\"text\/css\">.page-hero{padding:140px 0 30px;position:relative}.page-hero-content{max-width:300px}.page-hero h4,.page-hero p{font-size:16px;font-weight:400;line-height:24px}.page-hero .date{margin-top:24px;color:#fff;font-size:20px}.page-hero-video-wrap{position:absolute;top:0;left:0;width:100%;height:100%;z-index:-1;overflow:hidden}.page-hero-video{width:100%;height:100%;object-fit:cover}@media(min-width: 576px){.page-hero-content{max-width:850px}}@media(min-width: 992px){.page-hero{padding:210px 0 64px}.page-hero h4,.page-hero p{font-size:24px;line-height:30px}}\n\n\/*# sourceMappingURL=block-page-hero.min.css.map*\/<\/style><section id=\"page-hero-block_e64a98a5fa9581c5cf312fa9bdf76ce1\" class=\"block page-hero\" style=\"background: url(https:\/\/grenweb01.blob.core.windows.net\/gren-web-prod\/sites\/4\/2024\/07\/51397187641_db52f566a3_o-66a9fc53d3270-scaled.jpg) no-repeat center\/cover\">\n\t<div class=\"container\"  data-block-animate>\n\t\t\t\t\t<div class=\"page-hero-content text-wrap\"  data-animate-part>\n\t\t\t\t<h2><span style=\"color: #ffffff\">Gren Viljandi juhtp\u00f5him\u00f5tted<\/span><\/h2>\n\n                \t\t\t<\/div>\n\t\t\t<\/div>\n<\/section>\n\n<style type=\"text\/css\">.full-width-written-content p>a{font-weight:700}\n\n\/*# sourceMappingURL=block-full-width-written-content.min.css.map*\/<\/style><section id=\"full-width-written-content-block_7eb76e5c8c1b0f632f6ecaf53e2590da\" class=\"block full-width-written-content\">\n\t<div class=\"container\" data-block-animate>\n\t\t<div class=\"text-wrap\" data-animate-part><h5>Kohustume:<\/h5>\n<ul>\n<li>Arendama ettev\u00f5tet, silmas pidades pikaajalist ja j\u00e4tkusuutlikku perspektiivi;<\/li>\n<li>Tegema tooteid ja teenuseid kliendi rahulolu saavutamise eesm\u00e4rgil j\u00e4rgides kliendi, vastavas valdkonnas kehtiva seadusandluse, kohalike omavalitsuste ning muid tunnustatud n\u00f5udeid;<\/li>\n<li>Hoidma inims\u00f5bralikku t\u00f6\u00f6keskkonda ning tagama personali arendamise, teadvustamise ja vastutustunde t\u00f5stmise kaudu juhtimiss\u00fcsteemi toimimine.<\/li>\n<\/ul>\n<h5>Soojusenergiaga varustamisel kohustume:<\/h5>\n<ul>\n<li>Kindlustama kliendile pideva ja j\u00e4tkuva sooja vee ja toasooja olemasolu;<\/li>\n<li>Hoidma keskkonna saastamise v\u00e4ltimiseks kateldes maksimaalselt efektiivset p\u00f5lemisprotsessi;<\/li>\n<li>Tagama k\u00fctuste kasutamisel nende ohutu ja keskkonnas\u00f5bralik k\u00e4itlemine;<\/li>\n<li>Tegutsema jaotusv\u00f5rkudes tekkivate kadude v\u00e4hendamise nimel.<\/li>\n<\/ul>\n<h5>Ehitustegevusel kohustume:<\/h5>\n<ul>\n<li>Kinni pidama ehitust\u00e4htaegadest;<\/li>\n<li>Tegema koost\u00f6\u00f6d partneritega sujuva ehitusprotsessi tagamiseks;<\/li>\n<li>Eelistama ehitust\u00f6id t\u00e4islahendustena, et garanteerida paigaldatud s\u00fcsteemide edasine \u00f6konoomne, v\u00e4ikese saastega ja pikaajaline kasutusprotsess;<\/li>\n<li>Tagama materjalide \u00f6konoomse kasutamise ja j\u00e4\u00e4tmek\u00e4itluse m\u00f5jususe ning pinnase taastamist\u00f6\u00f6de korrektsuse<\/li>\n<\/ul>\n<h5>Hooldust\u00f6\u00f6de teostamisel kohustume:<\/h5>\n<ul>\n<li>Tagama hooldatava s\u00fcsteemi v\u00f5imalikult pikaajalise ja h\u00e4ireteta t\u00f6\u00f6;<\/li>\n<li>Suhtlema vajadusel kliendiga hooldatava s\u00fcsteemi t\u00e4iustamise nimel;<\/li>\n<li>V\u00e4ltima ohtlike ainete ja nende j\u00e4\u00e4tmete tahtmatu sattumise keskkonda;<\/li>\n<li>Hoidma keskkonna saastamise v\u00e4ltimiseks hooldusalusel s\u00fcsteemil maksimaalselt efektiivset t\u00f6\u00f6protsessi.<\/li>\n<\/ul>\n<h5>Elektrienergia jaotamisel kohustume:<\/h5>\n<ul>\n<li>Tagama ESRO elektriv\u00f5rgu h\u00e4ireteta t\u00f6\u00f6;<\/li>\n<li>V\u00e4hendama jaotusv\u00f5rkudes tekkivaid kadusid.<\/li>\n<\/ul>\n<\/div>\t<\/div>\n<\/section>","protected":false},"excerpt":{"rendered":"","protected":false},"author":22,"featured_media":0,"parent":14583,"menu_order":0,"comment_status":"closed","ping_status":"closed","template":"","meta":{"_acf_changed":false,"footnotes":""},"class_list":["post-14633","page","type-page","status-publish","hentry"],"acf":[],"yoast_head":"<!-- This site is optimized with the Yoast SEO plugin v26.8 - https:\/\/yoast.com\/product\/yoast-seo-wordpress\/ -->\n<title>Gren Viljandi juhtp\u00f5him\u00f5tted - Gren Eesti<\/title>\n<meta name=\"robots\" content=\"index, follow, max-snippet:-1, max-image-preview:large, max-video-preview:-1\" \/>\n<link rel=\"canonical\" href=\"https:\/\/gren.com\/ee\/juhtpohimotted\/gren-viljandi-juhtpohimotted\/\" \/>\n<meta property=\"og:locale\" content=\"en_US\" \/>\n<meta property=\"og:type\" content=\"article\" \/>\n<meta property=\"og:title\" content=\"Gren Viljandi juhtp\u00f5him\u00f5tted - Gren Eesti\" \/>\n<meta property=\"og:url\" content=\"https:\/\/gren.com\/ee\/juhtpohimotted\/gren-viljandi-juhtpohimotted\/\" \/>\n<meta property=\"og:site_name\" content=\"Gren Eesti\" \/>\n<meta property=\"article:modified_time\" content=\"2024-10-18T18:39:21+00:00\" \/>\n<meta name=\"twitter:card\" content=\"summary_large_image\" \/>\n<meta name=\"twitter:label1\" content=\"Est. reading time\" \/>\n\t<meta name=\"twitter:data1\" content=\"1 minute\" \/>\n<script type=\"application\/ld+json\" class=\"yoast-schema-graph\">{\"@context\":\"https:\/\/schema.org\",\"@graph\":[{\"@type\":\"WebPage\",\"@id\":\"https:\/\/gren.com\/ee\/juhtpohimotted\/gren-viljandi-juhtpohimotted\/\",\"url\":\"https:\/\/gren.com\/ee\/juhtpohimotted\/gren-viljandi-juhtpohimotted\/\",\"name\":\"Gren Viljandi juhtp\u00f5him\u00f5tted - Gren Eesti\",\"isPartOf\":{\"@id\":\"https:\/\/gren.com\/ee\/#website\"},\"datePublished\":\"2024-10-18T18:39:20+00:00\",\"dateModified\":\"2024-10-18T18:39:21+00:00\",\"breadcrumb\":{\"@id\":\"https:\/\/gren.com\/ee\/juhtpohimotted\/gren-viljandi-juhtpohimotted\/#breadcrumb\"},\"inLanguage\":\"en-US\",\"potentialAction\":[{\"@type\":\"ReadAction\",\"target\":[\"https:\/\/gren.com\/ee\/juhtpohimotted\/gren-viljandi-juhtpohimotted\/\"]}]},{\"@type\":\"BreadcrumbList\",\"@id\":\"https:\/\/gren.com\/ee\/juhtpohimotted\/gren-viljandi-juhtpohimotted\/#breadcrumb\",\"itemListElement\":[{\"@type\":\"ListItem\",\"position\":1,\"name\":\"Home\",\"item\":\"https:\/\/gren.com\/ee\/\"},{\"@type\":\"ListItem\",\"position\":2,\"name\":\"Juhtp\u00f5him\u00f5tted\",\"item\":\"https:\/\/gren.com\/ee\/juhtpohimotted\/\"},{\"@type\":\"ListItem\",\"position\":3,\"name\":\"Gren Viljandi juhtp\u00f5him\u00f5tted\"}]},{\"@type\":\"WebSite\",\"@id\":\"https:\/\/gren.com\/ee\/#website\",\"url\":\"https:\/\/gren.com\/ee\/\",\"name\":\"Gren Eesti\",\"description\":\"Me oleme rohelise energia ettev\u00f5te\",\"potentialAction\":[{\"@type\":\"SearchAction\",\"target\":{\"@type\":\"EntryPoint\",\"urlTemplate\":\"https:\/\/gren.com\/ee\/?s={search_term_string}\"},\"query-input\":{\"@type\":\"PropertyValueSpecification\",\"valueRequired\":true,\"valueName\":\"search_term_string\"}}],\"inLanguage\":\"en-US\"}]}<\/script>\n<!-- \/ Yoast SEO plugin. -->","yoast_head_json":{"title":"Gren Viljandi juhtp\u00f5him\u00f5tted - Gren Eesti","robots":{"index":"index","follow":"follow","max-snippet":"max-snippet:-1","max-image-preview":"max-image-preview:large","max-video-preview":"max-video-preview:-1"},"canonical":"https:\/\/gren.com\/ee\/juhtpohimotted\/gren-viljandi-juhtpohimotted\/","og_locale":"en_US","og_type":"article","og_title":"Gren Viljandi juhtp\u00f5him\u00f5tted - Gren Eesti","og_url":"https:\/\/gren.com\/ee\/juhtpohimotted\/gren-viljandi-juhtpohimotted\/","og_site_name":"Gren Eesti","article_modified_time":"2024-10-18T18:39:21+00:00","twitter_card":"summary_large_image","twitter_misc":{"Est. reading time":"1 minute"},"schema":{"@context":"https:\/\/schema.org","@graph":[{"@type":"WebPage","@id":"https:\/\/gren.com\/ee\/juhtpohimotted\/gren-viljandi-juhtpohimotted\/","url":"https:\/\/gren.com\/ee\/juhtpohimotted\/gren-viljandi-juhtpohimotted\/","name":"Gren Viljandi juhtp\u00f5him\u00f5tted - Gren Eesti","isPartOf":{"@id":"https:\/\/gren.com\/ee\/#website"},"datePublished":"2024-10-18T18:39:20+00:00","dateModified":"2024-10-18T18:39:21+00:00","breadcrumb":{"@id":"https:\/\/gren.com\/ee\/juhtpohimotted\/gren-viljandi-juhtpohimotted\/#breadcrumb"},"inLanguage":"en-US","potentialAction":[{"@type":"ReadAction","target":["https:\/\/gren.com\/ee\/juhtpohimotted\/gren-viljandi-juhtpohimotted\/"]}]},{"@type":"BreadcrumbList","@id":"https:\/\/gren.com\/ee\/juhtpohimotted\/gren-viljandi-juhtpohimotted\/#breadcrumb","itemListElement":[{"@type":"ListItem","position":1,"name":"Home","item":"https:\/\/gren.com\/ee\/"},{"@type":"ListItem","position":2,"name":"Juhtp\u00f5him\u00f5tted","item":"https:\/\/gren.com\/ee\/juhtpohimotted\/"},{"@type":"ListItem","position":3,"name":"Gren Viljandi juhtp\u00f5him\u00f5tted"}]},{"@type":"WebSite","@id":"https:\/\/gren.com\/ee\/#website","url":"https:\/\/gren.com\/ee\/","name":"Gren Eesti","description":"Me oleme rohelise energia ettev\u00f5te","potentialAction":[{"@type":"SearchAction","target":{"@type":"EntryPoint","urlTemplate":"https:\/\/gren.com\/ee\/?s={search_term_string}"},"query-input":{"@type":"PropertyValueSpecification","valueRequired":true,"valueName":"search_term_string"}}],"inLanguage":"en-US"}]}},"_links":{"self":[{"href":"https:\/\/gren.com\/ee\/wp-json\/wp\/v2\/pages\/14633","targetHints":{"allow":["GET"]}}],"collection":[{"href":"https:\/\/gren.com\/ee\/wp-json\/wp\/v2\/pages"}],"about":[{"href":"https:\/\/gren.com\/ee\/wp-json\/wp\/v2\/types\/page"}],"author":[{"embeddable":true,"href":"https:\/\/gren.com\/ee\/wp-json\/wp\/v2\/users\/22"}],"replies":[{"embeddable":true,"href":"https:\/\/gren.com\/ee\/wp-json\/wp\/v2\/comments?post=14633"}],"version-history":[{"count":2,"href":"https:\/\/gren.com\/ee\/wp-json\/wp\/v2\/pages\/14633\/revisions"}],"predecessor-version":[{"id":14635,"href":"https:\/\/gren.com\/ee\/wp-json\/wp\/v2\/pages\/14633\/revisions\/14635"}],"up":[{"embeddable":true,"href":"https:\/\/gren.com\/ee\/wp-json\/wp\/v2\/pages\/14583"}],"wp:attachment":[{"href":"https:\/\/gren.com\/ee\/wp-json\/wp\/v2\/media?parent=14633"}],"curies":[{"name":"wp","href":"https:\/\/api.w.org\/{rel}","templated":true}]}}