{"id":14881,"date":"2024-11-08T14:41:08","date_gmt":"2024-11-08T12:41:08","guid":{"rendered":"https:\/\/gren.com\/ee\/?page_id=14881"},"modified":"2024-11-18T15:19:57","modified_gmt":"2024-11-18T13:19:57","slug":"karjaarilugu-margo-kulaots","status":"publish","type":"page","link":"https:\/\/gren.com\/ee\/karjaarilugu-margo-kulaots\/","title":{"rendered":"Karj\u00e4\u00e4rilugu: Margo K\u00fclaots"},"content":{"rendered":"<style type=\"text\/css\">.page-hero{padding:140px 0 30px;position:relative}.page-hero-content{max-width:300px}.page-hero h4,.page-hero p{font-size:16px;font-weight:400;line-height:24px}.page-hero .date{margin-top:24px;color:#fff;font-size:20px}.page-hero-video-wrap{position:absolute;top:0;left:0;width:100%;height:100%;z-index:-1;overflow:hidden}.page-hero-video{width:100%;height:100%;object-fit:cover}@media(min-width: 576px){.page-hero-content{max-width:850px}}@media(min-width: 992px){.page-hero{padding:210px 0 64px}.page-hero h4,.page-hero p{font-size:24px;line-height:30px}}\n\n\/*# sourceMappingURL=block-page-hero.min.css.map*\/<\/style><section id=\"page-hero-block_55b77207d72799cfccd0a47348790d7a\" class=\"block page-hero\" style=\"background: url(https:\/\/grenweb01.blob.core.windows.net\/gren-web-prod\/sites\/4\/2024\/09\/image-66d9941420fab.jpg) no-repeat center\/cover\">\n\t<div class=\"container\"  data-block-animate>\n\t\t\t\t\t<div class=\"page-hero-content text-wrap\"  data-animate-part>\n\t\t\t\t<h1><span style=\"color: #ffffff\">Karj\u00e4\u00e4rilugu: Margo K\u00fclaots<\/span><\/h1>\n\n                \t\t\t<\/div>\n\t\t\t<\/div>\n<\/section>\n\n<style type=\"text\/css\">.full-width-written-content p>a{font-weight:700}\n\n\/*# sourceMappingURL=block-full-width-written-content.min.css.map*\/<\/style><section id=\"full-width-written-content-block_004234ce6a37d5673ae231db2b019101\" class=\"block full-width-written-content\">\n\t<div class=\"container\" data-block-animate>\n\t\t<div class=\"text-wrap\" data-animate-part><p>Margo K\u00fclaotsal, Greni Eesti \u00e4ride juhil, t\u00e4itus 1. juulil 2024 meie ettev\u00f5ttes 30 aastat t\u00f6\u00f6staa\u017ei. Kuigi t\u00f5si on see, et 1994. aastal ei kandnud meie t\u00f6\u00f6andja nime Gren ja Margogi s\u00f5nul tunneb ta, et on kolmek\u00fcmne aasta jooksul t\u00f6\u00f6tanud pigem kuues erinevas ettev\u00f5ttes. Just niipalju kordi on tema t\u00f6\u00f6andja omanikke ja nime vahetanud, Margo on aga iga muutusega julgelt kaasa l\u00e4inud.<\/p>\n<p>\u201eArvan, et iga uue ettev\u00f5ttega olen ka mina midagi juurde \u00f5ppinud ja saanud end arendada. Iga periood on olnud erinev ning andnud mulle v\u00e4\u00e4rtusliku kogemuse. Ettev\u00f5tte v\u00f5i osaluse ost-m\u00fc\u00fck on nagu omamoodi kontrollpunkt, kus selgub, milles turg ettev\u00f5tte v\u00e4\u00e4rtust n\u00e4eb v\u00f5i millistena tunnetatakse riske,\u201c r\u00e4\u00e4gib ta ja lisab, et Greni perioodi erip\u00e4ra v\u00f5rreldes varasemaga on see, et asju tahetakse teha kiiremini ja r\u00f5hk on ettev\u00f5tte v\u00e4\u00e4rtuse t\u00f5stmisel \u2013 Greni omanikud on ju erakapitali investorid.<\/p>\n<p>Energiasektorisse sattus Margo t\u00e4iesti juhuslikult, kui \u00f5ppis 1990-ndate algul Tartu \u00dclikoolis majandusk\u00fcberneetikat.<\/p>\n<\/div>\t<\/div>\n<\/section>\n\n<style type=\"text\/css\">.two-column-content{position:relative;padding:48px 0 0;overflow-y:hidden}.two-column-content.bg-dark-green,.two-column-content.bg-dark-red{color:#fff}.two-column-content .img-wrap,.two-column-content .text-wrap{width:100%}.two-column-content .block-background-image img{position:absolute;width:100%;height:100%;object-position:center;object-fit:cover;top:0;left:0}.two-column-content .container{position:relative}.two-column-content .text-wrap{padding:0 16px}.two-column-content .text-wrap ul li{font-size:16px}.two-column-content .text-wrap p>a{font-weight:700;position:relative;transition:all ease-in-out .3s;margin-top:50px;display:inline-block}.two-column-content .text-wrap p>a:active{color:#9cbbba !important}.two-column-content .text-inner{padding:24px 16px;border-radius:4px}.two-column-content .text-inner .btn{display:inline-block}.two-column-content .img-wrap{position:relative;height:100%}.two-column-content .img-wrap img{object-fit:contain;object-position:top;width:100%;height:100%}.two-column-content .with-image .right-col p{opacity:.6;margin:12px 0 0}.two-column-content .right-col img{width:100%}@media(max-width: 767.98px){.two-column-content .container{padding:0}.two-column-content .text-wrap{margin:24px 0}.two-column-content .with-image .right-col{order:1}.two-column-content .with-image .left-col{order:2}.two-column-content.reversed .left-col{order:2 !important}.two-column-content.reversed .right-col{order:1 !important}}@media(min-width: 768px){.two-column-content{padding:32px 0}.two-column-content .img-wrap img{max-height:500px}.two-column-content .only-text .left-col .text-wrap{padding-right:28px !important}.two-column-content .only-text .right-col .text-wrap{padding-left:28px}.two-column-content:not(.reversed) .left-col .text-wrap{padding-right:64px}.two-column-content.reversed .left-col{order:2 !important}.two-column-content.reversed .left-col .text-wrap{padding-left:64px}.two-column-content.reversed .right-col{order:1 !important}}@media(min-width: 992px){.two-column-content .row.with-image .right-col{order:unset}.two-column-content .row.with-image .left-col{order:unset}.two-column-content .text-wrap{justify-self:start}.two-column-content .text-wrap p>a{margin-top:0}.two-column-content .text-wrap p>a:hover{color:#e8412c}.two-column-content.align-middle .col-6{display:flex;align-items:center}.two-column-content.align-bottom .col-6{display:flex;align-items:end}}\n\n\/*# sourceMappingURL=block-two-column-content.min.css.map*\/<\/style><section id=\"two-column-content-block_00ef45deeb671d7395f877e9ad852e89\" class=\"block two-column-content bg-primary\" data-menu-target>\n        <div class=\"container\" data-block-animate>\n        <div class=\"row g-0 with-image\">\n            <div class=\"col-12 col-md-6 left-col\" data-animate-part>\n                <div class=\"text-wrap\"><div class=\"text-inner\" style=\"\"><h2>Margo K\u00fclaots,<\/h2>\n<h2>Greni Eesti \u00e4ride juht<\/h2>\n<\/div><\/div>\n            <\/div><!--\/.col-->\n            <div class=\"col-12 col-md-6 right-col\" data-animate-part>\n                <div class=\"img-wrap\"><img loading=\"lazy\" decoding=\"async\" width=\"1024\" height=\"768\" src=\"https:\/\/grenweb01.blob.core.windows.net\/gren-web-prod\/sites\/4\/2024\/11\/MargoKulaots3_landsc-1024x768.jpg\" class=\"attachment-large size-large\" alt=\"\" srcset=\"https:\/\/grenweb01.blob.core.windows.net\/gren-web-prod\/sites\/4\/2024\/11\/MargoKulaots3_landsc-1024x768.jpg 1024w, https:\/\/grenweb01.blob.core.windows.net\/gren-web-prod\/sites\/4\/2024\/11\/MargoKulaots3_landsc-300x225.jpg 300w, https:\/\/grenweb01.blob.core.windows.net\/gren-web-prod\/sites\/4\/2024\/11\/MargoKulaots3_landsc-768x576.jpg 768w, https:\/\/grenweb01.blob.core.windows.net\/gren-web-prod\/sites\/4\/2024\/11\/MargoKulaots3_landsc-1536x1152.jpg 1536w, https:\/\/grenweb01.blob.core.windows.net\/gren-web-prod\/sites\/4\/2024\/11\/MargoKulaots3_landsc-2048x1536.jpg 2048w\" sizes=\"auto, (max-width: 1024px) 100vw, 1024px\" \/><\/div>            <\/div><!--\/.col-->\n        <\/div>\n    <\/div>\n<\/section>\n\n<section id=\"full-width-written-content-block_693c0675e1a97c9d697ca4f8235740e5\" class=\"block full-width-written-content\">\n\t<div class=\"container\" data-block-animate>\n\t\t<div class=\"text-wrap\" data-animate-part><p>\u201eIseseisvuse taastanud Eestis olid rasked ajad, puudus oli k\u00f5igest, sealhulgas ka k\u00fctusest autode ja katlamajade jaoks, m\u00e4letan, et \u00f5ppisime \u00fclikooli arvutuskeskuses matemaatikat joped seljas, sest kaugk\u00fcttel polnud k\u00fctust ja teenust pakkuda ei saanud . Nii alustati kaugk\u00fctte \u00fcleviimist vene masuudilt ja gaasilt kohalikele k\u00fctustele \u2013 puidule ja turbale. Tollase projekti \u00fcks eesvedajatest, Tiit Veeber, kutsus mind selles muutuses kaasa l\u00f6\u00f6ma. K\u00fctusevahetuse programmi finantseerisid Euroopa Arengu ja Rekonstruktsioonipank ja Maailmapank ning selleks ajaks, kui katlamajad pidid saama \u00fcmber ehitatud, tuli s\u00f5lmida k\u00fctuselepingud, varuda k\u00fctused ja luua tarnelogistika. See pidi saama minu \u00fclesandeks. Puiklesin esialgu k\u00fcll vastu, sest esiteks ei teadnud ma sellest valdkonnast midagi ning teiseks oli toona populaarne hoopis pangandussektorisse t\u00f6\u00f6le minna ja ka need pakkumised olid mul laual. L\u00f5puks veendi mind sellega, et ka Tiit oli turvast vaid naabri kuuris n\u00e4inud ning oluline pidi olema hoopis t\u00e4rganud turumajandusest arusaamine. Pealegi oli tegemist Eesti energiasektori jaoks murrangulise projektiga,\u201c meenutab Margo.<\/p>\n<p>Nagu juba \u00f6eldud, \u00f5ppis Margo Tartu \u00dclikoolis majandusk\u00fcberneetikat, kuid alternatiividena olid laual ka juura ja arhitektuur.<\/p>\n<p>\u201eOlen seda meelt, et elus ei piisa sellest, et kahek\u00fcmnendates eluaastates k\u00e4iakse korraks \u00fclikoolis ja selle najal libisetakse l\u00e4bi \u00fclej\u00e4\u00e4nud elu. Nii olen aeg-ajalt ikka p\u00fc\u00fcdnud midagi juurde \u00f5ppida. Olen end t\u00e4iendanud Hollandis New Energy Business Schoolis, kus \u00f5ppisin tundma uusi energialahendusi, samuti tegin neli aastat tagasi Tallinna Tehnika\u00fclikooli IT-teaduskonnas teise magistrikraadi erialal \u201eDigimuutused ettev\u00f5ttes\u201c. Vahel m\u00f5tlen, et \u00e4kki oleks pidanud ikka ka veel arhitektuuri juurde \u00f5ppima,\u201c naljatab ta. Margo s\u00f5nul tasub alati enda harimiseks ka raamatuid juurde lugeda, aga kindlasti polevat ta seda t\u00fc\u00fcpi inimene, kes vaimustuks \u00fchest raamatust ja tormaks sealkirjutatut ellu viima.<\/p>\n<p>T\u00f6\u00f6alaseid \u00f5nnestumisi, mille \u00fcle uhke olla, on Margol mitmeid. Tal on hea meel, et omal ajal \u00f5nnestus \u00fcmberehitatud katlamajade jaoks k\u00fctused varuda ja tarned tagada ning viia k\u00fctuste ost energiasisalduse p\u00f5hiseks. Ka nullist turbatootmise k\u00e4ivitamine, kaevandamiseks lubade taotlemine, turbamaardlate ettevalmistamine, tehnika ostmine ja tootmisega alustamine on olnud suur t\u00f6\u00f6. Aastate jooksul on tema kaasal\u00f6\u00f6misel valminud kaks biok\u00fctustel t\u00f6\u00f6tavat koostootmisjaama, mis olid omal ajal \u00fched esimesed Eestis. Ka Tartu ja P\u00e4rnu kaugjahutuss\u00fcsteemid olid Baltimaade esimesed ning 2023. aasta s\u00fcgisel valminud Tartu soojussalvesti oli esimene soojussalvesti Eestis.<\/p>\n<p>Kes palju teeb, see palju j\u00f5uab. Kaasaegse ettev\u00f5tte tippjuhina tuleb tihtilugu t\u00f6\u00f6tada erinevates asukohtades ning t\u00fc\u00fcpilist t\u00f6\u00f6p\u00e4eva Margo s\u00f5nul tal ei olegi.<\/p>\n<p>\u201eMinu t\u00f6\u00f6p\u00e4evades on k\u00f5ige sarnasemad eelk\u00f5ige hommikud. T\u00f5usen \u00fcsna vara ja alustan ka t\u00f6\u00f6d \u00fcsna vara. Varahommik on hea rahulik aeg. Leian, et igas p\u00e4evas peab ka teatud kogus laiskust ja igavust olema, see tekitab loomingulisust \u2013 pead hakkama m\u00f5tlema ja leiutama, et elu kergemaks v\u00f5i huvitavamaks teha,\u201c t\u00f5deb ta.<\/p>\n<p>Kuna Gren ja Greni perioodile eelnenud ettev\u00f5tted on olnud m\u00f5neski m\u00f5ttes erinevad, on Margol tulnud aastate jooksul muuta ka juhtimisstiile. Ta soovib v\u00e4ltida mikromanageerimist ja seet\u00f5ttu eelistab sellist keskkonda, kus igap\u00e4evased asjad on mingi korra j\u00e4rgi reguleeritud, et neisse mitte takerduda ja iga kord uut otsustusprotsessi l\u00e4bi teha.<\/p>\n<p>\u201eAlustasin k\u00fcll kohe peale \u00fclikooli l\u00f5petamist ettev\u00f5tte juhina, aga olime selles ettev\u00f5ttes ju kolleegiga kahekesi, seega k\u00f5ik t\u00f6\u00f6d tuli ise \u00e4ra teha. See kogemus andis \u00fchest k\u00fcljest hea tausta \u2013 tead, kuidas reaalselt midagi teha, aga teisalt, negatiivsema aspektina, ei tekkinud teadmist, kuidas asju delegeerida. Eks delegeerimist olen pidanud harjutama, et ise mitte l\u00e4bi p\u00f5leda. Ma arvan, et juhina on k\u00f5ige olulisem j\u00e4\u00e4da eelk\u00f5ige inimeseks,\u201c s\u00f5nab ta.<\/p>\n<p>Margo t\u00f5deb, et pingelised t\u00f6\u00f6perioodid n\u00f5uavad kindlasti ka enda v\u00e4ljal\u00fclitamise oskust. Ta ise hindab oma hobisid lihtsaks, sest need ei n\u00f5udvat erilist ettevalmistust. Talle meeldib jalutada ja jalgrattaga kulgeda, sageli k\u00e4ib ta rattaga ka t\u00f6\u00f6l. Lisaks kuulab ta p\u00e4ris palju erinevat muusikat ning tunneb huvi kunstikogumise, aianduse ja arhitektuuri vastu.<\/p>\n<p>Uutel ja tulevastel kolleegidel soovitab ta hinnata, kas ettev\u00f5tte v\u00e4\u00e4rtused ja eesm\u00e4rgid kattuvad inimese enda omadega. See on tema s\u00f5nul \u00e4\u00e4rmiselt oluline, sest ettev\u00f5tte ideesse ja p\u00f5him\u00f5tetesse tuleks uskuda.<\/p>\n<p>\u201eOma vaadetele vastu t\u00f6\u00f6tamine on paganama raske, seega on parem kui need algusest peale kattuvad. Ma usun, et t\u00f6\u00f6l ja tegevusel peab olema ka laiem m\u00f5te kui vaid lihtsalt raha teenimine,\u201c t\u00f5deb ta.<\/p>\n<\/div>\t<\/div>\n<\/section>\n\n<style type=\"text\/css\">.block.highlighted-text{background:#18213b;color:#fff;overflow:hidden}.block.highlighted-text .text-container{padding:0 16px;animation:highlightBlockSlideIn 10s cubic-bezier(0, 1.32, 0.3, 0.96) forwards infinite}.block.highlighted-text .text-container>.row{display:flex;align-items:flex-end;max-width:800px;margin:0 auto}.block.highlighted-text .text-container>.row .text-main{padding-right:58px}.block.highlighted-text .text-container>.row .text-main p{font-size:40px;line-height:48px;font-weight:400}@media(min-width: 768px){.block.highlighted-text .text-container>.row .text-main p{font-size:64px;line-height:66px;letter-spacing:.64px}}.block.highlighted-text .text-container>.row .text-main p strong,.block.highlighted-text .text-container>.row .text-main p b{position:relative;font-weight:400;display:inline}.block.highlighted-text .text-container>.row .text-main p strong::after,.block.highlighted-text .text-container>.row .text-main p b::after{content:\"\";position:absolute;left:0;bottom:0;width:100%;height:100%;background:#e8412c;z-index:-1;animation:highlightBold 10s ease-in-out forwards infinite}.block.highlighted-text .text-container>.row .text-btn{width:200px;font-size:32px;font-weight:400;line-height:36px;margin-top:24px;animation:highlightBtnSlideIn 10s cubic-bezier(0.12, 1.27, 0.71, 1) forwards infinite}@media(min-width: 768px){.block.highlighted-text .text-container>.row .text-btn{margin-top:0;padding:0;animation:highlightBtnFadeIn 10s cubic-bezier(0.12, 1.27, 0.71, 1) forwards infinite}}.block.highlighted-text .text-container>.row .text-btn a{position:relative;display:inline-block;width:200px}.block.highlighted-text .text-container>.row .text-btn a svg{position:absolute;top:50%;right:0;width:20px;height:37px;transform:translateY(-50%)}@keyframes highlightBlockSlideIn{0%{transform:translateX(-100%)}10%{transform:translateX(0)}90%{transform:translateX(0)}100%{transform:translateX(100%)}}@keyframes highlightBtnFadeIn{0%{opacity:0}12%{opacity:0}17%{opacity:1}100%{opacity:1}}@keyframes highlightBtnSlideIn{0%{transform:translateX(-125%)}18%{transform:translateX(-125%)}23%{transform:translateX(0)}100%{transform:translateX(0)}}@keyframes highlightBold{0%{height:0;background:#540f1a}12%{height:0;background:#540f1a}17%{height:89%;background:#e8412c}100%{height:89%}}\n\n\/*# sourceMappingURL=block-highlighted-text.min.css.map*\/<\/style><section id=\"highlighted-text-block_fac2381214c0ad43a2b8b121dea50369\" class=\"block highlighted-text\">\n    <div class=\"text-container\" data-block-animate>\n        <div class=\"row\">\n            <div class=\"col-12 col-md text-main\" data-animate-part>\n                <p style=\"text-align: right\">Loe k\u00f5iki meie inimeste karj\u00e4\u00e4rilugusid<\/p>\n            <\/div>\n            <div class=\"col-12 col-md-auto text-btn\" data-animate-part>\n                                    <a href=\"https:\/\/gren.com\/ee\/karjaarilood\/\" class=\"\" target=\"\">\n                        <span>Karj\u00e4\u00e4rilood<\/span>\n                        <svg width=\"20\" height=\"37\" viewBox=\"0 0 20 37\" fill=\"none\" xmlns=\"http:\/\/www.w3.org\/2000\/svg\">\n                            <path d=\"M1 1L18.5 18.5L1 36\" stroke=\"#E8412C\" stroke-width=\"2\"\/>\n                        <\/svg>\n                    <\/a>\n                            <\/div>\n        <\/div>\n    <\/div>\n<\/section>\n","protected":false},"excerpt":{"rendered":"","protected":false},"author":22,"featured_media":14252,"parent":0,"menu_order":0,"comment_status":"closed","ping_status":"closed","template":"","meta":{"_acf_changed":false,"footnotes":""},"class_list":["post-14881","page","type-page","status-publish","has-post-thumbnail","hentry"],"acf":[],"yoast_head":"<!-- This site is optimized with the Yoast SEO plugin v26.8 - https:\/\/yoast.com\/product\/yoast-seo-wordpress\/ -->\n<title>Karj\u00e4\u00e4rilugu: Margo K\u00fclaots - Gren Eesti<\/title>\n<meta name=\"robots\" content=\"index, follow, max-snippet:-1, max-image-preview:large, max-video-preview:-1\" \/>\n<link rel=\"canonical\" href=\"https:\/\/gren.com\/ee\/karjaarilugu-margo-kulaots\/\" \/>\n<meta property=\"og:locale\" content=\"en_US\" \/>\n<meta property=\"og:type\" content=\"article\" \/>\n<meta property=\"og:title\" content=\"Karj\u00e4\u00e4rilugu: Margo K\u00fclaots - Gren Eesti\" \/>\n<meta property=\"og:url\" content=\"https:\/\/gren.com\/ee\/karjaarilugu-margo-kulaots\/\" \/>\n<meta property=\"og:site_name\" content=\"Gren Eesti\" \/>\n<meta property=\"article:modified_time\" content=\"2024-11-18T13:19:57+00:00\" \/>\n<meta property=\"og:image\" content=\"https:\/\/grenweb01.blob.core.windows.net\/gren-web-prod\/sites\/4\/2024\/09\/image-66d99e878f623.jpg\" \/>\n\t<meta property=\"og:image:width\" content=\"1512\" \/>\n\t<meta property=\"og:image:height\" content=\"400\" \/>\n\t<meta property=\"og:image:type\" content=\"image\/jpeg\" \/>\n<meta name=\"twitter:card\" content=\"summary_large_image\" \/>\n<meta name=\"twitter:label1\" content=\"Est. reading time\" \/>\n\t<meta name=\"twitter:data1\" content=\"4 minutes\" \/>\n<script type=\"application\/ld+json\" class=\"yoast-schema-graph\">{\"@context\":\"https:\/\/schema.org\",\"@graph\":[{\"@type\":\"WebPage\",\"@id\":\"https:\/\/gren.com\/ee\/karjaarilugu-margo-kulaots\/\",\"url\":\"https:\/\/gren.com\/ee\/karjaarilugu-margo-kulaots\/\",\"name\":\"Karj\u00e4\u00e4rilugu: Margo K\u00fclaots - Gren Eesti\",\"isPartOf\":{\"@id\":\"https:\/\/gren.com\/ee\/#website\"},\"primaryImageOfPage\":{\"@id\":\"https:\/\/gren.com\/ee\/karjaarilugu-margo-kulaots\/#primaryimage\"},\"image\":{\"@id\":\"https:\/\/gren.com\/ee\/karjaarilugu-margo-kulaots\/#primaryimage\"},\"thumbnailUrl\":\"https:\/\/grenweb01.blob.core.windows.net\/gren-web-prod\/sites\/4\/2024\/09\/image-66d99e878f623.jpg\",\"datePublished\":\"2024-11-08T12:41:08+00:00\",\"dateModified\":\"2024-11-18T13:19:57+00:00\",\"breadcrumb\":{\"@id\":\"https:\/\/gren.com\/ee\/karjaarilugu-margo-kulaots\/#breadcrumb\"},\"inLanguage\":\"en-US\",\"potentialAction\":[{\"@type\":\"ReadAction\",\"target\":[\"https:\/\/gren.com\/ee\/karjaarilugu-margo-kulaots\/\"]}]},{\"@type\":\"ImageObject\",\"inLanguage\":\"en-US\",\"@id\":\"https:\/\/gren.com\/ee\/karjaarilugu-margo-kulaots\/#primaryimage\",\"url\":\"https:\/\/grenweb01.blob.core.windows.net\/gren-web-prod\/sites\/4\/2024\/09\/image-66d99e878f623.jpg\",\"contentUrl\":\"https:\/\/grenweb01.blob.core.windows.net\/gren-web-prod\/sites\/4\/2024\/09\/image-66d99e878f623.jpg\",\"width\":1512,\"height\":400},{\"@type\":\"BreadcrumbList\",\"@id\":\"https:\/\/gren.com\/ee\/karjaarilugu-margo-kulaots\/#breadcrumb\",\"itemListElement\":[{\"@type\":\"ListItem\",\"position\":1,\"name\":\"Home\",\"item\":\"https:\/\/gren.com\/ee\/\"},{\"@type\":\"ListItem\",\"position\":2,\"name\":\"Karj\u00e4\u00e4rilugu: Margo K\u00fclaots\"}]},{\"@type\":\"WebSite\",\"@id\":\"https:\/\/gren.com\/ee\/#website\",\"url\":\"https:\/\/gren.com\/ee\/\",\"name\":\"Gren Eesti\",\"description\":\"Me oleme rohelise energia ettev\u00f5te\",\"potentialAction\":[{\"@type\":\"SearchAction\",\"target\":{\"@type\":\"EntryPoint\",\"urlTemplate\":\"https:\/\/gren.com\/ee\/?s={search_term_string}\"},\"query-input\":{\"@type\":\"PropertyValueSpecification\",\"valueRequired\":true,\"valueName\":\"search_term_string\"}}],\"inLanguage\":\"en-US\"}]}<\/script>\n<!-- \/ Yoast SEO plugin. -->","yoast_head_json":{"title":"Karj\u00e4\u00e4rilugu: Margo K\u00fclaots - Gren Eesti","robots":{"index":"index","follow":"follow","max-snippet":"max-snippet:-1","max-image-preview":"max-image-preview:large","max-video-preview":"max-video-preview:-1"},"canonical":"https:\/\/gren.com\/ee\/karjaarilugu-margo-kulaots\/","og_locale":"en_US","og_type":"article","og_title":"Karj\u00e4\u00e4rilugu: Margo K\u00fclaots - Gren Eesti","og_url":"https:\/\/gren.com\/ee\/karjaarilugu-margo-kulaots\/","og_site_name":"Gren Eesti","article_modified_time":"2024-11-18T13:19:57+00:00","og_image":[{"width":1512,"height":400,"url":"https:\/\/grenweb01.blob.core.windows.net\/gren-web-prod\/sites\/4\/2024\/09\/image-66d99e878f623.jpg","type":"image\/jpeg"}],"twitter_card":"summary_large_image","twitter_misc":{"Est. reading time":"4 minutes"},"schema":{"@context":"https:\/\/schema.org","@graph":[{"@type":"WebPage","@id":"https:\/\/gren.com\/ee\/karjaarilugu-margo-kulaots\/","url":"https:\/\/gren.com\/ee\/karjaarilugu-margo-kulaots\/","name":"Karj\u00e4\u00e4rilugu: Margo K\u00fclaots - Gren Eesti","isPartOf":{"@id":"https:\/\/gren.com\/ee\/#website"},"primaryImageOfPage":{"@id":"https:\/\/gren.com\/ee\/karjaarilugu-margo-kulaots\/#primaryimage"},"image":{"@id":"https:\/\/gren.com\/ee\/karjaarilugu-margo-kulaots\/#primaryimage"},"thumbnailUrl":"https:\/\/grenweb01.blob.core.windows.net\/gren-web-prod\/sites\/4\/2024\/09\/image-66d99e878f623.jpg","datePublished":"2024-11-08T12:41:08+00:00","dateModified":"2024-11-18T13:19:57+00:00","breadcrumb":{"@id":"https:\/\/gren.com\/ee\/karjaarilugu-margo-kulaots\/#breadcrumb"},"inLanguage":"en-US","potentialAction":[{"@type":"ReadAction","target":["https:\/\/gren.com\/ee\/karjaarilugu-margo-kulaots\/"]}]},{"@type":"ImageObject","inLanguage":"en-US","@id":"https:\/\/gren.com\/ee\/karjaarilugu-margo-kulaots\/#primaryimage","url":"https:\/\/grenweb01.blob.core.windows.net\/gren-web-prod\/sites\/4\/2024\/09\/image-66d99e878f623.jpg","contentUrl":"https:\/\/grenweb01.blob.core.windows.net\/gren-web-prod\/sites\/4\/2024\/09\/image-66d99e878f623.jpg","width":1512,"height":400},{"@type":"BreadcrumbList","@id":"https:\/\/gren.com\/ee\/karjaarilugu-margo-kulaots\/#breadcrumb","itemListElement":[{"@type":"ListItem","position":1,"name":"Home","item":"https:\/\/gren.com\/ee\/"},{"@type":"ListItem","position":2,"name":"Karj\u00e4\u00e4rilugu: Margo K\u00fclaots"}]},{"@type":"WebSite","@id":"https:\/\/gren.com\/ee\/#website","url":"https:\/\/gren.com\/ee\/","name":"Gren Eesti","description":"Me oleme rohelise energia ettev\u00f5te","potentialAction":[{"@type":"SearchAction","target":{"@type":"EntryPoint","urlTemplate":"https:\/\/gren.com\/ee\/?s={search_term_string}"},"query-input":{"@type":"PropertyValueSpecification","valueRequired":true,"valueName":"search_term_string"}}],"inLanguage":"en-US"}]}},"_links":{"self":[{"href":"https:\/\/gren.com\/ee\/wp-json\/wp\/v2\/pages\/14881","targetHints":{"allow":["GET"]}}],"collection":[{"href":"https:\/\/gren.com\/ee\/wp-json\/wp\/v2\/pages"}],"about":[{"href":"https:\/\/gren.com\/ee\/wp-json\/wp\/v2\/types\/page"}],"author":[{"embeddable":true,"href":"https:\/\/gren.com\/ee\/wp-json\/wp\/v2\/users\/22"}],"replies":[{"embeddable":true,"href":"https:\/\/gren.com\/ee\/wp-json\/wp\/v2\/comments?post=14881"}],"version-history":[{"count":15,"href":"https:\/\/gren.com\/ee\/wp-json\/wp\/v2\/pages\/14881\/revisions"}],"predecessor-version":[{"id":14963,"href":"https:\/\/gren.com\/ee\/wp-json\/wp\/v2\/pages\/14881\/revisions\/14963"}],"wp:featuredmedia":[{"embeddable":true,"href":"https:\/\/gren.com\/ee\/wp-json\/wp\/v2\/media\/14252"}],"wp:attachment":[{"href":"https:\/\/gren.com\/ee\/wp-json\/wp\/v2\/media?parent=14881"}],"curies":[{"name":"wp","href":"https:\/\/api.w.org\/{rel}","templated":true}]}}