{"id":14901,"date":"2024-11-08T15:08:03","date_gmt":"2024-11-08T13:08:03","guid":{"rendered":"https:\/\/gren.com\/ee\/?page_id=14901"},"modified":"2024-11-08T15:08:04","modified_gmt":"2024-11-08T13:08:04","slug":"karjaarilugu-eero-ja-harri-joonsaar","status":"publish","type":"page","link":"https:\/\/gren.com\/ee\/karjaarilugu-eero-ja-harri-joonsaar\/","title":{"rendered":"Karj\u00e4\u00e4rilugu: Eero ja Harri Joonsaar"},"content":{"rendered":"<style type=\"text\/css\">.page-hero{padding:140px 0 30px;position:relative}.page-hero-content{max-width:300px}.page-hero h4,.page-hero p{font-size:16px;font-weight:400;line-height:24px}.page-hero .date{margin-top:24px;color:#fff;font-size:20px}.page-hero-video-wrap{position:absolute;top:0;left:0;width:100%;height:100%;z-index:-1;overflow:hidden}.page-hero-video{width:100%;height:100%;object-fit:cover}@media(min-width: 576px){.page-hero-content{max-width:850px}}@media(min-width: 992px){.page-hero{padding:210px 0 64px}.page-hero h4,.page-hero p{font-size:24px;line-height:30px}}\n\n\/*# sourceMappingURL=block-page-hero.min.css.map*\/<\/style><section id=\"page-hero-block_d074dfab1f0a9e9a01e5c01995a90020\" class=\"block page-hero\" style=\"background: url(https:\/\/grenweb01.blob.core.windows.net\/gren-web-prod\/sites\/4\/2024\/09\/image-66d99e878f623.jpg) no-repeat center\/cover\">\n\t<div class=\"container\"  data-block-animate>\n\t\t\t\t\t<div class=\"page-hero-content text-wrap\"  data-animate-part>\n\t\t\t\t<h1><span style=\"color: #ffffff\">Karj\u00e4\u00e4rilugu: Eero ja Harri Joonsaar<\/span><\/h1>\n\n                \t\t\t<\/div>\n\t\t\t<\/div>\n<\/section>\n\n<style type=\"text\/css\">.full-width-written-content p>a{font-weight:700}\n\n\/*# sourceMappingURL=block-full-width-written-content.min.css.map*\/<\/style><section id=\"full-width-written-content-block_b4c49fe97b4a14d21685dc11fa4fadcb\" class=\"block full-width-written-content\">\n\t<div class=\"container\" data-block-animate>\n\t\t<div class=\"text-wrap\" data-animate-part><p>Eero on isa ja vanaisana l\u00f5bus, lastel ja lastelastel on temaga v\u00e4ga vedanud, \u00fctleb Harri Joonsaar, Eero Joonsaare vanim poeg. Kokku on Grenis elektrik-automaatikuna t\u00f6\u00f6taval Eerol kolm last \u2013 kaks poega ja t\u00fctar, ning neli lapselast. Vahva fakt on aga see, et juba 22 aastat ettev\u00f5tte P\u00e4rnu piirkonnas t\u00f6\u00f6tava Eero m\u00f5lemad pojad t\u00f6\u00f6tavad samas ettev\u00f5ttes \u2013 Harri samuti elektrik-automaatikuna ning Hardi v\u00f5rguosakonna tehnikuna. Eero muheleb, et palju poleks puudunud, et ka t\u00fctar oleks Greni t\u00f6\u00f6le tulnud \u2013 siis oleks komplekt koos.<\/p>\n<\/div>\t<\/div>\n<\/section>\n\n<style type=\"text\/css\">.two-column-content{position:relative;padding:48px 0 0;overflow-y:hidden}.two-column-content.bg-dark-green,.two-column-content.bg-dark-red{color:#fff}.two-column-content .img-wrap,.two-column-content .text-wrap{width:100%}.two-column-content .block-background-image img{position:absolute;width:100%;height:100%;object-position:center;object-fit:cover;top:0;left:0}.two-column-content .container{position:relative}.two-column-content .text-wrap{padding:0 16px}.two-column-content .text-wrap ul li{font-size:16px}.two-column-content .text-wrap p>a{font-weight:700;position:relative;transition:all ease-in-out .3s;margin-top:50px;display:inline-block}.two-column-content .text-wrap p>a:active{color:#9cbbba !important}.two-column-content .text-inner{padding:24px 16px;border-radius:4px}.two-column-content .text-inner .btn{display:inline-block}.two-column-content .img-wrap{position:relative;height:100%}.two-column-content .img-wrap img{object-fit:contain;object-position:top;width:100%;height:100%}.two-column-content .with-image .right-col p{opacity:.6;margin:12px 0 0}.two-column-content .right-col img{width:100%}@media(max-width: 767.98px){.two-column-content .container{padding:0}.two-column-content .text-wrap{margin:24px 0}.two-column-content .with-image .right-col{order:1}.two-column-content .with-image .left-col{order:2}.two-column-content.reversed .left-col{order:2 !important}.two-column-content.reversed .right-col{order:1 !important}}@media(min-width: 768px){.two-column-content{padding:32px 0}.two-column-content .img-wrap img{max-height:500px}.two-column-content .only-text .left-col .text-wrap{padding-right:28px !important}.two-column-content .only-text .right-col .text-wrap{padding-left:28px}.two-column-content:not(.reversed) .left-col .text-wrap{padding-right:64px}.two-column-content.reversed .left-col{order:2 !important}.two-column-content.reversed .left-col .text-wrap{padding-left:64px}.two-column-content.reversed .right-col{order:1 !important}}@media(min-width: 992px){.two-column-content .row.with-image .right-col{order:unset}.two-column-content .row.with-image .left-col{order:unset}.two-column-content .text-wrap{justify-self:start}.two-column-content .text-wrap p>a{margin-top:0}.two-column-content .text-wrap p>a:hover{color:#e8412c}.two-column-content.align-middle .col-6{display:flex;align-items:center}.two-column-content.align-bottom .col-6{display:flex;align-items:end}}\n\n\/*# sourceMappingURL=block-two-column-content.min.css.map*\/<\/style><section id=\"two-column-content-block_425a43630eefb2140cf070b839661040\" class=\"block two-column-content bg-primary\" data-menu-target>\n        <div class=\"container\" data-block-animate>\n        <div class=\"row g-0 with-image\">\n            <div class=\"col-12 col-md-6 left-col\" data-animate-part>\n                <div class=\"text-wrap\"><div class=\"text-inner\" style=\"\"><h3>Eero Joonsaar ja Harri Joonsaar,<\/h3>\n<h3>Greni P\u00e4rnu piirkonna elektrik-automaatikud<\/h3>\n<\/div><\/div>\n            <\/div><!--\/.col-->\n            <div class=\"col-12 col-md-6 right-col\" data-animate-part>\n                <div class=\"img-wrap\"><img loading=\"lazy\" decoding=\"async\" width=\"1024\" height=\"768\" src=\"https:\/\/grenweb01.blob.core.windows.net\/gren-web-prod\/sites\/4\/2024\/11\/Eero-ja-Harri-1024x768.png\" class=\"attachment-large size-large\" alt=\"\" srcset=\"https:\/\/grenweb01.blob.core.windows.net\/gren-web-prod\/sites\/4\/2024\/11\/Eero-ja-Harri-1024x768.png 1024w, https:\/\/grenweb01.blob.core.windows.net\/gren-web-prod\/sites\/4\/2024\/11\/Eero-ja-Harri-300x225.png 300w, https:\/\/grenweb01.blob.core.windows.net\/gren-web-prod\/sites\/4\/2024\/11\/Eero-ja-Harri-768x576.png 768w, https:\/\/grenweb01.blob.core.windows.net\/gren-web-prod\/sites\/4\/2024\/11\/Eero-ja-Harri-1536x1152.png 1536w, https:\/\/grenweb01.blob.core.windows.net\/gren-web-prod\/sites\/4\/2024\/11\/Eero-ja-Harri.png 2000w\" sizes=\"auto, (max-width: 1024px) 100vw, 1024px\" \/><\/div>            <\/div><!--\/.col-->\n        <\/div>\n    <\/div>\n<\/section>\n\n<section id=\"full-width-written-content-block_146175253a8e523d73b49f1b6bc98427\" class=\"block full-width-written-content\">\n\t<div class=\"container\" data-block-animate>\n\t\t<div class=\"text-wrap\" data-animate-part><p>Joonsaared on hea naljasoone ning suhtlemisoskusega. T\u00f6\u00f6, mida nad igap\u00e4evaselt teevad eeldab v\u00e4ga suurt tehnilist taiplikkust, aga ka iseseisvust. \u00dckski p\u00e4ev pole igav ega \u00fchetaoline \u2013 p\u00e4eva jooksul tuleb kohtuda paljude erinevate inimestega ja lahendada mitmeid erinevaid \u00fclesandeid, ka otsustusvabadust ja loomingulisust on palju \u2013 nii ei saagi rutiini tekkida.<\/p>\n<p>Kuigi Eerol ja Harril on sama ametinimetus, siis t\u00f6\u00f6 pole neil sugugi \u00fchesugune. Isa Eero t\u00f6\u00f6p\u00e4ev algab tavaliselt kell 8.15 igahommikuse koosolekuga, kus vaadatakse \u00fcle kiireloomuliste hooldust\u00f6\u00f6de vajadused ning uute t\u00f6\u00f6de tellimused ning seej\u00e4rel kulgebki p\u00e4ev neid \u00fclesandeid lahendades. Harri seevastu tegeleb suurel m\u00e4\u00e4ral allt\u00f6\u00f6v\u00f5tjatega \u2013 n\u00e4iteks vestlusegi peame korraks katkestama, sest tuleb minna allt\u00f6\u00f6v\u00f5tja abiga koostootmisjaama varugeneraatorit testima. Helkurjoped selga, kiivrid p\u00e4he ja kuulmiskaitsmed k\u00f5rva \u2013 selline on m\u00f5lema mehe igap\u00e4evane ohutusvarustus, sest muudmoodi Greni tootmis\u00fcksustes liikuda ei saa. N\u00e4iteks varugeneraator, mis testimist vajab, teeb k\u00e4ivitades niiv\u00f5rd suurt m\u00fcra, et sellest \u00fcle r\u00e4\u00e4kida ei ole v\u00f5imalik ning isegi l\u00e4bi k\u00f5rvakaitsmete on mootori h\u00e4\u00e4l k\u00f5va. T\u00f6\u00f6ohutust peavad Grenis k\u00f5ik t\u00e4htsaks ning see ei ole vaid s\u00f5nak\u00f5lks \u2013 ohutute t\u00f6\u00f6tingimuste \u00fcle ollakse uhked ning kord aastas isegi tunnustatakse kolleege, kes on piisavalt ohutusringk\u00e4ike teinud ning v\u00f5imalikke ohuolukordi kaardistanud. Me k\u00f5ik tahame j\u00f5uda \u00f5htul tervena koju, oma pere ja l\u00e4hedaste juurde.<\/p>\n<p>Pere on ka Joonsaartele oluline. T\u00f6\u00f6d koju kaasa ei v\u00f5eta ning t\u00f6\u00f6asju kodus ei arutata. Kuigi peresiseselt toetatakse \u00fcksteist v\u00e4ga palju, ka Greni t\u00f6\u00f6le on nad tulnud \u00fcksteise soovitusel. Isa Eero eeskujul tuli Greni Harri ning Harri soovitusel noorem vend Hardi. Grenis on suur potentsiaal t\u00f6\u00f6alaseks arenguks, pealegi on k\u00f5ik \u00f5pitav ning karta ei tasu midagi, \u00fctleb Harri, ning julgustab k\u00f5iki Greni enda t\u00f6\u00f6andjana kaaluma. Selle pere meestel on ka \u00fcks \u00fchine kirg \u2013 isa ja m\u00f5lemad pojad on kirglikud arvutim\u00e4ngude f\u00e4nnid. Igal mehel on k\u00fcll oma lemmikm\u00e4ngud, aga hasart on \u00fchine. Isa Eero sattus videom\u00e4ngude juurde juba 1996. aastal ning on aastatega nakatanud sama pisikuga ka oma pojad. Eerole meeldivad ps\u00fchholoogilised m\u00e4ngud, n\u00e4iteks leiab hetkel tema m\u00e4ngukonsoolist \u00f5udussugemetega trilleri <em>Silent Hill<\/em>. Harri s\u00f5nul on ajast aega olnud tema lemmikm\u00e4nguks <em>Metal Gear<\/em>, kuid praegu paelub teda eelk\u00f5ige <em>Call of Duty<\/em>. Eero v\u00f5tab teema kokku nii, et osad inimesed vaatavad filme, osad loevad raamatuid, nende pere meestele meeldib aga ise end videom\u00e4ngude erinevates rollides proovile panna. Pealegi \u00f5petavad videom\u00e4ngud erinevates olukordades kiiresti m\u00f5tlema ja lahendusi leidma.<\/p>\n<p>T\u00f6\u00f6stusautomaatika nagu arvutim\u00e4ngudki, on p\u00f5nev ala, leiavad m\u00f5lemad mehed. Nuputamist ja katsetamist on m\u00f5lemas valdkonnas k\u00fcllaga ja p\u00e4ris hea tunne on, kui leiad m\u00f5nele \u00fcleskerkinud probleemile \u00e4geda lahenduse v\u00f5i m\u00f5istad l\u00f5puks, kuidas miski t\u00f6\u00f6tab. Mehed n\u00f5ustuvad justkui \u00fchest suust, et t\u00f6\u00f6stusautomaatika valdkonda sobivad k\u00f5ik tehnilise haridusega inimesed \u2013 olgu sa hariduselt energeetik, elektrik v\u00f5i infotehnoloog, karta pole midagi ning \u00f5ppimine toimub niikuinii pigem t\u00f6\u00f6 k\u00e4igus. Harri lisab sedagi, et isegi kui tulla Greni inseneriks, oleks hea teha paar kuud t\u00f6\u00f6d protsessioperaatorina \u2013 see annab hea baasi ja arusaamise ettev\u00f5tte erinevatest valdkondadest ja baasv\u00e4ljakutsetest.<\/p>\n<p>Kuigi Harri on t\u00f6\u00f6tanud ettev\u00f5ttes isast 17 aastat v\u00e4hem, ei kipu ta t\u00f6\u00f6asjades isa n\u00f5u k\u00fcsima. Eero \u00fctleb, et alguses poeg siiski k\u00fcsis \u00fcht-koma-teist, aga ajaga n\u00f5uk\u00fcsimine aina v\u00e4henes ning n\u00fc\u00fcd tunneb ta vahel isegi puudust, et tema aastatega kogunenud teadmisi \u00e4ra kasutama ei kiputa. Loomulikult r\u00e4\u00e4gib ta k\u00f5ike seda talle iseloomuliku huumori ja kelmika s\u00e4demega silmis. Harri m\u00f6\u00f6nab siiski, et kuigi ta k\u00fcsib isa n\u00f5u harva, siis vajadusel teeb ta seda hea meelega, sest on aja jooksul avastanud, et tihtilugu on isa k\u00f5ike juba kogenud ning probleemidele erinevaid lahendusk\u00e4ike katsetanud, seega j\u00e4\u00e4b vaid kiire k\u00f5ne teha ning lahendus ongi k\u00e4es. No ja muidugi meeldib Harrile ise v\u00e4ljakutseid lahendada, seda n\u00e4itab kasv\u00f5i see, et just tema on energiaettev\u00f5tete ameti\u00fchingu juht Grenis. Harri s\u00f5nul hoiab just armastus law and order-i ehk seaduse ja korra vastu teda ameti\u00fchingu tegemiste juures.<\/p>\n<p>Harri unistab edasi\u00f5ppimisest, kuid \u00fctleb, et ise kahe v\u00e4ikese lapse isana l\u00e4hiajal selleks siiski aega ei jaguvat, kuid tulevikuplaanidesse mahub ehk \u00fcks magistrikraad veel \u00e4ra. L\u00f5petanud on ta \u00fcldsegi IT-eriala, kuid leiab, et miks mitte end tulevikus ka insenerina proovile panna. Isa Eero on aga raadio- ja telemehaaniku haridusega ning sellega igati rahul. Kuigi t\u00f5deme \u00fcheskoos, et t\u00e4nap\u00e4eval v\u00f5ib minna \u00fclikooli ka hilisemas eas, keskendub suure elukogemusega Eero n\u00fc\u00fcd pigem iseendale, lapselastele, reisimisele ja hobidele. T\u00f6\u00f6alastel t\u00e4iendkoolitustel osalevad aga m\u00f5lemad mehed hea meelega, n\u00e4iteks just hiljuti l\u00e4biti piiratud ligip\u00e4\u00e4suga ruumides t\u00f6\u00f6tamise koolitus ning selliseid praktilisi teadmisi peavad m\u00f5lemad eluliselt t\u00e4htsaks.<\/p>\n<\/div>\t<\/div>\n<\/section>\n\n<style type=\"text\/css\">.block.highlighted-text{background:#18213b;color:#fff;overflow:hidden}.block.highlighted-text .text-container{padding:0 16px;animation:highlightBlockSlideIn 10s cubic-bezier(0, 1.32, 0.3, 0.96) forwards infinite}.block.highlighted-text .text-container>.row{display:flex;align-items:flex-end;max-width:800px;margin:0 auto}.block.highlighted-text .text-container>.row .text-main{padding-right:58px}.block.highlighted-text .text-container>.row .text-main p{font-size:40px;line-height:48px;font-weight:400}@media(min-width: 768px){.block.highlighted-text .text-container>.row .text-main p{font-size:64px;line-height:66px;letter-spacing:.64px}}.block.highlighted-text .text-container>.row .text-main p strong,.block.highlighted-text .text-container>.row .text-main p b{position:relative;font-weight:400;display:inline}.block.highlighted-text .text-container>.row .text-main p strong::after,.block.highlighted-text .text-container>.row .text-main p b::after{content:\"\";position:absolute;left:0;bottom:0;width:100%;height:100%;background:#e8412c;z-index:-1;animation:highlightBold 10s ease-in-out forwards infinite}.block.highlighted-text .text-container>.row .text-btn{width:200px;font-size:32px;font-weight:400;line-height:36px;margin-top:24px;animation:highlightBtnSlideIn 10s cubic-bezier(0.12, 1.27, 0.71, 1) forwards infinite}@media(min-width: 768px){.block.highlighted-text .text-container>.row .text-btn{margin-top:0;padding:0;animation:highlightBtnFadeIn 10s cubic-bezier(0.12, 1.27, 0.71, 1) forwards infinite}}.block.highlighted-text .text-container>.row .text-btn a{position:relative;display:inline-block;width:200px}.block.highlighted-text .text-container>.row .text-btn a svg{position:absolute;top:50%;right:0;width:20px;height:37px;transform:translateY(-50%)}@keyframes highlightBlockSlideIn{0%{transform:translateX(-100%)}10%{transform:translateX(0)}90%{transform:translateX(0)}100%{transform:translateX(100%)}}@keyframes highlightBtnFadeIn{0%{opacity:0}12%{opacity:0}17%{opacity:1}100%{opacity:1}}@keyframes highlightBtnSlideIn{0%{transform:translateX(-125%)}18%{transform:translateX(-125%)}23%{transform:translateX(0)}100%{transform:translateX(0)}}@keyframes highlightBold{0%{height:0;background:#540f1a}12%{height:0;background:#540f1a}17%{height:89%;background:#e8412c}100%{height:89%}}\n\n\/*# sourceMappingURL=block-highlighted-text.min.css.map*\/<\/style><section id=\"highlighted-text-block_b0ae47e505ba3c14bec0e84d8c21bc79\" class=\"block highlighted-text\">\n    <div class=\"text-container\" data-block-animate>\n        <div class=\"row\">\n            <div class=\"col-12 col-md text-main\" data-animate-part>\n                <p style=\"text-align: right\">Loe k\u00f5iki meie inimeste karj\u00e4\u00e4rilugusid<\/p>\n            <\/div>\n            <div class=\"col-12 col-md-auto text-btn\" data-animate-part>\n                                    <a href=\"https:\/\/gren.com\/ee\/karjaarilood\/\" class=\"\" target=\"\">\n                        <span>Karj\u00e4\u00e4rilood<\/span>\n                        <svg width=\"20\" height=\"37\" viewBox=\"0 0 20 37\" fill=\"none\" xmlns=\"http:\/\/www.w3.org\/2000\/svg\">\n                            <path d=\"M1 1L18.5 18.5L1 36\" stroke=\"#E8412C\" stroke-width=\"2\"\/>\n                        <\/svg>\n                    <\/a>\n                            <\/div>\n        <\/div>\n    <\/div>\n<\/section>\n","protected":false},"excerpt":{"rendered":"","protected":false},"author":22,"featured_media":14252,"parent":0,"menu_order":0,"comment_status":"closed","ping_status":"closed","template":"","meta":{"_acf_changed":false,"footnotes":""},"class_list":["post-14901","page","type-page","status-publish","has-post-thumbnail","hentry"],"acf":[],"yoast_head":"<!-- This site is optimized with the Yoast SEO plugin v26.8 - https:\/\/yoast.com\/product\/yoast-seo-wordpress\/ -->\n<title>Karj\u00e4\u00e4rilugu: Eero ja Harri Joonsaar - Gren Eesti<\/title>\n<meta name=\"robots\" content=\"index, follow, max-snippet:-1, max-image-preview:large, max-video-preview:-1\" \/>\n<link rel=\"canonical\" href=\"https:\/\/gren.com\/ee\/karjaarilugu-eero-ja-harri-joonsaar\/\" \/>\n<meta property=\"og:locale\" content=\"en_US\" \/>\n<meta property=\"og:type\" content=\"article\" \/>\n<meta property=\"og:title\" content=\"Karj\u00e4\u00e4rilugu: Eero ja Harri Joonsaar - Gren Eesti\" \/>\n<meta property=\"og:url\" content=\"https:\/\/gren.com\/ee\/karjaarilugu-eero-ja-harri-joonsaar\/\" \/>\n<meta property=\"og:site_name\" content=\"Gren Eesti\" \/>\n<meta property=\"article:modified_time\" content=\"2024-11-08T13:08:04+00:00\" \/>\n<meta property=\"og:image\" content=\"https:\/\/grenweb01.blob.core.windows.net\/gren-web-prod\/sites\/4\/2024\/09\/image-66d99e878f623.jpg\" \/>\n\t<meta property=\"og:image:width\" content=\"1512\" \/>\n\t<meta property=\"og:image:height\" content=\"400\" \/>\n\t<meta property=\"og:image:type\" content=\"image\/jpeg\" \/>\n<meta name=\"twitter:card\" content=\"summary_large_image\" \/>\n<meta name=\"twitter:label1\" content=\"Est. reading time\" \/>\n\t<meta name=\"twitter:data1\" content=\"4 minutes\" \/>\n<script type=\"application\/ld+json\" class=\"yoast-schema-graph\">{\"@context\":\"https:\/\/schema.org\",\"@graph\":[{\"@type\":\"WebPage\",\"@id\":\"https:\/\/gren.com\/ee\/karjaarilugu-eero-ja-harri-joonsaar\/\",\"url\":\"https:\/\/gren.com\/ee\/karjaarilugu-eero-ja-harri-joonsaar\/\",\"name\":\"Karj\u00e4\u00e4rilugu: Eero ja Harri Joonsaar - Gren Eesti\",\"isPartOf\":{\"@id\":\"https:\/\/gren.com\/ee\/#website\"},\"primaryImageOfPage\":{\"@id\":\"https:\/\/gren.com\/ee\/karjaarilugu-eero-ja-harri-joonsaar\/#primaryimage\"},\"image\":{\"@id\":\"https:\/\/gren.com\/ee\/karjaarilugu-eero-ja-harri-joonsaar\/#primaryimage\"},\"thumbnailUrl\":\"https:\/\/grenweb01.blob.core.windows.net\/gren-web-prod\/sites\/4\/2024\/09\/image-66d99e878f623.jpg\",\"datePublished\":\"2024-11-08T13:08:03+00:00\",\"dateModified\":\"2024-11-08T13:08:04+00:00\",\"breadcrumb\":{\"@id\":\"https:\/\/gren.com\/ee\/karjaarilugu-eero-ja-harri-joonsaar\/#breadcrumb\"},\"inLanguage\":\"en-US\",\"potentialAction\":[{\"@type\":\"ReadAction\",\"target\":[\"https:\/\/gren.com\/ee\/karjaarilugu-eero-ja-harri-joonsaar\/\"]}]},{\"@type\":\"ImageObject\",\"inLanguage\":\"en-US\",\"@id\":\"https:\/\/gren.com\/ee\/karjaarilugu-eero-ja-harri-joonsaar\/#primaryimage\",\"url\":\"https:\/\/grenweb01.blob.core.windows.net\/gren-web-prod\/sites\/4\/2024\/09\/image-66d99e878f623.jpg\",\"contentUrl\":\"https:\/\/grenweb01.blob.core.windows.net\/gren-web-prod\/sites\/4\/2024\/09\/image-66d99e878f623.jpg\",\"width\":1512,\"height\":400},{\"@type\":\"BreadcrumbList\",\"@id\":\"https:\/\/gren.com\/ee\/karjaarilugu-eero-ja-harri-joonsaar\/#breadcrumb\",\"itemListElement\":[{\"@type\":\"ListItem\",\"position\":1,\"name\":\"Home\",\"item\":\"https:\/\/gren.com\/ee\/\"},{\"@type\":\"ListItem\",\"position\":2,\"name\":\"Karj\u00e4\u00e4rilugu: Eero ja Harri Joonsaar\"}]},{\"@type\":\"WebSite\",\"@id\":\"https:\/\/gren.com\/ee\/#website\",\"url\":\"https:\/\/gren.com\/ee\/\",\"name\":\"Gren Eesti\",\"description\":\"Me oleme rohelise energia ettev\u00f5te\",\"potentialAction\":[{\"@type\":\"SearchAction\",\"target\":{\"@type\":\"EntryPoint\",\"urlTemplate\":\"https:\/\/gren.com\/ee\/?s={search_term_string}\"},\"query-input\":{\"@type\":\"PropertyValueSpecification\",\"valueRequired\":true,\"valueName\":\"search_term_string\"}}],\"inLanguage\":\"en-US\"}]}<\/script>\n<!-- \/ Yoast SEO plugin. -->","yoast_head_json":{"title":"Karj\u00e4\u00e4rilugu: Eero ja Harri Joonsaar - Gren Eesti","robots":{"index":"index","follow":"follow","max-snippet":"max-snippet:-1","max-image-preview":"max-image-preview:large","max-video-preview":"max-video-preview:-1"},"canonical":"https:\/\/gren.com\/ee\/karjaarilugu-eero-ja-harri-joonsaar\/","og_locale":"en_US","og_type":"article","og_title":"Karj\u00e4\u00e4rilugu: Eero ja Harri Joonsaar - Gren Eesti","og_url":"https:\/\/gren.com\/ee\/karjaarilugu-eero-ja-harri-joonsaar\/","og_site_name":"Gren Eesti","article_modified_time":"2024-11-08T13:08:04+00:00","og_image":[{"width":1512,"height":400,"url":"https:\/\/grenweb01.blob.core.windows.net\/gren-web-prod\/sites\/4\/2024\/09\/image-66d99e878f623.jpg","type":"image\/jpeg"}],"twitter_card":"summary_large_image","twitter_misc":{"Est. reading time":"4 minutes"},"schema":{"@context":"https:\/\/schema.org","@graph":[{"@type":"WebPage","@id":"https:\/\/gren.com\/ee\/karjaarilugu-eero-ja-harri-joonsaar\/","url":"https:\/\/gren.com\/ee\/karjaarilugu-eero-ja-harri-joonsaar\/","name":"Karj\u00e4\u00e4rilugu: Eero ja Harri Joonsaar - Gren Eesti","isPartOf":{"@id":"https:\/\/gren.com\/ee\/#website"},"primaryImageOfPage":{"@id":"https:\/\/gren.com\/ee\/karjaarilugu-eero-ja-harri-joonsaar\/#primaryimage"},"image":{"@id":"https:\/\/gren.com\/ee\/karjaarilugu-eero-ja-harri-joonsaar\/#primaryimage"},"thumbnailUrl":"https:\/\/grenweb01.blob.core.windows.net\/gren-web-prod\/sites\/4\/2024\/09\/image-66d99e878f623.jpg","datePublished":"2024-11-08T13:08:03+00:00","dateModified":"2024-11-08T13:08:04+00:00","breadcrumb":{"@id":"https:\/\/gren.com\/ee\/karjaarilugu-eero-ja-harri-joonsaar\/#breadcrumb"},"inLanguage":"en-US","potentialAction":[{"@type":"ReadAction","target":["https:\/\/gren.com\/ee\/karjaarilugu-eero-ja-harri-joonsaar\/"]}]},{"@type":"ImageObject","inLanguage":"en-US","@id":"https:\/\/gren.com\/ee\/karjaarilugu-eero-ja-harri-joonsaar\/#primaryimage","url":"https:\/\/grenweb01.blob.core.windows.net\/gren-web-prod\/sites\/4\/2024\/09\/image-66d99e878f623.jpg","contentUrl":"https:\/\/grenweb01.blob.core.windows.net\/gren-web-prod\/sites\/4\/2024\/09\/image-66d99e878f623.jpg","width":1512,"height":400},{"@type":"BreadcrumbList","@id":"https:\/\/gren.com\/ee\/karjaarilugu-eero-ja-harri-joonsaar\/#breadcrumb","itemListElement":[{"@type":"ListItem","position":1,"name":"Home","item":"https:\/\/gren.com\/ee\/"},{"@type":"ListItem","position":2,"name":"Karj\u00e4\u00e4rilugu: Eero ja Harri Joonsaar"}]},{"@type":"WebSite","@id":"https:\/\/gren.com\/ee\/#website","url":"https:\/\/gren.com\/ee\/","name":"Gren Eesti","description":"Me oleme rohelise energia ettev\u00f5te","potentialAction":[{"@type":"SearchAction","target":{"@type":"EntryPoint","urlTemplate":"https:\/\/gren.com\/ee\/?s={search_term_string}"},"query-input":{"@type":"PropertyValueSpecification","valueRequired":true,"valueName":"search_term_string"}}],"inLanguage":"en-US"}]}},"_links":{"self":[{"href":"https:\/\/gren.com\/ee\/wp-json\/wp\/v2\/pages\/14901","targetHints":{"allow":["GET"]}}],"collection":[{"href":"https:\/\/gren.com\/ee\/wp-json\/wp\/v2\/pages"}],"about":[{"href":"https:\/\/gren.com\/ee\/wp-json\/wp\/v2\/types\/page"}],"author":[{"embeddable":true,"href":"https:\/\/gren.com\/ee\/wp-json\/wp\/v2\/users\/22"}],"replies":[{"embeddable":true,"href":"https:\/\/gren.com\/ee\/wp-json\/wp\/v2\/comments?post=14901"}],"version-history":[{"count":5,"href":"https:\/\/gren.com\/ee\/wp-json\/wp\/v2\/pages\/14901\/revisions"}],"predecessor-version":[{"id":14908,"href":"https:\/\/gren.com\/ee\/wp-json\/wp\/v2\/pages\/14901\/revisions\/14908"}],"wp:featuredmedia":[{"embeddable":true,"href":"https:\/\/gren.com\/ee\/wp-json\/wp\/v2\/media\/14252"}],"wp:attachment":[{"href":"https:\/\/gren.com\/ee\/wp-json\/wp\/v2\/media?parent=14901"}],"curies":[{"name":"wp","href":"https:\/\/api.w.org\/{rel}","templated":true}]}}