{"id":15080,"date":"2024-12-16T15:17:54","date_gmt":"2024-12-16T13:17:54","guid":{"rendered":"https:\/\/gren.com\/ee\/?page_id=15080"},"modified":"2025-07-24T10:12:21","modified_gmt":"2025-07-24T07:12:21","slug":"keskkonnainvesteeringute-keskuse-toetusega-projektid","status":"publish","type":"page","link":"https:\/\/gren.com\/ee\/keskkonnainvesteeringute-keskuse-toetusega-projektid\/","title":{"rendered":"Keskkonnainvesteeringute keskuse toetusega projektid"},"content":{"rendered":"<style type=\"text\/css\">.page-hero{padding:140px 0 30px;position:relative}.page-hero-content{max-width:300px}.page-hero h4,.page-hero p{font-size:16px;font-weight:400;line-height:24px}.page-hero .date{margin-top:24px;color:#fff;font-size:20px}.page-hero-video-wrap{position:absolute;top:0;left:0;width:100%;height:100%;z-index:-1;overflow:hidden}.page-hero-video{width:100%;height:100%;object-fit:cover}@media(min-width: 576px){.page-hero-content{max-width:850px}}@media(min-width: 992px){.page-hero{padding:210px 0 64px}.page-hero h4,.page-hero p{font-size:24px;line-height:30px}}\n\n\/*# sourceMappingURL=block-page-hero.min.css.map*\/<\/style><section id=\"page-hero-block_2e37c2521d2eb35b91a8a89e6f75f438\" class=\"block page-hero\" style=\"background: url(https:\/\/grenweb01.blob.core.windows.net\/gren-web-prod\/sites\/4\/2024\/01\/Gren-Still-04-16-9-V4-scaled-1.jpg) no-repeat center\/cover\">\n\t<div class=\"container\"  data-block-animate>\n\t\t\t\t\t<div class=\"page-hero-content text-wrap\"  data-animate-part>\n\t\t\t\t<h1><span style=\"color: #18213b\">Keskkonnainvesteeringute keskuse toetusega projektid<\/span><\/h1>\n\n                \t\t\t<\/div>\n\t\t\t<\/div>\n<\/section>\n\n<style type=\"text\/css\">.full-width-written-content p>a{font-weight:700}\n\n\/*# sourceMappingURL=block-full-width-written-content.min.css.map*\/<\/style><section id=\"full-width-written-content-block_d8e34c0fc452023605221ee373460973\" class=\"block full-width-written-content\">\n\t<div class=\"container\" data-block-animate>\n\t\t<div class=\"text-wrap\" data-animate-part><p><img loading=\"lazy\" decoding=\"async\" class=\"\" src=\"https:\/\/grenweb01.blob.core.windows.net\/gren-web-prod\/sites\/4\/2024\/12\/KIK_Toetab_varv.webp\" width=\"317\" height=\"178\" alt=\"\" \/><img loading=\"lazy\" decoding=\"async\" class=\"\" src=\"https:\/\/grenweb01.blob.core.windows.net\/gren-web-prod\/sites\/4\/2024\/12\/Kaasrahastanud_EL_kaksiklogod_EST_hor_color_RGB.png\" width=\"284\" height=\"165\" alt=\"\" \/><\/p>\n<\/div>\t<\/div>\n<\/section>\n\n<style type=\"text\/css\">.table .text-wrap{margin-bottom:32px}.table .text-wrap h3{color:#18213b}.table table{width:100%;border-collapse:collapse;table-layout:fixed}.table table thead tr{background:rgba(156,187,186,.4)}.table table thead tr th{font-weight:normal}.table table thead tr th:first-child{border-top-left-radius:8px}.table table thead tr th:last-child{border-top-right-radius:8px}.table table tbody tr{border-bottom:1px solid rgba(156,187,186,.4)}.table table tbody tr td:first-child{font-weight:bold}.table table td,.table table th{padding:24px 12px;text-align:left}.table .table-content{margin-top:32px}\n\n\/*# sourceMappingURL=block-table.min.css.map*\/<\/style><section id=\"table-block_a64e3191a9273df9eae7463fcb2324cb\" class=\"block table\">\n    <div class=\"container\" data-block-animate>\n                <div class=\"table-wrapper\" data-animate-part>\n            <table><thead><tr><th>Aasta<\/th><th>Toetuse saaja<\/th><th>Projekti maksumus<\/th><th>Toetuse summa<\/th><th>Projekti nimi<\/th><\/tr><\/thead><tbody><tr><td>2024<\/td><td>Gren Tartu AS<\/td><td>2 717 470 \u20ac<\/td><td>760 497 \u20ac<\/td><td>Tartu vallas Raadil Ermi, Piloodi, Kaupmehe ja \nP\u00e4rna allee t\u00e4navate kaugk\u00fctte jaotus- ja \n\u00fchendustorustike ehitamine<\/td><\/tr><tr><td>2024<\/td><td>Gren Tartu AS<\/td><td>238 252 \u20ac<\/td><td>71 476 \u20ac<\/td><td>Tartu linnas Sepakuru tn 2a, 2b ja 4b soojustorustike renoveerimine<\/td><\/tr><tr><td>2024<\/td><td>Gren Tartu AS<\/td><td><\/td><td>265 500 \u20ac<\/td><td>Tartu linnas Vaarika, Tihase, Linnu ja Lemmatsi t\u00e4navate ning Tamme puiestee soojustorustike renoveerimine<\/td><\/tr><tr><td>2024<\/td><td>Gren Tartu AS<\/td><td><\/td><td>147 600 \u20ac<\/td><td>Tartu linnas S\u00f5pruse pst 17, 19, 21 ja Pikk tn 88, 90, 92, 94, 96, 100 soojustorustike renoveerimine<\/td><\/tr><tr><td><\/td><td><\/td><td><\/td><td><\/td><td><\/td><\/tr><tr><td>2024<\/td><td>Gren Eesti AS<\/td><td><\/td><td>64 500 \u20ac<\/td><td>P\u00e4rnu Ringi &#8211; Kuninga tn (R\u00fc\u00fctli tn ja Kuninga 25 vahel) kaugk\u00fcttetorustiku ehitamine<\/td><\/tr><tr><td>2024<\/td><td>Gren Eesti AS<\/td><td>246 890 \u20ac<\/td><td>74 067 \u20ac<\/td><td>P\u00e4rnu Oja, Rohu, Liblika tn piirkonna kaugk\u00fcttetorustiku renoveerimine<\/td><\/tr><tr><td>2024<\/td><td>Gren Eesti AS<\/td><td><\/td><td>100 500 \u20ac<\/td><td>P\u00e4rnu Kiige, Kaevu ja Tulika tn kaugk\u00fcttetorustiku renoveerimine<\/td><\/tr><tr><td>2024<\/td><td>Gren Eesti AS<\/td><td><\/td><td>116 250 \u20ac<\/td><td>P\u00e4rnu Laine tn 1, 3, 5 ja 8 kaugk\u00fcttetorustiku renoveerimine<\/td><\/tr><tr><td>2024<\/td><td>Gren Eesti AS<\/td><td><\/td><td>157 500 \u20ac<\/td><td>P\u00e4rnu Suur-J\u00f5e 52 KM, Suur-J\u00f5e tn kuni Riia mnt kaugk\u00fcttetorustik<\/td><\/tr><tr><td>2024<\/td><td>Gren Eesti As<\/td><td><\/td><td>100 000 \u20ac<\/td><td>P\u00e4rnu Suur-J\u00f5e tn, Kastani kuni Tammsaare pst (Vikerkaare tn), kaugk\u00fcttetorustik<\/td><\/tr><tr><td>2024<\/td><td>Gren Eesti AS<\/td><td><\/td><td>105 000 \u20ac<\/td><td>P\u00e4rnu Suur-J\u00f5e tn, Vingi (Lai tn) kuni V\u00e4ike-Sepa tn, kaugk\u00fcttetorustik<\/td><\/tr><tr><td><\/td><td><\/td><td><\/td><td><\/td><td><\/td><\/tr><tr><td>2024<\/td><td>Gren Viru AS<\/td><td><\/td><td>269 937 \u20ac<\/td><td>J\u00f5hvi valla J\u00f5hvi k\u00fcla kaugk\u00fcttetorustiku rekonstrueerimine<\/td><\/tr><tr><td>2024<\/td><td>Gren Viru AS<\/td><td><\/td><td>342 890 \u20ac<\/td><td>Kohtla-J\u00e4rve J\u00e4rve linnaosa K-28 &#8211; Tuuslari kaugk\u00fcttetorustiku rekonstrueerimine<\/td><\/tr><tr><td>2024<\/td><td>Gren Viru AS<\/td><td><\/td><td>584 100 \u20ac<\/td><td>Kohtla-J\u00e4rve J\u00e4rve linnaosa kaugk\u00fctte magistraali K-J SEJ &#8211; K-75 rekonstrueerimine<\/td><\/tr><tr><td>2024<\/td><td>Gren Viru AS<\/td><td><\/td><td>432 148 \u20ac<\/td><td>Kohtla-J\u00e4rve J\u00e4rve linnaosa P\u00e4rna-Ravi-M\u00f5isa tee kaugk\u00fcttetorustiku rekonstrueerimine<\/td><\/tr><tr><td>2024<\/td><td>Gren Viru AS<\/td><td><\/td><td>598 092 \u20ac<\/td><td>Kohtla-J\u00e4rve J\u00e4rve linnaosa P\u00f5hja-Olevi piirkonna kaugk\u00fcttetorustiku rekonstrueerimine<\/td><\/tr><\/tbody><\/table>        <\/div>\n        <div class=\"table-content\" data-animate-part>\n            <p><\/p>\n        <\/div>\n    <\/div>\n<\/section>\n","protected":false},"excerpt":{"rendered":"","protected":false},"author":22,"featured_media":0,"parent":0,"menu_order":0,"comment_status":"closed","ping_status":"closed","template":"","meta":{"_acf_changed":false,"footnotes":""},"class_list":["post-15080","page","type-page","status-publish","hentry"],"acf":[],"yoast_head":"<!-- This site is optimized with the Yoast SEO plugin v26.8 - https:\/\/yoast.com\/product\/yoast-seo-wordpress\/ -->\n<title>Keskkonnainvesteeringute keskuse toetusega projektid - Gren Eesti<\/title>\n<meta name=\"robots\" content=\"index, follow, max-snippet:-1, max-image-preview:large, max-video-preview:-1\" \/>\n<link rel=\"canonical\" href=\"https:\/\/gren.com\/ee\/keskkonnainvesteeringute-keskuse-toetusega-projektid\/\" \/>\n<meta property=\"og:locale\" content=\"en_US\" \/>\n<meta property=\"og:type\" content=\"article\" \/>\n<meta property=\"og:title\" content=\"Keskkonnainvesteeringute keskuse toetusega projektid - Gren Eesti\" \/>\n<meta property=\"og:url\" content=\"https:\/\/gren.com\/ee\/keskkonnainvesteeringute-keskuse-toetusega-projektid\/\" \/>\n<meta property=\"og:site_name\" content=\"Gren Eesti\" \/>\n<meta property=\"article:modified_time\" content=\"2025-07-24T07:12:21+00:00\" \/>\n<meta name=\"twitter:card\" content=\"summary_large_image\" \/>\n<meta name=\"twitter:label1\" content=\"Est. reading time\" \/>\n\t<meta name=\"twitter:data1\" content=\"2 minutes\" \/>\n<script type=\"application\/ld+json\" class=\"yoast-schema-graph\">{\"@context\":\"https:\/\/schema.org\",\"@graph\":[{\"@type\":\"WebPage\",\"@id\":\"https:\/\/gren.com\/ee\/keskkonnainvesteeringute-keskuse-toetusega-projektid\/\",\"url\":\"https:\/\/gren.com\/ee\/keskkonnainvesteeringute-keskuse-toetusega-projektid\/\",\"name\":\"Keskkonnainvesteeringute keskuse toetusega projektid - Gren Eesti\",\"isPartOf\":{\"@id\":\"https:\/\/gren.com\/ee\/#website\"},\"datePublished\":\"2024-12-16T13:17:54+00:00\",\"dateModified\":\"2025-07-24T07:12:21+00:00\",\"breadcrumb\":{\"@id\":\"https:\/\/gren.com\/ee\/keskkonnainvesteeringute-keskuse-toetusega-projektid\/#breadcrumb\"},\"inLanguage\":\"en-US\",\"potentialAction\":[{\"@type\":\"ReadAction\",\"target\":[\"https:\/\/gren.com\/ee\/keskkonnainvesteeringute-keskuse-toetusega-projektid\/\"]}]},{\"@type\":\"BreadcrumbList\",\"@id\":\"https:\/\/gren.com\/ee\/keskkonnainvesteeringute-keskuse-toetusega-projektid\/#breadcrumb\",\"itemListElement\":[{\"@type\":\"ListItem\",\"position\":1,\"name\":\"Home\",\"item\":\"https:\/\/gren.com\/ee\/\"},{\"@type\":\"ListItem\",\"position\":2,\"name\":\"Keskkonnainvesteeringute keskuse toetusega projektid\"}]},{\"@type\":\"WebSite\",\"@id\":\"https:\/\/gren.com\/ee\/#website\",\"url\":\"https:\/\/gren.com\/ee\/\",\"name\":\"Gren Eesti\",\"description\":\"Me oleme rohelise energia ettev\u00f5te\",\"potentialAction\":[{\"@type\":\"SearchAction\",\"target\":{\"@type\":\"EntryPoint\",\"urlTemplate\":\"https:\/\/gren.com\/ee\/?s={search_term_string}\"},\"query-input\":{\"@type\":\"PropertyValueSpecification\",\"valueRequired\":true,\"valueName\":\"search_term_string\"}}],\"inLanguage\":\"en-US\"}]}<\/script>\n<!-- \/ Yoast SEO plugin. -->","yoast_head_json":{"title":"Keskkonnainvesteeringute keskuse toetusega projektid - Gren Eesti","robots":{"index":"index","follow":"follow","max-snippet":"max-snippet:-1","max-image-preview":"max-image-preview:large","max-video-preview":"max-video-preview:-1"},"canonical":"https:\/\/gren.com\/ee\/keskkonnainvesteeringute-keskuse-toetusega-projektid\/","og_locale":"en_US","og_type":"article","og_title":"Keskkonnainvesteeringute keskuse toetusega projektid - Gren Eesti","og_url":"https:\/\/gren.com\/ee\/keskkonnainvesteeringute-keskuse-toetusega-projektid\/","og_site_name":"Gren Eesti","article_modified_time":"2025-07-24T07:12:21+00:00","twitter_card":"summary_large_image","twitter_misc":{"Est. reading time":"2 minutes"},"schema":{"@context":"https:\/\/schema.org","@graph":[{"@type":"WebPage","@id":"https:\/\/gren.com\/ee\/keskkonnainvesteeringute-keskuse-toetusega-projektid\/","url":"https:\/\/gren.com\/ee\/keskkonnainvesteeringute-keskuse-toetusega-projektid\/","name":"Keskkonnainvesteeringute keskuse toetusega projektid - Gren Eesti","isPartOf":{"@id":"https:\/\/gren.com\/ee\/#website"},"datePublished":"2024-12-16T13:17:54+00:00","dateModified":"2025-07-24T07:12:21+00:00","breadcrumb":{"@id":"https:\/\/gren.com\/ee\/keskkonnainvesteeringute-keskuse-toetusega-projektid\/#breadcrumb"},"inLanguage":"en-US","potentialAction":[{"@type":"ReadAction","target":["https:\/\/gren.com\/ee\/keskkonnainvesteeringute-keskuse-toetusega-projektid\/"]}]},{"@type":"BreadcrumbList","@id":"https:\/\/gren.com\/ee\/keskkonnainvesteeringute-keskuse-toetusega-projektid\/#breadcrumb","itemListElement":[{"@type":"ListItem","position":1,"name":"Home","item":"https:\/\/gren.com\/ee\/"},{"@type":"ListItem","position":2,"name":"Keskkonnainvesteeringute keskuse toetusega projektid"}]},{"@type":"WebSite","@id":"https:\/\/gren.com\/ee\/#website","url":"https:\/\/gren.com\/ee\/","name":"Gren Eesti","description":"Me oleme rohelise energia ettev\u00f5te","potentialAction":[{"@type":"SearchAction","target":{"@type":"EntryPoint","urlTemplate":"https:\/\/gren.com\/ee\/?s={search_term_string}"},"query-input":{"@type":"PropertyValueSpecification","valueRequired":true,"valueName":"search_term_string"}}],"inLanguage":"en-US"}]}},"_links":{"self":[{"href":"https:\/\/gren.com\/ee\/wp-json\/wp\/v2\/pages\/15080","targetHints":{"allow":["GET"]}}],"collection":[{"href":"https:\/\/gren.com\/ee\/wp-json\/wp\/v2\/pages"}],"about":[{"href":"https:\/\/gren.com\/ee\/wp-json\/wp\/v2\/types\/page"}],"author":[{"embeddable":true,"href":"https:\/\/gren.com\/ee\/wp-json\/wp\/v2\/users\/22"}],"replies":[{"embeddable":true,"href":"https:\/\/gren.com\/ee\/wp-json\/wp\/v2\/comments?post=15080"}],"version-history":[{"count":24,"href":"https:\/\/gren.com\/ee\/wp-json\/wp\/v2\/pages\/15080\/revisions"}],"predecessor-version":[{"id":16427,"href":"https:\/\/gren.com\/ee\/wp-json\/wp\/v2\/pages\/15080\/revisions\/16427"}],"wp:attachment":[{"href":"https:\/\/gren.com\/ee\/wp-json\/wp\/v2\/media?parent=15080"}],"curies":[{"name":"wp","href":"https:\/\/api.w.org\/{rel}","templated":true}]}}