{"id":15526,"date":"2025-02-21T17:00:23","date_gmt":"2025-02-21T15:00:23","guid":{"rendered":"https:\/\/gren.com\/ee\/?page_id=15526"},"modified":"2025-06-20T10:34:01","modified_gmt":"2025-06-20T07:34:01","slug":"karjaarilugu-janely-rohumagi","status":"publish","type":"page","link":"https:\/\/gren.com\/ee\/karjaarilugu-janely-rohumagi\/","title":{"rendered":"Karj\u00e4\u00e4rilugu: Janely Rohum\u00e4gi"},"content":{"rendered":"<style type=\"text\/css\">.page-hero{padding:140px 0 30px;position:relative}.page-hero-content{max-width:300px}.page-hero h4,.page-hero p{font-size:16px;font-weight:400;line-height:24px}.page-hero .date{margin-top:24px;color:#fff;font-size:20px}.page-hero-video-wrap{position:absolute;top:0;left:0;width:100%;height:100%;z-index:-1;overflow:hidden}.page-hero-video{width:100%;height:100%;object-fit:cover}@media(min-width: 576px){.page-hero-content{max-width:850px}}@media(min-width: 992px){.page-hero{padding:210px 0 64px}.page-hero h4,.page-hero p{font-size:24px;line-height:30px}}\n\n\/*# sourceMappingURL=block-page-hero.min.css.map*\/<\/style><section id=\"page-hero-block_84cff86a34e4b06a659d50189174cb98\" class=\"block page-hero\" style=\"background: url(https:\/\/grenweb01.blob.core.windows.net\/gren-web-prod\/sites\/4\/2024\/09\/image-66d99e878f623.jpg) no-repeat center\/cover\">\n\t<div class=\"container\"  data-block-animate>\n\t\t\t\t\t<div class=\"page-hero-content text-wrap\"  data-animate-part>\n\t\t\t\t<h1><span style=\"color: #ffffff\">Karj\u00e4\u00e4rilugu: Janely Rohum\u00e4gi<\/span><\/h1>\n\n                \t\t\t<\/div>\n\t\t\t<\/div>\n<\/section>\n\n<style type=\"text\/css\">.full-width-written-content p>a{font-weight:700}\n\n\/*# sourceMappingURL=block-full-width-written-content.min.css.map*\/<\/style><section id=\"full-width-written-content-block_7b3904056961b9937f637b07669b3182\" class=\"block full-width-written-content\">\n\t<div class=\"container\" data-block-animate>\n\t\t<div class=\"text-wrap\" data-animate-part><p>Janely Rohum\u00e4gi teadis juba Tallinna Reaalkooli g\u00fcmnasistina, et seob oma karj\u00e4\u00e4ri energeetikaga. G\u00fcmnaasiumis tehtud uurimist\u00f6\u00f6 pealkirjaga \u201eTuumaenergeetika Eestis \u2013 kas poolt v\u00f5i vastu?\u201c \u00e4ratas valdkonna vastu niiv\u00f5rd suure huvi, et otsus Tallinna Tehnika\u00fclikooli soojusenergeetikat \u00f5ppima minna oli raudkindel. Muid valikuid ei olnud \u00fcldse laual. Ta oli t\u00e4iesti veendunud, et saab valitud erialale sisse ja temast saab energeetikainsener. Nii ka l\u00e4ks.<\/p>\n<p>\u201eN\u00fc\u00fcd olengi k\u00f5rgharitud torumees,\u201c muigab Janely. Tegelikult on tal n\u00fc\u00fcdseks Tallinna Tehnika\u00fclikooli magistrikraad inseneerias ja lisaks on ta ka \u00fcks Eesti v\u00e4heseid k\u00f5rgeima ehk 8. kutsetasemega volitatud soojusenergeetika insener spetsialiseerumisega kaugk\u00fctte- ja kaugjahutustorustikele. Selgituseks \u2013 ka soojusenergeetikutel on oma kutsestandard, mis kohustab iga viie aasta tagant oma kutset Eesti Soojustehnikainseneride Seltsis uuesti t\u00f5endama. Selleks, et kutse s\u00e4iliks, tuleb viie aasta jooksul insenerina t\u00f6\u00f6tada ning l\u00e4bida ka 100 t\u00e4iend\u00f5ppepunkti mahus koolitusi.<\/p>\n<\/div>\t<\/div>\n<\/section>\n\n<style type=\"text\/css\">.two-column-content{position:relative;padding:48px 0 0;overflow-y:hidden}.two-column-content.bg-dark-green,.two-column-content.bg-dark-red{color:#fff}.two-column-content .img-wrap,.two-column-content .text-wrap{width:100%}.two-column-content .block-background-image img{position:absolute;width:100%;height:100%;object-position:center;object-fit:cover;top:0;left:0}.two-column-content .container{position:relative}.two-column-content .text-wrap{padding:0 16px}.two-column-content .text-wrap ul li{font-size:16px}.two-column-content .text-wrap p>a{font-weight:700;position:relative;transition:all ease-in-out .3s;margin-top:50px;display:inline-block}.two-column-content .text-wrap p>a:active{color:#9cbbba !important}.two-column-content .text-inner{padding:24px 16px;border-radius:4px}.two-column-content .text-inner .btn{display:inline-block}.two-column-content .img-wrap{position:relative;height:100%}.two-column-content .img-wrap img{object-fit:contain;object-position:top;width:100%;height:100%}.two-column-content .with-image .right-col p{opacity:.6;margin:12px 0 0}.two-column-content .right-col img{width:100%}@media(max-width: 767.98px){.two-column-content .container{padding:0}.two-column-content .text-wrap{margin:24px 0}.two-column-content .with-image .right-col{order:1}.two-column-content .with-image .left-col{order:2}.two-column-content.reversed .left-col{order:2 !important}.two-column-content.reversed .right-col{order:1 !important}}@media(min-width: 768px){.two-column-content{padding:32px 0}.two-column-content .img-wrap img{max-height:500px}.two-column-content .only-text .left-col .text-wrap{padding-right:28px !important}.two-column-content .only-text .right-col .text-wrap{padding-left:28px}.two-column-content:not(.reversed) .left-col .text-wrap{padding-right:64px}.two-column-content.reversed .left-col{order:2 !important}.two-column-content.reversed .left-col .text-wrap{padding-left:64px}.two-column-content.reversed .right-col{order:1 !important}}@media(min-width: 992px){.two-column-content .row.with-image .right-col{order:unset}.two-column-content .row.with-image .left-col{order:unset}.two-column-content .text-wrap{justify-self:start}.two-column-content .text-wrap p>a{margin-top:0}.two-column-content .text-wrap p>a:hover{color:#e8412c}.two-column-content.align-middle .col-6{display:flex;align-items:center}.two-column-content.align-bottom .col-6{display:flex;align-items:end}}\n\n\/*# sourceMappingURL=block-two-column-content.min.css.map*\/<\/style><section id=\"two-column-content-block_84f36cd81b26fe8c483784fd074f9352\" class=\"block two-column-content bg-primary\" data-menu-target>\n        <div class=\"container\" data-block-animate>\n        <div class=\"row g-0 with-image\">\n            <div class=\"col-12 col-md-6 left-col\" data-animate-part>\n                <div class=\"text-wrap\"><div class=\"text-inner\" style=\"\"><h3><span style=\"color: #ffffff\">Janely Rohum\u00e4gi, <\/span><\/h3>\n<h3><span style=\"color: #ffffff\">v\u00f5rguinsener P\u00e4rnus<\/span><\/h3>\n<\/div><\/div>\n            <\/div><!--\/.col-->\n            <div class=\"col-12 col-md-6 right-col\" data-animate-part>\n                <div class=\"img-wrap\"><img loading=\"lazy\" decoding=\"async\" width=\"1024\" height=\"768\" src=\"https:\/\/grenweb01.blob.core.windows.net\/gren-web-prod\/sites\/4\/2025\/02\/Janely2-1024x768.jpg\" class=\"attachment-large size-large\" alt=\"\" srcset=\"https:\/\/grenweb01.blob.core.windows.net\/gren-web-prod\/sites\/4\/2025\/02\/Janely2-1024x768.jpg 1024w, https:\/\/grenweb01.blob.core.windows.net\/gren-web-prod\/sites\/4\/2025\/02\/Janely2-300x225.jpg 300w, https:\/\/grenweb01.blob.core.windows.net\/gren-web-prod\/sites\/4\/2025\/02\/Janely2-768x576.jpg 768w, https:\/\/grenweb01.blob.core.windows.net\/gren-web-prod\/sites\/4\/2025\/02\/Janely2-1536x1152.jpg 1536w, https:\/\/grenweb01.blob.core.windows.net\/gren-web-prod\/sites\/4\/2025\/02\/Janely2-2048x1536.jpg 2048w\" sizes=\"auto, (max-width: 1024px) 100vw, 1024px\" \/><\/div>            <\/div><!--\/.col-->\n        <\/div>\n    <\/div>\n<\/section>\n\n<section id=\"full-width-written-content-block_d594eba65416f3786873a6b066890062\" class=\"block full-width-written-content\">\n\t<div class=\"container\" data-block-animate>\n\t\t<div class=\"text-wrap\" data-animate-part><p>Janely \u00fctleb, et selleks, et kuhugi j\u00f5uda, tuleb ise h\u00e4rjal sarvist haarata ja v\u00f5imalusi luua. Ka Greni t\u00f6\u00f6le sattus ta nii, et lihtsalt v\u00f5ttis k\u00e4tte ja kirjutas Greni personalijuhile ning pakkus end s\u00fcnnilinna P\u00e4rnusse t\u00f6\u00f6le.<\/p>\n<p>Janely t\u00f6\u00f6tab P\u00e4rnu kaugk\u00fctte v\u00f5rguosakonnas ning suurema osa t\u00f6\u00f6ajast tegeleb ta praegu kaugk\u00fcttetorustike projektidega. Tema igap\u00e4evaseks t\u00f6\u00f6vahendiks lisaks kontoriprogrammidele on ka joonestusprogramm AutoCAD ning kaartide ja geograafilise informatsiooniga t\u00f6\u00f6tamise s\u00fcsteem ArcGIS. Kuid v\u00f5rguinsenerina tuleb tal aegajalt \u00fcle vaadata ka teiste tehnov\u00f5rkude, n\u00e4iteks vee- ja kanalisatsioonitorude ning elektri- v\u00f5i siderajatiste projekte. Ta koostab ka projekteerimistingimusi ja korraldab erinevaid hankeid. Aastate jooksul on tal endal \u00f5nnestunud projekteerida ligi 29 kilomeetrit kaugk\u00fcttetorustikke, millest suurem osa asuvad P\u00e4rnus. Kui v\u00f5tta arvesse asjaolu, et P\u00e4rnu linna kaugk\u00fcttev\u00f5rgu pikkus on 108 kilomeetrit, polegi see 29 nii v\u00e4ike number kui esialgu tunduda v\u00f5iks.<\/p>\n<p>Tulles tagasi 2024. aasta inspireerivaima kolleegi tiitli juurde, mille Janely loomulikult endale sai, kirjeldatakse teda kui innovaatilist t\u00f6\u00f6kaaslast, kes teeb rohkem kui tema t\u00f6\u00f6 seda n\u00f5uab. N\u00e4iteks aitas ta korraldada ning osales aktiivselt P\u00e4rnu kriisip\u00e4eval, k\u00e4is P\u00e4rnu Kutsehariduskeskuses, P\u00e4rnu Koidula G\u00fcmnaasiumis ning Enerhacki t\u00fcdrukutele m\u00f5eldud laagris soojusenergeetika inseneri t\u00f6\u00f6st r\u00e4\u00e4kimas. Lisaks valiti ta ka Greni P\u00e4rnus asuva kontori t\u00f6\u00f6keskkonnavolinikuks.<\/p>\n<p>Mis v\u00f5i kes Janelyt ennast inspireerivad? Janely s\u00f5nul inspireeris teda nooremana f\u00fc\u00fcsik ja keemik Marie Curie, ja mitte ainult sellep\u00e4rast, et ta naisteadlasena niiv\u00f5rd kaugele j\u00f5udis, vaid ikka seet\u00f5ttu, millega ta tegeles \u2013 tuumaenergeetika oli ka Janely esimene kokkupuude valdkonnaga. Ta ise ammutab j\u00f5udu liikumisest, n\u00e4iteks teeb ta mitu korda n\u00e4dalas Team Alinationiga HIIT- ja j\u00f5utrenni ning m\u00e4ngib Greni kolleegidega neljap\u00e4eva\u00f5htuti v\u00f5rkpalli. Teda inspireerib ka see, kui ta on saanud kedagi teist soojusenergeetikast vaimustuma panna. N\u00e4iteks k\u00e4is ta juba \u00fclikoolis \u00f5ppimise ajal g\u00fcmnaasiumiealistele r\u00e4\u00e4kimas, kui \u00e4geda erialaga on tegemist ning m\u00e4letab selgesti, kui hea tunne see oli, kui aastaid hiljem teada sai, et \u00fcks noormees, kes oli teda kuulamas k\u00e4inud, l\u00e4kski hiljem just seet\u00f5ttu \u00fclikooli energeetikat \u00f5ppima ning on t\u00e4naseks v\u00e4ga tugev oma ala ekspert.<\/p>\n<p>\u201eT\u00f6\u00f6p\u00f5ld energeetikas, ja eelk\u00f5ige soojusenergeetikas, on meeletult lai!,\u201c \u00fctleb Janely. \u201eMe ei m\u00f5tle sellele igap\u00e4evaselt, aga p\u00f5hjamaades, kus meiegi elame, on soojuseenergia osakaal kogu energiatarbimisest v\u00e4ga suur. Euroopa Liidu statistika kohaselt moodustab ruumide k\u00fctmine majapidamiste kogu energiatarbimisest ligi 70 protsenti. Vajadus soojusenergia j\u00e4rele ei kao seega kuhugi ja valdkond on tohutus arengus,\u201c lisab ta.<\/p>\n<p>Janely s\u00f5nul toimub energiamajanduses kogu aeg niiv\u00f5rd palju uut ja p\u00f5nevat \u2013 kliimaneutraalsete lahenduste juurutamisest erinevate energiaallikate liitmisteni. Energiahinnad, julgeoluriskid energeetikas, erinevate tehnoloogiate ja k\u00fctuste efektiivsus ning nende tekitatud kliimajalaj\u00e4lg on olnud ja j\u00e4\u00e4vad ka edaspidi aktuaalseteks ja olulisteks teemadeks. Ta on t\u00e4iesti veendunud, et energeetika on uus IT ja seda eriala tasub kindlasti \u00f5ppida.<\/p>\n<\/div>\t<\/div>\n<\/section>","protected":false},"excerpt":{"rendered":"","protected":false},"author":22,"featured_media":14252,"parent":0,"menu_order":0,"comment_status":"closed","ping_status":"closed","template":"","meta":{"_acf_changed":false,"footnotes":""},"class_list":["post-15526","page","type-page","status-publish","has-post-thumbnail","hentry"],"acf":[],"yoast_head":"<!-- This site is optimized with the Yoast SEO plugin v26.8 - https:\/\/yoast.com\/product\/yoast-seo-wordpress\/ -->\n<title>Karj\u00e4\u00e4rilugu: Janely Rohum\u00e4gi - Gren Eesti<\/title>\n<meta name=\"robots\" content=\"index, follow, max-snippet:-1, max-image-preview:large, max-video-preview:-1\" \/>\n<link rel=\"canonical\" href=\"https:\/\/gren.com\/ee\/karjaarilugu-janely-rohumagi\/\" \/>\n<meta property=\"og:locale\" content=\"en_US\" \/>\n<meta property=\"og:type\" content=\"article\" \/>\n<meta property=\"og:title\" content=\"Karj\u00e4\u00e4rilugu: Janely Rohum\u00e4gi - Gren Eesti\" \/>\n<meta property=\"og:url\" content=\"https:\/\/gren.com\/ee\/karjaarilugu-janely-rohumagi\/\" \/>\n<meta property=\"og:site_name\" content=\"Gren Eesti\" \/>\n<meta property=\"article:modified_time\" content=\"2025-06-20T07:34:01+00:00\" \/>\n<meta property=\"og:image\" content=\"https:\/\/grenweb01.blob.core.windows.net\/gren-web-prod\/sites\/4\/2024\/09\/image-66d99e878f623.jpg\" \/>\n\t<meta property=\"og:image:width\" content=\"1512\" \/>\n\t<meta property=\"og:image:height\" content=\"400\" \/>\n\t<meta property=\"og:image:type\" content=\"image\/jpeg\" \/>\n<meta name=\"twitter:card\" content=\"summary_large_image\" \/>\n<meta name=\"twitter:label1\" content=\"Est. reading time\" \/>\n\t<meta name=\"twitter:data1\" content=\"3 minutes\" \/>\n<script type=\"application\/ld+json\" class=\"yoast-schema-graph\">{\"@context\":\"https:\/\/schema.org\",\"@graph\":[{\"@type\":\"WebPage\",\"@id\":\"https:\/\/gren.com\/ee\/karjaarilugu-janely-rohumagi\/\",\"url\":\"https:\/\/gren.com\/ee\/karjaarilugu-janely-rohumagi\/\",\"name\":\"Karj\u00e4\u00e4rilugu: Janely Rohum\u00e4gi - Gren Eesti\",\"isPartOf\":{\"@id\":\"https:\/\/gren.com\/ee\/#website\"},\"primaryImageOfPage\":{\"@id\":\"https:\/\/gren.com\/ee\/karjaarilugu-janely-rohumagi\/#primaryimage\"},\"image\":{\"@id\":\"https:\/\/gren.com\/ee\/karjaarilugu-janely-rohumagi\/#primaryimage\"},\"thumbnailUrl\":\"https:\/\/grenweb01.blob.core.windows.net\/gren-web-prod\/sites\/4\/2024\/09\/image-66d99e878f623.jpg\",\"datePublished\":\"2025-02-21T15:00:23+00:00\",\"dateModified\":\"2025-06-20T07:34:01+00:00\",\"breadcrumb\":{\"@id\":\"https:\/\/gren.com\/ee\/karjaarilugu-janely-rohumagi\/#breadcrumb\"},\"inLanguage\":\"en-US\",\"potentialAction\":[{\"@type\":\"ReadAction\",\"target\":[\"https:\/\/gren.com\/ee\/karjaarilugu-janely-rohumagi\/\"]}]},{\"@type\":\"ImageObject\",\"inLanguage\":\"en-US\",\"@id\":\"https:\/\/gren.com\/ee\/karjaarilugu-janely-rohumagi\/#primaryimage\",\"url\":\"https:\/\/grenweb01.blob.core.windows.net\/gren-web-prod\/sites\/4\/2024\/09\/image-66d99e878f623.jpg\",\"contentUrl\":\"https:\/\/grenweb01.blob.core.windows.net\/gren-web-prod\/sites\/4\/2024\/09\/image-66d99e878f623.jpg\",\"width\":1512,\"height\":400},{\"@type\":\"BreadcrumbList\",\"@id\":\"https:\/\/gren.com\/ee\/karjaarilugu-janely-rohumagi\/#breadcrumb\",\"itemListElement\":[{\"@type\":\"ListItem\",\"position\":1,\"name\":\"Home\",\"item\":\"https:\/\/gren.com\/ee\/\"},{\"@type\":\"ListItem\",\"position\":2,\"name\":\"Karj\u00e4\u00e4rilugu: Janely Rohum\u00e4gi\"}]},{\"@type\":\"WebSite\",\"@id\":\"https:\/\/gren.com\/ee\/#website\",\"url\":\"https:\/\/gren.com\/ee\/\",\"name\":\"Gren Eesti\",\"description\":\"Me oleme rohelise energia ettev\u00f5te\",\"potentialAction\":[{\"@type\":\"SearchAction\",\"target\":{\"@type\":\"EntryPoint\",\"urlTemplate\":\"https:\/\/gren.com\/ee\/?s={search_term_string}\"},\"query-input\":{\"@type\":\"PropertyValueSpecification\",\"valueRequired\":true,\"valueName\":\"search_term_string\"}}],\"inLanguage\":\"en-US\"}]}<\/script>\n<!-- \/ Yoast SEO plugin. -->","yoast_head_json":{"title":"Karj\u00e4\u00e4rilugu: Janely Rohum\u00e4gi - Gren Eesti","robots":{"index":"index","follow":"follow","max-snippet":"max-snippet:-1","max-image-preview":"max-image-preview:large","max-video-preview":"max-video-preview:-1"},"canonical":"https:\/\/gren.com\/ee\/karjaarilugu-janely-rohumagi\/","og_locale":"en_US","og_type":"article","og_title":"Karj\u00e4\u00e4rilugu: Janely Rohum\u00e4gi - Gren Eesti","og_url":"https:\/\/gren.com\/ee\/karjaarilugu-janely-rohumagi\/","og_site_name":"Gren Eesti","article_modified_time":"2025-06-20T07:34:01+00:00","og_image":[{"width":1512,"height":400,"url":"https:\/\/grenweb01.blob.core.windows.net\/gren-web-prod\/sites\/4\/2024\/09\/image-66d99e878f623.jpg","type":"image\/jpeg"}],"twitter_card":"summary_large_image","twitter_misc":{"Est. reading time":"3 minutes"},"schema":{"@context":"https:\/\/schema.org","@graph":[{"@type":"WebPage","@id":"https:\/\/gren.com\/ee\/karjaarilugu-janely-rohumagi\/","url":"https:\/\/gren.com\/ee\/karjaarilugu-janely-rohumagi\/","name":"Karj\u00e4\u00e4rilugu: Janely Rohum\u00e4gi - Gren Eesti","isPartOf":{"@id":"https:\/\/gren.com\/ee\/#website"},"primaryImageOfPage":{"@id":"https:\/\/gren.com\/ee\/karjaarilugu-janely-rohumagi\/#primaryimage"},"image":{"@id":"https:\/\/gren.com\/ee\/karjaarilugu-janely-rohumagi\/#primaryimage"},"thumbnailUrl":"https:\/\/grenweb01.blob.core.windows.net\/gren-web-prod\/sites\/4\/2024\/09\/image-66d99e878f623.jpg","datePublished":"2025-02-21T15:00:23+00:00","dateModified":"2025-06-20T07:34:01+00:00","breadcrumb":{"@id":"https:\/\/gren.com\/ee\/karjaarilugu-janely-rohumagi\/#breadcrumb"},"inLanguage":"en-US","potentialAction":[{"@type":"ReadAction","target":["https:\/\/gren.com\/ee\/karjaarilugu-janely-rohumagi\/"]}]},{"@type":"ImageObject","inLanguage":"en-US","@id":"https:\/\/gren.com\/ee\/karjaarilugu-janely-rohumagi\/#primaryimage","url":"https:\/\/grenweb01.blob.core.windows.net\/gren-web-prod\/sites\/4\/2024\/09\/image-66d99e878f623.jpg","contentUrl":"https:\/\/grenweb01.blob.core.windows.net\/gren-web-prod\/sites\/4\/2024\/09\/image-66d99e878f623.jpg","width":1512,"height":400},{"@type":"BreadcrumbList","@id":"https:\/\/gren.com\/ee\/karjaarilugu-janely-rohumagi\/#breadcrumb","itemListElement":[{"@type":"ListItem","position":1,"name":"Home","item":"https:\/\/gren.com\/ee\/"},{"@type":"ListItem","position":2,"name":"Karj\u00e4\u00e4rilugu: Janely Rohum\u00e4gi"}]},{"@type":"WebSite","@id":"https:\/\/gren.com\/ee\/#website","url":"https:\/\/gren.com\/ee\/","name":"Gren Eesti","description":"Me oleme rohelise energia ettev\u00f5te","potentialAction":[{"@type":"SearchAction","target":{"@type":"EntryPoint","urlTemplate":"https:\/\/gren.com\/ee\/?s={search_term_string}"},"query-input":{"@type":"PropertyValueSpecification","valueRequired":true,"valueName":"search_term_string"}}],"inLanguage":"en-US"}]}},"_links":{"self":[{"href":"https:\/\/gren.com\/ee\/wp-json\/wp\/v2\/pages\/15526","targetHints":{"allow":["GET"]}}],"collection":[{"href":"https:\/\/gren.com\/ee\/wp-json\/wp\/v2\/pages"}],"about":[{"href":"https:\/\/gren.com\/ee\/wp-json\/wp\/v2\/types\/page"}],"author":[{"embeddable":true,"href":"https:\/\/gren.com\/ee\/wp-json\/wp\/v2\/users\/22"}],"replies":[{"embeddable":true,"href":"https:\/\/gren.com\/ee\/wp-json\/wp\/v2\/comments?post=15526"}],"version-history":[{"count":10,"href":"https:\/\/gren.com\/ee\/wp-json\/wp\/v2\/pages\/15526\/revisions"}],"predecessor-version":[{"id":15550,"href":"https:\/\/gren.com\/ee\/wp-json\/wp\/v2\/pages\/15526\/revisions\/15550"}],"wp:featuredmedia":[{"embeddable":true,"href":"https:\/\/gren.com\/ee\/wp-json\/wp\/v2\/media\/14252"}],"wp:attachment":[{"href":"https:\/\/gren.com\/ee\/wp-json\/wp\/v2\/media?parent=15526"}],"curies":[{"name":"wp","href":"https:\/\/api.w.org\/{rel}","templated":true}]}}