{"id":15615,"date":"2025-02-27T15:31:38","date_gmt":"2025-02-27T13:31:38","guid":{"rendered":"https:\/\/gren.com\/ee\/?page_id=15615"},"modified":"2026-02-27T13:10:22","modified_gmt":"2026-02-27T11:10:22","slug":"jahutuse-tootmise-naitajad","status":"publish","type":"page","link":"https:\/\/gren.com\/ee\/jahutuse-tootmise-naitajad\/","title":{"rendered":"Jahutuse tootmise n\u00e4itajad"},"content":{"rendered":"<style type=\"text\/css\">.page-hero{padding:140px 0 30px;position:relative}.page-hero-content{max-width:300px}.page-hero h4,.page-hero p{font-size:16px;font-weight:400;line-height:24px}.page-hero .date{margin-top:24px;color:#fff;font-size:20px}.page-hero-video-wrap{position:absolute;top:0;left:0;width:100%;height:100%;z-index:-1;overflow:hidden}.page-hero-video{width:100%;height:100%;object-fit:cover}@media(min-width: 576px){.page-hero-content{max-width:850px}}@media(min-width: 992px){.page-hero{padding:210px 0 64px}.page-hero h4,.page-hero p{font-size:24px;line-height:30px}}\n\n\/*# sourceMappingURL=block-page-hero.min.css.map*\/<\/style><section id=\"page-hero-block_0404328af094c891b2ab01d84f8fd479\" class=\"block page-hero\" style=\"background: url(https:\/\/grenweb01.blob.core.windows.net\/gren-web-prod\/sites\/4\/2024\/01\/Gren-Still-02-16-9-V2-scaled-1.jpg) no-repeat center\/cover\">\n\t<div class=\"container\"  data-block-animate>\n\t\t\t\t\t<div class=\"page-hero-content text-wrap\"  data-animate-part>\n\t\t\t\t<h1>Jahutuse tootmise n\u00e4itajad<\/h1>\n\n                \t\t\t<\/div>\n\t\t\t<\/div>\n<\/section>\n\n<style type=\"text\/css\">.two-column-content{position:relative;padding:48px 0 0;overflow-y:hidden}.two-column-content.bg-dark-green,.two-column-content.bg-dark-red{color:#fff}.two-column-content .img-wrap,.two-column-content .text-wrap{width:100%}.two-column-content .block-background-image img{position:absolute;width:100%;height:100%;object-position:center;object-fit:cover;top:0;left:0}.two-column-content .container{position:relative}.two-column-content .text-wrap{padding:0 16px}.two-column-content .text-wrap ul li{font-size:16px}.two-column-content .text-wrap p>a{font-weight:700;position:relative;transition:all ease-in-out .3s;margin-top:50px;display:inline-block}.two-column-content .text-wrap p>a:active{color:#9cbbba !important}.two-column-content .text-inner{padding:24px 16px;border-radius:4px}.two-column-content .text-inner .btn{display:inline-block}.two-column-content .img-wrap{position:relative;height:100%}.two-column-content .img-wrap img{object-fit:contain;object-position:top;width:100%;height:100%}.two-column-content .with-image .right-col p{opacity:.6;margin:12px 0 0}.two-column-content .right-col img{width:100%}@media(max-width: 767.98px){.two-column-content .container{padding:0}.two-column-content .text-wrap{margin:24px 0}.two-column-content .with-image .right-col{order:1}.two-column-content .with-image .left-col{order:2}.two-column-content.reversed .left-col{order:2 !important}.two-column-content.reversed .right-col{order:1 !important}}@media(min-width: 768px){.two-column-content{padding:32px 0}.two-column-content .img-wrap img{max-height:500px}.two-column-content .only-text .left-col .text-wrap{padding-right:28px !important}.two-column-content .only-text .right-col .text-wrap{padding-left:28px}.two-column-content:not(.reversed) .left-col .text-wrap{padding-right:64px}.two-column-content.reversed .left-col{order:2 !important}.two-column-content.reversed .left-col .text-wrap{padding-left:64px}.two-column-content.reversed .right-col{order:1 !important}}@media(min-width: 992px){.two-column-content .row.with-image .right-col{order:unset}.two-column-content .row.with-image .left-col{order:unset}.two-column-content .text-wrap{justify-self:start}.two-column-content .text-wrap p>a{margin-top:0}.two-column-content .text-wrap p>a:hover{color:#e8412c}.two-column-content.align-middle .col-6{display:flex;align-items:center}.two-column-content.align-bottom .col-6{display:flex;align-items:end}}\n\n\/*# sourceMappingURL=block-two-column-content.min.css.map*\/<\/style><section id=\"two-column-content-block_602636634583176732c4b8f96474cc07\" class=\"block two-column-content bg-white\" data-menu-target>\n        <div class=\"container\" data-block-animate>\n        <div class=\"row g-0 only-text\">\n            <div class=\"col-12 col-md-6 left-col\" data-animate-part>\n                <div class=\"text-wrap\"><div class=\"text-inner\" style=\"\"><h3>Kaugjahutus P\u00e4rnus<\/h3>\n<p>Gren Eesti P\u00e4rnu kesklinnas asuv 2019. aastal avatud kaugjahutusjaam kasutab loodusliku jahutusallikana P\u00e4rnu j\u00f5e vett. 2025. aastal P\u00e4rnu kaugjahutuse tootmiseks kasutatud elekter oli 100% <a href=\"https:\/\/grenweb01.blob.core.windows.net\/gren-web-prod\/sites\/4\/2026\/02\/RV_Gren-Eesti-AS_Parnu_2025_print.pdf\">sertifitseeritud roheenergia<\/a>, millest 92% p\u00e4rineb biomassist ning 8% p\u00e4ikesest.<\/p>\n<p>Gren Eesti P\u00e4rnu kaugjahutuse kasvuhoonegaaside heite n\u00e4itaja oli 2025.a 0,077 gCO2ekv\/kWh.*<\/p>\n<p><em>*Tegemist ei ole s\u00f5ltumatut auditeerimist l\u00e4binud andmetega. Eriheide on leitud jahutuse tootmiseks kulunud elektrienergiakulu tootmise ja k\u00fclmaainekulu CO2ekv heite alusel.<\/em><\/p>\n<p>&nbsp;<\/p>\n<\/div><\/div>\n            <\/div><!--\/.col-->\n            <div class=\"col-12 col-md-6 right-col\" data-animate-part>\n                <div class=\"text-wrap\"><div class=\"text-inner\" style=\"\"><h3>Kaugjahutus Tartus<\/h3>\n<p>Tartu linnas on Grenil kaugjahutuse jaamad kesklinnas ning Aardlas. Lisaks varustatakse jahutusega ka Eesti Rahva Muuseumi. Osaliselt kasutatakse tootmiseks loodusliku jahutusressursina jahedat j\u00f5evett. 2025. aastal Tartu kaugjahutuse tootmiseks kasutatud elekter oli 100% <a href=\"https:\/\/grenweb01.blob.core.windows.net\/gren-web-prod\/sites\/4\/2026\/02\/RV_Gren-Tartu-AS_kaugjahutus_2025_print.pdf\">sertifitseeritud roheenergia<\/a>, millest 98% p\u00e4rineb biomassist ning 2% p\u00e4ikesest.<\/p>\n<p>Gren Tartu kaugjahutuse kasvuhoonegaaside heite n\u00e4itaja oli 2025.a 0,045 gCO2ekv\/kWh.*<\/p>\n<p><em>*Tegemist ei ole s\u00f5ltumatut auditeerimist l\u00e4binud andmetega. Eriheide on leitud jahutuse tootmiseks kulunud elektrienergiakulu tootmise ja k\u00fclmaainekulu CO2ekv heite alusel.<\/em><\/p>\n<p>Tartu kaugjahutuss\u00fcsteemi on tunnustatud t\u00f5husa kaugjahutuse m\u00e4rgisega. M\u00e4rgis omistatakse s\u00fcsteemile, milles, l\u00e4htudes Euroopa Liidu energiat\u00f5hususe direktiivis 2012\/27\/EL s\u00e4testatust.\u00a0Loe m\u00e4rgisest l\u00e4hemalt <a href=\"https:\/\/epha.ee\/tohus-energia\/\">Eesti J\u00f5ujaamade ja Kaugk\u00fctte \u00dchingu lehelt.<\/a><\/p>\n<p><img loading=\"lazy\" decoding=\"async\" class=\"aligncenter\" src=\"https:\/\/grenweb01.blob.core.windows.net\/gren-web-prod\/2022\/02\/kaugjahutus_tartu-1024x1024.png\" alt=\"\" width=\"578\" height=\"578\" \/><\/p>\n<\/div><\/div>            <\/div><!--\/.col-->\n        <\/div>\n    <\/div>\n<\/section>","protected":false},"excerpt":{"rendered":"","protected":false},"author":22,"featured_media":0,"parent":0,"menu_order":0,"comment_status":"closed","ping_status":"closed","template":"","meta":{"_acf_changed":false,"footnotes":""},"class_list":["post-15615","page","type-page","status-publish","hentry"],"acf":[],"yoast_head":"<!-- This site is optimized with the Yoast SEO plugin v26.8 - https:\/\/yoast.com\/product\/yoast-seo-wordpress\/ -->\n<title>Jahutuse tootmise n\u00e4itajad - Gren Eesti<\/title>\n<meta name=\"robots\" content=\"index, follow, max-snippet:-1, max-image-preview:large, max-video-preview:-1\" \/>\n<link rel=\"canonical\" href=\"https:\/\/gren.com\/ee\/jahutuse-tootmise-naitajad\/\" \/>\n<meta property=\"og:locale\" content=\"en_US\" \/>\n<meta property=\"og:type\" content=\"article\" \/>\n<meta property=\"og:title\" content=\"Jahutuse tootmise n\u00e4itajad - Gren Eesti\" \/>\n<meta property=\"og:url\" content=\"https:\/\/gren.com\/ee\/jahutuse-tootmise-naitajad\/\" \/>\n<meta property=\"og:site_name\" content=\"Gren Eesti\" \/>\n<meta property=\"article:modified_time\" content=\"2026-02-27T11:10:22+00:00\" \/>\n<meta name=\"twitter:card\" content=\"summary_large_image\" \/>\n<meta name=\"twitter:label1\" content=\"Est. reading time\" \/>\n\t<meta name=\"twitter:data1\" content=\"1 minute\" \/>\n<script type=\"application\/ld+json\" class=\"yoast-schema-graph\">{\"@context\":\"https:\/\/schema.org\",\"@graph\":[{\"@type\":\"WebPage\",\"@id\":\"https:\/\/gren.com\/ee\/jahutuse-tootmise-naitajad\/\",\"url\":\"https:\/\/gren.com\/ee\/jahutuse-tootmise-naitajad\/\",\"name\":\"Jahutuse tootmise n\u00e4itajad - Gren Eesti\",\"isPartOf\":{\"@id\":\"https:\/\/gren.com\/ee\/#website\"},\"datePublished\":\"2025-02-27T13:31:38+00:00\",\"dateModified\":\"2026-02-27T11:10:22+00:00\",\"breadcrumb\":{\"@id\":\"https:\/\/gren.com\/ee\/jahutuse-tootmise-naitajad\/#breadcrumb\"},\"inLanguage\":\"en-US\",\"potentialAction\":[{\"@type\":\"ReadAction\",\"target\":[\"https:\/\/gren.com\/ee\/jahutuse-tootmise-naitajad\/\"]}]},{\"@type\":\"BreadcrumbList\",\"@id\":\"https:\/\/gren.com\/ee\/jahutuse-tootmise-naitajad\/#breadcrumb\",\"itemListElement\":[{\"@type\":\"ListItem\",\"position\":1,\"name\":\"Home\",\"item\":\"https:\/\/gren.com\/ee\/\"},{\"@type\":\"ListItem\",\"position\":2,\"name\":\"Jahutuse tootmise n\u00e4itajad\"}]},{\"@type\":\"WebSite\",\"@id\":\"https:\/\/gren.com\/ee\/#website\",\"url\":\"https:\/\/gren.com\/ee\/\",\"name\":\"Gren Eesti\",\"description\":\"Me oleme rohelise energia ettev\u00f5te\",\"potentialAction\":[{\"@type\":\"SearchAction\",\"target\":{\"@type\":\"EntryPoint\",\"urlTemplate\":\"https:\/\/gren.com\/ee\/?s={search_term_string}\"},\"query-input\":{\"@type\":\"PropertyValueSpecification\",\"valueRequired\":true,\"valueName\":\"search_term_string\"}}],\"inLanguage\":\"en-US\"}]}<\/script>\n<!-- \/ Yoast SEO plugin. -->","yoast_head_json":{"title":"Jahutuse tootmise n\u00e4itajad - Gren Eesti","robots":{"index":"index","follow":"follow","max-snippet":"max-snippet:-1","max-image-preview":"max-image-preview:large","max-video-preview":"max-video-preview:-1"},"canonical":"https:\/\/gren.com\/ee\/jahutuse-tootmise-naitajad\/","og_locale":"en_US","og_type":"article","og_title":"Jahutuse tootmise n\u00e4itajad - Gren Eesti","og_url":"https:\/\/gren.com\/ee\/jahutuse-tootmise-naitajad\/","og_site_name":"Gren Eesti","article_modified_time":"2026-02-27T11:10:22+00:00","twitter_card":"summary_large_image","twitter_misc":{"Est. reading time":"1 minute"},"schema":{"@context":"https:\/\/schema.org","@graph":[{"@type":"WebPage","@id":"https:\/\/gren.com\/ee\/jahutuse-tootmise-naitajad\/","url":"https:\/\/gren.com\/ee\/jahutuse-tootmise-naitajad\/","name":"Jahutuse tootmise n\u00e4itajad - Gren Eesti","isPartOf":{"@id":"https:\/\/gren.com\/ee\/#website"},"datePublished":"2025-02-27T13:31:38+00:00","dateModified":"2026-02-27T11:10:22+00:00","breadcrumb":{"@id":"https:\/\/gren.com\/ee\/jahutuse-tootmise-naitajad\/#breadcrumb"},"inLanguage":"en-US","potentialAction":[{"@type":"ReadAction","target":["https:\/\/gren.com\/ee\/jahutuse-tootmise-naitajad\/"]}]},{"@type":"BreadcrumbList","@id":"https:\/\/gren.com\/ee\/jahutuse-tootmise-naitajad\/#breadcrumb","itemListElement":[{"@type":"ListItem","position":1,"name":"Home","item":"https:\/\/gren.com\/ee\/"},{"@type":"ListItem","position":2,"name":"Jahutuse tootmise n\u00e4itajad"}]},{"@type":"WebSite","@id":"https:\/\/gren.com\/ee\/#website","url":"https:\/\/gren.com\/ee\/","name":"Gren Eesti","description":"Me oleme rohelise energia ettev\u00f5te","potentialAction":[{"@type":"SearchAction","target":{"@type":"EntryPoint","urlTemplate":"https:\/\/gren.com\/ee\/?s={search_term_string}"},"query-input":{"@type":"PropertyValueSpecification","valueRequired":true,"valueName":"search_term_string"}}],"inLanguage":"en-US"}]}},"_links":{"self":[{"href":"https:\/\/gren.com\/ee\/wp-json\/wp\/v2\/pages\/15615","targetHints":{"allow":["GET"]}}],"collection":[{"href":"https:\/\/gren.com\/ee\/wp-json\/wp\/v2\/pages"}],"about":[{"href":"https:\/\/gren.com\/ee\/wp-json\/wp\/v2\/types\/page"}],"author":[{"embeddable":true,"href":"https:\/\/gren.com\/ee\/wp-json\/wp\/v2\/users\/22"}],"replies":[{"embeddable":true,"href":"https:\/\/gren.com\/ee\/wp-json\/wp\/v2\/comments?post=15615"}],"version-history":[{"count":30,"href":"https:\/\/gren.com\/ee\/wp-json\/wp\/v2\/pages\/15615\/revisions"}],"predecessor-version":[{"id":17062,"href":"https:\/\/gren.com\/ee\/wp-json\/wp\/v2\/pages\/15615\/revisions\/17062"}],"wp:attachment":[{"href":"https:\/\/gren.com\/ee\/wp-json\/wp\/v2\/media?parent=15615"}],"curies":[{"name":"wp","href":"https:\/\/api.w.org\/{rel}","templated":true}]}}