{"id":16229,"date":"2025-06-20T10:39:19","date_gmt":"2025-06-20T07:39:19","guid":{"rendered":"https:\/\/gren.com\/ee\/?page_id=16229"},"modified":"2025-06-20T10:39:19","modified_gmt":"2025-06-20T07:39:19","slug":"karjaarilugu-margus-kartau","status":"publish","type":"page","link":"https:\/\/gren.com\/ee\/karjaarilugu-margus-kartau\/","title":{"rendered":"Karj\u00e4\u00e4rilugu: Margus Kartau"},"content":{"rendered":"<style type=\"text\/css\">.page-hero{padding:140px 0 30px;position:relative}.page-hero-content{max-width:300px}.page-hero h4,.page-hero p{font-size:16px;font-weight:400;line-height:24px}.page-hero .date{margin-top:24px;color:#fff;font-size:20px}.page-hero-video-wrap{position:absolute;top:0;left:0;width:100%;height:100%;z-index:-1;overflow:hidden}.page-hero-video{width:100%;height:100%;object-fit:cover}@media(min-width: 576px){.page-hero-content{max-width:850px}}@media(min-width: 992px){.page-hero{padding:210px 0 64px}.page-hero h4,.page-hero p{font-size:24px;line-height:30px}}\n\n\/*# sourceMappingURL=block-page-hero.min.css.map*\/<\/style><section id=\"page-hero-block_b038cbd097b43a087bbbbf0d4c7492b1\" class=\"block page-hero\" style=\"background: url(https:\/\/grenweb01.blob.core.windows.net\/gren-web-prod\/sites\/4\/2024\/09\/image-66d99e878f623.jpg) no-repeat center\/cover\">\n\t<div class=\"container\"  data-block-animate>\n\t\t\t\t\t<div class=\"page-hero-content text-wrap\"  data-animate-part>\n\t\t\t\t<h1><span style=\"color: #ffffff\">Karj\u00e4\u00e4rilugu: Margus Kartau<\/span><\/h1>\n\n                \t\t\t<\/div>\n\t\t\t<\/div>\n<\/section>\n\n<style type=\"text\/css\">.full-width-written-content p>a{font-weight:700}\n\n\/*# sourceMappingURL=block-full-width-written-content.min.css.map*\/<\/style><section id=\"full-width-written-content-block_92dbafb42a7ee24d96b65fbff272a6aa\" class=\"block full-width-written-content\">\n\t<div class=\"container\" data-block-animate>\n\t\t<div class=\"text-wrap\" data-animate-part><p>Igal hommikul, kui enamik inimesi alles kohvi keedab, on Greni Eesti \u00e4ride k\u00fctusevaldkonna juht Margus Kartau juba oma p\u00e4eva alustanud. Tema \u00fclesandeks on tagada, et Greni katlamajades ja koostootmisjaamades Tartus, P\u00e4rnus ja Viljandis j\u00e4tkuks piisavalt biok\u00fctust ehk hakkpuitu, millega toodetakse tuhandetele kodudele ja \u00e4ridele soojust. Just tema hoiab iga p\u00e4ev k\u00e4igus Greni k\u00fctuste tarneahelat \u2013 alates tarnegraafikutest kuni rangete k\u00fctustega seotud keskkonnan\u00f5uete t\u00e4itmiseni.<\/p>\n<\/div>\t<\/div>\n<\/section>\n\n<style type=\"text\/css\">.two-column-content{position:relative;padding:48px 0 0;overflow-y:hidden}.two-column-content.bg-dark-green,.two-column-content.bg-dark-red{color:#fff}.two-column-content .img-wrap,.two-column-content .text-wrap{width:100%}.two-column-content .block-background-image img{position:absolute;width:100%;height:100%;object-position:center;object-fit:cover;top:0;left:0}.two-column-content .container{position:relative}.two-column-content .text-wrap{padding:0 16px}.two-column-content .text-wrap ul li{font-size:16px}.two-column-content .text-wrap p>a{font-weight:700;position:relative;transition:all ease-in-out .3s;margin-top:50px;display:inline-block}.two-column-content .text-wrap p>a:active{color:#9cbbba !important}.two-column-content .text-inner{padding:24px 16px;border-radius:4px}.two-column-content .text-inner .btn{display:inline-block}.two-column-content .img-wrap{position:relative;height:100%}.two-column-content .img-wrap img{object-fit:contain;object-position:top;width:100%;height:100%}.two-column-content .with-image .right-col p{opacity:.6;margin:12px 0 0}.two-column-content .right-col img{width:100%}@media(max-width: 767.98px){.two-column-content .container{padding:0}.two-column-content .text-wrap{margin:24px 0}.two-column-content .with-image .right-col{order:1}.two-column-content .with-image .left-col{order:2}.two-column-content.reversed .left-col{order:2 !important}.two-column-content.reversed .right-col{order:1 !important}}@media(min-width: 768px){.two-column-content{padding:32px 0}.two-column-content .img-wrap img{max-height:500px}.two-column-content .only-text .left-col .text-wrap{padding-right:28px !important}.two-column-content .only-text .right-col .text-wrap{padding-left:28px}.two-column-content:not(.reversed) .left-col .text-wrap{padding-right:64px}.two-column-content.reversed .left-col{order:2 !important}.two-column-content.reversed .left-col .text-wrap{padding-left:64px}.two-column-content.reversed .right-col{order:1 !important}}@media(min-width: 992px){.two-column-content .row.with-image .right-col{order:unset}.two-column-content .row.with-image .left-col{order:unset}.two-column-content .text-wrap{justify-self:start}.two-column-content .text-wrap p>a{margin-top:0}.two-column-content .text-wrap p>a:hover{color:#e8412c}.two-column-content.align-middle .col-6{display:flex;align-items:center}.two-column-content.align-bottom .col-6{display:flex;align-items:end}}\n\n\/*# sourceMappingURL=block-two-column-content.min.css.map*\/<\/style><section id=\"two-column-content-block_2926ba980f90b9923ea534bc9c5a4b13\" class=\"block two-column-content bg-primary\" data-menu-target>\n        <div class=\"container\" data-block-animate>\n        <div class=\"row g-0 with-image\">\n            <div class=\"col-12 col-md-6 left-col\" data-animate-part>\n                <div class=\"text-wrap\"><div class=\"text-inner\" style=\"\"><h3><span style=\"color: #ffffff\">Margus Kartau,<\/span><\/h3>\n<h3><span style=\"color: #ffffff\">k\u00fctuste valdkonna juht<\/span><\/h3>\n<\/div><\/div>\n            <\/div><!--\/.col-->\n            <div class=\"col-12 col-md-6 right-col\" data-animate-part>\n                <div class=\"img-wrap\"><img loading=\"lazy\" decoding=\"async\" width=\"1024\" height=\"731\" src=\"https:\/\/grenweb01.blob.core.windows.net\/gren-web-prod\/sites\/4\/2025\/06\/Margus-Kartau-4-1024x731.png\" class=\"attachment-large size-large\" alt=\"\" srcset=\"https:\/\/grenweb01.blob.core.windows.net\/gren-web-prod\/sites\/4\/2025\/06\/Margus-Kartau-4-1024x731.png 1024w, https:\/\/grenweb01.blob.core.windows.net\/gren-web-prod\/sites\/4\/2025\/06\/Margus-Kartau-4-300x214.png 300w, https:\/\/grenweb01.blob.core.windows.net\/gren-web-prod\/sites\/4\/2025\/06\/Margus-Kartau-4-768x549.png 768w, https:\/\/grenweb01.blob.core.windows.net\/gren-web-prod\/sites\/4\/2025\/06\/Margus-Kartau-4.png 1050w\" sizes=\"auto, (max-width: 1024px) 100vw, 1024px\" \/><\/div>            <\/div><!--\/.col-->\n        <\/div>\n    <\/div>\n<\/section>\n\n<section id=\"full-width-written-content-block_fd67a973e200c6706c3f946cbe425d28\" class=\"block full-width-written-content\">\n\t<div class=\"container\" data-block-animate>\n\t\t<div class=\"text-wrap\" data-animate-part><p><strong>Logistikust valdkonna v\u00f5tmeisikuks<\/strong><\/p>\n<p>Margus alustas oma karj\u00e4\u00e4ri Grenis logistik-anal\u00fc\u00fctikuna 2013. aasta novembris. Enne seda t\u00f6\u00f6tas ta logistikuna RMK-s ja metsnikuna Tartumaa metskonnas \u2013 need kogemused andsid talle p\u00f5hjalikud teadmised nii metsandusest kui ka logistikast. \u00d5ppinud on ta Maa\u00fclikoolis metsat\u00f6\u00f6stust.<\/p>\n<p>Logistiku igap\u00e4evane t\u00f6\u00f6 Grenis h\u00f5lmab k\u00fctusevoogude juhtimist Tartu, P\u00e4rnu ja Viljandi \u00fcksustes ning jaamade vajaduste, laoj\u00e4\u00e4kide, tarnete ja veokite logistika pidevat j\u00e4lgimist. Logistik peab olema valmis improviseerima ja leidma kiireid lahendusi, n\u00e4iteks kui veok j\u00e4\u00e4b teele v\u00f5i tarnija annab hommikul teada, et tehnika ei tee koost\u00f6\u00f6d. Ehkki paljude jaoks l\u00f5peb t\u00f6\u00f6p\u00e4ev kell viis, v\u00f5ib logistiku t\u00f6\u00f6p\u00e4ev kesta hiliste \u00f5htutundideni. Probleemide tekkimisel tuleb kiiresti reageerida ja leida lahendus, et tagada katlamajade t\u00f6\u00f6 t\u00f5rgeteta j\u00e4tkumine.<\/p>\n<p><strong>S\u00e4\u00e4stlik energia \u2013 rangelt kontrollitud p\u00e4ritolu<\/strong><\/p>\n<p>Euroopa Liidus j\u00f5ustus 2023. aastal seadus, mille kohaselt peavad k\u00f5ik biok\u00fctused olema j\u00e4tkusuutlikud ja rangelt kontrollitud p\u00e4ritoluga. Logistiku \u00fclesandeks ongi tagada, et iga koorem, mis Greni katlamajadesse j\u00f5uab, vastaks Euroopa Liidu taastuvenergia direktiivi (RED II) n\u00f5uetele ja oleks 100% sertifitseeritud. Hakkpuit peab p\u00e4rinema kas metsaj\u00e4\u00e4tmetest, saet\u00f6\u00f6stuste j\u00e4\u00e4kidest v\u00f5i muudest allikatest, mille puhul on v\u00e4listatud ebaseaduslik v\u00f5i keskkonda kahjustav tegevus.<\/p>\n<p>Gren kasutab Eestis ainult kohalikku biomassk\u00fctust, mis vastab s\u00e4\u00e4stlikkuse ja tarneahela sertifitseerimise (PEFC) n\u00f5uetele. Logistik kontrollib, et iga tarnija on kehtiva sertifikaadiga ja et iga koorma andmed \u2013 metsaeraldis, k\u00fcttev\u00e4\u00e4rtus, niiskussisaldus, kaal \u2013 oleksid korrektselt esitatud ja digitaalses s\u00fcsteemis dokumenteeritud. 2024. aastal liikus Greni Eesti ettev\u00f5tete katlamajadesse kokku umbes 17 223 veoauto koormat aastas ehk ligi 47 koormat iga p\u00e4ev.<\/p>\n<p>Marguse juhitud meeskonna igap\u00e4evane tegevus v\u00f5ib ju olla suuremale hulgale inimestest n\u00e4htamatu, kuid nad on asendamatud \u2013 just tema tiim tagab, et Eesti kodud ja ettev\u00f5tted saavad igap\u00e4evaselt soojusega varustatud, ilma et peaksid sellele isegi m\u00f5tlema. Mugavus, keskkonnas\u00e4\u00e4stlikkus ja varustuskindlus saavadki alguse h\u00e4sti tehtud logistikut\u00f6\u00f6st.<\/p>\n<p><strong>Tasakaalus t\u00f6\u00f6- ja eraelu<\/strong><\/p>\n<p>T\u00f6\u00f6v\u00e4liselt on Margus pereinimene, kellele pakuvad tasakaalu ja r\u00f5\u00f5mu toetav abikaasa, v\u00e4ikesed pojad ning kaks energilist biiglit. Iga p\u00e4ev v\u00f5tab ta aega v\u00e4hemalt tunniajaseks jalutusk\u00e4iguks koertega \u2013 see aitab maandada t\u00f6\u00f6stressi ja hoida pea selge. Lisaks m\u00e4ngib Margus tennist ja padelit, et f\u00fc\u00fcsiline koormus tasakaalustaks vaimset. Just see teadlik r\u00fctm \u2013 pere, liikumine ja t\u00f6\u00f6 \u2013 aitab tal p\u00fcsida keskendunult ka keerulistes olukordades ning hoida k\u00f5rget t\u00f6\u00f6v\u00f5imekust.<\/p>\n<\/div>\t<\/div>\n<\/section>","protected":false},"excerpt":{"rendered":"","protected":false},"author":22,"featured_media":0,"parent":0,"menu_order":0,"comment_status":"closed","ping_status":"closed","template":"","meta":{"_acf_changed":false,"footnotes":""},"class_list":["post-16229","page","type-page","status-publish","hentry"],"acf":[],"yoast_head":"<!-- This site is optimized with the Yoast SEO plugin v26.8 - https:\/\/yoast.com\/product\/yoast-seo-wordpress\/ -->\n<title>Karj\u00e4\u00e4rilugu: Margus Kartau - Gren Eesti %<\/title>\n<meta name=\"description\" content=\"Igal hommikul, kui enamik inimesi alles kohvi keedab, on Greni Eesti \u00e4ride k\u00fctusevaldkonna juht Margus Kartau juba oma p\u00e4eva alustanud. Tema \u00fclesandeks on tagada, et Greni katlamajades ja koostootmisjaamades Tartus, P\u00e4rnus ja Viljandis j\u00e4tkuks piisavalt biok\u00fctust ehk hakkpuitu, millega toodetakse tuhandetele kodudele ja \u00e4ridele soojust. Just tema hoiab iga p\u00e4ev k\u00e4igus Greni k\u00fctuste tarneahelat \u2013 alates tarnegraafikutest kuni rangete k\u00fctustega seotud keskkonnan\u00f5uete t\u00e4itmiseni.\" \/>\n<meta name=\"robots\" content=\"index, follow, max-snippet:-1, max-image-preview:large, max-video-preview:-1\" \/>\n<link rel=\"canonical\" href=\"https:\/\/gren.com\/ee\/karjaarilugu-margus-kartau\/\" \/>\n<meta property=\"og:locale\" content=\"en_US\" \/>\n<meta property=\"og:type\" content=\"article\" \/>\n<meta property=\"og:title\" content=\"Karj\u00e4\u00e4rilugu: Margus Kartau - Gren Eesti %\" \/>\n<meta property=\"og:description\" content=\"Igal hommikul, kui enamik inimesi alles kohvi keedab, on Greni Eesti \u00e4ride k\u00fctusevaldkonna juht Margus Kartau juba oma p\u00e4eva alustanud. Tema \u00fclesandeks on tagada, et Greni katlamajades ja koostootmisjaamades Tartus, P\u00e4rnus ja Viljandis j\u00e4tkuks piisavalt biok\u00fctust ehk hakkpuitu, millega toodetakse tuhandetele kodudele ja \u00e4ridele soojust. Just tema hoiab iga p\u00e4ev k\u00e4igus Greni k\u00fctuste tarneahelat \u2013 alates tarnegraafikutest kuni rangete k\u00fctustega seotud keskkonnan\u00f5uete t\u00e4itmiseni.\" \/>\n<meta property=\"og:url\" content=\"https:\/\/gren.com\/ee\/karjaarilugu-margus-kartau\/\" \/>\n<meta property=\"og:site_name\" content=\"Gren Eesti\" \/>\n<meta name=\"twitter:card\" content=\"summary_large_image\" \/>\n<meta name=\"twitter:label1\" content=\"Est. reading time\" \/>\n\t<meta name=\"twitter:data1\" content=\"3 minutes\" \/>\n<script type=\"application\/ld+json\" class=\"yoast-schema-graph\">{\"@context\":\"https:\/\/schema.org\",\"@graph\":[{\"@type\":\"WebPage\",\"@id\":\"https:\/\/gren.com\/ee\/karjaarilugu-margus-kartau\/\",\"url\":\"https:\/\/gren.com\/ee\/karjaarilugu-margus-kartau\/\",\"name\":\"Karj\u00e4\u00e4rilugu: Margus Kartau - Gren Eesti %\",\"isPartOf\":{\"@id\":\"https:\/\/gren.com\/ee\/#website\"},\"datePublished\":\"2025-06-20T07:39:19+00:00\",\"description\":\"Igal hommikul, kui enamik inimesi alles kohvi keedab, on Greni Eesti \u00e4ride k\u00fctusevaldkonna juht Margus Kartau juba oma p\u00e4eva alustanud. Tema \u00fclesandeks on tagada, et Greni katlamajades ja koostootmisjaamades Tartus, P\u00e4rnus ja Viljandis j\u00e4tkuks piisavalt biok\u00fctust ehk hakkpuitu, millega toodetakse tuhandetele kodudele ja \u00e4ridele soojust. Just tema hoiab iga p\u00e4ev k\u00e4igus Greni k\u00fctuste tarneahelat \u2013 alates tarnegraafikutest kuni rangete k\u00fctustega seotud keskkonnan\u00f5uete t\u00e4itmiseni.\",\"breadcrumb\":{\"@id\":\"https:\/\/gren.com\/ee\/karjaarilugu-margus-kartau\/#breadcrumb\"},\"inLanguage\":\"en-US\",\"potentialAction\":[{\"@type\":\"ReadAction\",\"target\":[\"https:\/\/gren.com\/ee\/karjaarilugu-margus-kartau\/\"]}]},{\"@type\":\"BreadcrumbList\",\"@id\":\"https:\/\/gren.com\/ee\/karjaarilugu-margus-kartau\/#breadcrumb\",\"itemListElement\":[{\"@type\":\"ListItem\",\"position\":1,\"name\":\"Home\",\"item\":\"https:\/\/gren.com\/ee\/\"},{\"@type\":\"ListItem\",\"position\":2,\"name\":\"Karj\u00e4\u00e4rilugu: Margus Kartau\"}]},{\"@type\":\"WebSite\",\"@id\":\"https:\/\/gren.com\/ee\/#website\",\"url\":\"https:\/\/gren.com\/ee\/\",\"name\":\"Gren Eesti\",\"description\":\"Me oleme rohelise energia ettev\u00f5te\",\"potentialAction\":[{\"@type\":\"SearchAction\",\"target\":{\"@type\":\"EntryPoint\",\"urlTemplate\":\"https:\/\/gren.com\/ee\/?s={search_term_string}\"},\"query-input\":{\"@type\":\"PropertyValueSpecification\",\"valueRequired\":true,\"valueName\":\"search_term_string\"}}],\"inLanguage\":\"en-US\"}]}<\/script>\n<!-- \/ Yoast SEO plugin. -->","yoast_head_json":{"title":"Karj\u00e4\u00e4rilugu: Margus Kartau - Gren Eesti %","description":"Igal hommikul, kui enamik inimesi alles kohvi keedab, on Greni Eesti \u00e4ride k\u00fctusevaldkonna juht Margus Kartau juba oma p\u00e4eva alustanud. Tema \u00fclesandeks on tagada, et Greni katlamajades ja koostootmisjaamades Tartus, P\u00e4rnus ja Viljandis j\u00e4tkuks piisavalt biok\u00fctust ehk hakkpuitu, millega toodetakse tuhandetele kodudele ja \u00e4ridele soojust. Just tema hoiab iga p\u00e4ev k\u00e4igus Greni k\u00fctuste tarneahelat \u2013 alates tarnegraafikutest kuni rangete k\u00fctustega seotud keskkonnan\u00f5uete t\u00e4itmiseni.","robots":{"index":"index","follow":"follow","max-snippet":"max-snippet:-1","max-image-preview":"max-image-preview:large","max-video-preview":"max-video-preview:-1"},"canonical":"https:\/\/gren.com\/ee\/karjaarilugu-margus-kartau\/","og_locale":"en_US","og_type":"article","og_title":"Karj\u00e4\u00e4rilugu: Margus Kartau - Gren Eesti %","og_description":"Igal hommikul, kui enamik inimesi alles kohvi keedab, on Greni Eesti \u00e4ride k\u00fctusevaldkonna juht Margus Kartau juba oma p\u00e4eva alustanud. Tema \u00fclesandeks on tagada, et Greni katlamajades ja koostootmisjaamades Tartus, P\u00e4rnus ja Viljandis j\u00e4tkuks piisavalt biok\u00fctust ehk hakkpuitu, millega toodetakse tuhandetele kodudele ja \u00e4ridele soojust. Just tema hoiab iga p\u00e4ev k\u00e4igus Greni k\u00fctuste tarneahelat \u2013 alates tarnegraafikutest kuni rangete k\u00fctustega seotud keskkonnan\u00f5uete t\u00e4itmiseni.","og_url":"https:\/\/gren.com\/ee\/karjaarilugu-margus-kartau\/","og_site_name":"Gren Eesti","twitter_card":"summary_large_image","twitter_misc":{"Est. reading time":"3 minutes"},"schema":{"@context":"https:\/\/schema.org","@graph":[{"@type":"WebPage","@id":"https:\/\/gren.com\/ee\/karjaarilugu-margus-kartau\/","url":"https:\/\/gren.com\/ee\/karjaarilugu-margus-kartau\/","name":"Karj\u00e4\u00e4rilugu: Margus Kartau - Gren Eesti %","isPartOf":{"@id":"https:\/\/gren.com\/ee\/#website"},"datePublished":"2025-06-20T07:39:19+00:00","description":"Igal hommikul, kui enamik inimesi alles kohvi keedab, on Greni Eesti \u00e4ride k\u00fctusevaldkonna juht Margus Kartau juba oma p\u00e4eva alustanud. Tema \u00fclesandeks on tagada, et Greni katlamajades ja koostootmisjaamades Tartus, P\u00e4rnus ja Viljandis j\u00e4tkuks piisavalt biok\u00fctust ehk hakkpuitu, millega toodetakse tuhandetele kodudele ja \u00e4ridele soojust. Just tema hoiab iga p\u00e4ev k\u00e4igus Greni k\u00fctuste tarneahelat \u2013 alates tarnegraafikutest kuni rangete k\u00fctustega seotud keskkonnan\u00f5uete t\u00e4itmiseni.","breadcrumb":{"@id":"https:\/\/gren.com\/ee\/karjaarilugu-margus-kartau\/#breadcrumb"},"inLanguage":"en-US","potentialAction":[{"@type":"ReadAction","target":["https:\/\/gren.com\/ee\/karjaarilugu-margus-kartau\/"]}]},{"@type":"BreadcrumbList","@id":"https:\/\/gren.com\/ee\/karjaarilugu-margus-kartau\/#breadcrumb","itemListElement":[{"@type":"ListItem","position":1,"name":"Home","item":"https:\/\/gren.com\/ee\/"},{"@type":"ListItem","position":2,"name":"Karj\u00e4\u00e4rilugu: Margus Kartau"}]},{"@type":"WebSite","@id":"https:\/\/gren.com\/ee\/#website","url":"https:\/\/gren.com\/ee\/","name":"Gren Eesti","description":"Me oleme rohelise energia ettev\u00f5te","potentialAction":[{"@type":"SearchAction","target":{"@type":"EntryPoint","urlTemplate":"https:\/\/gren.com\/ee\/?s={search_term_string}"},"query-input":{"@type":"PropertyValueSpecification","valueRequired":true,"valueName":"search_term_string"}}],"inLanguage":"en-US"}]}},"_links":{"self":[{"href":"https:\/\/gren.com\/ee\/wp-json\/wp\/v2\/pages\/16229","targetHints":{"allow":["GET"]}}],"collection":[{"href":"https:\/\/gren.com\/ee\/wp-json\/wp\/v2\/pages"}],"about":[{"href":"https:\/\/gren.com\/ee\/wp-json\/wp\/v2\/types\/page"}],"author":[{"embeddable":true,"href":"https:\/\/gren.com\/ee\/wp-json\/wp\/v2\/users\/22"}],"replies":[{"embeddable":true,"href":"https:\/\/gren.com\/ee\/wp-json\/wp\/v2\/comments?post=16229"}],"version-history":[{"count":2,"href":"https:\/\/gren.com\/ee\/wp-json\/wp\/v2\/pages\/16229\/revisions"}],"predecessor-version":[{"id":16232,"href":"https:\/\/gren.com\/ee\/wp-json\/wp\/v2\/pages\/16229\/revisions\/16232"}],"wp:attachment":[{"href":"https:\/\/gren.com\/ee\/wp-json\/wp\/v2\/media?parent=16229"}],"curies":[{"name":"wp","href":"https:\/\/api.w.org\/{rel}","templated":true}]}}