{"id":16984,"date":"2025-12-08T14:18:46","date_gmt":"2025-12-08T12:18:46","guid":{"rendered":"https:\/\/gren.com\/ee\/?page_id=16984"},"modified":"2025-12-08T14:18:47","modified_gmt":"2025-12-08T12:18:47","slug":"gren-eesti-as-soojuse-muugi-tuuptingimused","status":"publish","type":"page","link":"https:\/\/gren.com\/ee\/gren-eesti-as-soojuse-muugi-tuuptingimused\/","title":{"rendered":"Gren Eesti AS soojuse m\u00fc\u00fcgi t\u00fc\u00fcptingimused"},"content":{"rendered":"<style type=\"text\/css\">.page-hero{padding:140px 0 30px;position:relative}.page-hero-content{max-width:300px}.page-hero h4,.page-hero p{font-size:16px;font-weight:400;line-height:24px}.page-hero .date{margin-top:24px;color:#fff;font-size:20px}.page-hero-video-wrap{position:absolute;top:0;left:0;width:100%;height:100%;z-index:-1;overflow:hidden}.page-hero-video{width:100%;height:100%;object-fit:cover}@media(min-width: 576px){.page-hero-content{max-width:850px}}@media(min-width: 992px){.page-hero{padding:210px 0 64px}.page-hero h4,.page-hero p{font-size:24px;line-height:30px}}\n\n\/*# sourceMappingURL=block-page-hero.min.css.map*\/<\/style><section id=\"page-hero-block_9a749d275bb530edecb2685bf7233e43\" class=\"block page-hero\" style=\"background: url(https:\/\/grenweb01.blob.core.windows.net\/gren-web-prod\/sites\/4\/2024\/03\/City_Parnu_2-scaled.jpeg) no-repeat center\/cover\">\n\t<div class=\"container\"  data-block-animate>\n\t\t\t<\/div>\n<\/section>\n\n<style type=\"text\/css\">.full-width-written-content p>a{font-weight:700}\n\n\/*# sourceMappingURL=block-full-width-written-content.min.css.map*\/<\/style><section id=\"full-width-written-content-block_0039246850d76b5a3a369ae39bd871b5\" class=\"block full-width-written-content\">\n\t<div class=\"container\" data-block-animate>\n\t\t<div class=\"text-wrap\" data-animate-part><p><em>Kehtivad alates 21.02.2022<\/em><\/p>\n<h5>8 \u00dcLDS\u00c4TTED<\/h5>\n<p>8.1 Soojuse m\u00fc\u00fcgilepinguga (edaspidi Leping) m\u00fc\u00fcb M\u00fc\u00fcja kaugk\u00fcttev\u00f5rgu kaudu Ostjale Tarbimiskohal soojust ja soojuskandjat ning vajadusel muid selle m\u00fc\u00fcgiga seotud kaupu ja teenuseid soojuse m\u00fc\u00fcgilepingus n\u00e4idatud tarbimiskoha soojaga varustamiseks.<\/p>\n<p>8.2 Soojuskandjaks on M\u00fc\u00fcjale kuuluv t\u00f6\u00f6deldud vesi.<\/p>\n<h5>9 HINNAD<\/h5>\n<p>9.1 Soojuse piirhind koosk\u00f5lastatakse Konkurentsiametiga. Soojuse hinna muutmine toimub vastavalt \u00f5igusaktides kehtestatud korrale.<\/p>\n<p>9.2 Soojuse ja selle m\u00fc\u00fcgi ning edastamisega seotud muude kaupade ning teenuste hinnad avaldab M\u00fc\u00fcja oma kodulehel. M\u00fc\u00fcjal on \u00f5igus hindu muuta, teavitades sellest kodulehel 30 kalendrip\u00e4eva ette.<\/p>\n<p>9.3 Hindadele lisandub k\u00e4ibemaks vastavalt kehtivatele \u00f5igusaktidele.<\/p>\n<p>9.4 M\u00fc\u00fcja v\u00f5ib kehtestada mitmekomponendilise hinnapaketi (sh v\u00f5imsustasuga), sh mitme soojusallikaga tarbimiskohale. M\u00fc\u00fcja teavitab uue hinnas\u00fcsteemi rakendamisest klienti ette 30 kalendrip\u00e4eva.<\/p>\n<h5>10 KOGUSE ARVESTAMINE JA TASUMINE<\/h5>\n<p>10.1 M\u00fc\u00fcdud soojuse kogus m\u00f5\u00f5detakse soojusm\u00f5\u00f5tes\u00fcsteemidega (edaspidi: M\u00f5\u00f5turiga).<\/p>\n<p>10.2 M\u00f5\u00f5turi rikke korral v\u00f5i kui Ostja ei teata n\u00e4ite t\u00e4htaegselt, m\u00e4\u00e4ratakse tarbitud soojuse kogus arvestuslikult vastavalt kehtivatele \u00f5igusaktidele.<\/p>\n<p>10.3 Kahtluse korral, et M\u00f5\u00f5tur ei vasta kindlaksm\u00e4\u00e4ratud n\u00f5uetele, on Lepingupoolel \u00f5igus taotleda M\u00f5\u00f5turi erakorralist taatlemist.<\/p>\n<p>10.4 Juhul kui M\u00f5\u00f5tur taatlustulemuste alusel ei vasta n\u00f5uetele, tasub erakorralise taatluse eest M\u00f5\u00f5turi omanik ja M\u00fc\u00fcja teeb soojuse kulude \u00fcmberarvestuse, kuid mitte rohkem kui kolme kuu ulatuses.<\/p>\n<p>10.5 Juhul kui M\u00f5\u00f5tur taatlustulemuste alusel vastab n\u00f5uetele, tasub taatluse eest seda taotlenud Lepingupool ja soojuse kulude \u00fcmberarvestust ei tehta.<\/p>\n<p>10.6 M\u00fc\u00fcja tagab arve v\u00e4ljastamise 7-ks kuup\u00e4evaks ja arve loetakse ostja poolt k\u00e4ttesaaduks kui see on M\u00fc\u00fcja poolt v\u00e4ljastatud Ostja poolt teavitatud viisil ja aadressil. Makse loetakse tasutuks p\u00e4eval, mil see laekub M\u00fc\u00fcja kontole. Lepingust tuleneva makse tasumisega viivitamisel on Ostja kohustatud tasuma M\u00fc\u00fcjale viivist 0,06% \u00f5igeaegselt tasumata summast p\u00e4evas. Viivist arvestatakse makset\u00e4htajale j\u00e4rgnevast p\u00e4evast ja l\u00f5petatakse makse laekumisele j\u00e4rgneval p\u00e4eval. Kui Ostja peab tasuma lisaks rahalisele p\u00f5hikohustusele viivist, kustutatakse v\u00f5lgnevusest esimesena viivis ja seej\u00e4rel rahaline p\u00f5hikohustus. Varem sissen\u00f5utavaks muutunud tasu kustutatakse enne hiljem sissen\u00f5utavat tasu.<\/p>\n<p>10.7 Soojuse ebaseadusliku kasutamise korral on M\u00fc\u00fcjal \u00f5igus koostatud akti alusel teostada soojuse koguse \u00fcmberarvestus, kusjuures M\u00fc\u00fcja v\u00f5ib n\u00f5uda tasu ebaseaduslikult kasutatud soojuse koguse kuni kolmekordse maksumuse ulatuses.<\/p>\n<h5>11 M\u00dc\u00dcJA \u00d5IGUSED JA KOHUSTUSED<\/h5>\n<p>11.1 M\u00fc\u00fcja kohustub varustama Ostja Tarbimiskohta soojusega tingimusel, et tarbijapaigaldise V\u00f5imsus ja\/v\u00f5i Soojuskandja Vooluhulk ei \u00fcleta Lepingus m\u00e4rgitud V\u00f5imsust ja\/v\u00f5i Vooluhulka.<\/p>\n<p>11.2 M\u00fc\u00fcjal on \u00f5igus teostada plaanilist soojusv\u00f5rkude remonti (plaaniline soojusvarustuse katkestus). V\u00f5imalusel teostab M\u00fc\u00fcja plaanilisi remont- ja ehitust\u00f6id k\u00fctteperioodide vahelisel ajal. M\u00fc\u00fcja ei vastuta kahju eest, mida sellised katkestused v\u00f5ivad Ostjale p\u00f5hjustada.<\/p>\n<p>11.3 Kui kaugk\u00fcttes\u00fcsteemi korrasoleku kontrollimine, remontimine v\u00f5i muude toimingute inimestele, varale ja keskkonnale ohutu teostamine eeldab Ostjalt tarbijapaigaldisega seoses teatud toimingute tegemist, kohustub M\u00fc\u00fcja Ostjat teavitama, milliseid toiminguid ja millal peab Ostja need sooritama.<\/p>\n<p>11.4 M\u00fc\u00fcja kohustub k\u00e4esoleva Lepingu p 11.3. s\u00e4testatud info edastama Ostjaga kokkulepitud viisil\/telefoni ja\/v\u00f5i e-maili teel v\u00f5i muul viisil.<\/p>\n<p>11.5 M\u00fc\u00fcja kohustub tagama tarbijapaigaldisse saabuva Soojuskandja parameetrid vastavalt lisale 2 (T1) juhul, kui tarbijapaigaldis on t\u00f6\u00f6korras ja tarbib soojust.<\/p>\n<p>11.6 M\u00fc\u00fcja kohustub Ostjat teavitama soojusvarustuse katkestustest j\u00e4rgnevalt:<\/p>\n<ol>\n<li>plaaniv\u00e4lisest (avarii) \u2013 esimesel v\u00f5imalusel;<\/li>\n<li>plaanilisest &#8211; v\u00e4hemalt 5 p\u00e4eva ette.<\/li>\n<\/ol>\n<p>11.7 M\u00fc\u00fcja kohustub M\u00f5\u00f5turi taatluskehtivusaja m\u00f6\u00f6dudes korraldama talle kuuluva M\u00f5\u00f5turi kordustaatluse v\u00f5i paigaldama uue arvesti.<\/p>\n<p>11.8 M\u00fc\u00fcja esindajatel on \u00f5igus kontrollida Tarbimiskohale paigaldatud M\u00f5\u00f5turite ja soojuss\u00f5lme korrasolekut.<\/p>\n<p>11.9 M\u00fc\u00fcjal on \u00f5igus piirata v\u00f5i katkestada soojusvarustus kui (i) tarbijapaigaldises on avastatud soojuskandja leke; (ii) Ostja ei t\u00e4ida tarbijaseadmete tehniliste tingimuste n\u00f5udeid; v\u00f5i (iii) rikub k\u00e4esolevat Lepingut v\u00f5i liitumislepingut.;<\/p>\n<p>11.10 M\u00fc\u00fcjal on \u00f5igus soojusv\u00f5rgu avarii korral, kui selle t\u00f5ttu on ohustatud inimeste elu, tervis, vara v\u00f5i keskkond, katkestada Ostja soojusvarustus ette teatamata. Ostjat teavitatakse soojusvarustuse katkestusest ja selle eeldatavast kestvusest esimesel v\u00f5imalusel e-kirja v\u00f5i SMS teate teel ning ka M\u00fc\u00fcja kodulehel.<\/p>\n<h5>12 OSTJA \u00d5IGUSED JA KOHUSTUSED<\/h5>\n<p>12.1 Ostja kohustub edastama M\u00fc\u00fcjale M\u00f5\u00f5turite n\u00e4idud N\u00e4itude teatamise p\u00e4eval v\u00f5i sellele j\u00e4rgneval esimesel t\u00f6\u00f6p\u00e4eval vastavalt lisas 3 toodule. Kui Tarbimiskohal on paigaldatud kauglugemisega M\u00f5\u00f5tur, siis Ostja n\u00e4ite teatama ei pea v.a. juhul, kui M\u00fc\u00fcja palub seda teha.<\/p>\n<p>12.2 Ostja kohustub tagama tagastuva Soojuskandja temperatuuri vastavalt lepingule (T2), lisale 2.<\/p>\n<p>12.3 Ostja kohustub korras hoidma temale kuuluvaid v\u00f5i talle hoiule antud tarbijapaigaldisi ja teostama nende remonti, etten\u00e4htud aja tagant l\u00e4bipesu ja surveproove, juhindudes lisas 4 toodud n\u00f5uetest ning esitama t\u00f6\u00f6 \u00fclevaatamiseks M\u00fc\u00fcjale.<\/p>\n<p>12.4 Ostja v\u00f5ib kasutada Soojuskandjat ainult Tarbimiskoha tarbijapaigaldise t\u00e4itmiseks, kus tarbitud kogus fikseeritakse soojuskandja m\u00f5\u00f5turiga v\u00f5i Ostja on M\u00fc\u00fcjaga eelnevalt kirjalikult taasesitatavas vormis kokku leppinud soojuskandja tarbimise tingimustes. Soojuskandja m\u00f5\u00f5turi korrasoleku (sh taatluse, arvesti vahetuse) korraldab Ostja.<\/p>\n<p>12.5 Ostja kohustub eelnevalt M\u00fc\u00fcjaga kirjalikult koosk\u00f5lastama tarbijapaigaldises tehtavad muudatused. Ostja soojuss\u00f5lme v\u00e4ljaehitamisel ja renoveerimisel v\u00f5i hoone soojuskoormuse muutumisel kohustub Ostja l\u00e4htuma M\u00fc\u00fcja poolt v\u00e4ljastatud tehnilistest tingimustest ja soojuss\u00f5lme koosk\u00f5lastatud projektist.<\/p>\n<p>12.6 Ostja vastutab tema valduses oletavatesse ruumidesse paigaldatud M\u00f5\u00f5turite ja muude M\u00fc\u00fcja seadmete s\u00e4ilivuse eest. Ostjal on keelatud M\u00f5\u00f5turit rikkuda, eemaldada M\u00f5\u00f5turilt plomme v\u00f5i muul moel m\u00f5jutada tarbitava soojuse \u00f5iget m\u00f5\u00f5tmist, samuti avada M\u00fc\u00fcja poolt suletud ja plommitud sulgureid. Juhul kui M\u00f5\u00f5turi omanik ei ole M\u00fc\u00fcja, siis vastutab M\u00f5\u00f5turi kordustaatluse eest Ostja v\u00f5i v\u00f5imaldab seda korraldada M\u00fc\u00fcjal Ostja kulul.<\/p>\n<p>12.7 Ostja kohustub M\u00f5\u00f5turi puudumisel tellima tarbijapaigaldise sisse- ja v\u00e4ljal\u00fclitamise M\u00fc\u00fcjalt kirjalikult v\u00e4hemalt kolm t\u00f6\u00f6p\u00e4eva ette. M\u00fc\u00fcja teostab l\u00fclituse, plommib sulguri ja koostab akti, mis on soojuse kulu arvestamise aluseks.<\/p>\n<p>12.8 Ostja kohustub tagama M\u00fc\u00fcja esindajatele nende n\u00f5udmisel juurdep\u00e4\u00e4su alale ja ruumidesse, kus asuvad kaugk\u00fcttev\u00f5rk, soojuss\u00f5lm ja M\u00f5\u00f5tur, nende korrasoleku kontrollimiseks.<\/p>\n<h5>13 VASTUTUSE PIIRID<\/h5>\n<p>13.1 M\u00fc\u00fcja teenindab kaugk\u00fcttes\u00fcsteemi kuni Liitumispunktini, Ostja alates sellest.<\/p>\n<p>13.2 Tarbimiskoha tarbijapaigaldise reguleerimise, korrasoleku eest vastutab Ostja.<\/p>\n<p>13.3 Lepingupooled vastutavad Lepingu tingimuste rikkumise eest ainult s\u00fc\u00fc olemasolul. M\u00fc\u00fcja vastutus on igal juhul piiratud Tarbimiskoha kuue kuu keskmisele tarbimisele vastava rahalise summaga.<\/p>\n<p>13.4 Juhul, kui M\u00fc\u00fcja teavitab Ostjat vastavalt k\u00e4esoleva Lepingule Ostja poolt teatud toimingute teostamise vajadusest, sh puuduste likvideerimise vajadusest, kuid Ostja ei teosta vajalikke toiminguid, vastutab Ostja nimetatud kohustuse t\u00e4itmata j\u00e4tmisest tulenevate kahjulike tagaj\u00e4rgede eest ja h\u00fcvitab Poolte v\u00f5i kolmandate isikute varale ja\/v\u00f5i keskkonnale tekkinud kahju t\u00e4ies ulatuses. Juhul kui Ostja ei tee vajalikke toiminguid ette antud m\u00f5istliku aja jooksul, avaldab soovi mitte neid toiminguid ise teha, v\u00f5i tegevusetus seab ohtu teiste tarbijate soojusega varustamise, on M\u00fc\u00fcjal \u00f5igus need toimingud ise teha ning esitada Ostjale toimingute teostamise eest arve vastavalt M\u00fc\u00fcja poolt avalikustatud hinnakirjale.<\/p>\n<h5>14 LEPINGU KEHTIVUS, MUUTMINE JA L\u00d5PETAMINE<\/h5>\n<p>14.1 Leping j\u00f5ustub ja l\u00f5peb punktis 6 toodud t\u00e4htaegadel.<\/p>\n<p>14.2 K\u00e4esolev Leping l\u00f5petab k\u00f5ik senised Tarbimiskoha soojusega varustamiseks s\u00f5lmitud lepingud.<\/p>\n<p>14.3 Lepingu muutmine toimub Lepingupoolte kirjalikul kokkuleppel, kui Lepingus ei ole s\u00e4testatud teisiti.<\/p>\n<p>14.4 Lepingupooled kohustuvad teatama viivitamatult oma andmete ja kontaktisikute muutumisest teisele Lepingupoolele.<\/p>\n<p>14.5 M\u00fc\u00fcjal on \u00f5igus \u00fchepoolselt muuta lepingu lisasid 3 ja 4, teatades muudatustest Ostjale ette v\u00e4hemalt 30 p\u00e4eva. M\u00fc\u00fcjal on \u00f5igus \u00fchepoolselt muuta T\u00fc\u00fcptingimusi. T\u00fc\u00fcptingimuste kehtivad versioonid avalikustatakse M\u00fc\u00fcja kodulehel. M\u00fc\u00fcja kohustub Ostja n\u00f5udmisel edastama muudetud T\u00fc\u00fcptingimused ning andma selgitusi nende sisu kohta.<\/p>\n<p>14.6 Punktide 9.1 ja 14.5 alusel tehtud lepingutingimuste muudatused on nende teatavaks tegemise j\u00e4rel lepingu lahutamatuks osaks, s\u00f5ltumata nende allkirjastamisest Ostja ja M\u00fc\u00fcja poolt ja nende lepingule lisamisest. Muudatuste j\u00f5ustumisel on Ostjal \u00f5igus leping \u00fcles \u00f6elda muudatuste kehtima hakkamise p\u00e4evast.<\/p>\n<p>14.7 Lepingupooled v\u00f5ivad Lepingu \u00f5igusaktides s\u00e4testatud juhtudel \u00fcles \u00f6elda, teatades sellest teisele Lepingupoolele ette 30 p\u00e4eva.<\/p>\n<p>14.8 Leping l\u00f5peb \u00fcles\u00fctlemise teadet saatmata, kui Tarbimiskohal ei ole soojust tarbitud \u00fcle 1 aasta. Soojuse tarbimise taastamiseks kohustub Ostja taotlema M\u00fc\u00fcjalt uued liitumistingimused, s\u00f5lmima liitumislepingu ja uue soojuse ostu-m\u00fc\u00fcgilepingu.<\/p>\n<p>14.9 M\u00fc\u00fcja kohustused peatuvad, kui v\u00f5rgu\u00fchendus on katkenud Ostja poolse kaugk\u00fctte mittetarbimisest tingitud tarbijapaigaldise k\u00fclmumisega v\u00f5i Ostja tarbijapaigaldise k\u00fclmumisohu t\u00f5ttu sulgemisega M\u00fc\u00fcja eelneva teate alusel, sh. ostjapoolsete kohustuste mittet\u00e4itmisel suletud tarbimiskohas.<\/p>\n<h5>15 ISIKUANDMETE T\u00d6\u00d6TLEMINE<\/h5>\n<p>15.1 M\u00fc\u00fcja t\u00f6\u00f6tleb f\u00fc\u00fcsilisest isikust Ostja isikuandmeid koosk\u00f5las \u00f5igusaktide ja Lepinguga Lepingu s\u00f5lmimiseks ja t\u00e4itmiseks, samuti teenuse kvaliteediga rahulolu hindamiseks ning kvaliteedi parendamiseks.<\/p>\n<p>15.2 F\u00fc\u00fcsilisest isikust Ostja isikuandmete vastutav t\u00f6\u00f6tleja on Gren Eesti AS.<\/p>\n<p>15.3 M\u00fc\u00fcja kasutab f\u00fc\u00fcsilisest isikust Ostja isikuandmeid (Ostja nimi, isikukood, s\u00fcnniaeg, isikut t\u00f5endava dokumendi andmed, elukoha aadress, e-posti aadress, sidevahendite numbrid, arvelduskonto number, esindaja andmed, tarbitud soojusenergia maht ja maksumus, andmed Ostja v\u00f5lgnevuste kohta jms andmed) muuhulgas:<\/p>\n<ol>\n<li>Ostja ja tema esindaja tuvastamiseks Lepingu s\u00f5lmimisel, t\u00e4itmisel, muutmisel ja l\u00f5petamisel;<\/li>\n<li>Ostja andmete M\u00fc\u00fcja infos\u00fcsteemi sisestamiseks;<\/li>\n<li>Ostjale soojusenergia m\u00fc\u00fcmiseks vajalike tegevuste ja toimingute tegemiseks, sh rikete<br \/>\nk\u00f5rvaldamiseks,<\/li>\n<li>Ostjale m\u00fc\u00fcdud soojusenergia mahu kindlaks m\u00e4\u00e4ramiseks, arvete koostamiseks ning ostjale edastamiseks;<\/li>\n<li>Ostjale soojusenergia m\u00fc\u00fcmisega seotud teadete edastamiseks;<\/li>\n<li>M\u00fc\u00fcja n\u00f5uete, mis tulenevad Ostja poolt Lepingu rikkumisest, menetlemiseks. M\u00fc\u00fcjal on \u00f5igus edastada Ostja poolse Lepingu rikkumisega seotud andmeid M\u00fc\u00fcjale lepingu alusel inkasso ja\/v\u00f5i \u00f5igusteenust osutavatele isikutele.<\/li>\n<\/ol>\n<p>15.4 M\u00fc\u00fcjal on \u00f5igus M\u00fc\u00fcja ja Ostja telefonik\u00f5nesid salvestada ja vastavaid salvestisi s\u00e4ilitada Lepingu t\u00e4itmiseks, sh Poolte tahteavalduste t\u00f5endamiseks.<\/p>\n<p>15.5 Lepingu punktides 1 ja 2 sisalduvate Ostja isikuandmete M\u00fc\u00fcjale esitamine on Lepingu s\u00f5lmimise eelduseks. M\u00fc\u00fcjal ei ole v\u00f5imalik Ostjaga Lepingut s\u00f5lmida ilma vastavaid andmeid kogumata.<\/p>\n<p>15.6 F\u00fc\u00fcsilisest isikust Ostjal on \u00f5igus n\u00f5uda M\u00fc\u00fcjalt juurdep\u00e4\u00e4su oma isikuandmetele ja eba\u00f5igete ja\/v\u00f5i puudulike andmete parandamist.<\/p>\n<p>15.7 M\u00fc\u00fcja s\u00e4ilitab f\u00fc\u00fcsilisest isiku Ostja isikuandmeid seni, kuni see on vajalik Leping t\u00e4itmiseks v\u00f5i Lepingust tulenevate n\u00f5uete lahendamiseks.<\/p>\n<p>15.8 F\u00fc\u00fcsilisest isikust Ostjal on \u00f5igus esitada oma isikuandmete t\u00f6\u00f6tlemise kohta kaebusi Andmekaitse Inspektsioonile, kui isikuandmete t\u00f6\u00f6tlemisel on rikutud f\u00fc\u00fcsilisest isikust Ostja \u00f5igusi.<\/p>\n<\/div>\t<\/div>\n<\/section>","protected":false},"excerpt":{"rendered":"","protected":false},"author":22,"featured_media":13188,"parent":0,"menu_order":0,"comment_status":"closed","ping_status":"closed","template":"","meta":{"_acf_changed":false,"footnotes":""},"class_list":["post-16984","page","type-page","status-publish","has-post-thumbnail","hentry"],"acf":[],"yoast_head":"<!-- This site is optimized with the Yoast SEO plugin v26.8 - https:\/\/yoast.com\/product\/yoast-seo-wordpress\/ -->\n<title>Gren Eesti AS soojuse m\u00fc\u00fcgi t\u00fc\u00fcptingimused - Gren Eesti<\/title>\n<meta name=\"robots\" content=\"index, follow, max-snippet:-1, max-image-preview:large, max-video-preview:-1\" \/>\n<link rel=\"canonical\" href=\"https:\/\/gren.com\/ee\/gren-eesti-as-soojuse-muugi-tuuptingimused\/\" \/>\n<meta property=\"og:locale\" content=\"en_US\" \/>\n<meta property=\"og:type\" content=\"article\" \/>\n<meta property=\"og:title\" content=\"Gren Eesti AS soojuse m\u00fc\u00fcgi t\u00fc\u00fcptingimused - Gren Eesti\" \/>\n<meta property=\"og:url\" content=\"https:\/\/gren.com\/ee\/gren-eesti-as-soojuse-muugi-tuuptingimused\/\" \/>\n<meta property=\"og:site_name\" content=\"Gren Eesti\" \/>\n<meta property=\"article:modified_time\" content=\"2025-12-08T12:18:47+00:00\" \/>\n<meta property=\"og:image\" content=\"https:\/\/grenweb01.blob.core.windows.net\/gren-web-prod\/sites\/4\/2024\/03\/City_Parnu_2-scaled.jpeg\" \/>\n\t<meta property=\"og:image:width\" content=\"2560\" \/>\n\t<meta property=\"og:image:height\" content=\"1371\" \/>\n\t<meta property=\"og:image:type\" content=\"image\/jpeg\" \/>\n<meta name=\"twitter:card\" content=\"summary_large_image\" \/>\n<meta name=\"twitter:label1\" content=\"Est. reading time\" \/>\n\t<meta name=\"twitter:data1\" content=\"7 minutes\" \/>\n<script type=\"application\/ld+json\" class=\"yoast-schema-graph\">{\"@context\":\"https:\/\/schema.org\",\"@graph\":[{\"@type\":\"WebPage\",\"@id\":\"https:\/\/gren.com\/ee\/gren-eesti-as-soojuse-muugi-tuuptingimused\/\",\"url\":\"https:\/\/gren.com\/ee\/gren-eesti-as-soojuse-muugi-tuuptingimused\/\",\"name\":\"Gren Eesti AS soojuse m\u00fc\u00fcgi t\u00fc\u00fcptingimused - Gren Eesti\",\"isPartOf\":{\"@id\":\"https:\/\/gren.com\/ee\/#website\"},\"primaryImageOfPage\":{\"@id\":\"https:\/\/gren.com\/ee\/gren-eesti-as-soojuse-muugi-tuuptingimused\/#primaryimage\"},\"image\":{\"@id\":\"https:\/\/gren.com\/ee\/gren-eesti-as-soojuse-muugi-tuuptingimused\/#primaryimage\"},\"thumbnailUrl\":\"https:\/\/grenweb01.blob.core.windows.net\/gren-web-prod\/sites\/4\/2024\/03\/City_Parnu_2-scaled.jpeg\",\"datePublished\":\"2025-12-08T12:18:46+00:00\",\"dateModified\":\"2025-12-08T12:18:47+00:00\",\"breadcrumb\":{\"@id\":\"https:\/\/gren.com\/ee\/gren-eesti-as-soojuse-muugi-tuuptingimused\/#breadcrumb\"},\"inLanguage\":\"en-US\",\"potentialAction\":[{\"@type\":\"ReadAction\",\"target\":[\"https:\/\/gren.com\/ee\/gren-eesti-as-soojuse-muugi-tuuptingimused\/\"]}]},{\"@type\":\"ImageObject\",\"inLanguage\":\"en-US\",\"@id\":\"https:\/\/gren.com\/ee\/gren-eesti-as-soojuse-muugi-tuuptingimused\/#primaryimage\",\"url\":\"https:\/\/grenweb01.blob.core.windows.net\/gren-web-prod\/sites\/4\/2024\/03\/City_Parnu_2-scaled.jpeg\",\"contentUrl\":\"https:\/\/grenweb01.blob.core.windows.net\/gren-web-prod\/sites\/4\/2024\/03\/City_Parnu_2-scaled.jpeg\",\"width\":2560,\"height\":1371},{\"@type\":\"BreadcrumbList\",\"@id\":\"https:\/\/gren.com\/ee\/gren-eesti-as-soojuse-muugi-tuuptingimused\/#breadcrumb\",\"itemListElement\":[{\"@type\":\"ListItem\",\"position\":1,\"name\":\"Home\",\"item\":\"https:\/\/gren.com\/ee\/\"},{\"@type\":\"ListItem\",\"position\":2,\"name\":\"Gren Eesti AS soojuse m\u00fc\u00fcgi t\u00fc\u00fcptingimused\"}]},{\"@type\":\"WebSite\",\"@id\":\"https:\/\/gren.com\/ee\/#website\",\"url\":\"https:\/\/gren.com\/ee\/\",\"name\":\"Gren Eesti\",\"description\":\"Me oleme rohelise energia ettev\u00f5te\",\"potentialAction\":[{\"@type\":\"SearchAction\",\"target\":{\"@type\":\"EntryPoint\",\"urlTemplate\":\"https:\/\/gren.com\/ee\/?s={search_term_string}\"},\"query-input\":{\"@type\":\"PropertyValueSpecification\",\"valueRequired\":true,\"valueName\":\"search_term_string\"}}],\"inLanguage\":\"en-US\"}]}<\/script>\n<!-- \/ Yoast SEO plugin. -->","yoast_head_json":{"title":"Gren Eesti AS soojuse m\u00fc\u00fcgi t\u00fc\u00fcptingimused - Gren Eesti","robots":{"index":"index","follow":"follow","max-snippet":"max-snippet:-1","max-image-preview":"max-image-preview:large","max-video-preview":"max-video-preview:-1"},"canonical":"https:\/\/gren.com\/ee\/gren-eesti-as-soojuse-muugi-tuuptingimused\/","og_locale":"en_US","og_type":"article","og_title":"Gren Eesti AS soojuse m\u00fc\u00fcgi t\u00fc\u00fcptingimused - Gren Eesti","og_url":"https:\/\/gren.com\/ee\/gren-eesti-as-soojuse-muugi-tuuptingimused\/","og_site_name":"Gren Eesti","article_modified_time":"2025-12-08T12:18:47+00:00","og_image":[{"width":2560,"height":1371,"url":"https:\/\/grenweb01.blob.core.windows.net\/gren-web-prod\/sites\/4\/2024\/03\/City_Parnu_2-scaled.jpeg","type":"image\/jpeg"}],"twitter_card":"summary_large_image","twitter_misc":{"Est. reading time":"7 minutes"},"schema":{"@context":"https:\/\/schema.org","@graph":[{"@type":"WebPage","@id":"https:\/\/gren.com\/ee\/gren-eesti-as-soojuse-muugi-tuuptingimused\/","url":"https:\/\/gren.com\/ee\/gren-eesti-as-soojuse-muugi-tuuptingimused\/","name":"Gren Eesti AS soojuse m\u00fc\u00fcgi t\u00fc\u00fcptingimused - Gren Eesti","isPartOf":{"@id":"https:\/\/gren.com\/ee\/#website"},"primaryImageOfPage":{"@id":"https:\/\/gren.com\/ee\/gren-eesti-as-soojuse-muugi-tuuptingimused\/#primaryimage"},"image":{"@id":"https:\/\/gren.com\/ee\/gren-eesti-as-soojuse-muugi-tuuptingimused\/#primaryimage"},"thumbnailUrl":"https:\/\/grenweb01.blob.core.windows.net\/gren-web-prod\/sites\/4\/2024\/03\/City_Parnu_2-scaled.jpeg","datePublished":"2025-12-08T12:18:46+00:00","dateModified":"2025-12-08T12:18:47+00:00","breadcrumb":{"@id":"https:\/\/gren.com\/ee\/gren-eesti-as-soojuse-muugi-tuuptingimused\/#breadcrumb"},"inLanguage":"en-US","potentialAction":[{"@type":"ReadAction","target":["https:\/\/gren.com\/ee\/gren-eesti-as-soojuse-muugi-tuuptingimused\/"]}]},{"@type":"ImageObject","inLanguage":"en-US","@id":"https:\/\/gren.com\/ee\/gren-eesti-as-soojuse-muugi-tuuptingimused\/#primaryimage","url":"https:\/\/grenweb01.blob.core.windows.net\/gren-web-prod\/sites\/4\/2024\/03\/City_Parnu_2-scaled.jpeg","contentUrl":"https:\/\/grenweb01.blob.core.windows.net\/gren-web-prod\/sites\/4\/2024\/03\/City_Parnu_2-scaled.jpeg","width":2560,"height":1371},{"@type":"BreadcrumbList","@id":"https:\/\/gren.com\/ee\/gren-eesti-as-soojuse-muugi-tuuptingimused\/#breadcrumb","itemListElement":[{"@type":"ListItem","position":1,"name":"Home","item":"https:\/\/gren.com\/ee\/"},{"@type":"ListItem","position":2,"name":"Gren Eesti AS soojuse m\u00fc\u00fcgi t\u00fc\u00fcptingimused"}]},{"@type":"WebSite","@id":"https:\/\/gren.com\/ee\/#website","url":"https:\/\/gren.com\/ee\/","name":"Gren Eesti","description":"Me oleme rohelise energia ettev\u00f5te","potentialAction":[{"@type":"SearchAction","target":{"@type":"EntryPoint","urlTemplate":"https:\/\/gren.com\/ee\/?s={search_term_string}"},"query-input":{"@type":"PropertyValueSpecification","valueRequired":true,"valueName":"search_term_string"}}],"inLanguage":"en-US"}]}},"_links":{"self":[{"href":"https:\/\/gren.com\/ee\/wp-json\/wp\/v2\/pages\/16984","targetHints":{"allow":["GET"]}}],"collection":[{"href":"https:\/\/gren.com\/ee\/wp-json\/wp\/v2\/pages"}],"about":[{"href":"https:\/\/gren.com\/ee\/wp-json\/wp\/v2\/types\/page"}],"author":[{"embeddable":true,"href":"https:\/\/gren.com\/ee\/wp-json\/wp\/v2\/users\/22"}],"replies":[{"embeddable":true,"href":"https:\/\/gren.com\/ee\/wp-json\/wp\/v2\/comments?post=16984"}],"version-history":[{"count":2,"href":"https:\/\/gren.com\/ee\/wp-json\/wp\/v2\/pages\/16984\/revisions"}],"predecessor-version":[{"id":16988,"href":"https:\/\/gren.com\/ee\/wp-json\/wp\/v2\/pages\/16984\/revisions\/16988"}],"wp:featuredmedia":[{"embeddable":true,"href":"https:\/\/gren.com\/ee\/wp-json\/wp\/v2\/media\/13188"}],"wp:attachment":[{"href":"https:\/\/gren.com\/ee\/wp-json\/wp\/v2\/media?parent=16984"}],"curies":[{"name":"wp","href":"https:\/\/api.w.org\/{rel}","templated":true}]}}