{"id":10,"date":"2023-10-16T08:52:16","date_gmt":"2023-10-16T08:52:16","guid":{"rendered":"https:\/\/web-staging.gren.com\/?page_id=10"},"modified":"2026-02-03T10:00:22","modified_gmt":"2026-02-03T08:00:22","slug":"apie-mus","status":"publish","type":"page","link":"https:\/\/gren.com\/lt\/apie-mus\/","title":{"rendered":"Apie mus"},"content":{"rendered":"<style type=\"text\/css\">.page-hero{padding:140px 0 30px;position:relative}.page-hero-content{max-width:300px}.page-hero h4,.page-hero p{font-size:16px;font-weight:400;line-height:24px}.page-hero .date{margin-top:24px;color:#fff;font-size:20px}.page-hero-video-wrap{position:absolute;top:0;left:0;width:100%;height:100%;z-index:-1;overflow:hidden}.page-hero-video{width:100%;height:100%;object-fit:cover}@media(min-width: 576px){.page-hero-content{max-width:850px}}@media(min-width: 992px){.page-hero{padding:210px 0 64px}.page-hero h4,.page-hero p{font-size:24px;line-height:30px}}\n\n\/*# sourceMappingURL=block-page-hero.min.css.map*\/<\/style><section id=\"page-hero-block_4f8506603b78613d8703f96358aab6af\" class=\"block page-hero\" style=\"background: url(https:\/\/grenweb01.blob.core.windows.net\/gren-web-prod\/sites\/3\/2025\/06\/Office-Tallinn-4.jpg) no-repeat center\/cover\">\n\t<div class=\"container\"  data-block-animate>\n\t\t\t\t\t<div class=\"page-hero-content text-wrap\"  data-animate-part>\n\t\t\t\t<h1><span style=\"color: #ffffff\">Apie mus\u00a0<\/span><\/h1>\n\n                \t\t\t<\/div>\n\t\t\t<\/div>\n<\/section>\n\n<style type=\"text\/css\">.full-width-written-content p>a{font-weight:700}\n\n\/*# sourceMappingURL=block-full-width-written-content.min.css.map*\/<\/style><section id=\"full-width-written-content-block_6220063912864fa481770121cee76131\" class=\"block full-width-written-content\">\n\t<div class=\"container\" data-block-animate>\n\t\t<div class=\"text-wrap\" data-animate-part><h3>Ambicingas augimas &#8211; kuriame ir teikiame \u017ealiosios energetikos sprendimus<\/h3>\n<p>\u201eGren\u201c yra \u0160iaur\u0117s Europos energetikos bendrov\u0117. Siekdami patenkinti kasdienius klient\u0173 ir bendruomeni\u0173 poreikius, kuriame ir teikiame \u012fvairius energijos sprendimus \u2013 nuo tvaraus centralizuoto \u0161ildymo iki atsinaujinan\u010diosios ir pramonin\u0117s energijos.<\/p>\n<p>Siekiame tapti geriausiu pramonin\u0117s energijos paslaug\u0173 teik\u0117ju regione ir pirmojo pasirinkimo partnere plyno lauko projektams regione. Bendrov\u0117 siekia sukurti puiki\u0105 ir galin\u010di\u0105 augti platform\u0105, kuri leist\u0173 per\u017eengti dabartini\u0173 pagrindini\u0173 nam\u0173 rink\u0173 ribas.<\/p>\n<p>\u201eGren\u201c dr\u0105siai investuoja \u012f dabartin\u0119 veikl\u0105, kartu aktyviai ie\u0161kodama galimybi\u0173 turimoms verslo riboms prapl\u0117sti. \u201eGren\u201c investicijos yra naudingos visuomenei ir pramonei, nes padeda ma\u017einti i\u0161metam\u0105 anglies dioksido kiek\u012f ir didinti energetin\u012f saugum\u0105, drauge ma\u017einant importuojamo i\u0161kastinio kuro kiek\u012f.<\/p>\n<p>\u012emon\u0117 daugiausia d\u0117mesio skiria tvarios energijos gamybai i\u0161 vietini\u0173 atsinaujinan\u010di\u0173j\u0173 energijos \u0161altini\u0173, atliek\u0173 ir pramon\u0117s proces\u0173 metu susidaran\u010dios perteklin\u0117s \u0161ilumos bei geriausi\u0173 energijos sprendim\u0173 teikimui.<\/p>\n<p>\u0160iuo metu \u201eGren\u201c veikia Estijoje, Jungtin\u0117je Karalyst\u0117je, Latvijoje, Lietuvoje ir Suomijoje bei turi ambicing\u0173 plan\u0173 pl\u0117sti versl\u0105, aktyviai ie\u0161ko nauj\u0173 efektyvi\u0173 sprendim\u0173 ir augimo galimybi\u0173, neapsiriboja esama veikla.<\/p>\n<\/div>\t<\/div>\n<\/section>\n\n<style type=\"text\/css\">.block.statistics{color:#fff;overflow:hidden}.block.statistics .listing-wrap{position:relative;display:flex;flex-wrap:wrap;justify-content:space-between;max-width:900px;margin:0 auto;height:160px}@media(min-width: 768px){.block.statistics .listing-wrap{height:auto;gap:48px 16px}}.block.statistics .listing-wrap .listing-col{position:absolute;width:100%;height:100%}@media(min-width: 768px){.block.statistics .listing-wrap .listing-col{position:relative;width:calc(50% - 8px);height:auto}}.block.statistics .listing-wrap .listing-col .col-wrap{width:100%;display:flex;align-items:center}@media(min-width: 768px){.block.statistics .listing-wrap .listing-col .col-wrap{max-width:305px;margin:0 auto;display:flex}}.block.statistics .statistics-card{opacity:0;width:100%}@media(min-width: 768px){.block.statistics .statistics-card{opacity:1}}.block.statistics .statistics-card h2{font-size:64px;font-weight:700;line-height:68px;white-space:nowrap}@media(min-width: 768px){.block.statistics .statistics-card h2{font-size:48px;font-weight:700;line-height:50px}}.block.statistics .statistics-card img{height:56px;width:auto}.block.statistics .statistics-card .card-top,.block.statistics .statistics-card .card-name,.block.statistics .statistics-card .card-border-wrap{width:60%}@media(min-width: 768px){.block.statistics .statistics-card .card-top,.block.statistics .statistics-card .card-name,.block.statistics .statistics-card .card-border-wrap{width:100%}}.block.statistics .statistics-card .card-top{text-align:right}@media(min-width: 768px){.block.statistics .statistics-card .card-top{display:flex;justify-content:space-between;align-items:baseline;overflow:hidden}}.block.statistics .statistics-card .card-top img{display:none}@media(min-width: 768px){.block.statistics .statistics-card .card-top img{display:block}}.block.statistics .statistics-card .card-border-wrap .card-border{width:calc(100% + 32px);height:5px;background:#e8412c;margin-top:5px;transform:translateX(-32px)}@media(min-width: 768px){.block.statistics .statistics-card .card-border-wrap .card-border{width:100%;transform:translateX(0);margin-top:12px}}.block.statistics .statistics-card .card-name{position:relative;margin-top:12px;font-size:32px;line-height:36px;font-weight:400;text-align:right}@media(min-width: 768px){.block.statistics .statistics-card .card-name{text-align:left;font-size:24px;line-height:30px;margin-top:8px}}.block.statistics .statistics-card .card-name img{position:absolute;right:-20px;bottom:0;transform:translate(100%, 10%)}@media(min-width: 768px){.block.statistics .statistics-card .card-name img{display:none}}\n\n\/*# sourceMappingURL=block-statistics.min.css.map*\/<\/style>\n<section id=\"statistics-block_5ebd5c1b3293953aa55d93306e8ca716\" class=\"block statistics bg-primary\">\n\t<div class=\"container\">\n        <div class=\"statistics-slider listing-wrap\">\n                            <div class=\"listing-col\">\n                    <div class=\"col-wrap\">\n                        <div class=\"statistics-card\" data-speed=\"2\">\n                            <div class=\"card-top\">\n                                                                    <img decoding=\"async\" src=\"https:\/\/grenweb01.blob.core.windows.net\/gren-web-prod\/sites\/3\/2023\/12\/Layer_1-1.svg\" alt=\"\" height=\"56\" width=\"77\" loading=\"lazy\">\n                                                                <h2>274 mln. \u20ac<\/h2>\n                            <\/div>\n                            <div class=\"card-border-wrap\">\n                                <div class=\"card-border\"><\/div>\n                            <\/div>\n                            <div class=\"card-name\">\n                                Pajamos                                                                    <img decoding=\"async\" src=\"https:\/\/grenweb01.blob.core.windows.net\/gren-web-prod\/sites\/3\/2023\/12\/Layer_1-1.svg\" class=\"mobile-icon\" alt=\"\" height=\"56\" width=\"77\" loading=\"lazy\">\n                                                            <\/div>\n                        <\/div>\n                    <\/div>\n                <\/div>\n                            <div class=\"listing-col\">\n                    <div class=\"col-wrap\">\n                        <div class=\"statistics-card\" data-speed=\"2\">\n                            <div class=\"card-top\">\n                                                                    <img decoding=\"async\" src=\"https:\/\/grenweb01.blob.core.windows.net\/gren-web-prod\/sites\/3\/2023\/12\/Asset-28-1.svg\" alt=\"\" height=\"56\" width=\"77\" loading=\"lazy\">\n                                                                <h2>3,2 TWh<\/h2>\n                            <\/div>\n                            <div class=\"card-border-wrap\">\n                                <div class=\"card-border\"><\/div>\n                            <\/div>\n                            <div class=\"card-name\">\n                                Energijos pardavimas                                                                    <img decoding=\"async\" src=\"https:\/\/grenweb01.blob.core.windows.net\/gren-web-prod\/sites\/3\/2023\/12\/Asset-28-1.svg\" class=\"mobile-icon\" alt=\"\" height=\"56\" width=\"77\" loading=\"lazy\">\n                                                            <\/div>\n                        <\/div>\n                    <\/div>\n                <\/div>\n                            <div class=\"listing-col\">\n                    <div class=\"col-wrap\">\n                        <div class=\"statistics-card\" data-speed=\"2\">\n                            <div class=\"card-top\">\n                                                                    <img decoding=\"async\" src=\"https:\/\/grenweb01.blob.core.windows.net\/gren-web-prod\/sites\/3\/2023\/12\/Asset-26-1.svg\" alt=\"\" height=\"56\" width=\"77\" loading=\"lazy\">\n                                                                <h2>&gt;36 500<\/h2>\n                            <\/div>\n                            <div class=\"card-border-wrap\">\n                                <div class=\"card-border\"><\/div>\n                            <\/div>\n                            <div class=\"card-name\">\n                                Klientai                                                                    <img decoding=\"async\" src=\"https:\/\/grenweb01.blob.core.windows.net\/gren-web-prod\/sites\/3\/2023\/12\/Asset-26-1.svg\" class=\"mobile-icon\" alt=\"\" height=\"56\" width=\"77\" loading=\"lazy\">\n                                                            <\/div>\n                        <\/div>\n                    <\/div>\n                <\/div>\n                            <div class=\"listing-col\">\n                    <div class=\"col-wrap\">\n                        <div class=\"statistics-card\" data-speed=\"2\">\n                            <div class=\"card-top\">\n                                                                    <img decoding=\"async\" src=\"https:\/\/grenweb01.blob.core.windows.net\/gren-web-prod\/sites\/3\/2023\/11\/Layer_1-2.svg\" alt=\"\" height=\"56\" width=\"77\" loading=\"lazy\">\n                                                                <h2>500+<\/h2>\n                            <\/div>\n                            <div class=\"card-border-wrap\">\n                                <div class=\"card-border\"><\/div>\n                            <\/div>\n                            <div class=\"card-name\">\n                                Darbuotojai                                                                    <img decoding=\"async\" src=\"https:\/\/grenweb01.blob.core.windows.net\/gren-web-prod\/sites\/3\/2023\/11\/Layer_1-2.svg\" class=\"mobile-icon\" alt=\"\" height=\"56\" width=\"77\" loading=\"lazy\">\n                                                            <\/div>\n                        <\/div>\n                    <\/div>\n                <\/div>\n                    <\/div>\n\t<\/div>\n<\/section>\n\n\n<section id=\"full-width-written-content-block_4569c990bc51c84803a76bb337ba9147\" class=\"block full-width-written-content\">\n\t<div class=\"container\" data-block-animate>\n\t\t<div class=\"text-wrap\" data-animate-part><h3>\u201eGren\u201c priklauso bendrovei \u201ePartners Group\u201c<\/h3>\n<p>\u201eGren\u201c priklauso \u201ePartners Group\u201c, kuri yra viena did\u017eiausi\u0173 priva\u010dios rinkos investuotoj\u0173. \u201ePartners Group\u201c yra pasaulyje pirmaujanti bendrov\u0117 priva\u010diose rinkose. Nuo 1996 m. bendrov\u0117 savo klient\u0173 vardu visame pasaulyje investavo 200 mlrd. JAV doleri\u0173 \u012f privat\u0173 kapital\u0105, privat\u0173 nekilnojam\u0105j\u012f turt\u0105, priva\u010diojo sektoriaus skolas ir priva\u010di\u0105 infrastrukt\u016br\u0105. Atsi\u017evelgdama \u012f atskir\u0173 sektori\u0173 augimo tendencijas, \u201ePartners Group\u201c siekia u\u017edirbti patraukli\u0105 gr\u0105\u017e\u0105 ir paversti patrauklias \u012fmones bei turt\u0105 rinkos lyderiais. \u012emon\u0117 yra ry\u017etinga ir atsakinga investuotoja, siekianti tvarios gr\u0105\u017eos, tur\u0117sian\u010dios ilgalaik\u012f teigiam\u0105 poveik\u012f visiems jos partneriams. Bendrov\u0117je dirba daugiau kaip 1 800 \u012fvairi\u0173 sri\u010di\u0173 specialist\u0173 20 biur\u0173 visame pasaulyje, bendrov\u0117 turi regionines atstovybes Baro mieste (\u0160veicarija), Denveryje (JAV) ir Singap\u016bre. Nuo 2006 m. jos akcijos kotiruojamos SIX \u0160veicarijos bir\u017eoje (akcij\u0173 simbolis: PGHN).<\/p>\n<\/div>\t<\/div>\n<\/section>\n\n<style type=\"text\/css\">.zig-zag{padding:0;position:relative;overflow-y:hidden}.zig-zag.bg-dark-green,.zig-zag.bg-dark-red{color:#fff}.zig-zag.bg-light-green a{color:#fff}.zig-zag.bg-light-green a:after{background-color:#fff}.zig-zag.bg-light-green a:hover:after{background-color:#e8412c}.zig-zag .img-wrap,.zig-zag .text-wrap{width:100%;height:100%}.zig-zag .text-wrap{display:flex;padding:25px 16px 62px 24px;flex-direction:column;justify-content:space-between;align-items:flex-start;min-height:403px}.zig-zag .text-wrap .text{display:flex;flex-direction:column;align-items:flex-start;gap:48px}.zig-zag .text-wrap .text h2{margin:0;font-size:24px;line-height:28px;color:#9cbbba !important}.zig-zag .text-wrap .text h2.light-green{color:#9cbbba !important}.zig-zag .text-wrap .text h2.white{color:#fff !important}.zig-zag .text-wrap .text h2.black{color:#000 !important}.zig-zag .text-wrap p>a{font-weight:700;position:relative;transition:all ease-in-out .3s;margin-top:50px;display:inline-block}.zig-zag .text-wrap p>a:active{color:#9cbbba !important}.zig-zag .img-wrap{position:relative}.zig-zag .img-wrap img{object-fit:cover;object-position:center;width:100%;height:100%}.zig-zag .right-col{height:100%}.zig-zag .right-col p{opacity:.6;margin:12px 0 0}.zig-zag.reversed .row{justify-content:flex-end}@media(max-width: 767.98px){.zig-zag:not(.reversed) .right-col{order:1}.zig-zag:not(.reversed) .left-col{order:2}.zig-zag.reversed .left-col{order:2 !important}.zig-zag.reversed .right-col{order:1 !important}.zig-zag .img-wrap img{min-height:403px}.zig-zag .container{max-width:unset !important;padding:0}}@media(min-width: 768px){.zig-zag:not(.reversed) .left-col .text-wrap{padding-left:0 !important}.zig-zag.reversed .left-col{order:2}.zig-zag.reversed .right-col{order:1;right:unset;left:0}.zig-zag .text-wrap{padding:64px;gap:33px}.zig-zag .text-wrap .text{gap:33px}.zig-zag .text-wrap .text h2{font-size:36px;line-height:38px}.zig-zag .right-col{position:absolute;right:0}}@media(min-width: 992px){.zig-zag .row{gap:0}.zig-zag .text-wrap{padding:64px;max-width:500px}.zig-zag .text-wrap p>a{margin-top:0}.zig-zag .text-wrap p>a:hover{color:#e8412c}}\n\n\/*# sourceMappingURL=block-zig-zag.min.css.map*\/<\/style><section id=\"zig-zag-block_850224b42f87ef66a4d80e25d5563c5e\" class=\"block zig-zag bg-white\">\n    <div class=\"container\" data-block-animate>\n        <div class=\"row g-0\">\n            <div class=\"col-12 col-md-6 left-col\" data-animate-part>\n                <div class=\"text-wrap\"><div class=\"text\"><h3 class=\"black\">\u201eGren\u201c klient\u0173 baz\u0117 stipriai i\u0161augo<\/h2><div><p>\u201eGren\u201c klient\u0173 baz\u0117 stipriai i\u0161sipl\u0117t\u0117 d\u0117l nat\u016bralaus augimo ir energetikos \u012fmoni\u0173 \u012fsigijimo Baltijos \u0161alyse ir Jungtin\u0117je Karalyst\u0117je.<\/p>\n<\/div><\/div>                                                            <div class=\"buttons-container buttons-container-left\">\n                                    <a class=\"btn btn-underline-dark\" href=\"https:\/\/gren.com\/news\/gren-marks-two-years-of-exciting-growth-and-development-journey\/\"\n                                       title=\"\u201eGren\u201c mini dvejus \u012fsp\u016bdingo augimo metus\"\n                                        target=\"_blank\">\n                                        \u201eGren\u201c mini dvejus \u012fsp\u016bdingo augimo metus                                    <\/a>\n                                <\/div>\n                                                    <\/div>            <\/div><!--\/.col-->\n            <div class=\"col-12 col-md-6 right-col\" data-animate-part>\n                <div class=\"img-wrap\"><img data-lazy-src=\"https:\/\/grenweb01.blob.core.windows.net\/gren-web-prod\/sites\/3\/2023\/12\/Gren_logo_RGB-1.png\" alt=\"\"  \/><\/div>            <\/div><!--\/.col-->\n        <\/div>\n    <\/div>\n<\/section>\n\n<style type=\"text\/css\">.subscription-form{background-size:cover;background-repeat:no-repeat;background-position:center}.subscription-form .form-container{display:flex;flex-direction:column;align-items:flex-start;gap:24px;flex-shrink:0;padding:24px}.subscription-form .form-container h2{color:#fff;font-size:32px;line-height:36px;max-width:250px}.subscription-form form{display:flex;align-items:flex-start;align-content:flex-start;gap:24px;flex-wrap:wrap;width:100%}.subscription-form form .error,.subscription-form form .success{width:100%;border-radius:8px;border:none;background-color:#e8412c !important;padding:16px 24px !important;margin:0 !important;color:#fff;box-shadow:none;font-size:16px;line-height:24px}.subscription-form form .success{background-color:#9cbbba !important}.subscription-form form input[type=text],.subscription-form form input[type=email]{max-width:250px;width:100%;height:48px;display:block;border:1px solid #9cbbba;color:#18213b !important;border-radius:8px;padding:8px 24px !important;font-size:16px !important;line-height:42px;outline:none;transition:all ease-in-out .2s}.subscription-form form input[type=text]::placeholder,.subscription-form form input[type=email]::placeholder{color:rgba(24,33,59,.3490196078)}.subscription-form form input[type=text]:focus,.subscription-form form input[type=email]:focus{box-shadow:0 2px 8px 0 rgba(0,0,0,.15)}.subscription-form form button{transition:all .3s cubic-bezier(0.35, 0, 0, 1);padding:12px 20px;font-weight:700;line-height:1.5;text-align:center;cursor:pointer;outline:none;text-shadow:none;text-decoration:none;border:1px solid rgba(0,0,0,0);border-radius:56px;font-size:16px;padding:12px 24px;color:#9cbbba;background-color:#18213b}@media(min-width: 992px){.subscription-form form button:hover{background-color:#e8412c;color:#fff}}.subscription-form form button:active{background-color:#e8412c;color:#000}@media(max-width: 767.98px){.subscription-form form p{width:100%}}@media(min-width: 768px){.subscription-form .form-container{padding:0}.subscription-form .form-container h2{max-width:unset}.subscription-form form{max-width:540px}.subscription-form form p:not(.error):not(.success):not(:last-child){flex:1}.subscription-form form input[type=text],.subscription-form form input[type=email]{width:394px;max-width:unset}}\n\n\/*# sourceMappingURL=block-subscription-form.min.css.map*\/<\/style><section id=\"subscription-form-block_3eeb5975da78fc39ffb478692ca8a764\" class=\"block subscription-form\"\n         data-lazy-style=\"background-image: url(https:\/\/grenweb01.blob.core.windows.net\/gren-web-prod\/sites\/3\/2024\/09\/image-66d989c26bbd2.jpg)\">\n\t<div class=\"container\" data-block-animate>\n        <div class=\"form-container\" data-animate-part>\n            <h2>Prenumeruokite \u201eGren\u201c naujienas<\/h2>\n            \n<form id=\"smly\" action=\"https:\/\/grentransactional.sendsmaily.net\/api\/opt-in\/\" method=\"post\">\n\t<p class=\"error\" style=\"padding:15px;background-color:#f2dede;margin:0 0 10px;display:none\">\n\t\tSubscribing failed with unknown reason.\t<\/p>\n\t<p class=\"success\" style=\"padding:15px;background-color:#dff0d8;margin:0 0 10px;display:none\">\n\t\tSubscribing failed with unknown reason.\t<\/p>\n\t\t<input type=\"hidden\" name=\"language\" value=\"en\" \/>\n\t<input type=\"hidden\" name=\"success_url\" value=\"https:\/\/gren.com\/lt\/wp-json\/wp\/v2\/pages\/10?form-id=subscription-form-block_3eeb5975da78fc39ffb478692ca8a764\" \/>\n\t<input type=\"hidden\" name=\"failure_url\" value=\"https:\/\/gren.com\/lt\/wp-json\/wp\/v2\/pages\/10?form-id=subscription-form-block_3eeb5975da78fc39ffb478692ca8a764\" \/>\n\t<p>\n\t\t<input type=\"text\" name=\"email\" value=\"\" placeholder=\"Email\" required \/>\n\t<\/p>\n\t\t<p>\n\t\t<button type=\"submit\">\n\t\t\tSubscribe\t\t<\/button>\n\t<\/p>\n<\/form>\n        <\/div>\n\t<\/div>\n<\/section>\n\n<script>\n    var subscriptionSuccessText = \"D\\u0117kojame! U\\u017esiprenumeravote \\u201eGren\\u201c naujienas\";\n    var subscriptionWrongEmail = \"Pra\\u0161ome \\u012fra\\u0161yti teising\\u0105 el. pa\\u0161to adres\\u0105\";\n    var subscriptionButtonText = \"Prenumeruoti\";\n<\/script>","protected":false},"excerpt":{"rendered":"","protected":false},"author":1,"featured_media":0,"parent":0,"menu_order":0,"comment_status":"closed","ping_status":"closed","template":"","meta":{"_acf_changed":false,"footnotes":""},"class_list":["post-10","page","type-page","status-publish","hentry"],"acf":[],"yoast_head":"<!-- This site is optimized with the Yoast SEO plugin v26.8 - https:\/\/yoast.com\/product\/yoast-seo-wordpress\/ -->\n<title>Apie mus - Gren Lietuva<\/title>\n<meta name=\"description\" content=\"\u201eGren\u201c daugiausia d\u0117mesio skiria tvarios energijos gamybai i\u0161 vietini\u0173 atsinaujinan\u010di\u0173 energijos \u0161altini\u0173.\" \/>\n<meta name=\"robots\" content=\"index, follow, max-snippet:-1, max-image-preview:large, max-video-preview:-1\" \/>\n<link rel=\"canonical\" href=\"https:\/\/gren.com\/lt\/apie-mus\/\" \/>\n<meta property=\"og:locale\" content=\"en_US\" \/>\n<meta property=\"og:type\" content=\"article\" \/>\n<meta property=\"og:title\" content=\"Apie mus - Gren Lietuva\" \/>\n<meta property=\"og:description\" content=\"\u201eGren\u201c daugiausia d\u0117mesio skiria tvarios energijos gamybai i\u0161 vietini\u0173 atsinaujinan\u010di\u0173 energijos \u0161altini\u0173.\" \/>\n<meta property=\"og:url\" content=\"https:\/\/gren.com\/lt\/apie-mus\/\" \/>\n<meta property=\"og:site_name\" content=\"Gren Lietuva\" \/>\n<meta property=\"article:modified_time\" content=\"2026-02-03T08:00:22+00:00\" \/>\n<meta name=\"twitter:card\" content=\"summary_large_image\" \/>\n<meta name=\"twitter:label1\" content=\"Est. reading time\" \/>\n\t<meta name=\"twitter:data1\" content=\"4 minutes\" \/>\n<script type=\"application\/ld+json\" class=\"yoast-schema-graph\">{\"@context\":\"https:\/\/schema.org\",\"@graph\":[{\"@type\":\"WebPage\",\"@id\":\"https:\/\/gren.com\/lt\/apie-mus\/\",\"url\":\"https:\/\/gren.com\/lt\/apie-mus\/\",\"name\":\"Apie mus - Gren Lietuva\",\"isPartOf\":{\"@id\":\"https:\/\/gren.com\/lt\/#website\"},\"datePublished\":\"2023-10-16T08:52:16+00:00\",\"dateModified\":\"2026-02-03T08:00:22+00:00\",\"description\":\"\u201eGren\u201c daugiausia d\u0117mesio skiria tvarios energijos gamybai i\u0161 vietini\u0173 atsinaujinan\u010di\u0173 energijos \u0161altini\u0173.\",\"breadcrumb\":{\"@id\":\"https:\/\/gren.com\/lt\/apie-mus\/#breadcrumb\"},\"inLanguage\":\"en-US\",\"potentialAction\":[{\"@type\":\"ReadAction\",\"target\":[\"https:\/\/gren.com\/lt\/apie-mus\/\"]}]},{\"@type\":\"BreadcrumbList\",\"@id\":\"https:\/\/gren.com\/lt\/apie-mus\/#breadcrumb\",\"itemListElement\":[{\"@type\":\"ListItem\",\"position\":1,\"name\":\"Home\",\"item\":\"https:\/\/gren.com\/lt\/\"},{\"@type\":\"ListItem\",\"position\":2,\"name\":\"Apie mus\"}]},{\"@type\":\"WebSite\",\"@id\":\"https:\/\/gren.com\/lt\/#website\",\"url\":\"https:\/\/gren.com\/lt\/\",\"name\":\"Gren Lietuva\",\"description\":\"\u017daliosios energetikos \u012fmon\u0117\",\"potentialAction\":[{\"@type\":\"SearchAction\",\"target\":{\"@type\":\"EntryPoint\",\"urlTemplate\":\"https:\/\/gren.com\/lt\/?s={search_term_string}\"},\"query-input\":{\"@type\":\"PropertyValueSpecification\",\"valueRequired\":true,\"valueName\":\"search_term_string\"}}],\"inLanguage\":\"en-US\"}]}<\/script>\n<!-- \/ Yoast SEO plugin. -->","yoast_head_json":{"title":"Apie mus - Gren Lietuva","description":"\u201eGren\u201c daugiausia d\u0117mesio skiria tvarios energijos gamybai i\u0161 vietini\u0173 atsinaujinan\u010di\u0173 energijos \u0161altini\u0173.","robots":{"index":"index","follow":"follow","max-snippet":"max-snippet:-1","max-image-preview":"max-image-preview:large","max-video-preview":"max-video-preview:-1"},"canonical":"https:\/\/gren.com\/lt\/apie-mus\/","og_locale":"en_US","og_type":"article","og_title":"Apie mus - Gren Lietuva","og_description":"\u201eGren\u201c daugiausia d\u0117mesio skiria tvarios energijos gamybai i\u0161 vietini\u0173 atsinaujinan\u010di\u0173 energijos \u0161altini\u0173.","og_url":"https:\/\/gren.com\/lt\/apie-mus\/","og_site_name":"Gren Lietuva","article_modified_time":"2026-02-03T08:00:22+00:00","twitter_card":"summary_large_image","twitter_misc":{"Est. reading time":"4 minutes"},"schema":{"@context":"https:\/\/schema.org","@graph":[{"@type":"WebPage","@id":"https:\/\/gren.com\/lt\/apie-mus\/","url":"https:\/\/gren.com\/lt\/apie-mus\/","name":"Apie mus - Gren Lietuva","isPartOf":{"@id":"https:\/\/gren.com\/lt\/#website"},"datePublished":"2023-10-16T08:52:16+00:00","dateModified":"2026-02-03T08:00:22+00:00","description":"\u201eGren\u201c daugiausia d\u0117mesio skiria tvarios energijos gamybai i\u0161 vietini\u0173 atsinaujinan\u010di\u0173 energijos \u0161altini\u0173.","breadcrumb":{"@id":"https:\/\/gren.com\/lt\/apie-mus\/#breadcrumb"},"inLanguage":"en-US","potentialAction":[{"@type":"ReadAction","target":["https:\/\/gren.com\/lt\/apie-mus\/"]}]},{"@type":"BreadcrumbList","@id":"https:\/\/gren.com\/lt\/apie-mus\/#breadcrumb","itemListElement":[{"@type":"ListItem","position":1,"name":"Home","item":"https:\/\/gren.com\/lt\/"},{"@type":"ListItem","position":2,"name":"Apie mus"}]},{"@type":"WebSite","@id":"https:\/\/gren.com\/lt\/#website","url":"https:\/\/gren.com\/lt\/","name":"Gren Lietuva","description":"\u017daliosios energetikos \u012fmon\u0117","potentialAction":[{"@type":"SearchAction","target":{"@type":"EntryPoint","urlTemplate":"https:\/\/gren.com\/lt\/?s={search_term_string}"},"query-input":{"@type":"PropertyValueSpecification","valueRequired":true,"valueName":"search_term_string"}}],"inLanguage":"en-US"}]}},"_links":{"self":[{"href":"https:\/\/gren.com\/lt\/wp-json\/wp\/v2\/pages\/10","targetHints":{"allow":["GET"]}}],"collection":[{"href":"https:\/\/gren.com\/lt\/wp-json\/wp\/v2\/pages"}],"about":[{"href":"https:\/\/gren.com\/lt\/wp-json\/wp\/v2\/types\/page"}],"author":[{"embeddable":true,"href":"https:\/\/gren.com\/lt\/wp-json\/wp\/v2\/users\/1"}],"replies":[{"embeddable":true,"href":"https:\/\/gren.com\/lt\/wp-json\/wp\/v2\/comments?post=10"}],"version-history":[{"count":175,"href":"https:\/\/gren.com\/lt\/wp-json\/wp\/v2\/pages\/10\/revisions"}],"predecessor-version":[{"id":17248,"href":"https:\/\/gren.com\/lt\/wp-json\/wp\/v2\/pages\/10\/revisions\/17248"}],"wp:attachment":[{"href":"https:\/\/gren.com\/lt\/wp-json\/wp\/v2\/media?parent=10"}],"curies":[{"name":"wp","href":"https:\/\/api.w.org\/{rel}","templated":true}]}}