{"id":12371,"date":"2023-12-21T11:33:14","date_gmt":"2023-12-21T09:33:14","guid":{"rendered":"https:\/\/web-staging.gren.com\/ltu\/?page_id=12371"},"modified":"2026-02-05T13:34:50","modified_gmt":"2026-02-05T11:34:50","slug":"pramones-energetika-gren","status":"publish","type":"page","link":"https:\/\/gren.com\/lt\/pramones-energetika-gren\/","title":{"rendered":"Pramon\u0117s energetika"},"content":{"rendered":"<style type=\"text\/css\">.page-hero{padding:140px 0 30px;position:relative}.page-hero-content{max-width:300px}.page-hero h4,.page-hero p{font-size:16px;font-weight:400;line-height:24px}.page-hero .date{margin-top:24px;color:#fff;font-size:20px}.page-hero-video-wrap{position:absolute;top:0;left:0;width:100%;height:100%;z-index:-1;overflow:hidden}.page-hero-video{width:100%;height:100%;object-fit:cover}@media(min-width: 576px){.page-hero-content{max-width:850px}}@media(min-width: 992px){.page-hero{padding:210px 0 64px}.page-hero h4,.page-hero p{font-size:24px;line-height:30px}}\n\n\/*# sourceMappingURL=block-page-hero.min.css.map*\/<\/style><section id=\"page-hero-block_cde178d1f9b73b7bf3dd617b6847bf8f\" class=\"block page-hero\" style=\"background: url(https:\/\/grenweb01.blob.core.windows.net\/gren-web-prod\/sites\/3\/2024\/09\/image-12.jpg) no-repeat center\/cover\">\n\t<div class=\"container\"  data-block-animate>\n\t\t\t\t\t<div class=\"page-hero-content text-wrap\"  data-animate-part>\n\t\t\t\t<h1><span style=\"color: #ffffff\">Pramon\u0117s energetika<\/span><\/h1>\n\n                \t\t\t<\/div>\n\t\t\t<\/div>\n<\/section>\n\n<style type=\"text\/css\">.full-width-written-content p>a{font-weight:700}\n\n\/*# sourceMappingURL=block-full-width-written-content.min.css.map*\/<\/style><section id=\"full-width-written-content-block_2f530e4acfed4e26c122e216183a6c8f\" class=\"block full-width-written-content\">\n\t<div class=\"container\" data-block-animate>\n\t\t<div class=\"text-wrap\" data-animate-part><h3>Pramon\u0117s klientams si\u016blome auk\u0161\u010diausios klas\u0117s kompetencij\u0105<\/h3>\n<p>M\u016bs\u0173 klientams reikia sprendim\u0173, kuriais b\u016bt\u0173 atsi\u017evelgta \u012f finansinius ir techninius apribojimus, b\u016bt\u0173 u\u017etikrinamas prieinamumas ir saugumas bei atsparumas dideliems poky\u010diams.<\/p>\n<p>Pramon\u0117s klientams si\u016blome auk\u0161\u010diausios klas\u0117s kompetencij\u0105 ir individualiai pritaikytas energetikos paslaugas, padedan\u010dias jiems tapti konkurencingesniems.<\/p>\n<p>\u201eGren\u201c padeda savo partneriams i\u0161 esm\u0117s suma\u017einti i\u0161metam\u0173j\u0173 ter\u0161al\u0173 kiek\u012f \u0161iomis priemon\u0117mis:<\/p>\n<ul>\n<li>Pramonin\u0117s energetikos paslaugomis, pasitelkiant didelius paj\u0117gumus<\/li>\n<li>Pramoniniais v\u0117sinimo sprendimais<\/li>\n<li>Atliekin\u0117s \u0161ilumos panaudojimo sprendimais<\/li>\n<li>Baterij\u0173 sprendimais<\/li>\n<li>\u012erangos optimizavimo, steb\u0117jimo ir technin\u0117s prie\u017ei\u016bros paslaugomis<\/li>\n<\/ul>\n<p>Si\u016blome energijos sprendimus \u012fvairiems sektoriams, \u012fskaitant maisto, mi\u0161kininkyst\u0117s, energetikos ir logistikos pramon\u0119. Esame sukaup\u0119 reik\u0161mingos darbo su statyb\u0173 pramone ir visais pramoniniais energijos vartotojais patirties.<\/p>\n<p>M\u016bs\u0173 pramonin\u0117s energetikos paslaugos gali b\u016bti teikiamos dideliu mastu \u012fvairiems partneriams \u2013 galime pritaikyti savo paslaugas konkre\u010diai j\u016bs\u0173 poreikiams, o m\u016bs\u0173 patirtis ir profesionalumas praver\u010dia kiekviename projekte, prie kurio dirbame.<\/p>\n<p>Kuriame energij\u0105 atei\u010diai \u0161iandien. Palaikome glaud\u017eius ry\u0161ius su technologij\u0173 ekspertais, galin\u010diais pad\u0117ti optimizuoti m\u016bs\u0173 energetikos sprendinius, pavyzd\u017eiui, su Suomijos VTT technini\u0173 tyrim\u0173 centru. Kadangi orientuojam\u0117s \u012f ateit\u012f, galime kurti ilgalaikius sprendimus ir naud\u0105 savo partneriams bei pad\u0117ti jiems planuoti tvaresn\u0119 ateit\u012f.<\/p>\n<\/div>\t<\/div>\n<\/section>\n\n<style type=\"text\/css\">.zig-zag{padding:0;position:relative;overflow-y:hidden}.zig-zag.bg-dark-green,.zig-zag.bg-dark-red{color:#fff}.zig-zag.bg-light-green a{color:#fff}.zig-zag.bg-light-green a:after{background-color:#fff}.zig-zag.bg-light-green a:hover:after{background-color:#e8412c}.zig-zag .img-wrap,.zig-zag .text-wrap{width:100%;height:100%}.zig-zag .text-wrap{display:flex;padding:25px 16px 62px 24px;flex-direction:column;justify-content:space-between;align-items:flex-start;min-height:403px}.zig-zag .text-wrap .text{display:flex;flex-direction:column;align-items:flex-start;gap:48px}.zig-zag .text-wrap .text h2{margin:0;font-size:24px;line-height:28px;color:#9cbbba !important}.zig-zag .text-wrap .text h2.light-green{color:#9cbbba !important}.zig-zag .text-wrap .text h2.white{color:#fff !important}.zig-zag .text-wrap .text h2.black{color:#000 !important}.zig-zag .text-wrap p>a{font-weight:700;position:relative;transition:all ease-in-out .3s;margin-top:50px;display:inline-block}.zig-zag .text-wrap p>a:active{color:#9cbbba !important}.zig-zag .img-wrap{position:relative}.zig-zag .img-wrap img{object-fit:cover;object-position:center;width:100%;height:100%}.zig-zag .right-col{height:100%}.zig-zag .right-col p{opacity:.6;margin:12px 0 0}.zig-zag.reversed .row{justify-content:flex-end}@media(max-width: 767.98px){.zig-zag:not(.reversed) .right-col{order:1}.zig-zag:not(.reversed) .left-col{order:2}.zig-zag.reversed .left-col{order:2 !important}.zig-zag.reversed .right-col{order:1 !important}.zig-zag .img-wrap img{min-height:403px}.zig-zag .container{max-width:unset !important;padding:0}}@media(min-width: 768px){.zig-zag:not(.reversed) .left-col .text-wrap{padding-left:0 !important}.zig-zag.reversed .left-col{order:2}.zig-zag.reversed .right-col{order:1;right:unset;left:0}.zig-zag .text-wrap{padding:64px;gap:33px}.zig-zag .text-wrap .text{gap:33px}.zig-zag .text-wrap .text h2{font-size:36px;line-height:38px}.zig-zag .right-col{position:absolute;right:0}}@media(min-width: 992px){.zig-zag .row{gap:0}.zig-zag .text-wrap{padding:64px;max-width:500px}.zig-zag .text-wrap p>a{margin-top:0}.zig-zag .text-wrap p>a:hover{color:#e8412c}}\n\n\/*# sourceMappingURL=block-zig-zag.min.css.map*\/<\/style><section id=\"zig-zag-block_4afb6bcfb0fcc0c9ea562cc389dae32d\" class=\"block zig-zag bg-light-grey\">\n    <div class=\"container\" data-block-animate>\n        <div class=\"row g-0\">\n            <div class=\"col-12 col-md-6 left-col\" data-animate-part>\n                <div class=\"text-wrap\"><div class=\"text\"><h3 class=\"black\">Pramon\u0117s energetikos paslaugos \u201eJuodeliams\u201c<\/h2><div><p>\u201eGren\u201c u\u017etikrina patikim\u0105 bei tvar\u0173 pramonin\u0117s \u0161ilumos \u0161altin\u012f \u201eJuodeli\u0173\u201c gamybos pl\u0117trai Marijampol\u0117s padalinyje. Bendradarbiaujant \u012fgyvendintas kompleksinis pramon\u0117s energetikos paslaug\u0173 sprendimas, leid\u017eiantis medienos apdirbimo metu susidariusi\u0105 \u0161alutin\u0119 produkcij\u0105 paversti vertinga pramonine \u0161iluma, b\u016btina medienos d\u017eiovinimo procesui \u201eJuodeli\u0173\u201c gamykloje.<\/p>\n<\/div><\/div>                                                            <div class=\"buttons-container buttons-container-left\">\n                                    <a class=\"btn btn-underline-dark\" href=\"https:\/\/gren.com\/lt\/naujienos\/gren-tiekia-tvarias-pramones-energetikos-paslaugas-juodeliams\/?swcfpc=1\"\n                                       title=\"\u201eGren\u201c partneryst\u0117 su \u201eJuodeliais\u201c \"\n                                        target=\"_blank\">\n                                        \u201eGren\u201c partneryst\u0117 su \u201eJuodeliais\u201c                                     <\/a>\n                                <\/div>\n                                                    <\/div>            <\/div><!--\/.col-->\n            <div class=\"col-12 col-md-6 right-col\" data-animate-part>\n                <div class=\"img-wrap\"><img data-lazy-src=\"https:\/\/grenweb01.blob.core.windows.net\/gren-web-prod\/sites\/3\/2026\/02\/Gren_Juodeliai-scaled.jpg\" alt=\"\"  \/><\/div>            <\/div><!--\/.col-->\n        <\/div>\n    <\/div>\n<\/section>\n\n<section id=\"zig-zag-block_61d76e4a6a6e67697e9817c2062f7b51\" class=\"block zig-zag bg-light-grey reversed\">\n    <div class=\"container\" data-block-animate>\n        <div class=\"row g-0\">\n            <div class=\"col-12 col-md-6 left-col\" data-animate-part>\n                <div class=\"text-wrap\"><div class=\"text\"><h3 class=\"black\">Pramoninio v\u0117sinimo sprendimas \u201eE-Piim\u201c pienininkyst\u0117s kompleksui<\/h2><div><p>\u201eGren\u201c teikiamos pramonin\u0117s energetikos paslaugos ir patirtis leid\u017eia mums suma\u017einti su gamyklos statyba ir eksploatavimu susijusi\u0105 rizik\u0105 ir susitelkti ties pagrindine veikla\u201c, \u2013 sako Randel Veerits, \u201eE-Piim\u201c gamyklos direktorius.<\/p>\n<\/div><\/div>                                                            <div class=\"buttons-container buttons-container-left\">\n                                    <a class=\"btn btn-underline-dark\" href=\"https:\/\/gren.com\/lt\/naujienos\/gren-kuria-aukstuju-technologiju-pramoninio-vesinimo-sistema-e-piim-pienininkystes-kompleksui-paideje-estijoje\/\"\n                                       title=\"\u201eE-Piim\u201c pienininkyst\u0117s kompleksas Paid\u0117je, Estijoje\"\n                                        target=\"_blank\">\n                                        \u201eE-Piim\u201c pienininkyst\u0117s kompleksas Paid\u0117je, Estijoje                                    <\/a>\n                                <\/div>\n                                                    <\/div>            <\/div><!--\/.col-->\n            <div class=\"col-12 col-md-6 right-col\" data-animate-part>\n                <div class=\"img-wrap\"><img data-lazy-src=\"https:\/\/grenweb01.blob.core.windows.net\/gren-web-prod\/sites\/3\/2024\/10\/e-piim.jpg\" alt=\"\"  \/><\/div>            <\/div><!--\/.col-->\n        <\/div>\n    <\/div>\n<\/section>\n\n<section id=\"full-width-written-content-block_a7b854f887ae8ee5099b399b5606ec1a\" class=\"block full-width-written-content\">\n\t<div class=\"container\" data-block-animate>\n\t\t<div class=\"text-wrap\" data-animate-part><h3>J\u016bs\u0173 augimui atsidavusi komanda<\/h3>\n<p>Visuose projektavimo, eksploatavimo ir technin\u0117s prie\u017ei\u016bros etapuose taikome ai\u0161kius ir skaidrius veiklos modelius, taip pat naudojame atvir\u0105 ir lanks\u010di\u0105 kainodar\u0105. J\u016bs\u0173 \u201eGren\u201c komanda turi did\u017eiul\u0119 patirt\u012f energetikos sektoriuje \u2013 esame ekspertai, gebantys sukurti kokybi\u0161k\u0173 energijos sprendim\u0173 k\u016brimo, diegimo ir prie\u017ei\u016bros sinergij\u0105.<\/p>\n<p>Manome, kad partnerystei b\u016btinas atvirumas ir bendradarbiavimas, \u2013 lankstumu grind\u017eiame visus individualizuotus pramonin\u0117s energijos sprendimus.<\/p>\n<p>Dedame daug pastang\u0173, siekdami pad\u0117ti savo klientams \u012fgyvendinti j\u0173 tvarumo tikslus. M\u016bs\u0173 teikiamos pramonin\u0117s energetikos paslaugos suteikia klientams galimyb\u0119 naudotis aplinkosaugos ir ekonominiu po\u017ei\u016briu tvariais sprendimais, kurie ap\u010diuopiamai prisideda prie i\u0161metamo anglies dioksido kiekio ma\u017einimo.<\/p>\n<p>Galime pad\u0117ti sustiprinti j\u016bs\u0173 pagrindin\u012f versl\u0105, optimizuoti gamybos ir verslo procesus bei patobulinti tiekimo grandines. Kartu galime pad\u0117ti jums tvariai augti \u2013 m\u016bs\u0173 komanda yra pasirengusi surasti jums reikalingus energijos sprendimus. Sveiki prisijung\u0119 prie \u201eGren\u201c!<\/p>\n<\/div>\t<\/div>\n<\/section>\n\n<style type=\"text\/css\">.accordion-contacts .listing-wrap{margin-top:32px;display:flex;flex-wrap:wrap;gap:16px}.accordion-contacts .listing-wrap .listing-col{width:100%}@media(min-width: 768px){.accordion-contacts .listing-wrap .listing-col{width:calc(50% - 8px)}}.accordion-contacts .accordion-contact-item button{position:relative;width:100%;padding:24px 48px 24px 24px;background:#d7e4e3;font-size:24px;font-weight:700;line-height:30px;border-radius:8px;border:none;text-align:left}.accordion-contacts .accordion-contact-item button span{margin-right:24px}.accordion-contacts .accordion-contact-item button svg{position:absolute;top:28px;right:24px;width:12px;height:24px;transition:transform .15s}.accordion-contacts .accordion-contact-item button svg path{transition:stroke .3s}@media(min-width: 992px){.accordion-contacts .accordion-contact-item button:hover:hover svg path{stroke:#18213b}}.accordion-contacts .accordion-contact-item .accordion-content{transition:height .35s ease-in-out;overflow:hidden;display:none}.accordion-contacts .accordion-contact-item.is-open button svg{transform:rotate(90deg)}.accordion-contacts .accordion-contact-item.is-open button svg path{stroke:#18213b}.accordion-contacts .accordion-contact-item.is-open .accordion-content{display:block}.accordion-contacts .accordion-contact-card{padding:24px 16px}.accordion-contacts .accordion-contact-card:not(:first-child){border-bottom:1px solid #9cbbba}.accordion-contacts .accordion-contact-card:nth-child(2){border-top:1px solid #9cbbba}.accordion-contacts .accordion-contact-card h4{font-size:24px;line-height:30px}.accordion-contacts .accordion-contact-card a{display:block;font-weight:700;color:#18213b}@media(min-width: 992px){.accordion-contacts .accordion-contact-card a:hover{color:#e8412c}}.accordion-contacts .accordion-contact-card a:first-of-type{margin-top:24px}.accordion-contacts .accordion-contact-card p{margin-top:24px}.accordion-contacts .accordion-contact-card .col-image{width:150px;height:180px;margin-left:16px;overflow:hidden;border-radius:8px}.accordion-contacts .accordion-contact-card .col-image img{object-fit:cover;object-position:center;width:100%;height:100%}\n\n\/*# sourceMappingURL=block-accordion-contacts.min.css.map*\/<\/style><section id=\"accordion-contacts-block_4c0c64f956220aa333a8ac231f6dd4f4\" class=\"block accordion-contacts\">\n\t<div class=\"container\" data-block-animate>\n        <div class=\"text-wrap\" data-animate-part>\n            <h3>Kontaktai<\/h3>\n        <\/div>\n                    <div class=\"listing-wrap\">\n                                    <div class=\"listing-col\" data-animate-part>\n                        <div class=\"accordion-contact-item\">\n                            <div class=\"accordion-header\">\n                                <button type=\"button\">\n                                    <span>Pramon\u0117s energetikos paslaugos<\/span>\n                                    <svg width=\"16\" height=\"28\" viewBox=\"0 0 16 28\" fill=\"none\" xmlns=\"http:\/\/www.w3.org\/2000\/svg\">\n                                        <path d=\"M1.49609 2L14.0002 14L1.49609 26\" stroke=\"white\" stroke-width=\"3\" stroke-linecap=\"round\" stroke-linejoin=\"round\"\/>\n                                    <\/svg>\n                                <\/button>\n                            <\/div>\n                            <div class=\"accordion-content\">\n                                <div class=\"accordion-body\">\n                                    \n                                                                                    <div class=\"accordion-contact-card\">\n                                                <div class=\"row flex-nowrap g-0 position-relative\">\n                                                    <div class=\"col\">\n                                                        <h4>Gediminas Venckus<\/h4>\n                                                                                                                                                                            <p>Verslo pl\u0117tros vadovas Baltijoje<\/p>\n                                                                                                                                                                                                                                    <a href=\"mailto:gediminas.venckus@gren.com\">\n                                                                gediminas.venckus@gren.com                                                            <\/a>\n                                                                                                            <\/div>\n                                                                                                            <div class=\"col-auto col-image\">\n                                                            <img loading=\"lazy\" decoding=\"async\" width=\"225\" height=\"300\" src=\"https:\/\/grenweb01.blob.core.windows.net\/gren-web-prod\/sites\/3\/2025\/05\/Gediminas-Venckus-225x300.jpeg\" class=\"attachment-medium size-medium\" alt=\"\" srcset=\"https:\/\/grenweb01.blob.core.windows.net\/gren-web-prod\/sites\/3\/2025\/05\/Gediminas-Venckus-225x300.jpeg 225w, https:\/\/grenweb01.blob.core.windows.net\/gren-web-prod\/sites\/3\/2025\/05\/Gediminas-Venckus.jpeg 627w\" sizes=\"auto, (max-width: 225px) 100vw, 225px\" \/>                                                        <\/div>\n                                                                                                    <\/div>\n\n                                            <\/div>\n                                                                            \n                                <\/div>\n                            <\/div>\n                        <\/div>\n                    <\/div>\n                            <\/div>\n        \t<\/div>\n<\/section>\n","protected":false},"excerpt":{"rendered":"","protected":false},"author":10,"featured_media":0,"parent":0,"menu_order":0,"comment_status":"closed","ping_status":"closed","template":"","meta":{"_acf_changed":false,"footnotes":""},"class_list":["post-12371","page","type-page","status-publish","hentry"],"acf":[],"yoast_head":"<!-- This site is optimized with the Yoast SEO plugin v26.8 - https:\/\/yoast.com\/product\/yoast-seo-wordpress\/ -->\n<title>Pramon\u0117s energetika - Gren Lietuva<\/title>\n<meta name=\"description\" content=\"Si\u016blome energijos sprendimus \u012fvairiems sektoriams, \u012fskaitant maisto, mi\u0161kininkyst\u0117s, energetikos ir logistikos pramon\u0119. Esame sukaup\u0119 reik\u0161mingos darbo su statyb\u0173 pramone ir visais pramoniniais energijos vartotojais patirties.\" \/>\n<meta name=\"robots\" content=\"index, follow, max-snippet:-1, max-image-preview:large, max-video-preview:-1\" \/>\n<link rel=\"canonical\" href=\"https:\/\/gren.com\/lt\/pramones-energetika-gren\/\" \/>\n<meta property=\"og:locale\" content=\"en_US\" \/>\n<meta property=\"og:type\" content=\"article\" \/>\n<meta property=\"og:title\" content=\"Pramon\u0117s energetika - Gren Lietuva\" \/>\n<meta property=\"og:description\" content=\"Si\u016blome energijos sprendimus \u012fvairiems sektoriams, \u012fskaitant maisto, mi\u0161kininkyst\u0117s, energetikos ir logistikos pramon\u0119. Esame sukaup\u0119 reik\u0161mingos darbo su statyb\u0173 pramone ir visais pramoniniais energijos vartotojais patirties.\" \/>\n<meta property=\"og:url\" content=\"https:\/\/gren.com\/lt\/pramones-energetika-gren\/\" \/>\n<meta property=\"og:site_name\" content=\"Gren Lietuva\" \/>\n<meta property=\"article:modified_time\" content=\"2026-02-05T11:34:50+00:00\" \/>\n<meta name=\"twitter:card\" content=\"summary_large_image\" \/>\n<meta name=\"twitter:label1\" content=\"Est. reading time\" \/>\n\t<meta name=\"twitter:data1\" content=\"3 minutes\" \/>\n<script type=\"application\/ld+json\" class=\"yoast-schema-graph\">{\"@context\":\"https:\/\/schema.org\",\"@graph\":[{\"@type\":\"WebPage\",\"@id\":\"https:\/\/gren.com\/lt\/pramones-energetika-gren\/\",\"url\":\"https:\/\/gren.com\/lt\/pramones-energetika-gren\/\",\"name\":\"Pramon\u0117s energetika - Gren Lietuva\",\"isPartOf\":{\"@id\":\"https:\/\/gren.com\/lt\/#website\"},\"datePublished\":\"2023-12-21T09:33:14+00:00\",\"dateModified\":\"2026-02-05T11:34:50+00:00\",\"description\":\"Si\u016blome energijos sprendimus \u012fvairiems sektoriams, \u012fskaitant maisto, mi\u0161kininkyst\u0117s, energetikos ir logistikos pramon\u0119. Esame sukaup\u0119 reik\u0161mingos darbo su statyb\u0173 pramone ir visais pramoniniais energijos vartotojais patirties.\",\"breadcrumb\":{\"@id\":\"https:\/\/gren.com\/lt\/pramones-energetika-gren\/#breadcrumb\"},\"inLanguage\":\"en-US\",\"potentialAction\":[{\"@type\":\"ReadAction\",\"target\":[\"https:\/\/gren.com\/lt\/pramones-energetika-gren\/\"]}]},{\"@type\":\"BreadcrumbList\",\"@id\":\"https:\/\/gren.com\/lt\/pramones-energetika-gren\/#breadcrumb\",\"itemListElement\":[{\"@type\":\"ListItem\",\"position\":1,\"name\":\"Home\",\"item\":\"https:\/\/gren.com\/lt\/\"},{\"@type\":\"ListItem\",\"position\":2,\"name\":\"Pramon\u0117s energetika\"}]},{\"@type\":\"WebSite\",\"@id\":\"https:\/\/gren.com\/lt\/#website\",\"url\":\"https:\/\/gren.com\/lt\/\",\"name\":\"Gren Lietuva\",\"description\":\"\u017daliosios energetikos \u012fmon\u0117\",\"potentialAction\":[{\"@type\":\"SearchAction\",\"target\":{\"@type\":\"EntryPoint\",\"urlTemplate\":\"https:\/\/gren.com\/lt\/?s={search_term_string}\"},\"query-input\":{\"@type\":\"PropertyValueSpecification\",\"valueRequired\":true,\"valueName\":\"search_term_string\"}}],\"inLanguage\":\"en-US\"}]}<\/script>\n<!-- \/ Yoast SEO plugin. -->","yoast_head_json":{"title":"Pramon\u0117s energetika - Gren Lietuva","description":"Si\u016blome energijos sprendimus \u012fvairiems sektoriams, \u012fskaitant maisto, mi\u0161kininkyst\u0117s, energetikos ir logistikos pramon\u0119. Esame sukaup\u0119 reik\u0161mingos darbo su statyb\u0173 pramone ir visais pramoniniais energijos vartotojais patirties.","robots":{"index":"index","follow":"follow","max-snippet":"max-snippet:-1","max-image-preview":"max-image-preview:large","max-video-preview":"max-video-preview:-1"},"canonical":"https:\/\/gren.com\/lt\/pramones-energetika-gren\/","og_locale":"en_US","og_type":"article","og_title":"Pramon\u0117s energetika - Gren Lietuva","og_description":"Si\u016blome energijos sprendimus \u012fvairiems sektoriams, \u012fskaitant maisto, mi\u0161kininkyst\u0117s, energetikos ir logistikos pramon\u0119. Esame sukaup\u0119 reik\u0161mingos darbo su statyb\u0173 pramone ir visais pramoniniais energijos vartotojais patirties.","og_url":"https:\/\/gren.com\/lt\/pramones-energetika-gren\/","og_site_name":"Gren Lietuva","article_modified_time":"2026-02-05T11:34:50+00:00","twitter_card":"summary_large_image","twitter_misc":{"Est. reading time":"3 minutes"},"schema":{"@context":"https:\/\/schema.org","@graph":[{"@type":"WebPage","@id":"https:\/\/gren.com\/lt\/pramones-energetika-gren\/","url":"https:\/\/gren.com\/lt\/pramones-energetika-gren\/","name":"Pramon\u0117s energetika - Gren Lietuva","isPartOf":{"@id":"https:\/\/gren.com\/lt\/#website"},"datePublished":"2023-12-21T09:33:14+00:00","dateModified":"2026-02-05T11:34:50+00:00","description":"Si\u016blome energijos sprendimus \u012fvairiems sektoriams, \u012fskaitant maisto, mi\u0161kininkyst\u0117s, energetikos ir logistikos pramon\u0119. Esame sukaup\u0119 reik\u0161mingos darbo su statyb\u0173 pramone ir visais pramoniniais energijos vartotojais patirties.","breadcrumb":{"@id":"https:\/\/gren.com\/lt\/pramones-energetika-gren\/#breadcrumb"},"inLanguage":"en-US","potentialAction":[{"@type":"ReadAction","target":["https:\/\/gren.com\/lt\/pramones-energetika-gren\/"]}]},{"@type":"BreadcrumbList","@id":"https:\/\/gren.com\/lt\/pramones-energetika-gren\/#breadcrumb","itemListElement":[{"@type":"ListItem","position":1,"name":"Home","item":"https:\/\/gren.com\/lt\/"},{"@type":"ListItem","position":2,"name":"Pramon\u0117s energetika"}]},{"@type":"WebSite","@id":"https:\/\/gren.com\/lt\/#website","url":"https:\/\/gren.com\/lt\/","name":"Gren Lietuva","description":"\u017daliosios energetikos \u012fmon\u0117","potentialAction":[{"@type":"SearchAction","target":{"@type":"EntryPoint","urlTemplate":"https:\/\/gren.com\/lt\/?s={search_term_string}"},"query-input":{"@type":"PropertyValueSpecification","valueRequired":true,"valueName":"search_term_string"}}],"inLanguage":"en-US"}]}},"_links":{"self":[{"href":"https:\/\/gren.com\/lt\/wp-json\/wp\/v2\/pages\/12371","targetHints":{"allow":["GET"]}}],"collection":[{"href":"https:\/\/gren.com\/lt\/wp-json\/wp\/v2\/pages"}],"about":[{"href":"https:\/\/gren.com\/lt\/wp-json\/wp\/v2\/types\/page"}],"author":[{"embeddable":true,"href":"https:\/\/gren.com\/lt\/wp-json\/wp\/v2\/users\/10"}],"replies":[{"embeddable":true,"href":"https:\/\/gren.com\/lt\/wp-json\/wp\/v2\/comments?post=12371"}],"version-history":[{"count":39,"href":"https:\/\/gren.com\/lt\/wp-json\/wp\/v2\/pages\/12371\/revisions"}],"predecessor-version":[{"id":17279,"href":"https:\/\/gren.com\/lt\/wp-json\/wp\/v2\/pages\/12371\/revisions\/17279"}],"wp:attachment":[{"href":"https:\/\/gren.com\/lt\/wp-json\/wp\/v2\/media?parent=12371"}],"curies":[{"name":"wp","href":"https:\/\/api.w.org\/{rel}","templated":true}]}}