{"id":12385,"date":"2023-12-21T11:42:42","date_gmt":"2023-12-21T09:42:42","guid":{"rendered":"https:\/\/web-staging.gren.com\/ltu\/?page_id=12385"},"modified":"2024-10-30T22:18:37","modified_gmt":"2024-10-30T20:18:37","slug":"centralizuotas-vesinimas-gren","status":"publish","type":"page","link":"https:\/\/gren.com\/lt\/centralizuotas-vesinimas-gren\/","title":{"rendered":"Centralizuotas v\u0117sinimas"},"content":{"rendered":"<style type=\"text\/css\">.page-hero{padding:140px 0 30px;position:relative}.page-hero-content{max-width:300px}.page-hero h4,.page-hero p{font-size:16px;font-weight:400;line-height:24px}.page-hero .date{margin-top:24px;color:#fff;font-size:20px}.page-hero-video-wrap{position:absolute;top:0;left:0;width:100%;height:100%;z-index:-1;overflow:hidden}.page-hero-video{width:100%;height:100%;object-fit:cover}@media(min-width: 576px){.page-hero-content{max-width:850px}}@media(min-width: 992px){.page-hero{padding:210px 0 64px}.page-hero h4,.page-hero p{font-size:24px;line-height:30px}}\n\n\/*# sourceMappingURL=block-page-hero.min.css.map*\/<\/style><section id=\"page-hero-block_5e36748145e230f7282b161557490af3\" class=\"block page-hero\" style=\"background: url(https:\/\/grenweb01.blob.core.windows.net\/gren-web-prod\/sites\/3\/2024\/09\/image-66d9961ecfd86.jpg) no-repeat center\/cover\">\n\t<div class=\"container\"  data-block-animate>\n\t\t\t\t\t<div class=\"page-hero-content text-wrap\"  data-animate-part>\n\t\t\t\t<h1><span style=\"color: #ffffff\">Centralizuotas v\u0117sinimas<\/span><\/h1>\n\n                \t\t\t<\/div>\n\t\t\t<\/div>\n<\/section>\n\n<style type=\"text\/css\">.full-width-written-content p>a{font-weight:700}\n\n\/*# sourceMappingURL=block-full-width-written-content.min.css.map*\/<\/style><section id=\"full-width-written-content-block_dec5c67220e7b698b01e288fa71e6300\" class=\"block full-width-written-content\">\n\t<div class=\"container\" data-block-animate>\n\t\t<div class=\"text-wrap\" data-animate-part><h3>Centralizuotas v\u0117sinimas \u2013 idealus sprendimas miestams ir rajonams<\/h3>\n<p>Centralizuotas v\u0117sinimas yra aplink\u0105 tausojantis b\u016bdas miesto pastatams v\u0117sinti. Jam reikia ma\u017eesni\u0173 investicij\u0173, ma\u017eiau technin\u0117s prie\u017ei\u016bros; eksploatavimo i\u0161laidos bei suvartojamas elektros energijos kiekis taip pat yra ma\u017eesni. Prijungus nekilnojamojo turto objekt\u0105 prie m\u016bs\u0173 v\u0117sinimo tinklo, atlaisvinama erdv\u0117s, o nekilnojamojo turto savininkai gali siekti neutralaus anglies dioksido poveikio aplinkai, \u012fgydami geresn\u012f energijos vartojimo efektyvumo \u017eenklinim\u0105 ir efektyvum\u0105. Mes jau s\u0117kmingai v\u0117siname namus ir \u012fmones Estijoje.<\/p>\n<p>Pavyzd\u017eiui, up\u0117s vanden\u012f galime naudoti kaip nat\u016bral\u0173 v\u0117sinimo skyst\u012f \u2013 atv\u0117sintas vanduo vamzdynais tiekiamas \u012f kliento v\u0117sinimo sistem\u0105, cirkuliuoja jo pastate ir u\u017etikrina komforti\u0161k\u0105 patalp\u0173 klimat\u0105, oro kondicionavim\u0105 ir v\u0117sinim\u0105.<\/p>\n<p>Pana\u0161iai kaip ir centralizuoto \u0161ildymo atveju, \u0161iai sistemai b\u016btinas vamzdynas, kuriuo transportuojamas atv\u0117sintas vanduo. Centralizuotas v\u0117sinimas \u2013 tai aplink\u0105 tausojantis, ekonomi\u0161kas b\u016bdas v\u0117siam orui patalpose, pramoniniuose pastatuose ir butuose i\u0161laikyti. Skatiname potencialius klientus nuo i\u0161kastinio kuro pereiti prie miesto \u0161ildymo ir v\u0117sinimo naudojant atsinaujinan\u010diuosius energijos i\u0161teklius.<\/p>\n<\/div>\t<\/div>\n<\/section>\n\n<style type=\"text\/css\">.zig-zag{padding:0;position:relative;overflow-y:hidden}.zig-zag.bg-dark-green,.zig-zag.bg-dark-red{color:#fff}.zig-zag.bg-light-green a{color:#fff}.zig-zag.bg-light-green a:after{background-color:#fff}.zig-zag.bg-light-green a:hover:after{background-color:#e8412c}.zig-zag .img-wrap,.zig-zag .text-wrap{width:100%;height:100%}.zig-zag .text-wrap{display:flex;padding:25px 16px 62px 24px;flex-direction:column;justify-content:space-between;align-items:flex-start;min-height:403px}.zig-zag .text-wrap .text{display:flex;flex-direction:column;align-items:flex-start;gap:48px}.zig-zag .text-wrap .text h2{margin:0;font-size:24px;line-height:28px;color:#9cbbba !important}.zig-zag .text-wrap .text h2.light-green{color:#9cbbba !important}.zig-zag .text-wrap .text h2.white{color:#fff !important}.zig-zag .text-wrap .text h2.black{color:#000 !important}.zig-zag .text-wrap p>a{font-weight:700;position:relative;transition:all ease-in-out .3s;margin-top:50px;display:inline-block}.zig-zag .text-wrap p>a:active{color:#9cbbba !important}.zig-zag .img-wrap{position:relative}.zig-zag .img-wrap img{object-fit:cover;object-position:center;width:100%;height:100%}.zig-zag .right-col{height:100%}.zig-zag .right-col p{opacity:.6;margin:12px 0 0}.zig-zag.reversed .row{justify-content:flex-end}@media(max-width: 767.98px){.zig-zag:not(.reversed) .right-col{order:1}.zig-zag:not(.reversed) .left-col{order:2}.zig-zag.reversed .left-col{order:2 !important}.zig-zag.reversed .right-col{order:1 !important}.zig-zag .img-wrap img{min-height:403px}.zig-zag .container{max-width:unset !important;padding:0}}@media(min-width: 768px){.zig-zag:not(.reversed) .left-col .text-wrap{padding-left:0 !important}.zig-zag.reversed .left-col{order:2}.zig-zag.reversed .right-col{order:1;right:unset;left:0}.zig-zag .text-wrap{padding:64px;gap:33px}.zig-zag .text-wrap .text{gap:33px}.zig-zag .text-wrap .text h2{font-size:36px;line-height:38px}.zig-zag .right-col{position:absolute;right:0}}@media(min-width: 992px){.zig-zag .row{gap:0}.zig-zag .text-wrap{padding:64px;max-width:500px}.zig-zag .text-wrap p>a{margin-top:0}.zig-zag .text-wrap p>a:hover{color:#e8412c}}\n\n\/*# sourceMappingURL=block-zig-zag.min.css.map*\/<\/style><section id=\"zig-zag-block_d52397a4cc68ed6a597de1ac2d1ef911\" class=\"block zig-zag bg-light-grey\">\n    <div class=\"container\" data-block-animate>\n        <div class=\"row g-0\">\n            <div class=\"col-12 col-md-6 left-col\" data-animate-part>\n                <div class=\"text-wrap\"><div class=\"text\"><h3 class=\"black\">Tartu miesto centro v\u0117sinimo \u012frenginys<\/h2><div><p>M\u016bs\u0173 aplink\u0105 tausojantis ir labai efektyvus v\u0117sinimo \u012frenginys Tartu mieste veikia prie Emajegio up\u0117s, naudoja v\u0117s\u0173 up\u0117s vanden\u012f kaip nat\u016bral\u0173 v\u0117sinimo \u0161altin\u012f. Tartu centre esantis prekybos centras \u201eKvartal\u201c yra vienas i\u0161 m\u016bs\u0173 klient\u0173.<\/p>\n<\/div><\/div>                                                    <\/div>            <\/div><!--\/.col-->\n            <div class=\"col-12 col-md-6 right-col\" data-animate-part>\n                <div class=\"img-wrap\"><img data-lazy-src=\"https:\/\/grenweb01.blob.core.windows.net\/gren-web-prod\/sites\/3\/2024\/09\/image-5-scaled-1.jpg\" alt=\"\"  \/><\/div>            <\/div><!--\/.col-->\n        <\/div>\n    <\/div>\n<\/section>\n\n<section id=\"zig-zag-block_fa7d1b8ecf02f80af0c34f2a653aa317\" class=\"block zig-zag bg-light-grey reversed\">\n    <div class=\"container\" data-block-animate>\n        <div class=\"row g-0\">\n            <div class=\"col-12 col-md-6 left-col\" data-animate-part>\n                <div class=\"text-wrap\"><div class=\"text\"><h3 class=\"black\">Pernu miesto centro v\u0117sinimo \u012frenginys<\/h2><div><p>M\u016bs\u0173 Pernu miesto centralizuoto v\u0117sinimo \u012frenginys naudoja Pernu up\u0117s vanden\u012f kaip nat\u016bral\u0173 v\u0117sinimo \u0161altin\u012f ir prie savo tinklo gali prijungti visus miesto centre esan\u010dius vie\u0161uosius pastatus. Taip pat bendradarbiaujame, pavyzd\u017eiui, su Pernu miesto \u201eKeskus\u201c prekybos centru.<\/p>\n<\/div><\/div>                                                    <\/div>            <\/div><!--\/.col-->\n            <div class=\"col-12 col-md-6 right-col\" data-animate-part>\n                <div class=\"img-wrap\"><img data-lazy-src=\"https:\/\/grenweb01.blob.core.windows.net\/gren-web-prod\/sites\/3\/2024\/09\/image-6-scaled-1.jpg\" alt=\"\"  \/><\/div>            <\/div><!--\/.col-->\n        <\/div>\n    <\/div>\n<\/section>\n\n<section id=\"zig-zag-block_28b2cf1c840ce641eb82e68a8a38d479\" class=\"block zig-zag bg-light-grey\">\n    <div class=\"container\" data-block-animate>\n        <div class=\"row g-0\">\n            <div class=\"col-12 col-md-6 left-col\" data-animate-part>\n                <div class=\"text-wrap\"><div class=\"text\"><h3 class=\"black\">Ardlos rajono centralizuoto v\u0117sinimo \u012frenginys Tartu mieste<\/h2><div><p>I\u0161 prad\u017ei\u0173 Ardlos rajono centralizuoto v\u0117sinimo \u012frenginio paj\u0117gumai buvo skirti aptarnauti \u201eL\u00f5unakeskus\u201c \u2013 did\u017eiausi\u0105 prekybos ir pramog\u0173 centr\u0105 piet\u0173 Estijoje. Tiekiame energij\u0105 centrui ir \u0161alia esantiems pastatams.<\/p>\n<\/div><\/div>                                                    <\/div>            <\/div><!--\/.col-->\n            <div class=\"col-12 col-md-6 right-col\" data-animate-part>\n                <div class=\"img-wrap\"><img data-lazy-src=\"https:\/\/grenweb01.blob.core.windows.net\/gren-web-prod\/sites\/3\/2024\/09\/image-8-scaled-1.jpg\" alt=\"\"  \/><\/div>            <\/div><!--\/.col-->\n        <\/div>\n    <\/div>\n<\/section>\n\n<style type=\"text\/css\">.accordion-contacts .listing-wrap{margin-top:32px;display:flex;flex-wrap:wrap;gap:16px}.accordion-contacts .listing-wrap .listing-col{width:100%}@media(min-width: 768px){.accordion-contacts .listing-wrap .listing-col{width:calc(50% - 8px)}}.accordion-contacts .accordion-contact-item button{position:relative;width:100%;padding:24px 48px 24px 24px;background:#d7e4e3;font-size:24px;font-weight:700;line-height:30px;border-radius:8px;border:none;text-align:left}.accordion-contacts .accordion-contact-item button span{margin-right:24px}.accordion-contacts .accordion-contact-item button svg{position:absolute;top:28px;right:24px;width:12px;height:24px;transition:transform .15s}.accordion-contacts .accordion-contact-item button svg path{transition:stroke .3s}@media(min-width: 992px){.accordion-contacts .accordion-contact-item button:hover:hover svg path{stroke:#18213b}}.accordion-contacts .accordion-contact-item .accordion-content{transition:height .35s ease-in-out;overflow:hidden;display:none}.accordion-contacts .accordion-contact-item.is-open button svg{transform:rotate(90deg)}.accordion-contacts .accordion-contact-item.is-open button svg path{stroke:#18213b}.accordion-contacts .accordion-contact-item.is-open .accordion-content{display:block}.accordion-contacts .accordion-contact-card{padding:24px 16px}.accordion-contacts .accordion-contact-card:not(:first-child){border-bottom:1px solid #9cbbba}.accordion-contacts .accordion-contact-card:nth-child(2){border-top:1px solid #9cbbba}.accordion-contacts .accordion-contact-card h4{font-size:24px;line-height:30px}.accordion-contacts .accordion-contact-card a{display:block;font-weight:700;color:#18213b}@media(min-width: 992px){.accordion-contacts .accordion-contact-card a:hover{color:#e8412c}}.accordion-contacts .accordion-contact-card a:first-of-type{margin-top:24px}.accordion-contacts .accordion-contact-card p{margin-top:24px}.accordion-contacts .accordion-contact-card .col-image{width:150px;height:180px;margin-left:16px;overflow:hidden;border-radius:8px}.accordion-contacts .accordion-contact-card .col-image img{object-fit:cover;object-position:center;width:100%;height:100%}\n\n\/*# sourceMappingURL=block-accordion-contacts.min.css.map*\/<\/style><section id=\"accordion-contacts-block_deb5ceac2c45e5c5e4829dfaca5fc956\" class=\"block accordion-contacts\">\n\t<div class=\"container\" data-block-animate>\n        <div class=\"text-wrap\" data-animate-part>\n            <h3>Kontaktai<\/h3>\n        <\/div>\n                    <div class=\"listing-wrap\">\n                                    <div class=\"listing-col\" data-animate-part>\n                        <div class=\"accordion-contact-item\">\n                            <div class=\"accordion-header\">\n                                <button type=\"button\">\n                                    <span>Centralizuoto v\u0117sinimo paslaugos<\/span>\n                                    <svg width=\"16\" height=\"28\" viewBox=\"0 0 16 28\" fill=\"none\" xmlns=\"http:\/\/www.w3.org\/2000\/svg\">\n                                        <path d=\"M1.49609 2L14.0002 14L1.49609 26\" stroke=\"white\" stroke-width=\"3\" stroke-linecap=\"round\" stroke-linejoin=\"round\"\/>\n                                    <\/svg>\n                                <\/button>\n                            <\/div>\n                            <div class=\"accordion-content\">\n                                <div class=\"accordion-body\">\n                                    \n                                                                                    <div class=\"accordion-contact-card\">\n                                                <div class=\"row flex-nowrap g-0 position-relative\">\n                                                    <div class=\"col\">\n                                                        <h4>J\u00fcri Moltsar<\/h4>\n                                                                                                                                                                            <p>Centralizuoto \u0161ildymo ir v\u0117sinimo pardavimo specialistas, Tartu<\/p>\n                                                                                                                                                                                                                                    <a href=\"mailto:juri.moltsar@gren.com\">\n                                                                juri.moltsar@gren.com                                                            <\/a>\n                                                                                                            <\/div>\n                                                                                                    <\/div>\n\n                                            <\/div>\n                                                                                    <div class=\"accordion-contact-card\">\n                                                <div class=\"row flex-nowrap g-0 position-relative\">\n                                                    <div class=\"col\">\n                                                        <h4>Hillar Nuut<\/h4>\n                                                                                                                                                                            <p>Centralizuoto \u0161ildymo ir v\u0117sinimo pardavim\u0173 vadovas, P\u00e4rnu<\/p>\n                                                                                                                                                                                                                                    <a href=\"mailto:hillar.nuut@gren.com\">\n                                                                hillar.nuut@gren.com                                                            <\/a>\n                                                                                                            <\/div>\n                                                                                                    <\/div>\n\n                                            <\/div>\n                                                                                    <div class=\"accordion-contact-card\">\n                                                <div class=\"row flex-nowrap g-0 position-relative\">\n                                                    <div class=\"col\">\n                                                        <h4>Valdis Rieksts-Rieksti\u0146\u0161<\/h4>\n                                                                                                                                                                            <p>Centralizuoto \u0161ildymo ir v\u0117sinimo pardavimo specialistas, Latvija<\/p>\n                                                                                                                                                                                                                                    <a href=\"mailto:valdis.rieksts-riekstins@gren.com\">\n                                                                valdis.rieksts-riekstins@gren.com                                                            <\/a>\n                                                                                                            <\/div>\n                                                                                                    <\/div>\n\n                                            <\/div>\n                                                                            \n                                <\/div>\n                            <\/div>\n                        <\/div>\n                    <\/div>\n                            <\/div>\n        \t<\/div>\n<\/section>\n","protected":false},"excerpt":{"rendered":"","protected":false},"author":10,"featured_media":0,"parent":0,"menu_order":0,"comment_status":"closed","ping_status":"closed","template":"","meta":{"_acf_changed":false,"footnotes":""},"class_list":["post-12385","page","type-page","status-publish","hentry"],"acf":[],"yoast_head":"<!-- This site is optimized with the Yoast SEO plugin v26.8 - https:\/\/yoast.com\/product\/yoast-seo-wordpress\/ -->\n<title>Centralizuotas v\u0117sinimas - Gren Lietuva<\/title>\n<meta name=\"description\" content=\"Centralizuotas v\u0117sinimas yra aplink\u0105 tausojantis b\u016bdas miesto pastatams v\u0117sinti. \u201eGren\u201c s\u0117kmingai v\u0117sina namus ir \u012fmones Estijoje.\" \/>\n<meta name=\"robots\" content=\"index, follow, max-snippet:-1, max-image-preview:large, max-video-preview:-1\" \/>\n<link rel=\"canonical\" href=\"https:\/\/gren.com\/lt\/centralizuotas-vesinimas-gren\/\" \/>\n<meta property=\"og:locale\" content=\"en_US\" \/>\n<meta property=\"og:type\" content=\"article\" \/>\n<meta property=\"og:title\" content=\"Centralizuotas v\u0117sinimas - Gren Lietuva\" \/>\n<meta property=\"og:description\" content=\"Centralizuotas v\u0117sinimas yra aplink\u0105 tausojantis b\u016bdas miesto pastatams v\u0117sinti. \u201eGren\u201c s\u0117kmingai v\u0117sina namus ir \u012fmones Estijoje.\" \/>\n<meta property=\"og:url\" content=\"https:\/\/gren.com\/lt\/centralizuotas-vesinimas-gren\/\" \/>\n<meta property=\"og:site_name\" content=\"Gren Lietuva\" \/>\n<meta property=\"article:modified_time\" content=\"2024-10-30T20:18:37+00:00\" \/>\n<meta name=\"twitter:card\" content=\"summary_large_image\" \/>\n<meta name=\"twitter:label1\" content=\"Est. reading time\" \/>\n\t<meta name=\"twitter:data1\" content=\"2 minutes\" \/>\n<script type=\"application\/ld+json\" class=\"yoast-schema-graph\">{\"@context\":\"https:\/\/schema.org\",\"@graph\":[{\"@type\":\"WebPage\",\"@id\":\"https:\/\/gren.com\/lt\/centralizuotas-vesinimas-gren\/\",\"url\":\"https:\/\/gren.com\/lt\/centralizuotas-vesinimas-gren\/\",\"name\":\"Centralizuotas v\u0117sinimas - Gren Lietuva\",\"isPartOf\":{\"@id\":\"https:\/\/gren.com\/lt\/#website\"},\"datePublished\":\"2023-12-21T09:42:42+00:00\",\"dateModified\":\"2024-10-30T20:18:37+00:00\",\"description\":\"Centralizuotas v\u0117sinimas yra aplink\u0105 tausojantis b\u016bdas miesto pastatams v\u0117sinti. \u201eGren\u201c s\u0117kmingai v\u0117sina namus ir \u012fmones Estijoje.\",\"breadcrumb\":{\"@id\":\"https:\/\/gren.com\/lt\/centralizuotas-vesinimas-gren\/#breadcrumb\"},\"inLanguage\":\"en-US\",\"potentialAction\":[{\"@type\":\"ReadAction\",\"target\":[\"https:\/\/gren.com\/lt\/centralizuotas-vesinimas-gren\/\"]}]},{\"@type\":\"BreadcrumbList\",\"@id\":\"https:\/\/gren.com\/lt\/centralizuotas-vesinimas-gren\/#breadcrumb\",\"itemListElement\":[{\"@type\":\"ListItem\",\"position\":1,\"name\":\"Home\",\"item\":\"https:\/\/gren.com\/lt\/\"},{\"@type\":\"ListItem\",\"position\":2,\"name\":\"Centralizuotas v\u0117sinimas\"}]},{\"@type\":\"WebSite\",\"@id\":\"https:\/\/gren.com\/lt\/#website\",\"url\":\"https:\/\/gren.com\/lt\/\",\"name\":\"Gren Lietuva\",\"description\":\"\u017daliosios energetikos \u012fmon\u0117\",\"potentialAction\":[{\"@type\":\"SearchAction\",\"target\":{\"@type\":\"EntryPoint\",\"urlTemplate\":\"https:\/\/gren.com\/lt\/?s={search_term_string}\"},\"query-input\":{\"@type\":\"PropertyValueSpecification\",\"valueRequired\":true,\"valueName\":\"search_term_string\"}}],\"inLanguage\":\"en-US\"}]}<\/script>\n<!-- \/ Yoast SEO plugin. -->","yoast_head_json":{"title":"Centralizuotas v\u0117sinimas - Gren Lietuva","description":"Centralizuotas v\u0117sinimas yra aplink\u0105 tausojantis b\u016bdas miesto pastatams v\u0117sinti. \u201eGren\u201c s\u0117kmingai v\u0117sina namus ir \u012fmones Estijoje.","robots":{"index":"index","follow":"follow","max-snippet":"max-snippet:-1","max-image-preview":"max-image-preview:large","max-video-preview":"max-video-preview:-1"},"canonical":"https:\/\/gren.com\/lt\/centralizuotas-vesinimas-gren\/","og_locale":"en_US","og_type":"article","og_title":"Centralizuotas v\u0117sinimas - Gren Lietuva","og_description":"Centralizuotas v\u0117sinimas yra aplink\u0105 tausojantis b\u016bdas miesto pastatams v\u0117sinti. \u201eGren\u201c s\u0117kmingai v\u0117sina namus ir \u012fmones Estijoje.","og_url":"https:\/\/gren.com\/lt\/centralizuotas-vesinimas-gren\/","og_site_name":"Gren Lietuva","article_modified_time":"2024-10-30T20:18:37+00:00","twitter_card":"summary_large_image","twitter_misc":{"Est. reading time":"2 minutes"},"schema":{"@context":"https:\/\/schema.org","@graph":[{"@type":"WebPage","@id":"https:\/\/gren.com\/lt\/centralizuotas-vesinimas-gren\/","url":"https:\/\/gren.com\/lt\/centralizuotas-vesinimas-gren\/","name":"Centralizuotas v\u0117sinimas - Gren Lietuva","isPartOf":{"@id":"https:\/\/gren.com\/lt\/#website"},"datePublished":"2023-12-21T09:42:42+00:00","dateModified":"2024-10-30T20:18:37+00:00","description":"Centralizuotas v\u0117sinimas yra aplink\u0105 tausojantis b\u016bdas miesto pastatams v\u0117sinti. \u201eGren\u201c s\u0117kmingai v\u0117sina namus ir \u012fmones Estijoje.","breadcrumb":{"@id":"https:\/\/gren.com\/lt\/centralizuotas-vesinimas-gren\/#breadcrumb"},"inLanguage":"en-US","potentialAction":[{"@type":"ReadAction","target":["https:\/\/gren.com\/lt\/centralizuotas-vesinimas-gren\/"]}]},{"@type":"BreadcrumbList","@id":"https:\/\/gren.com\/lt\/centralizuotas-vesinimas-gren\/#breadcrumb","itemListElement":[{"@type":"ListItem","position":1,"name":"Home","item":"https:\/\/gren.com\/lt\/"},{"@type":"ListItem","position":2,"name":"Centralizuotas v\u0117sinimas"}]},{"@type":"WebSite","@id":"https:\/\/gren.com\/lt\/#website","url":"https:\/\/gren.com\/lt\/","name":"Gren Lietuva","description":"\u017daliosios energetikos \u012fmon\u0117","potentialAction":[{"@type":"SearchAction","target":{"@type":"EntryPoint","urlTemplate":"https:\/\/gren.com\/lt\/?s={search_term_string}"},"query-input":{"@type":"PropertyValueSpecification","valueRequired":true,"valueName":"search_term_string"}}],"inLanguage":"en-US"}]}},"_links":{"self":[{"href":"https:\/\/gren.com\/lt\/wp-json\/wp\/v2\/pages\/12385","targetHints":{"allow":["GET"]}}],"collection":[{"href":"https:\/\/gren.com\/lt\/wp-json\/wp\/v2\/pages"}],"about":[{"href":"https:\/\/gren.com\/lt\/wp-json\/wp\/v2\/types\/page"}],"author":[{"embeddable":true,"href":"https:\/\/gren.com\/lt\/wp-json\/wp\/v2\/users\/10"}],"replies":[{"embeddable":true,"href":"https:\/\/gren.com\/lt\/wp-json\/wp\/v2\/comments?post=12385"}],"version-history":[{"count":20,"href":"https:\/\/gren.com\/lt\/wp-json\/wp\/v2\/pages\/12385\/revisions"}],"predecessor-version":[{"id":15523,"href":"https:\/\/gren.com\/lt\/wp-json\/wp\/v2\/pages\/12385\/revisions\/15523"}],"wp:attachment":[{"href":"https:\/\/gren.com\/lt\/wp-json\/wp\/v2\/media?parent=12385"}],"curies":[{"name":"wp","href":"https:\/\/api.w.org\/{rel}","templated":true}]}}