{"id":13350,"date":"2024-01-13T21:24:50","date_gmt":"2024-01-13T19:24:50","guid":{"rendered":"https:\/\/web-staging.gren.com\/ltu\/?page_id=13350"},"modified":"2024-12-16T11:41:24","modified_gmt":"2024-12-16T09:41:24","slug":"klientams","status":"publish","type":"page","link":"https:\/\/gren.com\/lt\/klientams\/","title":{"rendered":"Klientams"},"content":{"rendered":"<style type=\"text\/css\">.page-hero{padding:140px 0 30px;position:relative}.page-hero-content{max-width:300px}.page-hero h4,.page-hero p{font-size:16px;font-weight:400;line-height:24px}.page-hero .date{margin-top:24px;color:#fff;font-size:20px}.page-hero-video-wrap{position:absolute;top:0;left:0;width:100%;height:100%;z-index:-1;overflow:hidden}.page-hero-video{width:100%;height:100%;object-fit:cover}@media(min-width: 576px){.page-hero-content{max-width:850px}}@media(min-width: 992px){.page-hero{padding:210px 0 64px}.page-hero h4,.page-hero p{font-size:24px;line-height:30px}}\n\n\/*# sourceMappingURL=block-page-hero.min.css.map*\/<\/style><section id=\"page-hero-block_eaf1e6c1181a5ba2441b748d629383dd\" class=\"block page-hero\" style=\"background: url(https:\/\/grenweb01.blob.core.windows.net\/gren-web-prod\/sites\/3\/2024\/07\/CAN23561-scaled.jpg) no-repeat center\/cover\">\n\t<div class=\"container\"  data-block-animate>\n\t\t\t\t\t<div class=\"page-hero-content text-wrap\"  data-animate-part>\n\t\t\t\t<h1><span class=\"ui-provider ee bhz bef cub cuc cud cue cuf cug cuh cui cuj cuk cul cum cun cuo cup cuq cur cus cut cuu cuv cuw cux cuy cuz cva cvb cvc cvd cve cvf cvg\" dir=\"ltr\" style=\"color: #ffffff\">Klientams<\/span><\/h1>\n\n                \t\t\t<\/div>\n\t\t\t<\/div>\n<\/section>\n\n<style type=\"text\/css\">.block.anchors .btn-wrap{display:flex;flex-wrap:wrap;gap:16px}\n\n\/*# sourceMappingURL=block-anchors.min.css.map*\/<\/style><section id=\"anchors-block_e14b582f6ca20ccc6ca702b538d2fab4\" class=\"block anchors\">\n\t<div class=\"container\" data-block-animate>\n                    <div class=\"btn-wrap\" data-animate-part>\n                                    <a href=\"https:\/\/gren.com\/lt\/klientams\/#akmene\" type=\"button\" class=\"btn btn-secondary btn-anchor\">\n                        Akmen\u0117                    <\/a>\n                                    <a href=\"https:\/\/gren.com\/lt\/klientams\/#joniskis\" type=\"button\" class=\"btn btn-secondary btn-anchor\">\n                        Joni\u0161kis                    <\/a>\n                                    <a href=\"https:\/\/gren.com\/lt\/klientams\/#klaipeda\" type=\"button\" class=\"btn btn-secondary btn-anchor\">\n                        Klaip\u0117da                    <\/a>\n                                    <a href=\"https:\/\/gren.com\/lt\/klientams\/#svencionys\" type=\"button\" class=\"btn btn-secondary btn-anchor\">\n                        \u0160ven\u010dionys                    <\/a>\n                                    <a href=\"https:\/\/gren.com\/lt\/klientams\/#trakai\" type=\"button\" class=\"btn btn-secondary btn-anchor\">\n                        Trakai                    <\/a>\n                                    <a href=\"https:\/\/gren.com\/lt\/klientams\/#lietuva\" type=\"button\" class=\"btn btn-secondary btn-anchor\">\n                        Dujos                    <\/a>\n                            <\/div>\n        \t<\/div>\n<\/section>\n\n\n<style type=\"text\/css\">.zig-zag{padding:0;position:relative;overflow-y:hidden}.zig-zag.bg-dark-green,.zig-zag.bg-dark-red{color:#fff}.zig-zag.bg-light-green a{color:#fff}.zig-zag.bg-light-green a:after{background-color:#fff}.zig-zag.bg-light-green a:hover:after{background-color:#e8412c}.zig-zag .img-wrap,.zig-zag .text-wrap{width:100%;height:100%}.zig-zag .text-wrap{display:flex;padding:25px 16px 62px 24px;flex-direction:column;justify-content:space-between;align-items:flex-start;min-height:403px}.zig-zag .text-wrap .text{display:flex;flex-direction:column;align-items:flex-start;gap:48px}.zig-zag .text-wrap .text h2{margin:0;font-size:24px;line-height:28px;color:#9cbbba !important}.zig-zag .text-wrap .text h2.light-green{color:#9cbbba !important}.zig-zag .text-wrap .text h2.white{color:#fff !important}.zig-zag .text-wrap .text h2.black{color:#000 !important}.zig-zag .text-wrap p>a{font-weight:700;position:relative;transition:all ease-in-out .3s;margin-top:50px;display:inline-block}.zig-zag .text-wrap p>a:active{color:#9cbbba !important}.zig-zag .img-wrap{position:relative}.zig-zag .img-wrap img{object-fit:cover;object-position:center;width:100%;height:100%}.zig-zag .right-col{height:100%}.zig-zag .right-col p{opacity:.6;margin:12px 0 0}.zig-zag.reversed .row{justify-content:flex-end}@media(max-width: 767.98px){.zig-zag:not(.reversed) .right-col{order:1}.zig-zag:not(.reversed) .left-col{order:2}.zig-zag.reversed .left-col{order:2 !important}.zig-zag.reversed .right-col{order:1 !important}.zig-zag .img-wrap img{min-height:403px}.zig-zag .container{max-width:unset !important;padding:0}}@media(min-width: 768px){.zig-zag:not(.reversed) .left-col .text-wrap{padding-left:0 !important}.zig-zag.reversed .left-col{order:2}.zig-zag.reversed .right-col{order:1;right:unset;left:0}.zig-zag .text-wrap{padding:64px;gap:33px}.zig-zag .text-wrap .text{gap:33px}.zig-zag .text-wrap .text h2{font-size:36px;line-height:38px}.zig-zag .right-col{position:absolute;right:0}}@media(min-width: 992px){.zig-zag .row{gap:0}.zig-zag .text-wrap{padding:64px;max-width:500px}.zig-zag .text-wrap p>a{margin-top:0}.zig-zag .text-wrap p>a:hover{color:#e8412c}}\n\n\/*# sourceMappingURL=block-zig-zag.min.css.map*\/<\/style><section id=\"akmene\" class=\"block zig-zag bg-light-grey\">\n    <div class=\"container\" data-block-animate>\n        <div class=\"row g-0\">\n            <div class=\"col-12 col-md-6 left-col\" data-animate-part>\n                <div class=\"text-wrap\"><div class=\"text\"><h3 class=\"light-green\">Gren Akmen\u0117<\/h2><div><p>UAB Gren Akmen\u0117 gamina, perduoda ir paskirsto \u0161ilumos energij\u0105 Naujosios Akmen\u0117s, Akmen\u0117s ir Ventos miest\u0173 bei Papil\u0117s ir Kruopi\u0173 miesteli\u0173 gyventojams ir \u012fstaigoms.<\/p>\n<p>\u012emon\u0117 eksploatuoja 7 katilines Akmen\u0117s rajone: 3 \u2013 Akmen\u0117je, 1 \u2013 Naujojoje Akmen\u0117je bei po vien\u0105 Papil\u0117je, Ventoje ir Kruopiuose.<\/p>\n<\/div><\/div>                                                            <div class=\"buttons-container buttons-container-left\">\n                                    <a class=\"btn btn-underline-dark\" href=\"https:\/\/gren.com\/lt\/siluma-akmeneje\/\"\n                                       title=\"Gren Akmen\u0117\"\n                                        >\n                                        Gren Akmen\u0117                                    <\/a>\n                                <\/div>\n                                                    <\/div>            <\/div><!--\/.col-->\n            <div class=\"col-12 col-md-6 right-col\" data-animate-part>\n                <div class=\"img-wrap\"><img data-lazy-src=\"https:\/\/grenweb01.blob.core.windows.net\/gren-web-prod\/sites\/3\/2024\/01\/1703228743177-scaled.jpg\" alt=\"\"  \/><\/div>            <\/div><!--\/.col-->\n        <\/div>\n    <\/div>\n<\/section>\n\n<section id=\"joniskis\" class=\"block zig-zag bg-light-grey reversed\">\n    <div class=\"container\" data-block-animate>\n        <div class=\"row g-0\">\n            <div class=\"col-12 col-md-6 left-col\" data-animate-part>\n                <div class=\"text-wrap\"><div class=\"text\"><h3 class=\"light-green\">Gren Joni\u0161kis<\/h2><div><p>UAB Gren Joni\u0161kis gamina ir tiekia \u0161ilum\u0105 bei kar\u0161t\u0105 vanden\u012f Joni\u0161kio, Gatau\u010di\u0173 ir \u017dagar\u0117s miest\u0173 gyventojams ir pri\u017ei\u016bri daugiabu\u010di\u0173 nam\u0173 \u0161ilumos punktus.<\/p>\n<p>\u012emon\u0117 eksploatuoja 6 katilines Joni\u0161kio rajone: 4 \u2013 Joni\u0161kyje bei po vien\u0105 Gatau\u010diuose ir \u017dagar\u0117je.<\/p>\n<\/div><\/div>                                                            <div class=\"buttons-container buttons-container-left\">\n                                    <a class=\"btn btn-underline-dark\" href=\"https:\/\/gren.com\/lt\/siluma-joniskyje\/\"\n                                       title=\"Gren Joni\u0161kis\"\n                                        >\n                                        Gren Joni\u0161kis                                    <\/a>\n                                <\/div>\n                                                    <\/div>            <\/div><!--\/.col-->\n            <div class=\"col-12 col-md-6 right-col\" data-animate-part>\n                <div class=\"img-wrap\"><img data-lazy-src=\"https:\/\/grenweb01.blob.core.windows.net\/gren-web-prod\/sites\/3\/2024\/01\/Joniskis-scaled-e1702058547893.jpg\" alt=\"\"  \/><\/div>            <\/div><!--\/.col-->\n        <\/div>\n    <\/div>\n<\/section>\n\n<section id=\"klaipeda\" class=\"block zig-zag bg-light-grey\">\n    <div class=\"container\" data-block-animate>\n        <div class=\"row g-0\">\n            <div class=\"col-12 col-md-6 left-col\" data-animate-part>\n                <div class=\"text-wrap\"><div class=\"text\"><h3 class=\"light-green\">Klaip\u0117dos energija<\/h2><div><p>AB \u201eKlaip\u0117dos energija\u201c yra pagrindin\u0117 \u0161ilumin\u0117s energijos tiek\u0117ja Klaip\u0117doje.<\/p>\n<p>\u0160iuo metu pagrindinis akcij\u0173 paketas (75.45 %) priklauso Klaip\u0117dos miesto savivaldybei, 19.47 % akcij\u0173 valdo UAB Gren Lietuva, kiti akcininkai \u2013 5.08 %.<\/p>\n<\/div><\/div>                                                            <div class=\"buttons-container buttons-container-left\">\n                                    <a class=\"btn btn-underline-dark\" href=\"http:\/\/klenergija.lt\"\n                                       title=\"Klaip\u0117dos energija\"\n                                        target=\"_blank\">\n                                        Klaip\u0117dos energija                                    <\/a>\n                                <\/div>\n                                                    <\/div>            <\/div><!--\/.col-->\n            <div class=\"col-12 col-md-6 right-col\" data-animate-part>\n                <div class=\"img-wrap\"><img data-lazy-src=\"https:\/\/grenweb01.blob.core.windows.net\/gren-web-prod\/sites\/3\/2024\/01\/klaipedos.jpeg\" alt=\"\"  \/><\/div>            <\/div><!--\/.col-->\n        <\/div>\n    <\/div>\n<\/section>\n\n<section id=\"svencionys\" class=\"block zig-zag bg-light-grey reversed\">\n    <div class=\"container\" data-block-animate>\n        <div class=\"row g-0\">\n            <div class=\"col-12 col-md-6 left-col\" data-animate-part>\n                <div class=\"text-wrap\"><div class=\"text\"><h3 class=\"light-green\">Gren \u0160ven\u010dionys<\/h2><div><p>UAB Gren \u0160ven\u010dionys gamina ir tiekia \u0161ilum\u0105 bei kar\u0161t\u0105 vanden\u012f \u0160ven\u010dioni\u0173, Pabrad\u0117s ir \u0160ven\u010dion\u0117li\u0173 miest\u0173 gyventojams.<\/p>\n<p>\u012emon\u0117 eksploatuoja 5 katilines \u0160ven\u010dioni\u0173 rajone: po 2 \u0160ven\u010dionyse ir Pabrad\u0117je bei vien\u0105 \u0160ven\u010dion\u0117liuose.<\/p>\n<\/div><\/div>                                                            <div class=\"buttons-container buttons-container-left\">\n                                    <a class=\"btn btn-underline-dark\" href=\"https:\/\/gren.com\/lt\/siluma-svencionyse\/\"\n                                       title=\"Gren \u0160ven\u010dionys\"\n                                        >\n                                        Gren \u0160ven\u010dionys                                    <\/a>\n                                <\/div>\n                                                    <\/div>            <\/div><!--\/.col-->\n            <div class=\"col-12 col-md-6 right-col\" data-animate-part>\n                <div class=\"img-wrap\"><img data-lazy-src=\"https:\/\/grenweb01.blob.core.windows.net\/gren-web-prod\/sites\/3\/2024\/01\/IMG_6519-scaled.jpg\" alt=\"\"  \/><\/div>            <\/div><!--\/.col-->\n        <\/div>\n    <\/div>\n<\/section>\n\n<section id=\"trakai\" class=\"block zig-zag bg-light-grey\">\n    <div class=\"container\" data-block-animate>\n        <div class=\"row g-0\">\n            <div class=\"col-12 col-md-6 left-col\" data-animate-part>\n                <div class=\"text-wrap\"><div class=\"text\"><h3 class=\"light-green\">Gren Trakai<\/h2><div><p>UAB Gren Trakai gamina, perduoda ir paskirsto \u0161ilumos energij\u0105 Trak\u0173 rajono Trak\u0173, Lentvario miest\u0173 vartotojams.<\/p>\n<p>\u012emon\u0117 eksploatuoja 7 katilines Trak\u0173 rajone: 2 Lentvaryje ir 5 Trakuose.<\/p>\n<\/div><\/div>                                                            <div class=\"buttons-container buttons-container-left\">\n                                    <a class=\"btn btn-underline-dark\" href=\"https:\/\/gren.com\/lt\/siluma-trakuose\/\"\n                                       title=\"Gren Trakai\"\n                                        >\n                                        Gren Trakai                                    <\/a>\n                                <\/div>\n                                                    <\/div>            <\/div><!--\/.col-->\n            <div class=\"col-12 col-md-6 right-col\" data-animate-part>\n                <div class=\"img-wrap\"><img data-lazy-src=\"https:\/\/grenweb01.blob.core.windows.net\/gren-web-prod\/sites\/3\/2024\/01\/1703249870124-scaled.jpg\" alt=\"\"  \/><\/div>            <\/div><!--\/.col-->\n        <\/div>\n    <\/div>\n<\/section>\n\n<section id=\"lietuva\" class=\"block zig-zag bg-light-grey reversed\">\n    <div class=\"container\" data-block-animate>\n        <div class=\"row g-0\">\n            <div class=\"col-12 col-md-6 left-col\" data-animate-part>\n                <div class=\"text-wrap\"><div class=\"text\"><h3 class=\"light-green\">Gren Lietuva<\/h2><div><p>UAB Gren Lietuva vykdo gamtini\u0173 duj\u0173 skirstymo ir tiekimo veikl\u0105 Joni\u0161kio rajono savivaldyb\u0117s teritorijoje.<\/p>\n<p>UAB Gren Lietuva valdo \u201eGren\u201c \u012fmones Lietuvoje, skirsto ir tiekia dujas Joni\u0161kio rajone bei tvarko dugno pelenus ir \u0161lak\u0105.<\/p>\n<\/div><\/div>                                                            <div class=\"buttons-container buttons-container-left\">\n                                    <a class=\"btn btn-underline-dark\" href=\"https:\/\/gren.com\/lt\/dujos\/\"\n                                       title=\"Dujos\"\n                                        >\n                                        Dujos                                    <\/a>\n                                <\/div>\n                                                    <\/div>            <\/div><!--\/.col-->\n            <div class=\"col-12 col-md-6 right-col\" data-animate-part>\n                <div class=\"img-wrap\"><img data-lazy-src=\"https:\/\/grenweb01.blob.core.windows.net\/gren-web-prod\/sites\/3\/2024\/01\/MicrosoftTeams-image-19-scaled.jpg\" alt=\"\"  \/><\/div>            <\/div><!--\/.col-->\n        <\/div>\n    <\/div>\n<\/section>","protected":false},"excerpt":{"rendered":"","protected":false},"author":10,"featured_media":0,"parent":0,"menu_order":0,"comment_status":"closed","ping_status":"closed","template":"","meta":{"_acf_changed":false,"footnotes":""},"class_list":["post-13350","page","type-page","status-publish","hentry"],"acf":[],"yoast_head":"<!-- This site is optimized with the Yoast SEO plugin v26.8 - https:\/\/yoast.com\/product\/yoast-seo-wordpress\/ -->\n<title>Klientams - Gren Lietuva<\/title>\n<meta name=\"description\" content=\"Akmen\u0117je, Joni\u0161kyje, Klaip\u0117doje, \u0160ven\u010dionyse ir Trakuose gyventojams ir \u012fmon\u0117ms tiekiame efektyvi\u0105 centralizuot\u0105 \u0161ilum\u0105.\" \/>\n<meta name=\"robots\" content=\"index, follow, max-snippet:-1, max-image-preview:large, max-video-preview:-1\" \/>\n<link rel=\"canonical\" href=\"https:\/\/gren.com\/lt\/klientams\/\" \/>\n<meta property=\"og:locale\" content=\"en_US\" \/>\n<meta property=\"og:type\" content=\"article\" \/>\n<meta property=\"og:title\" content=\"Klientams - Gren Lietuva\" \/>\n<meta property=\"og:description\" content=\"Akmen\u0117je, Joni\u0161kyje, Klaip\u0117doje, \u0160ven\u010dionyse ir Trakuose gyventojams ir \u012fmon\u0117ms tiekiame efektyvi\u0105 centralizuot\u0105 \u0161ilum\u0105.\" \/>\n<meta property=\"og:url\" content=\"https:\/\/gren.com\/lt\/klientams\/\" \/>\n<meta property=\"og:site_name\" content=\"Gren Lietuva\" \/>\n<meta property=\"article:modified_time\" content=\"2024-12-16T09:41:24+00:00\" \/>\n<meta name=\"twitter:card\" content=\"summary_large_image\" \/>\n<meta name=\"twitter:label1\" content=\"Est. reading time\" \/>\n\t<meta name=\"twitter:data1\" content=\"3 minutes\" \/>\n<script type=\"application\/ld+json\" class=\"yoast-schema-graph\">{\"@context\":\"https:\/\/schema.org\",\"@graph\":[{\"@type\":\"WebPage\",\"@id\":\"https:\/\/gren.com\/lt\/klientams\/\",\"url\":\"https:\/\/gren.com\/lt\/klientams\/\",\"name\":\"Klientams - Gren Lietuva\",\"isPartOf\":{\"@id\":\"https:\/\/gren.com\/lt\/#website\"},\"datePublished\":\"2024-01-13T19:24:50+00:00\",\"dateModified\":\"2024-12-16T09:41:24+00:00\",\"description\":\"Akmen\u0117je, Joni\u0161kyje, Klaip\u0117doje, \u0160ven\u010dionyse ir Trakuose gyventojams ir \u012fmon\u0117ms tiekiame efektyvi\u0105 centralizuot\u0105 \u0161ilum\u0105.\",\"breadcrumb\":{\"@id\":\"https:\/\/gren.com\/lt\/klientams\/#breadcrumb\"},\"inLanguage\":\"en-US\",\"potentialAction\":[{\"@type\":\"ReadAction\",\"target\":[\"https:\/\/gren.com\/lt\/klientams\/\"]}]},{\"@type\":\"BreadcrumbList\",\"@id\":\"https:\/\/gren.com\/lt\/klientams\/#breadcrumb\",\"itemListElement\":[{\"@type\":\"ListItem\",\"position\":1,\"name\":\"Home\",\"item\":\"https:\/\/gren.com\/lt\/\"},{\"@type\":\"ListItem\",\"position\":2,\"name\":\"Klientams\"}]},{\"@type\":\"WebSite\",\"@id\":\"https:\/\/gren.com\/lt\/#website\",\"url\":\"https:\/\/gren.com\/lt\/\",\"name\":\"Gren Lietuva\",\"description\":\"\u017daliosios energetikos \u012fmon\u0117\",\"potentialAction\":[{\"@type\":\"SearchAction\",\"target\":{\"@type\":\"EntryPoint\",\"urlTemplate\":\"https:\/\/gren.com\/lt\/?s={search_term_string}\"},\"query-input\":{\"@type\":\"PropertyValueSpecification\",\"valueRequired\":true,\"valueName\":\"search_term_string\"}}],\"inLanguage\":\"en-US\"}]}<\/script>\n<!-- \/ Yoast SEO plugin. -->","yoast_head_json":{"title":"Klientams - Gren Lietuva","description":"Akmen\u0117je, Joni\u0161kyje, Klaip\u0117doje, \u0160ven\u010dionyse ir Trakuose gyventojams ir \u012fmon\u0117ms tiekiame efektyvi\u0105 centralizuot\u0105 \u0161ilum\u0105.","robots":{"index":"index","follow":"follow","max-snippet":"max-snippet:-1","max-image-preview":"max-image-preview:large","max-video-preview":"max-video-preview:-1"},"canonical":"https:\/\/gren.com\/lt\/klientams\/","og_locale":"en_US","og_type":"article","og_title":"Klientams - Gren Lietuva","og_description":"Akmen\u0117je, Joni\u0161kyje, Klaip\u0117doje, \u0160ven\u010dionyse ir Trakuose gyventojams ir \u012fmon\u0117ms tiekiame efektyvi\u0105 centralizuot\u0105 \u0161ilum\u0105.","og_url":"https:\/\/gren.com\/lt\/klientams\/","og_site_name":"Gren Lietuva","article_modified_time":"2024-12-16T09:41:24+00:00","twitter_card":"summary_large_image","twitter_misc":{"Est. reading time":"3 minutes"},"schema":{"@context":"https:\/\/schema.org","@graph":[{"@type":"WebPage","@id":"https:\/\/gren.com\/lt\/klientams\/","url":"https:\/\/gren.com\/lt\/klientams\/","name":"Klientams - Gren Lietuva","isPartOf":{"@id":"https:\/\/gren.com\/lt\/#website"},"datePublished":"2024-01-13T19:24:50+00:00","dateModified":"2024-12-16T09:41:24+00:00","description":"Akmen\u0117je, Joni\u0161kyje, Klaip\u0117doje, \u0160ven\u010dionyse ir Trakuose gyventojams ir \u012fmon\u0117ms tiekiame efektyvi\u0105 centralizuot\u0105 \u0161ilum\u0105.","breadcrumb":{"@id":"https:\/\/gren.com\/lt\/klientams\/#breadcrumb"},"inLanguage":"en-US","potentialAction":[{"@type":"ReadAction","target":["https:\/\/gren.com\/lt\/klientams\/"]}]},{"@type":"BreadcrumbList","@id":"https:\/\/gren.com\/lt\/klientams\/#breadcrumb","itemListElement":[{"@type":"ListItem","position":1,"name":"Home","item":"https:\/\/gren.com\/lt\/"},{"@type":"ListItem","position":2,"name":"Klientams"}]},{"@type":"WebSite","@id":"https:\/\/gren.com\/lt\/#website","url":"https:\/\/gren.com\/lt\/","name":"Gren Lietuva","description":"\u017daliosios energetikos \u012fmon\u0117","potentialAction":[{"@type":"SearchAction","target":{"@type":"EntryPoint","urlTemplate":"https:\/\/gren.com\/lt\/?s={search_term_string}"},"query-input":{"@type":"PropertyValueSpecification","valueRequired":true,"valueName":"search_term_string"}}],"inLanguage":"en-US"}]}},"_links":{"self":[{"href":"https:\/\/gren.com\/lt\/wp-json\/wp\/v2\/pages\/13350","targetHints":{"allow":["GET"]}}],"collection":[{"href":"https:\/\/gren.com\/lt\/wp-json\/wp\/v2\/pages"}],"about":[{"href":"https:\/\/gren.com\/lt\/wp-json\/wp\/v2\/types\/page"}],"author":[{"embeddable":true,"href":"https:\/\/gren.com\/lt\/wp-json\/wp\/v2\/users\/10"}],"replies":[{"embeddable":true,"href":"https:\/\/gren.com\/lt\/wp-json\/wp\/v2\/comments?post=13350"}],"version-history":[{"count":85,"href":"https:\/\/gren.com\/lt\/wp-json\/wp\/v2\/pages\/13350\/revisions"}],"predecessor-version":[{"id":15751,"href":"https:\/\/gren.com\/lt\/wp-json\/wp\/v2\/pages\/13350\/revisions\/15751"}],"wp:attachment":[{"href":"https:\/\/gren.com\/lt\/wp-json\/wp\/v2\/media?parent=13350"}],"curies":[{"name":"wp","href":"https:\/\/api.w.org\/{rel}","templated":true}]}}