{"id":14567,"date":"2024-04-15T17:32:40","date_gmt":"2024-04-15T14:32:40","guid":{"rendered":"https:\/\/gren.com\/lt\/?page_id=14567"},"modified":"2024-04-17T16:22:52","modified_gmt":"2024-04-17T13:22:52","slug":"esg-ataskaitos","status":"publish","type":"page","link":"https:\/\/gren.com\/lt\/esg-ataskaitos\/","title":{"rendered":"ESG ataskaitos"},"content":{"rendered":"<style type=\"text\/css\">.page-hero{padding:140px 0 30px;position:relative}.page-hero-content{max-width:300px}.page-hero h4,.page-hero p{font-size:16px;font-weight:400;line-height:24px}.page-hero .date{margin-top:24px;color:#fff;font-size:20px}.page-hero-video-wrap{position:absolute;top:0;left:0;width:100%;height:100%;z-index:-1;overflow:hidden}.page-hero-video{width:100%;height:100%;object-fit:cover}@media(min-width: 576px){.page-hero-content{max-width:850px}}@media(min-width: 992px){.page-hero{padding:210px 0 64px}.page-hero h4,.page-hero p{font-size:24px;line-height:30px}}\n\n\/*# sourceMappingURL=block-page-hero.min.css.map*\/<\/style><section id=\"page-hero-block_da43b7ce1540d37eb3e14ae449402f6c\" class=\"block page-hero\" style=\"background: url(https:\/\/grenweb01.blob.core.windows.net\/gren-web-prod\/sites\/3\/2024\/01\/hero-bg-1.jpg) no-repeat center\/cover\">\n\t<div class=\"container\"  data-block-animate>\n\t\t\t\t\t<div class=\"page-hero-content text-wrap\"  data-animate-part>\n\t\t\t\t<h1><span style=\"color: #ffffff\">ESG ataskaita<\/span><\/h1>\n\n                \t\t\t<\/div>\n\t\t\t<\/div>\n<\/section>\n\n<style type=\"text\/css\">.full-width-written-content p>a{font-weight:700}\n\n\/*# sourceMappingURL=block-full-width-written-content.min.css.map*\/<\/style><section id=\"full-width-written-content-block_ebab0c3a7fcdb0b03f349040ce813b62\" class=\"block full-width-written-content\">\n\t<div class=\"container\" data-block-animate>\n\t\t<div class=\"text-wrap\" data-animate-part><h3>2023 metai \u201eGren\u201c buvo reik\u0161mingi aplinkosaugos, socialini\u0173 ir valdymo (ESG) veiksm\u0173 po\u017ei\u016briu.<\/h3>\n<\/div>\t<\/div>\n<\/section>\n\n<style type=\"text\/css\">.two-column-content{position:relative;padding:48px 0 0;overflow-y:hidden}.two-column-content.bg-dark-green,.two-column-content.bg-dark-red{color:#fff}.two-column-content .img-wrap,.two-column-content .text-wrap{width:100%}.two-column-content .block-background-image img{position:absolute;width:100%;height:100%;object-position:center;object-fit:cover;top:0;left:0}.two-column-content .container{position:relative}.two-column-content .text-wrap{padding:0 16px}.two-column-content .text-wrap ul li{font-size:16px}.two-column-content .text-wrap p>a{font-weight:700;position:relative;transition:all ease-in-out .3s;margin-top:50px;display:inline-block}.two-column-content .text-wrap p>a:active{color:#9cbbba !important}.two-column-content .text-inner{padding:24px 16px;border-radius:4px}.two-column-content .text-inner .btn{display:inline-block}.two-column-content .img-wrap{position:relative;height:100%}.two-column-content .img-wrap img{object-fit:contain;object-position:top;width:100%;height:100%}.two-column-content .with-image .right-col p{opacity:.6;margin:12px 0 0}.two-column-content .right-col img{width:100%}@media(max-width: 767.98px){.two-column-content .container{padding:0}.two-column-content .text-wrap{margin:24px 0}.two-column-content .with-image .right-col{order:1}.two-column-content .with-image .left-col{order:2}.two-column-content.reversed .left-col{order:2 !important}.two-column-content.reversed .right-col{order:1 !important}}@media(min-width: 768px){.two-column-content{padding:32px 0}.two-column-content .img-wrap img{max-height:500px}.two-column-content .only-text .left-col .text-wrap{padding-right:28px !important}.two-column-content .only-text .right-col .text-wrap{padding-left:28px}.two-column-content:not(.reversed) .left-col .text-wrap{padding-right:64px}.two-column-content.reversed .left-col{order:2 !important}.two-column-content.reversed .left-col .text-wrap{padding-left:64px}.two-column-content.reversed .right-col{order:1 !important}}@media(min-width: 992px){.two-column-content .row.with-image .right-col{order:unset}.two-column-content .row.with-image .left-col{order:unset}.two-column-content .text-wrap{justify-self:start}.two-column-content .text-wrap p>a{margin-top:0}.two-column-content .text-wrap p>a:hover{color:#e8412c}.two-column-content.align-middle .col-6{display:flex;align-items:center}.two-column-content.align-bottom .col-6{display:flex;align-items:end}}\n\n\/*# sourceMappingURL=block-two-column-content.min.css.map*\/<\/style><section id=\"two-column-content-block_09387c72a808a0625cc585b9f2369c00\" class=\"block two-column-content bg-light-grey\" data-menu-target>\n        <div class=\"container\" data-block-animate>\n        <div class=\"row g-0 with-image\">\n            <div class=\"col-12 col-md-6 left-col\" data-animate-part>\n                <div class=\"text-wrap\"><div class=\"text-inner\" style=\"\"><h4>\u201eGren\u201c pareng\u0117 savo pirm\u0105j\u0105 ESG ataskait\u0105. 2023 m. ESG ataskaitoje apra\u0161ome savo pasiekimus ir \u012fsipareigojimus aplinkosaugos, socialinio ir valdymo tvarumo srityje bei ESG strategijos temas ir varom\u0105sias j\u0117gas.<\/h4>\n<h5><\/h5>\n<p>&nbsp;<\/p>\n<h4><span style=\"color: #9cbbba\"><a class=\"btn-primary button btn-primary-big\" style=\"color: #9cbbba\" href=\"https:\/\/grenweb01.blob.core.windows.net\/gren-web-prod\/sites\/3\/2024\/04\/Gren-ESG-report-2023.pdf\">2023 m. Gren ESG ataskaita (angl\u0173 kalba)<\/a><\/span><\/h4>\n<\/div><\/div>\n            <\/div><!--\/.col-->\n            <div class=\"col-12 col-md-6 right-col\" data-animate-part>\n                <div class=\"img-wrap\"><img loading=\"lazy\" decoding=\"async\" width=\"1024\" height=\"690\" src=\"https:\/\/grenweb01.blob.core.windows.net\/gren-web-prod\/sites\/3\/2024\/04\/Report-1024x690.png\" class=\"attachment-large size-large\" alt=\"\" srcset=\"https:\/\/grenweb01.blob.core.windows.net\/gren-web-prod\/sites\/3\/2024\/04\/Report-1024x690.png 1024w, https:\/\/grenweb01.blob.core.windows.net\/gren-web-prod\/sites\/3\/2024\/04\/Report-300x202.png 300w, https:\/\/grenweb01.blob.core.windows.net\/gren-web-prod\/sites\/3\/2024\/04\/Report-768x517.png 768w, https:\/\/grenweb01.blob.core.windows.net\/gren-web-prod\/sites\/3\/2024\/04\/Report.png 1394w\" sizes=\"auto, (max-width: 1024px) 100vw, 1024px\" \/><\/div>            <\/div><!--\/.col-->\n        <\/div>\n    <\/div>\n<\/section>","protected":false},"excerpt":{"rendered":"","protected":false},"author":10,"featured_media":0,"parent":0,"menu_order":0,"comment_status":"closed","ping_status":"closed","template":"","meta":{"_acf_changed":false,"footnotes":""},"class_list":["post-14567","page","type-page","status-publish","hentry"],"acf":[],"yoast_head":"<!-- This site is optimized with the Yoast SEO plugin v26.8 - https:\/\/yoast.com\/product\/yoast-seo-wordpress\/ -->\n<title>ESG ataskaitos - Gren Lietuva<\/title>\n<meta name=\"robots\" content=\"index, follow, max-snippet:-1, max-image-preview:large, max-video-preview:-1\" \/>\n<link rel=\"canonical\" href=\"https:\/\/gren.com\/lt\/esg-ataskaitos\/\" \/>\n<meta property=\"og:locale\" content=\"en_US\" \/>\n<meta property=\"og:type\" content=\"article\" \/>\n<meta property=\"og:title\" content=\"ESG ataskaitos - Gren Lietuva\" \/>\n<meta property=\"og:url\" content=\"https:\/\/gren.com\/lt\/esg-ataskaitos\/\" \/>\n<meta property=\"og:site_name\" content=\"Gren Lietuva\" \/>\n<meta property=\"article:modified_time\" content=\"2024-04-17T13:22:52+00:00\" \/>\n<meta name=\"twitter:card\" content=\"summary_large_image\" \/>\n<meta name=\"twitter:label1\" content=\"Est. reading time\" \/>\n\t<meta name=\"twitter:data1\" content=\"1 minute\" \/>\n<script type=\"application\/ld+json\" class=\"yoast-schema-graph\">{\"@context\":\"https:\/\/schema.org\",\"@graph\":[{\"@type\":\"WebPage\",\"@id\":\"https:\/\/gren.com\/lt\/esg-ataskaitos\/\",\"url\":\"https:\/\/gren.com\/lt\/esg-ataskaitos\/\",\"name\":\"ESG ataskaitos - Gren Lietuva\",\"isPartOf\":{\"@id\":\"https:\/\/gren.com\/lt\/#website\"},\"datePublished\":\"2024-04-15T14:32:40+00:00\",\"dateModified\":\"2024-04-17T13:22:52+00:00\",\"breadcrumb\":{\"@id\":\"https:\/\/gren.com\/lt\/esg-ataskaitos\/#breadcrumb\"},\"inLanguage\":\"en-US\",\"potentialAction\":[{\"@type\":\"ReadAction\",\"target\":[\"https:\/\/gren.com\/lt\/esg-ataskaitos\/\"]}]},{\"@type\":\"BreadcrumbList\",\"@id\":\"https:\/\/gren.com\/lt\/esg-ataskaitos\/#breadcrumb\",\"itemListElement\":[{\"@type\":\"ListItem\",\"position\":1,\"name\":\"Home\",\"item\":\"https:\/\/gren.com\/lt\/\"},{\"@type\":\"ListItem\",\"position\":2,\"name\":\"ESG ataskaitos\"}]},{\"@type\":\"WebSite\",\"@id\":\"https:\/\/gren.com\/lt\/#website\",\"url\":\"https:\/\/gren.com\/lt\/\",\"name\":\"Gren Lietuva\",\"description\":\"\u017daliosios energetikos \u012fmon\u0117\",\"potentialAction\":[{\"@type\":\"SearchAction\",\"target\":{\"@type\":\"EntryPoint\",\"urlTemplate\":\"https:\/\/gren.com\/lt\/?s={search_term_string}\"},\"query-input\":{\"@type\":\"PropertyValueSpecification\",\"valueRequired\":true,\"valueName\":\"search_term_string\"}}],\"inLanguage\":\"en-US\"}]}<\/script>\n<!-- \/ Yoast SEO plugin. -->","yoast_head_json":{"title":"ESG ataskaitos - Gren Lietuva","robots":{"index":"index","follow":"follow","max-snippet":"max-snippet:-1","max-image-preview":"max-image-preview:large","max-video-preview":"max-video-preview:-1"},"canonical":"https:\/\/gren.com\/lt\/esg-ataskaitos\/","og_locale":"en_US","og_type":"article","og_title":"ESG ataskaitos - Gren Lietuva","og_url":"https:\/\/gren.com\/lt\/esg-ataskaitos\/","og_site_name":"Gren Lietuva","article_modified_time":"2024-04-17T13:22:52+00:00","twitter_card":"summary_large_image","twitter_misc":{"Est. reading time":"1 minute"},"schema":{"@context":"https:\/\/schema.org","@graph":[{"@type":"WebPage","@id":"https:\/\/gren.com\/lt\/esg-ataskaitos\/","url":"https:\/\/gren.com\/lt\/esg-ataskaitos\/","name":"ESG ataskaitos - Gren Lietuva","isPartOf":{"@id":"https:\/\/gren.com\/lt\/#website"},"datePublished":"2024-04-15T14:32:40+00:00","dateModified":"2024-04-17T13:22:52+00:00","breadcrumb":{"@id":"https:\/\/gren.com\/lt\/esg-ataskaitos\/#breadcrumb"},"inLanguage":"en-US","potentialAction":[{"@type":"ReadAction","target":["https:\/\/gren.com\/lt\/esg-ataskaitos\/"]}]},{"@type":"BreadcrumbList","@id":"https:\/\/gren.com\/lt\/esg-ataskaitos\/#breadcrumb","itemListElement":[{"@type":"ListItem","position":1,"name":"Home","item":"https:\/\/gren.com\/lt\/"},{"@type":"ListItem","position":2,"name":"ESG ataskaitos"}]},{"@type":"WebSite","@id":"https:\/\/gren.com\/lt\/#website","url":"https:\/\/gren.com\/lt\/","name":"Gren Lietuva","description":"\u017daliosios energetikos \u012fmon\u0117","potentialAction":[{"@type":"SearchAction","target":{"@type":"EntryPoint","urlTemplate":"https:\/\/gren.com\/lt\/?s={search_term_string}"},"query-input":{"@type":"PropertyValueSpecification","valueRequired":true,"valueName":"search_term_string"}}],"inLanguage":"en-US"}]}},"_links":{"self":[{"href":"https:\/\/gren.com\/lt\/wp-json\/wp\/v2\/pages\/14567","targetHints":{"allow":["GET"]}}],"collection":[{"href":"https:\/\/gren.com\/lt\/wp-json\/wp\/v2\/pages"}],"about":[{"href":"https:\/\/gren.com\/lt\/wp-json\/wp\/v2\/types\/page"}],"author":[{"embeddable":true,"href":"https:\/\/gren.com\/lt\/wp-json\/wp\/v2\/users\/10"}],"replies":[{"embeddable":true,"href":"https:\/\/gren.com\/lt\/wp-json\/wp\/v2\/comments?post=14567"}],"version-history":[{"count":14,"href":"https:\/\/gren.com\/lt\/wp-json\/wp\/v2\/pages\/14567\/revisions"}],"predecessor-version":[{"id":14590,"href":"https:\/\/gren.com\/lt\/wp-json\/wp\/v2\/pages\/14567\/revisions\/14590"}],"wp:attachment":[{"href":"https:\/\/gren.com\/lt\/wp-json\/wp\/v2\/media?parent=14567"}],"curies":[{"name":"wp","href":"https:\/\/api.w.org\/{rel}","templated":true}]}}