{"id":9764,"date":"2023-11-22T17:41:32","date_gmt":"2023-11-22T15:41:32","guid":{"rendered":"https:\/\/web-staging.gren.com\/ltu\/?page_id=9764"},"modified":"2024-12-16T10:43:46","modified_gmt":"2024-12-16T08:43:46","slug":"energija-is-atlieku","status":"publish","type":"page","link":"https:\/\/gren.com\/lt\/energija-is-atlieku\/","title":{"rendered":"Energija i\u0161 atliek\u0173"},"content":{"rendered":"<style type=\"text\/css\">.page-hero{padding:140px 0 30px;position:relative}.page-hero-content{max-width:300px}.page-hero h4,.page-hero p{font-size:16px;font-weight:400;line-height:24px}.page-hero .date{margin-top:24px;color:#fff;font-size:20px}.page-hero-video-wrap{position:absolute;top:0;left:0;width:100%;height:100%;z-index:-1;overflow:hidden}.page-hero-video{width:100%;height:100%;object-fit:cover}@media(min-width: 576px){.page-hero-content{max-width:850px}}@media(min-width: 992px){.page-hero{padding:210px 0 64px}.page-hero h4,.page-hero p{font-size:24px;line-height:30px}}\n\n\/*# sourceMappingURL=block-page-hero.min.css.map*\/<\/style><section id=\"page-hero-block_db084f96be88c5f5ab520be345072f56\" class=\"block page-hero\" style=\"background: url(https:\/\/grenweb01.blob.core.windows.net\/gren-web-prod\/sites\/3\/2024\/09\/image-11.jpg) no-repeat center\/cover\">\n\t<div class=\"container\"  data-block-animate>\n\t\t\t\t\t<div class=\"page-hero-content text-wrap\"  data-animate-part>\n\t\t\t\t<h1><span style=\"color: #ffffff\">Energija i\u0161 atliek\u0173<\/span><\/h1>\n\n                \t\t\t<\/div>\n\t\t\t<\/div>\n<\/section>\n\n<style type=\"text\/css\">.paragraph-with-load-more p:not(:first-child){margin-top:24px}.paragraph-with-load-more ol{padding-left:24px}.paragraph-with-load-more ol li{padding-left:8px}.paragraph-with-load-more ul{padding-left:32px}.paragraph-with-load-more .btn-read-more .text-read-less{display:none}.paragraph-with-load-more .btn-read-more.show-less{margin-top:16px}.paragraph-with-load-more .btn-read-more.show-less .text-read-more{display:none}.paragraph-with-load-more .btn-read-more.show-less .text-read-less{display:block}.paragraph-with-load-more .paragraph-limit{position:relative;max-height:336px;overflow:hidden}@media(min-width: 992px){.paragraph-with-load-more .paragraph-limit{max-height:168px}}.paragraph-with-load-more .paragraph-limit.is-visible{max-height:100%}.paragraph-with-load-more .paragraph-limit .gradient-layer{position:absolute;width:100%;height:78px;left:0;bottom:0;pointer-events:none;background:linear-gradient(180deg, rgba(255, 253, 253, 0) 0%, #FFFDFD 91.96%);z-index:1}\n\n\/*# sourceMappingURL=block-paragraph-with-load-more.min.css.map*\/<\/style><section id=\"paragraph-with-load-more-block_c6f4f5a789e06c096d074bfa8dfe27c4\" class=\"block paragraph-with-load-more\">\n\t<div class=\"container\" data-block-animate>\n        <div class=\"paragraph-limit\" data-animate-part>\n            <div class=\"paragraph-content text-wrap\">\n                <p>Kaune ir \u00a0Klaip\u0117doje, naudojant i\u0161r\u016b\u0161iuotas, perdirbimui nebetinkan\u010dias, komunalines ir pramonines atliekas, gaminame \u0161ilum\u0105 ir elektr\u0105. Energija gaminama naudojant naujausias technologijas, u\u017etikrinan\u010dias efektyv\u0173 energetin\u0117s vert\u0117s i\u0161 atliek\u0173 i\u0161gavim\u0105 bei i\u0161metam\u0173j\u0173 duj\u0173 valym\u0105. Taip ne tik i\u0161vengiama besikaupian\u010di\u0173 atliek\u0173 kaln\u0173, bet ir u\u017etikrinamos \u017eemesn\u0117s \u0161ilumos kainos bei pagaminama visiems reikalinga vietin\u0117 elektros energija.<\/p>\n<p>\u201eGren Klaip\u0117da\u201c ir \u201eKauno kogeneracin\u0117 j\u0117gain\u0117\u201c yra <a href=\"https:\/\/gren.com\/lt\/cewep\/\" target=\"_blank\" rel=\"noopener\">Europos energijos gamybos i\u0161 atliek\u0173 j\u0117gaini\u0173 konfederacijos (CEWEP)<\/a>\u00a0nar\u0117s.<\/p>\n            <\/div>\n            <div class=\"gradient-layer has-more d-none\"><\/div>\n        <\/div>\n        <div class=\"btn-container\" data-animate-part>\n            <button class=\"btn-read-more has-more d-none\">\n                <span class=\"text-read-more\">Skaityti daugiau<\/span>\n                <span class=\"text-read-less\"><\/span>\n            <\/button>\n        <\/div>\n\n\t<\/div>\n<\/section>\n\n\n<style type=\"text\/css\">.zig-zag{padding:0;position:relative;overflow-y:hidden}.zig-zag.bg-dark-green,.zig-zag.bg-dark-red{color:#fff}.zig-zag.bg-light-green a{color:#fff}.zig-zag.bg-light-green a:after{background-color:#fff}.zig-zag.bg-light-green a:hover:after{background-color:#e8412c}.zig-zag .img-wrap,.zig-zag .text-wrap{width:100%;height:100%}.zig-zag .text-wrap{display:flex;padding:25px 16px 62px 24px;flex-direction:column;justify-content:space-between;align-items:flex-start;min-height:403px}.zig-zag .text-wrap .text{display:flex;flex-direction:column;align-items:flex-start;gap:48px}.zig-zag .text-wrap .text h2{margin:0;font-size:24px;line-height:28px;color:#9cbbba !important}.zig-zag .text-wrap .text h2.light-green{color:#9cbbba !important}.zig-zag .text-wrap .text h2.white{color:#fff !important}.zig-zag .text-wrap .text h2.black{color:#000 !important}.zig-zag .text-wrap p>a{font-weight:700;position:relative;transition:all ease-in-out .3s;margin-top:50px;display:inline-block}.zig-zag .text-wrap p>a:active{color:#9cbbba !important}.zig-zag .img-wrap{position:relative}.zig-zag .img-wrap img{object-fit:cover;object-position:center;width:100%;height:100%}.zig-zag .right-col{height:100%}.zig-zag .right-col p{opacity:.6;margin:12px 0 0}.zig-zag.reversed .row{justify-content:flex-end}@media(max-width: 767.98px){.zig-zag:not(.reversed) .right-col{order:1}.zig-zag:not(.reversed) .left-col{order:2}.zig-zag.reversed .left-col{order:2 !important}.zig-zag.reversed .right-col{order:1 !important}.zig-zag .img-wrap img{min-height:403px}.zig-zag .container{max-width:unset !important;padding:0}}@media(min-width: 768px){.zig-zag:not(.reversed) .left-col .text-wrap{padding-left:0 !important}.zig-zag.reversed .left-col{order:2}.zig-zag.reversed .right-col{order:1;right:unset;left:0}.zig-zag .text-wrap{padding:64px;gap:33px}.zig-zag .text-wrap .text{gap:33px}.zig-zag .text-wrap .text h2{font-size:36px;line-height:38px}.zig-zag .right-col{position:absolute;right:0}}@media(min-width: 992px){.zig-zag .row{gap:0}.zig-zag .text-wrap{padding:64px;max-width:500px}.zig-zag .text-wrap p>a{margin-top:0}.zig-zag .text-wrap p>a:hover{color:#e8412c}}\n\n\/*# sourceMappingURL=block-zig-zag.min.css.map*\/<\/style><section id=\"zig-zag-block_0d33fa462dfbf93ec063d1b6b0e563f0\" class=\"block zig-zag bg-primary\">\n    <div class=\"container\" data-block-animate>\n        <div class=\"row g-0\">\n            <div class=\"col-12 col-md-6 left-col\" data-animate-part>\n                <div class=\"text-wrap\"><div class=\"text\"><h3 class=\"light-green\">Gren Klaip\u0117da<\/h2><div><p>Termofikacin\u0117 j\u0117gain\u0117 Klaip\u0117doje veikl\u0105 vykdo nuo 2013 m. ir atlieka reik\u0161ming\u0105 vaidmen\u012f atliek\u0173 tvarkymo grandin\u0117je bei prisideda prie \u017eiedin\u0117s ekonomikos \u012fgyvendinimo Lietuvoje.\u00a0 J\u0117gain\u0117, naudojanti nepavojingas komunalines ir pramon\u0117s atliekas kaip kur\u0105, yra pirmoji tokia Lietuvoje ir Baltijos \u0161alyse.\u00a0 \u0160iluma tiekiama \u012f centralizuot\u0105 Klaip\u0117dos \u0161ilumos tinkl\u0105, o elektra \u2013 \u012f nacionalin\u012f elektros tinkl\u0105.<\/p>\n<\/div><\/div>                                                            <div class=\"buttons-container buttons-container-left\">\n                                    <a class=\"btn btn-underline-dark\" href=\"https:\/\/gren.com\/lt\/gren-klaipeda\/\"\n                                       title=\"Daugiau\"\n                                        >\n                                        Daugiau                                    <\/a>\n                                <\/div>\n                                                    <\/div>            <\/div><!--\/.col-->\n            <div class=\"col-12 col-md-6 right-col\" data-animate-part>\n                <div class=\"img-wrap\"><img data-lazy-src=\"https:\/\/grenweb01.blob.core.windows.net\/gren-web-prod\/sites\/3\/2024\/09\/image-11.jpg\" alt=\"\"  \/><\/div>            <\/div><!--\/.col-->\n        <\/div>\n    <\/div>\n<\/section>\n\n<section id=\"zig-zag-block_f08ddcdd2ed22744e09725d71b6175d2\" class=\"block zig-zag bg-primary reversed\">\n    <div class=\"container\" data-block-animate>\n        <div class=\"row g-0\">\n            <div class=\"col-12 col-md-6 left-col\" data-animate-part>\n                <div class=\"text-wrap\"><div class=\"text\"><h3 class=\"light-green\">Kauno kogeneracin\u0117 j\u0117gain\u0117<\/h2><div><p>J\u0117gain\u0117, \u012fsik\u016brusi Kauno laisvojoje ekonomin\u0117je zonoje, veikl\u0105 vykdo nuo 2020 met\u0173. Per metus j\u0117gain\u0117je sutvarkoma iki 255 t\u016bkstan\u010di\u0173 ton\u0173 nepavojing\u0173 pramonini\u0173 ir komunalini\u0173 atliek\u0173 po antrinio r\u016b\u0161iavimo, kurios nebetinkamos perdirbti, bet turi energetin\u0119 vert\u0119. J\u0117gain\u0117s pagamina iki 30 proc. Kauno miesto \u0161ilumos poreikio ir elektros energija apr\u016bpina daugiau nei 130 t\u016bkst. Lietuvos nam\u0173 \u016bki\u0173 per metus.<\/p>\n<\/div><\/div>                                                            <div class=\"buttons-container buttons-container-left\">\n                                    <a class=\"btn btn-underline-dark\" href=\"http:\/\/kkj.lt\"\n                                       title=\"kkj.lt\"\n                                        target=\"_blank\">\n                                        kkj.lt                                    <\/a>\n                                <\/div>\n                                                    <\/div>            <\/div><!--\/.col-->\n            <div class=\"col-12 col-md-6 right-col\" data-animate-part>\n                <div class=\"img-wrap\"><img data-lazy-src=\"https:\/\/grenweb01.blob.core.windows.net\/gren-web-prod\/sites\/3\/2024\/09\/image-12-scaled-1.jpg\" alt=\"\"  \/><\/div>            <\/div><!--\/.col-->\n        <\/div>\n    <\/div>\n<\/section>\n\n<section id=\"zig-zag-block_16807edac6c472d43ee30e6cd4b3a66d\" class=\"block zig-zag bg-white\">\n    <div class=\"container\" data-block-animate>\n        <div class=\"row g-0\">\n            <div class=\"col-12 col-md-6 left-col\" data-animate-part>\n                <div class=\"text-wrap\"><div class=\"text\"><h3 class=\"black\">Virtualus turas<\/h2><div><p>Kvie\u010diame \u012f virtual\u0173 tur\u0105 po \u201eGren Klaip\u0117da\u201c j\u0117gain\u0119: supa\u017eindinsime Jus su energijos gamyba i\u0161 atliek\u0173!<\/p>\n<\/div><\/div>                                                            <div class=\"buttons-container buttons-container-left\">\n                                    <a class=\"btn btn-underline-dark\" href=\"https:\/\/virtualtour.gren.com\/lt\"\n                                       title=\"Prad\u0117ti\"\n                                        target=\"_blank\">\n                                        Prad\u0117ti                                    <\/a>\n                                <\/div>\n                                                    <\/div>            <\/div><!--\/.col-->\n            <div class=\"col-12 col-md-6 right-col\" data-animate-part>\n                <div class=\"img-wrap\"><img data-lazy-src=\"https:\/\/grenweb01.blob.core.windows.net\/gren-web-prod\/2022\/06\/dji_0188-scaled-e1672996449437.jpg\" alt=\"\"  \/><\/div>            <\/div><!--\/.col-->\n        <\/div>\n    <\/div>\n<\/section>","protected":false},"excerpt":{"rendered":"","protected":false},"author":10,"featured_media":0,"parent":0,"menu_order":0,"comment_status":"closed","ping_status":"closed","template":"","meta":{"_acf_changed":false,"footnotes":""},"class_list":["post-9764","page","type-page","status-publish","hentry"],"acf":[],"yoast_head":"<!-- This site is optimized with the Yoast SEO plugin v26.8 - https:\/\/yoast.com\/product\/yoast-seo-wordpress\/ -->\n<title>Energija i\u0161 atliek\u0173 - Gren Lietuva<\/title>\n<meta name=\"description\" content=\"Kaune ir Klaip\u0117doje, naudojant i\u0161r\u016b\u0161iuotas, perdirbimui nebetinkan\u010dias, komunalines ir pramonines atliekas, gaminame \u0161ilum\u0105 ir elektr\u0105. Energija gaminama naudojant naujausias technologijas, u\u017etikrinan\u010dias efektyv\u0173 energetin\u0117s vert\u0117s i\u0161 atliek\u0173 i\u0161gavim\u0105 bei i\u0161metam\u0173j\u0173 duj\u0173 valym\u0105.\" \/>\n<meta name=\"robots\" content=\"index, follow, max-snippet:-1, max-image-preview:large, max-video-preview:-1\" \/>\n<link rel=\"canonical\" href=\"https:\/\/gren.com\/lt\/energija-is-atlieku\/\" \/>\n<meta property=\"og:locale\" content=\"en_US\" \/>\n<meta property=\"og:type\" content=\"article\" \/>\n<meta property=\"og:title\" content=\"Energija i\u0161 atliek\u0173 - Gren Lietuva\" \/>\n<meta property=\"og:description\" content=\"Kaune ir Klaip\u0117doje, naudojant i\u0161r\u016b\u0161iuotas, perdirbimui nebetinkan\u010dias, komunalines ir pramonines atliekas, gaminame \u0161ilum\u0105 ir elektr\u0105. Energija gaminama naudojant naujausias technologijas, u\u017etikrinan\u010dias efektyv\u0173 energetin\u0117s vert\u0117s i\u0161 atliek\u0173 i\u0161gavim\u0105 bei i\u0161metam\u0173j\u0173 duj\u0173 valym\u0105.\" \/>\n<meta property=\"og:url\" content=\"https:\/\/gren.com\/lt\/energija-is-atlieku\/\" \/>\n<meta property=\"og:site_name\" content=\"Gren Lietuva\" \/>\n<meta property=\"article:modified_time\" content=\"2024-12-16T08:43:46+00:00\" \/>\n<meta name=\"twitter:card\" content=\"summary_large_image\" \/>\n<meta name=\"twitter:label1\" content=\"Est. reading time\" \/>\n\t<meta name=\"twitter:data1\" content=\"2 minutes\" \/>\n<script type=\"application\/ld+json\" class=\"yoast-schema-graph\">{\"@context\":\"https:\/\/schema.org\",\"@graph\":[{\"@type\":\"WebPage\",\"@id\":\"https:\/\/gren.com\/lt\/energija-is-atlieku\/\",\"url\":\"https:\/\/gren.com\/lt\/energija-is-atlieku\/\",\"name\":\"Energija i\u0161 atliek\u0173 - Gren Lietuva\",\"isPartOf\":{\"@id\":\"https:\/\/gren.com\/lt\/#website\"},\"datePublished\":\"2023-11-22T15:41:32+00:00\",\"dateModified\":\"2024-12-16T08:43:46+00:00\",\"description\":\"Kaune ir Klaip\u0117doje, naudojant i\u0161r\u016b\u0161iuotas, perdirbimui nebetinkan\u010dias, komunalines ir pramonines atliekas, gaminame \u0161ilum\u0105 ir elektr\u0105. Energija gaminama naudojant naujausias technologijas, u\u017etikrinan\u010dias efektyv\u0173 energetin\u0117s vert\u0117s i\u0161 atliek\u0173 i\u0161gavim\u0105 bei i\u0161metam\u0173j\u0173 duj\u0173 valym\u0105.\",\"breadcrumb\":{\"@id\":\"https:\/\/gren.com\/lt\/energija-is-atlieku\/#breadcrumb\"},\"inLanguage\":\"en-US\",\"potentialAction\":[{\"@type\":\"ReadAction\",\"target\":[\"https:\/\/gren.com\/lt\/energija-is-atlieku\/\"]}]},{\"@type\":\"BreadcrumbList\",\"@id\":\"https:\/\/gren.com\/lt\/energija-is-atlieku\/#breadcrumb\",\"itemListElement\":[{\"@type\":\"ListItem\",\"position\":1,\"name\":\"Home\",\"item\":\"https:\/\/gren.com\/lt\/\"},{\"@type\":\"ListItem\",\"position\":2,\"name\":\"Energija i\u0161 atliek\u0173\"}]},{\"@type\":\"WebSite\",\"@id\":\"https:\/\/gren.com\/lt\/#website\",\"url\":\"https:\/\/gren.com\/lt\/\",\"name\":\"Gren Lietuva\",\"description\":\"\u017daliosios energetikos \u012fmon\u0117\",\"potentialAction\":[{\"@type\":\"SearchAction\",\"target\":{\"@type\":\"EntryPoint\",\"urlTemplate\":\"https:\/\/gren.com\/lt\/?s={search_term_string}\"},\"query-input\":{\"@type\":\"PropertyValueSpecification\",\"valueRequired\":true,\"valueName\":\"search_term_string\"}}],\"inLanguage\":\"en-US\"}]}<\/script>\n<!-- \/ Yoast SEO plugin. -->","yoast_head_json":{"title":"Energija i\u0161 atliek\u0173 - Gren Lietuva","description":"Kaune ir Klaip\u0117doje, naudojant i\u0161r\u016b\u0161iuotas, perdirbimui nebetinkan\u010dias, komunalines ir pramonines atliekas, gaminame \u0161ilum\u0105 ir elektr\u0105. Energija gaminama naudojant naujausias technologijas, u\u017etikrinan\u010dias efektyv\u0173 energetin\u0117s vert\u0117s i\u0161 atliek\u0173 i\u0161gavim\u0105 bei i\u0161metam\u0173j\u0173 duj\u0173 valym\u0105.","robots":{"index":"index","follow":"follow","max-snippet":"max-snippet:-1","max-image-preview":"max-image-preview:large","max-video-preview":"max-video-preview:-1"},"canonical":"https:\/\/gren.com\/lt\/energija-is-atlieku\/","og_locale":"en_US","og_type":"article","og_title":"Energija i\u0161 atliek\u0173 - Gren Lietuva","og_description":"Kaune ir Klaip\u0117doje, naudojant i\u0161r\u016b\u0161iuotas, perdirbimui nebetinkan\u010dias, komunalines ir pramonines atliekas, gaminame \u0161ilum\u0105 ir elektr\u0105. Energija gaminama naudojant naujausias technologijas, u\u017etikrinan\u010dias efektyv\u0173 energetin\u0117s vert\u0117s i\u0161 atliek\u0173 i\u0161gavim\u0105 bei i\u0161metam\u0173j\u0173 duj\u0173 valym\u0105.","og_url":"https:\/\/gren.com\/lt\/energija-is-atlieku\/","og_site_name":"Gren Lietuva","article_modified_time":"2024-12-16T08:43:46+00:00","twitter_card":"summary_large_image","twitter_misc":{"Est. reading time":"2 minutes"},"schema":{"@context":"https:\/\/schema.org","@graph":[{"@type":"WebPage","@id":"https:\/\/gren.com\/lt\/energija-is-atlieku\/","url":"https:\/\/gren.com\/lt\/energija-is-atlieku\/","name":"Energija i\u0161 atliek\u0173 - Gren Lietuva","isPartOf":{"@id":"https:\/\/gren.com\/lt\/#website"},"datePublished":"2023-11-22T15:41:32+00:00","dateModified":"2024-12-16T08:43:46+00:00","description":"Kaune ir Klaip\u0117doje, naudojant i\u0161r\u016b\u0161iuotas, perdirbimui nebetinkan\u010dias, komunalines ir pramonines atliekas, gaminame \u0161ilum\u0105 ir elektr\u0105. Energija gaminama naudojant naujausias technologijas, u\u017etikrinan\u010dias efektyv\u0173 energetin\u0117s vert\u0117s i\u0161 atliek\u0173 i\u0161gavim\u0105 bei i\u0161metam\u0173j\u0173 duj\u0173 valym\u0105.","breadcrumb":{"@id":"https:\/\/gren.com\/lt\/energija-is-atlieku\/#breadcrumb"},"inLanguage":"en-US","potentialAction":[{"@type":"ReadAction","target":["https:\/\/gren.com\/lt\/energija-is-atlieku\/"]}]},{"@type":"BreadcrumbList","@id":"https:\/\/gren.com\/lt\/energija-is-atlieku\/#breadcrumb","itemListElement":[{"@type":"ListItem","position":1,"name":"Home","item":"https:\/\/gren.com\/lt\/"},{"@type":"ListItem","position":2,"name":"Energija i\u0161 atliek\u0173"}]},{"@type":"WebSite","@id":"https:\/\/gren.com\/lt\/#website","url":"https:\/\/gren.com\/lt\/","name":"Gren Lietuva","description":"\u017daliosios energetikos \u012fmon\u0117","potentialAction":[{"@type":"SearchAction","target":{"@type":"EntryPoint","urlTemplate":"https:\/\/gren.com\/lt\/?s={search_term_string}"},"query-input":{"@type":"PropertyValueSpecification","valueRequired":true,"valueName":"search_term_string"}}],"inLanguage":"en-US"}]}},"_links":{"self":[{"href":"https:\/\/gren.com\/lt\/wp-json\/wp\/v2\/pages\/9764","targetHints":{"allow":["GET"]}}],"collection":[{"href":"https:\/\/gren.com\/lt\/wp-json\/wp\/v2\/pages"}],"about":[{"href":"https:\/\/gren.com\/lt\/wp-json\/wp\/v2\/types\/page"}],"author":[{"embeddable":true,"href":"https:\/\/gren.com\/lt\/wp-json\/wp\/v2\/users\/10"}],"replies":[{"embeddable":true,"href":"https:\/\/gren.com\/lt\/wp-json\/wp\/v2\/comments?post=9764"}],"version-history":[{"count":95,"href":"https:\/\/gren.com\/lt\/wp-json\/wp\/v2\/pages\/9764\/revisions"}],"predecessor-version":[{"id":15727,"href":"https:\/\/gren.com\/lt\/wp-json\/wp\/v2\/pages\/9764\/revisions\/15727"}],"wp:attachment":[{"href":"https:\/\/gren.com\/lt\/wp-json\/wp\/v2\/media?parent=9764"}],"curies":[{"name":"wp","href":"https:\/\/api.w.org\/{rel}","templated":true}]}}