{"id":9901,"date":"2023-11-25T13:28:18","date_gmt":"2023-11-25T11:28:18","guid":{"rendered":"https:\/\/web-staging.gren.com\/ltu\/?page_id=9901"},"modified":"2024-02-12T17:26:59","modified_gmt":"2024-02-12T15:26:59","slug":"cewep","status":"publish","type":"page","link":"https:\/\/gren.com\/lt\/cewep\/","title":{"rendered":"CEWEP"},"content":{"rendered":"<style type=\"text\/css\">.page-hero{padding:140px 0 30px;position:relative}.page-hero-content{max-width:300px}.page-hero h4,.page-hero p{font-size:16px;font-weight:400;line-height:24px}.page-hero .date{margin-top:24px;color:#fff;font-size:20px}.page-hero-video-wrap{position:absolute;top:0;left:0;width:100%;height:100%;z-index:-1;overflow:hidden}.page-hero-video{width:100%;height:100%;object-fit:cover}@media(min-width: 576px){.page-hero-content{max-width:850px}}@media(min-width: 992px){.page-hero{padding:210px 0 64px}.page-hero h4,.page-hero p{font-size:24px;line-height:30px}}\n\n\/*# sourceMappingURL=block-page-hero.min.css.map*\/<\/style><section id=\"page-hero-block_3bf550be07b7d604a9ed23edce16b0dc\" class=\"block page-hero\" style=\"background: url(https:\/\/grenweb01.blob.core.windows.net\/gren-web-prod\/sites\/3\/2024\/01\/hero-bg-1.jpg) no-repeat center\/cover\">\n\t<div class=\"container\"  data-block-animate>\n\t\t\t\t\t<div class=\"page-hero-content text-wrap\"  data-animate-part>\n\t\t\t\t<h1 class=\"page-title\" style=\"text-align: left\"><span style=\"color: #ffffff\">CEWEP<\/span><\/h1>\n\n                \t\t\t<\/div>\n\t\t\t<\/div>\n<\/section>\n\n<style type=\"text\/css\">.two-column-content{position:relative;padding:48px 0 0;overflow-y:hidden}.two-column-content.bg-dark-green,.two-column-content.bg-dark-red{color:#fff}.two-column-content .img-wrap,.two-column-content .text-wrap{width:100%}.two-column-content .block-background-image img{position:absolute;width:100%;height:100%;object-position:center;object-fit:cover;top:0;left:0}.two-column-content .container{position:relative}.two-column-content .text-wrap{padding:0 16px}.two-column-content .text-wrap ul li{font-size:16px}.two-column-content .text-wrap p>a{font-weight:700;position:relative;transition:all ease-in-out .3s;margin-top:50px;display:inline-block}.two-column-content .text-wrap p>a:active{color:#9cbbba !important}.two-column-content .text-inner{padding:24px 16px;border-radius:4px}.two-column-content .text-inner .btn{display:inline-block}.two-column-content .img-wrap{position:relative;height:100%}.two-column-content .img-wrap img{object-fit:contain;object-position:top;width:100%;height:100%}.two-column-content .with-image .right-col p{opacity:.6;margin:12px 0 0}.two-column-content .right-col img{width:100%}@media(max-width: 767.98px){.two-column-content .container{padding:0}.two-column-content .text-wrap{margin:24px 0}.two-column-content .with-image .right-col{order:1}.two-column-content .with-image .left-col{order:2}.two-column-content.reversed .left-col{order:2 !important}.two-column-content.reversed .right-col{order:1 !important}}@media(min-width: 768px){.two-column-content{padding:32px 0}.two-column-content .img-wrap img{max-height:500px}.two-column-content .only-text .left-col .text-wrap{padding-right:28px !important}.two-column-content .only-text .right-col .text-wrap{padding-left:28px}.two-column-content:not(.reversed) .left-col .text-wrap{padding-right:64px}.two-column-content.reversed .left-col{order:2 !important}.two-column-content.reversed .left-col .text-wrap{padding-left:64px}.two-column-content.reversed .right-col{order:1 !important}}@media(min-width: 992px){.two-column-content .row.with-image .right-col{order:unset}.two-column-content .row.with-image .left-col{order:unset}.two-column-content .text-wrap{justify-self:start}.two-column-content .text-wrap p>a{margin-top:0}.two-column-content .text-wrap p>a:hover{color:#e8412c}.two-column-content.align-middle .col-6{display:flex;align-items:center}.two-column-content.align-bottom .col-6{display:flex;align-items:end}}\n\n\/*# sourceMappingURL=block-two-column-content.min.css.map*\/<\/style><section id=\"two-column-content-block_270d0dc223522fc2bdb0499cf469ea96\" class=\"block two-column-content bg-white\" data-menu-target>\n        <div class=\"container\" data-block-animate>\n        <div class=\"row g-0 with-image\">\n            <div class=\"col-12 col-md-6 left-col\" data-animate-part>\n                <div class=\"text-wrap\"><div class=\"text-inner\" style=\"\"><p>Europos energijos gamybos i\u0161 atliek\u0173 j\u0117gaini\u0173 konfederacija (CEWEP) yra sk\u0117tin\u0117 energijos gamybos i\u0161 atliek\u0173 (EGA) j\u0117gaini\u0173 operatori\u0173 ir valdytoj\u0173 asociacija, atstovaujanti daugiau nei 400 j\u0117gaini\u0173 i\u0161 23 \u0161ali\u0173. Jos sudaro daugiau kaip 80 % EGA paj\u0117gum\u0173 Europoje.<\/p>\n<p>CEWEP nariai yra \u012fsipareigoj\u0119 u\u017etikrinti auk\u0161tus aplinkosaugos standartus, siekti ma\u017eo i\u0161metam\u0173 ter\u0161al\u0173 kiekio ir moderniausiais b\u016bdais gaminti energij\u0105 i\u0161 atliek\u0173, kuri\u0173 negalima tvariai perdirbti.<\/p>\n<div>\n<p><span lang=\"LT\"><a href=\"http:\/\/kkj.lt\" target=\"_blank\" rel=\"noopener\">\u201eKauno kogeneracin\u0117 j\u0117gain\u0117\u201c<\/a> ir <a href=\"https:\/\/gren.com\/lt\/gren-klaipeda\/\" target=\"_blank\" rel=\"noopener\">\u201eGren Klaip\u0117da\u201c<\/a> yra CEWEP nar\u0117s.<\/span><\/p>\n<p>Daugiau apie CEWEP:\u00a0<a class=\"button btn-secondary\" href=\"https:\/\/www.cewep.eu\/\" target=\"_blank\" rel=\"noopener\">cewep.eu<\/a><\/p>\n<\/div>\n<\/div><\/div>\n            <\/div><!--\/.col-->\n            <div class=\"col-12 col-md-6 right-col\" data-animate-part>\n                <div class=\"img-wrap\"><img loading=\"lazy\" decoding=\"async\" width=\"1024\" height=\"557\" src=\"https:\/\/grenweb01.blob.core.windows.net\/gren-web-prod\/2022\/12\/picture1-1024x557.png\" class=\"attachment-large size-large\" alt=\"\" srcset=\"https:\/\/grenweb01.blob.core.windows.net\/gren-web-prod\/2022\/12\/picture1-1024x557.png 1024w, https:\/\/grenweb01.blob.core.windows.net\/gren-web-prod\/2022\/12\/picture1-300x163.png 300w, https:\/\/grenweb01.blob.core.windows.net\/gren-web-prod\/2022\/12\/picture1-768x417.png 768w, https:\/\/grenweb01.blob.core.windows.net\/gren-web-prod\/2022\/12\/picture1.png 1264w\" sizes=\"auto, (max-width: 1024px) 100vw, 1024px\" \/><\/div>            <\/div><!--\/.col-->\n        <\/div>\n    <\/div>\n<\/section>\n\n<style type=\"text\/css\">.full-width-written-content p>a{font-weight:700}\n\n\/*# sourceMappingURL=block-full-width-written-content.min.css.map*\/<\/style><section id=\"full-width-written-content-block_5c1692243a43ab7a0c6fd937010bf6c3\" class=\"block full-width-written-content\">\n\t<div class=\"container\" data-block-animate>\n\t\t<div class=\"text-wrap\" data-animate-part><h2>CEWEP klimato kaitos planas<\/h2>\n<div class=\" rich-text\">\n<p><a class=\"download-link rounded button btn-secondary-outline\" href=\"https:\/\/grenweb01.blob.core.windows.net\/gren-web-prod\/sites\/3\/2022\/11\/klimato-kaitos-veiksmu-planas-1.pdf\" target=\"_blank\" rel=\"noopener\">Klimato kaitos veiksm\u0173 planas<\/a><\/p>\n<p><a class=\"button btn-secondary-outline\" href=\"https:\/\/www.cewep.eu\/wp-content\/uploads\/2022\/06\/CEWEP-WtE-Climate-Roadmap-2022.pdf.pdf\" target=\"_blank\" rel=\"noopener\">Klimato kaitos veiksm\u0173 planas (angl\u0173 kalba)<\/a><\/p>\n<p>\u0160is dokumentas papildo pirm\u0105j\u012f \u201eKlimato kaitos veiksm\u0173 plan\u0105\u201c, kur\u012f Europos energijos gamybos i\u0161 atliek\u0173 j\u0117gaini\u0173 konfederacija (CEWEP) paskelb\u0117 2019 m. Jame buvo pabr\u0117\u017eiama, kad net ir 2035 metais pasiekus \u017eiedin\u0117s ekonomikos dokument\u0173 pakete nustatytus tikslus (10 % rib\u0105 \u012f s\u0105vartynus ve\u017eamoms atliekoms ir minimal\u0173 65 % komunalini\u0173 atliek\u0173 perdirbimo tiksl\u0105), ir toliau teks tvarkyti atliekas, kuri\u0173 negalima perdirbti aplinkai nekenksmingu b\u016bdu.<\/p>\n<p>Energijos gamyba i\u0161 atliek\u0173 arba atliek\u0173 deginimas atkuriant energij\u0105 yra tvarios \u017eiedin\u0117s ekonomikos kertinis akmuo ir pagrindinis veiksnys, padedantis siekti \u201eEuropos \u017ealiojo susitarimo\u201c klimato tiksl\u0173: iki 2030 m. 55 % suma\u017einti i\u0161metam\u0173 \u0161iltnamio efekt\u0105 sukelian\u010di\u0173 duj\u0173 kiek\u012f ir iki 2050 m. u\u017etikrinti neutralum\u0105 klimato at\u017evilgiu. \u0160iame atnaujintame plane nagrin\u0117jama kaip energijos gamybos i\u0161 atliek\u0173 sektorius pad\u0117s Europai pasiekti klimato tikslus.<\/p>\n<\/div>\n<\/div>\t<\/div>\n<\/section>\n\n<style type=\"text\/css\">.block.youtube .embed-responsive{position:relative;display:block;width:100%;padding:0;overflow:hidden}.block.youtube .embed-responsive::before{display:block;content:\"\"}.block.youtube .embed-responsive iframe{position:absolute;top:0;bottom:0;left:0;width:100%;height:100%;border:0}.block.youtube .embed-responsive-16by9::before{padding-top:56.25%}\n\n\/*# sourceMappingURL=block-youtube.min.css.map*\/<\/style><section id=\"youtube-block_45410aed3da1444771d6f97759983990\" class=\"block youtube\">\n\t<div class=\"container\">\n        <div class=\"embed-responsive embed-responsive-16by9\">\n            <iframe data-cookieblock-src=\"https:\/\/www.youtube.com\/embed\/_7SsOuGwUKQ\"\n                    data-cookieconsent=\"marketing\"\n                    allow=\"accelerometer; autoplay; clipboard-write; encrypted-media; gyroscope; picture-in-picture; web-share\"\n                    allowfullscreen>\n            <\/iframe>\n        <\/div>\n\t<\/div>\n<\/section>\n\n\n","protected":false},"excerpt":{"rendered":"","protected":false},"author":10,"featured_media":0,"parent":0,"menu_order":0,"comment_status":"closed","ping_status":"closed","template":"","meta":{"_acf_changed":false,"footnotes":""},"class_list":["post-9901","page","type-page","status-publish","hentry"],"acf":[],"yoast_head":"<!-- This site is optimized with the Yoast SEO plugin v26.8 - https:\/\/yoast.com\/product\/yoast-seo-wordpress\/ -->\n<title>CEWEP - Gren Lietuva<\/title>\n<meta name=\"description\" content=\"\u201eKauno kogeneracin\u0117 j\u0117gain\u0117\u201c ir \u201eGren Klaip\u0117da\u201c yra CEWEP nar\u0117s, \u012fsipareigojusios u\u017etikrinti auk\u0161tus aplinkosaugos standartus, siekti ma\u017eo i\u0161metam\u0173 ter\u0161al\u0173 kiekio ir moderniausiais b\u016bdais gaminti energij\u0105 i\u0161 atliek\u0173, kuri\u0173 negalima tvariai perdirbti.\" \/>\n<meta name=\"robots\" content=\"index, follow, max-snippet:-1, max-image-preview:large, max-video-preview:-1\" \/>\n<link rel=\"canonical\" href=\"https:\/\/gren.com\/lt\/cewep\/\" \/>\n<meta property=\"og:locale\" content=\"en_US\" \/>\n<meta property=\"og:type\" content=\"article\" \/>\n<meta property=\"og:title\" content=\"CEWEP - Gren Lietuva\" \/>\n<meta property=\"og:description\" content=\"\u201eKauno kogeneracin\u0117 j\u0117gain\u0117\u201c ir \u201eGren Klaip\u0117da\u201c yra CEWEP nar\u0117s, \u012fsipareigojusios u\u017etikrinti auk\u0161tus aplinkosaugos standartus, siekti ma\u017eo i\u0161metam\u0173 ter\u0161al\u0173 kiekio ir moderniausiais b\u016bdais gaminti energij\u0105 i\u0161 atliek\u0173, kuri\u0173 negalima tvariai perdirbti.\" \/>\n<meta property=\"og:url\" content=\"https:\/\/gren.com\/lt\/cewep\/\" \/>\n<meta property=\"og:site_name\" content=\"Gren Lietuva\" \/>\n<meta property=\"article:modified_time\" content=\"2024-02-12T15:26:59+00:00\" \/>\n<meta name=\"twitter:card\" content=\"summary_large_image\" \/>\n<meta name=\"twitter:label1\" content=\"Est. reading time\" \/>\n\t<meta name=\"twitter:data1\" content=\"2 minutes\" \/>\n<script type=\"application\/ld+json\" class=\"yoast-schema-graph\">{\"@context\":\"https:\/\/schema.org\",\"@graph\":[{\"@type\":\"WebPage\",\"@id\":\"https:\/\/gren.com\/lt\/cewep\/\",\"url\":\"https:\/\/gren.com\/lt\/cewep\/\",\"name\":\"CEWEP - Gren Lietuva\",\"isPartOf\":{\"@id\":\"https:\/\/gren.com\/lt\/#website\"},\"datePublished\":\"2023-11-25T11:28:18+00:00\",\"dateModified\":\"2024-02-12T15:26:59+00:00\",\"description\":\"\u201eKauno kogeneracin\u0117 j\u0117gain\u0117\u201c ir \u201eGren Klaip\u0117da\u201c yra CEWEP nar\u0117s, \u012fsipareigojusios u\u017etikrinti auk\u0161tus aplinkosaugos standartus, siekti ma\u017eo i\u0161metam\u0173 ter\u0161al\u0173 kiekio ir moderniausiais b\u016bdais gaminti energij\u0105 i\u0161 atliek\u0173, kuri\u0173 negalima tvariai perdirbti.\",\"breadcrumb\":{\"@id\":\"https:\/\/gren.com\/lt\/cewep\/#breadcrumb\"},\"inLanguage\":\"en-US\",\"potentialAction\":[{\"@type\":\"ReadAction\",\"target\":[\"https:\/\/gren.com\/lt\/cewep\/\"]}]},{\"@type\":\"BreadcrumbList\",\"@id\":\"https:\/\/gren.com\/lt\/cewep\/#breadcrumb\",\"itemListElement\":[{\"@type\":\"ListItem\",\"position\":1,\"name\":\"Home\",\"item\":\"https:\/\/gren.com\/lt\/\"},{\"@type\":\"ListItem\",\"position\":2,\"name\":\"CEWEP\"}]},{\"@type\":\"WebSite\",\"@id\":\"https:\/\/gren.com\/lt\/#website\",\"url\":\"https:\/\/gren.com\/lt\/\",\"name\":\"Gren Lietuva\",\"description\":\"\u017daliosios energetikos \u012fmon\u0117\",\"potentialAction\":[{\"@type\":\"SearchAction\",\"target\":{\"@type\":\"EntryPoint\",\"urlTemplate\":\"https:\/\/gren.com\/lt\/?s={search_term_string}\"},\"query-input\":{\"@type\":\"PropertyValueSpecification\",\"valueRequired\":true,\"valueName\":\"search_term_string\"}}],\"inLanguage\":\"en-US\"}]}<\/script>\n<!-- \/ Yoast SEO plugin. -->","yoast_head_json":{"title":"CEWEP - Gren Lietuva","description":"\u201eKauno kogeneracin\u0117 j\u0117gain\u0117\u201c ir \u201eGren Klaip\u0117da\u201c yra CEWEP nar\u0117s, \u012fsipareigojusios u\u017etikrinti auk\u0161tus aplinkosaugos standartus, siekti ma\u017eo i\u0161metam\u0173 ter\u0161al\u0173 kiekio ir moderniausiais b\u016bdais gaminti energij\u0105 i\u0161 atliek\u0173, kuri\u0173 negalima tvariai perdirbti.","robots":{"index":"index","follow":"follow","max-snippet":"max-snippet:-1","max-image-preview":"max-image-preview:large","max-video-preview":"max-video-preview:-1"},"canonical":"https:\/\/gren.com\/lt\/cewep\/","og_locale":"en_US","og_type":"article","og_title":"CEWEP - Gren Lietuva","og_description":"\u201eKauno kogeneracin\u0117 j\u0117gain\u0117\u201c ir \u201eGren Klaip\u0117da\u201c yra CEWEP nar\u0117s, \u012fsipareigojusios u\u017etikrinti auk\u0161tus aplinkosaugos standartus, siekti ma\u017eo i\u0161metam\u0173 ter\u0161al\u0173 kiekio ir moderniausiais b\u016bdais gaminti energij\u0105 i\u0161 atliek\u0173, kuri\u0173 negalima tvariai perdirbti.","og_url":"https:\/\/gren.com\/lt\/cewep\/","og_site_name":"Gren Lietuva","article_modified_time":"2024-02-12T15:26:59+00:00","twitter_card":"summary_large_image","twitter_misc":{"Est. reading time":"2 minutes"},"schema":{"@context":"https:\/\/schema.org","@graph":[{"@type":"WebPage","@id":"https:\/\/gren.com\/lt\/cewep\/","url":"https:\/\/gren.com\/lt\/cewep\/","name":"CEWEP - Gren Lietuva","isPartOf":{"@id":"https:\/\/gren.com\/lt\/#website"},"datePublished":"2023-11-25T11:28:18+00:00","dateModified":"2024-02-12T15:26:59+00:00","description":"\u201eKauno kogeneracin\u0117 j\u0117gain\u0117\u201c ir \u201eGren Klaip\u0117da\u201c yra CEWEP nar\u0117s, \u012fsipareigojusios u\u017etikrinti auk\u0161tus aplinkosaugos standartus, siekti ma\u017eo i\u0161metam\u0173 ter\u0161al\u0173 kiekio ir moderniausiais b\u016bdais gaminti energij\u0105 i\u0161 atliek\u0173, kuri\u0173 negalima tvariai perdirbti.","breadcrumb":{"@id":"https:\/\/gren.com\/lt\/cewep\/#breadcrumb"},"inLanguage":"en-US","potentialAction":[{"@type":"ReadAction","target":["https:\/\/gren.com\/lt\/cewep\/"]}]},{"@type":"BreadcrumbList","@id":"https:\/\/gren.com\/lt\/cewep\/#breadcrumb","itemListElement":[{"@type":"ListItem","position":1,"name":"Home","item":"https:\/\/gren.com\/lt\/"},{"@type":"ListItem","position":2,"name":"CEWEP"}]},{"@type":"WebSite","@id":"https:\/\/gren.com\/lt\/#website","url":"https:\/\/gren.com\/lt\/","name":"Gren Lietuva","description":"\u017daliosios energetikos \u012fmon\u0117","potentialAction":[{"@type":"SearchAction","target":{"@type":"EntryPoint","urlTemplate":"https:\/\/gren.com\/lt\/?s={search_term_string}"},"query-input":{"@type":"PropertyValueSpecification","valueRequired":true,"valueName":"search_term_string"}}],"inLanguage":"en-US"}]}},"_links":{"self":[{"href":"https:\/\/gren.com\/lt\/wp-json\/wp\/v2\/pages\/9901","targetHints":{"allow":["GET"]}}],"collection":[{"href":"https:\/\/gren.com\/lt\/wp-json\/wp\/v2\/pages"}],"about":[{"href":"https:\/\/gren.com\/lt\/wp-json\/wp\/v2\/types\/page"}],"author":[{"embeddable":true,"href":"https:\/\/gren.com\/lt\/wp-json\/wp\/v2\/users\/10"}],"replies":[{"embeddable":true,"href":"https:\/\/gren.com\/lt\/wp-json\/wp\/v2\/comments?post=9901"}],"version-history":[{"count":58,"href":"https:\/\/gren.com\/lt\/wp-json\/wp\/v2\/pages\/9901\/revisions"}],"predecessor-version":[{"id":14340,"href":"https:\/\/gren.com\/lt\/wp-json\/wp\/v2\/pages\/9901\/revisions\/14340"}],"wp:attachment":[{"href":"https:\/\/gren.com\/lt\/wp-json\/wp\/v2\/media?parent=9901"}],"curies":[{"name":"wp","href":"https:\/\/api.w.org\/{rel}","templated":true}]}}