{"id":9968,"date":"2023-11-25T21:56:10","date_gmt":"2023-11-25T19:56:10","guid":{"rendered":"https:\/\/web-staging.gren.com\/ltu\/?page_id=9968"},"modified":"2024-02-12T17:23:35","modified_gmt":"2024-02-12T15:23:35","slug":"klaipedos-energija","status":"publish","type":"page","link":"https:\/\/gren.com\/lt\/klaipedos-energija\/","title":{"rendered":"Klaip\u0117dos energija"},"content":{"rendered":"<style type=\"text\/css\">.page-hero{padding:140px 0 30px;position:relative}.page-hero-content{max-width:300px}.page-hero h4,.page-hero p{font-size:16px;font-weight:400;line-height:24px}.page-hero .date{margin-top:24px;color:#fff;font-size:20px}.page-hero-video-wrap{position:absolute;top:0;left:0;width:100%;height:100%;z-index:-1;overflow:hidden}.page-hero-video{width:100%;height:100%;object-fit:cover}@media(min-width: 576px){.page-hero-content{max-width:850px}}@media(min-width: 992px){.page-hero{padding:210px 0 64px}.page-hero h4,.page-hero p{font-size:24px;line-height:30px}}\n\n\/*# sourceMappingURL=block-page-hero.min.css.map*\/<\/style><section id=\"page-hero-block_129645ac936e09fea6f0ead46af947bd\" class=\"block page-hero\" style=\"background: url(https:\/\/grenweb01.blob.core.windows.net\/gren-web-prod\/sites\/3\/2024\/01\/hero-bg-1.jpg) no-repeat center\/cover\">\n\t<div class=\"container\"  data-block-animate>\n\t\t\t\t\t<div class=\"page-hero-content text-wrap\"  data-animate-part>\n\t\t\t\t<h1><span style=\"color: #ffffff\">Klaip\u0117dos energija<\/span><\/h1>\n\n                \t\t\t<\/div>\n\t\t\t<\/div>\n<\/section>\n\n<style type=\"text\/css\">.two-column-content{position:relative;padding:48px 0 0;overflow-y:hidden}.two-column-content.bg-dark-green,.two-column-content.bg-dark-red{color:#fff}.two-column-content .img-wrap,.two-column-content .text-wrap{width:100%}.two-column-content .block-background-image img{position:absolute;width:100%;height:100%;object-position:center;object-fit:cover;top:0;left:0}.two-column-content .container{position:relative}.two-column-content .text-wrap{padding:0 16px}.two-column-content .text-wrap ul li{font-size:16px}.two-column-content .text-wrap p>a{font-weight:700;position:relative;transition:all ease-in-out .3s;margin-top:50px;display:inline-block}.two-column-content .text-wrap p>a:active{color:#9cbbba !important}.two-column-content .text-inner{padding:24px 16px;border-radius:4px}.two-column-content .text-inner .btn{display:inline-block}.two-column-content .img-wrap{position:relative;height:100%}.two-column-content .img-wrap img{object-fit:contain;object-position:top;width:100%;height:100%}.two-column-content .with-image .right-col p{opacity:.6;margin:12px 0 0}.two-column-content .right-col img{width:100%}@media(max-width: 767.98px){.two-column-content .container{padding:0}.two-column-content .text-wrap{margin:24px 0}.two-column-content .with-image .right-col{order:1}.two-column-content .with-image .left-col{order:2}.two-column-content.reversed .left-col{order:2 !important}.two-column-content.reversed .right-col{order:1 !important}}@media(min-width: 768px){.two-column-content{padding:32px 0}.two-column-content .img-wrap img{max-height:500px}.two-column-content .only-text .left-col .text-wrap{padding-right:28px !important}.two-column-content .only-text .right-col .text-wrap{padding-left:28px}.two-column-content:not(.reversed) .left-col .text-wrap{padding-right:64px}.two-column-content.reversed .left-col{order:2 !important}.two-column-content.reversed .left-col .text-wrap{padding-left:64px}.two-column-content.reversed .right-col{order:1 !important}}@media(min-width: 992px){.two-column-content .row.with-image .right-col{order:unset}.two-column-content .row.with-image .left-col{order:unset}.two-column-content .text-wrap{justify-self:start}.two-column-content .text-wrap p>a{margin-top:0}.two-column-content .text-wrap p>a:hover{color:#e8412c}.two-column-content.align-middle .col-6{display:flex;align-items:center}.two-column-content.align-bottom .col-6{display:flex;align-items:end}}\n\n\/*# sourceMappingURL=block-two-column-content.min.css.map*\/<\/style><section id=\"two-column-content-block_75be69001adb87479d86d49db7c57ec2\" class=\"block two-column-content bg-white\" data-menu-target>\n        <div class=\"container\" data-block-animate>\n        <div class=\"row g-0 with-image\">\n            <div class=\"col-12 col-md-6 left-col\" data-animate-part>\n                <div class=\"text-wrap\"><div class=\"text-inner\" style=\"\"><p>AB \u201eKlaip\u0117dos energija\u201c \u2013 viena seniausi\u0173 Lietuvos energetikos \u012fmoni\u0173, i\u0161augusi i\u0161 1929 m. pastatytos anglimis k\u016brenamos elektrin\u0117s ant Dan\u0117s kranto.<\/p>\n<p>AB \u201eKlaip\u0117dos energija\u201c tapo pirm\u0105ja Lietuvos \u0161ilumos tiekimo \u012fmone, kurioje \u012fregistruotas u\u017esienio kilm\u0117s kapitalas. Dabar \u012fmon\u0117s akcininkai dalijasi patirtimi, konsultuoja, gerinant bendrov\u0117s valdymo strukt\u016br\u0105 bei teikia param\u0105, kuriant \u012fmon\u0117s ateities strategij\u0105. \u0160iuo metu pagrindinis akcij\u0173 paketas (75.45 %) priklauso Klaip\u0117dos miesto savivaldybei, 19.47 % akcij\u0173 valdo UAB Gren Lietuva, kiti akcininkai \u2013 5.08 %.<\/p>\n<p>Daugiau apie \u012fmon\u0119: <a class=\"button btn-secondary\" href=\"https:\/\/www.klenergija.lt\/\" target=\"_blank\" rel=\"noopener\">klenergija.lt<\/a><\/p>\n<\/div><\/div>\n            <\/div><!--\/.col-->\n            <div class=\"col-12 col-md-6 right-col\" data-animate-part>\n                <div class=\"img-wrap\"><img loading=\"lazy\" decoding=\"async\" width=\"1024\" height=\"575\" src=\"https:\/\/grenweb01.blob.core.windows.net\/gren-web-prod\/sites\/3\/2024\/01\/klaipedos-1024x575.jpeg\" class=\"attachment-large size-large\" alt=\"\" srcset=\"https:\/\/grenweb01.blob.core.windows.net\/gren-web-prod\/sites\/3\/2024\/01\/klaipedos-1024x575.jpeg 1024w, https:\/\/grenweb01.blob.core.windows.net\/gren-web-prod\/sites\/3\/2024\/01\/klaipedos-300x168.jpeg 300w, https:\/\/grenweb01.blob.core.windows.net\/gren-web-prod\/sites\/3\/2024\/01\/klaipedos-768x431.jpeg 768w, https:\/\/grenweb01.blob.core.windows.net\/gren-web-prod\/sites\/3\/2024\/01\/klaipedos-1536x863.jpeg 1536w, https:\/\/grenweb01.blob.core.windows.net\/gren-web-prod\/sites\/3\/2024\/01\/klaipedos.jpeg 2048w\" sizes=\"auto, (max-width: 1024px) 100vw, 1024px\" \/><\/div>            <\/div><!--\/.col-->\n        <\/div>\n    <\/div>\n<\/section>","protected":false},"excerpt":{"rendered":"","protected":false},"author":10,"featured_media":0,"parent":0,"menu_order":0,"comment_status":"closed","ping_status":"closed","template":"","meta":{"_acf_changed":false,"footnotes":""},"class_list":["post-9968","page","type-page","status-publish","hentry"],"acf":[],"yoast_head":"<!-- This site is optimized with the Yoast SEO plugin v26.8 - https:\/\/yoast.com\/product\/yoast-seo-wordpress\/ -->\n<title>Klaip\u0117dos energija - Gren Lietuva<\/title>\n<meta name=\"description\" content=\"AB \u201eKlaip\u0117dos energija\u201c yra pagrindin\u0117 \u0161ilumin\u0117s energijos tiek\u0117ja Klaip\u0117doje. 19.47 % \u012fmon\u0117s akcij\u0173 valdo UAB Gren Lietuva.\" \/>\n<meta name=\"robots\" content=\"index, follow, max-snippet:-1, max-image-preview:large, max-video-preview:-1\" \/>\n<link rel=\"canonical\" href=\"https:\/\/gren.com\/lt\/klaipedos-energija\/\" \/>\n<meta property=\"og:locale\" content=\"en_US\" \/>\n<meta property=\"og:type\" content=\"article\" \/>\n<meta property=\"og:title\" content=\"Klaip\u0117dos energija - Gren Lietuva\" \/>\n<meta property=\"og:description\" content=\"AB \u201eKlaip\u0117dos energija\u201c yra pagrindin\u0117 \u0161ilumin\u0117s energijos tiek\u0117ja Klaip\u0117doje. 19.47 % \u012fmon\u0117s akcij\u0173 valdo UAB Gren Lietuva.\" \/>\n<meta property=\"og:url\" content=\"https:\/\/gren.com\/lt\/klaipedos-energija\/\" \/>\n<meta property=\"og:site_name\" content=\"Gren Lietuva\" \/>\n<meta property=\"article:modified_time\" content=\"2024-02-12T15:23:35+00:00\" \/>\n<meta name=\"twitter:card\" content=\"summary_large_image\" \/>\n<meta name=\"twitter:label1\" content=\"Est. reading time\" \/>\n\t<meta name=\"twitter:data1\" content=\"1 minute\" \/>\n<script type=\"application\/ld+json\" class=\"yoast-schema-graph\">{\"@context\":\"https:\/\/schema.org\",\"@graph\":[{\"@type\":\"WebPage\",\"@id\":\"https:\/\/gren.com\/lt\/klaipedos-energija\/\",\"url\":\"https:\/\/gren.com\/lt\/klaipedos-energija\/\",\"name\":\"Klaip\u0117dos energija - Gren Lietuva\",\"isPartOf\":{\"@id\":\"https:\/\/gren.com\/lt\/#website\"},\"datePublished\":\"2023-11-25T19:56:10+00:00\",\"dateModified\":\"2024-02-12T15:23:35+00:00\",\"description\":\"AB \u201eKlaip\u0117dos energija\u201c yra pagrindin\u0117 \u0161ilumin\u0117s energijos tiek\u0117ja Klaip\u0117doje. 19.47 % \u012fmon\u0117s akcij\u0173 valdo UAB Gren Lietuva.\",\"breadcrumb\":{\"@id\":\"https:\/\/gren.com\/lt\/klaipedos-energija\/#breadcrumb\"},\"inLanguage\":\"en-US\",\"potentialAction\":[{\"@type\":\"ReadAction\",\"target\":[\"https:\/\/gren.com\/lt\/klaipedos-energija\/\"]}]},{\"@type\":\"BreadcrumbList\",\"@id\":\"https:\/\/gren.com\/lt\/klaipedos-energija\/#breadcrumb\",\"itemListElement\":[{\"@type\":\"ListItem\",\"position\":1,\"name\":\"Home\",\"item\":\"https:\/\/gren.com\/lt\/\"},{\"@type\":\"ListItem\",\"position\":2,\"name\":\"Klaip\u0117dos energija\"}]},{\"@type\":\"WebSite\",\"@id\":\"https:\/\/gren.com\/lt\/#website\",\"url\":\"https:\/\/gren.com\/lt\/\",\"name\":\"Gren Lietuva\",\"description\":\"\u017daliosios energetikos \u012fmon\u0117\",\"potentialAction\":[{\"@type\":\"SearchAction\",\"target\":{\"@type\":\"EntryPoint\",\"urlTemplate\":\"https:\/\/gren.com\/lt\/?s={search_term_string}\"},\"query-input\":{\"@type\":\"PropertyValueSpecification\",\"valueRequired\":true,\"valueName\":\"search_term_string\"}}],\"inLanguage\":\"en-US\"}]}<\/script>\n<!-- \/ Yoast SEO plugin. -->","yoast_head_json":{"title":"Klaip\u0117dos energija - Gren Lietuva","description":"AB \u201eKlaip\u0117dos energija\u201c yra pagrindin\u0117 \u0161ilumin\u0117s energijos tiek\u0117ja Klaip\u0117doje. 19.47 % \u012fmon\u0117s akcij\u0173 valdo UAB Gren Lietuva.","robots":{"index":"index","follow":"follow","max-snippet":"max-snippet:-1","max-image-preview":"max-image-preview:large","max-video-preview":"max-video-preview:-1"},"canonical":"https:\/\/gren.com\/lt\/klaipedos-energija\/","og_locale":"en_US","og_type":"article","og_title":"Klaip\u0117dos energija - Gren Lietuva","og_description":"AB \u201eKlaip\u0117dos energija\u201c yra pagrindin\u0117 \u0161ilumin\u0117s energijos tiek\u0117ja Klaip\u0117doje. 19.47 % \u012fmon\u0117s akcij\u0173 valdo UAB Gren Lietuva.","og_url":"https:\/\/gren.com\/lt\/klaipedos-energija\/","og_site_name":"Gren Lietuva","article_modified_time":"2024-02-12T15:23:35+00:00","twitter_card":"summary_large_image","twitter_misc":{"Est. reading time":"1 minute"},"schema":{"@context":"https:\/\/schema.org","@graph":[{"@type":"WebPage","@id":"https:\/\/gren.com\/lt\/klaipedos-energija\/","url":"https:\/\/gren.com\/lt\/klaipedos-energija\/","name":"Klaip\u0117dos energija - Gren Lietuva","isPartOf":{"@id":"https:\/\/gren.com\/lt\/#website"},"datePublished":"2023-11-25T19:56:10+00:00","dateModified":"2024-02-12T15:23:35+00:00","description":"AB \u201eKlaip\u0117dos energija\u201c yra pagrindin\u0117 \u0161ilumin\u0117s energijos tiek\u0117ja Klaip\u0117doje. 19.47 % \u012fmon\u0117s akcij\u0173 valdo UAB Gren Lietuva.","breadcrumb":{"@id":"https:\/\/gren.com\/lt\/klaipedos-energija\/#breadcrumb"},"inLanguage":"en-US","potentialAction":[{"@type":"ReadAction","target":["https:\/\/gren.com\/lt\/klaipedos-energija\/"]}]},{"@type":"BreadcrumbList","@id":"https:\/\/gren.com\/lt\/klaipedos-energija\/#breadcrumb","itemListElement":[{"@type":"ListItem","position":1,"name":"Home","item":"https:\/\/gren.com\/lt\/"},{"@type":"ListItem","position":2,"name":"Klaip\u0117dos energija"}]},{"@type":"WebSite","@id":"https:\/\/gren.com\/lt\/#website","url":"https:\/\/gren.com\/lt\/","name":"Gren Lietuva","description":"\u017daliosios energetikos \u012fmon\u0117","potentialAction":[{"@type":"SearchAction","target":{"@type":"EntryPoint","urlTemplate":"https:\/\/gren.com\/lt\/?s={search_term_string}"},"query-input":{"@type":"PropertyValueSpecification","valueRequired":true,"valueName":"search_term_string"}}],"inLanguage":"en-US"}]}},"_links":{"self":[{"href":"https:\/\/gren.com\/lt\/wp-json\/wp\/v2\/pages\/9968","targetHints":{"allow":["GET"]}}],"collection":[{"href":"https:\/\/gren.com\/lt\/wp-json\/wp\/v2\/pages"}],"about":[{"href":"https:\/\/gren.com\/lt\/wp-json\/wp\/v2\/types\/page"}],"author":[{"embeddable":true,"href":"https:\/\/gren.com\/lt\/wp-json\/wp\/v2\/users\/10"}],"replies":[{"embeddable":true,"href":"https:\/\/gren.com\/lt\/wp-json\/wp\/v2\/comments?post=9968"}],"version-history":[{"count":14,"href":"https:\/\/gren.com\/lt\/wp-json\/wp\/v2\/pages\/9968\/revisions"}],"predecessor-version":[{"id":14329,"href":"https:\/\/gren.com\/lt\/wp-json\/wp\/v2\/pages\/9968\/revisions\/14329"}],"wp:attachment":[{"href":"https:\/\/gren.com\/lt\/wp-json\/wp\/v2\/media?parent=9968"}],"curies":[{"name":"wp","href":"https:\/\/api.w.org\/{rel}","templated":true}]}}