{"id":10054,"date":"2023-11-28T11:27:40","date_gmt":"2023-11-28T09:27:40","guid":{"rendered":"https:\/\/web-staging.gren.com\/lat\/?page_id=10054"},"modified":"2024-02-05T10:31:05","modified_gmt":"2024-02-05T08:31:05","slug":"centralizeta-aukstumapgade","status":"publish","type":"page","link":"https:\/\/gren.com\/lv\/centralizeta-aukstumapgade\/","title":{"rendered":"Centraliz\u0113t\u0101 aukstumapg\u0101de"},"content":{"rendered":"<style type=\"text\/css\">.page-hero{padding:140px 0 30px;position:relative}.page-hero-content{max-width:300px}.page-hero h4,.page-hero p{font-size:16px;font-weight:400;line-height:24px}.page-hero .date{margin-top:24px;color:#fff;font-size:20px}.page-hero-video-wrap{position:absolute;top:0;left:0;width:100%;height:100%;z-index:-1;overflow:hidden}.page-hero-video{width:100%;height:100%;object-fit:cover}@media(min-width: 576px){.page-hero-content{max-width:850px}}@media(min-width: 992px){.page-hero{padding:210px 0 64px}.page-hero h4,.page-hero p{font-size:24px;line-height:30px}}\n\n\/*# sourceMappingURL=block-page-hero.min.css.map*\/<\/style><section id=\"page-hero-block_4522c74670d7f48bded4005b686d858f\" class=\"block page-hero video-bg\" >\n<div class=\"page-hero-video-wrap\"><video autoplay loop muted class=\"page-hero-video\"><source src=\"https:\/\/grenweb01.blob.core.windows.net\/gren-web-prod\/sites\/2\/2023\/11\/Gren-CG-04-1920x1080-1.mp4\" type=\"video\/mp4\"><\/video><\/div>\t<div class=\"container\"  data-block-animate>\n\t\t\t\t\t<div class=\"page-hero-content text-wrap\"  data-animate-part>\n\t\t\t\t<h1>Centraliz\u0113t\u0101 aukstumapg\u0101de<\/h1>\n\n                \t\t\t<\/div>\n\t\t\t<\/div>\n<\/section>\n\n<style type=\"text\/css\">.full-width-written-content p>a{font-weight:700}\n\n\/*# sourceMappingURL=block-full-width-written-content.min.css.map*\/<\/style><section id=\"full-width-written-content-block_9429dbacfc8d14e4de598765d5ce4106\" class=\"block full-width-written-content\">\n\t<div class=\"container\" data-block-animate>\n\t\t<div class=\"text-wrap\" data-animate-part><h3>Centraliz\u0113t\u0101 aukstumapg\u0101de ir ide\u0101ls risin\u0101jums pils\u0113t\u0101s un bl\u012bvi apdz\u012bvot\u0101s teritorij\u0101s.<\/h3>\n<p>Centraliz\u0113t\u0101 aukstumapg\u0101de ir videi draudz\u012bgs un izmaksu zi\u0146\u0101 efekt\u012bvs veids, k\u0101 uztur\u0113t v\u0113su iek\u0161telpu temperat\u016bru gan\u00a0 r\u016bpniecisk\u0101s \u0113k\u0101s, gan dz\u012bvok\u013cos.<\/p>\n<p>Tas ir \u013coti efekt\u012bvs process. Piem\u0113ram, upes \u016bdeni varam izmantot k\u0101 dabisku dzes\u0113t\u0101ju \u2013 atdzes\u0113tais \u016bdens tiek novad\u012bts uz klienta \u0113kas aukstumapg\u0101des sist\u0113mu, cirkul\u0113 taj\u0101 un nodro\u0161ina komfortablu iek\u0161telpu klimatu.<\/p>\n<p>\u012apa\u0161uma pievieno\u0161ana m\u016bsu aukstumapg\u0101des risin\u0101jumam atbr\u012bvo vietu \u0113k\u0101, jo nav j\u0101izvieto atsevi\u0161\u0137as dzes\u0113\u0161anas iek\u0101rtas un ar\u012b\u00a0 pal\u012bdz \u0113ku \u012bpa\u0161niekiem izpild\u012bt pras\u012bbu &#8211; sasniegt oglek\u013ca neitralit\u0101ti.\u00a0 Pa\u0161laik Gren\u00a0 jau veiksm\u012bgi att\u012bst\u012bjis centraiz\u0113t\u0101s aukstumapg\u0101des risin\u0101jumus\u00a0 dz\u012bvojamaj\u0101s \u0113k\u0101s un uz\u0146\u0113mumos Igaunij\u0101.<\/p>\n<p>M\u0113s mudin\u0101m savus eso\u0161os un n\u0101kotnes klientus p\u0101riet no fosil\u0101 kurin\u0101m\u0101 uz atjaunojamiem risin\u0101jumiem pils\u0113tu siltumapg\u0101d\u0113 un aukstumapg\u0101d\u0113.<\/p>\n<p>\u0160obr\u012bd ar savu Gren Industri\u0101lo ener\u0123ijas risin\u0101jumu komandu m\u0113s esam izveidoju\u0161i aukstumapg\u0101des risin\u0101jumu E-Piim piena p\u0101rstr\u0101des r\u016bpn\u012bcai Paid\u0113, Igaunij\u0101.<\/p>\n<\/div>\t<\/div>\n<\/section>\n\n<style type=\"text\/css\">.zig-zag{padding:0;position:relative;overflow-y:hidden}.zig-zag.bg-dark-green,.zig-zag.bg-dark-red{color:#fff}.zig-zag.bg-light-green a{color:#fff}.zig-zag.bg-light-green a:after{background-color:#fff}.zig-zag.bg-light-green a:hover:after{background-color:#e8412c}.zig-zag .img-wrap,.zig-zag .text-wrap{width:100%;height:100%}.zig-zag .text-wrap{display:flex;padding:25px 16px 62px 24px;flex-direction:column;justify-content:space-between;align-items:flex-start;min-height:403px}.zig-zag .text-wrap .text{display:flex;flex-direction:column;align-items:flex-start;gap:48px}.zig-zag .text-wrap .text h2{margin:0;font-size:24px;line-height:28px;color:#9cbbba !important}.zig-zag .text-wrap .text h2.light-green{color:#9cbbba !important}.zig-zag .text-wrap .text h2.white{color:#fff !important}.zig-zag .text-wrap .text h2.black{color:#000 !important}.zig-zag .text-wrap p>a{font-weight:700;position:relative;transition:all ease-in-out .3s;margin-top:50px;display:inline-block}.zig-zag .text-wrap p>a:active{color:#9cbbba !important}.zig-zag .img-wrap{position:relative}.zig-zag .img-wrap img{object-fit:cover;object-position:center;width:100%;height:100%}.zig-zag .right-col{height:100%}.zig-zag .right-col p{opacity:.6;margin:12px 0 0}.zig-zag.reversed .row{justify-content:flex-end}@media(max-width: 767.98px){.zig-zag:not(.reversed) .right-col{order:1}.zig-zag:not(.reversed) .left-col{order:2}.zig-zag.reversed .left-col{order:2 !important}.zig-zag.reversed .right-col{order:1 !important}.zig-zag .img-wrap img{min-height:403px}.zig-zag .container{max-width:unset !important;padding:0}}@media(min-width: 768px){.zig-zag:not(.reversed) .left-col .text-wrap{padding-left:0 !important}.zig-zag.reversed .left-col{order:2}.zig-zag.reversed .right-col{order:1;right:unset;left:0}.zig-zag .text-wrap{padding:64px;gap:33px}.zig-zag .text-wrap .text{gap:33px}.zig-zag .text-wrap .text h2{font-size:36px;line-height:38px}.zig-zag .right-col{position:absolute;right:0}}@media(min-width: 992px){.zig-zag .row{gap:0}.zig-zag .text-wrap{padding:64px;max-width:500px}.zig-zag .text-wrap p>a{margin-top:0}.zig-zag .text-wrap p>a:hover{color:#e8412c}}\n\n\/*# sourceMappingURL=block-zig-zag.min.css.map*\/<\/style><section id=\"zig-zag-block_613d33472afc990448a942442fc2cafb\" class=\"block zig-zag bg-white\">\n    <div class=\"container\" data-block-animate>\n        <div class=\"row g-0\">\n            <div class=\"col-12 col-md-6 left-col\" data-animate-part>\n                <div class=\"text-wrap\"><div class=\"text\"><h3 class=\"black\">Centraliz\u0113t\u0101s aukstumapg\u0101des\u00a0ra\u017eotne\u00a0Tartu, Igaunij\u0101<\/h2><div><p>M\u016bsu videi draudz\u012bg\u0101 un augstas efektivit\u0101tes centraliz\u0113t\u0101s aukstumapg\u0101des ra\u017eotne Tartu atrodas pie Emaj\u00f5gi upes un k\u0101 dab\u012bgu dzes\u0113\u0161anas resursu izmanto upes v\u0113so \u016bdeni.<\/p>\n<p>Tirdzniec\u012bbas centrs &#8220;Kvartal &#8221; Tartu centr\u0101 ir viens no m\u016bsu klientiem.<\/p>\n<\/div><\/div>                                                    <\/div>            <\/div><!--\/.col-->\n            <div class=\"col-12 col-md-6 right-col\" data-animate-part>\n                <div class=\"img-wrap\"><img data-lazy-src=\"https:\/\/grenweb01.blob.core.windows.net\/gren-web-prod\/sites\/2\/2022\/02\/dc_tartu_gren_6_pptx-e1645432178663.png\" alt=\"DC-Tartu\"  \/><\/div>            <\/div><!--\/.col-->\n        <\/div>\n    <\/div>\n<\/section>\n\n<section id=\"zig-zag-block_14f6c4bb9d59b6ce43d9b37e148440ae\" class=\"block zig-zag bg-white reversed\">\n    <div class=\"container\" data-block-animate>\n        <div class=\"row g-0\">\n            <div class=\"col-12 col-md-6 left-col\" data-animate-part>\n                <div class=\"text-wrap\"><div class=\"text\"><h3 class=\"black\">Centraliz\u0113t\u0101s aukstumapg\u0101des ra\u017eotne P\u0113rnav\u0101<\/h2><div><p>M\u016bsu centraliz\u0113t\u0101s aukstumapg\u0101des ra\u017eotne P\u0113rnav\u0101 izmanto P\u0113rnavas upes \u016bdeni k\u0101 dab\u012bgu dzes\u0113\u0161anas avotu, un tai ir iesp\u0113jas piesl\u0113gt savu t\u012bklu ikvienai pils\u0113tas centra publiskai \u0113kai. P\u0113rnav\u0101 mums ir sadarb\u012bba ar P\u0113rnavas tirdzniec\u012bbas centru &#8220;P\u00e4rnu Keskus&#8221;.<\/p>\n<\/div><\/div>                                                    <\/div>            <\/div><!--\/.col-->\n            <div class=\"col-12 col-md-6 right-col\" data-animate-part>\n                <div class=\"img-wrap\"><img data-lazy-src=\"https:\/\/grenweb01.blob.core.windows.net\/gren-web-prod\/sites\/2\/2022\/02\/dc_parnu_gren_3_pptx-e1645432155476.png\" alt=\"DC-Parnu\"  \/><\/div>            <\/div><!--\/.col-->\n        <\/div>\n    <\/div>\n<\/section>\n\n<section id=\"zig-zag-block_7c4109e04d42a41a10b14f5b3243066c\" class=\"block zig-zag bg-white\">\n    <div class=\"container\" data-block-animate>\n        <div class=\"row g-0\">\n            <div class=\"col-12 col-md-6 left-col\" data-animate-part>\n                <div class=\"text-wrap\"><div class=\"text\"><h3 class=\"black\">Aardlas rajona centraliz\u0113t\u0101s dzes\u0113\u0161anas ra\u017eotne Tartu<\/h2><div><p>Aardlas centraliz\u0113t\u0101s aukstumapg\u0101des ra\u017eotnei s\u0101kotn\u0113j\u0101 jauda bija paredz\u0113ta tirdzniec\u012bbas centra &#8220;L\u00f5unakeskus&#8221; apkalpo\u0161anai \u2013 tas ir liel\u0101kais iepirk\u0161an\u0101s un atp\u016btas centrs Dienvidigaunij\u0101.<\/p>\n<p>\u0160obr\u012bd ar aukstumapg\u0101des pakalpojumu nodro\u0161in\u0101m gan tirdzniec\u012bbas centru, gan tuvum\u0101 eso\u0161\u0101s \u0113kas.<\/p>\n<\/div><\/div>                                                    <\/div>            <\/div><!--\/.col-->\n            <div class=\"col-12 col-md-6 right-col\" data-animate-part>\n                <div class=\"img-wrap\"><img data-lazy-src=\"https:\/\/grenweb01.blob.core.windows.net\/gren-web-prod\/sites\/2\/2021\/06\/aardlakulmajaam.jpg\" alt=\"\"  \/><\/div>            <\/div><!--\/.col-->\n        <\/div>\n    <\/div>\n<\/section>\n\n<style type=\"text\/css\">.accordion-contacts .listing-wrap{margin-top:32px;display:flex;flex-wrap:wrap;gap:16px}.accordion-contacts .listing-wrap .listing-col{width:100%}@media(min-width: 768px){.accordion-contacts .listing-wrap .listing-col{width:calc(50% - 8px)}}.accordion-contacts .accordion-contact-item button{position:relative;width:100%;padding:24px 48px 24px 24px;background:#d7e4e3;font-size:24px;font-weight:700;line-height:30px;border-radius:8px;border:none;text-align:left}.accordion-contacts .accordion-contact-item button span{margin-right:24px}.accordion-contacts .accordion-contact-item button svg{position:absolute;top:28px;right:24px;width:12px;height:24px;transition:transform .15s}.accordion-contacts .accordion-contact-item button svg path{transition:stroke .3s}@media(min-width: 992px){.accordion-contacts .accordion-contact-item button:hover:hover svg path{stroke:#18213b}}.accordion-contacts .accordion-contact-item .accordion-content{transition:height .35s ease-in-out;overflow:hidden;display:none}.accordion-contacts .accordion-contact-item.is-open button svg{transform:rotate(90deg)}.accordion-contacts .accordion-contact-item.is-open button svg path{stroke:#18213b}.accordion-contacts .accordion-contact-item.is-open .accordion-content{display:block}.accordion-contacts .accordion-contact-card{padding:24px 16px}.accordion-contacts .accordion-contact-card:not(:first-child){border-bottom:1px solid #9cbbba}.accordion-contacts .accordion-contact-card:nth-child(2){border-top:1px solid #9cbbba}.accordion-contacts .accordion-contact-card h4{font-size:24px;line-height:30px}.accordion-contacts .accordion-contact-card a{display:block;font-weight:700;color:#18213b}@media(min-width: 992px){.accordion-contacts .accordion-contact-card a:hover{color:#e8412c}}.accordion-contacts .accordion-contact-card a:first-of-type{margin-top:24px}.accordion-contacts .accordion-contact-card p{margin-top:24px}.accordion-contacts .accordion-contact-card .col-image{width:150px;height:180px;margin-left:16px;overflow:hidden;border-radius:8px}.accordion-contacts .accordion-contact-card .col-image img{object-fit:cover;object-position:center;width:100%;height:100%}\n\n\/*# sourceMappingURL=block-accordion-contacts.min.css.map*\/<\/style><section id=\"accordion-contacts-block_400682942673a32eb1ee587b73361e70\" class=\"block accordion-contacts\">\n\t<div class=\"container\" data-block-animate>\n        <div class=\"text-wrap\" data-animate-part>\n            <h3>Kontakti<\/h3>\n        <\/div>\n                    <div class=\"listing-wrap\">\n                                    <div class=\"listing-col\" data-animate-part>\n                        <div class=\"accordion-contact-item\">\n                            <div class=\"accordion-header\">\n                                <button type=\"button\">\n                                    <span>Kontakti Latvij\u0101<\/span>\n                                    <svg width=\"16\" height=\"28\" viewBox=\"0 0 16 28\" fill=\"none\" xmlns=\"http:\/\/www.w3.org\/2000\/svg\">\n                                        <path d=\"M1.49609 2L14.0002 14L1.49609 26\" stroke=\"white\" stroke-width=\"3\" stroke-linecap=\"round\" stroke-linejoin=\"round\"\/>\n                                    <\/svg>\n                                <\/button>\n                            <\/div>\n                            <div class=\"accordion-content\">\n                                <div class=\"accordion-body\">\n                                    \n                                                                                    <div class=\"accordion-contact-card\">\n                                                <div class=\"row flex-nowrap g-0 position-relative\">\n                                                    <div class=\"col\">\n                                                        <h4>Valdis Rieksts-Rieksti\u0146\u0161<\/h4>\n                                                                                                                                                                            <p>P\u0101rdo\u0161anas vad\u012bt\u0101js<\/p>\n                                                                                                                                                                            <a href=\"tel:+371 297 844 77\">\n                                                                +371 297 844 77                                                            <\/a>\n                                                                                                                                                                            <a href=\"mailto:valdis.rieksts-Riekstins@gren.com\">\n                                                                valdis.rieksts-Riekstins@gren.com                                                            <\/a>\n                                                                                                            <\/div>\n                                                                                                    <\/div>\n\n                                            <\/div>\n                                                                            \n                                <\/div>\n                            <\/div>\n                        <\/div>\n                    <\/div>\n                            <\/div>\n        \t<\/div>\n<\/section>\n","protected":false},"excerpt":{"rendered":"","protected":false},"author":6,"featured_media":0,"parent":0,"menu_order":0,"comment_status":"closed","ping_status":"closed","template":"","meta":{"_acf_changed":false,"footnotes":""},"class_list":["post-10054","page","type-page","status-publish","hentry"],"acf":[],"yoast_head":"<!-- This site is optimized with the Yoast SEO plugin v26.8 - https:\/\/yoast.com\/product\/yoast-seo-wordpress\/ -->\n<title>Centraliz\u0113t\u0101 dzes\u0113\u0161ana - Gren<\/title>\n<meta name=\"description\" content=\"Zieme\u013ceiropas za\u013c\u0101s ener\u0123ijas uz\u0146\u0113mums Gren pied\u0101v\u0101 centraliz\u0113t\u0101s dzes\u0113\u0161anas pakalpojumu, kas ir ide\u0101ls risin\u0101jums pils\u0113t\u0101s un bl\u012bvi apdz\u012bvot\u0101s teritorij\u0101s.\" \/>\n<meta name=\"robots\" content=\"index, follow, max-snippet:-1, max-image-preview:large, max-video-preview:-1\" \/>\n<link rel=\"canonical\" href=\"https:\/\/gren.com\/lv\/centralizeta-aukstumapgade\/\" \/>\n<meta property=\"og:locale\" content=\"en_US\" \/>\n<meta property=\"og:type\" content=\"article\" \/>\n<meta property=\"og:title\" content=\"Centraliz\u0113t\u0101 dzes\u0113\u0161ana - Gren\" \/>\n<meta property=\"og:description\" content=\"Zieme\u013ceiropas za\u013c\u0101s ener\u0123ijas uz\u0146\u0113mums Gren pied\u0101v\u0101 centraliz\u0113t\u0101s dzes\u0113\u0161anas pakalpojumu, kas ir ide\u0101ls risin\u0101jums pils\u0113t\u0101s un bl\u012bvi apdz\u012bvot\u0101s teritorij\u0101s.\" \/>\n<meta property=\"og:url\" content=\"https:\/\/gren.com\/lv\/centralizeta-aukstumapgade\/\" \/>\n<meta property=\"og:site_name\" content=\"Gren Latvija\" \/>\n<meta property=\"article:modified_time\" content=\"2024-02-05T08:31:05+00:00\" \/>\n<meta name=\"twitter:card\" content=\"summary_large_image\" \/>\n<meta name=\"twitter:label1\" content=\"Est. reading time\" \/>\n\t<meta name=\"twitter:data1\" content=\"2 minutes\" \/>\n<script type=\"application\/ld+json\" class=\"yoast-schema-graph\">{\"@context\":\"https:\/\/schema.org\",\"@graph\":[{\"@type\":\"WebPage\",\"@id\":\"https:\/\/gren.com\/lv\/centralizeta-aukstumapgade\/\",\"url\":\"https:\/\/gren.com\/lv\/centralizeta-aukstumapgade\/\",\"name\":\"Centraliz\u0113t\u0101 dzes\u0113\u0161ana - Gren\",\"isPartOf\":{\"@id\":\"https:\/\/gren.com\/lv\/#website\"},\"datePublished\":\"2023-11-28T09:27:40+00:00\",\"dateModified\":\"2024-02-05T08:31:05+00:00\",\"description\":\"Zieme\u013ceiropas za\u013c\u0101s ener\u0123ijas uz\u0146\u0113mums Gren pied\u0101v\u0101 centraliz\u0113t\u0101s dzes\u0113\u0161anas pakalpojumu, kas ir ide\u0101ls risin\u0101jums pils\u0113t\u0101s un bl\u012bvi apdz\u012bvot\u0101s teritorij\u0101s.\",\"breadcrumb\":{\"@id\":\"https:\/\/gren.com\/lv\/centralizeta-aukstumapgade\/#breadcrumb\"},\"inLanguage\":\"en-US\",\"potentialAction\":[{\"@type\":\"ReadAction\",\"target\":[\"https:\/\/gren.com\/lv\/centralizeta-aukstumapgade\/\"]}]},{\"@type\":\"BreadcrumbList\",\"@id\":\"https:\/\/gren.com\/lv\/centralizeta-aukstumapgade\/#breadcrumb\",\"itemListElement\":[{\"@type\":\"ListItem\",\"position\":1,\"name\":\"Home\",\"item\":\"https:\/\/gren.com\/lv\/\"},{\"@type\":\"ListItem\",\"position\":2,\"name\":\"Centraliz\u0113t\u0101 aukstumapg\u0101de\"}]},{\"@type\":\"WebSite\",\"@id\":\"https:\/\/gren.com\/lv\/#website\",\"url\":\"https:\/\/gren.com\/lv\/\",\"name\":\"Gren Latvija\",\"description\":\"N\u0101kotnes ener\u0123ija top \u0161odien\",\"potentialAction\":[{\"@type\":\"SearchAction\",\"target\":{\"@type\":\"EntryPoint\",\"urlTemplate\":\"https:\/\/gren.com\/lv\/?s={search_term_string}\"},\"query-input\":{\"@type\":\"PropertyValueSpecification\",\"valueRequired\":true,\"valueName\":\"search_term_string\"}}],\"inLanguage\":\"en-US\"}]}<\/script>\n<!-- \/ Yoast SEO plugin. -->","yoast_head_json":{"title":"Centraliz\u0113t\u0101 dzes\u0113\u0161ana - Gren","description":"Zieme\u013ceiropas za\u013c\u0101s ener\u0123ijas uz\u0146\u0113mums Gren pied\u0101v\u0101 centraliz\u0113t\u0101s dzes\u0113\u0161anas pakalpojumu, kas ir ide\u0101ls risin\u0101jums pils\u0113t\u0101s un bl\u012bvi apdz\u012bvot\u0101s teritorij\u0101s.","robots":{"index":"index","follow":"follow","max-snippet":"max-snippet:-1","max-image-preview":"max-image-preview:large","max-video-preview":"max-video-preview:-1"},"canonical":"https:\/\/gren.com\/lv\/centralizeta-aukstumapgade\/","og_locale":"en_US","og_type":"article","og_title":"Centraliz\u0113t\u0101 dzes\u0113\u0161ana - Gren","og_description":"Zieme\u013ceiropas za\u013c\u0101s ener\u0123ijas uz\u0146\u0113mums Gren pied\u0101v\u0101 centraliz\u0113t\u0101s dzes\u0113\u0161anas pakalpojumu, kas ir ide\u0101ls risin\u0101jums pils\u0113t\u0101s un bl\u012bvi apdz\u012bvot\u0101s teritorij\u0101s.","og_url":"https:\/\/gren.com\/lv\/centralizeta-aukstumapgade\/","og_site_name":"Gren Latvija","article_modified_time":"2024-02-05T08:31:05+00:00","twitter_card":"summary_large_image","twitter_misc":{"Est. reading time":"2 minutes"},"schema":{"@context":"https:\/\/schema.org","@graph":[{"@type":"WebPage","@id":"https:\/\/gren.com\/lv\/centralizeta-aukstumapgade\/","url":"https:\/\/gren.com\/lv\/centralizeta-aukstumapgade\/","name":"Centraliz\u0113t\u0101 dzes\u0113\u0161ana - Gren","isPartOf":{"@id":"https:\/\/gren.com\/lv\/#website"},"datePublished":"2023-11-28T09:27:40+00:00","dateModified":"2024-02-05T08:31:05+00:00","description":"Zieme\u013ceiropas za\u013c\u0101s ener\u0123ijas uz\u0146\u0113mums Gren pied\u0101v\u0101 centraliz\u0113t\u0101s dzes\u0113\u0161anas pakalpojumu, kas ir ide\u0101ls risin\u0101jums pils\u0113t\u0101s un bl\u012bvi apdz\u012bvot\u0101s teritorij\u0101s.","breadcrumb":{"@id":"https:\/\/gren.com\/lv\/centralizeta-aukstumapgade\/#breadcrumb"},"inLanguage":"en-US","potentialAction":[{"@type":"ReadAction","target":["https:\/\/gren.com\/lv\/centralizeta-aukstumapgade\/"]}]},{"@type":"BreadcrumbList","@id":"https:\/\/gren.com\/lv\/centralizeta-aukstumapgade\/#breadcrumb","itemListElement":[{"@type":"ListItem","position":1,"name":"Home","item":"https:\/\/gren.com\/lv\/"},{"@type":"ListItem","position":2,"name":"Centraliz\u0113t\u0101 aukstumapg\u0101de"}]},{"@type":"WebSite","@id":"https:\/\/gren.com\/lv\/#website","url":"https:\/\/gren.com\/lv\/","name":"Gren Latvija","description":"N\u0101kotnes ener\u0123ija top \u0161odien","potentialAction":[{"@type":"SearchAction","target":{"@type":"EntryPoint","urlTemplate":"https:\/\/gren.com\/lv\/?s={search_term_string}"},"query-input":{"@type":"PropertyValueSpecification","valueRequired":true,"valueName":"search_term_string"}}],"inLanguage":"en-US"}]}},"_links":{"self":[{"href":"https:\/\/gren.com\/lv\/wp-json\/wp\/v2\/pages\/10054","targetHints":{"allow":["GET"]}}],"collection":[{"href":"https:\/\/gren.com\/lv\/wp-json\/wp\/v2\/pages"}],"about":[{"href":"https:\/\/gren.com\/lv\/wp-json\/wp\/v2\/types\/page"}],"author":[{"embeddable":true,"href":"https:\/\/gren.com\/lv\/wp-json\/wp\/v2\/users\/6"}],"replies":[{"embeddable":true,"href":"https:\/\/gren.com\/lv\/wp-json\/wp\/v2\/comments?post=10054"}],"version-history":[{"count":71,"href":"https:\/\/gren.com\/lv\/wp-json\/wp\/v2\/pages\/10054\/revisions"}],"predecessor-version":[{"id":13922,"href":"https:\/\/gren.com\/lv\/wp-json\/wp\/v2\/pages\/10054\/revisions\/13922"}],"wp:attachment":[{"href":"https:\/\/gren.com\/lv\/wp-json\/wp\/v2\/media?parent=10054"}],"curies":[{"name":"wp","href":"https:\/\/api.w.org\/{rel}","templated":true}]}}