{"id":10241,"date":"2023-11-28T19:57:06","date_gmt":"2023-11-28T17:57:06","guid":{"rendered":"https:\/\/web-staging.gren.com\/lat\/?page_id=10241"},"modified":"2023-11-28T19:57:51","modified_gmt":"2023-11-28T17:57:51","slug":"gren-daugavpili","status":"publish","type":"page","link":"https:\/\/gren.com\/lv\/gren-daugavpili\/","title":{"rendered":"Gren Daugavpil\u012b"},"content":{"rendered":"<style type=\"text\/css\">.page-hero{padding:140px 0 30px;position:relative}.page-hero-content{max-width:300px}.page-hero h4,.page-hero p{font-size:16px;font-weight:400;line-height:24px}.page-hero .date{margin-top:24px;color:#fff;font-size:20px}.page-hero-video-wrap{position:absolute;top:0;left:0;width:100%;height:100%;z-index:-1;overflow:hidden}.page-hero-video{width:100%;height:100%;object-fit:cover}@media(min-width: 576px){.page-hero-content{max-width:850px}}@media(min-width: 992px){.page-hero{padding:210px 0 64px}.page-hero h4,.page-hero p{font-size:24px;line-height:30px}}\n\n\/*# sourceMappingURL=block-page-hero.min.css.map*\/<\/style><section id=\"page-hero-block_96cb04399f0182716a648e58068e2569\" class=\"block page-hero\" style=\"background: url(https:\/\/grenweb01.blob.core.windows.net\/gren-web-prod\/sites\/2\/2023\/11\/Daugavpils_stacija_2019-e1701768884624.jpg) no-repeat center\/cover\">\n\t<div class=\"container\"  data-block-animate>\n\t\t\t\t\t<div class=\"page-hero-content text-wrap\"  data-animate-part>\n\t\t\t\t<h1><span style=\"color: #ffffff\">Gren Daugavpil\u012b<\/span><\/h1>\n\n                \t\t\t<\/div>\n\t\t\t<\/div>\n<\/section>\n\n<style type=\"text\/css\">.full-width-written-content p>a{font-weight:700}\n\n\/*# sourceMappingURL=block-full-width-written-content.min.css.map*\/<\/style><section id=\"full-width-written-content-block_1071f7786e4fcc1a88d1c412180b7f52\" class=\"block full-width-written-content\">\n\t<div class=\"container\" data-block-animate>\n\t\t<div class=\"text-wrap\" data-animate-part><p>Daugavpil\u012b darbojas uz\u0146\u0113mums<strong>\u00a0Gren Daugavpils<\/strong>, kur\u0161 pieg\u0101d\u0101 siltumener\u0123iju, ko ra\u017eo no viet\u0113j\u0101 atjaunojam\u0101 resursa \u2013 ener\u0123\u0113tisk\u0101s \u0161\u0137eldas, Daugavpils pils\u0113tas Pa\u0161vald\u012bbas akciju sabiedr\u012bbai \u201cDaugavpils Siltumt\u012bkli\u201d, nodro\u0161inot l\u012bdz 15 % no pils\u0113tas centraliz\u0113tajai siltumapg\u0101dei nepiecie\u0161am\u0101 siltuma.<\/p>\n<p>SIA \u201cGren Daugavpils\u201d uzs\u0101ka darbu centraliz\u0113t\u0101s siltumapg\u0101des jom\u0101 2018. gad\u0101. Visa sara\u017eot\u0101\u00a0 siltumener\u0123ija, izmantojot siltumt\u012bklus, tiek aizvad\u012bta l\u012bdz pat\u0113r\u0113t\u0101jiem un tiek izmantota Daugavpils iedz\u012bvot\u0101ju m\u0101jok\u013cu, veikalu, skolu, b\u0113rnud\u0101rzu un citu objektu apsild\u012b\u0161anai.<\/p>\n<p>SIA \u201cGren Daugavpils\u201d siltumener\u0123iju ra\u017eo \u0161\u0137eldas katlum\u0101ja, kuras jauda ir 15 MW<\/p>\n<\/div>\t<\/div>\n<\/section>","protected":false},"excerpt":{"rendered":"","protected":false},"author":6,"featured_media":0,"parent":0,"menu_order":0,"comment_status":"closed","ping_status":"closed","template":"","meta":{"_acf_changed":false,"footnotes":""},"class_list":["post-10241","page","type-page","status-publish","hentry"],"acf":[],"yoast_head":"<!-- This site is optimized with the Yoast SEO plugin v26.8 - https:\/\/yoast.com\/product\/yoast-seo-wordpress\/ -->\n<title>Gren Daugavpil\u012b - Gren Latvija<\/title>\n<meta name=\"robots\" content=\"index, follow, max-snippet:-1, max-image-preview:large, max-video-preview:-1\" \/>\n<link rel=\"canonical\" href=\"https:\/\/gren.com\/lv\/gren-daugavpili\/\" \/>\n<meta property=\"og:locale\" content=\"en_US\" \/>\n<meta property=\"og:type\" content=\"article\" \/>\n<meta property=\"og:title\" content=\"Gren Daugavpil\u012b - Gren Latvija\" \/>\n<meta property=\"og:url\" content=\"https:\/\/gren.com\/lv\/gren-daugavpili\/\" \/>\n<meta property=\"og:site_name\" content=\"Gren Latvija\" \/>\n<meta property=\"article:modified_time\" content=\"2023-11-28T17:57:51+00:00\" \/>\n<meta name=\"twitter:card\" content=\"summary_large_image\" \/>\n<script type=\"application\/ld+json\" class=\"yoast-schema-graph\">{\"@context\":\"https:\/\/schema.org\",\"@graph\":[{\"@type\":\"WebPage\",\"@id\":\"https:\/\/gren.com\/lv\/gren-daugavpili\/\",\"url\":\"https:\/\/gren.com\/lv\/gren-daugavpili\/\",\"name\":\"Gren Daugavpil\u012b - Gren Latvija\",\"isPartOf\":{\"@id\":\"https:\/\/gren.com\/lv\/#website\"},\"datePublished\":\"2023-11-28T17:57:06+00:00\",\"dateModified\":\"2023-11-28T17:57:51+00:00\",\"breadcrumb\":{\"@id\":\"https:\/\/gren.com\/lv\/gren-daugavpili\/#breadcrumb\"},\"inLanguage\":\"en-US\",\"potentialAction\":[{\"@type\":\"ReadAction\",\"target\":[\"https:\/\/gren.com\/lv\/gren-daugavpili\/\"]}]},{\"@type\":\"BreadcrumbList\",\"@id\":\"https:\/\/gren.com\/lv\/gren-daugavpili\/#breadcrumb\",\"itemListElement\":[{\"@type\":\"ListItem\",\"position\":1,\"name\":\"Home\",\"item\":\"https:\/\/gren.com\/lv\/\"},{\"@type\":\"ListItem\",\"position\":2,\"name\":\"Gren Daugavpil\u012b\"}]},{\"@type\":\"WebSite\",\"@id\":\"https:\/\/gren.com\/lv\/#website\",\"url\":\"https:\/\/gren.com\/lv\/\",\"name\":\"Gren Latvija\",\"description\":\"N\u0101kotnes ener\u0123ija top \u0161odien\",\"potentialAction\":[{\"@type\":\"SearchAction\",\"target\":{\"@type\":\"EntryPoint\",\"urlTemplate\":\"https:\/\/gren.com\/lv\/?s={search_term_string}\"},\"query-input\":{\"@type\":\"PropertyValueSpecification\",\"valueRequired\":true,\"valueName\":\"search_term_string\"}}],\"inLanguage\":\"en-US\"}]}<\/script>\n<!-- \/ Yoast SEO plugin. -->","yoast_head_json":{"title":"Gren Daugavpil\u012b - Gren Latvija","robots":{"index":"index","follow":"follow","max-snippet":"max-snippet:-1","max-image-preview":"max-image-preview:large","max-video-preview":"max-video-preview:-1"},"canonical":"https:\/\/gren.com\/lv\/gren-daugavpili\/","og_locale":"en_US","og_type":"article","og_title":"Gren Daugavpil\u012b - Gren Latvija","og_url":"https:\/\/gren.com\/lv\/gren-daugavpili\/","og_site_name":"Gren Latvija","article_modified_time":"2023-11-28T17:57:51+00:00","twitter_card":"summary_large_image","schema":{"@context":"https:\/\/schema.org","@graph":[{"@type":"WebPage","@id":"https:\/\/gren.com\/lv\/gren-daugavpili\/","url":"https:\/\/gren.com\/lv\/gren-daugavpili\/","name":"Gren Daugavpil\u012b - Gren Latvija","isPartOf":{"@id":"https:\/\/gren.com\/lv\/#website"},"datePublished":"2023-11-28T17:57:06+00:00","dateModified":"2023-11-28T17:57:51+00:00","breadcrumb":{"@id":"https:\/\/gren.com\/lv\/gren-daugavpili\/#breadcrumb"},"inLanguage":"en-US","potentialAction":[{"@type":"ReadAction","target":["https:\/\/gren.com\/lv\/gren-daugavpili\/"]}]},{"@type":"BreadcrumbList","@id":"https:\/\/gren.com\/lv\/gren-daugavpili\/#breadcrumb","itemListElement":[{"@type":"ListItem","position":1,"name":"Home","item":"https:\/\/gren.com\/lv\/"},{"@type":"ListItem","position":2,"name":"Gren Daugavpil\u012b"}]},{"@type":"WebSite","@id":"https:\/\/gren.com\/lv\/#website","url":"https:\/\/gren.com\/lv\/","name":"Gren Latvija","description":"N\u0101kotnes ener\u0123ija top \u0161odien","potentialAction":[{"@type":"SearchAction","target":{"@type":"EntryPoint","urlTemplate":"https:\/\/gren.com\/lv\/?s={search_term_string}"},"query-input":{"@type":"PropertyValueSpecification","valueRequired":true,"valueName":"search_term_string"}}],"inLanguage":"en-US"}]}},"_links":{"self":[{"href":"https:\/\/gren.com\/lv\/wp-json\/wp\/v2\/pages\/10241","targetHints":{"allow":["GET"]}}],"collection":[{"href":"https:\/\/gren.com\/lv\/wp-json\/wp\/v2\/pages"}],"about":[{"href":"https:\/\/gren.com\/lv\/wp-json\/wp\/v2\/types\/page"}],"author":[{"embeddable":true,"href":"https:\/\/gren.com\/lv\/wp-json\/wp\/v2\/users\/6"}],"replies":[{"embeddable":true,"href":"https:\/\/gren.com\/lv\/wp-json\/wp\/v2\/comments?post=10241"}],"version-history":[{"count":4,"href":"https:\/\/gren.com\/lv\/wp-json\/wp\/v2\/pages\/10241\/revisions"}],"predecessor-version":[{"id":10246,"href":"https:\/\/gren.com\/lv\/wp-json\/wp\/v2\/pages\/10241\/revisions\/10246"}],"wp:attachment":[{"href":"https:\/\/gren.com\/lv\/wp-json\/wp\/v2\/media?parent=10241"}],"curies":[{"name":"wp","href":"https:\/\/api.w.org\/{rel}","templated":true}]}}