{"id":10248,"date":"2023-11-28T20:00:09","date_gmt":"2023-11-28T18:00:09","guid":{"rendered":"https:\/\/web-staging.gren.com\/lat\/?page_id=10248"},"modified":"2023-11-28T20:00:10","modified_gmt":"2023-11-28T18:00:10","slug":"gren-riga","status":"publish","type":"page","link":"https:\/\/gren.com\/lv\/gren-riga\/","title":{"rendered":"Gren R\u012bg\u0101"},"content":{"rendered":"<style type=\"text\/css\">.page-hero{padding:140px 0 30px;position:relative}.page-hero-content{max-width:300px}.page-hero h4,.page-hero p{font-size:16px;font-weight:400;line-height:24px}.page-hero .date{margin-top:24px;color:#fff;font-size:20px}.page-hero-video-wrap{position:absolute;top:0;left:0;width:100%;height:100%;z-index:-1;overflow:hidden}.page-hero-video{width:100%;height:100%;object-fit:cover}@media(min-width: 576px){.page-hero-content{max-width:850px}}@media(min-width: 992px){.page-hero{padding:210px 0 64px}.page-hero h4,.page-hero p{font-size:24px;line-height:30px}}\n\n\/*# sourceMappingURL=block-page-hero.min.css.map*\/<\/style><section id=\"page-hero-block_01ee3204f7869fb373cab99958286f5a\" class=\"block page-hero\" style=\"background: url(https:\/\/grenweb01.blob.core.windows.net\/gren-web-prod\/sites\/2\/2022\/05\/gren_riga.jpg) no-repeat center\/cover\">\n\t<div class=\"container\"  data-block-animate>\n\t\t\t\t\t<div class=\"page-hero-content text-wrap\"  data-animate-part>\n\t\t\t\t<h1><span style=\"color: #ffffff\">Gren R\u012bg\u0101<\/span><\/h1>\n\n                \t\t\t<\/div>\n\t\t\t<\/div>\n<\/section>\n\n<style type=\"text\/css\">.full-width-written-content p>a{font-weight:700}\n\n\/*# sourceMappingURL=block-full-width-written-content.min.css.map*\/<\/style><section id=\"full-width-written-content-block_b52a058d8fc70404859eb571df545ce2\" class=\"block full-width-written-content\">\n\t<div class=\"container\" data-block-animate>\n\t\t<div class=\"text-wrap\" data-animate-part><p><strong>Gren R\u012bga<\/strong>\u00a0ir ener\u0123ijas ra\u017eo\u0161anas uz\u0146\u0113mums, kas biomasas ko\u0123ener\u0101cijas stacij\u0101 R\u012bgas re\u0123ion\u0101 no viet\u0113j\u0101, atjaunojam\u0101 energoresursa \u2013 \u0161\u0137eldas, ra\u017eo elektroener\u0123iju un siltumener\u0123iju. Sara\u017eot\u0101 siltumener\u0123ija tiek nodota R\u012bgas pils\u0113tas centraliz\u0113t\u0101s siltumapg\u0101des sist\u0113m\u0101.<\/p>\n<p>Ko\u0123ener\u0101cijas stacija ir apr\u012bkota ar 18 MW HoSt Bio-Energy iek\u0101rtu, augstspiediena \u016bdens cauru\u013cu tvaika katlu un 3,98 MW tvaika turb\u012bnu.<\/p>\n<p>Ko\u0123ener\u0101cijas stacija ir komercdarb\u012bb\u0101 kop\u0161 2017. gada.<\/p>\n<p><strong>Komanda<\/strong><\/p>\n<p>Gren R\u012bga biomasas ko\u0123ener\u0101cijas stacij\u0101 darbojas profesion\u0101la ener\u0123\u0113tikas nozares speci\u0101listu komanda, kuras sast\u0101v\u0101 ir gan operatori, gan in\u017eenieri un nepiecie\u0161amie tehniskie darbinieki.<\/p>\n<\/div>\t<\/div>\n<\/section>","protected":false},"excerpt":{"rendered":"","protected":false},"author":6,"featured_media":0,"parent":0,"menu_order":0,"comment_status":"closed","ping_status":"closed","template":"","meta":{"_acf_changed":false,"footnotes":""},"class_list":["post-10248","page","type-page","status-publish","hentry"],"acf":[],"yoast_head":"<!-- This site is optimized with the Yoast SEO plugin v26.8 - https:\/\/yoast.com\/product\/yoast-seo-wordpress\/ -->\n<title>Gren R\u012bg\u0101 - Gren Latvija<\/title>\n<meta name=\"robots\" content=\"index, follow, max-snippet:-1, max-image-preview:large, max-video-preview:-1\" \/>\n<link rel=\"canonical\" href=\"https:\/\/gren.com\/lv\/gren-riga\/\" \/>\n<meta property=\"og:locale\" content=\"en_US\" \/>\n<meta property=\"og:type\" content=\"article\" \/>\n<meta property=\"og:title\" content=\"Gren R\u012bg\u0101 - Gren Latvija\" \/>\n<meta property=\"og:url\" content=\"https:\/\/gren.com\/lv\/gren-riga\/\" \/>\n<meta property=\"og:site_name\" content=\"Gren Latvija\" \/>\n<meta property=\"article:modified_time\" content=\"2023-11-28T18:00:10+00:00\" \/>\n<meta name=\"twitter:card\" content=\"summary_large_image\" \/>\n<script type=\"application\/ld+json\" class=\"yoast-schema-graph\">{\"@context\":\"https:\/\/schema.org\",\"@graph\":[{\"@type\":\"WebPage\",\"@id\":\"https:\/\/gren.com\/lv\/gren-riga\/\",\"url\":\"https:\/\/gren.com\/lv\/gren-riga\/\",\"name\":\"Gren R\u012bg\u0101 - Gren Latvija\",\"isPartOf\":{\"@id\":\"https:\/\/gren.com\/lv\/#website\"},\"datePublished\":\"2023-11-28T18:00:09+00:00\",\"dateModified\":\"2023-11-28T18:00:10+00:00\",\"breadcrumb\":{\"@id\":\"https:\/\/gren.com\/lv\/gren-riga\/#breadcrumb\"},\"inLanguage\":\"en-US\",\"potentialAction\":[{\"@type\":\"ReadAction\",\"target\":[\"https:\/\/gren.com\/lv\/gren-riga\/\"]}]},{\"@type\":\"BreadcrumbList\",\"@id\":\"https:\/\/gren.com\/lv\/gren-riga\/#breadcrumb\",\"itemListElement\":[{\"@type\":\"ListItem\",\"position\":1,\"name\":\"Home\",\"item\":\"https:\/\/gren.com\/lv\/\"},{\"@type\":\"ListItem\",\"position\":2,\"name\":\"Gren R\u012bg\u0101\"}]},{\"@type\":\"WebSite\",\"@id\":\"https:\/\/gren.com\/lv\/#website\",\"url\":\"https:\/\/gren.com\/lv\/\",\"name\":\"Gren Latvija\",\"description\":\"N\u0101kotnes ener\u0123ija top \u0161odien\",\"potentialAction\":[{\"@type\":\"SearchAction\",\"target\":{\"@type\":\"EntryPoint\",\"urlTemplate\":\"https:\/\/gren.com\/lv\/?s={search_term_string}\"},\"query-input\":{\"@type\":\"PropertyValueSpecification\",\"valueRequired\":true,\"valueName\":\"search_term_string\"}}],\"inLanguage\":\"en-US\"}]}<\/script>\n<!-- \/ Yoast SEO plugin. -->","yoast_head_json":{"title":"Gren R\u012bg\u0101 - Gren Latvija","robots":{"index":"index","follow":"follow","max-snippet":"max-snippet:-1","max-image-preview":"max-image-preview:large","max-video-preview":"max-video-preview:-1"},"canonical":"https:\/\/gren.com\/lv\/gren-riga\/","og_locale":"en_US","og_type":"article","og_title":"Gren R\u012bg\u0101 - Gren Latvija","og_url":"https:\/\/gren.com\/lv\/gren-riga\/","og_site_name":"Gren Latvija","article_modified_time":"2023-11-28T18:00:10+00:00","twitter_card":"summary_large_image","schema":{"@context":"https:\/\/schema.org","@graph":[{"@type":"WebPage","@id":"https:\/\/gren.com\/lv\/gren-riga\/","url":"https:\/\/gren.com\/lv\/gren-riga\/","name":"Gren R\u012bg\u0101 - Gren Latvija","isPartOf":{"@id":"https:\/\/gren.com\/lv\/#website"},"datePublished":"2023-11-28T18:00:09+00:00","dateModified":"2023-11-28T18:00:10+00:00","breadcrumb":{"@id":"https:\/\/gren.com\/lv\/gren-riga\/#breadcrumb"},"inLanguage":"en-US","potentialAction":[{"@type":"ReadAction","target":["https:\/\/gren.com\/lv\/gren-riga\/"]}]},{"@type":"BreadcrumbList","@id":"https:\/\/gren.com\/lv\/gren-riga\/#breadcrumb","itemListElement":[{"@type":"ListItem","position":1,"name":"Home","item":"https:\/\/gren.com\/lv\/"},{"@type":"ListItem","position":2,"name":"Gren R\u012bg\u0101"}]},{"@type":"WebSite","@id":"https:\/\/gren.com\/lv\/#website","url":"https:\/\/gren.com\/lv\/","name":"Gren Latvija","description":"N\u0101kotnes ener\u0123ija top \u0161odien","potentialAction":[{"@type":"SearchAction","target":{"@type":"EntryPoint","urlTemplate":"https:\/\/gren.com\/lv\/?s={search_term_string}"},"query-input":{"@type":"PropertyValueSpecification","valueRequired":true,"valueName":"search_term_string"}}],"inLanguage":"en-US"}]}},"_links":{"self":[{"href":"https:\/\/gren.com\/lv\/wp-json\/wp\/v2\/pages\/10248","targetHints":{"allow":["GET"]}}],"collection":[{"href":"https:\/\/gren.com\/lv\/wp-json\/wp\/v2\/pages"}],"about":[{"href":"https:\/\/gren.com\/lv\/wp-json\/wp\/v2\/types\/page"}],"author":[{"embeddable":true,"href":"https:\/\/gren.com\/lv\/wp-json\/wp\/v2\/users\/6"}],"replies":[{"embeddable":true,"href":"https:\/\/gren.com\/lv\/wp-json\/wp\/v2\/comments?post=10248"}],"version-history":[{"count":2,"href":"https:\/\/gren.com\/lv\/wp-json\/wp\/v2\/pages\/10248\/revisions"}],"predecessor-version":[{"id":10250,"href":"https:\/\/gren.com\/lv\/wp-json\/wp\/v2\/pages\/10248\/revisions\/10250"}],"wp:attachment":[{"href":"https:\/\/gren.com\/lv\/wp-json\/wp\/v2\/media?parent=10248"}],"curies":[{"name":"wp","href":"https:\/\/api.w.org\/{rel}","templated":true}]}}