{"id":11528,"date":"2023-12-21T11:27:24","date_gmt":"2023-12-21T09:27:24","guid":{"rendered":"https:\/\/web-staging.gren.com\/lat\/?page_id=11528"},"modified":"2026-03-05T10:33:47","modified_gmt":"2026-03-05T08:33:47","slug":"pakalpojumi","status":"publish","type":"page","link":"https:\/\/gren.com\/lv\/pakalpojumi\/","title":{"rendered":"Pakalpojumi"},"content":{"rendered":"<style type=\"text\/css\">.page-hero{padding:140px 0 30px;position:relative}.page-hero-content{max-width:300px}.page-hero h4,.page-hero p{font-size:16px;font-weight:400;line-height:24px}.page-hero .date{margin-top:24px;color:#fff;font-size:20px}.page-hero-video-wrap{position:absolute;top:0;left:0;width:100%;height:100%;z-index:-1;overflow:hidden}.page-hero-video{width:100%;height:100%;object-fit:cover}@media(min-width: 576px){.page-hero-content{max-width:850px}}@media(min-width: 992px){.page-hero{padding:210px 0 64px}.page-hero h4,.page-hero p{font-size:24px;line-height:30px}}\n\n\/*# sourceMappingURL=block-page-hero.min.css.map*\/<\/style><section id=\"page-hero-block_277b5ad03e9a315da7e1b4b20a8c483a\" class=\"block page-hero\" style=\"background: url(https:\/\/grenweb01.blob.core.windows.net\/gren-web-prod\/sites\/2\/2024\/01\/Office-Tallinn-3.jpg) no-repeat center\/cover\">\n\t<div class=\"container\"  data-block-animate>\n\t\t\t\t\t<div class=\"page-hero-content text-wrap\"  data-animate-part>\n\t\t\t\t<h1><span style=\"color: #ffffff\">M\u0113s pied\u0101v\u0101jam<\/span><\/h1>\n<p><span style=\"color: #ffffff\">M\u0113s pied\u0101v\u0101jam videi draudz\u012bgus, dro\u0161us un ilgtsp\u0113j\u012bgus ener\u0123ijas risin\u0101jumus no centraliz\u0113t\u0101s siltumapg\u0101des pakalpojumiem l\u012bdz industri\u0101liem ener\u0123ijas risin\u0101jumiem, kas nodro\u0161ina m\u016bsu \u00a0klientiem nepiecie\u0161am\u0101s \u0113rt\u012bbas un komfortu.<\/span><\/p>\n\n                \t\t\t<\/div>\n\t\t\t<\/div>\n<\/section>\n\n<style type=\"text\/css\">.services-intro{margin-bottom:48px}.services-listing{display:flex;gap:16px;flex-wrap:wrap;transition:all ease-in-out .3s}.services-button{border-radius:8px;padding:30px 30px 30px 45px;position:relative;overflow:hidden;display:flex;flex-wrap:wrap;align-items:center;height:100%;align-self:flex-start;cursor:pointer;width:100%;transition:all ease-in-out .3s}.services-button-top{display:flex;justify-content:space-between;gap:12px;align-items:center;min-height:60px;width:100%;z-index:2;position:relative}.services-button-bottom{transition:all ease-in-out .3s;width:100%;display:flex;visibility:hidden;opacity:0;height:0;flex-wrap:wrap;z-index:2;justify-content:flex-end;color:#fff}.services-button-bottom p{transition:all ease-in-out .3s;width:100%;font-weight:400;margin-bottom:16px;visibility:hidden;transform:translateY(30px);opacity:0}.services-button-bottom .btn{transition:all ease-in-out .3s;opacity:0;visibility:hidden;transform:translateY(30px)}.services-button.active{transition:all ease-in-out .3s}.services-button.active .services-button-bottom{transition:all ease-in-out .3s;padding-top:30px;visibility:visible;height:auto;opacity:1}.services-button.active .services-button-bottom p{transition:all ease-in-out .45s;transition-delay:.15s;transform:translateY(0);visibility:visible;opacity:1}.services-button.active .services-button-bottom .btn{transition:all ease-in-out .45s;transition-delay:.15s;transform:translateY(0);visibility:visible;opacity:1}.services-button.active button{transition:all ease-in-out .3s;transform:rotate(90deg)}.services-button::before{display:block;width:16px;height:100%;content:\"\";position:absolute;left:0;top:0;z-index:1;transition:all ease-in-out .3s}.services-button.bg-blue::before{background-color:#18213b}.services-button.bg-green::before{background-color:#0a2e1e}.services-button.bg-red::before{background-color:#540f1a}.services-button.bg-teal::before{background-color:#9cbbba}.services-button.bg-orange::before{background-color:#e8412c}.services-button h4{margin-bottom:0;font-size:24px;line-height:30px;color:#fff;max-width:210px}.services-button button{transition:all ease-in-out .3s;background:none;border:none;outline:none;width:45px;height:45px}@media(min-width: 992px){.services{padding:96px 0}.services-intro{max-width:300px}.services-listing{gap:32px 24px}.services-button{width:calc(50% - 12px)}.services-button:hover:not(.active) svg path{stroke:#e8412c}.services-button:hover:not(.active)::before{width:100%}}\n\n\/*# sourceMappingURL=block-services.min.css.map*\/<\/style><section id=\"services-block_b242cf69bf6dbb874fb9a528bbc8a49e\" class=\"block services bg-white\" data-accordion-block>\n\t<div class=\"container\" data-block-animate>\n\t\t<div class=\"row\">\n\t\t\t<div class=\"col-12 col-lg-4\" data-animate-part>\n\t\t\t\t<div class=\"services-intro text-wrap\">\n\t\t\t\t\t<h3><span style=\"color: #18213b\">M\u016bsu pakalpojumi<\/span><\/h3>\n<p>Gren pied\u0101v\u0101 saviem klientiem \u2013 gan dz\u012bvok\u013cu un m\u0101ju, gan biroju, sabiedrisko un ra\u017eo\u0161anas \u0113ku \u012bpa\u0161niekiem, da\u017e\u0101dus ener\u0123ijas pakalpojumus, s\u0101kot ar ilgtsp\u0113j\u012bgu centraliz\u0113to siltumapg\u0101di un centraliz\u0113to aukstumapg\u0101di, l\u012bdz pat industri\u0101liem ener\u0123ijas risin\u0101jumiem.<\/p>\n\t\t\t\t<\/div>\n\t\t\t<\/div>\n\t\t\t<div class=\"col-12 col-lg-8\" data-animate-part>\n\t\t\t\t<div class=\"services-listing\">\n\t\t\t\t\t<div class=\"services-button bg-blue\" data-lazy-style=\"background: url(https:\/\/grenweb01.blob.core.windows.net\/gren-web-prod\/sites\/2\/2023\/11\/rsz_gren_still_09_16-9-scaled-1.jpg) no-repeat center\/cover\"><div class=\"services-button-top\"><h4>Industri\u0101lie ener\u0123ijas risin\u0101jumi<\/h4><button aria-label=\"Industri\u0101lie ener\u0123ijas risin\u0101jumi\"><svg xmlns=\"http:\/\/www.w3.org\/2000\/svg\" width=\"20\" height=\"37\" viewBox=\"0 0 20 37\" fill=\"none\"><path d=\"M1 1L18.5 18.5L1 36\" stroke=\"white\" stroke-width=\"2\"\/><\/svg><\/button><\/div><div class=\"services-button-bottom\"><p>M\u016bsu klienti pieprasa risin\u0101jumus, kas sabalans\u0113 vi\u0146u finansi\u0101los un tehniskos ierobe\u017eojumus, garant\u0113 ener\u0123ijas pieejam\u012bbu un dro\u0161\u012bbu, un sp\u0113j iztur\u0113t b\u016btiskas p\u0101rmai\u0146as. M\u0113s saviem industri\u0101lajiem klientiem pied\u0101v\u0101jam lab\u0101k\u0101s zin\u0101\u0161anas un piel\u0101gotus ener\u0123ijas risin\u0101jumus.<\/p><a class=\"btn btn-secondary\" href=\"https:\/\/gren.com\/lv\/industrialie-energijas-risinajumi\/\" title=\"Industri\u0101lie ener\u0123ijas risin\u0101jumi\">Industri\u0101lie ener\u0123ijas risin\u0101jumi<\/a><\/div><\/div><div class=\"services-button bg-red\" data-lazy-style=\"background: url(https:\/\/grenweb01.blob.core.windows.net\/gren-web-prod\/sites\/2\/2023\/12\/button-bg-2.png) no-repeat center\/cover\"><div class=\"services-button-top\"><h4>Centraliz\u0113t\u0101 siltumapg\u0101de<\/h4><button aria-label=\"Centraliz\u0113t\u0101 siltumapg\u0101de\"><svg xmlns=\"http:\/\/www.w3.org\/2000\/svg\" width=\"20\" height=\"37\" viewBox=\"0 0 20 37\" fill=\"none\"><path d=\"M1 1L18.5 18.5L1 36\" stroke=\"white\" stroke-width=\"2\"\/><\/svg><\/button><\/div><div class=\"services-button-bottom\"><p>Centraliz\u0113t\u0101 siltumapg\u0101de ir piem\u0113rot\u0101kais, \u0113rt\u0101kais un videi draudz\u012bg\u0101kais  m\u0101jok\u013ca apsildes veids daudzdz\u012bvok\u013cu m\u0101j\u0101m, priv\u0101tm\u0101j\u0101m, sabiedriskaj\u0101m un r\u016bpniecisk\u0101m \u0113k\u0101m pils\u0113t\u0101s un cit\u0101s bl\u012bvi apb\u016bv\u0113t\u0101s teritorij\u0101s.\r\nTas klientiem ir \u0113rts, dro\u0161s, videi draudz\u012bgs un t\u012brs apkures risin\u0101jums ar visaugst\u0101ko pieg\u0101des dro\u0161\u012bbu un stabilu un konkur\u0113tsp\u0113j\u012bgu cenu.\r\n<\/p><a class=\"btn btn-secondary\" href=\"https:\/\/gren.com\/lv\/centralizeta-siltumapgade\/\" title=\"Centraliz\u0113t\u0101 siltumapg\u0101de\">Centraliz\u0113t\u0101 siltumapg\u0101de<\/a><\/div><\/div><div class=\"services-button bg-teal\" data-lazy-style=\"background: url(https:\/\/grenweb01.blob.core.windows.net\/gren-web-prod\/sites\/2\/2023\/11\/rsz_gren_still_10_16-9-scaled-1.jpg) no-repeat center\/cover\"><div class=\"services-button-top\"><h4>Centraliz\u0113t\u0101 aukstumapg\u0101de<\/h4><button aria-label=\"Centraliz\u0113t\u0101 aukstumapg\u0101de\"><svg xmlns=\"http:\/\/www.w3.org\/2000\/svg\" width=\"20\" height=\"37\" viewBox=\"0 0 20 37\" fill=\"none\"><path d=\"M1 1L18.5 18.5L1 36\" stroke=\"white\" stroke-width=\"2\"\/><\/svg><\/button><\/div><div class=\"services-button-bottom\"><p>Centraliz\u0113t\u0101 aukstumapg\u0101de ir videi draudz\u012bgs un izmaksu zi\u0146\u0101 efekt\u012bvs veids, k\u0101 uztur\u0113t v\u0113su iek\u0161telpu temperat\u016bru gan  r\u016bpniecisk\u0101s \u0113k\u0101s, gan dz\u012bvok\u013cos.<\/p><a class=\"btn btn-secondary\" href=\"https:\/\/gren.com\/lv\/centralizeta-aukstumapgade\/\" title=\"Centraliz\u0113t\u0101 aukstumapg\u0101de\">Centraliz\u0113t\u0101 aukstumapg\u0101de<\/a><\/div><\/div><div class=\"services-button bg-orange\" data-lazy-style=\"background: url(https:\/\/grenweb01.blob.core.windows.net\/gren-web-prod\/sites\/2\/2021\/06\/sun-in-sea-16-9.jpg) no-repeat center\/cover\"><div class=\"services-button-top\"><h4>Ener\u0123ijas ra\u017eo\u0161ana<\/h4><button aria-label=\"Ener\u0123ijas ra\u017eo\u0161ana\"><svg xmlns=\"http:\/\/www.w3.org\/2000\/svg\" width=\"20\" height=\"37\" viewBox=\"0 0 20 37\" fill=\"none\"><path d=\"M1 1L18.5 18.5L1 36\" stroke=\"white\" stroke-width=\"2\"\/><\/svg><\/button><\/div><div class=\"services-button-bottom\"><p>Uzziniet, k\u0101 m\u0113s ra\u017eojam ener\u0123iju Igaunij\u0101, Latvij\u0101, Lietuv\u0101 un Lielbrit\u0101nij\u0101.<\/p><a class=\"btn btn-secondary\" href=\"https:\/\/gren.com\/lv\/musu-paveiktais\/\" title=\"M\u016bsu paveiktais\">M\u016bsu paveiktais<\/a><\/div><\/div>\t\t\t\t<\/div>\n\t\t\t<\/div>\n\t\t<\/div>\n\t<\/div>\n<\/section>\n\n<style type=\"text\/css\">.latest-news{padding:48px 0;background-color:#fff}.latest-news .listing-wrap{display:flex;flex-wrap:wrap;gap:16px}.latest-news .listing-wrap .btn{display:block;width:100%;text-align:center}.latest-news .text-wrap{margin-bottom:24px}.latest-news .text-wrap h2,.latest-news .text-wrap h3{font-size:36px;line-height:42px}.latest-news .text-wrap .btn{display:none}@media(max-width: 767.98px){.latest-news .post-pill:nth-child(n+5){display:none}.latest-news .text-wrap h2>*,.latest-news .text-wrap h3>*{display:inline-block;margin-right:10px}.latest-news .text-wrap p{display:none}}@media(min-width: 768px){.latest-news .post-pill{width:calc(50% - 8px)}.latest-news .listing-wrap .btn{display:none}}@media(min-width: 992px){.latest-news{background-color:#f8f8f8}.latest-news .text-wrap .btn{display:block;min-width:180px}}\n\n\/*# sourceMappingURL=block-latest-news.min.css.map*\/<\/style><section id=\"latest-news-block_5ac42d61fc983f9a282f5d641c8f4f4b\" class=\"block latest-news\">\n\t<div class=\"container\" data-block-animate>\n\t\t<div class=\"row align-items-start\">\n\t\t\t<div class=\"col-12 col-lg-4 text-wrap\" data-animate-part>\n\t\t\t<h3><span style=\"color: #18213b\">Jaunumi<\/span><\/h3>\n<p>M\u0113s ra\u017eojam t\u012bru ener\u0123iju un pied\u0101v\u0101jam ilgtsp\u0113j\u012bgus ener\u0123ijas risin\u0101jumus s\u0101kot ar centraliz\u0113to siltumapg\u0101di l\u012bdz industri\u0101liem ener\u0123ijas pakalpojumiem.<\/p>\n\t\t\t\t<div class=\"buttons-container buttons-container-left\">\n\t\t\t\t\t<a class=\"btn btn-secondary-outline\" href=\"https:\/\/gren.com\/lv\/jaunumi\/\" title=\"Jaunumi\">Jaunumi<\/a>\n\t\t\t\t<\/div>\n\t\t\t\t\n\t\t\t\t\t\t<\/div>\n\n\t\t\t\n\t\t\t<div class=\"col-12 col-lg-8 listing-wrap\" data-animate-part>\n\t\t\t\t<a class=\"post-pill\" href=\"https:\/\/gren.com\/lv\/jaunumi\/gren-uzsak-ikgadejo-savu-klientu-apmierinatibas-aptauju-3\/\" title=\"Gren uzs\u0101k ikgad\u0113jo savu klientu apmierin\u0101t\u012bbas aptauju\" data-lazy-style=\"background-image: url('https:\/\/grenweb01.blob.core.windows.net\/gren-web-prod\/sites\/2\/2023\/12\/Customers.jpeg')\">\n    <div class=\"post-pill-text\">\n        <p class=\"post-pill-date\">\n            02.04.26        <\/p>\n        <h5 class=\"post-pill-title\">\n            Gren uzs\u0101k ikgad\u0113jo savu klientu apmierin\u0101t\u012bbas aptauju        <\/h5>\n    <\/div>\n    <svg xmlns=\"http:\/\/www.w3.org\/2000\/svg\" width=\"18\" height=\"33\" viewBox=\"0 0 18 33\" fill=\"none\">\n        <path d=\"M1.66666 1.5L15.6667 16.5L1.66666 31.5\" stroke=\"white\" stroke-width=\"3\" stroke-linecap=\"round\" stroke-linejoin=\"round\"\/>\n    <\/svg>\n<\/a><a class=\"post-pill\" href=\"https:\/\/gren.com\/lv\/jaunumi\/gren-turpina-uzlabot-jelgavas-siltumapgades-efektivitati-darbu-sacis-20-mw-elektrodu-udenssildamais-katls\/\" title=\"Gren turpina uzlabot Jelgavas siltumapg\u0101des efektivit\u0101ti: darbu s\u0101cis 20 MW elektrodu \u016bdenssild\u0101mais katls\" data-lazy-style=\"background-image: url('https:\/\/grenweb01.blob.core.windows.net\/gren-web-prod\/sites\/2\/2024\/10\/Web_CHP_rudens-scaled.jpg')\">\n    <div class=\"post-pill-text\">\n        <p class=\"post-pill-date\">\n            02.04.26        <\/p>\n        <h5 class=\"post-pill-title\">\n            Gren turpina uzlabot Jelgavas siltumapg\u0101des efektivit\u0101ti: darbu s\u0101cis 20 MW elektrodu \u016bdenssild\u0101mais katls        <\/h5>\n    <\/div>\n    <svg xmlns=\"http:\/\/www.w3.org\/2000\/svg\" width=\"18\" height=\"33\" viewBox=\"0 0 18 33\" fill=\"none\">\n        <path d=\"M1.66666 1.5L15.6667 16.5L1.66666 31.5\" stroke=\"white\" stroke-width=\"3\" stroke-linecap=\"round\" stroke-linejoin=\"round\"\/>\n    <\/svg>\n<\/a><a class=\"post-pill\" href=\"https:\/\/gren.com\/lv\/jaunumi\/gulbene-no-1-maija-planotas-siltumenergijas-tarifa-izmainas\/\" title=\"Gulben\u0113 no 1. maija pl\u0101notas siltumener\u0123ijas tarifa izmai\u0146as\" data-lazy-style=\"background-image: url('https:\/\/grenweb01.blob.core.windows.net\/gren-web-prod\/sites\/2\/2023\/05\/adobestock_500501756-scaled-1.jpeg')\">\n    <div class=\"post-pill-text\">\n        <p class=\"post-pill-date\">\n            31.03.26        <\/p>\n        <h5 class=\"post-pill-title\">\n            Gulben\u0113 no 1. maija pl\u0101notas siltumener\u0123ijas tarifa izmai\u0146as        <\/h5>\n    <\/div>\n    <svg xmlns=\"http:\/\/www.w3.org\/2000\/svg\" width=\"18\" height=\"33\" viewBox=\"0 0 18 33\" fill=\"none\">\n        <path d=\"M1.66666 1.5L15.6667 16.5L1.66666 31.5\" stroke=\"white\" stroke-width=\"3\" stroke-linecap=\"round\" stroke-linejoin=\"round\"\/>\n    <\/svg>\n<\/a><a class=\"post-pill\" href=\"https:\/\/gren.com\/lv\/jaunumi\/ilgtspejigakai-rigas-siltumapgadei-gren-ieliek-pamatakmeni-50-mw-skeldas-katlu-majai-un-pamatos-iegulda-laika-kapsulu\/\" title=\"Ilgtsp\u0113j\u012bg\u0101kai R\u012bgas siltumapg\u0101dei: Gren ieliek pamatakmeni 50 MW \u0161\u0137eldas katlu m\u0101jai un pamatos iegulda laika kapsulu\" data-lazy-style=\"background-image: url('')\">\n    <div class=\"post-pill-text\">\n        <p class=\"post-pill-date\">\n            27.03.26        <\/p>\n        <h5 class=\"post-pill-title\">\n            Ilgtsp\u0113j\u012bg\u0101kai R\u012bgas siltumapg\u0101dei: Gren ieliek pamatakmeni 50 MW \u0161\u0137eldas katlu m\u0101jai un pamatos iegulda laika kapsulu        <\/h5>\n    <\/div>\n    <svg xmlns=\"http:\/\/www.w3.org\/2000\/svg\" width=\"18\" height=\"33\" viewBox=\"0 0 18 33\" fill=\"none\">\n        <path d=\"M1.66666 1.5L15.6667 16.5L1.66666 31.5\" stroke=\"white\" stroke-width=\"3\" stroke-linecap=\"round\" stroke-linejoin=\"round\"\/>\n    <\/svg>\n<\/a><a class=\"post-pill\" href=\"https:\/\/gren.com\/lv\/jaunumi\/urmo-heinam-iecelts-par-gren-baltijas-izpilddirektoru\/\" title=\"Urmo Heinam iecelts par Gren Baltijas izpilddirektoru\" data-lazy-style=\"background-image: url('https:\/\/grenweb01.blob.core.windows.net\/gren-web-prod\/sites\/2\/2025\/01\/Lines.jpg')\">\n    <div class=\"post-pill-text\">\n        <p class=\"post-pill-date\">\n            25.03.26        <\/p>\n        <h5 class=\"post-pill-title\">\n            Urmo Heinam iecelts par Gren Baltijas izpilddirektoru        <\/h5>\n    <\/div>\n    <svg xmlns=\"http:\/\/www.w3.org\/2000\/svg\" width=\"18\" height=\"33\" viewBox=\"0 0 18 33\" fill=\"none\">\n        <path d=\"M1.66666 1.5L15.6667 16.5L1.66666 31.5\" stroke=\"white\" stroke-width=\"3\" stroke-linecap=\"round\" stroke-linejoin=\"round\"\/>\n    <\/svg>\n<\/a><a class=\"post-pill\" href=\"https:\/\/gren.com\/lv\/jaunumi\/gulbene-no-1-aprila-mainas-siltumenergijas-tarifs\/\" title=\"Gulben\u0113 no 1. apr\u012b\u013ca main\u0101s siltumener\u0123ijas tarifs\" data-lazy-style=\"background-image: url('https:\/\/grenweb01.blob.core.windows.net\/gren-web-prod\/sites\/2\/2023\/02\/gulbene-panorama-16-9.jpg')\">\n    <div class=\"post-pill-text\">\n        <p class=\"post-pill-date\">\n            13.03.26        <\/p>\n        <h5 class=\"post-pill-title\">\n            Gulben\u0113 no 1. apr\u012b\u013ca main\u0101s siltumener\u0123ijas tarifs        <\/h5>\n    <\/div>\n    <svg xmlns=\"http:\/\/www.w3.org\/2000\/svg\" width=\"18\" height=\"33\" viewBox=\"0 0 18 33\" fill=\"none\">\n        <path d=\"M1.66666 1.5L15.6667 16.5L1.66666 31.5\" stroke=\"white\" stroke-width=\"3\" stroke-linecap=\"round\" stroke-linejoin=\"round\"\/>\n    <\/svg>\n<\/a><a class=\"post-pill\" href=\"https:\/\/gren.com\/lv\/jaunumi\/gulbene-no-1-aprila-planotas-siltumenergijas-tarifa-izmainas\/\" title=\"Gulben\u0113 no 1. apr\u012b\u013ca pl\u0101notas siltumener\u0123ijas tarifa izmai\u0146as\" data-lazy-style=\"background-image: url('https:\/\/grenweb01.blob.core.windows.net\/gren-web-prod\/sites\/2\/2024\/02\/gulbene-pilseta-1920x1439-1.jpg')\">\n    <div class=\"post-pill-text\">\n        <p class=\"post-pill-date\">\n            27.02.26        <\/p>\n        <h5 class=\"post-pill-title\">\n            Gulben\u0113 no 1. apr\u012b\u013ca pl\u0101notas siltumener\u0123ijas tarifa izmai\u0146as        <\/h5>\n    <\/div>\n    <svg xmlns=\"http:\/\/www.w3.org\/2000\/svg\" width=\"18\" height=\"33\" viewBox=\"0 0 18 33\" fill=\"none\">\n        <path d=\"M1.66666 1.5L15.6667 16.5L1.66666 31.5\" stroke=\"white\" stroke-width=\"3\" stroke-linecap=\"round\" stroke-linejoin=\"round\"\/>\n    <\/svg>\n<\/a><a class=\"post-pill\" href=\"https:\/\/gren.com\/lv\/jaunumi\/jelgava-aizvadits-aukstakais-janvaris-kops-2010-gada-pieaudzis-siltumenergijas-paterins\/\" title=\"Jelgav\u0101 aizvad\u012bts aukst\u0101kais janv\u0101ris kop\u0161 2010. gada &#8211; pieaudzis siltumener\u0123ijas pat\u0113ri\u0146\u0161\" data-lazy-style=\"background-image: url('https:\/\/grenweb01.blob.core.windows.net\/gren-web-prod\/sites\/2\/2026\/02\/IMG_9483.jpeg')\">\n    <div class=\"post-pill-text\">\n        <p class=\"post-pill-date\">\n            13.02.26        <\/p>\n        <h5 class=\"post-pill-title\">\n            Jelgav\u0101 aizvad\u012bts aukst\u0101kais janv\u0101ris kop\u0161 2010. gada &#8211; pieaudzis siltumener\u0123ijas pat\u0113ri\u0146\u0161        <\/h5>\n    <\/div>\n    <svg xmlns=\"http:\/\/www.w3.org\/2000\/svg\" width=\"18\" height=\"33\" viewBox=\"0 0 18 33\" fill=\"none\">\n        <path d=\"M1.66666 1.5L15.6667 16.5L1.66666 31.5\" stroke=\"white\" stroke-width=\"3\" stroke-linecap=\"round\" stroke-linejoin=\"round\"\/>\n    <\/svg>\n<\/a>\t\t\t<\/div>\n\t\t\t\t\t<\/div>\n\t\t\t<\/div>\n<\/section>\n\n\n","protected":false},"excerpt":{"rendered":"","protected":false},"author":6,"featured_media":0,"parent":0,"menu_order":0,"comment_status":"closed","ping_status":"closed","template":"","meta":{"_acf_changed":false,"footnotes":""},"class_list":["post-11528","page","type-page","status-publish","hentry"],"acf":[],"yoast_head":"<!-- This site is optimized with the Yoast SEO plugin v26.8 - https:\/\/yoast.com\/product\/yoast-seo-wordpress\/ -->\n<title>Pakalpojumi - Gren Latvij\u0101<\/title>\n<meta name=\"description\" content=\"Gren ra\u017eo t\u012bru ener\u0123iju no centraliz\u0113t\u0101s siltumapg\u0101des l\u012bdz industri\u0101liem ener\u0123ijas risin\u0101jumiem, lai nodro\u0161in\u0101tu m\u0101ju \u012bpa\u0161nieku, biroju \u0113ku un nozaru vajadz\u012bbas p\u0113c ilgtsp\u0113j\u012bgas ener\u0123ijas.\" \/>\n<meta name=\"robots\" content=\"index, follow, max-snippet:-1, max-image-preview:large, max-video-preview:-1\" \/>\n<link rel=\"canonical\" href=\"https:\/\/gren.com\/lv\/pakalpojumi\/\" \/>\n<meta property=\"og:locale\" content=\"en_US\" \/>\n<meta property=\"og:type\" content=\"article\" \/>\n<meta property=\"og:title\" content=\"Pakalpojumi - Gren Latvij\u0101\" \/>\n<meta property=\"og:description\" content=\"Gren ra\u017eo t\u012bru ener\u0123iju no centraliz\u0113t\u0101s siltumapg\u0101des l\u012bdz industri\u0101liem ener\u0123ijas risin\u0101jumiem, lai nodro\u0161in\u0101tu m\u0101ju \u012bpa\u0161nieku, biroju \u0113ku un nozaru vajadz\u012bbas p\u0113c ilgtsp\u0113j\u012bgas ener\u0123ijas.\" \/>\n<meta property=\"og:url\" content=\"https:\/\/gren.com\/lv\/pakalpojumi\/\" \/>\n<meta property=\"og:site_name\" content=\"Gren Latvija\" \/>\n<meta property=\"article:modified_time\" content=\"2026-03-05T08:33:47+00:00\" \/>\n<meta name=\"twitter:card\" content=\"summary_large_image\" \/>\n<meta name=\"twitter:label1\" content=\"Est. reading time\" \/>\n\t<meta name=\"twitter:data1\" content=\"3 minutes\" \/>\n<script type=\"application\/ld+json\" class=\"yoast-schema-graph\">{\"@context\":\"https:\/\/schema.org\",\"@graph\":[{\"@type\":\"WebPage\",\"@id\":\"https:\/\/gren.com\/lv\/pakalpojumi\/\",\"url\":\"https:\/\/gren.com\/lv\/pakalpojumi\/\",\"name\":\"Pakalpojumi - Gren Latvij\u0101\",\"isPartOf\":{\"@id\":\"https:\/\/gren.com\/lv\/#website\"},\"datePublished\":\"2023-12-21T09:27:24+00:00\",\"dateModified\":\"2026-03-05T08:33:47+00:00\",\"description\":\"Gren ra\u017eo t\u012bru ener\u0123iju no centraliz\u0113t\u0101s siltumapg\u0101des l\u012bdz industri\u0101liem ener\u0123ijas risin\u0101jumiem, lai nodro\u0161in\u0101tu m\u0101ju \u012bpa\u0161nieku, biroju \u0113ku un nozaru vajadz\u012bbas p\u0113c ilgtsp\u0113j\u012bgas ener\u0123ijas.\",\"breadcrumb\":{\"@id\":\"https:\/\/gren.com\/lv\/pakalpojumi\/#breadcrumb\"},\"inLanguage\":\"en-US\",\"potentialAction\":[{\"@type\":\"ReadAction\",\"target\":[\"https:\/\/gren.com\/lv\/pakalpojumi\/\"]}]},{\"@type\":\"BreadcrumbList\",\"@id\":\"https:\/\/gren.com\/lv\/pakalpojumi\/#breadcrumb\",\"itemListElement\":[{\"@type\":\"ListItem\",\"position\":1,\"name\":\"Home\",\"item\":\"https:\/\/gren.com\/lv\/\"},{\"@type\":\"ListItem\",\"position\":2,\"name\":\"Pakalpojumi\"}]},{\"@type\":\"WebSite\",\"@id\":\"https:\/\/gren.com\/lv\/#website\",\"url\":\"https:\/\/gren.com\/lv\/\",\"name\":\"Gren Latvija\",\"description\":\"N\u0101kotnes ener\u0123ija top \u0161odien\",\"potentialAction\":[{\"@type\":\"SearchAction\",\"target\":{\"@type\":\"EntryPoint\",\"urlTemplate\":\"https:\/\/gren.com\/lv\/?s={search_term_string}\"},\"query-input\":{\"@type\":\"PropertyValueSpecification\",\"valueRequired\":true,\"valueName\":\"search_term_string\"}}],\"inLanguage\":\"en-US\"}]}<\/script>\n<!-- \/ Yoast SEO plugin. -->","yoast_head_json":{"title":"Pakalpojumi - Gren Latvij\u0101","description":"Gren ra\u017eo t\u012bru ener\u0123iju no centraliz\u0113t\u0101s siltumapg\u0101des l\u012bdz industri\u0101liem ener\u0123ijas risin\u0101jumiem, lai nodro\u0161in\u0101tu m\u0101ju \u012bpa\u0161nieku, biroju \u0113ku un nozaru vajadz\u012bbas p\u0113c ilgtsp\u0113j\u012bgas ener\u0123ijas.","robots":{"index":"index","follow":"follow","max-snippet":"max-snippet:-1","max-image-preview":"max-image-preview:large","max-video-preview":"max-video-preview:-1"},"canonical":"https:\/\/gren.com\/lv\/pakalpojumi\/","og_locale":"en_US","og_type":"article","og_title":"Pakalpojumi - Gren Latvij\u0101","og_description":"Gren ra\u017eo t\u012bru ener\u0123iju no centraliz\u0113t\u0101s siltumapg\u0101des l\u012bdz industri\u0101liem ener\u0123ijas risin\u0101jumiem, lai nodro\u0161in\u0101tu m\u0101ju \u012bpa\u0161nieku, biroju \u0113ku un nozaru vajadz\u012bbas p\u0113c ilgtsp\u0113j\u012bgas ener\u0123ijas.","og_url":"https:\/\/gren.com\/lv\/pakalpojumi\/","og_site_name":"Gren Latvija","article_modified_time":"2026-03-05T08:33:47+00:00","twitter_card":"summary_large_image","twitter_misc":{"Est. reading time":"3 minutes"},"schema":{"@context":"https:\/\/schema.org","@graph":[{"@type":"WebPage","@id":"https:\/\/gren.com\/lv\/pakalpojumi\/","url":"https:\/\/gren.com\/lv\/pakalpojumi\/","name":"Pakalpojumi - Gren Latvij\u0101","isPartOf":{"@id":"https:\/\/gren.com\/lv\/#website"},"datePublished":"2023-12-21T09:27:24+00:00","dateModified":"2026-03-05T08:33:47+00:00","description":"Gren ra\u017eo t\u012bru ener\u0123iju no centraliz\u0113t\u0101s siltumapg\u0101des l\u012bdz industri\u0101liem ener\u0123ijas risin\u0101jumiem, lai nodro\u0161in\u0101tu m\u0101ju \u012bpa\u0161nieku, biroju \u0113ku un nozaru vajadz\u012bbas p\u0113c ilgtsp\u0113j\u012bgas ener\u0123ijas.","breadcrumb":{"@id":"https:\/\/gren.com\/lv\/pakalpojumi\/#breadcrumb"},"inLanguage":"en-US","potentialAction":[{"@type":"ReadAction","target":["https:\/\/gren.com\/lv\/pakalpojumi\/"]}]},{"@type":"BreadcrumbList","@id":"https:\/\/gren.com\/lv\/pakalpojumi\/#breadcrumb","itemListElement":[{"@type":"ListItem","position":1,"name":"Home","item":"https:\/\/gren.com\/lv\/"},{"@type":"ListItem","position":2,"name":"Pakalpojumi"}]},{"@type":"WebSite","@id":"https:\/\/gren.com\/lv\/#website","url":"https:\/\/gren.com\/lv\/","name":"Gren Latvija","description":"N\u0101kotnes ener\u0123ija top \u0161odien","potentialAction":[{"@type":"SearchAction","target":{"@type":"EntryPoint","urlTemplate":"https:\/\/gren.com\/lv\/?s={search_term_string}"},"query-input":{"@type":"PropertyValueSpecification","valueRequired":true,"valueName":"search_term_string"}}],"inLanguage":"en-US"}]}},"_links":{"self":[{"href":"https:\/\/gren.com\/lv\/wp-json\/wp\/v2\/pages\/11528","targetHints":{"allow":["GET"]}}],"collection":[{"href":"https:\/\/gren.com\/lv\/wp-json\/wp\/v2\/pages"}],"about":[{"href":"https:\/\/gren.com\/lv\/wp-json\/wp\/v2\/types\/page"}],"author":[{"embeddable":true,"href":"https:\/\/gren.com\/lv\/wp-json\/wp\/v2\/users\/6"}],"replies":[{"embeddable":true,"href":"https:\/\/gren.com\/lv\/wp-json\/wp\/v2\/comments?post=11528"}],"version-history":[{"count":18,"href":"https:\/\/gren.com\/lv\/wp-json\/wp\/v2\/pages\/11528\/revisions"}],"predecessor-version":[{"id":18385,"href":"https:\/\/gren.com\/lv\/wp-json\/wp\/v2\/pages\/11528\/revisions\/18385"}],"wp:attachment":[{"href":"https:\/\/gren.com\/lv\/wp-json\/wp\/v2\/media?parent=11528"}],"curies":[{"name":"wp","href":"https:\/\/api.w.org\/{rel}","templated":true}]}}