{"id":14632,"date":"2024-04-15T08:43:11","date_gmt":"2024-04-15T05:43:11","guid":{"rendered":"https:\/\/gren.com\/lv\/?page_id=14632"},"modified":"2025-07-24T12:53:46","modified_gmt":"2025-07-24T09:53:46","slug":"esg-zinojums","status":"publish","type":"page","link":"https:\/\/gren.com\/lv\/esg-zinojums\/","title":{"rendered":"ESG zi\u0146ojums"},"content":{"rendered":"<style type=\"text\/css\">.page-hero{padding:140px 0 30px;position:relative}.page-hero-content{max-width:300px}.page-hero h4,.page-hero p{font-size:16px;font-weight:400;line-height:24px}.page-hero .date{margin-top:24px;color:#fff;font-size:20px}.page-hero-video-wrap{position:absolute;top:0;left:0;width:100%;height:100%;z-index:-1;overflow:hidden}.page-hero-video{width:100%;height:100%;object-fit:cover}@media(min-width: 576px){.page-hero-content{max-width:850px}}@media(min-width: 992px){.page-hero{padding:210px 0 64px}.page-hero h4,.page-hero p{font-size:24px;line-height:30px}}\n\n\/*# sourceMappingURL=block-page-hero.min.css.map*\/<\/style><section id=\"page-hero-block_8926a89c3cdb1017d4ccd2e6df600364\" class=\"block page-hero\" style=\"background: url(https:\/\/grenweb01.blob.core.windows.net\/gren-web-prod\/sites\/2\/2023\/11\/hero-bg.jpg) no-repeat center\/cover\">\n\t<div class=\"container\"  data-block-animate>\n\t\t\t\t\t<div class=\"page-hero-content text-wrap\"  data-animate-part>\n\t\t\t\t<h1><span style=\"color: #ffffff\">ESG zi\u0146ojums<\/span><\/h1>\n\n                \t\t\t<\/div>\n\t\t\t<\/div>\n<\/section>\n\n<style type=\"text\/css\">.full-width-written-content p>a{font-weight:700}\n\n\/*# sourceMappingURL=block-full-width-written-content.min.css.map*\/<\/style><section id=\"full-width-written-content-block_a1a7c0e9442ab9f978d83df73bedb686\" class=\"block full-width-written-content\">\n\t<div class=\"container\" data-block-animate>\n\t\t<div class=\"text-wrap\" data-animate-part><h3><span class=\"word word-108-6-6 word-108-7-6\">Ilgtsp\u0113ja caur l\u012bdzdal\u012bbu un sadarb\u012bbu<\/span><\/h3>\n<h4><span class=\"word word-108-6-6 word-108-7-6\">M\u016bsu<\/span>\u00a0<span class=\"word word-108-13-7\">vides<\/span><span class=\"word word-108-14-8\">,<\/span>\u00a0<span class=\"word word-108-15-9\">soci\u0101l\u0101s atbild\u012bbas<\/span>\u00a0<span class=\"word word-108-16-10 word-108-17-10\">un labas<\/span>\u00a0<span class=\"word word-108-18-11\">p\u0101rvald\u012bbas<\/span>\u00a0<span class=\"word word-108-19-12\">(<\/span><span class=\"word word-108-20-13\">ESG<\/span><span class=\"word word-108-21-14\">)<\/span>\u00a0<span class=\"word word-108-22-15\">pas\u0101kumi<\/span><\/h4>\n<p data-start=\"46\" data-end=\"247\">Gren skat\u012bjum\u0101 ilgtsp\u0113ja ir b\u016btiska, lai veidotu uztic\u012bbu un virz\u012btu att\u012bst\u012bbu. M\u016bsu darb\u012bba ikdien\u0101 ietekm\u0113 pla\u0161u ieinteres\u0113to pu\u0161u loku, un atkl\u0101ta, savlaic\u012bga komunik\u0101cija ir m\u016bsu sadarb\u012bbas pamat\u0101.<\/p>\n<p data-start=\"249\" data-end=\"562\">M\u016bsu darb\u012bba ir atkl\u0101ta un p\u0101rskat\u0101ma un m\u0113s sniedzam uzticamu inform\u0101ciju saviem darbiniekiem, klientiem, investoriem, kopien\u0101m un partneriem. Uzklausot vi\u0146u vajadz\u012bb\u0101s un ievie\u0161ot uzlabotus risin\u0101jumus \u2013 \u012bpa\u0161i par ESG jaut\u0101jumiem \u2013 m\u0113s stiprin\u0101m attiec\u012bbas ar viet\u0113j\u0101m kopien\u0101m un saglab\u0101jam fokusu uz b\u016btisko.<\/p>\n<p data-start=\"564\" data-end=\"678\">M\u0113s veicam drosm\u012bgas, pozit\u012bvas un j\u0113gpilnas darb\u012bbas, kas atbilst m\u016bsu vides, soci\u0101lajiem un p\u0101rvald\u012bbas m\u0113r\u0137iem.<\/p>\n<p data-start=\"680\" data-end=\"723\" data-is-last-node=\"\" data-is-only-node=\"\">Rezult\u0101ts? J\u0113gpilni un izm\u0113r\u0101mi sasniegumi.<\/p>\n<\/div>\t<\/div>\n<\/section>\n\n<style type=\"text\/css\">.two-column-content{position:relative;padding:48px 0 0;overflow-y:hidden}.two-column-content.bg-dark-green,.two-column-content.bg-dark-red{color:#fff}.two-column-content .img-wrap,.two-column-content .text-wrap{width:100%}.two-column-content .block-background-image img{position:absolute;width:100%;height:100%;object-position:center;object-fit:cover;top:0;left:0}.two-column-content .container{position:relative}.two-column-content .text-wrap{padding:0 16px}.two-column-content .text-wrap ul li{font-size:16px}.two-column-content .text-wrap p>a{font-weight:700;position:relative;transition:all ease-in-out .3s;margin-top:50px;display:inline-block}.two-column-content .text-wrap p>a:active{color:#9cbbba !important}.two-column-content .text-inner{padding:24px 16px;border-radius:4px}.two-column-content .text-inner .btn{display:inline-block}.two-column-content .img-wrap{position:relative;height:100%}.two-column-content .img-wrap img{object-fit:contain;object-position:top;width:100%;height:100%}.two-column-content .with-image .right-col p{opacity:.6;margin:12px 0 0}.two-column-content .right-col img{width:100%}@media(max-width: 767.98px){.two-column-content .container{padding:0}.two-column-content .text-wrap{margin:24px 0}.two-column-content .with-image .right-col{order:1}.two-column-content .with-image .left-col{order:2}.two-column-content.reversed .left-col{order:2 !important}.two-column-content.reversed .right-col{order:1 !important}}@media(min-width: 768px){.two-column-content{padding:32px 0}.two-column-content .img-wrap img{max-height:500px}.two-column-content .only-text .left-col .text-wrap{padding-right:28px !important}.two-column-content .only-text .right-col .text-wrap{padding-left:28px}.two-column-content:not(.reversed) .left-col .text-wrap{padding-right:64px}.two-column-content.reversed .left-col{order:2 !important}.two-column-content.reversed .left-col .text-wrap{padding-left:64px}.two-column-content.reversed .right-col{order:1 !important}}@media(min-width: 992px){.two-column-content .row.with-image .right-col{order:unset}.two-column-content .row.with-image .left-col{order:unset}.two-column-content .text-wrap{justify-self:start}.two-column-content .text-wrap p>a{margin-top:0}.two-column-content .text-wrap p>a:hover{color:#e8412c}.two-column-content.align-middle .col-6{display:flex;align-items:center}.two-column-content.align-bottom .col-6{display:flex;align-items:end}}\n\n\/*# sourceMappingURL=block-two-column-content.min.css.map*\/<\/style><section id=\"two-column-content-block_b5d158710ab31d66db49538a3a3edd81\" class=\"block two-column-content bg-light-green reversed\" data-menu-target>\n        <div class=\"container\" data-block-animate>\n        <div class=\"row g-0 with-image\">\n            <div class=\"col-12 col-md-6 left-col\" data-animate-part>\n                <div class=\"text-wrap\"><div class=\"text-inner\" style=\"\"><h5><\/h5>\n<h5><\/h5>\n<h5><a class=\"button btn-primary-big\" href=\"https:\/\/grenweb01.blob.core.windows.net\/gren-web-prod\/2025\/05\/GREN-ESG-Report_2024.pdf\" target=\"_blank\" rel=\"noopener\">Gren ESG zi\u0146ojums, 2024 (ang\u013cu val.)<\/a><\/h5>\n<\/div><\/div>\n            <\/div><!--\/.col-->\n            <div class=\"col-12 col-md-6 right-col\" data-animate-part>\n                <div class=\"img-wrap\"><img loading=\"lazy\" decoding=\"async\" width=\"1024\" height=\"574\" src=\"https:\/\/grenweb01.blob.core.windows.net\/gren-web-prod\/sites\/2\/2025\/05\/ESG-report-2024-cover-1024x574.jpg\" class=\"attachment-large size-large\" alt=\"ESG zi\u0146ojums 2024\" srcset=\"https:\/\/grenweb01.blob.core.windows.net\/gren-web-prod\/sites\/2\/2025\/05\/ESG-report-2024-cover-1024x574.jpg 1024w, https:\/\/grenweb01.blob.core.windows.net\/gren-web-prod\/sites\/2\/2025\/05\/ESG-report-2024-cover-300x168.jpg 300w, https:\/\/grenweb01.blob.core.windows.net\/gren-web-prod\/sites\/2\/2025\/05\/ESG-report-2024-cover-768x431.jpg 768w, https:\/\/grenweb01.blob.core.windows.net\/gren-web-prod\/sites\/2\/2025\/05\/ESG-report-2024-cover.jpg 1316w\" sizes=\"auto, (max-width: 1024px) 100vw, 1024px\" \/><\/div>            <\/div><!--\/.col-->\n        <\/div>\n    <\/div>\n<\/section>\n\n<section id=\"two-column-content-block_a5e0212d5cfdaf4b3526366c39a5b6ab\" class=\"block two-column-content bg-light-grey\" data-menu-target>\n        <div class=\"container\" data-block-animate>\n        <div class=\"row g-0 with-image\">\n            <div class=\"col-12 col-md-6 left-col\" data-animate-part>\n                <div class=\"text-wrap\"><div class=\"text-inner\" style=\"\"><p>Pirmo ESG zi\u0146ojumu Gren public\u0113ja 2024. gada 11. apr\u012bl\u012b. ESG zi\u0146ojum\u0101 par 2023. gadu m\u0113s aprakst\u0101m m\u016bsu sasniegumus un ap\u0146em\u0161anos nodro\u0161in\u0101t vides, soci\u0101lo un p\u0101rvald\u012bbas ilgtsp\u0113ju, k\u0101 ar\u012b m\u016bsu ESG strat\u0113\u0123ijas t\u0113mas un virz\u012bt\u0101jsp\u0113kus.<\/p>\n<h3><a class=\"button btn-primary-big\" href=\"https:\/\/grenweb01.blob.core.windows.net\/gren-web-prod\/sites\/2\/2024\/04\/Gren-ESG-report-2023.pdf\"><span style=\"color: #9cbbba\">Gren ESG zi\u0146ojums, 2023 (ang\u013cu val.)<\/span><\/a><\/h3>\n<\/div><\/div>\n            <\/div><!--\/.col-->\n            <div class=\"col-12 col-md-6 right-col\" data-animate-part>\n                <div class=\"img-wrap\"><img loading=\"lazy\" decoding=\"async\" width=\"693\" height=\"390\" src=\"https:\/\/grenweb01.blob.core.windows.net\/gren-web-prod\/sites\/2\/2025\/05\/ESG-report-2023.jpg\" class=\"attachment-large size-large\" alt=\"\" srcset=\"https:\/\/grenweb01.blob.core.windows.net\/gren-web-prod\/sites\/2\/2025\/05\/ESG-report-2023.jpg 693w, https:\/\/grenweb01.blob.core.windows.net\/gren-web-prod\/sites\/2\/2025\/05\/ESG-report-2023-300x169.jpg 300w\" sizes=\"auto, (max-width: 693px) 100vw, 693px\" \/><\/div>            <\/div><!--\/.col-->\n        <\/div>\n    <\/div>\n<\/section>","protected":false},"excerpt":{"rendered":"","protected":false},"author":6,"featured_media":0,"parent":0,"menu_order":0,"comment_status":"closed","ping_status":"closed","template":"","meta":{"_acf_changed":false,"footnotes":""},"class_list":["post-14632","page","type-page","status-publish","hentry"],"acf":[],"yoast_head":"<!-- This site is optimized with the Yoast SEO plugin v26.8 - https:\/\/yoast.com\/product\/yoast-seo-wordpress\/ -->\n<title>ESG zi\u0146ojums - Gren Latvija<\/title>\n<meta name=\"robots\" content=\"index, follow, max-snippet:-1, max-image-preview:large, max-video-preview:-1\" \/>\n<link rel=\"canonical\" href=\"https:\/\/gren.com\/lv\/esg-zinojums\/\" \/>\n<meta property=\"og:locale\" content=\"en_US\" \/>\n<meta property=\"og:type\" content=\"article\" \/>\n<meta property=\"og:title\" content=\"ESG zi\u0146ojums - Gren Latvija\" \/>\n<meta property=\"og:url\" content=\"https:\/\/gren.com\/lv\/esg-zinojums\/\" \/>\n<meta property=\"og:site_name\" content=\"Gren Latvija\" \/>\n<meta property=\"article:modified_time\" content=\"2025-07-24T09:53:46+00:00\" \/>\n<meta name=\"twitter:card\" content=\"summary_large_image\" \/>\n<meta name=\"twitter:label1\" content=\"Est. reading time\" \/>\n\t<meta name=\"twitter:data1\" content=\"2 minutes\" \/>\n<script type=\"application\/ld+json\" class=\"yoast-schema-graph\">{\"@context\":\"https:\/\/schema.org\",\"@graph\":[{\"@type\":\"WebPage\",\"@id\":\"https:\/\/gren.com\/lv\/esg-zinojums\/\",\"url\":\"https:\/\/gren.com\/lv\/esg-zinojums\/\",\"name\":\"ESG zi\u0146ojums - Gren Latvija\",\"isPartOf\":{\"@id\":\"https:\/\/gren.com\/lv\/#website\"},\"datePublished\":\"2024-04-15T05:43:11+00:00\",\"dateModified\":\"2025-07-24T09:53:46+00:00\",\"breadcrumb\":{\"@id\":\"https:\/\/gren.com\/lv\/esg-zinojums\/#breadcrumb\"},\"inLanguage\":\"en-US\",\"potentialAction\":[{\"@type\":\"ReadAction\",\"target\":[\"https:\/\/gren.com\/lv\/esg-zinojums\/\"]}]},{\"@type\":\"BreadcrumbList\",\"@id\":\"https:\/\/gren.com\/lv\/esg-zinojums\/#breadcrumb\",\"itemListElement\":[{\"@type\":\"ListItem\",\"position\":1,\"name\":\"Home\",\"item\":\"https:\/\/gren.com\/lv\/\"},{\"@type\":\"ListItem\",\"position\":2,\"name\":\"ESG zi\u0146ojums\"}]},{\"@type\":\"WebSite\",\"@id\":\"https:\/\/gren.com\/lv\/#website\",\"url\":\"https:\/\/gren.com\/lv\/\",\"name\":\"Gren Latvija\",\"description\":\"N\u0101kotnes ener\u0123ija top \u0161odien\",\"potentialAction\":[{\"@type\":\"SearchAction\",\"target\":{\"@type\":\"EntryPoint\",\"urlTemplate\":\"https:\/\/gren.com\/lv\/?s={search_term_string}\"},\"query-input\":{\"@type\":\"PropertyValueSpecification\",\"valueRequired\":true,\"valueName\":\"search_term_string\"}}],\"inLanguage\":\"en-US\"}]}<\/script>\n<!-- \/ Yoast SEO plugin. -->","yoast_head_json":{"title":"ESG zi\u0146ojums - Gren Latvija","robots":{"index":"index","follow":"follow","max-snippet":"max-snippet:-1","max-image-preview":"max-image-preview:large","max-video-preview":"max-video-preview:-1"},"canonical":"https:\/\/gren.com\/lv\/esg-zinojums\/","og_locale":"en_US","og_type":"article","og_title":"ESG zi\u0146ojums - Gren Latvija","og_url":"https:\/\/gren.com\/lv\/esg-zinojums\/","og_site_name":"Gren Latvija","article_modified_time":"2025-07-24T09:53:46+00:00","twitter_card":"summary_large_image","twitter_misc":{"Est. reading time":"2 minutes"},"schema":{"@context":"https:\/\/schema.org","@graph":[{"@type":"WebPage","@id":"https:\/\/gren.com\/lv\/esg-zinojums\/","url":"https:\/\/gren.com\/lv\/esg-zinojums\/","name":"ESG zi\u0146ojums - Gren Latvija","isPartOf":{"@id":"https:\/\/gren.com\/lv\/#website"},"datePublished":"2024-04-15T05:43:11+00:00","dateModified":"2025-07-24T09:53:46+00:00","breadcrumb":{"@id":"https:\/\/gren.com\/lv\/esg-zinojums\/#breadcrumb"},"inLanguage":"en-US","potentialAction":[{"@type":"ReadAction","target":["https:\/\/gren.com\/lv\/esg-zinojums\/"]}]},{"@type":"BreadcrumbList","@id":"https:\/\/gren.com\/lv\/esg-zinojums\/#breadcrumb","itemListElement":[{"@type":"ListItem","position":1,"name":"Home","item":"https:\/\/gren.com\/lv\/"},{"@type":"ListItem","position":2,"name":"ESG zi\u0146ojums"}]},{"@type":"WebSite","@id":"https:\/\/gren.com\/lv\/#website","url":"https:\/\/gren.com\/lv\/","name":"Gren Latvija","description":"N\u0101kotnes ener\u0123ija top \u0161odien","potentialAction":[{"@type":"SearchAction","target":{"@type":"EntryPoint","urlTemplate":"https:\/\/gren.com\/lv\/?s={search_term_string}"},"query-input":{"@type":"PropertyValueSpecification","valueRequired":true,"valueName":"search_term_string"}}],"inLanguage":"en-US"}]}},"_links":{"self":[{"href":"https:\/\/gren.com\/lv\/wp-json\/wp\/v2\/pages\/14632","targetHints":{"allow":["GET"]}}],"collection":[{"href":"https:\/\/gren.com\/lv\/wp-json\/wp\/v2\/pages"}],"about":[{"href":"https:\/\/gren.com\/lv\/wp-json\/wp\/v2\/types\/page"}],"author":[{"embeddable":true,"href":"https:\/\/gren.com\/lv\/wp-json\/wp\/v2\/users\/6"}],"replies":[{"embeddable":true,"href":"https:\/\/gren.com\/lv\/wp-json\/wp\/v2\/comments?post=14632"}],"version-history":[{"count":30,"href":"https:\/\/gren.com\/lv\/wp-json\/wp\/v2\/pages\/14632\/revisions"}],"predecessor-version":[{"id":17460,"href":"https:\/\/gren.com\/lv\/wp-json\/wp\/v2\/pages\/14632\/revisions\/17460"}],"wp:attachment":[{"href":"https:\/\/gren.com\/lv\/wp-json\/wp\/v2\/media?parent=14632"}],"curies":[{"name":"wp","href":"https:\/\/api.w.org\/{rel}","templated":true}]}}