{"id":17110,"date":"2025-05-20T10:39:06","date_gmt":"2025-05-20T07:39:06","guid":{"rendered":"https:\/\/gren.com\/lv\/?page_id=17110"},"modified":"2025-07-24T13:45:06","modified_gmt":"2025-07-24T10:45:06","slug":"gulbenes-foto-2025","status":"publish","type":"page","link":"https:\/\/gren.com\/lv\/gulbenes-foto-2025\/","title":{"rendered":"Gulbenes foto 2025"},"content":{"rendered":"<style type=\"text\/css\">.page-hero{padding:140px 0 30px;position:relative}.page-hero-content{max-width:300px}.page-hero h4,.page-hero p{font-size:16px;font-weight:400;line-height:24px}.page-hero .date{margin-top:24px;color:#fff;font-size:20px}.page-hero-video-wrap{position:absolute;top:0;left:0;width:100%;height:100%;z-index:-1;overflow:hidden}.page-hero-video{width:100%;height:100%;object-fit:cover}@media(min-width: 576px){.page-hero-content{max-width:850px}}@media(min-width: 992px){.page-hero{padding:210px 0 64px}.page-hero h4,.page-hero p{font-size:24px;line-height:30px}}\n\n\/*# sourceMappingURL=block-page-hero.min.css.map*\/<\/style><section id=\"page-hero-block_c52e57bcf2129e1bc00b1c26e52f2a69\" class=\"block page-hero\" style=\"background: url(https:\/\/grenweb01.blob.core.windows.net\/gren-web-prod\/sites\/2\/2023\/02\/gulbene-panorama-16-9.jpg) no-repeat center\/cover\">\n\t<div class=\"container\"  data-block-animate>\n\t\t\t<\/div>\n<\/section>\n\n<style type=\"text\/css\">.block.files .listing-container{margin-top:38px}.block.files .listing-container .listing-wrap{display:flex;flex-wrap:wrap;width:calc(100% + 8px);margin-top:-8px;margin-bottom:-8px}.block.files .listing-container .listing-wrap .listing-col{flex-basis:auto;padding-right:8px;margin-bottom:8px}.block.files .listing-container .listing-wrap .listing-col.show-on-click{display:none}@media(min-width: 992px){.block.files .listing-container .listing-wrap .listing-col.show-on-click{display:block}}.block.files .listing-container .btn-container{margin-top:32px}.block.files .listing-container .btn-container button{width:100%}.block.files .file-card{display:flex;justify-content:space-between;align-items:center;flex-basis:auto;border-radius:8px;padding:16px;background:#f8f8f8;gap:16px;height:100%}.block.files .file-card .file-links{display:flex;flex-wrap:wrap;align-items:center;justify-content:flex-end;max-width:150px;gap:16px}@media(min-width: 576px){.block.files .file-card .file-links{max-width:200px}}.block.files .file-card .file-links a{display:flex;align-items:center}.block.files .file-card .file-links a img{height:32px;width:auto}.block.files .file-card .file-links a span{margin-left:8px}@media(min-width: 992px){.block.files .file-card .file-links a:hover img{filter:invert(67%) sepia(89%) saturate(7492%) hue-rotate(346deg) brightness(84%) contrast(146%)}}\n\n\/*# sourceMappingURL=block-files.min.css.map*\/<\/style><section id=\"files-block_d5b7b1d7424e8090be7e75db93183ff7\" class=\"block files\">\n\t<div class=\"container\" data-block-animate>\n        <div class=\"text-wrap\" data-animate-part>\n            <h3><h1>Fotogr\u0101fijas iepirkuma proced\u016brai \u201cTehnisk\u0101 projekta izstr\u0101de katlu m\u0101jas rekonstrukcija N\u0101kotnes iel\u0101 7, Gulben\u0113\u201d.<\/h1><\/h3>\n        <\/div>\n\n        <div class=\"listing-container\" data-animate-part>\n            <div class=\"row g-0 listing-wrap\">\n                \n                    \n                        <div class=\"col-12 col-lg-6 col-xl-4 listing-col \">\n                            <div class=\"file-card\">\n                                <p class=\"col\"><b>Att 1 katlu m\u0101jas iejas v\u0101rti<\/b><\/p>\n                                <div class=\"file-links\">\n                                                                                                                    <a href=\"https:\/\/grenweb01.blob.core.windows.net\/gren-web-prod\/sites\/2\/2025\/05\/Att-1-katlu-majas-iejas-varti.jpg\" target=\"_blank\">\n                                            <img decoding=\"async\" src=\"https:\/\/grenweb01.blob.core.windows.net\/gren-web-prod\/sites\/2\/2023\/12\/Asset-9-1.svg\" alt=\"Icon of image file\" height=\"32\" loading=\"lazy\">\n                                            <span>.jpg<\/span>\n                                        <\/a>\n                                                                    <\/div>\n\n                            <\/div>\n                        <\/div>\n\n                    \n                        <div class=\"col-12 col-lg-6 col-xl-4 listing-col \">\n                            <div class=\"file-card\">\n                                <p class=\"col\"><b>Att 2 katlu m\u0101ja un nojaucamais skurstenis<\/b><\/p>\n                                <div class=\"file-links\">\n                                                                                                                    <a href=\"https:\/\/grenweb01.blob.core.windows.net\/gren-web-prod\/sites\/2\/2025\/05\/Att-2-katlu-maja-un-nojaucamais-skurstenis.jpg\" target=\"_blank\">\n                                            <img decoding=\"async\" src=\"https:\/\/grenweb01.blob.core.windows.net\/gren-web-prod\/sites\/2\/2023\/12\/Asset-9-1.svg\" alt=\"Icon of image file\" height=\"32\" loading=\"lazy\">\n                                            <span>.jpg<\/span>\n                                        <\/a>\n                                                                    <\/div>\n\n                            <\/div>\n                        <\/div>\n\n                    \n                        <div class=\"col-12 col-lg-6 col-xl-4 listing-col \">\n                            <div class=\"file-card\">\n                                <p class=\"col\"><b>Att 3 demont\u0113amais katls un saglab\u0101jamais<\/b><\/p>\n                                <div class=\"file-links\">\n                                                                                                                    <a href=\"https:\/\/grenweb01.blob.core.windows.net\/gren-web-prod\/sites\/2\/2025\/05\/Att-3-demonteamais-katls-un-saglabajamais_.jpg\" target=\"_blank\">\n                                            <img decoding=\"async\" src=\"https:\/\/grenweb01.blob.core.windows.net\/gren-web-prod\/sites\/2\/2023\/12\/Asset-9-1.svg\" alt=\"Icon of image file\" height=\"32\" loading=\"lazy\">\n                                            <span>.jpg<\/span>\n                                        <\/a>\n                                                                    <\/div>\n\n                            <\/div>\n                        <\/div>\n\n                    \n                        <div class=\"col-12 col-lg-6 col-xl-4 listing-col \">\n                            <div class=\"file-card\">\n                                <p class=\"col\"><b>Att 3 1 demont\u0113jam\u0101s iekartas<\/b><\/p>\n                                <div class=\"file-links\">\n                                                                                                                    <a href=\"https:\/\/grenweb01.blob.core.windows.net\/gren-web-prod\/sites\/2\/2025\/05\/Att-3-1-demontejamas-iekartas.jpg\" target=\"_blank\">\n                                            <img decoding=\"async\" src=\"https:\/\/grenweb01.blob.core.windows.net\/gren-web-prod\/sites\/2\/2023\/12\/Asset-9-1.svg\" alt=\"Icon of image file\" height=\"32\" loading=\"lazy\">\n                                            <span>.jpg<\/span>\n                                        <\/a>\n                                                                    <\/div>\n\n                            <\/div>\n                        <\/div>\n\n                    \n                        <div class=\"col-12 col-lg-6 col-xl-4 listing-col show-on-click\">\n                            <div class=\"file-card\">\n                                <p class=\"col\"><b>Att 3 2 demont\u0113jamais katls ar skeldas padevi<\/b><\/p>\n                                <div class=\"file-links\">\n                                                                                                                    <a href=\"https:\/\/grenweb01.blob.core.windows.net\/gren-web-prod\/sites\/2\/2025\/05\/Att-3-2-demontejamais-katls-ar-skeldas-padevi.jpg\" target=\"_blank\">\n                                            <img decoding=\"async\" src=\"https:\/\/grenweb01.blob.core.windows.net\/gren-web-prod\/sites\/2\/2023\/12\/Asset-9-1.svg\" alt=\"Icon of image file\" height=\"32\" loading=\"lazy\">\n                                            <span>.jpg<\/span>\n                                        <\/a>\n                                                                    <\/div>\n\n                            <\/div>\n                        <\/div>\n\n                    \n                        <div class=\"col-12 col-lg-6 col-xl-4 listing-col show-on-click\">\n                            <div class=\"file-card\">\n                                <p class=\"col\"><b>Att 3 3 demont\u0113jama s\u0137eldas padeve<\/b><\/p>\n                                <div class=\"file-links\">\n                                                                                                                    <a href=\"https:\/\/grenweb01.blob.core.windows.net\/gren-web-prod\/sites\/2\/2025\/05\/Att-3-3-demontejama-skeldas-padeve.jpg\" target=\"_blank\">\n                                            <img decoding=\"async\" src=\"https:\/\/grenweb01.blob.core.windows.net\/gren-web-prod\/sites\/2\/2023\/12\/Asset-9-1.svg\" alt=\"Icon of image file\" height=\"32\" loading=\"lazy\">\n                                            <span>.jpg<\/span>\n                                        <\/a>\n                                                                    <\/div>\n\n                            <\/div>\n                        <\/div>\n\n                    \n                        <div class=\"col-12 col-lg-6 col-xl-4 listing-col show-on-click\">\n                            <div class=\"file-card\">\n                                <p class=\"col\"><b>Att 3 4 demont\u0113jamie vad\u012bbas skapji<\/b><\/p>\n                                <div class=\"file-links\">\n                                                                                                                    <a href=\"https:\/\/grenweb01.blob.core.windows.net\/gren-web-prod\/sites\/2\/2025\/05\/Att-3-4-demontejamie-vadibas-skapji.jpg\" target=\"_blank\">\n                                            <img decoding=\"async\" src=\"https:\/\/grenweb01.blob.core.windows.net\/gren-web-prod\/sites\/2\/2023\/12\/Asset-9-1.svg\" alt=\"Icon of image file\" height=\"32\" loading=\"lazy\">\n                                            <span>.jpg<\/span>\n                                        <\/a>\n                                                                    <\/div>\n\n                            <\/div>\n                        <\/div>\n\n                    \n                        <div class=\"col-12 col-lg-6 col-xl-4 listing-col show-on-click\">\n                            <div class=\"file-card\">\n                                <p class=\"col\"><b>Att 4 s\u016bk\u0146u mezgls<\/b><\/p>\n                                <div class=\"file-links\">\n                                                                                                                    <a href=\"https:\/\/grenweb01.blob.core.windows.net\/gren-web-prod\/sites\/2\/2025\/05\/Att-4-suknu-mezgls.jpg\" target=\"_blank\">\n                                            <img decoding=\"async\" src=\"https:\/\/grenweb01.blob.core.windows.net\/gren-web-prod\/sites\/2\/2023\/12\/Asset-9-1.svg\" alt=\"Icon of image file\" height=\"32\" loading=\"lazy\">\n                                            <span>.jpg<\/span>\n                                        <\/a>\n                                                                    <\/div>\n\n                            <\/div>\n                        <\/div>\n\n                    \n                        <div class=\"col-12 col-lg-6 col-xl-4 listing-col show-on-click\">\n                            <div class=\"file-card\">\n                                <p class=\"col\"><b>Att 5 \u0161\u0137eldas noliktava<\/b><\/p>\n                                <div class=\"file-links\">\n                                                                                                                    <a href=\"https:\/\/grenweb01.blob.core.windows.net\/gren-web-prod\/sites\/2\/2025\/05\/Att-5-skeldas-noliktava.jpg\" target=\"_blank\">\n                                            <img decoding=\"async\" src=\"https:\/\/grenweb01.blob.core.windows.net\/gren-web-prod\/sites\/2\/2023\/12\/Asset-9-1.svg\" alt=\"Icon of image file\" height=\"32\" loading=\"lazy\">\n                                            <span>.jpg<\/span>\n                                        <\/a>\n                                                                    <\/div>\n\n                            <\/div>\n                        <\/div>\n\n                    \n                        <div class=\"col-12 col-lg-6 col-xl-4 listing-col show-on-click\">\n                            <div class=\"file-card\">\n                                <p class=\"col\"><b>Att 6 saglab\u0101jam\u0101s iek\u0101rtas<\/b><\/p>\n                                <div class=\"file-links\">\n                                                                                                                    <a href=\"https:\/\/grenweb01.blob.core.windows.net\/gren-web-prod\/sites\/2\/2025\/05\/Att-6-saglabajamas-iekartas.jpg\" target=\"_blank\">\n                                            <img decoding=\"async\" src=\"https:\/\/grenweb01.blob.core.windows.net\/gren-web-prod\/sites\/2\/2023\/12\/Asset-9-1.svg\" alt=\"Icon of image file\" height=\"32\" loading=\"lazy\">\n                                            <span>.jpg<\/span>\n                                        <\/a>\n                                                                    <\/div>\n\n                            <\/div>\n                        <\/div>\n\n                    \n                        <div class=\"col-12 col-lg-6 col-xl-4 listing-col show-on-click\">\n                            <div class=\"file-card\">\n                                <p class=\"col\"><b>Att 7 saglab\u0101jam\u0101s iekartas<\/b><\/p>\n                                <div class=\"file-links\">\n                                                                                                                    <a href=\"https:\/\/grenweb01.blob.core.windows.net\/gren-web-prod\/sites\/2\/2025\/05\/Att-7-saglabajamas-iekartas.jpg\" target=\"_blank\">\n                                            <img decoding=\"async\" src=\"https:\/\/grenweb01.blob.core.windows.net\/gren-web-prod\/sites\/2\/2023\/12\/Asset-9-1.svg\" alt=\"Icon of image file\" height=\"32\" loading=\"lazy\">\n                                            <span>.jpg<\/span>\n                                        <\/a>\n                                                                    <\/div>\n\n                            <\/div>\n                        <\/div>\n\n                    \n                        <div class=\"col-12 col-lg-6 col-xl-4 listing-col show-on-click\">\n                            <div class=\"file-card\">\n                                <p class=\"col\"><b>Att 8 iek\u0101rtas kas j\u0101p\u0101rvieto<\/b><\/p>\n                                <div class=\"file-links\">\n                                                                                                                    <a href=\"https:\/\/grenweb01.blob.core.windows.net\/gren-web-prod\/sites\/2\/2025\/05\/Att-8-iekartas-kas-japarvieto.jpg\" target=\"_blank\">\n                                            <img decoding=\"async\" src=\"https:\/\/grenweb01.blob.core.windows.net\/gren-web-prod\/sites\/2\/2023\/12\/Asset-9-1.svg\" alt=\"Icon of image file\" height=\"32\" loading=\"lazy\">\n                                            <span>.jpg<\/span>\n                                        <\/a>\n                                                                    <\/div>\n\n                            <\/div>\n                        <\/div>\n\n                    \n                        <div class=\"col-12 col-lg-6 col-xl-4 listing-col show-on-click\">\n                            <div class=\"file-card\">\n                                <p class=\"col\"><b>Att 8 1 iek\u0101rtas, kas j\u0101p\u0101rvieto<\/b><\/p>\n                                <div class=\"file-links\">\n                                                                                                                    <a href=\"https:\/\/grenweb01.blob.core.windows.net\/gren-web-prod\/sites\/2\/2025\/05\/Att-8-1-iekartas-kas-japarvieto.jpg\" target=\"_blank\">\n                                            <img decoding=\"async\" src=\"https:\/\/grenweb01.blob.core.windows.net\/gren-web-prod\/sites\/2\/2023\/12\/Asset-9-1.svg\" alt=\"Icon of image file\" height=\"32\" loading=\"lazy\">\n                                            <span>.jpg<\/span>\n                                        <\/a>\n                                                                    <\/div>\n\n                            <\/div>\n                        <\/div>\n\n                    \n                        <div class=\"col-12 col-lg-6 col-xl-4 listing-col show-on-click\">\n                            <div class=\"file-card\">\n                                <p class=\"col\"><b>Att 9 Piesl\u0113guma vietas inznierkomunikacijam<\/b><\/p>\n                                <div class=\"file-links\">\n                                                                                                                    <a href=\"https:\/\/grenweb01.blob.core.windows.net\/gren-web-prod\/sites\/2\/2025\/05\/Att-9-Piesleguma-vietas-inznierkomunikacijam.png\" target=\"_blank\">\n                                            <img decoding=\"async\" src=\"https:\/\/grenweb01.blob.core.windows.net\/gren-web-prod\/sites\/2\/2023\/12\/Asset-9-1.svg\" alt=\"Icon of image file\" height=\"32\" loading=\"lazy\">\n                                            <span>.png<\/span>\n                                        <\/a>\n                                                                    <\/div>\n\n                            <\/div>\n                        <\/div>\n\n                    \n                \n            <\/div>\n\n                            <div class=\"btn-container d-lg-none\">\n                    <button class=\"btn btn-secondary-outline\">\n                        Skat\u012bt foto                    <\/button>\n                <\/div>\n            \n        <\/div>\n\t<\/div>\n<\/section>\n","protected":false},"excerpt":{"rendered":"","protected":false},"author":6,"featured_media":0,"parent":0,"menu_order":0,"comment_status":"closed","ping_status":"closed","template":"","meta":{"_acf_changed":false,"footnotes":""},"class_list":["post-17110","page","type-page","status-publish","hentry"],"acf":[],"yoast_head":"<!-- This site is optimized with the Yoast SEO plugin v26.8 - https:\/\/yoast.com\/product\/yoast-seo-wordpress\/ -->\n<title>Gulbenes foto 2025 - Gren Latvija<\/title>\n<meta name=\"description\" content=\"Fotogr\u0101fijas Gulbenes iepirkumam\" \/>\n<meta name=\"robots\" content=\"index, follow, max-snippet:-1, max-image-preview:large, max-video-preview:-1\" \/>\n<link rel=\"canonical\" href=\"https:\/\/gren.com\/lv\/gulbenes-foto-2025\/\" \/>\n<meta property=\"og:locale\" content=\"en_US\" \/>\n<meta property=\"og:type\" content=\"article\" \/>\n<meta property=\"og:title\" content=\"Gulbenes foto 2025 - Gren Latvija\" \/>\n<meta property=\"og:description\" content=\"Fotogr\u0101fijas Gulbenes iepirkumam\" \/>\n<meta property=\"og:url\" content=\"https:\/\/gren.com\/lv\/gulbenes-foto-2025\/\" \/>\n<meta property=\"og:site_name\" content=\"Gren Latvija\" \/>\n<meta property=\"article:modified_time\" content=\"2025-07-24T10:45:06+00:00\" \/>\n<meta name=\"twitter:card\" content=\"summary_large_image\" \/>\n<meta name=\"twitter:label1\" content=\"Est. reading time\" \/>\n\t<meta name=\"twitter:data1\" content=\"4 minutes\" \/>\n<script type=\"application\/ld+json\" class=\"yoast-schema-graph\">{\"@context\":\"https:\/\/schema.org\",\"@graph\":[{\"@type\":\"WebPage\",\"@id\":\"https:\/\/gren.com\/lv\/gulbenes-foto-2025\/\",\"url\":\"https:\/\/gren.com\/lv\/gulbenes-foto-2025\/\",\"name\":\"Gulbenes foto 2025 - Gren Latvija\",\"isPartOf\":{\"@id\":\"https:\/\/gren.com\/lv\/#website\"},\"datePublished\":\"2025-05-20T07:39:06+00:00\",\"dateModified\":\"2025-07-24T10:45:06+00:00\",\"description\":\"Fotogr\u0101fijas Gulbenes iepirkumam\",\"breadcrumb\":{\"@id\":\"https:\/\/gren.com\/lv\/gulbenes-foto-2025\/#breadcrumb\"},\"inLanguage\":\"en-US\",\"potentialAction\":[{\"@type\":\"ReadAction\",\"target\":[\"https:\/\/gren.com\/lv\/gulbenes-foto-2025\/\"]}]},{\"@type\":\"BreadcrumbList\",\"@id\":\"https:\/\/gren.com\/lv\/gulbenes-foto-2025\/#breadcrumb\",\"itemListElement\":[{\"@type\":\"ListItem\",\"position\":1,\"name\":\"Home\",\"item\":\"https:\/\/gren.com\/lv\/\"},{\"@type\":\"ListItem\",\"position\":2,\"name\":\"Gulbenes foto 2025\"}]},{\"@type\":\"WebSite\",\"@id\":\"https:\/\/gren.com\/lv\/#website\",\"url\":\"https:\/\/gren.com\/lv\/\",\"name\":\"Gren Latvija\",\"description\":\"N\u0101kotnes ener\u0123ija top \u0161odien\",\"potentialAction\":[{\"@type\":\"SearchAction\",\"target\":{\"@type\":\"EntryPoint\",\"urlTemplate\":\"https:\/\/gren.com\/lv\/?s={search_term_string}\"},\"query-input\":{\"@type\":\"PropertyValueSpecification\",\"valueRequired\":true,\"valueName\":\"search_term_string\"}}],\"inLanguage\":\"en-US\"}]}<\/script>\n<!-- \/ Yoast SEO plugin. -->","yoast_head_json":{"title":"Gulbenes foto 2025 - Gren Latvija","description":"Fotogr\u0101fijas Gulbenes iepirkumam","robots":{"index":"index","follow":"follow","max-snippet":"max-snippet:-1","max-image-preview":"max-image-preview:large","max-video-preview":"max-video-preview:-1"},"canonical":"https:\/\/gren.com\/lv\/gulbenes-foto-2025\/","og_locale":"en_US","og_type":"article","og_title":"Gulbenes foto 2025 - Gren Latvija","og_description":"Fotogr\u0101fijas Gulbenes iepirkumam","og_url":"https:\/\/gren.com\/lv\/gulbenes-foto-2025\/","og_site_name":"Gren Latvija","article_modified_time":"2025-07-24T10:45:06+00:00","twitter_card":"summary_large_image","twitter_misc":{"Est. reading time":"4 minutes"},"schema":{"@context":"https:\/\/schema.org","@graph":[{"@type":"WebPage","@id":"https:\/\/gren.com\/lv\/gulbenes-foto-2025\/","url":"https:\/\/gren.com\/lv\/gulbenes-foto-2025\/","name":"Gulbenes foto 2025 - Gren Latvija","isPartOf":{"@id":"https:\/\/gren.com\/lv\/#website"},"datePublished":"2025-05-20T07:39:06+00:00","dateModified":"2025-07-24T10:45:06+00:00","description":"Fotogr\u0101fijas Gulbenes iepirkumam","breadcrumb":{"@id":"https:\/\/gren.com\/lv\/gulbenes-foto-2025\/#breadcrumb"},"inLanguage":"en-US","potentialAction":[{"@type":"ReadAction","target":["https:\/\/gren.com\/lv\/gulbenes-foto-2025\/"]}]},{"@type":"BreadcrumbList","@id":"https:\/\/gren.com\/lv\/gulbenes-foto-2025\/#breadcrumb","itemListElement":[{"@type":"ListItem","position":1,"name":"Home","item":"https:\/\/gren.com\/lv\/"},{"@type":"ListItem","position":2,"name":"Gulbenes foto 2025"}]},{"@type":"WebSite","@id":"https:\/\/gren.com\/lv\/#website","url":"https:\/\/gren.com\/lv\/","name":"Gren Latvija","description":"N\u0101kotnes ener\u0123ija top \u0161odien","potentialAction":[{"@type":"SearchAction","target":{"@type":"EntryPoint","urlTemplate":"https:\/\/gren.com\/lv\/?s={search_term_string}"},"query-input":{"@type":"PropertyValueSpecification","valueRequired":true,"valueName":"search_term_string"}}],"inLanguage":"en-US"}]}},"_links":{"self":[{"href":"https:\/\/gren.com\/lv\/wp-json\/wp\/v2\/pages\/17110","targetHints":{"allow":["GET"]}}],"collection":[{"href":"https:\/\/gren.com\/lv\/wp-json\/wp\/v2\/pages"}],"about":[{"href":"https:\/\/gren.com\/lv\/wp-json\/wp\/v2\/types\/page"}],"author":[{"embeddable":true,"href":"https:\/\/gren.com\/lv\/wp-json\/wp\/v2\/users\/6"}],"replies":[{"embeddable":true,"href":"https:\/\/gren.com\/lv\/wp-json\/wp\/v2\/comments?post=17110"}],"version-history":[{"count":22,"href":"https:\/\/gren.com\/lv\/wp-json\/wp\/v2\/pages\/17110\/revisions"}],"predecessor-version":[{"id":17504,"href":"https:\/\/gren.com\/lv\/wp-json\/wp\/v2\/pages\/17110\/revisions\/17504"}],"wp:attachment":[{"href":"https:\/\/gren.com\/lv\/wp-json\/wp\/v2\/media?parent=17110"}],"curies":[{"name":"wp","href":"https:\/\/api.w.org\/{rel}","templated":true}]}}